{"id":12115,"date":"2024-12-27T19:46:11","date_gmt":"2024-12-27T17:46:11","guid":{"rendered":"https:\/\/idakorea.ee\/?post_type=product&#038;p=12115"},"modified":"2026-01-30T15:22:01","modified_gmt":"2026-01-30T13:22:01","slug":"naopuhastusvaht-o-hui-miracle-moisture-cleansing-foam-40ml","status":"publish","type":"product","link":"https:\/\/idakorea.ee\/fi\/product\/naopuhastusvaht-o-hui-miracle-moisture-cleansing-foam-40ml\/","title":{"rendered":"Kasvojen puhdistusvaahto O HUI Miracle Moisture Cleansing Foam, 40ml"},"content":{"rendered":"<p><strong>O HUI Miracle Moisture -puhdistusvaahto <\/strong>on ylellinen puhdistusvaahto, joka varmistaa ihon pehme\u00e4n ja hell\u00e4varaisen puhdistuksen. Hypoallergeeninen koostumus sopii my\u00f6s herk\u00e4lle iholle, ei aiheuta kutinaa tai kirist\u00e4v\u00e4\u00e4 tunnetta, ja erityinen patentoitu kompleksi auttaa s\u00e4ilytt\u00e4m\u00e4\u00e4n kosteuden epidermiksen soluissa ja suojaa kuivumiselta.<\/p>\n<p><strong>Ainutlaatuiset sifonkikeramidit\u2122<\/strong> Kolmea erityyppist\u00e4 keramidia sis\u00e4lt\u00e4v\u00e4 koostumus muodostaa ihon pinnalle suojakerroksen, joka suojaa sit\u00e4 kosteuden menetykselt\u00e4 ja yll\u00e4pit\u00e4\u00e4 optimaalisen kosteustason. Palauttaa lipidikerroksen, torjuu tehokkaasti kuivuutta ja hilseily\u00e4. Stimuloi uudistumisprosesseja ja neutraloi ymp\u00e4rist\u00f6tekij\u00f6iden aggressiivisia vaikutuksia.<\/p>\n<p>&nbsp;<\/p>\n<p><strong>T\u00e4rkeimm\u00e4t vaikuttavat aineet:<\/strong><\/p>\n<p><strong>Macadamia\u00f6ljy<\/strong> \u2014 pehment\u00e4\u00e4 ja ravitsee, imeytyy v\u00e4litt\u00f6m\u00e4sti ja levittyy helposti iholle. Palauttaa ihoa, omaa antioksidanttisia ominaisuuksia. <strong>Oliivi\u00f6ljy<\/strong> \u2014 uudistaa ihoa, silottaa ryppyj\u00e4 ja ehk\u00e4isee niiden muodostumista. <strong>Tokoferoli (E-vitamiini)<\/strong> \u2014 silottaa ryppyj\u00e4 ja kiinteytt\u00e4\u00e4, nopeuttaa paranemista, poistaa hilseily\u00e4, normalisoi rasvatasapainoa. <strong>Iltahelokki\u00f6ljy<\/strong> \u2014 rikastuttaa vitamiineilla, aminohapoilla ja mineraaleilla. Antioksidanttisia vaikutuksia, korjaa, stimuloi solujen uusiutumista ja uudistumista. <strong>Laventeli\u00f6ljy<\/strong> \u2014 sill\u00e4 on antiseptisi\u00e4 ja parantavia ominaisuuksia, rauhoittaa ihoa, auttaa torjumaan tulehdusta ja hilseily\u00e4.<\/p>\n<p>&nbsp;<\/p>\n<p>Sopii kaikille ihotyypeille.<\/p>\n<p><strong>K\u00e4ytt\u00f6: <\/strong>Sekoita pieni m\u00e4\u00e4r\u00e4 tuotetta veteen ja vaahdota. Levit\u00e4 vaahto iholle hell\u00e4varaisesti hierovin liikkein, hiero ja huuhtele l\u00e4mpim\u00e4ll\u00e4 vedell\u00e4.<\/p>","protected":false},"excerpt":{"rendered":"<p>O HUI Miracle Moisture Cleansing Foam on ylellinen puhdistusvaahto, joka tarjoaa pehme\u00e4n ja hell\u00e4varaisen puhdistuksen. Hypoallergeeninen koostumus sopii herk\u00e4lle iholle, se ei aiheuta kutinaa tai kiristyst\u00e4 ja erityinen patentoitu kompleksi auttaa s\u00e4ilytt\u00e4m\u00e4\u00e4n kosteuden ihosoluissa ja suojaa kuivumiselta. Ainutlaatuinen Chiffon ceramides\u2122 -formulaatio, joka sis\u00e4lt\u00e4\u00e4 3 erilaista keramidia, muodostaa ihon pinnalle suojan, joka suojaa...<\/p>","protected":false},"featured_media":12116,"comment_status":"open","ping_status":"closed","template":"","meta":{"_uf_show_specific_survey":0,"_uf_disable_surveys":false,"_bst_post_transparent":"default","_bst_post_title":"","_bst_post_layout":"default","_bst_post_sidebar_id":"","_bst_post_content_style":"default","_bst_post_vertical_padding":"default","_bst_post_feature":"","_bst_post_feature_position":"","_bst_post_header":false,"_bst_post_footer":false},"pwb-brand":[110],"product_brand":[],"product_cat":[92,452],"product_tag":[],"class_list":{"0":"post-12115","1":"product","2":"type-product","3":"status-publish","4":"has-post-thumbnail","6":"pwb-brand-o-hui","7":"product_cat-nagu","8":"product_cat-naopuhastusgeelid","10":"first","11":"outofstock","12":"sale","13":"shipping-taxable","14":"purchasable","15":"product-type-simple","16":"entry","17":"content-bg","18":"loop-entry"},"supplier_id":null,"supplier_sku":"","barcode":null,"atum_controlled":true,"out_stock_date":null,"out_stock_threshold":null,"inheritable":false,"inbound_stock":0,"stock_on_hold":0,"sold_today":0,"sales_last_days":0,"out_stock_days":0,"lost_sales":0,"has_location":false,"update_date":"2026-04-14T00:05:03","atum_locations":[],"atum_stock_status":"outofstock","restock_status":false,"low_stock_amount":"","sales_update_date":"2026-04-14T00:05:03","calc_backorders":null,"yoast_head":"<!-- This site is optimized with the Yoast SEO plugin v27.2 - https:\/\/yoast.com\/product\/yoast-seo-wordpress\/ -->\n<title>N\u00e4opuhastusvaht O HUI Miracle Moisture Cleansing Foam, 40ml - IDA.KOREA<\/title>\n<meta name=\"robots\" content=\"index, follow, max-snippet:-1, max-image-preview:large, max-video-preview:-1\" \/>\n<link rel=\"canonical\" href=\"https:\/\/idakorea.ee\/fi\/product\/naopuhastusvaht-o-hui-miracle-moisture-cleansing-foam-40ml\/\" \/>\n<meta property=\"og:locale\" content=\"fi_FI\" \/>\n<meta property=\"og:type\" content=\"article\" \/>\n<meta property=\"og:title\" content=\"N\u00e4opuhastusvaht O HUI Miracle Moisture Cleansing Foam, 40ml - IDA.KOREA\" \/>\n<meta property=\"og:description\" content=\"O HUI Miracle Moisture Cleansing Foam on luksuslik puhastusvaht, mis tagab naha pehme ja \u00f5rna puhastuse. H\u00fcpoallergeenne koostis sobib ka tundlikule nahale, ei p\u00f5hjusta s\u00fcgelust ega pingulolekut ning spetsiaalne patenteeritud kompleks aitab s\u00e4ilitada niiskust epidermise rakkudes ja kaitseb deh\u00fcdratsiooni eest. Unikaalne Chiffon ceramides\u2122 valem, mis sisaldab 3 t\u00fc\u00fcpi tseramiide, moodustab naha pinnale barj\u00e4\u00e4ri, mis kaitseb...\" \/>\n<meta property=\"og:url\" content=\"https:\/\/idakorea.ee\/fi\/product\/naopuhastusvaht-o-hui-miracle-moisture-cleansing-foam-40ml\/\" \/>\n<meta property=\"og:site_name\" content=\"IDA.KOREA\" \/>\n<meta property=\"article:modified_time\" content=\"2026-01-30T13:22:01+00:00\" \/>\n<meta property=\"og:image\" content=\"https:\/\/idakorea.ee\/wp-content\/uploads\/2024\/12\/ohui-0e2667065.jpg\" \/>\n\t<meta property=\"og:image:width\" content=\"480\" \/>\n\t<meta property=\"og:image:height\" content=\"480\" \/>\n\t<meta property=\"og:image:type\" content=\"image\/jpeg\" \/>\n<meta name=\"twitter:card\" content=\"summary_large_image\" \/>\n<meta name=\"twitter:label1\" content=\"Arvioitu lukuaika\" \/>\n\t<meta name=\"twitter:data1\" content=\"2 minuuttia\" \/>\n<script type=\"application\/ld+json\" class=\"yoast-schema-graph\">{\"@context\":\"https:\/\/schema.org\",\"@graph\":[{\"@type\":\"WebPage\",\"@id\":\"https:\/\/idakorea.ee\/product\/naopuhastusvaht-o-hui-miracle-moisture-cleansing-foam-40ml\/\",\"url\":\"https:\/\/idakorea.ee\/product\/naopuhastusvaht-o-hui-miracle-moisture-cleansing-foam-40ml\/\",\"name\":\"N\u00e4opuhastusvaht O HUI Miracle Moisture Cleansing Foam, 40ml - IDA.KOREA\",\"isPartOf\":{\"@id\":\"https:\/\/idakorea.ee\/#website\"},\"primaryImageOfPage\":{\"@id\":\"https:\/\/idakorea.ee\/product\/naopuhastusvaht-o-hui-miracle-moisture-cleansing-foam-40ml\/#primaryimage\"},\"image\":{\"@id\":\"https:\/\/idakorea.ee\/product\/naopuhastusvaht-o-hui-miracle-moisture-cleansing-foam-40ml\/#primaryimage\"},\"thumbnailUrl\":\"https:\/\/idakorea.ee\/wp-content\/uploads\/2024\/12\/ohui-0e2667065.jpg\",\"datePublished\":\"2024-12-27T17:46:11+00:00\",\"dateModified\":\"2026-01-30T13:22:01+00:00\",\"breadcrumb\":{\"@id\":\"https:\/\/idakorea.ee\/product\/naopuhastusvaht-o-hui-miracle-moisture-cleansing-foam-40ml\/#breadcrumb\"},\"inLanguage\":\"fi\",\"potentialAction\":[{\"@type\":\"ReadAction\",\"target\":[\"https:\/\/idakorea.ee\/product\/naopuhastusvaht-o-hui-miracle-moisture-cleansing-foam-40ml\/\"]}]},{\"@type\":\"ImageObject\",\"inLanguage\":\"fi\",\"@id\":\"https:\/\/idakorea.ee\/product\/naopuhastusvaht-o-hui-miracle-moisture-cleansing-foam-40ml\/#primaryimage\",\"url\":\"https:\/\/idakorea.ee\/wp-content\/uploads\/2024\/12\/ohui-0e2667065.jpg\",\"contentUrl\":\"https:\/\/idakorea.ee\/wp-content\/uploads\/2024\/12\/ohui-0e2667065.jpg\",\"width\":480,\"height\":480},{\"@type\":\"BreadcrumbList\",\"@id\":\"https:\/\/idakorea.ee\/product\/naopuhastusvaht-o-hui-miracle-moisture-cleansing-foam-40ml\/#breadcrumb\",\"itemListElement\":[{\"@type\":\"ListItem\",\"position\":1,\"name\":\"\u0413\u043b\u0430\u0432\u043d\u0430\u044f \u0441\u0442\u0440\u0430\u043d\u0438\u0446\u0430\",\"item\":\"https:\/\/idakorea.ee\/\"},{\"@type\":\"ListItem\",\"position\":2,\"name\":\"Shop\",\"item\":\"https:\/\/idakorea.ee\/shop-2\/\"},{\"@type\":\"ListItem\",\"position\":3,\"name\":\"N\u00e4opuhastusvaht O HUI Miracle Moisture Cleansing Foam, 40ml\"}]},{\"@type\":\"WebSite\",\"@id\":\"https:\/\/idakorea.ee\/#website\",\"url\":\"https:\/\/idakorea.ee\/\",\"name\":\"IDA.KOREA\",\"description\":\"Korea kosmeetika e-pood\",\"publisher\":{\"@id\":\"https:\/\/idakorea.ee\/#organization\"},\"alternateName\":\"Beauty Shop\",\"potentialAction\":[{\"@type\":\"SearchAction\",\"target\":{\"@type\":\"EntryPoint\",\"urlTemplate\":\"https:\/\/idakorea.ee\/?s={search_term_string}\"},\"query-input\":{\"@type\":\"PropertyValueSpecification\",\"valueRequired\":true,\"valueName\":\"search_term_string\"}}],\"inLanguage\":\"fi\"},{\"@type\":\"Organization\",\"@id\":\"https:\/\/idakorea.ee\/#organization\",\"name\":\"IDA.KOREA\",\"url\":\"https:\/\/idakorea.ee\/\",\"logo\":{\"@type\":\"ImageObject\",\"inLanguage\":\"fi\",\"@id\":\"https:\/\/idakorea.ee\/#\/schema\/logo\/image\/\",\"url\":\"https:\/\/idakorea.ee\/wp-content\/uploads\/2024\/05\/cropped-korea3.png\",\"contentUrl\":\"https:\/\/idakorea.ee\/wp-content\/uploads\/2024\/05\/cropped-korea3.png\",\"width\":688,\"height\":126,\"caption\":\"IDA.KOREA\"},\"image\":{\"@id\":\"https:\/\/idakorea.ee\/#\/schema\/logo\/image\/\"},\"sameAs\":[\"https:\/\/www.instagram.com\/ida.korea\/\"]}]}<\/script>\n<!-- \/ Yoast SEO plugin. -->","yoast_head_json":{"title":"O HUI Miracle Moisture Cleansing Foam -puhdistusvaahto, 40 ml - IDA.KOREA","robots":{"index":"index","follow":"follow","max-snippet":"max-snippet:-1","max-image-preview":"max-image-preview:large","max-video-preview":"max-video-preview:-1"},"canonical":"https:\/\/idakorea.ee\/fi\/product\/naopuhastusvaht-o-hui-miracle-moisture-cleansing-foam-40ml\/","og_locale":"fi_FI","og_type":"article","og_title":"N\u00e4opuhastusvaht O HUI Miracle Moisture Cleansing Foam, 40ml - IDA.KOREA","og_description":"O HUI Miracle Moisture Cleansing Foam on luksuslik puhastusvaht, mis tagab naha pehme ja \u00f5rna puhastuse. H\u00fcpoallergeenne koostis sobib ka tundlikule nahale, ei p\u00f5hjusta s\u00fcgelust ega pingulolekut ning spetsiaalne patenteeritud kompleks aitab s\u00e4ilitada niiskust epidermise rakkudes ja kaitseb deh\u00fcdratsiooni eest. Unikaalne Chiffon ceramides\u2122 valem, mis sisaldab 3 t\u00fc\u00fcpi tseramiide, moodustab naha pinnale barj\u00e4\u00e4ri, mis kaitseb...","og_url":"https:\/\/idakorea.ee\/fi\/product\/naopuhastusvaht-o-hui-miracle-moisture-cleansing-foam-40ml\/","og_site_name":"IDA.KOREA","article_modified_time":"2026-01-30T13:22:01+00:00","og_image":[{"width":480,"height":480,"url":"https:\/\/idakorea.ee\/wp-content\/uploads\/2024\/12\/ohui-0e2667065.jpg","type":"image\/jpeg"}],"twitter_card":"summary_large_image","twitter_misc":{"Arvioitu lukuaika":"2 minuuttia"},"schema":{"@context":"https:\/\/schema.org","@graph":[{"@type":"WebPage","@id":"https:\/\/idakorea.ee\/product\/naopuhastusvaht-o-hui-miracle-moisture-cleansing-foam-40ml\/","url":"https:\/\/idakorea.ee\/product\/naopuhastusvaht-o-hui-miracle-moisture-cleansing-foam-40ml\/","name":"O HUI Miracle Moisture Cleansing Foam -puhdistusvaahto, 40 ml - IDA.KOREA","isPartOf":{"@id":"https:\/\/idakorea.ee\/#website"},"primaryImageOfPage":{"@id":"https:\/\/idakorea.ee\/product\/naopuhastusvaht-o-hui-miracle-moisture-cleansing-foam-40ml\/#primaryimage"},"image":{"@id":"https:\/\/idakorea.ee\/product\/naopuhastusvaht-o-hui-miracle-moisture-cleansing-foam-40ml\/#primaryimage"},"thumbnailUrl":"https:\/\/idakorea.ee\/wp-content\/uploads\/2024\/12\/ohui-0e2667065.jpg","datePublished":"2024-12-27T17:46:11+00:00","dateModified":"2026-01-30T13:22:01+00:00","breadcrumb":{"@id":"https:\/\/idakorea.ee\/product\/naopuhastusvaht-o-hui-miracle-moisture-cleansing-foam-40ml\/#breadcrumb"},"inLanguage":"fi","potentialAction":[{"@type":"ReadAction","target":["https:\/\/idakorea.ee\/product\/naopuhastusvaht-o-hui-miracle-moisture-cleansing-foam-40ml\/"]}]},{"@type":"ImageObject","inLanguage":"fi","@id":"https:\/\/idakorea.ee\/product\/naopuhastusvaht-o-hui-miracle-moisture-cleansing-foam-40ml\/#primaryimage","url":"https:\/\/idakorea.ee\/wp-content\/uploads\/2024\/12\/ohui-0e2667065.jpg","contentUrl":"https:\/\/idakorea.ee\/wp-content\/uploads\/2024\/12\/ohui-0e2667065.jpg","width":480,"height":480},{"@type":"BreadcrumbList","@id":"https:\/\/idakorea.ee\/product\/naopuhastusvaht-o-hui-miracle-moisture-cleansing-foam-40ml\/#breadcrumb","itemListElement":[{"@type":"ListItem","position":1,"name":"\u0413\u043b\u0430\u0432\u043d\u0430\u044f \u0441\u0442\u0440\u0430\u043d\u0438\u0446\u0430","item":"https:\/\/idakorea.ee\/"},{"@type":"ListItem","position":2,"name":"Shop","item":"https:\/\/idakorea.ee\/shop-2\/"},{"@type":"ListItem","position":3,"name":"N\u00e4opuhastusvaht O HUI Miracle Moisture Cleansing Foam, 40ml"}]},{"@type":"WebSite","@id":"https:\/\/idakorea.ee\/#website","url":"https:\/\/idakorea.ee\/","name":"IDA.KOREA","description":"Korean kosmetiikan verkkokauppa","publisher":{"@id":"https:\/\/idakorea.ee\/#organization"},"alternateName":"Beauty Shop","potentialAction":[{"@type":"SearchAction","target":{"@type":"EntryPoint","urlTemplate":"https:\/\/idakorea.ee\/?s={search_term_string}"},"query-input":{"@type":"PropertyValueSpecification","valueRequired":true,"valueName":"search_term_string"}}],"inLanguage":"fi"},{"@type":"Organization","@id":"https:\/\/idakorea.ee\/#organization","name":"IDA.KOREA","url":"https:\/\/idakorea.ee\/","logo":{"@type":"ImageObject","inLanguage":"fi","@id":"https:\/\/idakorea.ee\/#\/schema\/logo\/image\/","url":"https:\/\/idakorea.ee\/wp-content\/uploads\/2024\/05\/cropped-korea3.png","contentUrl":"https:\/\/idakorea.ee\/wp-content\/uploads\/2024\/05\/cropped-korea3.png","width":688,"height":126,"caption":"IDA.KOREA"},"image":{"@id":"https:\/\/idakorea.ee\/#\/schema\/logo\/image\/"},"sameAs":["https:\/\/www.instagram.com\/ida.korea\/"]}]}},"jetpack_sharing_enabled":true,"brands":[{"id":110,"name":"O HUI","slug":"o-hui"}],"_links":{"self":[{"href":"https:\/\/idakorea.ee\/fi\/wp-json\/wp\/v2\/product\/12115","targetHints":{"allow":["GET"]}}],"collection":[{"href":"https:\/\/idakorea.ee\/fi\/wp-json\/wp\/v2\/product"}],"about":[{"href":"https:\/\/idakorea.ee\/fi\/wp-json\/wp\/v2\/types\/product"}],"replies":[{"embeddable":true,"href":"https:\/\/idakorea.ee\/fi\/wp-json\/wp\/v2\/comments?post=12115"}],"version-history":[{"count":1,"href":"https:\/\/idakorea.ee\/fi\/wp-json\/wp\/v2\/product\/12115\/revisions"}],"predecessor-version":[{"id":12117,"href":"https:\/\/idakorea.ee\/fi\/wp-json\/wp\/v2\/product\/12115\/revisions\/12117"}],"wp:featuredmedia":[{"embeddable":true,"href":"https:\/\/idakorea.ee\/fi\/wp-json\/wp\/v2\/media\/12116"}],"wp:attachment":[{"href":"https:\/\/idakorea.ee\/fi\/wp-json\/wp\/v2\/media?parent=12115"}],"wp:term":[{"taxonomy":"pwb-brand","embeddable":true,"href":"https:\/\/idakorea.ee\/fi\/wp-json\/wp\/v2\/pwb-brand?post=12115"},{"taxonomy":"product_brand","embeddable":true,"href":"https:\/\/idakorea.ee\/fi\/wp-json\/wp\/v2\/product_brand?post=12115"},{"taxonomy":"product_cat","embeddable":true,"href":"https:\/\/idakorea.ee\/fi\/wp-json\/wp\/v2\/product_cat?post=12115"},{"taxonomy":"product_tag","embeddable":true,"href":"https:\/\/idakorea.ee\/fi\/wp-json\/wp\/v2\/product_tag?post=12115"}],"curies":[{"name":"wp","href":"https:\/\/api.w.org\/{rel}","templated":true}]}}