{"id":12181,"date":"2025-01-04T07:53:04","date_gmt":"2025-01-04T05:53:04","guid":{"rendered":"https:\/\/idakorea.ee\/?post_type=product&#038;p=12181"},"modified":"2026-01-30T15:20:23","modified_gmt":"2026-01-30T13:20:23","slug":"taastva-kreem-dalba-white-truffle-moist-recovery-cream-60ml","status":"publish","type":"product","link":"https:\/\/idakorea.ee\/fi\/product\/taastva-kreem-dalba-white-truffle-moist-recovery-cream-60ml\/","title":{"rendered":"d&#039;Alba White Truffle Moist Recovery Cream, 60ml"},"content":{"rendered":"<p><strong>d&#039;Alba White Truffle Moist Recovery Cream<\/strong> \u2014 valkoista tryffeliuutetta ja kasviproteiinikompleksia sis\u00e4lt\u00e4v\u00e4 uudistava voide. Tuote auttaa parantamaan ihon kimmoisuutta, stimuloi kollageenisynteesi\u00e4 ja torjuu tehokkaasti ensimm\u00e4isi\u00e4 ik\u00e4\u00e4ntymisen merkkej\u00e4 v\u00e4hent\u00e4en ryppyjen syvyytt\u00e4 ja kiinteytt\u00e4en kasvonpiirteit\u00e4.<\/p>\n<p>Voide sopii ihanteellisesti kaikille ihotyypeille, erityisesti kuivalle, kosteusk\u00f6yh\u00e4lle ja ik\u00e4\u00e4ntyv\u00e4lle iholle. Se ravitsee syv\u00e4lt\u00e4, kosteuttaa tehokkaasti, tasoittaa ihon s\u00e4vy\u00e4, stimuloi uudistumista ja kiinteytt\u00e4\u00e4 ihoa tehden siit\u00e4 kiinte\u00e4n ja joustavan.<\/p>\n<p>&nbsp;<\/p>\n<p><strong>K\u00e4ytt\u00f6opas: <\/strong>Levit\u00e4 voidetta puhdistetulle iholle aamuin illoin. Levit\u00e4 tasaisesti kevyin hierontoliikkein, kunnes se on t\u00e4ysin imeytynyt.<\/p>","protected":false},"excerpt":{"rendered":"<p>d'Alba White Truffle Moist Recovery Cream - palautumisvoide, jossa on valkoisen tryffelin uutetta ja kasviproteiinikompleksia. Tuote auttaa parantamaan ihon kimmoisuutta, stimuloi kollageenisynteesi\u00e4 ja torjuu tehokkaasti ensimm\u00e4isi\u00e4 ik\u00e4\u00e4ntymisen merkkej\u00e4 v\u00e4hent\u00e4m\u00e4ll\u00e4 ryppyjen syvyytt\u00e4 ja kiinteytt\u00e4m\u00e4ll\u00e4 kasvojen \u00e4\u00e4riviivoja. Voide sopii kaikille ihotyypeille, erityisesti kuivalle, kuivuneelle ja kyps\u00e4lle iholle. Se tarjoaa syv\u00e4\u00e4 ravintoa, intensiivist\u00e4 kosteutusta, tasoittaa ihon s\u00e4vy\u00e4, stimuloi...<\/p>","protected":false},"featured_media":12183,"comment_status":"open","ping_status":"closed","template":"","meta":{"_uf_show_specific_survey":0,"_uf_disable_surveys":false,"_bst_post_transparent":"default","_bst_post_title":"","_bst_post_layout":"default","_bst_post_sidebar_id":"","_bst_post_content_style":"default","_bst_post_vertical_padding":"default","_bst_post_feature":"","_bst_post_feature_position":"","_bst_post_header":false,"_bst_post_footer":false},"pwb-brand":[105],"product_brand":[],"product_cat":[92,96],"product_tag":[127,771,772],"class_list":{"0":"post-12181","1":"product","2":"type-product","3":"status-publish","4":"has-post-thumbnail","6":"pwb-brand-dalba","7":"product_cat-nagu","8":"product_cat-naokreemid","9":"product_tag-dalba","10":"product_tag-recovery-cream","11":"product_tag-truffle","13":"first","14":"instock","15":"sale","16":"shipping-taxable","17":"purchasable","18":"product-type-simple","19":"entry","20":"content-bg","21":"loop-entry"},"supplier_id":null,"supplier_sku":"","barcode":null,"atum_controlled":true,"out_stock_date":null,"out_stock_threshold":null,"inheritable":false,"inbound_stock":0,"stock_on_hold":0,"sold_today":0,"sales_last_days":0,"out_stock_days":0,"lost_sales":0,"has_location":false,"update_date":"2026-04-14T00:05:04","atum_locations":[],"atum_stock_status":"instock","restock_status":false,"low_stock_amount":"","sales_update_date":"2026-04-14T00:05:04","calc_backorders":null,"yoast_head":"<!-- This site is optimized with the Yoast SEO plugin v27.2 - https:\/\/yoast.com\/product\/yoast-seo-wordpress\/ -->\n<title>d&#039;Alba White Truffle Moist Recovery Cream - IDA.KOREA<\/title>\n<meta name=\"description\" content=\"d&#039;Alba White Truffle Moist Recovery Cream \u2014 taastav kreem valge tr\u00fchvli ekstrakti ja taimsete valkude kompleksiga. Kiire tarne!\" \/>\n<meta name=\"robots\" content=\"index, follow, max-snippet:-1, max-image-preview:large, max-video-preview:-1\" \/>\n<link rel=\"canonical\" href=\"https:\/\/idakorea.ee\/fi\/product\/taastva-kreem-dalba-white-truffle-moist-recovery-cream-60ml\/\" \/>\n<meta property=\"og:locale\" content=\"fi_FI\" \/>\n<meta property=\"og:type\" content=\"article\" \/>\n<meta property=\"og:title\" content=\"d&#039;Alba White Truffle Moist Recovery Cream - IDA.KOREA\" \/>\n<meta property=\"og:description\" content=\"d&#039;Alba White Truffle Moist Recovery Cream \u2014 taastav kreem valge tr\u00fchvli ekstrakti ja taimsete valkude kompleksiga. Kiire tarne!\" \/>\n<meta property=\"og:url\" content=\"https:\/\/idakorea.ee\/fi\/product\/taastva-kreem-dalba-white-truffle-moist-recovery-cream-60ml\/\" \/>\n<meta property=\"og:site_name\" content=\"IDA.KOREA\" \/>\n<meta property=\"article:modified_time\" content=\"2026-01-30T13:20:23+00:00\" \/>\n<meta property=\"og:image\" content=\"https:\/\/idakorea.ee\/wp-content\/uploads\/2025\/01\/dalba_50008rec.png\" \/>\n\t<meta property=\"og:image:width\" content=\"540\" \/>\n\t<meta property=\"og:image:height\" content=\"541\" \/>\n\t<meta property=\"og:image:type\" content=\"image\/png\" \/>\n<meta name=\"twitter:card\" content=\"summary_large_image\" \/>\n<meta name=\"twitter:label1\" content=\"Arvioitu lukuaika\" \/>\n\t<meta name=\"twitter:data1\" content=\"1 minuutti\" \/>\n<script type=\"application\/ld+json\" class=\"yoast-schema-graph\">{\"@context\":\"https:\/\/schema.org\",\"@graph\":[{\"@type\":\"WebPage\",\"@id\":\"https:\/\/idakorea.ee\/product\/taastva-kreem-dalba-white-truffle-moist-recovery-cream-60ml\/\",\"url\":\"https:\/\/idakorea.ee\/product\/taastva-kreem-dalba-white-truffle-moist-recovery-cream-60ml\/\",\"name\":\"d'Alba White Truffle Moist Recovery Cream - IDA.KOREA\",\"isPartOf\":{\"@id\":\"https:\/\/idakorea.ee\/#website\"},\"primaryImageOfPage\":{\"@id\":\"https:\/\/idakorea.ee\/product\/taastva-kreem-dalba-white-truffle-moist-recovery-cream-60ml\/#primaryimage\"},\"image\":{\"@id\":\"https:\/\/idakorea.ee\/product\/taastva-kreem-dalba-white-truffle-moist-recovery-cream-60ml\/#primaryimage\"},\"thumbnailUrl\":\"https:\/\/idakorea.ee\/wp-content\/uploads\/2025\/01\/dalba_50008rec.png\",\"datePublished\":\"2025-01-04T05:53:04+00:00\",\"dateModified\":\"2026-01-30T13:20:23+00:00\",\"description\":\"d'Alba White Truffle Moist Recovery Cream \u2014 taastav kreem valge tr\u00fchvli ekstrakti ja taimsete valkude kompleksiga. Kiire tarne!\",\"breadcrumb\":{\"@id\":\"https:\/\/idakorea.ee\/product\/taastva-kreem-dalba-white-truffle-moist-recovery-cream-60ml\/#breadcrumb\"},\"inLanguage\":\"fi\",\"potentialAction\":[{\"@type\":\"ReadAction\",\"target\":[\"https:\/\/idakorea.ee\/product\/taastva-kreem-dalba-white-truffle-moist-recovery-cream-60ml\/\"]}]},{\"@type\":\"ImageObject\",\"inLanguage\":\"fi\",\"@id\":\"https:\/\/idakorea.ee\/product\/taastva-kreem-dalba-white-truffle-moist-recovery-cream-60ml\/#primaryimage\",\"url\":\"https:\/\/idakorea.ee\/wp-content\/uploads\/2025\/01\/dalba_50008rec.png\",\"contentUrl\":\"https:\/\/idakorea.ee\/wp-content\/uploads\/2025\/01\/dalba_50008rec.png\",\"width\":540,\"height\":541},{\"@type\":\"BreadcrumbList\",\"@id\":\"https:\/\/idakorea.ee\/product\/taastva-kreem-dalba-white-truffle-moist-recovery-cream-60ml\/#breadcrumb\",\"itemListElement\":[{\"@type\":\"ListItem\",\"position\":1,\"name\":\"\u0413\u043b\u0430\u0432\u043d\u0430\u044f \u0441\u0442\u0440\u0430\u043d\u0438\u0446\u0430\",\"item\":\"https:\/\/idakorea.ee\/\"},{\"@type\":\"ListItem\",\"position\":2,\"name\":\"Shop\",\"item\":\"https:\/\/idakorea.ee\/shop-2\/\"},{\"@type\":\"ListItem\",\"position\":3,\"name\":\"Taastav kreem d&#8217;Alba White Truffle Moist Recovery Cream, 60ml\"}]},{\"@type\":\"WebSite\",\"@id\":\"https:\/\/idakorea.ee\/#website\",\"url\":\"https:\/\/idakorea.ee\/\",\"name\":\"IDA.KOREA\",\"description\":\"Korea kosmeetika e-pood\",\"publisher\":{\"@id\":\"https:\/\/idakorea.ee\/#organization\"},\"alternateName\":\"Beauty Shop\",\"potentialAction\":[{\"@type\":\"SearchAction\",\"target\":{\"@type\":\"EntryPoint\",\"urlTemplate\":\"https:\/\/idakorea.ee\/?s={search_term_string}\"},\"query-input\":{\"@type\":\"PropertyValueSpecification\",\"valueRequired\":true,\"valueName\":\"search_term_string\"}}],\"inLanguage\":\"fi\"},{\"@type\":\"Organization\",\"@id\":\"https:\/\/idakorea.ee\/#organization\",\"name\":\"IDA.KOREA\",\"url\":\"https:\/\/idakorea.ee\/\",\"logo\":{\"@type\":\"ImageObject\",\"inLanguage\":\"fi\",\"@id\":\"https:\/\/idakorea.ee\/#\/schema\/logo\/image\/\",\"url\":\"https:\/\/idakorea.ee\/wp-content\/uploads\/2024\/05\/cropped-korea3.png\",\"contentUrl\":\"https:\/\/idakorea.ee\/wp-content\/uploads\/2024\/05\/cropped-korea3.png\",\"width\":688,\"height\":126,\"caption\":\"IDA.KOREA\"},\"image\":{\"@id\":\"https:\/\/idakorea.ee\/#\/schema\/logo\/image\/\"},\"sameAs\":[\"https:\/\/www.instagram.com\/ida.korea\/\"]}]}<\/script>\n<!-- \/ Yoast SEO plugin. -->","yoast_head_json":{"title":"d&#039;Alba White Truffle Moist Recovery Cream - IDA.KOREA","description":"d&#039;Alba White Truffle Moist Recovery Cream \u2014 palauttava voide, jossa on valkoista tryffeliuutetta ja kasviproteiinikompleksia. Nopea toimitus!","robots":{"index":"index","follow":"follow","max-snippet":"max-snippet:-1","max-image-preview":"max-image-preview:large","max-video-preview":"max-video-preview:-1"},"canonical":"https:\/\/idakorea.ee\/fi\/product\/taastva-kreem-dalba-white-truffle-moist-recovery-cream-60ml\/","og_locale":"fi_FI","og_type":"article","og_title":"d'Alba White Truffle Moist Recovery Cream - IDA.KOREA","og_description":"d'Alba White Truffle Moist Recovery Cream \u2014 taastav kreem valge tr\u00fchvli ekstrakti ja taimsete valkude kompleksiga. Kiire tarne!","og_url":"https:\/\/idakorea.ee\/fi\/product\/taastva-kreem-dalba-white-truffle-moist-recovery-cream-60ml\/","og_site_name":"IDA.KOREA","article_modified_time":"2026-01-30T13:20:23+00:00","og_image":[{"width":540,"height":541,"url":"https:\/\/idakorea.ee\/wp-content\/uploads\/2025\/01\/dalba_50008rec.png","type":"image\/png"}],"twitter_card":"summary_large_image","twitter_misc":{"Arvioitu lukuaika":"1 minuutti"},"schema":{"@context":"https:\/\/schema.org","@graph":[{"@type":"WebPage","@id":"https:\/\/idakorea.ee\/product\/taastva-kreem-dalba-white-truffle-moist-recovery-cream-60ml\/","url":"https:\/\/idakorea.ee\/product\/taastva-kreem-dalba-white-truffle-moist-recovery-cream-60ml\/","name":"d&#039;Alba White Truffle Moist Recovery Cream - IDA.KOREA","isPartOf":{"@id":"https:\/\/idakorea.ee\/#website"},"primaryImageOfPage":{"@id":"https:\/\/idakorea.ee\/product\/taastva-kreem-dalba-white-truffle-moist-recovery-cream-60ml\/#primaryimage"},"image":{"@id":"https:\/\/idakorea.ee\/product\/taastva-kreem-dalba-white-truffle-moist-recovery-cream-60ml\/#primaryimage"},"thumbnailUrl":"https:\/\/idakorea.ee\/wp-content\/uploads\/2025\/01\/dalba_50008rec.png","datePublished":"2025-01-04T05:53:04+00:00","dateModified":"2026-01-30T13:20:23+00:00","description":"d&#039;Alba White Truffle Moist Recovery Cream \u2014 palauttava voide, jossa on valkoista tryffeliuutetta ja kasviproteiinikompleksia. Nopea toimitus!","breadcrumb":{"@id":"https:\/\/idakorea.ee\/product\/taastva-kreem-dalba-white-truffle-moist-recovery-cream-60ml\/#breadcrumb"},"inLanguage":"fi","potentialAction":[{"@type":"ReadAction","target":["https:\/\/idakorea.ee\/product\/taastva-kreem-dalba-white-truffle-moist-recovery-cream-60ml\/"]}]},{"@type":"ImageObject","inLanguage":"fi","@id":"https:\/\/idakorea.ee\/product\/taastva-kreem-dalba-white-truffle-moist-recovery-cream-60ml\/#primaryimage","url":"https:\/\/idakorea.ee\/wp-content\/uploads\/2025\/01\/dalba_50008rec.png","contentUrl":"https:\/\/idakorea.ee\/wp-content\/uploads\/2025\/01\/dalba_50008rec.png","width":540,"height":541},{"@type":"BreadcrumbList","@id":"https:\/\/idakorea.ee\/product\/taastva-kreem-dalba-white-truffle-moist-recovery-cream-60ml\/#breadcrumb","itemListElement":[{"@type":"ListItem","position":1,"name":"\u0413\u043b\u0430\u0432\u043d\u0430\u044f \u0441\u0442\u0440\u0430\u043d\u0438\u0446\u0430","item":"https:\/\/idakorea.ee\/"},{"@type":"ListItem","position":2,"name":"Shop","item":"https:\/\/idakorea.ee\/shop-2\/"},{"@type":"ListItem","position":3,"name":"Taastav kreem d&#8217;Alba White Truffle Moist Recovery Cream, 60ml"}]},{"@type":"WebSite","@id":"https:\/\/idakorea.ee\/#website","url":"https:\/\/idakorea.ee\/","name":"IDA.KOREA","description":"Korean kosmetiikan verkkokauppa","publisher":{"@id":"https:\/\/idakorea.ee\/#organization"},"alternateName":"Beauty Shop","potentialAction":[{"@type":"SearchAction","target":{"@type":"EntryPoint","urlTemplate":"https:\/\/idakorea.ee\/?s={search_term_string}"},"query-input":{"@type":"PropertyValueSpecification","valueRequired":true,"valueName":"search_term_string"}}],"inLanguage":"fi"},{"@type":"Organization","@id":"https:\/\/idakorea.ee\/#organization","name":"IDA.KOREA","url":"https:\/\/idakorea.ee\/","logo":{"@type":"ImageObject","inLanguage":"fi","@id":"https:\/\/idakorea.ee\/#\/schema\/logo\/image\/","url":"https:\/\/idakorea.ee\/wp-content\/uploads\/2024\/05\/cropped-korea3.png","contentUrl":"https:\/\/idakorea.ee\/wp-content\/uploads\/2024\/05\/cropped-korea3.png","width":688,"height":126,"caption":"IDA.KOREA"},"image":{"@id":"https:\/\/idakorea.ee\/#\/schema\/logo\/image\/"},"sameAs":["https:\/\/www.instagram.com\/ida.korea\/"]}]}},"jetpack_sharing_enabled":true,"brands":[{"id":105,"name":"d'ALBA","slug":"dalba"}],"_links":{"self":[{"href":"https:\/\/idakorea.ee\/fi\/wp-json\/wp\/v2\/product\/12181","targetHints":{"allow":["GET"]}}],"collection":[{"href":"https:\/\/idakorea.ee\/fi\/wp-json\/wp\/v2\/product"}],"about":[{"href":"https:\/\/idakorea.ee\/fi\/wp-json\/wp\/v2\/types\/product"}],"replies":[{"embeddable":true,"href":"https:\/\/idakorea.ee\/fi\/wp-json\/wp\/v2\/comments?post=12181"}],"version-history":[{"count":5,"href":"https:\/\/idakorea.ee\/fi\/wp-json\/wp\/v2\/product\/12181\/revisions"}],"predecessor-version":[{"id":17294,"href":"https:\/\/idakorea.ee\/fi\/wp-json\/wp\/v2\/product\/12181\/revisions\/17294"}],"wp:featuredmedia":[{"embeddable":true,"href":"https:\/\/idakorea.ee\/fi\/wp-json\/wp\/v2\/media\/12183"}],"wp:attachment":[{"href":"https:\/\/idakorea.ee\/fi\/wp-json\/wp\/v2\/media?parent=12181"}],"wp:term":[{"taxonomy":"pwb-brand","embeddable":true,"href":"https:\/\/idakorea.ee\/fi\/wp-json\/wp\/v2\/pwb-brand?post=12181"},{"taxonomy":"product_brand","embeddable":true,"href":"https:\/\/idakorea.ee\/fi\/wp-json\/wp\/v2\/product_brand?post=12181"},{"taxonomy":"product_cat","embeddable":true,"href":"https:\/\/idakorea.ee\/fi\/wp-json\/wp\/v2\/product_cat?post=12181"},{"taxonomy":"product_tag","embeddable":true,"href":"https:\/\/idakorea.ee\/fi\/wp-json\/wp\/v2\/product_tag?post=12181"}],"curies":[{"name":"wp","href":"https:\/\/api.w.org\/{rel}","templated":true}]}}