{"id":12233,"date":"2025-01-09T10:25:59","date_gmt":"2025-01-09T08:25:59","guid":{"rendered":"https:\/\/idakorea.ee\/?post_type=product&#038;p=12233"},"modified":"2026-03-19T20:14:17","modified_gmt":"2026-03-19T18:14:17","slug":"geeltoonikpadjad-biodance-collagen-gel-toner-pads-60tk","status":"publish","type":"product","link":"https:\/\/idakorea.ee\/fi\/product\/geeltoonikpadjad-biodance-collagen-gel-toner-pads-60tk\/","title":{"rendered":"Gel Toner Pads Biodance Collagen Gel Toner Pads, 60kpl"},"content":{"rendered":"<p><strong>Biodance-kollageenigeelikasvovesilaput<\/strong> ovat kollageenia sis\u00e4lt\u00e4vi\u00e4 geelim\u00e4isi\u00e4 kasvovett\u00e4. Ne parantavat ihon kimmoisuutta ja s\u00e4vy\u00e4 sek\u00e4 auttavat kaventumaan laajentuneita ihohuokosia. Tuote vaikuttaa nopeasti: poistaa kuivuutta ja kireytt\u00e4, kosteuttaa ihoa, valmistaa sen meikille, kiinteytt\u00e4\u00e4 ja parantaa ihonv\u00e4ri\u00e4.<\/p>\n<p><strong>K\u00e4ytt\u00f6vaihtoehdot:<\/strong> Tuotetta voidaan k\u00e4ytt\u00e4\u00e4 paikallisesti naamiona \u00e4rsytyksen ja punoituksen lievitt\u00e4miseen, ihon virkist\u00e4miseen, turvotuksen v\u00e4hent\u00e4miseen, ihon mikroreliefin tasoittamiseen ja karhean ihon pehment\u00e4miseen.<\/p>\n<p>Geelityynyt on valmistettu puuvillasta, joka on runsaasti geelill\u00e4 kastettu. Ne vaikuttavat hell\u00e4varaisesti ihoon vahingoittamatta sen pintaa. Sopii herk\u00e4lle iholle, mukaan lukien ruusufinni ja couperosa. Geelityynyt s\u00e4ilytt\u00e4v\u00e4t kosteuden ihossa ja auttavat vaikuttavia aineita imeytym\u00e4\u00e4n syv\u00e4lle. Ei sis\u00e4ll\u00e4 keinotekoisia v\u00e4riaineita, hajusteita tai mentolia.<\/p>\n<p><strong>T\u00e4rkeimm\u00e4t vaikuttavat aineet:<\/strong><\/p>\n<ul>\n<li><strong>Kollageeni ja kollageenivesi (100 980 ppm)<\/strong> \u2013 molekyylipaino on 243 Da, mink\u00e4 ansiosta ne tunkeutuvat syv\u00e4lle ihoon. Ne pehment\u00e4v\u00e4t, parantavat ihon mikroreliefi\u00e4, tarjoavat pitk\u00e4kestoista kosteutta ja auttavat silottamaan ryppyj\u00e4.<\/li>\n<li><strong>Galaktomysidi<\/strong> \u2013 suojaa valon aiheuttamalta ik\u00e4\u00e4ntymiselt\u00e4, hidastaa melaniinin hapettumista epidermiksess\u00e4, nopeuttaa solujen uusiutumista ja vahvistaa ihon suojakerrosta. S\u00e4\u00e4telee talintuotantoa, v\u00e4hent\u00e4\u00e4 kiiltoa, ehk\u00e4isee aknea ja komedoneja.<\/li>\n<li><strong>SYN-COLL<\/strong> \u2013 peptidikompleksi, joka koostuu glyseriinist\u00e4, vedest\u00e4 ja tripeptidi-5:st\u00e4. Stimuloi kollageenisynteesi\u00e4, est\u00e4\u00e4 elastiinis\u00e4ikeiden hajoamista, parantaa ihon s\u00e4vy\u00e4, v\u00e4hent\u00e4\u00e4 ryppyj\u00e4 ja tekee ihosta sile\u00e4mm\u00e4n.<\/li>\n<li><strong>Hyaluronihappo<\/strong> \u2013 pienimolekyylipainoinen, tunkeutuu syv\u00e4lle sarveiskerrokseen. Kosteuttaa, sitoo vesimolekyylej\u00e4 epidermiksess\u00e4 ja tukee ihon suojakerrosta.<\/li>\n<li class=\"translation-block\"><strong>Allantoiini<\/strong> \u2013 antioksidantti, hidastaa solujen ik\u00e4\u00e4ntymist\u00e4, v\u00e4hent\u00e4\u00e4 ihon herkkyytt\u00e4 ja stimuloi uudistumista.<\/li>\n<\/ul>\n<h3><\/h3>\n<p>Sopii kaikille ihotyypeille, my\u00f6s herk\u00e4lle iholle.<\/p>\n<p><strong>K\u00e4ytt\u00f6:<\/strong><\/p>\n<p>Kasvojen pesun j\u00e4lkeen pyyhi iho varovasti v\u00e4ltt\u00e4en silm\u00e4nymp\u00e4rysihoa. K\u00e4ytt\u00e4\u00e4ksesi naamiona, aseta lappu iholle 5\u201320 minuutiksi, poista sitten ja anna aineen imeyty\u00e4.<\/p>","protected":false},"excerpt":{"rendered":"<p>Biodance Collagen Gel Toner Pads ovat kollageenia sis\u00e4lt\u00e4vi\u00e4 geelim\u00e4isi\u00e4 s\u00e4vytyynyj\u00e4. Ne parantavat ihon kimmoisuutta ja s\u00e4vy\u00e4 ja auttavat kirist\u00e4m\u00e4\u00e4n laajentuneita ihohuokosia. Tuote vaikuttaa nopeasti: poistaa kuivuutta ja kirist\u00e4vyytt\u00e4, kosteuttaa ihoa, valmistelee meikki\u00e4 varten, kiinteytt\u00e4\u00e4 ja parantaa ihon s\u00e4vy\u00e4. K\u00e4ytt\u00f6mahdollisuudet: tuotetta voidaan k\u00e4ytt\u00e4\u00e4 paikallisesti naamiona lievitt\u00e4m\u00e4\u00e4n \u00e4rsytyst\u00e4 ja punoitusta, virkist\u00e4m\u00e4\u00e4n ihoa, v\u00e4hent\u00e4m\u00e4\u00e4n turvotusta, tasoittamaan...<\/p>","protected":false},"featured_media":12234,"comment_status":"open","ping_status":"closed","template":"","meta":{"_uf_show_specific_survey":0,"_uf_disable_surveys":false,"_bst_post_transparent":"default","_bst_post_title":"","_bst_post_layout":"default","_bst_post_sidebar_id":"","_bst_post_content_style":"default","_bst_post_vertical_padding":"default","_bst_post_feature":"","_bst_post_feature_position":"","_bst_post_header":false,"_bst_post_footer":false},"pwb-brand":[113],"product_brand":[],"product_cat":[92,158],"product_tag":[445,568,776],"class_list":{"0":"post-12233","1":"product","2":"type-product","3":"status-publish","4":"has-post-thumbnail","6":"pwb-brand-biodance","7":"product_cat-nagu","8":"product_cat-toonik","9":"product_tag-biodance","10":"product_tag-korea","11":"product_tag-pads","13":"first","14":"instock","15":"sale","16":"shipping-taxable","17":"purchasable","18":"product-type-simple","19":"entry","20":"content-bg","21":"loop-entry"},"supplier_id":null,"supplier_sku":"","barcode":null,"atum_controlled":true,"out_stock_date":null,"out_stock_threshold":null,"inheritable":false,"inbound_stock":0,"stock_on_hold":0,"sold_today":0,"sales_last_days":0,"out_stock_days":0,"lost_sales":0,"has_location":false,"update_date":"2026-04-14T00:05:08","atum_locations":[],"atum_stock_status":"instock","restock_status":false,"low_stock_amount":"","sales_update_date":"2026-04-14T00:05:08","calc_backorders":null,"yoast_head":"<!-- This site is optimized with the Yoast SEO plugin v27.2 - https:\/\/yoast.com\/product\/yoast-seo-wordpress\/ -->\n<title>Biodance Collagen Gel Toner Pads, 60tk - IDA.KOREA<\/title>\n<meta name=\"description\" content=\"Biodance Collagen Gel Toner Pads on geeltoonikpadjad, mis sisaldavad kollageeni. Parandavad naha elastsust ja toonust ning aitavad ahendada laienenud poore.\" \/>\n<meta name=\"robots\" content=\"index, follow, max-snippet:-1, max-image-preview:large, max-video-preview:-1\" \/>\n<link rel=\"canonical\" href=\"https:\/\/idakorea.ee\/fi\/product\/geeltoonikpadjad-biodance-collagen-gel-toner-pads-60tk\/\" \/>\n<meta property=\"og:locale\" content=\"fi_FI\" \/>\n<meta property=\"og:type\" content=\"article\" \/>\n<meta property=\"og:title\" content=\"Biodance Collagen Gel Toner Pads, 60tk - IDA.KOREA\" \/>\n<meta property=\"og:description\" content=\"Biodance Collagen Gel Toner Pads on geeltoonikpadjad, mis sisaldavad kollageeni. Parandavad naha elastsust ja toonust ning aitavad ahendada laienenud poore.\" \/>\n<meta property=\"og:url\" content=\"https:\/\/idakorea.ee\/fi\/product\/geeltoonikpadjad-biodance-collagen-gel-toner-pads-60tk\/\" \/>\n<meta property=\"og:site_name\" content=\"IDA.KOREA\" \/>\n<meta property=\"article:modified_time\" content=\"2026-03-19T18:14:17+00:00\" \/>\n<meta property=\"og:image\" content=\"https:\/\/idakorea.ee\/wp-content\/uploads\/2025\/01\/ida-koreaffd.jpg\" \/>\n\t<meta property=\"og:image:width\" content=\"1000\" \/>\n\t<meta property=\"og:image:height\" content=\"1000\" \/>\n\t<meta property=\"og:image:type\" content=\"image\/jpeg\" \/>\n<meta name=\"twitter:card\" content=\"summary_large_image\" \/>\n<meta name=\"twitter:label1\" content=\"Arvioitu lukuaika\" \/>\n\t<meta name=\"twitter:data1\" content=\"2 minuuttia\" \/>\n<script type=\"application\/ld+json\" class=\"yoast-schema-graph\">{\"@context\":\"https:\/\/schema.org\",\"@graph\":[{\"@type\":\"WebPage\",\"@id\":\"https:\/\/idakorea.ee\/product\/geeltoonikpadjad-biodance-collagen-gel-toner-pads-60tk\/\",\"url\":\"https:\/\/idakorea.ee\/product\/geeltoonikpadjad-biodance-collagen-gel-toner-pads-60tk\/\",\"name\":\"Biodance Collagen Gel Toner Pads, 60tk - IDA.KOREA\",\"isPartOf\":{\"@id\":\"https:\/\/idakorea.ee\/#website\"},\"primaryImageOfPage\":{\"@id\":\"https:\/\/idakorea.ee\/product\/geeltoonikpadjad-biodance-collagen-gel-toner-pads-60tk\/#primaryimage\"},\"image\":{\"@id\":\"https:\/\/idakorea.ee\/product\/geeltoonikpadjad-biodance-collagen-gel-toner-pads-60tk\/#primaryimage\"},\"thumbnailUrl\":\"https:\/\/idakorea.ee\/wp-content\/uploads\/2025\/01\/ida-koreaffd.jpg\",\"datePublished\":\"2025-01-09T08:25:59+00:00\",\"dateModified\":\"2026-03-19T18:14:17+00:00\",\"description\":\"Biodance Collagen Gel Toner Pads on geeltoonikpadjad, mis sisaldavad kollageeni. Parandavad naha elastsust ja toonust ning aitavad ahendada laienenud poore.\",\"breadcrumb\":{\"@id\":\"https:\/\/idakorea.ee\/product\/geeltoonikpadjad-biodance-collagen-gel-toner-pads-60tk\/#breadcrumb\"},\"inLanguage\":\"fi\",\"potentialAction\":[{\"@type\":\"ReadAction\",\"target\":[\"https:\/\/idakorea.ee\/product\/geeltoonikpadjad-biodance-collagen-gel-toner-pads-60tk\/\"]}]},{\"@type\":\"ImageObject\",\"inLanguage\":\"fi\",\"@id\":\"https:\/\/idakorea.ee\/product\/geeltoonikpadjad-biodance-collagen-gel-toner-pads-60tk\/#primaryimage\",\"url\":\"https:\/\/idakorea.ee\/wp-content\/uploads\/2025\/01\/ida-koreaffd.jpg\",\"contentUrl\":\"https:\/\/idakorea.ee\/wp-content\/uploads\/2025\/01\/ida-koreaffd.jpg\",\"width\":1000,\"height\":1000},{\"@type\":\"BreadcrumbList\",\"@id\":\"https:\/\/idakorea.ee\/product\/geeltoonikpadjad-biodance-collagen-gel-toner-pads-60tk\/#breadcrumb\",\"itemListElement\":[{\"@type\":\"ListItem\",\"position\":1,\"name\":\"\u0413\u043b\u0430\u0432\u043d\u0430\u044f \u0441\u0442\u0440\u0430\u043d\u0438\u0446\u0430\",\"item\":\"https:\/\/idakorea.ee\/\"},{\"@type\":\"ListItem\",\"position\":2,\"name\":\"Shop\",\"item\":\"https:\/\/idakorea.ee\/shop-2\/\"},{\"@type\":\"ListItem\",\"position\":3,\"name\":\"Geeltoonikpadjad Biodance Collagen Gel Toner Pads, 60tk\"}]},{\"@type\":\"WebSite\",\"@id\":\"https:\/\/idakorea.ee\/#website\",\"url\":\"https:\/\/idakorea.ee\/\",\"name\":\"IDA.KOREA\",\"description\":\"Korea kosmeetika e-pood\",\"publisher\":{\"@id\":\"https:\/\/idakorea.ee\/#organization\"},\"alternateName\":\"Beauty Shop\",\"potentialAction\":[{\"@type\":\"SearchAction\",\"target\":{\"@type\":\"EntryPoint\",\"urlTemplate\":\"https:\/\/idakorea.ee\/?s={search_term_string}\"},\"query-input\":{\"@type\":\"PropertyValueSpecification\",\"valueRequired\":true,\"valueName\":\"search_term_string\"}}],\"inLanguage\":\"fi\"},{\"@type\":\"Organization\",\"@id\":\"https:\/\/idakorea.ee\/#organization\",\"name\":\"IDA.KOREA\",\"url\":\"https:\/\/idakorea.ee\/\",\"logo\":{\"@type\":\"ImageObject\",\"inLanguage\":\"fi\",\"@id\":\"https:\/\/idakorea.ee\/#\/schema\/logo\/image\/\",\"url\":\"https:\/\/idakorea.ee\/wp-content\/uploads\/2024\/05\/cropped-korea3.png\",\"contentUrl\":\"https:\/\/idakorea.ee\/wp-content\/uploads\/2024\/05\/cropped-korea3.png\",\"width\":688,\"height\":126,\"caption\":\"IDA.KOREA\"},\"image\":{\"@id\":\"https:\/\/idakorea.ee\/#\/schema\/logo\/image\/\"},\"sameAs\":[\"https:\/\/www.instagram.com\/ida.korea\/\"]}]}<\/script>\n<!-- \/ Yoast SEO plugin. -->","yoast_head_json":{"title":"Biodance kollageenigeelikasvovesilaput, 60 kpl - IDA.KOREA","description":"Biodance Collagen Gel Toner Laps -kasvovesilaput ovat kollageenia sis\u00e4lt\u00e4vi\u00e4 geelilappuja. Ne parantavat ihon kimmoisuutta ja s\u00e4vy\u00e4 sek\u00e4 auttavat supistamaan laajentuneita ihohuokosia.","robots":{"index":"index","follow":"follow","max-snippet":"max-snippet:-1","max-image-preview":"max-image-preview:large","max-video-preview":"max-video-preview:-1"},"canonical":"https:\/\/idakorea.ee\/fi\/product\/geeltoonikpadjad-biodance-collagen-gel-toner-pads-60tk\/","og_locale":"fi_FI","og_type":"article","og_title":"Biodance Collagen Gel Toner Pads, 60tk - IDA.KOREA","og_description":"Biodance Collagen Gel Toner Pads on geeltoonikpadjad, mis sisaldavad kollageeni. Parandavad naha elastsust ja toonust ning aitavad ahendada laienenud poore.","og_url":"https:\/\/idakorea.ee\/fi\/product\/geeltoonikpadjad-biodance-collagen-gel-toner-pads-60tk\/","og_site_name":"IDA.KOREA","article_modified_time":"2026-03-19T18:14:17+00:00","og_image":[{"width":1000,"height":1000,"url":"https:\/\/idakorea.ee\/wp-content\/uploads\/2025\/01\/ida-koreaffd.jpg","type":"image\/jpeg"}],"twitter_card":"summary_large_image","twitter_misc":{"Arvioitu lukuaika":"2 minuuttia"},"schema":{"@context":"https:\/\/schema.org","@graph":[{"@type":"WebPage","@id":"https:\/\/idakorea.ee\/product\/geeltoonikpadjad-biodance-collagen-gel-toner-pads-60tk\/","url":"https:\/\/idakorea.ee\/product\/geeltoonikpadjad-biodance-collagen-gel-toner-pads-60tk\/","name":"Biodance kollageenigeelikasvovesilaput, 60 kpl - IDA.KOREA","isPartOf":{"@id":"https:\/\/idakorea.ee\/#website"},"primaryImageOfPage":{"@id":"https:\/\/idakorea.ee\/product\/geeltoonikpadjad-biodance-collagen-gel-toner-pads-60tk\/#primaryimage"},"image":{"@id":"https:\/\/idakorea.ee\/product\/geeltoonikpadjad-biodance-collagen-gel-toner-pads-60tk\/#primaryimage"},"thumbnailUrl":"https:\/\/idakorea.ee\/wp-content\/uploads\/2025\/01\/ida-koreaffd.jpg","datePublished":"2025-01-09T08:25:59+00:00","dateModified":"2026-03-19T18:14:17+00:00","description":"Biodance Collagen Gel Toner Laps -kasvovesilaput ovat kollageenia sis\u00e4lt\u00e4vi\u00e4 geelilappuja. Ne parantavat ihon kimmoisuutta ja s\u00e4vy\u00e4 sek\u00e4 auttavat supistamaan laajentuneita ihohuokosia.","breadcrumb":{"@id":"https:\/\/idakorea.ee\/product\/geeltoonikpadjad-biodance-collagen-gel-toner-pads-60tk\/#breadcrumb"},"inLanguage":"fi","potentialAction":[{"@type":"ReadAction","target":["https:\/\/idakorea.ee\/product\/geeltoonikpadjad-biodance-collagen-gel-toner-pads-60tk\/"]}]},{"@type":"ImageObject","inLanguage":"fi","@id":"https:\/\/idakorea.ee\/product\/geeltoonikpadjad-biodance-collagen-gel-toner-pads-60tk\/#primaryimage","url":"https:\/\/idakorea.ee\/wp-content\/uploads\/2025\/01\/ida-koreaffd.jpg","contentUrl":"https:\/\/idakorea.ee\/wp-content\/uploads\/2025\/01\/ida-koreaffd.jpg","width":1000,"height":1000},{"@type":"BreadcrumbList","@id":"https:\/\/idakorea.ee\/product\/geeltoonikpadjad-biodance-collagen-gel-toner-pads-60tk\/#breadcrumb","itemListElement":[{"@type":"ListItem","position":1,"name":"\u0413\u043b\u0430\u0432\u043d\u0430\u044f \u0441\u0442\u0440\u0430\u043d\u0438\u0446\u0430","item":"https:\/\/idakorea.ee\/"},{"@type":"ListItem","position":2,"name":"Shop","item":"https:\/\/idakorea.ee\/shop-2\/"},{"@type":"ListItem","position":3,"name":"Geeltoonikpadjad Biodance Collagen Gel Toner Pads, 60tk"}]},{"@type":"WebSite","@id":"https:\/\/idakorea.ee\/#website","url":"https:\/\/idakorea.ee\/","name":"IDA.KOREA","description":"Korean kosmetiikan verkkokauppa","publisher":{"@id":"https:\/\/idakorea.ee\/#organization"},"alternateName":"Beauty Shop","potentialAction":[{"@type":"SearchAction","target":{"@type":"EntryPoint","urlTemplate":"https:\/\/idakorea.ee\/?s={search_term_string}"},"query-input":{"@type":"PropertyValueSpecification","valueRequired":true,"valueName":"search_term_string"}}],"inLanguage":"fi"},{"@type":"Organization","@id":"https:\/\/idakorea.ee\/#organization","name":"IDA.KOREA","url":"https:\/\/idakorea.ee\/","logo":{"@type":"ImageObject","inLanguage":"fi","@id":"https:\/\/idakorea.ee\/#\/schema\/logo\/image\/","url":"https:\/\/idakorea.ee\/wp-content\/uploads\/2024\/05\/cropped-korea3.png","contentUrl":"https:\/\/idakorea.ee\/wp-content\/uploads\/2024\/05\/cropped-korea3.png","width":688,"height":126,"caption":"IDA.KOREA"},"image":{"@id":"https:\/\/idakorea.ee\/#\/schema\/logo\/image\/"},"sameAs":["https:\/\/www.instagram.com\/ida.korea\/"]}]}},"jetpack_sharing_enabled":true,"brands":[{"id":113,"name":"BIODANCE","slug":"biodance"}],"_links":{"self":[{"href":"https:\/\/idakorea.ee\/fi\/wp-json\/wp\/v2\/product\/12233","targetHints":{"allow":["GET"]}}],"collection":[{"href":"https:\/\/idakorea.ee\/fi\/wp-json\/wp\/v2\/product"}],"about":[{"href":"https:\/\/idakorea.ee\/fi\/wp-json\/wp\/v2\/types\/product"}],"replies":[{"embeddable":true,"href":"https:\/\/idakorea.ee\/fi\/wp-json\/wp\/v2\/comments?post=12233"}],"version-history":[{"count":3,"href":"https:\/\/idakorea.ee\/fi\/wp-json\/wp\/v2\/product\/12233\/revisions"}],"predecessor-version":[{"id":15038,"href":"https:\/\/idakorea.ee\/fi\/wp-json\/wp\/v2\/product\/12233\/revisions\/15038"}],"wp:featuredmedia":[{"embeddable":true,"href":"https:\/\/idakorea.ee\/fi\/wp-json\/wp\/v2\/media\/12234"}],"wp:attachment":[{"href":"https:\/\/idakorea.ee\/fi\/wp-json\/wp\/v2\/media?parent=12233"}],"wp:term":[{"taxonomy":"pwb-brand","embeddable":true,"href":"https:\/\/idakorea.ee\/fi\/wp-json\/wp\/v2\/pwb-brand?post=12233"},{"taxonomy":"product_brand","embeddable":true,"href":"https:\/\/idakorea.ee\/fi\/wp-json\/wp\/v2\/product_brand?post=12233"},{"taxonomy":"product_cat","embeddable":true,"href":"https:\/\/idakorea.ee\/fi\/wp-json\/wp\/v2\/product_cat?post=12233"},{"taxonomy":"product_tag","embeddable":true,"href":"https:\/\/idakorea.ee\/fi\/wp-json\/wp\/v2\/product_tag?post=12233"}],"curies":[{"name":"wp","href":"https:\/\/api.w.org\/{rel}","templated":true}]}}