{"id":12257,"date":"2025-01-11T11:53:17","date_gmt":"2025-01-11T09:53:17","guid":{"rendered":"https:\/\/idakorea.ee\/?post_type=product&#038;p=12257"},"modified":"2026-03-17T00:08:33","modified_gmt":"2026-03-16T22:08:33","slug":"taastav-huulepalsam-centella-ja-rosmariiniga-one-days-you-lip-balm-cicaming-10ml","status":"publish","type":"product","link":"https:\/\/idakorea.ee\/fi\/product\/taastav-huulepalsam-centella-ja-rosmariiniga-one-days-you-lip-balm-cicaming-10ml\/","title":{"rendered":"Palauttava huulirasva, jossa on sentellaa ja rosmariinia One-Day's You Lip Balm Cicaming, 10ml"},"content":{"rendered":"<p class=\"translation-block\"><strong>One-Day&#039;s You -huulivoide<\/strong> kosteuttaa ja ravitsee huulia tehokkaasti sek\u00e4 edist\u00e4\u00e4 haavojen ja pienten vammojen paranemista. Tuotteessa on erityinen viisto applikaattori, jonka ansiosta voidetta on helppo levitt\u00e4\u00e4 ja jakaa tasaisesti huulten pinnalle.<\/p>\n<p>Balsami muodostaa kosteussuojan, joka ehk\u00e4isee kuivumista ja poistaa tehokkaasti kuivuutta ja hilseily\u00e4. Pit\u00e4\u00e4 herk\u00e4n huulten ihon ravittuna ja kosteutettuna.<\/p>\n<p><strong>T\u00e4rkeimm\u00e4t vaikuttavat aineet:<\/strong><\/p>\n<ul>\n<li class=\"translation-block\"><strong>Sheavoi<\/strong> \u2013 omaa antioksidanttisia ominaisuuksia, suojaa haitallisilta ymp\u00e4rist\u00f6vaikutuksilta ja vapailta radikaaleilta sek\u00e4 rauhoittaa ihoa.<\/li>\n<li class=\"translation-block\"><strong>Oliivi\u00f6ljy<\/strong> \u2013 poistaa kuivuutta ja hilseily\u00e4, ravitsee, kosteuttaa ja toimittaa iholle rasvahappoja ja karotenoideja.<\/li>\n<li><strong>Tokoferoli (E-vitamiini)<\/strong> \u2013 on antioksidantti, joka est\u00e4\u00e4 solujen hapettumisprosesseja. Stimuloi ihon uudistumista, sill\u00e4 on nuorentava vaikutus ja se parantaa ihon yleiskuntoa.<\/li>\n<li><strong>Hunaja<\/strong> \u2013 antaa kiiltoa, vahvistaa paikallista vastustuskyky\u00e4, kiinteytt\u00e4\u00e4 ihoa, lis\u00e4\u00e4 sen kimmoisuutta ja vahvuutta.<\/li>\n<li><strong>Aasian vesikrassiuute<\/strong> \u2013 v\u00e4hent\u00e4\u00e4 punoitusta ja turvotusta, vahvistaa verisuonia, rauhoittaa ihoa ja parantaa sen kimmoisuutta.<\/li>\n<li class=\"translation-block\"><strong>Pantenoli<\/strong> \u2013 edist\u00e4\u00e4 paranemista, poistaa punoitusta ja \u00e4rsytyst\u00e4, rauhoittaa ja pehment\u00e4\u00e4 ihoa luoden herk\u00e4n suojakerroksen, joka est\u00e4\u00e4 kosteuden haihtumista.<\/li>\n<\/ul>\n<p><strong>K\u00e4ytt\u00f6opas:<\/strong> Levit\u00e4 tarvittava m\u00e4\u00e4r\u00e4 huulivoidetta kuiville huulille.<\/p>","protected":false},"excerpt":{"rendered":"<p>One-Day's You Lip Balm with Shea Butter kosteuttaa ja ravitsee huulia intensiivisesti, edist\u00e4\u00e4 haavojen ja pienten vammojen paranemista. Tuotteessa on erityinen viisto applikaattori, jonka avulla balsamia on helppo levitt\u00e4\u00e4 ja jakaa tasaisesti huulille. Balsami muodostaa kosteussulun, joka est\u00e4\u00e4 kuivumista ja poistaa tehokkaasti kuivuutta ja hilseily\u00e4. Pit\u00e4\u00e4 herk\u00e4n huulten ihon ravittuna ja kosteutettuna. P\u00e4\u00e4asiallinen...<\/p>","protected":false},"featured_media":12263,"comment_status":"open","ping_status":"closed","template":"","meta":{"_uf_show_specific_survey":0,"_uf_disable_surveys":false,"_bst_post_transparent":"default","_bst_post_title":"","_bst_post_layout":"default","_bst_post_sidebar_id":"","_bst_post_content_style":"default","_bst_post_vertical_padding":"default","_bst_post_feature":"","_bst_post_feature_position":"","_bst_post_header":false,"_bst_post_footer":false},"pwb-brand":[808],"product_brand":[],"product_cat":[368,92,99],"product_tag":[],"class_list":{"0":"post-12257","1":"product","2":"type-product","3":"status-publish","4":"has-post-thumbnail","6":"pwb-brand-one-days-you","7":"product_cat-huulepalsamid-ja-hooldus","8":"product_cat-nagu","9":"product_cat-silmad-ja-huuled-2","11":"first","12":"instock","13":"sale","14":"shipping-taxable","15":"purchasable","16":"product-type-simple","17":"entry","18":"content-bg","19":"loop-entry"},"supplier_id":null,"supplier_sku":"","barcode":null,"atum_controlled":true,"out_stock_date":null,"out_stock_threshold":null,"inheritable":false,"inbound_stock":0,"stock_on_hold":0,"sold_today":0,"sales_last_days":1,"out_stock_days":0,"lost_sales":0,"has_location":false,"update_date":"2026-04-14T00:05:11","atum_locations":[],"atum_stock_status":"instock","restock_status":false,"low_stock_amount":"","sales_update_date":"2026-04-14T00:05:11","calc_backorders":null,"yoast_head":"<!-- This site is optimized with the Yoast SEO plugin v27.2 - https:\/\/yoast.com\/product\/yoast-seo-wordpress\/ -->\n<title>Taastav huulepalsam centella ja rosmariiniga One-Day&#039;s You Lip Balm Cicaming, 10ml - IDA.KOREA<\/title>\n<meta name=\"robots\" content=\"index, follow, max-snippet:-1, max-image-preview:large, max-video-preview:-1\" \/>\n<link rel=\"canonical\" href=\"https:\/\/idakorea.ee\/fi\/product\/taastav-huulepalsam-centella-ja-rosmariiniga-one-days-you-lip-balm-cicaming-10ml\/\" \/>\n<meta property=\"og:locale\" content=\"fi_FI\" \/>\n<meta property=\"og:type\" content=\"article\" \/>\n<meta property=\"og:title\" content=\"Taastav huulepalsam centella ja rosmariiniga One-Day&#039;s You Lip Balm Cicaming, 10ml - IDA.KOREA\" \/>\n<meta property=\"og:description\" content=\"Taastav huulepalsam sheav\u00f5iga One-Day&#8217;s You Lip Balm intensiivselt niisutab ja toidab huuli, soodustab haavade ja v\u00e4iksemate vigastuste paranemist. Tootel on spetsiaalne kaldus aplikaator, millega on palsamit mugav peale kanda ja huulte pinnale \u00fchtlaselt jaotada. Palsam moodustab niiskuskadu takistava barj\u00e4\u00e4ri, mis hoiab \u00e4ra kuivuse, t\u00f5husalt eemaldab kuivust ja ketendust. Hoiab \u00f5rna huulenaha toidetuna ja niisutatuna. Peamised...\" \/>\n<meta property=\"og:url\" content=\"https:\/\/idakorea.ee\/fi\/product\/taastav-huulepalsam-centella-ja-rosmariiniga-one-days-you-lip-balm-cicaming-10ml\/\" \/>\n<meta property=\"og:site_name\" content=\"IDA.KOREA\" \/>\n<meta property=\"article:modified_time\" content=\"2026-03-16T22:08:33+00:00\" \/>\n<meta property=\"og:image\" content=\"https:\/\/idakorea.ee\/wp-content\/uploads\/2025\/01\/17393.0x600.jpg\" \/>\n\t<meta property=\"og:image:width\" content=\"600\" \/>\n\t<meta property=\"og:image:height\" content=\"600\" \/>\n\t<meta property=\"og:image:type\" content=\"image\/jpeg\" \/>\n<meta name=\"twitter:card\" content=\"summary_large_image\" \/>\n<meta name=\"twitter:label1\" content=\"Arvioitu lukuaika\" \/>\n\t<meta name=\"twitter:data1\" content=\"2 minuuttia\" \/>\n<script type=\"application\/ld+json\" class=\"yoast-schema-graph\">{\"@context\":\"https:\/\/schema.org\",\"@graph\":[{\"@type\":\"WebPage\",\"@id\":\"https:\/\/idakorea.ee\/product\/taastav-huulepalsam-centella-ja-rosmariiniga-one-days-you-lip-balm-cicaming-10ml\/\",\"url\":\"https:\/\/idakorea.ee\/product\/taastav-huulepalsam-centella-ja-rosmariiniga-one-days-you-lip-balm-cicaming-10ml\/\",\"name\":\"Taastav huulepalsam centella ja rosmariiniga One-Day's You Lip Balm Cicaming, 10ml - IDA.KOREA\",\"isPartOf\":{\"@id\":\"https:\/\/idakorea.ee\/#website\"},\"primaryImageOfPage\":{\"@id\":\"https:\/\/idakorea.ee\/product\/taastav-huulepalsam-centella-ja-rosmariiniga-one-days-you-lip-balm-cicaming-10ml\/#primaryimage\"},\"image\":{\"@id\":\"https:\/\/idakorea.ee\/product\/taastav-huulepalsam-centella-ja-rosmariiniga-one-days-you-lip-balm-cicaming-10ml\/#primaryimage\"},\"thumbnailUrl\":\"https:\/\/idakorea.ee\/wp-content\/uploads\/2025\/01\/17393.0x600.jpg\",\"datePublished\":\"2025-01-11T09:53:17+00:00\",\"dateModified\":\"2026-03-16T22:08:33+00:00\",\"breadcrumb\":{\"@id\":\"https:\/\/idakorea.ee\/product\/taastav-huulepalsam-centella-ja-rosmariiniga-one-days-you-lip-balm-cicaming-10ml\/#breadcrumb\"},\"inLanguage\":\"fi\",\"potentialAction\":[{\"@type\":\"ReadAction\",\"target\":[\"https:\/\/idakorea.ee\/product\/taastav-huulepalsam-centella-ja-rosmariiniga-one-days-you-lip-balm-cicaming-10ml\/\"]}]},{\"@type\":\"ImageObject\",\"inLanguage\":\"fi\",\"@id\":\"https:\/\/idakorea.ee\/product\/taastav-huulepalsam-centella-ja-rosmariiniga-one-days-you-lip-balm-cicaming-10ml\/#primaryimage\",\"url\":\"https:\/\/idakorea.ee\/wp-content\/uploads\/2025\/01\/17393.0x600.jpg\",\"contentUrl\":\"https:\/\/idakorea.ee\/wp-content\/uploads\/2025\/01\/17393.0x600.jpg\",\"width\":600,\"height\":600},{\"@type\":\"BreadcrumbList\",\"@id\":\"https:\/\/idakorea.ee\/product\/taastav-huulepalsam-centella-ja-rosmariiniga-one-days-you-lip-balm-cicaming-10ml\/#breadcrumb\",\"itemListElement\":[{\"@type\":\"ListItem\",\"position\":1,\"name\":\"\u0413\u043b\u0430\u0432\u043d\u0430\u044f \u0441\u0442\u0440\u0430\u043d\u0438\u0446\u0430\",\"item\":\"https:\/\/idakorea.ee\/\"},{\"@type\":\"ListItem\",\"position\":2,\"name\":\"Shop\",\"item\":\"https:\/\/idakorea.ee\/shop-2\/\"},{\"@type\":\"ListItem\",\"position\":3,\"name\":\"Taastav huulepalsam centella ja rosmariiniga One-Day&#8217;s You Lip Balm Cicaming, 10ml\"}]},{\"@type\":\"WebSite\",\"@id\":\"https:\/\/idakorea.ee\/#website\",\"url\":\"https:\/\/idakorea.ee\/\",\"name\":\"IDA.KOREA\",\"description\":\"Korea kosmeetika e-pood\",\"publisher\":{\"@id\":\"https:\/\/idakorea.ee\/#organization\"},\"alternateName\":\"Beauty Shop\",\"potentialAction\":[{\"@type\":\"SearchAction\",\"target\":{\"@type\":\"EntryPoint\",\"urlTemplate\":\"https:\/\/idakorea.ee\/?s={search_term_string}\"},\"query-input\":{\"@type\":\"PropertyValueSpecification\",\"valueRequired\":true,\"valueName\":\"search_term_string\"}}],\"inLanguage\":\"fi\"},{\"@type\":\"Organization\",\"@id\":\"https:\/\/idakorea.ee\/#organization\",\"name\":\"IDA.KOREA\",\"url\":\"https:\/\/idakorea.ee\/\",\"logo\":{\"@type\":\"ImageObject\",\"inLanguage\":\"fi\",\"@id\":\"https:\/\/idakorea.ee\/#\/schema\/logo\/image\/\",\"url\":\"https:\/\/idakorea.ee\/wp-content\/uploads\/2024\/05\/cropped-korea3.png\",\"contentUrl\":\"https:\/\/idakorea.ee\/wp-content\/uploads\/2024\/05\/cropped-korea3.png\",\"width\":688,\"height\":126,\"caption\":\"IDA.KOREA\"},\"image\":{\"@id\":\"https:\/\/idakorea.ee\/#\/schema\/logo\/image\/\"},\"sameAs\":[\"https:\/\/www.instagram.com\/ida.korea\/\"]}]}<\/script>\n<!-- \/ Yoast SEO plugin. -->","yoast_head_json":{"title":"Palauttava huulivoide centellalla ja rosmariinilla One-Day&#039;s You -huulivoide Cicaming, 10ml - IDA.KOREA","robots":{"index":"index","follow":"follow","max-snippet":"max-snippet:-1","max-image-preview":"max-image-preview:large","max-video-preview":"max-video-preview:-1"},"canonical":"https:\/\/idakorea.ee\/fi\/product\/taastav-huulepalsam-centella-ja-rosmariiniga-one-days-you-lip-balm-cicaming-10ml\/","og_locale":"fi_FI","og_type":"article","og_title":"Taastav huulepalsam centella ja rosmariiniga One-Day's You Lip Balm Cicaming, 10ml - IDA.KOREA","og_description":"Taastav huulepalsam sheav\u00f5iga One-Day&#8217;s You Lip Balm intensiivselt niisutab ja toidab huuli, soodustab haavade ja v\u00e4iksemate vigastuste paranemist. Tootel on spetsiaalne kaldus aplikaator, millega on palsamit mugav peale kanda ja huulte pinnale \u00fchtlaselt jaotada. Palsam moodustab niiskuskadu takistava barj\u00e4\u00e4ri, mis hoiab \u00e4ra kuivuse, t\u00f5husalt eemaldab kuivust ja ketendust. Hoiab \u00f5rna huulenaha toidetuna ja niisutatuna. Peamised...","og_url":"https:\/\/idakorea.ee\/fi\/product\/taastav-huulepalsam-centella-ja-rosmariiniga-one-days-you-lip-balm-cicaming-10ml\/","og_site_name":"IDA.KOREA","article_modified_time":"2026-03-16T22:08:33+00:00","og_image":[{"width":600,"height":600,"url":"https:\/\/idakorea.ee\/wp-content\/uploads\/2025\/01\/17393.0x600.jpg","type":"image\/jpeg"}],"twitter_card":"summary_large_image","twitter_misc":{"Arvioitu lukuaika":"2 minuuttia"},"schema":{"@context":"https:\/\/schema.org","@graph":[{"@type":"WebPage","@id":"https:\/\/idakorea.ee\/product\/taastav-huulepalsam-centella-ja-rosmariiniga-one-days-you-lip-balm-cicaming-10ml\/","url":"https:\/\/idakorea.ee\/product\/taastav-huulepalsam-centella-ja-rosmariiniga-one-days-you-lip-balm-cicaming-10ml\/","name":"Palauttava huulivoide centellalla ja rosmariinilla One-Day&#039;s You -huulivoide Cicaming, 10ml - IDA.KOREA","isPartOf":{"@id":"https:\/\/idakorea.ee\/#website"},"primaryImageOfPage":{"@id":"https:\/\/idakorea.ee\/product\/taastav-huulepalsam-centella-ja-rosmariiniga-one-days-you-lip-balm-cicaming-10ml\/#primaryimage"},"image":{"@id":"https:\/\/idakorea.ee\/product\/taastav-huulepalsam-centella-ja-rosmariiniga-one-days-you-lip-balm-cicaming-10ml\/#primaryimage"},"thumbnailUrl":"https:\/\/idakorea.ee\/wp-content\/uploads\/2025\/01\/17393.0x600.jpg","datePublished":"2025-01-11T09:53:17+00:00","dateModified":"2026-03-16T22:08:33+00:00","breadcrumb":{"@id":"https:\/\/idakorea.ee\/product\/taastav-huulepalsam-centella-ja-rosmariiniga-one-days-you-lip-balm-cicaming-10ml\/#breadcrumb"},"inLanguage":"fi","potentialAction":[{"@type":"ReadAction","target":["https:\/\/idakorea.ee\/product\/taastav-huulepalsam-centella-ja-rosmariiniga-one-days-you-lip-balm-cicaming-10ml\/"]}]},{"@type":"ImageObject","inLanguage":"fi","@id":"https:\/\/idakorea.ee\/product\/taastav-huulepalsam-centella-ja-rosmariiniga-one-days-you-lip-balm-cicaming-10ml\/#primaryimage","url":"https:\/\/idakorea.ee\/wp-content\/uploads\/2025\/01\/17393.0x600.jpg","contentUrl":"https:\/\/idakorea.ee\/wp-content\/uploads\/2025\/01\/17393.0x600.jpg","width":600,"height":600},{"@type":"BreadcrumbList","@id":"https:\/\/idakorea.ee\/product\/taastav-huulepalsam-centella-ja-rosmariiniga-one-days-you-lip-balm-cicaming-10ml\/#breadcrumb","itemListElement":[{"@type":"ListItem","position":1,"name":"\u0413\u043b\u0430\u0432\u043d\u0430\u044f \u0441\u0442\u0440\u0430\u043d\u0438\u0446\u0430","item":"https:\/\/idakorea.ee\/"},{"@type":"ListItem","position":2,"name":"Shop","item":"https:\/\/idakorea.ee\/shop-2\/"},{"@type":"ListItem","position":3,"name":"Taastav huulepalsam centella ja rosmariiniga One-Day&#8217;s You Lip Balm Cicaming, 10ml"}]},{"@type":"WebSite","@id":"https:\/\/idakorea.ee\/#website","url":"https:\/\/idakorea.ee\/","name":"IDA.KOREA","description":"Korean kosmetiikan verkkokauppa","publisher":{"@id":"https:\/\/idakorea.ee\/#organization"},"alternateName":"Beauty Shop","potentialAction":[{"@type":"SearchAction","target":{"@type":"EntryPoint","urlTemplate":"https:\/\/idakorea.ee\/?s={search_term_string}"},"query-input":{"@type":"PropertyValueSpecification","valueRequired":true,"valueName":"search_term_string"}}],"inLanguage":"fi"},{"@type":"Organization","@id":"https:\/\/idakorea.ee\/#organization","name":"IDA.KOREA","url":"https:\/\/idakorea.ee\/","logo":{"@type":"ImageObject","inLanguage":"fi","@id":"https:\/\/idakorea.ee\/#\/schema\/logo\/image\/","url":"https:\/\/idakorea.ee\/wp-content\/uploads\/2024\/05\/cropped-korea3.png","contentUrl":"https:\/\/idakorea.ee\/wp-content\/uploads\/2024\/05\/cropped-korea3.png","width":688,"height":126,"caption":"IDA.KOREA"},"image":{"@id":"https:\/\/idakorea.ee\/#\/schema\/logo\/image\/"},"sameAs":["https:\/\/www.instagram.com\/ida.korea\/"]}]}},"jetpack_sharing_enabled":true,"brands":[{"id":808,"name":"YHDEN P\u00c4IV\u00c4N SULLA","slug":"one-days-you"}],"_links":{"self":[{"href":"https:\/\/idakorea.ee\/fi\/wp-json\/wp\/v2\/product\/12257","targetHints":{"allow":["GET"]}}],"collection":[{"href":"https:\/\/idakorea.ee\/fi\/wp-json\/wp\/v2\/product"}],"about":[{"href":"https:\/\/idakorea.ee\/fi\/wp-json\/wp\/v2\/types\/product"}],"replies":[{"embeddable":true,"href":"https:\/\/idakorea.ee\/fi\/wp-json\/wp\/v2\/comments?post=12257"}],"version-history":[{"count":1,"href":"https:\/\/idakorea.ee\/fi\/wp-json\/wp\/v2\/product\/12257\/revisions"}],"predecessor-version":[{"id":12261,"href":"https:\/\/idakorea.ee\/fi\/wp-json\/wp\/v2\/product\/12257\/revisions\/12261"}],"wp:featuredmedia":[{"embeddable":true,"href":"https:\/\/idakorea.ee\/fi\/wp-json\/wp\/v2\/media\/12263"}],"wp:attachment":[{"href":"https:\/\/idakorea.ee\/fi\/wp-json\/wp\/v2\/media?parent=12257"}],"wp:term":[{"taxonomy":"pwb-brand","embeddable":true,"href":"https:\/\/idakorea.ee\/fi\/wp-json\/wp\/v2\/pwb-brand?post=12257"},{"taxonomy":"product_brand","embeddable":true,"href":"https:\/\/idakorea.ee\/fi\/wp-json\/wp\/v2\/product_brand?post=12257"},{"taxonomy":"product_cat","embeddable":true,"href":"https:\/\/idakorea.ee\/fi\/wp-json\/wp\/v2\/product_cat?post=12257"},{"taxonomy":"product_tag","embeddable":true,"href":"https:\/\/idakorea.ee\/fi\/wp-json\/wp\/v2\/product_tag?post=12257"}],"curies":[{"name":"wp","href":"https:\/\/api.w.org\/{rel}","templated":true}]}}