{"id":12304,"date":"2025-01-17T16:31:45","date_gmt":"2025-01-17T14:31:45","guid":{"rendered":"https:\/\/idakorea.ee\/?post_type=product&#038;p=12304"},"modified":"2026-03-22T19:05:15","modified_gmt":"2026-03-22T17:05:15","slug":"vananemisvastane-kangasmask-kollageeniga-medi-peel-derma-maison-wrinkle-collagen-facial-mask","status":"publish","type":"product","link":"https:\/\/idakorea.ee\/fi\/product\/vananemisvastane-kangasmask-kollageeniga-medi-peel-derma-maison-wrinkle-collagen-facial-mask\/","title":{"rendered":"Anti-ageing kangasnaamio, jossa on kollageenia Medi-Peel Derma Maison Wrinkle Collagen Facial Mask"},"content":{"rendered":"<p>Ik\u00e4\u00e4ntymist\u00e4 est\u00e4v\u00e4 kangasnaamio kollageenilla<strong> Medi-Peel Derma Maison Wrinkle -kollageenikasvonaamio<\/strong> V\u00e4hent\u00e4\u00e4 ryppyjen ja juonteiden n\u00e4kymist\u00e4, kiinteytt\u00e4\u00e4 hieman. Ravitsee soluja kosteudella, poistaa sameutta, tekee ihosta kiinte\u00e4mm\u00e4n ja joustavamman.<\/p>\n<p>Naamio poistaa nopeasti kuivuutta ja nestehukkaa, stimuloi kollageenin ja elastiinin synteesi\u00e4, nopeuttaa ihon paranemista ja uusiutumista. Hidastaa ik\u00e4\u00e4ntymisprosesseja, yll\u00e4pit\u00e4\u00e4 ihon s\u00e4vy\u00e4, torjuu veltostumista ja kimmoisuuden menetyst\u00e4.<\/p>\n<p>Kangasnaamio on valmistettu kest\u00e4v\u00e4st\u00e4, hypoallergeenisesta TENCEL-materiaalista, joka on per\u00e4isin eukalyptuspuista. Naamio on runsaasti vitamiiniuutteella kyll\u00e4stetty, tarttuu tiiviisti ihoon ja lis\u00e4\u00e4 hy\u00f6dyllisten aineiden imeytymist\u00e4.<\/p>\n<p><strong>T\u00e4rkeimm\u00e4t vaikuttavat aineosat:<\/strong><\/p>\n<ul>\n<li><strong>Hydrolysoitu kollageeni<\/strong> Palauttaa epidermiksen rakenteen sis\u00e4lt\u00e4p\u00e4in, vahvistaa soluseini\u00e4 ja parantaa proteiinisynteesi\u00e4. Tukee ihon matriisia, auttaa silottamaan hienoja ryppyj\u00e4 ja kuoppia.<\/li>\n<li><strong>Hydrolysoitu elastiini<\/strong> lis\u00e4\u00e4 ihon kimmoisuutta ja sileytt\u00e4, tasoittaa kasvojen muotoja.<\/li>\n<li><strong>Eri molekyylinen hyaluronihappo<\/strong> Tunkeutuu epidermiksen syvempiin kerroksiin, kosteuttaa aktiivisesti soluja ja edist\u00e4\u00e4 kosteuden s\u00e4ilymist\u00e4 ihossa. Muodostaa suojaavan kerroksen, joka est\u00e4\u00e4 kosteuden haihtumisen.<\/li>\n<li><strong>Palmitoyyli-pentapeptidi-4<\/strong> Stimuloi kollageenin ja elastiinin synteesi\u00e4, v\u00e4hent\u00e4\u00e4 ryppyjen syvyytt\u00e4.<\/li>\n<li><strong>Irlannin sammaluute<\/strong> omaa vahvoja antioksidanttisia ominaisuuksia, hidastaa ihon ik\u00e4\u00e4ntymist\u00e4 ja suojaa sit\u00e4 ulkoisten \u00e4rsykkeiden haitallisilta vaikutuksilta. Kosteuttaa soluja ja s\u00e4ilytt\u00e4\u00e4 kosteuden syv\u00e4ll\u00e4 ihossa, yll\u00e4pit\u00e4en sen luonnollista kosteustasoa ja ehk\u00e4isem\u00e4ll\u00e4 kuivumista.<\/li>\n<li><strong>Lesitiini<\/strong> Vahvistaa epidermiksen soluja ja kuituja, auttaa imeytym\u00e4\u00e4n hy\u00f6dyllisi\u00e4 aineita. Tukee ihon suojakerrosta, neutraloi vapaiden radikaalien, UV-s\u00e4teiden ja muiden ymp\u00e4rist\u00f6tekij\u00f6iden haitalliset vaikutukset.<\/li>\n<li><strong>Arginia<\/strong> Lis\u00e4\u00e4 ihon kimmoisuutta, stimuloi kollageenin ja elastiinin synteesi\u00e4, normalisoi mikroverenkiertoa epidermiksen kudoksissa. Nopeuttaa paranemisprosesseja ja parantaa ihonv\u00e4ri\u00e4.<\/li>\n<\/ul>\n<p>Sopii kaikille ihotyypeille.<\/p>\n<p>&nbsp;<\/p>\n<p><strong>K\u00e4ytt\u00f6:<\/strong> Levit\u00e4 naamio puhtaalle, kasvovedelle iholle ja anna vaikuttaa 10\u201320 minuuttia. Poista liina ja taputtele j\u00e4ljelle j\u00e4\u00e4nyt voide hell\u00e4varaisesti ihoon.<\/p>","protected":false},"excerpt":{"rendered":"<p>Anti-ageing-kangasnaamio, jossa on kollageenia Medi-Peel Derma Maison Wrinkle Collagen Facial Mask v\u00e4hent\u00e4\u00e4 ryppyjen ja juonteiden n\u00e4kyvyytt\u00e4, ja sill\u00e4 on kevyt kiinteytt\u00e4v\u00e4 vaikutus. Kosteuttaa soluja, poistaa sameutta, tekee ihosta kiinte\u00e4mm\u00e4n ja kimmoisamman. Naamio poistaa nopeasti kuivuuden ja kuivumisen, stimuloi kollageenin ja elastiinin synteesi\u00e4, nopeuttaa ihon paranemista ja uudistumista. Hidastaa ik\u00e4\u00e4ntymisprosessia, yll\u00e4pit\u00e4\u00e4 ihon s\u00e4vy\u00e4, torjuu veltostumista ja kimmoisuutta,...<\/p>","protected":false},"featured_media":12305,"comment_status":"open","ping_status":"closed","template":"","meta":{"_uf_show_specific_survey":0,"_uf_disable_surveys":false,"_bst_post_transparent":"default","_bst_post_title":"","_bst_post_layout":"default","_bst_post_sidebar_id":"","_bst_post_content_style":"default","_bst_post_vertical_padding":"default","_bst_post_feature":"","_bst_post_feature_position":"","_bst_post_header":false,"_bst_post_footer":false},"pwb-brand":[107],"product_brand":[],"product_cat":[92,98],"product_tag":[517,780,202,246,381],"class_list":{"0":"post-12304","1":"product","2":"type-product","3":"status-publish","4":"has-post-thumbnail","6":"pwb-brand-medipeel","7":"product_cat-nagu","8":"product_cat-naomaskid","9":"product_tag-collagen","10":"product_tag-derma-maison","11":"product_tag-korea-kosmeetika","12":"product_tag-korea-naomaskid","13":"product_tag-medipeel","15":"first","16":"outofstock","17":"sale","18":"shipping-taxable","19":"purchasable","20":"product-type-simple","21":"entry","22":"content-bg","23":"loop-entry"},"supplier_id":null,"supplier_sku":"","barcode":null,"atum_controlled":true,"out_stock_date":"2026-03-11 21:52:53","out_stock_threshold":null,"inheritable":false,"inbound_stock":0,"stock_on_hold":0,"sold_today":0,"sales_last_days":0,"out_stock_days":33,"lost_sales":79,"has_location":false,"update_date":"2026-04-14T00:05:08","atum_locations":[],"atum_stock_status":"outofstock","restock_status":false,"low_stock_amount":"","sales_update_date":"2026-04-14T00:05:08","calc_backorders":null,"yoast_head":"<!-- This site is optimized with the Yoast SEO plugin v27.2 - https:\/\/yoast.com\/product\/yoast-seo-wordpress\/ -->\n<title>Vananemisvastane kangasmask kollageeniga Medi-Peel Derma Maison Wrinkle Collagen Facial Mask - IDA.KOREA<\/title>\n<meta name=\"robots\" content=\"index, follow, max-snippet:-1, max-image-preview:large, max-video-preview:-1\" \/>\n<link rel=\"canonical\" href=\"https:\/\/idakorea.ee\/fi\/product\/vananemisvastane-kangasmask-kollageeniga-medi-peel-derma-maison-wrinkle-collagen-facial-mask\/\" \/>\n<meta property=\"og:locale\" content=\"fi_FI\" \/>\n<meta property=\"og:type\" content=\"article\" \/>\n<meta property=\"og:title\" content=\"Vananemisvastane kangasmask kollageeniga Medi-Peel Derma Maison Wrinkle Collagen Facial Mask - IDA.KOREA\" \/>\n<meta property=\"og:description\" content=\"Vananemisvastane kangasmask kollageeniga Medi-Peel Derma Maison Wrinkle Collagen Facial Mask v\u00e4hendab kortsude ja naha kortsukeste n\u00e4htavust, avaldab kerget pinguldavat efekti. Toidab rakke niiskusega, eemaldab tuhmuse, muudab naha tihedamaks ja elastsemaks. Mask k\u00f5rvaldab kiiresti kuivuse ja veetustatuse, stimuleerib kollageeni ja elastiini s\u00fcnteesi, kiirendab naha paranemist ja uuenemist. Aeglustab vananemisprotsesse, s\u00e4ilitab naha toonust, v\u00f5itleb l\u00f5tvumise ja elastsuse...\" \/>\n<meta property=\"og:url\" content=\"https:\/\/idakorea.ee\/fi\/product\/vananemisvastane-kangasmask-kollageeniga-medi-peel-derma-maison-wrinkle-collagen-facial-mask\/\" \/>\n<meta property=\"og:site_name\" content=\"IDA.KOREA\" \/>\n<meta property=\"article:modified_time\" content=\"2026-03-22T17:05:15+00:00\" \/>\n<meta property=\"og:image\" content=\"https:\/\/idakorea.ee\/wp-content\/uploads\/2025\/01\/402e6ebc9180.jpg\" \/>\n\t<meta property=\"og:image:width\" content=\"867\" \/>\n\t<meta property=\"og:image:height\" content=\"868\" \/>\n\t<meta property=\"og:image:type\" content=\"image\/jpeg\" \/>\n<meta name=\"twitter:card\" content=\"summary_large_image\" \/>\n<meta name=\"twitter:label1\" content=\"Arvioitu lukuaika\" \/>\n\t<meta name=\"twitter:data1\" content=\"2 minuuttia\" \/>\n<script type=\"application\/ld+json\" class=\"yoast-schema-graph\">{\"@context\":\"https:\/\/schema.org\",\"@graph\":[{\"@type\":\"WebPage\",\"@id\":\"https:\/\/idakorea.ee\/product\/vananemisvastane-kangasmask-kollageeniga-medi-peel-derma-maison-wrinkle-collagen-facial-mask\/\",\"url\":\"https:\/\/idakorea.ee\/product\/vananemisvastane-kangasmask-kollageeniga-medi-peel-derma-maison-wrinkle-collagen-facial-mask\/\",\"name\":\"Vananemisvastane kangasmask kollageeniga Medi-Peel Derma Maison Wrinkle Collagen Facial Mask - IDA.KOREA\",\"isPartOf\":{\"@id\":\"https:\/\/idakorea.ee\/#website\"},\"primaryImageOfPage\":{\"@id\":\"https:\/\/idakorea.ee\/product\/vananemisvastane-kangasmask-kollageeniga-medi-peel-derma-maison-wrinkle-collagen-facial-mask\/#primaryimage\"},\"image\":{\"@id\":\"https:\/\/idakorea.ee\/product\/vananemisvastane-kangasmask-kollageeniga-medi-peel-derma-maison-wrinkle-collagen-facial-mask\/#primaryimage\"},\"thumbnailUrl\":\"https:\/\/idakorea.ee\/wp-content\/uploads\/2025\/01\/402e6ebc9180.jpg\",\"datePublished\":\"2025-01-17T14:31:45+00:00\",\"dateModified\":\"2026-03-22T17:05:15+00:00\",\"breadcrumb\":{\"@id\":\"https:\/\/idakorea.ee\/product\/vananemisvastane-kangasmask-kollageeniga-medi-peel-derma-maison-wrinkle-collagen-facial-mask\/#breadcrumb\"},\"inLanguage\":\"fi\",\"potentialAction\":[{\"@type\":\"ReadAction\",\"target\":[\"https:\/\/idakorea.ee\/product\/vananemisvastane-kangasmask-kollageeniga-medi-peel-derma-maison-wrinkle-collagen-facial-mask\/\"]}]},{\"@type\":\"ImageObject\",\"inLanguage\":\"fi\",\"@id\":\"https:\/\/idakorea.ee\/product\/vananemisvastane-kangasmask-kollageeniga-medi-peel-derma-maison-wrinkle-collagen-facial-mask\/#primaryimage\",\"url\":\"https:\/\/idakorea.ee\/wp-content\/uploads\/2025\/01\/402e6ebc9180.jpg\",\"contentUrl\":\"https:\/\/idakorea.ee\/wp-content\/uploads\/2025\/01\/402e6ebc9180.jpg\",\"width\":867,\"height\":868},{\"@type\":\"BreadcrumbList\",\"@id\":\"https:\/\/idakorea.ee\/product\/vananemisvastane-kangasmask-kollageeniga-medi-peel-derma-maison-wrinkle-collagen-facial-mask\/#breadcrumb\",\"itemListElement\":[{\"@type\":\"ListItem\",\"position\":1,\"name\":\"\u0413\u043b\u0430\u0432\u043d\u0430\u044f \u0441\u0442\u0440\u0430\u043d\u0438\u0446\u0430\",\"item\":\"https:\/\/idakorea.ee\/\"},{\"@type\":\"ListItem\",\"position\":2,\"name\":\"Shop\",\"item\":\"https:\/\/idakorea.ee\/shop-2\/\"},{\"@type\":\"ListItem\",\"position\":3,\"name\":\"Vananemisvastane kangasmask kollageeniga Medi-Peel Derma Maison Wrinkle Collagen Facial Mask\"}]},{\"@type\":\"WebSite\",\"@id\":\"https:\/\/idakorea.ee\/#website\",\"url\":\"https:\/\/idakorea.ee\/\",\"name\":\"IDA.KOREA\",\"description\":\"Korea kosmeetika e-pood\",\"publisher\":{\"@id\":\"https:\/\/idakorea.ee\/#organization\"},\"alternateName\":\"Beauty Shop\",\"potentialAction\":[{\"@type\":\"SearchAction\",\"target\":{\"@type\":\"EntryPoint\",\"urlTemplate\":\"https:\/\/idakorea.ee\/?s={search_term_string}\"},\"query-input\":{\"@type\":\"PropertyValueSpecification\",\"valueRequired\":true,\"valueName\":\"search_term_string\"}}],\"inLanguage\":\"fi\"},{\"@type\":\"Organization\",\"@id\":\"https:\/\/idakorea.ee\/#organization\",\"name\":\"IDA.KOREA\",\"url\":\"https:\/\/idakorea.ee\/\",\"logo\":{\"@type\":\"ImageObject\",\"inLanguage\":\"fi\",\"@id\":\"https:\/\/idakorea.ee\/#\/schema\/logo\/image\/\",\"url\":\"https:\/\/idakorea.ee\/wp-content\/uploads\/2024\/05\/cropped-korea3.png\",\"contentUrl\":\"https:\/\/idakorea.ee\/wp-content\/uploads\/2024\/05\/cropped-korea3.png\",\"width\":688,\"height\":126,\"caption\":\"IDA.KOREA\"},\"image\":{\"@id\":\"https:\/\/idakorea.ee\/#\/schema\/logo\/image\/\"},\"sameAs\":[\"https:\/\/www.instagram.com\/ida.korea\/\"]}]}<\/script>\n<!-- \/ Yoast SEO plugin. -->","yoast_head_json":{"title":"Ik\u00e4\u00e4ntymist\u00e4 ehk\u00e4isev\u00e4 kangasnaamio kollageenilla Medi-Peel Derma Maison Wrinkle Collagen Facial Mask - It\u00e4-Korea","robots":{"index":"index","follow":"follow","max-snippet":"max-snippet:-1","max-image-preview":"max-image-preview:large","max-video-preview":"max-video-preview:-1"},"canonical":"https:\/\/idakorea.ee\/fi\/product\/vananemisvastane-kangasmask-kollageeniga-medi-peel-derma-maison-wrinkle-collagen-facial-mask\/","og_locale":"fi_FI","og_type":"article","og_title":"Vananemisvastane kangasmask kollageeniga Medi-Peel Derma Maison Wrinkle Collagen Facial Mask - IDA.KOREA","og_description":"Vananemisvastane kangasmask kollageeniga Medi-Peel Derma Maison Wrinkle Collagen Facial Mask v\u00e4hendab kortsude ja naha kortsukeste n\u00e4htavust, avaldab kerget pinguldavat efekti. Toidab rakke niiskusega, eemaldab tuhmuse, muudab naha tihedamaks ja elastsemaks. Mask k\u00f5rvaldab kiiresti kuivuse ja veetustatuse, stimuleerib kollageeni ja elastiini s\u00fcnteesi, kiirendab naha paranemist ja uuenemist. Aeglustab vananemisprotsesse, s\u00e4ilitab naha toonust, v\u00f5itleb l\u00f5tvumise ja elastsuse...","og_url":"https:\/\/idakorea.ee\/fi\/product\/vananemisvastane-kangasmask-kollageeniga-medi-peel-derma-maison-wrinkle-collagen-facial-mask\/","og_site_name":"IDA.KOREA","article_modified_time":"2026-03-22T17:05:15+00:00","og_image":[{"width":867,"height":868,"url":"https:\/\/idakorea.ee\/wp-content\/uploads\/2025\/01\/402e6ebc9180.jpg","type":"image\/jpeg"}],"twitter_card":"summary_large_image","twitter_misc":{"Arvioitu lukuaika":"2 minuuttia"},"schema":{"@context":"https:\/\/schema.org","@graph":[{"@type":"WebPage","@id":"https:\/\/idakorea.ee\/product\/vananemisvastane-kangasmask-kollageeniga-medi-peel-derma-maison-wrinkle-collagen-facial-mask\/","url":"https:\/\/idakorea.ee\/product\/vananemisvastane-kangasmask-kollageeniga-medi-peel-derma-maison-wrinkle-collagen-facial-mask\/","name":"Ik\u00e4\u00e4ntymist\u00e4 ehk\u00e4isev\u00e4 kangasnaamio kollageenilla Medi-Peel Derma Maison Wrinkle Collagen Facial Mask - It\u00e4-Korea","isPartOf":{"@id":"https:\/\/idakorea.ee\/#website"},"primaryImageOfPage":{"@id":"https:\/\/idakorea.ee\/product\/vananemisvastane-kangasmask-kollageeniga-medi-peel-derma-maison-wrinkle-collagen-facial-mask\/#primaryimage"},"image":{"@id":"https:\/\/idakorea.ee\/product\/vananemisvastane-kangasmask-kollageeniga-medi-peel-derma-maison-wrinkle-collagen-facial-mask\/#primaryimage"},"thumbnailUrl":"https:\/\/idakorea.ee\/wp-content\/uploads\/2025\/01\/402e6ebc9180.jpg","datePublished":"2025-01-17T14:31:45+00:00","dateModified":"2026-03-22T17:05:15+00:00","breadcrumb":{"@id":"https:\/\/idakorea.ee\/product\/vananemisvastane-kangasmask-kollageeniga-medi-peel-derma-maison-wrinkle-collagen-facial-mask\/#breadcrumb"},"inLanguage":"fi","potentialAction":[{"@type":"ReadAction","target":["https:\/\/idakorea.ee\/product\/vananemisvastane-kangasmask-kollageeniga-medi-peel-derma-maison-wrinkle-collagen-facial-mask\/"]}]},{"@type":"ImageObject","inLanguage":"fi","@id":"https:\/\/idakorea.ee\/product\/vananemisvastane-kangasmask-kollageeniga-medi-peel-derma-maison-wrinkle-collagen-facial-mask\/#primaryimage","url":"https:\/\/idakorea.ee\/wp-content\/uploads\/2025\/01\/402e6ebc9180.jpg","contentUrl":"https:\/\/idakorea.ee\/wp-content\/uploads\/2025\/01\/402e6ebc9180.jpg","width":867,"height":868},{"@type":"BreadcrumbList","@id":"https:\/\/idakorea.ee\/product\/vananemisvastane-kangasmask-kollageeniga-medi-peel-derma-maison-wrinkle-collagen-facial-mask\/#breadcrumb","itemListElement":[{"@type":"ListItem","position":1,"name":"\u0413\u043b\u0430\u0432\u043d\u0430\u044f \u0441\u0442\u0440\u0430\u043d\u0438\u0446\u0430","item":"https:\/\/idakorea.ee\/"},{"@type":"ListItem","position":2,"name":"Shop","item":"https:\/\/idakorea.ee\/shop-2\/"},{"@type":"ListItem","position":3,"name":"Vananemisvastane kangasmask kollageeniga Medi-Peel Derma Maison Wrinkle Collagen Facial Mask"}]},{"@type":"WebSite","@id":"https:\/\/idakorea.ee\/#website","url":"https:\/\/idakorea.ee\/","name":"IDA.KOREA","description":"Korean kosmetiikan verkkokauppa","publisher":{"@id":"https:\/\/idakorea.ee\/#organization"},"alternateName":"Beauty Shop","potentialAction":[{"@type":"SearchAction","target":{"@type":"EntryPoint","urlTemplate":"https:\/\/idakorea.ee\/?s={search_term_string}"},"query-input":{"@type":"PropertyValueSpecification","valueRequired":true,"valueName":"search_term_string"}}],"inLanguage":"fi"},{"@type":"Organization","@id":"https:\/\/idakorea.ee\/#organization","name":"IDA.KOREA","url":"https:\/\/idakorea.ee\/","logo":{"@type":"ImageObject","inLanguage":"fi","@id":"https:\/\/idakorea.ee\/#\/schema\/logo\/image\/","url":"https:\/\/idakorea.ee\/wp-content\/uploads\/2024\/05\/cropped-korea3.png","contentUrl":"https:\/\/idakorea.ee\/wp-content\/uploads\/2024\/05\/cropped-korea3.png","width":688,"height":126,"caption":"IDA.KOREA"},"image":{"@id":"https:\/\/idakorea.ee\/#\/schema\/logo\/image\/"},"sameAs":["https:\/\/www.instagram.com\/ida.korea\/"]}]}},"jetpack_sharing_enabled":true,"brands":[{"id":107,"name":"MEDIPEEL+","slug":"medipeel"}],"_links":{"self":[{"href":"https:\/\/idakorea.ee\/fi\/wp-json\/wp\/v2\/product\/12304","targetHints":{"allow":["GET"]}}],"collection":[{"href":"https:\/\/idakorea.ee\/fi\/wp-json\/wp\/v2\/product"}],"about":[{"href":"https:\/\/idakorea.ee\/fi\/wp-json\/wp\/v2\/types\/product"}],"replies":[{"embeddable":true,"href":"https:\/\/idakorea.ee\/fi\/wp-json\/wp\/v2\/comments?post=12304"}],"version-history":[{"count":3,"href":"https:\/\/idakorea.ee\/fi\/wp-json\/wp\/v2\/product\/12304\/revisions"}],"predecessor-version":[{"id":18206,"href":"https:\/\/idakorea.ee\/fi\/wp-json\/wp\/v2\/product\/12304\/revisions\/18206"}],"wp:featuredmedia":[{"embeddable":true,"href":"https:\/\/idakorea.ee\/fi\/wp-json\/wp\/v2\/media\/12305"}],"wp:attachment":[{"href":"https:\/\/idakorea.ee\/fi\/wp-json\/wp\/v2\/media?parent=12304"}],"wp:term":[{"taxonomy":"pwb-brand","embeddable":true,"href":"https:\/\/idakorea.ee\/fi\/wp-json\/wp\/v2\/pwb-brand?post=12304"},{"taxonomy":"product_brand","embeddable":true,"href":"https:\/\/idakorea.ee\/fi\/wp-json\/wp\/v2\/product_brand?post=12304"},{"taxonomy":"product_cat","embeddable":true,"href":"https:\/\/idakorea.ee\/fi\/wp-json\/wp\/v2\/product_cat?post=12304"},{"taxonomy":"product_tag","embeddable":true,"href":"https:\/\/idakorea.ee\/fi\/wp-json\/wp\/v2\/product_tag?post=12304"}],"curies":[{"name":"wp","href":"https:\/\/api.w.org\/{rel}","templated":true}]}}