{"id":12308,"date":"2025-01-17T17:54:18","date_gmt":"2025-01-17T15:54:18","guid":{"rendered":"https:\/\/idakorea.ee\/?post_type=product&#038;p=12308"},"modified":"2026-03-25T10:22:09","modified_gmt":"2026-03-25T08:22:09","slug":"barjaarkreem-kollageeni-ja-peptiididega-medipeel-red-lacto-collagen-barrier-cream","status":"publish","type":"product","link":"https:\/\/idakorea.ee\/fi\/product\/barjaarkreem-kollageeni-ja-peptiididega-medipeel-red-lacto-collagen-barrier-cream\/","title":{"rendered":"Kollageenia ja peptidej\u00e4 sis\u00e4lt\u00e4v\u00e4 suojavoide Medipeel+ Lacto Collagen -suojavoide, 80ml"},"content":{"rendered":"<p><strong>Kollageenia ja peptidej\u00e4 sis\u00e4lt\u00e4v\u00e4 suojavoide MEDIPEEL Lacto Collagen Barrier Cream<\/strong> Kosteuttaa ihoa syv\u00e4lt\u00e4 ja pitk\u00e4kestoisesti auttaen torjumaan ik\u00e4\u00e4ntymisen merkkej\u00e4. Voide vahvistaa ihokudoksia, parantaa ihon s\u00e4vy\u00e4, v\u00e4hent\u00e4\u00e4 ryppyj\u00e4 ja juonteita. Sill\u00e4 on tulehdusta est\u00e4v\u00e4 vaikutus, joka lievitt\u00e4\u00e4 \u00e4rsytyst\u00e4 ja v\u00e4hent\u00e4\u00e4 punoitusta.<\/p>\n<p><strong>T\u00e4rkeimm\u00e4t vaikuttavat aineet:<\/strong><\/p>\n<ul>\n<li><strong>Probioottikompleksi<\/strong> Palauttaa ihon hydrolipiditasapainon, est\u00e4\u00e4 tulehdusprosesseja ja vahvistaa ihon paikallista vastustuskyky\u00e4. Se aktivoi mikroverenkiertoa ja solujen uusiutumista, tasoittaa ihon s\u00e4vy\u00e4 ja antaa iholle terveen hehkun. Ainesosa ehk\u00e4isee valo- ja kronoagingia ja tarjoaa antioksidanttisen suojan vapaiden radikaalien haitallisia vaikutuksia vastaan.<\/li>\n<li><strong>Syn-Collagen booster\u2122<\/strong> on patentoitu kollageenin hybridimuoto, joka hidastaa ihon ik\u00e4\u00e4ntymist\u00e4, v\u00e4hent\u00e4\u00e4 glykaation vaikutuksia ja tarjoaa syv\u00e4kosteutusta. Vahvistaa kapillaarien sein\u00e4mi\u00e4, parantaa ihon s\u00e4vy\u00e4 ja v\u00e4hent\u00e4\u00e4 ryppyj\u00e4 ja juonteita.<\/li>\n<li><strong>Peptidilihasrelaksantit<\/strong> rentouttaa kasvolihaksia, silottaa ryppyj\u00e4 ja ehk\u00e4isee niiden muodostumista.<\/li>\n<li><strong>Signaalipeptidit<\/strong> Aktivoi kollageenin ja elastiinin synteesi\u00e4, ehk\u00e4isee ennenaikaista ik\u00e4\u00e4ntymist\u00e4, kudosten veltostumista ja kasvojen \u00e4\u00e4riviivojen ep\u00e4muodostumia.<\/li>\n<li><strong>Keramidit<\/strong> palauttaa ihon sarveiskerroksen eheyden ja luo suojaavan kerroksen, joka est\u00e4\u00e4 transepidermaalista kosteuden menetyst\u00e4.<\/li>\n<\/ul>\n<p><strong>Voide on rikastettu kasviuutteilla, jotka parantavat ihon kimmoisuutta ja s\u00e4vy\u00e4:<\/strong><\/p>\n<ul>\n<li><strong>Granaattiomenauute<\/strong> on voimakas antioksidanttinen vaikutus, aktivoi kollageenin ja elastiinin synteesi\u00e4 ja est\u00e4\u00e4 kudosten veltostumista.<\/li>\n<li><strong>Karpalouute<\/strong> on nuorentava vaikutus, nopeuttaa uudistumisprosesseja ja palauttaa ihon kimmoisuuden.<\/li>\n<li><strong>Mansikan uute<\/strong> Kuorii ihoa hell\u00e4varaisesti, vaalentaa pigmenttimuutoksia ja pienent\u00e4\u00e4 ihohuokosten kokoa ja syvyytt\u00e4.<\/li>\n<li><strong>Omenauute<\/strong> on tulehdusta ehk\u00e4isev\u00e4, virkist\u00e4\u00e4 ihoa ja antaa sille terveen hehkun.<\/li>\n<\/ul>\n<p>Sopii kuivalle, sekaiholle ja herk\u00e4lle iholle.<\/p>\n<p><strong>K\u00e4ytt\u00f6:<\/strong> Levit\u00e4 voidetta hierontalinjoja pitkin ihonhoidon viimeisen\u00e4 vaiheena.<\/p>","protected":false},"excerpt":{"rendered":"<p>MEDIPEEL Lacto Collagen Barrier Cream -voide, jossa on kollageenia ja peptidej\u00e4, tarjoaa syv\u00e4\u00e4 ja pitk\u00e4kestoista kosteutusta, joka auttaa torjumaan ik\u00e4\u00e4ntymisen merkkej\u00e4. Voide vahvistaa ihokudoksia, parantaa ihon s\u00e4vy\u00e4, v\u00e4hent\u00e4\u00e4 ryppyj\u00e4 ja juonteita. Sill\u00e4 on anti-inflammatorinen vaikutus, joka lievitt\u00e4\u00e4 \u00e4rsytyst\u00e4 ja v\u00e4hent\u00e4\u00e4 punoitusta. T\u00e4rkeimm\u00e4t aktiiviset ainesosat: Probioottikompleksi palauttaa ihon hydrolipiditasapainon, est\u00e4\u00e4 tulehdusprosesseja ja vahvistaa ihon paikallista immuniteettia.....<\/p>","protected":false},"featured_media":12309,"comment_status":"open","ping_status":"closed","template":"","meta":{"_uf_show_specific_survey":0,"_uf_disable_surveys":false,"_bst_post_transparent":"default","_bst_post_title":"","_bst_post_layout":"default","_bst_post_sidebar_id":"","_bst_post_content_style":"default","_bst_post_vertical_padding":"default","_bst_post_feature":"","_bst_post_feature_position":"","_bst_post_header":false,"_bst_post_footer":false},"pwb-brand":[107],"product_brand":[],"product_cat":[92,96],"product_tag":[959],"class_list":{"0":"post-12308","1":"product","2":"type-product","3":"status-publish","4":"has-post-thumbnail","6":"pwb-brand-medipeel","7":"product_cat-nagu","8":"product_cat-naokreemid","9":"product_tag-collagen-medipeel","11":"first","12":"instock","13":"sale","14":"shipping-taxable","15":"purchasable","16":"product-type-simple","17":"entry","18":"content-bg","19":"loop-entry"},"supplier_id":null,"supplier_sku":"","barcode":null,"atum_controlled":true,"out_stock_date":null,"out_stock_threshold":null,"inheritable":false,"inbound_stock":0,"stock_on_hold":0,"sold_today":0,"sales_last_days":0,"out_stock_days":0,"lost_sales":0,"has_location":false,"update_date":"2026-04-14T00:05:08","atum_locations":[],"atum_stock_status":"instock","restock_status":false,"low_stock_amount":"","sales_update_date":"2026-04-14T00:05:08","calc_backorders":null,"yoast_head":"<!-- This site is optimized with the Yoast SEO plugin v27.2 - https:\/\/yoast.com\/product\/yoast-seo-wordpress\/ -->\n<title>Medipeel+ Lacto Collagen Barrier Cream, 80ml - IDA.KOREA<\/title>\n<meta name=\"description\" content=\"Barj\u00e4\u00e4rkreem kollageeni ja peptiididega Lacto Collagen Barrier Cream tagab naha s\u00fcgava ja pikaajalise niisutuse, aidates v\u00f5idelda vananemise ilmingutega.\" \/>\n<meta name=\"robots\" content=\"index, follow, max-snippet:-1, max-image-preview:large, max-video-preview:-1\" \/>\n<link rel=\"canonical\" href=\"https:\/\/idakorea.ee\/fi\/product\/barjaarkreem-kollageeni-ja-peptiididega-medipeel-red-lacto-collagen-barrier-cream\/\" \/>\n<meta property=\"og:locale\" content=\"fi_FI\" \/>\n<meta property=\"og:type\" content=\"article\" \/>\n<meta property=\"og:title\" content=\"Medipeel+ Lacto Collagen Barrier Cream, 80ml - IDA.KOREA\" \/>\n<meta property=\"og:description\" content=\"Barj\u00e4\u00e4rkreem kollageeni ja peptiididega Lacto Collagen Barrier Cream tagab naha s\u00fcgava ja pikaajalise niisutuse, aidates v\u00f5idelda vananemise ilmingutega.\" \/>\n<meta property=\"og:url\" content=\"https:\/\/idakorea.ee\/fi\/product\/barjaarkreem-kollageeni-ja-peptiididega-medipeel-red-lacto-collagen-barrier-cream\/\" \/>\n<meta property=\"og:site_name\" content=\"IDA.KOREA\" \/>\n<meta property=\"article:modified_time\" content=\"2026-03-25T08:22:09+00:00\" \/>\n<meta property=\"og:image\" content=\"https:\/\/idakorea.ee\/wp-content\/uploads\/2025\/01\/gdgdfggd.png\" \/>\n\t<meta property=\"og:image:width\" content=\"1000\" \/>\n\t<meta property=\"og:image:height\" content=\"1000\" \/>\n\t<meta property=\"og:image:type\" content=\"image\/png\" \/>\n<meta name=\"twitter:card\" content=\"summary_large_image\" \/>\n<meta name=\"twitter:label1\" content=\"Arvioitu lukuaika\" \/>\n\t<meta name=\"twitter:data1\" content=\"2 minuuttia\" \/>\n<script type=\"application\/ld+json\" class=\"yoast-schema-graph\">{\"@context\":\"https:\/\/schema.org\",\"@graph\":[{\"@type\":\"WebPage\",\"@id\":\"https:\/\/idakorea.ee\/product\/barjaarkreem-kollageeni-ja-peptiididega-medipeel-red-lacto-collagen-barrier-cream\/\",\"url\":\"https:\/\/idakorea.ee\/product\/barjaarkreem-kollageeni-ja-peptiididega-medipeel-red-lacto-collagen-barrier-cream\/\",\"name\":\"Medipeel+ Lacto Collagen Barrier Cream, 80ml - IDA.KOREA\",\"isPartOf\":{\"@id\":\"https:\/\/idakorea.ee\/#website\"},\"primaryImageOfPage\":{\"@id\":\"https:\/\/idakorea.ee\/product\/barjaarkreem-kollageeni-ja-peptiididega-medipeel-red-lacto-collagen-barrier-cream\/#primaryimage\"},\"image\":{\"@id\":\"https:\/\/idakorea.ee\/product\/barjaarkreem-kollageeni-ja-peptiididega-medipeel-red-lacto-collagen-barrier-cream\/#primaryimage\"},\"thumbnailUrl\":\"https:\/\/idakorea.ee\/wp-content\/uploads\/2025\/01\/gdgdfggd.png\",\"datePublished\":\"2025-01-17T15:54:18+00:00\",\"dateModified\":\"2026-03-25T08:22:09+00:00\",\"description\":\"Barj\u00e4\u00e4rkreem kollageeni ja peptiididega Lacto Collagen Barrier Cream tagab naha s\u00fcgava ja pikaajalise niisutuse, aidates v\u00f5idelda vananemise ilmingutega.\",\"breadcrumb\":{\"@id\":\"https:\/\/idakorea.ee\/product\/barjaarkreem-kollageeni-ja-peptiididega-medipeel-red-lacto-collagen-barrier-cream\/#breadcrumb\"},\"inLanguage\":\"fi\",\"potentialAction\":[{\"@type\":\"ReadAction\",\"target\":[\"https:\/\/idakorea.ee\/product\/barjaarkreem-kollageeni-ja-peptiididega-medipeel-red-lacto-collagen-barrier-cream\/\"]}]},{\"@type\":\"ImageObject\",\"inLanguage\":\"fi\",\"@id\":\"https:\/\/idakorea.ee\/product\/barjaarkreem-kollageeni-ja-peptiididega-medipeel-red-lacto-collagen-barrier-cream\/#primaryimage\",\"url\":\"https:\/\/idakorea.ee\/wp-content\/uploads\/2025\/01\/gdgdfggd.png\",\"contentUrl\":\"https:\/\/idakorea.ee\/wp-content\/uploads\/2025\/01\/gdgdfggd.png\",\"width\":1000,\"height\":1000},{\"@type\":\"BreadcrumbList\",\"@id\":\"https:\/\/idakorea.ee\/product\/barjaarkreem-kollageeni-ja-peptiididega-medipeel-red-lacto-collagen-barrier-cream\/#breadcrumb\",\"itemListElement\":[{\"@type\":\"ListItem\",\"position\":1,\"name\":\"\u0413\u043b\u0430\u0432\u043d\u0430\u044f \u0441\u0442\u0440\u0430\u043d\u0438\u0446\u0430\",\"item\":\"https:\/\/idakorea.ee\/\"},{\"@type\":\"ListItem\",\"position\":2,\"name\":\"Shop\",\"item\":\"https:\/\/idakorea.ee\/shop-2\/\"},{\"@type\":\"ListItem\",\"position\":3,\"name\":\"Barj\u00e4\u00e4rkreem kollageeni ja peptiididega Medipeel+ Lacto Collagen Barrier Cream, 80ml\"}]},{\"@type\":\"WebSite\",\"@id\":\"https:\/\/idakorea.ee\/#website\",\"url\":\"https:\/\/idakorea.ee\/\",\"name\":\"IDA.KOREA\",\"description\":\"Korea kosmeetika e-pood\",\"publisher\":{\"@id\":\"https:\/\/idakorea.ee\/#organization\"},\"alternateName\":\"Beauty Shop\",\"potentialAction\":[{\"@type\":\"SearchAction\",\"target\":{\"@type\":\"EntryPoint\",\"urlTemplate\":\"https:\/\/idakorea.ee\/?s={search_term_string}\"},\"query-input\":{\"@type\":\"PropertyValueSpecification\",\"valueRequired\":true,\"valueName\":\"search_term_string\"}}],\"inLanguage\":\"fi\"},{\"@type\":\"Organization\",\"@id\":\"https:\/\/idakorea.ee\/#organization\",\"name\":\"IDA.KOREA\",\"url\":\"https:\/\/idakorea.ee\/\",\"logo\":{\"@type\":\"ImageObject\",\"inLanguage\":\"fi\",\"@id\":\"https:\/\/idakorea.ee\/#\/schema\/logo\/image\/\",\"url\":\"https:\/\/idakorea.ee\/wp-content\/uploads\/2024\/05\/cropped-korea3.png\",\"contentUrl\":\"https:\/\/idakorea.ee\/wp-content\/uploads\/2024\/05\/cropped-korea3.png\",\"width\":688,\"height\":126,\"caption\":\"IDA.KOREA\"},\"image\":{\"@id\":\"https:\/\/idakorea.ee\/#\/schema\/logo\/image\/\"},\"sameAs\":[\"https:\/\/www.instagram.com\/ida.korea\/\"]}]}<\/script>\n<!-- \/ Yoast SEO plugin. -->","yoast_head_json":{"title":"Medipeel+ Lacto Collagen -suojavoide, 80ml - IDA.KOREA","description":"Lacto Collagen Barrier Cream -voide, joka sis\u00e4lt\u00e4\u00e4 kollageenia ja peptidej\u00e4, kosteuttaa ihoa syv\u00e4lt\u00e4 ja pitk\u00e4kestoisesti ja auttaa torjumaan ik\u00e4\u00e4ntymisen merkkej\u00e4.","robots":{"index":"index","follow":"follow","max-snippet":"max-snippet:-1","max-image-preview":"max-image-preview:large","max-video-preview":"max-video-preview:-1"},"canonical":"https:\/\/idakorea.ee\/fi\/product\/barjaarkreem-kollageeni-ja-peptiididega-medipeel-red-lacto-collagen-barrier-cream\/","og_locale":"fi_FI","og_type":"article","og_title":"Medipeel+ Lacto Collagen Barrier Cream, 80ml - IDA.KOREA","og_description":"Barj\u00e4\u00e4rkreem kollageeni ja peptiididega Lacto Collagen Barrier Cream tagab naha s\u00fcgava ja pikaajalise niisutuse, aidates v\u00f5idelda vananemise ilmingutega.","og_url":"https:\/\/idakorea.ee\/fi\/product\/barjaarkreem-kollageeni-ja-peptiididega-medipeel-red-lacto-collagen-barrier-cream\/","og_site_name":"IDA.KOREA","article_modified_time":"2026-03-25T08:22:09+00:00","og_image":[{"width":1000,"height":1000,"url":"https:\/\/idakorea.ee\/wp-content\/uploads\/2025\/01\/gdgdfggd.png","type":"image\/png"}],"twitter_card":"summary_large_image","twitter_misc":{"Arvioitu lukuaika":"2 minuuttia"},"schema":{"@context":"https:\/\/schema.org","@graph":[{"@type":"WebPage","@id":"https:\/\/idakorea.ee\/product\/barjaarkreem-kollageeni-ja-peptiididega-medipeel-red-lacto-collagen-barrier-cream\/","url":"https:\/\/idakorea.ee\/product\/barjaarkreem-kollageeni-ja-peptiididega-medipeel-red-lacto-collagen-barrier-cream\/","name":"Medipeel+ Lacto Collagen -suojavoide, 80ml - IDA.KOREA","isPartOf":{"@id":"https:\/\/idakorea.ee\/#website"},"primaryImageOfPage":{"@id":"https:\/\/idakorea.ee\/product\/barjaarkreem-kollageeni-ja-peptiididega-medipeel-red-lacto-collagen-barrier-cream\/#primaryimage"},"image":{"@id":"https:\/\/idakorea.ee\/product\/barjaarkreem-kollageeni-ja-peptiididega-medipeel-red-lacto-collagen-barrier-cream\/#primaryimage"},"thumbnailUrl":"https:\/\/idakorea.ee\/wp-content\/uploads\/2025\/01\/gdgdfggd.png","datePublished":"2025-01-17T15:54:18+00:00","dateModified":"2026-03-25T08:22:09+00:00","description":"Lacto Collagen Barrier Cream -voide, joka sis\u00e4lt\u00e4\u00e4 kollageenia ja peptidej\u00e4, kosteuttaa ihoa syv\u00e4lt\u00e4 ja pitk\u00e4kestoisesti ja auttaa torjumaan ik\u00e4\u00e4ntymisen merkkej\u00e4.","breadcrumb":{"@id":"https:\/\/idakorea.ee\/product\/barjaarkreem-kollageeni-ja-peptiididega-medipeel-red-lacto-collagen-barrier-cream\/#breadcrumb"},"inLanguage":"fi","potentialAction":[{"@type":"ReadAction","target":["https:\/\/idakorea.ee\/product\/barjaarkreem-kollageeni-ja-peptiididega-medipeel-red-lacto-collagen-barrier-cream\/"]}]},{"@type":"ImageObject","inLanguage":"fi","@id":"https:\/\/idakorea.ee\/product\/barjaarkreem-kollageeni-ja-peptiididega-medipeel-red-lacto-collagen-barrier-cream\/#primaryimage","url":"https:\/\/idakorea.ee\/wp-content\/uploads\/2025\/01\/gdgdfggd.png","contentUrl":"https:\/\/idakorea.ee\/wp-content\/uploads\/2025\/01\/gdgdfggd.png","width":1000,"height":1000},{"@type":"BreadcrumbList","@id":"https:\/\/idakorea.ee\/product\/barjaarkreem-kollageeni-ja-peptiididega-medipeel-red-lacto-collagen-barrier-cream\/#breadcrumb","itemListElement":[{"@type":"ListItem","position":1,"name":"\u0413\u043b\u0430\u0432\u043d\u0430\u044f \u0441\u0442\u0440\u0430\u043d\u0438\u0446\u0430","item":"https:\/\/idakorea.ee\/"},{"@type":"ListItem","position":2,"name":"Shop","item":"https:\/\/idakorea.ee\/shop-2\/"},{"@type":"ListItem","position":3,"name":"Barj\u00e4\u00e4rkreem kollageeni ja peptiididega Medipeel+ Lacto Collagen Barrier Cream, 80ml"}]},{"@type":"WebSite","@id":"https:\/\/idakorea.ee\/#website","url":"https:\/\/idakorea.ee\/","name":"IDA.KOREA","description":"Korean kosmetiikan verkkokauppa","publisher":{"@id":"https:\/\/idakorea.ee\/#organization"},"alternateName":"Beauty Shop","potentialAction":[{"@type":"SearchAction","target":{"@type":"EntryPoint","urlTemplate":"https:\/\/idakorea.ee\/?s={search_term_string}"},"query-input":{"@type":"PropertyValueSpecification","valueRequired":true,"valueName":"search_term_string"}}],"inLanguage":"fi"},{"@type":"Organization","@id":"https:\/\/idakorea.ee\/#organization","name":"IDA.KOREA","url":"https:\/\/idakorea.ee\/","logo":{"@type":"ImageObject","inLanguage":"fi","@id":"https:\/\/idakorea.ee\/#\/schema\/logo\/image\/","url":"https:\/\/idakorea.ee\/wp-content\/uploads\/2024\/05\/cropped-korea3.png","contentUrl":"https:\/\/idakorea.ee\/wp-content\/uploads\/2024\/05\/cropped-korea3.png","width":688,"height":126,"caption":"IDA.KOREA"},"image":{"@id":"https:\/\/idakorea.ee\/#\/schema\/logo\/image\/"},"sameAs":["https:\/\/www.instagram.com\/ida.korea\/"]}]}},"jetpack_sharing_enabled":true,"brands":[{"id":107,"name":"MEDIPEEL+","slug":"medipeel"}],"_links":{"self":[{"href":"https:\/\/idakorea.ee\/fi\/wp-json\/wp\/v2\/product\/12308","targetHints":{"allow":["GET"]}}],"collection":[{"href":"https:\/\/idakorea.ee\/fi\/wp-json\/wp\/v2\/product"}],"about":[{"href":"https:\/\/idakorea.ee\/fi\/wp-json\/wp\/v2\/types\/product"}],"replies":[{"embeddable":true,"href":"https:\/\/idakorea.ee\/fi\/wp-json\/wp\/v2\/comments?post=12308"}],"version-history":[{"count":6,"href":"https:\/\/idakorea.ee\/fi\/wp-json\/wp\/v2\/product\/12308\/revisions"}],"predecessor-version":[{"id":16465,"href":"https:\/\/idakorea.ee\/fi\/wp-json\/wp\/v2\/product\/12308\/revisions\/16465"}],"wp:featuredmedia":[{"embeddable":true,"href":"https:\/\/idakorea.ee\/fi\/wp-json\/wp\/v2\/media\/12309"}],"wp:attachment":[{"href":"https:\/\/idakorea.ee\/fi\/wp-json\/wp\/v2\/media?parent=12308"}],"wp:term":[{"taxonomy":"pwb-brand","embeddable":true,"href":"https:\/\/idakorea.ee\/fi\/wp-json\/wp\/v2\/pwb-brand?post=12308"},{"taxonomy":"product_brand","embeddable":true,"href":"https:\/\/idakorea.ee\/fi\/wp-json\/wp\/v2\/product_brand?post=12308"},{"taxonomy":"product_cat","embeddable":true,"href":"https:\/\/idakorea.ee\/fi\/wp-json\/wp\/v2\/product_cat?post=12308"},{"taxonomy":"product_tag","embeddable":true,"href":"https:\/\/idakorea.ee\/fi\/wp-json\/wp\/v2\/product_tag?post=12308"}],"curies":[{"name":"wp","href":"https:\/\/api.w.org\/{rel}","templated":true}]}}