{"id":1231,"date":"2024-05-21T10:04:51","date_gmt":"2024-05-21T10:04:51","guid":{"rendered":"https:\/\/idakorea.ee\/?post_type=product&#038;p=1231"},"modified":"2026-04-01T14:38:39","modified_gmt":"2026-04-01T12:38:39","slug":"nahka-valgendav-seerum-anua-peach-70-niacin-serum","status":"publish","type":"product","link":"https:\/\/idakorea.ee\/fi\/product\/nahka-valgendav-seerum-anua-peach-70-niacin-serum\/","title":{"rendered":"Niasiiniseerumi Anua Peach 70 Niacin Serum, 30ml"},"content":{"rendered":"<p><strong>Anua Peach 70% Niasiiniseerumi<\/strong> on persikkauutetta sis\u00e4lt\u00e4v\u00e4 seerumi, joka tekee ihosta sile\u00e4n ja s\u00e4teilev\u00e4n. Seerumi tasoittaa ja silottaa ihohuokosia, supistaa ihohuokosia, v\u00e4hent\u00e4\u00e4 talin tuotantoa ja kirkastaa hieman ihon s\u00e4vy\u00e4.<\/p>\n<p>Tuote sis\u00e4lt\u00e4\u00e4 70%:n patentoimaa PEACHNIA-kompleksia: persikkauutetta, joka on saatu 120 tunnin k\u00e4ymisprosessilla. T\u00e4m\u00e4 erityinen niasiiniamidityyppi varmistaa sile\u00e4n ja silkkisen ihon, pehment\u00e4\u00e4 karheita alueita ja auttaa tehokkaasti poistamaan hilseily\u00e4. Se normalisoi talirauhasten toimintaa ja v\u00e4hent\u00e4\u00e4 ihon rasvaisuutta p\u00e4iv\u00e4n aikana, palauttaa optimaalisen hydrolipiditasapainon ja tekee ihosta mattapintaisen.<\/p>\n<p>Seerumi tasoittaa ihon s\u00e4vy\u00e4, poistaa sameutta ja ep\u00e4tervett\u00e4 ihoa. Auttaa vaalentamaan pigmenttil\u00e4iski\u00e4 ja stimuloi tukkeutuneiden ihohuokosten avautumista. Tarjoaa voimakkaan ihohuokosia supistavan vaikutuksen, pienent\u00e4\u00e4 laajentuneiden ihohuokosten kokoa ja vahvistaa verisuonten sein\u00e4mi\u00e4. Lis\u00e4\u00e4 ihon kimmoisuutta ja palauttaa terveen hehkun.<\/p>\n<p><strong>Muita vaikuttavia aineita:<\/strong><\/p>\n<ul>\n<li><strong>Syanokobalamiini:<\/strong> Kosteuttaa, rauhoittaa, est\u00e4\u00e4 tulehdusprosesseja, vahvistaa kapillaareja ja auttaa aknen hoidossa.<\/li>\n<li><strong>Niasiiniamidi (5%):<\/strong> S\u00e4\u00e4telee talirauhasten erityst\u00e4, poistaa rasvaista kiiltoa, kirkastaa ja ehk\u00e4isee ik\u00e4l\u00e4iskien muodostumista, stimuloi kollageenin tuotantoa, lis\u00e4\u00e4 ihon kimmoisuutta ja vahvuutta.<\/li>\n<li><strong>Kolmea hyaluronihappotyyppi\u00e4:<\/strong> Ne vaikuttavat ihon syviss\u00e4 ja pinnallisissa kerroksissa, tarjoten syv\u00e4kosteutusta ja yll\u00e4pit\u00e4en optimaalista pH-tasapainoa.<\/li>\n<li><strong>Ruusunmarja\u00f6ljy:<\/strong> Vahva antioksidanttinen vaikutus, poistaa myrkkyj\u00e4, raikastaa ja kiinteytt\u00e4\u00e4, kirkastaa hieman, tasoittaa ihon s\u00e4vy\u00e4 ja v\u00e4hent\u00e4\u00e4 laajentuneiden ihohuokosten n\u00e4kyvyytt\u00e4.<\/li>\n<li><strong>Alfa-arbutiini:<\/strong> V\u00e4hent\u00e4\u00e4 melaniinisynteesi\u00e4, vaalentaa ei-toivottuja pigmenttil\u00e4iski\u00e4 ja ehk\u00e4isee niiden muodostumista, tasoittaa ihon s\u00e4vy\u00e4. Vaikuttaa rauhoittavasti antiseptisesti, v\u00e4hent\u00e4\u00e4 turvotusta ja torjuu sameutta.<\/li>\n<li><strong>3-O-etyyliaskorbiinihappo:<\/strong> Vaalentaa pigmenttil\u00e4iski\u00e4 ja tasoittaa ihon s\u00e4vy\u00e4, stimuloi kollageenin tuotantoa ja suojaa soluja UV-s\u00e4teilyn, huonon ymp\u00e4rist\u00f6n ja muiden tekij\u00f6iden aiheuttamalta oksidatiiviselta stressilt\u00e4.<\/li>\n<li><strong>Sphingomonas-k\u00e4yminen:<\/strong> Hidastaa solujen ik\u00e4\u00e4ntymisprosessia ja uudistaa ihoa, lis\u00e4\u00e4 kudosten kimmoisuutta, kiinteytt\u00e4\u00e4 ja vahvistaa ihon turgoria.<\/li>\n<li><strong>Persikankukkauute:<\/strong> Kosteuttaa, omaa antioksidanttisia ja bakteereja tappavia vaikutuksia, raikastaa ja silottaa, kirkastaa hieman ja kuorii hell\u00e4varaisesti.<\/li>\n<\/ul>\n<p>Sopii normaalille, sekaiholle ja rasvaiselle iholle.<\/p>\n<p><strong>K\u00e4ytt\u00f6opas:<\/strong> Levit\u00e4 tarvittava m\u00e4\u00e4r\u00e4 seerumia puhtaalle iholle ja viimeistele hoito voiteella.<\/p>","protected":false},"excerpt":{"rendered":"<p>Anua Peach 70% Niasiiniseerumi on persikkauutetta sis\u00e4lt\u00e4v\u00e4 seerumi, joka tekee ihosta sile\u00e4n ja s\u00e4teilev\u00e4n. Seerumi tasoittaa ja silottaa ihon koostumusta, supistaa ihohuokosia, v\u00e4hent\u00e4\u00e4 \u00f6ljyntuotantoa ja kirkastaa hieman ihon s\u00e4vy\u00e4. Tuote sis\u00e4lt\u00e4\u00e4 patentoitua PEACHNIA-kompleksia 70%: persikkauutetta, joka on saatu 120 tuntia kest\u00e4neest\u00e4 fermentointiprosessista. T\u00e4m\u00e4 erityyppinen niasiiniamidi takaa sile\u00e4n ja silkkisen ihon, pehment\u00e4\u00e4 karheita alueita ja...<\/p>","protected":false},"featured_media":18333,"comment_status":"open","ping_status":"closed","template":"","meta":{"_uf_show_specific_survey":0,"_uf_disable_surveys":false,"_bst_post_transparent":"default","_bst_post_title":"","_bst_post_layout":"default","_bst_post_sidebar_id":"","_bst_post_content_style":"default","_bst_post_vertical_padding":"default","_bst_post_feature":"","_bst_post_feature_position":"","_bst_post_header":false,"_bst_post_footer":false},"pwb-brand":[104],"product_brand":[],"product_cat":[92,97],"product_tag":[],"class_list":{"0":"post-1231","1":"product","2":"type-product","3":"status-publish","4":"has-post-thumbnail","6":"pwb-brand-anua","7":"product_cat-nagu","8":"product_cat-naoseerumid-ja-olid","10":"first","11":"instock","12":"sale","13":"shipping-taxable","14":"purchasable","15":"product-type-simple","16":"entry","17":"content-bg","18":"loop-entry"},"supplier_id":null,"supplier_sku":"","barcode":null,"atum_controlled":true,"out_stock_date":null,"out_stock_threshold":null,"inheritable":false,"inbound_stock":0,"stock_on_hold":0,"sold_today":0,"sales_last_days":0,"out_stock_days":0,"lost_sales":0,"has_location":false,"update_date":"2026-04-14T00:05:10","atum_locations":[],"atum_stock_status":"instock","restock_status":false,"low_stock_amount":"","sales_update_date":"2026-04-14T00:05:10","calc_backorders":null,"yoast_head":"<!-- This site is optimized with the Yoast SEO plugin v27.2 - https:\/\/yoast.com\/product\/yoast-seo-wordpress\/ -->\n<title>Anua Peach 70 Niacin Serum - IDA.KOREA<\/title>\n<meta name=\"description\" content=\"Anua Peach 70% Niacin Serum on virsikuekstraktiga seerum, mis muudab naha siledaks ja s\u00e4ravaks.\" \/>\n<meta name=\"robots\" content=\"index, follow, max-snippet:-1, max-image-preview:large, max-video-preview:-1\" \/>\n<link rel=\"canonical\" href=\"https:\/\/idakorea.ee\/fi\/product\/nahka-valgendav-seerum-anua-peach-70-niacin-serum\/\" \/>\n<meta property=\"og:locale\" content=\"fi_FI\" \/>\n<meta property=\"og:type\" content=\"article\" \/>\n<meta property=\"og:title\" content=\"Anua Peach 70 Niacin Serum - IDA.KOREA\" \/>\n<meta property=\"og:description\" content=\"Anua Peach 70% Niacin Serum on virsikuekstraktiga seerum, mis muudab naha siledaks ja s\u00e4ravaks.\" \/>\n<meta property=\"og:url\" content=\"https:\/\/idakorea.ee\/fi\/product\/nahka-valgendav-seerum-anua-peach-70-niacin-serum\/\" \/>\n<meta property=\"og:site_name\" content=\"IDA.KOREA\" \/>\n<meta property=\"article:modified_time\" content=\"2026-04-01T12:38:39+00:00\" \/>\n<meta property=\"og:image\" content=\"https:\/\/idakorea.ee\/wp-content\/uploads\/2024\/05\/Anua_Peach_70_Niacin_Serum-idakorea.webp\" \/>\n\t<meta property=\"og:image:width\" content=\"950\" \/>\n\t<meta property=\"og:image:height\" content=\"950\" \/>\n\t<meta property=\"og:image:type\" content=\"image\/webp\" \/>\n<meta name=\"twitter:card\" content=\"summary_large_image\" \/>\n<meta name=\"twitter:label1\" content=\"Arvioitu lukuaika\" \/>\n\t<meta name=\"twitter:data1\" content=\"2 minuuttia\" \/>\n<script type=\"application\/ld+json\" class=\"yoast-schema-graph\">{\"@context\":\"https:\/\/schema.org\",\"@graph\":[{\"@type\":\"WebPage\",\"@id\":\"https:\/\/idakorea.ee\/product\/nahka-valgendav-seerum-anua-peach-70-niacin-serum\/\",\"url\":\"https:\/\/idakorea.ee\/product\/nahka-valgendav-seerum-anua-peach-70-niacin-serum\/\",\"name\":\"Anua Peach 70 Niacin Serum - IDA.KOREA\",\"isPartOf\":{\"@id\":\"https:\/\/idakorea.ee\/#website\"},\"primaryImageOfPage\":{\"@id\":\"https:\/\/idakorea.ee\/product\/nahka-valgendav-seerum-anua-peach-70-niacin-serum\/#primaryimage\"},\"image\":{\"@id\":\"https:\/\/idakorea.ee\/product\/nahka-valgendav-seerum-anua-peach-70-niacin-serum\/#primaryimage\"},\"thumbnailUrl\":\"https:\/\/idakorea.ee\/wp-content\/uploads\/2024\/05\/Anua_Peach_70_Niacin_Serum-idakorea.webp\",\"datePublished\":\"2024-05-21T10:04:51+00:00\",\"dateModified\":\"2026-04-01T12:38:39+00:00\",\"description\":\"Anua Peach 70% Niacin Serum on virsikuekstraktiga seerum, mis muudab naha siledaks ja s\u00e4ravaks.\",\"breadcrumb\":{\"@id\":\"https:\/\/idakorea.ee\/product\/nahka-valgendav-seerum-anua-peach-70-niacin-serum\/#breadcrumb\"},\"inLanguage\":\"fi\",\"potentialAction\":[{\"@type\":\"ReadAction\",\"target\":[\"https:\/\/idakorea.ee\/product\/nahka-valgendav-seerum-anua-peach-70-niacin-serum\/\"]}]},{\"@type\":\"ImageObject\",\"inLanguage\":\"fi\",\"@id\":\"https:\/\/idakorea.ee\/product\/nahka-valgendav-seerum-anua-peach-70-niacin-serum\/#primaryimage\",\"url\":\"https:\/\/idakorea.ee\/wp-content\/uploads\/2024\/05\/Anua_Peach_70_Niacin_Serum-idakorea.webp\",\"contentUrl\":\"https:\/\/idakorea.ee\/wp-content\/uploads\/2024\/05\/Anua_Peach_70_Niacin_Serum-idakorea.webp\",\"width\":950,\"height\":950},{\"@type\":\"BreadcrumbList\",\"@id\":\"https:\/\/idakorea.ee\/product\/nahka-valgendav-seerum-anua-peach-70-niacin-serum\/#breadcrumb\",\"itemListElement\":[{\"@type\":\"ListItem\",\"position\":1,\"name\":\"\u0413\u043b\u0430\u0432\u043d\u0430\u044f \u0441\u0442\u0440\u0430\u043d\u0438\u0446\u0430\",\"item\":\"https:\/\/idakorea.ee\/\"},{\"@type\":\"ListItem\",\"position\":2,\"name\":\"Shop\",\"item\":\"https:\/\/idakorea.ee\/shop-2\/\"},{\"@type\":\"ListItem\",\"position\":3,\"name\":\"Niatsiini seerum Anua Peach 70 Niacin Serum, 30ml\"}]},{\"@type\":\"WebSite\",\"@id\":\"https:\/\/idakorea.ee\/#website\",\"url\":\"https:\/\/idakorea.ee\/\",\"name\":\"IDA.KOREA\",\"description\":\"Korea kosmeetika e-pood\",\"publisher\":{\"@id\":\"https:\/\/idakorea.ee\/#organization\"},\"alternateName\":\"Beauty Shop\",\"potentialAction\":[{\"@type\":\"SearchAction\",\"target\":{\"@type\":\"EntryPoint\",\"urlTemplate\":\"https:\/\/idakorea.ee\/?s={search_term_string}\"},\"query-input\":{\"@type\":\"PropertyValueSpecification\",\"valueRequired\":true,\"valueName\":\"search_term_string\"}}],\"inLanguage\":\"fi\"},{\"@type\":\"Organization\",\"@id\":\"https:\/\/idakorea.ee\/#organization\",\"name\":\"IDA.KOREA\",\"url\":\"https:\/\/idakorea.ee\/\",\"logo\":{\"@type\":\"ImageObject\",\"inLanguage\":\"fi\",\"@id\":\"https:\/\/idakorea.ee\/#\/schema\/logo\/image\/\",\"url\":\"https:\/\/idakorea.ee\/wp-content\/uploads\/2024\/05\/cropped-korea3.png\",\"contentUrl\":\"https:\/\/idakorea.ee\/wp-content\/uploads\/2024\/05\/cropped-korea3.png\",\"width\":688,\"height\":126,\"caption\":\"IDA.KOREA\"},\"image\":{\"@id\":\"https:\/\/idakorea.ee\/#\/schema\/logo\/image\/\"},\"sameAs\":[\"https:\/\/www.instagram.com\/ida.korea\/\"]}]}<\/script>\n<!-- \/ Yoast SEO plugin. -->","yoast_head_json":{"title":"Anua Peach 70 Niacin Serum - IT\u00c4.KOREA","description":"Anua Peach 70% Niacin Serum on persikkauutetta sis\u00e4lt\u00e4v\u00e4 seerumi, joka tekee ihosta sile\u00e4n ja s\u00e4teilev\u00e4n.","robots":{"index":"index","follow":"follow","max-snippet":"max-snippet:-1","max-image-preview":"max-image-preview:large","max-video-preview":"max-video-preview:-1"},"canonical":"https:\/\/idakorea.ee\/fi\/product\/nahka-valgendav-seerum-anua-peach-70-niacin-serum\/","og_locale":"fi_FI","og_type":"article","og_title":"Anua Peach 70 Niacin Serum - IDA.KOREA","og_description":"Anua Peach 70% Niacin Serum on virsikuekstraktiga seerum, mis muudab naha siledaks ja s\u00e4ravaks.","og_url":"https:\/\/idakorea.ee\/fi\/product\/nahka-valgendav-seerum-anua-peach-70-niacin-serum\/","og_site_name":"IDA.KOREA","article_modified_time":"2026-04-01T12:38:39+00:00","og_image":[{"width":950,"height":950,"url":"https:\/\/idakorea.ee\/wp-content\/uploads\/2024\/05\/Anua_Peach_70_Niacin_Serum-idakorea.webp","type":"image\/webp"}],"twitter_card":"summary_large_image","twitter_misc":{"Arvioitu lukuaika":"2 minuuttia"},"schema":{"@context":"https:\/\/schema.org","@graph":[{"@type":"WebPage","@id":"https:\/\/idakorea.ee\/product\/nahka-valgendav-seerum-anua-peach-70-niacin-serum\/","url":"https:\/\/idakorea.ee\/product\/nahka-valgendav-seerum-anua-peach-70-niacin-serum\/","name":"Anua Peach 70 Niacin Serum - IT\u00c4.KOREA","isPartOf":{"@id":"https:\/\/idakorea.ee\/#website"},"primaryImageOfPage":{"@id":"https:\/\/idakorea.ee\/product\/nahka-valgendav-seerum-anua-peach-70-niacin-serum\/#primaryimage"},"image":{"@id":"https:\/\/idakorea.ee\/product\/nahka-valgendav-seerum-anua-peach-70-niacin-serum\/#primaryimage"},"thumbnailUrl":"https:\/\/idakorea.ee\/wp-content\/uploads\/2024\/05\/Anua_Peach_70_Niacin_Serum-idakorea.webp","datePublished":"2024-05-21T10:04:51+00:00","dateModified":"2026-04-01T12:38:39+00:00","description":"Anua Peach 70% Niacin Serum on persikkauutetta sis\u00e4lt\u00e4v\u00e4 seerumi, joka tekee ihosta sile\u00e4n ja s\u00e4teilev\u00e4n.","breadcrumb":{"@id":"https:\/\/idakorea.ee\/product\/nahka-valgendav-seerum-anua-peach-70-niacin-serum\/#breadcrumb"},"inLanguage":"fi","potentialAction":[{"@type":"ReadAction","target":["https:\/\/idakorea.ee\/product\/nahka-valgendav-seerum-anua-peach-70-niacin-serum\/"]}]},{"@type":"ImageObject","inLanguage":"fi","@id":"https:\/\/idakorea.ee\/product\/nahka-valgendav-seerum-anua-peach-70-niacin-serum\/#primaryimage","url":"https:\/\/idakorea.ee\/wp-content\/uploads\/2024\/05\/Anua_Peach_70_Niacin_Serum-idakorea.webp","contentUrl":"https:\/\/idakorea.ee\/wp-content\/uploads\/2024\/05\/Anua_Peach_70_Niacin_Serum-idakorea.webp","width":950,"height":950},{"@type":"BreadcrumbList","@id":"https:\/\/idakorea.ee\/product\/nahka-valgendav-seerum-anua-peach-70-niacin-serum\/#breadcrumb","itemListElement":[{"@type":"ListItem","position":1,"name":"\u0413\u043b\u0430\u0432\u043d\u0430\u044f \u0441\u0442\u0440\u0430\u043d\u0438\u0446\u0430","item":"https:\/\/idakorea.ee\/"},{"@type":"ListItem","position":2,"name":"Shop","item":"https:\/\/idakorea.ee\/shop-2\/"},{"@type":"ListItem","position":3,"name":"Niatsiini seerum Anua Peach 70 Niacin Serum, 30ml"}]},{"@type":"WebSite","@id":"https:\/\/idakorea.ee\/#website","url":"https:\/\/idakorea.ee\/","name":"IDA.KOREA","description":"Korean kosmetiikan verkkokauppa","publisher":{"@id":"https:\/\/idakorea.ee\/#organization"},"alternateName":"Beauty Shop","potentialAction":[{"@type":"SearchAction","target":{"@type":"EntryPoint","urlTemplate":"https:\/\/idakorea.ee\/?s={search_term_string}"},"query-input":{"@type":"PropertyValueSpecification","valueRequired":true,"valueName":"search_term_string"}}],"inLanguage":"fi"},{"@type":"Organization","@id":"https:\/\/idakorea.ee\/#organization","name":"IDA.KOREA","url":"https:\/\/idakorea.ee\/","logo":{"@type":"ImageObject","inLanguage":"fi","@id":"https:\/\/idakorea.ee\/#\/schema\/logo\/image\/","url":"https:\/\/idakorea.ee\/wp-content\/uploads\/2024\/05\/cropped-korea3.png","contentUrl":"https:\/\/idakorea.ee\/wp-content\/uploads\/2024\/05\/cropped-korea3.png","width":688,"height":126,"caption":"IDA.KOREA"},"image":{"@id":"https:\/\/idakorea.ee\/#\/schema\/logo\/image\/"},"sameAs":["https:\/\/www.instagram.com\/ida.korea\/"]}]}},"jetpack_sharing_enabled":true,"brands":[{"id":104,"name":"ANUA","slug":"anua"}],"_links":{"self":[{"href":"https:\/\/idakorea.ee\/fi\/wp-json\/wp\/v2\/product\/1231","targetHints":{"allow":["GET"]}}],"collection":[{"href":"https:\/\/idakorea.ee\/fi\/wp-json\/wp\/v2\/product"}],"about":[{"href":"https:\/\/idakorea.ee\/fi\/wp-json\/wp\/v2\/types\/product"}],"replies":[{"embeddable":true,"href":"https:\/\/idakorea.ee\/fi\/wp-json\/wp\/v2\/comments?post=1231"}],"version-history":[{"count":3,"href":"https:\/\/idakorea.ee\/fi\/wp-json\/wp\/v2\/product\/1231\/revisions"}],"predecessor-version":[{"id":17314,"href":"https:\/\/idakorea.ee\/fi\/wp-json\/wp\/v2\/product\/1231\/revisions\/17314"}],"wp:featuredmedia":[{"embeddable":true,"href":"https:\/\/idakorea.ee\/fi\/wp-json\/wp\/v2\/media\/18333"}],"wp:attachment":[{"href":"https:\/\/idakorea.ee\/fi\/wp-json\/wp\/v2\/media?parent=1231"}],"wp:term":[{"taxonomy":"pwb-brand","embeddable":true,"href":"https:\/\/idakorea.ee\/fi\/wp-json\/wp\/v2\/pwb-brand?post=1231"},{"taxonomy":"product_brand","embeddable":true,"href":"https:\/\/idakorea.ee\/fi\/wp-json\/wp\/v2\/product_brand?post=1231"},{"taxonomy":"product_cat","embeddable":true,"href":"https:\/\/idakorea.ee\/fi\/wp-json\/wp\/v2\/product_cat?post=1231"},{"taxonomy":"product_tag","embeddable":true,"href":"https:\/\/idakorea.ee\/fi\/wp-json\/wp\/v2\/product_tag?post=1231"}],"curies":[{"name":"wp","href":"https:\/\/api.w.org\/{rel}","templated":true}]}}