{"id":12330,"date":"2025-01-19T12:39:49","date_gmt":"2025-01-19T10:39:49","guid":{"rendered":"https:\/\/idakorea.ee\/?post_type=product&#038;p=12330"},"modified":"2026-01-30T15:18:30","modified_gmt":"2026-01-30T13:18:30","slug":"lifting-kreem-dalba-white-truffle-lifting-core-cream","status":"publish","type":"product","link":"https:\/\/idakorea.ee\/fi\/product\/lifting-kreem-dalba-white-truffle-lifting-core-cream\/","title":{"rendered":"d&#039;Alba White Truffle Lifting Core Cream -kohottava voide, 50ml"},"content":{"rendered":"<p>Kohottava voide <strong>d&#039;Alba White Truffle -kiihdytt\u00e4v\u00e4 ydinvoide<\/strong> on suunniteltu torjumaan ihon ik\u00e4\u00e4ntymiseen liittyvi\u00e4 muutoksia. Se v\u00e4hent\u00e4\u00e4 ryppyjen n\u00e4kymist\u00e4, parantaa ihon kimmoisuutta ja kiinteytt\u00e4, kosteuttaa syv\u00e4lt\u00e4, ravitsee ihoa ja antaa sille voimaa ja elinvoimaa. Ainutlaatuisen koostumuksensa ansiosta voide tasoittaa ihon rakennetta, antaa sille terveen hehkun ja tukee tehokkaasti ihon nuorekkuutta.<\/p>\n<p>Voide on rikastettu valkoisella tryffeliuutteella, joka parantaa ihon kimmoisuutta ja stimuloi kollageenin tuotantoa. Lis\u00e4ksi voide sis\u00e4lt\u00e4\u00e4 kollageeniuutetta ja 12 erilaista peptidi\u00e4, jotka vahvistavat ihoa tehokkaasti, v\u00e4hent\u00e4v\u00e4t ryppyj\u00e4 ja palauttavat sen tiheyden ja sileyden.<\/p>\n<p><strong>T\u00e4rkeimm\u00e4t ainesosat:<\/strong><\/p>\n<ul>\n<li><strong>Valkoinen tryffeliuute: <\/strong>Se lis\u00e4\u00e4 ihon vastustuskyky\u00e4, parantaa solujen aineenvaihduntaa, s\u00e4\u00e4telee talirauhasten toimintaa ja sill\u00e4 on nuorentava vaikutus. Tasoittaa ja kiinteytt\u00e4\u00e4 ihoa, tekee ryppyist\u00e4 v\u00e4hemm\u00e4n havaittavia ja vaalentaa pigmenttil\u00e4iski\u00e4.<\/li>\n<li><strong>Vegaaninen kollageeni: <\/strong>Kosteuttaa tehokkaasti, parantaa ihon kimmoisuutta ja tiheytt\u00e4 sek\u00e4 nuorentaa.<\/li>\n<li><strong>Niasiiniamidi (B3-vitamiini): <\/strong>Tasoittaa ihon s\u00e4vy\u00e4, stimuloi kollageenisynteesi\u00e4, kirkastaa ihoa, hidastaa ik\u00e4l\u00e4iskien muodostumista ja vahvistaa ihon suojakerrosta.<\/li>\n<li class=\"translation-block\"><strong>Keramidit:<\/strong> Integroituvat ihon lipidikerrokseen, vahvistavat ihoa ja est\u00e4v\u00e4t sit\u00e4 kuivumasta.<\/li>\n<li><strong>Peptidit: <\/strong>Vahvistaa ihoa, stimuloi kollageenin ja elastiinin tuotantoa, lis\u00e4\u00e4 ihon tiheytt\u00e4 ja kimmoisuutta sek\u00e4 v\u00e4hent\u00e4\u00e4 ryppyjen syvyytt\u00e4.<\/li>\n<\/ul>\n<p>Voide on sertifioitu vegaaniseksi ja hypoallergeeniseksi, joten se sopii kaikille ihotyypeille. Erityisesti suositellaan ik\u00e4\u00e4ntyv\u00e4lle iholle, joka tarvitsee tehohoitoa ja uudistamista.<\/p>\n<p>&nbsp;<\/p>\n<p><strong>K\u00e4ytt\u00f6opas:\u00a0<\/strong>Levit\u00e4 voidetta puhdistetulle iholle aamuin illoin. Levit\u00e4 tasaisesti kevyin hierontoliikkein, kunnes se on t\u00e4ysin imeytynyt.<\/p>","protected":false},"excerpt":{"rendered":"<p>d'Alba White Truffle Lifting Core Cream on suunniteltu torjumaan ihon ik\u00e4\u00e4ntymiseen liittyvi\u00e4 muutoksia. Se v\u00e4hent\u00e4\u00e4 ryppyj\u00e4, parantaa ihon kimmoisuutta ja kiinteytt\u00e4, kosteuttaa syv\u00e4kosteutta, ravitsee ja elvytt\u00e4\u00e4 ihoa. Ainutlaatuisen koostumuksensa ansiosta voide tasoittaa ihon rakennetta, antaa terveen hehkun ja tukee tehokkaasti ihon nuorekkuutta. Koostumus on rikastettu...<\/p>","protected":false},"featured_media":12331,"comment_status":"open","ping_status":"closed","template":"","meta":{"_uf_show_specific_survey":0,"_uf_disable_surveys":false,"_bst_post_transparent":"default","_bst_post_title":"","_bst_post_layout":"default","_bst_post_sidebar_id":"","_bst_post_content_style":"default","_bst_post_vertical_padding":"default","_bst_post_feature":"","_bst_post_feature_position":"","_bst_post_header":false,"_bst_post_footer":false},"pwb-brand":[105],"product_brand":[],"product_cat":[92,96],"product_tag":[127,699,202,772],"class_list":{"0":"post-12330","1":"product","2":"type-product","3":"status-publish","4":"has-post-thumbnail","6":"pwb-brand-dalba","7":"product_cat-nagu","8":"product_cat-naokreemid","9":"product_tag-dalba","10":"product_tag-idakorea","11":"product_tag-korea-kosmeetika","12":"product_tag-truffle","14":"first","15":"instock","16":"sale","17":"shipping-taxable","18":"purchasable","19":"product-type-simple","20":"entry","21":"content-bg","22":"loop-entry"},"supplier_id":null,"supplier_sku":"","barcode":null,"atum_controlled":true,"out_stock_date":null,"out_stock_threshold":null,"inheritable":false,"inbound_stock":0,"stock_on_hold":0,"sold_today":0,"sales_last_days":0,"out_stock_days":0,"lost_sales":0,"has_location":false,"update_date":"2026-04-15T00:05:12","atum_locations":[],"atum_stock_status":"instock","restock_status":false,"low_stock_amount":"","sales_update_date":"2026-04-15T00:05:12","calc_backorders":null,"yoast_head":"<!-- This site is optimized with the Yoast SEO plugin v27.2 - https:\/\/yoast.com\/product\/yoast-seo-wordpress\/ -->\n<title>d&#039;Alba White Truffle Lifting Core Cream - IDA.KOREA<\/title>\n<meta name=\"description\" content=\"Lifting kreem d&#039;Alba White Truffle Lifting Core Cream on loodud naha vananemisega seotud muutuste vastu v\u00f5itlemiseks. Kiire tarne!\" \/>\n<meta name=\"robots\" content=\"index, follow, max-snippet:-1, max-image-preview:large, max-video-preview:-1\" \/>\n<link rel=\"canonical\" href=\"https:\/\/idakorea.ee\/fi\/product\/lifting-kreem-dalba-white-truffle-lifting-core-cream\/\" \/>\n<meta property=\"og:locale\" content=\"fi_FI\" \/>\n<meta property=\"og:type\" content=\"article\" \/>\n<meta property=\"og:title\" content=\"d&#039;Alba White Truffle Lifting Core Cream - IDA.KOREA\" \/>\n<meta property=\"og:description\" content=\"Lifting kreem d&#039;Alba White Truffle Lifting Core Cream on loodud naha vananemisega seotud muutuste vastu v\u00f5itlemiseks. Kiire tarne!\" \/>\n<meta property=\"og:url\" content=\"https:\/\/idakorea.ee\/fi\/product\/lifting-kreem-dalba-white-truffle-lifting-core-cream\/\" \/>\n<meta property=\"og:site_name\" content=\"IDA.KOREA\" \/>\n<meta property=\"article:modified_time\" content=\"2026-01-30T13:18:30+00:00\" \/>\n<meta property=\"og:image\" content=\"https:\/\/idakorea.ee\/wp-content\/uploads\/2025\/01\/1c827917df4b.png\" \/>\n\t<meta property=\"og:image:width\" content=\"849\" \/>\n\t<meta property=\"og:image:height\" content=\"851\" \/>\n\t<meta property=\"og:image:type\" content=\"image\/png\" \/>\n<meta name=\"twitter:card\" content=\"summary_large_image\" \/>\n<meta name=\"twitter:label1\" content=\"Arvioitu lukuaika\" \/>\n\t<meta name=\"twitter:data1\" content=\"2 minuuttia\" \/>\n<script type=\"application\/ld+json\" class=\"yoast-schema-graph\">{\"@context\":\"https:\/\/schema.org\",\"@graph\":[{\"@type\":\"WebPage\",\"@id\":\"https:\/\/idakorea.ee\/product\/lifting-kreem-dalba-white-truffle-lifting-core-cream\/\",\"url\":\"https:\/\/idakorea.ee\/product\/lifting-kreem-dalba-white-truffle-lifting-core-cream\/\",\"name\":\"d'Alba White Truffle Lifting Core Cream - IDA.KOREA\",\"isPartOf\":{\"@id\":\"https:\/\/idakorea.ee\/#website\"},\"primaryImageOfPage\":{\"@id\":\"https:\/\/idakorea.ee\/product\/lifting-kreem-dalba-white-truffle-lifting-core-cream\/#primaryimage\"},\"image\":{\"@id\":\"https:\/\/idakorea.ee\/product\/lifting-kreem-dalba-white-truffle-lifting-core-cream\/#primaryimage\"},\"thumbnailUrl\":\"https:\/\/idakorea.ee\/wp-content\/uploads\/2025\/01\/1c827917df4b.png\",\"datePublished\":\"2025-01-19T10:39:49+00:00\",\"dateModified\":\"2026-01-30T13:18:30+00:00\",\"description\":\"Lifting kreem d'Alba White Truffle Lifting Core Cream on loodud naha vananemisega seotud muutuste vastu v\u00f5itlemiseks. Kiire tarne!\",\"breadcrumb\":{\"@id\":\"https:\/\/idakorea.ee\/product\/lifting-kreem-dalba-white-truffle-lifting-core-cream\/#breadcrumb\"},\"inLanguage\":\"fi\",\"potentialAction\":[{\"@type\":\"ReadAction\",\"target\":[\"https:\/\/idakorea.ee\/product\/lifting-kreem-dalba-white-truffle-lifting-core-cream\/\"]}]},{\"@type\":\"ImageObject\",\"inLanguage\":\"fi\",\"@id\":\"https:\/\/idakorea.ee\/product\/lifting-kreem-dalba-white-truffle-lifting-core-cream\/#primaryimage\",\"url\":\"https:\/\/idakorea.ee\/wp-content\/uploads\/2025\/01\/1c827917df4b.png\",\"contentUrl\":\"https:\/\/idakorea.ee\/wp-content\/uploads\/2025\/01\/1c827917df4b.png\",\"width\":849,\"height\":851},{\"@type\":\"BreadcrumbList\",\"@id\":\"https:\/\/idakorea.ee\/product\/lifting-kreem-dalba-white-truffle-lifting-core-cream\/#breadcrumb\",\"itemListElement\":[{\"@type\":\"ListItem\",\"position\":1,\"name\":\"\u0413\u043b\u0430\u0432\u043d\u0430\u044f \u0441\u0442\u0440\u0430\u043d\u0438\u0446\u0430\",\"item\":\"https:\/\/idakorea.ee\/\"},{\"@type\":\"ListItem\",\"position\":2,\"name\":\"Shop\",\"item\":\"https:\/\/idakorea.ee\/shop-2\/\"},{\"@type\":\"ListItem\",\"position\":3,\"name\":\"Lifting kreem d&#8217;Alba White Truffle Lifting Core Cream, 50ml\"}]},{\"@type\":\"WebSite\",\"@id\":\"https:\/\/idakorea.ee\/#website\",\"url\":\"https:\/\/idakorea.ee\/\",\"name\":\"IDA.KOREA\",\"description\":\"Korea kosmeetika e-pood\",\"publisher\":{\"@id\":\"https:\/\/idakorea.ee\/#organization\"},\"alternateName\":\"Beauty Shop\",\"potentialAction\":[{\"@type\":\"SearchAction\",\"target\":{\"@type\":\"EntryPoint\",\"urlTemplate\":\"https:\/\/idakorea.ee\/?s={search_term_string}\"},\"query-input\":{\"@type\":\"PropertyValueSpecification\",\"valueRequired\":true,\"valueName\":\"search_term_string\"}}],\"inLanguage\":\"fi\"},{\"@type\":\"Organization\",\"@id\":\"https:\/\/idakorea.ee\/#organization\",\"name\":\"IDA.KOREA\",\"url\":\"https:\/\/idakorea.ee\/\",\"logo\":{\"@type\":\"ImageObject\",\"inLanguage\":\"fi\",\"@id\":\"https:\/\/idakorea.ee\/#\/schema\/logo\/image\/\",\"url\":\"https:\/\/idakorea.ee\/wp-content\/uploads\/2024\/05\/cropped-korea3.png\",\"contentUrl\":\"https:\/\/idakorea.ee\/wp-content\/uploads\/2024\/05\/cropped-korea3.png\",\"width\":688,\"height\":126,\"caption\":\"IDA.KOREA\"},\"image\":{\"@id\":\"https:\/\/idakorea.ee\/#\/schema\/logo\/image\/\"},\"sameAs\":[\"https:\/\/www.instagram.com\/ida.korea\/\"]}]}<\/script>\n<!-- \/ Yoast SEO plugin. -->","yoast_head_json":{"title":"d&#039;Alba White Truffle Lifting Core Cream -voide - IDA.KOREA","description":"d&#039;Alba White Truffle Lifting Core Cream -kohovoide on suunniteltu torjumaan ihon ik\u00e4\u00e4ntymiseen liittyvi\u00e4 muutoksia. Nopea toimitus!","robots":{"index":"index","follow":"follow","max-snippet":"max-snippet:-1","max-image-preview":"max-image-preview:large","max-video-preview":"max-video-preview:-1"},"canonical":"https:\/\/idakorea.ee\/fi\/product\/lifting-kreem-dalba-white-truffle-lifting-core-cream\/","og_locale":"fi_FI","og_type":"article","og_title":"d'Alba White Truffle Lifting Core Cream - IDA.KOREA","og_description":"Lifting kreem d'Alba White Truffle Lifting Core Cream on loodud naha vananemisega seotud muutuste vastu v\u00f5itlemiseks. Kiire tarne!","og_url":"https:\/\/idakorea.ee\/fi\/product\/lifting-kreem-dalba-white-truffle-lifting-core-cream\/","og_site_name":"IDA.KOREA","article_modified_time":"2026-01-30T13:18:30+00:00","og_image":[{"width":849,"height":851,"url":"https:\/\/idakorea.ee\/wp-content\/uploads\/2025\/01\/1c827917df4b.png","type":"image\/png"}],"twitter_card":"summary_large_image","twitter_misc":{"Arvioitu lukuaika":"2 minuuttia"},"schema":{"@context":"https:\/\/schema.org","@graph":[{"@type":"WebPage","@id":"https:\/\/idakorea.ee\/product\/lifting-kreem-dalba-white-truffle-lifting-core-cream\/","url":"https:\/\/idakorea.ee\/product\/lifting-kreem-dalba-white-truffle-lifting-core-cream\/","name":"d&#039;Alba White Truffle Lifting Core Cream -voide - IDA.KOREA","isPartOf":{"@id":"https:\/\/idakorea.ee\/#website"},"primaryImageOfPage":{"@id":"https:\/\/idakorea.ee\/product\/lifting-kreem-dalba-white-truffle-lifting-core-cream\/#primaryimage"},"image":{"@id":"https:\/\/idakorea.ee\/product\/lifting-kreem-dalba-white-truffle-lifting-core-cream\/#primaryimage"},"thumbnailUrl":"https:\/\/idakorea.ee\/wp-content\/uploads\/2025\/01\/1c827917df4b.png","datePublished":"2025-01-19T10:39:49+00:00","dateModified":"2026-01-30T13:18:30+00:00","description":"d&#039;Alba White Truffle Lifting Core Cream -kohovoide on suunniteltu torjumaan ihon ik\u00e4\u00e4ntymiseen liittyvi\u00e4 muutoksia. Nopea toimitus!","breadcrumb":{"@id":"https:\/\/idakorea.ee\/product\/lifting-kreem-dalba-white-truffle-lifting-core-cream\/#breadcrumb"},"inLanguage":"fi","potentialAction":[{"@type":"ReadAction","target":["https:\/\/idakorea.ee\/product\/lifting-kreem-dalba-white-truffle-lifting-core-cream\/"]}]},{"@type":"ImageObject","inLanguage":"fi","@id":"https:\/\/idakorea.ee\/product\/lifting-kreem-dalba-white-truffle-lifting-core-cream\/#primaryimage","url":"https:\/\/idakorea.ee\/wp-content\/uploads\/2025\/01\/1c827917df4b.png","contentUrl":"https:\/\/idakorea.ee\/wp-content\/uploads\/2025\/01\/1c827917df4b.png","width":849,"height":851},{"@type":"BreadcrumbList","@id":"https:\/\/idakorea.ee\/product\/lifting-kreem-dalba-white-truffle-lifting-core-cream\/#breadcrumb","itemListElement":[{"@type":"ListItem","position":1,"name":"\u0413\u043b\u0430\u0432\u043d\u0430\u044f \u0441\u0442\u0440\u0430\u043d\u0438\u0446\u0430","item":"https:\/\/idakorea.ee\/"},{"@type":"ListItem","position":2,"name":"Shop","item":"https:\/\/idakorea.ee\/shop-2\/"},{"@type":"ListItem","position":3,"name":"Lifting kreem d&#8217;Alba White Truffle Lifting Core Cream, 50ml"}]},{"@type":"WebSite","@id":"https:\/\/idakorea.ee\/#website","url":"https:\/\/idakorea.ee\/","name":"IDA.KOREA","description":"Korean kosmetiikan verkkokauppa","publisher":{"@id":"https:\/\/idakorea.ee\/#organization"},"alternateName":"Beauty Shop","potentialAction":[{"@type":"SearchAction","target":{"@type":"EntryPoint","urlTemplate":"https:\/\/idakorea.ee\/?s={search_term_string}"},"query-input":{"@type":"PropertyValueSpecification","valueRequired":true,"valueName":"search_term_string"}}],"inLanguage":"fi"},{"@type":"Organization","@id":"https:\/\/idakorea.ee\/#organization","name":"IDA.KOREA","url":"https:\/\/idakorea.ee\/","logo":{"@type":"ImageObject","inLanguage":"fi","@id":"https:\/\/idakorea.ee\/#\/schema\/logo\/image\/","url":"https:\/\/idakorea.ee\/wp-content\/uploads\/2024\/05\/cropped-korea3.png","contentUrl":"https:\/\/idakorea.ee\/wp-content\/uploads\/2024\/05\/cropped-korea3.png","width":688,"height":126,"caption":"IDA.KOREA"},"image":{"@id":"https:\/\/idakorea.ee\/#\/schema\/logo\/image\/"},"sameAs":["https:\/\/www.instagram.com\/ida.korea\/"]}]}},"jetpack_sharing_enabled":true,"brands":[{"id":105,"name":"d'ALBA","slug":"dalba"}],"_links":{"self":[{"href":"https:\/\/idakorea.ee\/fi\/wp-json\/wp\/v2\/product\/12330","targetHints":{"allow":["GET"]}}],"collection":[{"href":"https:\/\/idakorea.ee\/fi\/wp-json\/wp\/v2\/product"}],"about":[{"href":"https:\/\/idakorea.ee\/fi\/wp-json\/wp\/v2\/types\/product"}],"replies":[{"embeddable":true,"href":"https:\/\/idakorea.ee\/fi\/wp-json\/wp\/v2\/comments?post=12330"}],"version-history":[{"count":3,"href":"https:\/\/idakorea.ee\/fi\/wp-json\/wp\/v2\/product\/12330\/revisions"}],"predecessor-version":[{"id":17295,"href":"https:\/\/idakorea.ee\/fi\/wp-json\/wp\/v2\/product\/12330\/revisions\/17295"}],"wp:featuredmedia":[{"embeddable":true,"href":"https:\/\/idakorea.ee\/fi\/wp-json\/wp\/v2\/media\/12331"}],"wp:attachment":[{"href":"https:\/\/idakorea.ee\/fi\/wp-json\/wp\/v2\/media?parent=12330"}],"wp:term":[{"taxonomy":"pwb-brand","embeddable":true,"href":"https:\/\/idakorea.ee\/fi\/wp-json\/wp\/v2\/pwb-brand?post=12330"},{"taxonomy":"product_brand","embeddable":true,"href":"https:\/\/idakorea.ee\/fi\/wp-json\/wp\/v2\/product_brand?post=12330"},{"taxonomy":"product_cat","embeddable":true,"href":"https:\/\/idakorea.ee\/fi\/wp-json\/wp\/v2\/product_cat?post=12330"},{"taxonomy":"product_tag","embeddable":true,"href":"https:\/\/idakorea.ee\/fi\/wp-json\/wp\/v2\/product_tag?post=12330"}],"curies":[{"name":"wp","href":"https:\/\/api.w.org\/{rel}","templated":true}]}}