{"id":12379,"date":"2025-01-23T17:21:31","date_gmt":"2025-01-23T15:21:31","guid":{"rendered":"https:\/\/idakorea.ee\/?post_type=product&#038;p=12379"},"modified":"2026-04-10T19:21:02","modified_gmt":"2026-04-10T17:21:02","slug":"dalba-white-truffle-all-in-one-double-cream-70-g","status":"publish","type":"product","link":"https:\/\/idakorea.ee\/fi\/product\/dalba-white-truffle-all-in-one-double-cream-70-g\/","title":{"rendered":"d'Alba White Truffle All In One Double Cream, 70 g"},"content":{"rendered":"<p><strong>d&#039;Alba Valkoinen tryffeli All In One -tuplakerma<\/strong> \u2014 se on monitoiminen kasvovoide, joka yhdist\u00e4\u00e4 kosteusvoiteen, seerumin ja silm\u00e4nymp\u00e4rysvoiteen ominaisuudet. T\u00e4m\u00e4 ravitseva seerumivoide kiinteytt\u00e4\u00e4 ihoa, antaa kohottavan vaikutuksen, auttaa v\u00e4hent\u00e4m\u00e4\u00e4n ryppyj\u00e4, parantaa ihon kimmoisuutta ja lis\u00e4\u00e4 iholle hehkua.<\/p>\n<p>T\u00e4m\u00e4 on monipuolinen ik\u00e4\u00e4ntymist\u00e4 ehk\u00e4isev\u00e4 hoitotuote, joka tarjoaa tehohoitoa nelj\u00e4lle kiinteytt\u00e4v\u00e4lle ja hehkuttavalle ihoalueelle.<\/p>\n<p><strong>T\u00e4rkein vaikuttava aine<\/strong> on valkoisen tryffelin uute, joka tunnetaan ik\u00e4\u00e4ntymist\u00e4 ehk\u00e4isevist\u00e4 ja kosteuttavista ominaisuuksistaan. Valkoinen tryffeli sis\u00e4lt\u00e4\u00e4 antioksidantteja ja vitamiineja, jotka parantavat ihon s\u00e4vy\u00e4, kosteuttavat ja lis\u00e4\u00e4v\u00e4t hehkua. Valkoisesta tryffelist\u00e4 ja tokoferolista (E-vitamiini) valmistettu Trufferol\u2122-niminen koostumus on luotu ainutlaatuisessa &quot;kultaisessa&quot; suhteessa.<\/p>\n<ul>\n<li><strong>Valkoinen tryffeli<\/strong>Ylellinen italialainen ainesosa, joka tunnetaan my\u00f6s nimell\u00e4 l\u00e4ntisen valkom\u00e4nnyn uute, omaa voimakkaita ik\u00e4\u00e4ntymist\u00e4 ehk\u00e4isevi\u00e4 ja kosteuttavia ominaisuuksia, parantaa ihon rakennetta ja antaa sille hehkua.<\/li>\n<li><strong>Tokoferoli (E-vitamiini)<\/strong>T\u00e4rke\u00e4 antioksidantti, joka suojaa ihoa vapailta radikaaleilta ja ymp\u00e4rist\u00f6n haittavaikutuksilta, yll\u00e4pit\u00e4en ihon kimmoisuutta ja vahvuutta.<\/li>\n<\/ul>\n<p>Ainesosat toimivat yhdess\u00e4 luoden tehokkaan koostumuksen, joka auttaa parantamaan ihon kuntoa ja torjumaan ik\u00e4\u00e4ntymisen merkkej\u00e4. Voide k\u00e4ytt\u00e4\u00e4 joustavaa liposomiteknologiaa, jonka ansiosta ainesosat imeytyv\u00e4t nopeasti, mik\u00e4 parantaa ihon kimmoisuutta ja tekee siit\u00e4 v\u00e4litt\u00f6m\u00e4sti kirkkaamman ja pehme\u00e4mm\u00e4n.<\/p>\n<h3>Kerman t\u00e4rkeimm\u00e4t edut:<\/h3>\n<ol>\n<li><strong>Ik\u00e4\u00e4ntymist\u00e4 est\u00e4v\u00e4 vaikutus<\/strong>Auttaa v\u00e4hent\u00e4m\u00e4\u00e4n n\u00e4kyvi\u00e4 ryppyj\u00e4 ja pigmenttimuutoksia 4D-tasolla.<\/li>\n<li><strong>Syv\u00e4kosteutus<\/strong>Kevyt koostumus ja aktiiviset ainesosat tunkeutuvat ihon syvempiin kerroksiin varmistaen intensiivisen kosteutuksen.<\/li>\n<li><strong>Vahvistaa ja palauttaa ihoa<\/strong>Parantaa ihon suojakerrosta, kimmoisuutta ja vahvuutta.<\/li>\n<li><strong>Ravitsee ja palauttaa<\/strong>Rikas koostumus auttaa ravitsemaan ihoa edist\u00e4en sen palautumista ja uudistumista.<\/li>\n<li><strong>Sopii kaikille ihotyypeille<\/strong>Koostumus on suunniteltu sopimaan kuivalle, rasvaiselle ja sekaiholle.<\/li>\n<\/ol>\n<h3>Kerman t\u00e4rkeimm\u00e4t ainesosat:<\/h3>\n<ul>\n<li><strong>Opuntia Ficus-Indica -varsiuute<\/strong>: runsaasti antioksidantteja ja vitamiineja, rauhoittaa ja kosteuttaa ihoa.<\/li>\n<li><strong>Oligo-HA ja Triple HA (hyaluronihappo)<\/strong>: Erilaiset hyaluronihapon muodot takaavat syv\u00e4kosteutuksen ja yll\u00e4pit\u00e4v\u00e4t ihon optimaalisia kosteustasoja.<\/li>\n<li><strong>Vegaaninen glutationi<\/strong>: voimakas antioksidantti, joka auttaa torjumaan vapaita radikaaleja ja edist\u00e4\u00e4 ihon kirkastumista.<\/li>\n<li><strong>C-vitamiini- ja biotiinikompleksi<\/strong>Parantaa ihon s\u00e4vy\u00e4, kimmoisuutta ja kirkkautta.<\/li>\n<li><strong>Baekyeoncho-uute (kaktuksen varsi)<\/strong>: rauhoittaa ja kosteuttaa ihoa ja auttaa yll\u00e4pit\u00e4m\u00e4\u00e4n ihon terveytt\u00e4.<\/li>\n<\/ul>\n<p>T\u00e4m\u00e4 voide tarjoaa kokonaisvaltaista hoitoa ravitsemalla ja kosteuttamalla ihoa tehden siit\u00e4 kiinte\u00e4n ja s\u00e4teilev\u00e4n.<\/p>\n<p>Voidetta voidaan k\u00e4ytt\u00e4\u00e4 sek\u00e4 aamuin illoin. Sen hienovarainen koostumus imeytyy nopeasti ja j\u00e4tt\u00e4\u00e4 ihon kosteutetuksi ilman tahmeaa tai rasvaista kiiltoa.<\/p>\n<p>Sopii kaikille ihotyypeille, my\u00f6s herk\u00e4lle iholle.<\/p>\n<p>Suositeltu voiteen ja seerumin suhde ihotyypist\u00e4 ja vuodenajasta riippuen:<\/p>\n<ul>\n<li><strong>Rasvoittuvalle iholle ja p\u00e4ivin\u00e4, jolloin tarvitset kevyemp\u00e4\u00e4 kosteutusta<\/strong>2:1 (seerumi:voide)<\/li>\n<li><strong>Sekaiholle<\/strong>: 1:1<\/li>\n<li><strong>Kuivalle iholle ja p\u00e4ivin\u00e4, jolloin tarvitset intensiivist\u00e4 ravintoa<\/strong>: 1:2<\/li>\n<\/ul>\n<p><strong>K\u00e4ytt\u00f6opas: <\/strong>Kasvojen puhdistuksen j\u00e4lkeen, hoitorutiinisi viimeisen\u00e4 vaiheena, levit\u00e4 voide lastalla, sekoita ja hiero sit\u00e4 hell\u00e4varaisesti ihoon.<\/p>","protected":false},"excerpt":{"rendered":"<p>d'Alba White Truffle All In One Double Cream on monik\u00e4ytt\u00f6inen kasvovoide, jossa yhdistyv\u00e4t kosteusvoiteen, seerumin ja silm\u00e4nymp\u00e4rysvoiteen ominaisuudet. T\u00e4m\u00e4 ravitseva seerumi-voide pehment\u00e4\u00e4 ihoa, antaa kohottavan vaikutuksen, auttaa v\u00e4hent\u00e4m\u00e4\u00e4n ryppyj\u00e4, parantaa ihon kimmoisuutta ja lis\u00e4\u00e4 sen hehkua. Se on monipuolinen anti-ageing-ihonhoitotuote, joka tarjoaa intensiivist\u00e4 hoitoa nelj\u00e4ll\u00e4 kiinteytt\u00e4v\u00e4ll\u00e4 vy\u00f6hykkeell\u00e4 ja kiiltoon keskittyv\u00e4\u00e4...<\/p>","protected":false},"featured_media":12391,"comment_status":"open","ping_status":"closed","template":"","meta":{"_uf_show_specific_survey":0,"_uf_disable_surveys":false,"_bst_post_transparent":"default","_bst_post_title":"","_bst_post_layout":"default","_bst_post_sidebar_id":"","_bst_post_content_style":"default","_bst_post_vertical_padding":"default","_bst_post_feature":"","_bst_post_feature_position":"","_bst_post_header":false,"_bst_post_footer":false},"pwb-brand":[105],"product_brand":[],"product_cat":[92,96],"product_tag":[127,781,554,466,559],"class_list":{"0":"post-12379","1":"product","2":"type-product","3":"status-publish","4":"has-post-thumbnail","6":"pwb-brand-dalba","7":"product_cat-nagu","8":"product_cat-naokreemid","9":"product_tag-dalba","10":"product_tag-korea-kreem","11":"product_tag-lux","12":"product_tag-premium","13":"product_tag-white-truffle","15":"first","16":"instock","17":"sale","18":"shipping-taxable","19":"purchasable","20":"product-type-simple","21":"entry","22":"content-bg","23":"loop-entry"},"supplier_id":null,"supplier_sku":"","barcode":null,"atum_controlled":true,"out_stock_date":null,"out_stock_threshold":null,"inheritable":false,"inbound_stock":0,"stock_on_hold":0,"sold_today":0,"sales_last_days":1,"out_stock_days":0,"lost_sales":0,"has_location":false,"update_date":"2026-04-15T00:05:21","atum_locations":[],"atum_stock_status":"instock","restock_status":true,"low_stock_amount":"","sales_update_date":"2026-04-15T00:05:21","calc_backorders":null,"yoast_head":"<!-- This site is optimized with the Yoast SEO plugin v27.2 - https:\/\/yoast.com\/product\/yoast-seo-wordpress\/ -->\n<title>d&#039;Alba White Truffle All In One Double Cream, 70 g - IDA.KOREA<\/title>\n<meta name=\"description\" content=\"d&#039;Alba White Truffle All In One Double Cream \u2014 see on multifunktsionaalne n\u00e4okreem, mis \u00fchendab endas niisutava kreemi, seerumi ja silmakreemi omadused.\" \/>\n<meta name=\"robots\" content=\"index, follow, max-snippet:-1, max-image-preview:large, max-video-preview:-1\" \/>\n<link rel=\"canonical\" href=\"https:\/\/idakorea.ee\/fi\/product\/dalba-white-truffle-all-in-one-double-cream-70-g\/\" \/>\n<meta property=\"og:locale\" content=\"fi_FI\" \/>\n<meta property=\"og:type\" content=\"article\" \/>\n<meta property=\"og:title\" content=\"d&#039;Alba White Truffle All In One Double Cream, 70 g - IDA.KOREA\" \/>\n<meta property=\"og:description\" content=\"d&#039;Alba White Truffle All In One Double Cream \u2014 see on multifunktsionaalne n\u00e4okreem, mis \u00fchendab endas niisutava kreemi, seerumi ja silmakreemi omadused.\" \/>\n<meta property=\"og:url\" content=\"https:\/\/idakorea.ee\/fi\/product\/dalba-white-truffle-all-in-one-double-cream-70-g\/\" \/>\n<meta property=\"og:site_name\" content=\"IDA.KOREA\" \/>\n<meta property=\"article:modified_time\" content=\"2026-04-10T17:21:02+00:00\" \/>\n<meta property=\"og:image\" content=\"https:\/\/idakorea.ee\/wp-content\/uploads\/2025\/01\/f-5-3a1ff27d64.jpg\" \/>\n\t<meta property=\"og:image:width\" content=\"600\" \/>\n\t<meta property=\"og:image:height\" content=\"600\" \/>\n\t<meta property=\"og:image:type\" content=\"image\/jpeg\" \/>\n<meta name=\"twitter:card\" content=\"summary_large_image\" \/>\n<meta name=\"twitter:label1\" content=\"Arvioitu lukuaika\" \/>\n\t<meta name=\"twitter:data1\" content=\"3 minuuttia\" \/>\n<script type=\"application\/ld+json\" class=\"yoast-schema-graph\">{\"@context\":\"https:\/\/schema.org\",\"@graph\":[{\"@type\":\"WebPage\",\"@id\":\"https:\/\/idakorea.ee\/product\/dalba-white-truffle-all-in-one-double-cream-70-g\/\",\"url\":\"https:\/\/idakorea.ee\/product\/dalba-white-truffle-all-in-one-double-cream-70-g\/\",\"name\":\"d'Alba White Truffle All In One Double Cream, 70 g - IDA.KOREA\",\"isPartOf\":{\"@id\":\"https:\/\/idakorea.ee\/#website\"},\"primaryImageOfPage\":{\"@id\":\"https:\/\/idakorea.ee\/product\/dalba-white-truffle-all-in-one-double-cream-70-g\/#primaryimage\"},\"image\":{\"@id\":\"https:\/\/idakorea.ee\/product\/dalba-white-truffle-all-in-one-double-cream-70-g\/#primaryimage\"},\"thumbnailUrl\":\"https:\/\/idakorea.ee\/wp-content\/uploads\/2025\/01\/f-5-3a1ff27d64.jpg\",\"datePublished\":\"2025-01-23T15:21:31+00:00\",\"dateModified\":\"2026-04-10T17:21:02+00:00\",\"description\":\"d'Alba White Truffle All In One Double Cream \u2014 see on multifunktsionaalne n\u00e4okreem, mis \u00fchendab endas niisutava kreemi, seerumi ja silmakreemi omadused.\",\"breadcrumb\":{\"@id\":\"https:\/\/idakorea.ee\/product\/dalba-white-truffle-all-in-one-double-cream-70-g\/#breadcrumb\"},\"inLanguage\":\"fi\",\"potentialAction\":[{\"@type\":\"ReadAction\",\"target\":[\"https:\/\/idakorea.ee\/product\/dalba-white-truffle-all-in-one-double-cream-70-g\/\"]}]},{\"@type\":\"ImageObject\",\"inLanguage\":\"fi\",\"@id\":\"https:\/\/idakorea.ee\/product\/dalba-white-truffle-all-in-one-double-cream-70-g\/#primaryimage\",\"url\":\"https:\/\/idakorea.ee\/wp-content\/uploads\/2025\/01\/f-5-3a1ff27d64.jpg\",\"contentUrl\":\"https:\/\/idakorea.ee\/wp-content\/uploads\/2025\/01\/f-5-3a1ff27d64.jpg\",\"width\":600,\"height\":600},{\"@type\":\"BreadcrumbList\",\"@id\":\"https:\/\/idakorea.ee\/product\/dalba-white-truffle-all-in-one-double-cream-70-g\/#breadcrumb\",\"itemListElement\":[{\"@type\":\"ListItem\",\"position\":1,\"name\":\"\u0413\u043b\u0430\u0432\u043d\u0430\u044f \u0441\u0442\u0440\u0430\u043d\u0438\u0446\u0430\",\"item\":\"https:\/\/idakorea.ee\/\"},{\"@type\":\"ListItem\",\"position\":2,\"name\":\"Shop\",\"item\":\"https:\/\/idakorea.ee\/shop-2\/\"},{\"@type\":\"ListItem\",\"position\":3,\"name\":\"d&#8217;Alba White Truffle All In One Double Cream, 70 g\"}]},{\"@type\":\"WebSite\",\"@id\":\"https:\/\/idakorea.ee\/#website\",\"url\":\"https:\/\/idakorea.ee\/\",\"name\":\"IDA.KOREA\",\"description\":\"Korea kosmeetika e-pood\",\"publisher\":{\"@id\":\"https:\/\/idakorea.ee\/#organization\"},\"alternateName\":\"Beauty Shop\",\"potentialAction\":[{\"@type\":\"SearchAction\",\"target\":{\"@type\":\"EntryPoint\",\"urlTemplate\":\"https:\/\/idakorea.ee\/?s={search_term_string}\"},\"query-input\":{\"@type\":\"PropertyValueSpecification\",\"valueRequired\":true,\"valueName\":\"search_term_string\"}}],\"inLanguage\":\"fi\"},{\"@type\":\"Organization\",\"@id\":\"https:\/\/idakorea.ee\/#organization\",\"name\":\"IDA.KOREA\",\"url\":\"https:\/\/idakorea.ee\/\",\"logo\":{\"@type\":\"ImageObject\",\"inLanguage\":\"fi\",\"@id\":\"https:\/\/idakorea.ee\/#\/schema\/logo\/image\/\",\"url\":\"https:\/\/idakorea.ee\/wp-content\/uploads\/2024\/05\/cropped-korea3.png\",\"contentUrl\":\"https:\/\/idakorea.ee\/wp-content\/uploads\/2024\/05\/cropped-korea3.png\",\"width\":688,\"height\":126,\"caption\":\"IDA.KOREA\"},\"image\":{\"@id\":\"https:\/\/idakorea.ee\/#\/schema\/logo\/image\/\"},\"sameAs\":[\"https:\/\/www.instagram.com\/ida.korea\/\"]}]}<\/script>\n<!-- \/ Yoast SEO plugin. -->","yoast_head_json":{"title":"d&#039;Alba Valkoinen tryffeli All In One -kerma, 70 g - IDA.KOREA","description":"d&#039;Alba White Truffle All In One Double Cream \u2014 t\u00e4m\u00e4 on monitoiminen kasvovoide, joka yhdist\u00e4\u00e4 kosteusvoiteen, seerumin ja silm\u00e4nymp\u00e4rysvoiteen ominaisuudet.","robots":{"index":"index","follow":"follow","max-snippet":"max-snippet:-1","max-image-preview":"max-image-preview:large","max-video-preview":"max-video-preview:-1"},"canonical":"https:\/\/idakorea.ee\/fi\/product\/dalba-white-truffle-all-in-one-double-cream-70-g\/","og_locale":"fi_FI","og_type":"article","og_title":"d'Alba White Truffle All In One Double Cream, 70 g - IDA.KOREA","og_description":"d'Alba White Truffle All In One Double Cream \u2014 see on multifunktsionaalne n\u00e4okreem, mis \u00fchendab endas niisutava kreemi, seerumi ja silmakreemi omadused.","og_url":"https:\/\/idakorea.ee\/fi\/product\/dalba-white-truffle-all-in-one-double-cream-70-g\/","og_site_name":"IDA.KOREA","article_modified_time":"2026-04-10T17:21:02+00:00","og_image":[{"width":600,"height":600,"url":"https:\/\/idakorea.ee\/wp-content\/uploads\/2025\/01\/f-5-3a1ff27d64.jpg","type":"image\/jpeg"}],"twitter_card":"summary_large_image","twitter_misc":{"Arvioitu lukuaika":"3 minuuttia"},"schema":{"@context":"https:\/\/schema.org","@graph":[{"@type":"WebPage","@id":"https:\/\/idakorea.ee\/product\/dalba-white-truffle-all-in-one-double-cream-70-g\/","url":"https:\/\/idakorea.ee\/product\/dalba-white-truffle-all-in-one-double-cream-70-g\/","name":"d&#039;Alba Valkoinen tryffeli All In One -kerma, 70 g - IDA.KOREA","isPartOf":{"@id":"https:\/\/idakorea.ee\/#website"},"primaryImageOfPage":{"@id":"https:\/\/idakorea.ee\/product\/dalba-white-truffle-all-in-one-double-cream-70-g\/#primaryimage"},"image":{"@id":"https:\/\/idakorea.ee\/product\/dalba-white-truffle-all-in-one-double-cream-70-g\/#primaryimage"},"thumbnailUrl":"https:\/\/idakorea.ee\/wp-content\/uploads\/2025\/01\/f-5-3a1ff27d64.jpg","datePublished":"2025-01-23T15:21:31+00:00","dateModified":"2026-04-10T17:21:02+00:00","description":"d&#039;Alba White Truffle All In One Double Cream \u2014 t\u00e4m\u00e4 on monitoiminen kasvovoide, joka yhdist\u00e4\u00e4 kosteusvoiteen, seerumin ja silm\u00e4nymp\u00e4rysvoiteen ominaisuudet.","breadcrumb":{"@id":"https:\/\/idakorea.ee\/product\/dalba-white-truffle-all-in-one-double-cream-70-g\/#breadcrumb"},"inLanguage":"fi","potentialAction":[{"@type":"ReadAction","target":["https:\/\/idakorea.ee\/product\/dalba-white-truffle-all-in-one-double-cream-70-g\/"]}]},{"@type":"ImageObject","inLanguage":"fi","@id":"https:\/\/idakorea.ee\/product\/dalba-white-truffle-all-in-one-double-cream-70-g\/#primaryimage","url":"https:\/\/idakorea.ee\/wp-content\/uploads\/2025\/01\/f-5-3a1ff27d64.jpg","contentUrl":"https:\/\/idakorea.ee\/wp-content\/uploads\/2025\/01\/f-5-3a1ff27d64.jpg","width":600,"height":600},{"@type":"BreadcrumbList","@id":"https:\/\/idakorea.ee\/product\/dalba-white-truffle-all-in-one-double-cream-70-g\/#breadcrumb","itemListElement":[{"@type":"ListItem","position":1,"name":"\u0413\u043b\u0430\u0432\u043d\u0430\u044f \u0441\u0442\u0440\u0430\u043d\u0438\u0446\u0430","item":"https:\/\/idakorea.ee\/"},{"@type":"ListItem","position":2,"name":"Shop","item":"https:\/\/idakorea.ee\/shop-2\/"},{"@type":"ListItem","position":3,"name":"d&#8217;Alba White Truffle All In One Double Cream, 70 g"}]},{"@type":"WebSite","@id":"https:\/\/idakorea.ee\/#website","url":"https:\/\/idakorea.ee\/","name":"IDA.KOREA","description":"Korean kosmetiikan verkkokauppa","publisher":{"@id":"https:\/\/idakorea.ee\/#organization"},"alternateName":"Beauty Shop","potentialAction":[{"@type":"SearchAction","target":{"@type":"EntryPoint","urlTemplate":"https:\/\/idakorea.ee\/?s={search_term_string}"},"query-input":{"@type":"PropertyValueSpecification","valueRequired":true,"valueName":"search_term_string"}}],"inLanguage":"fi"},{"@type":"Organization","@id":"https:\/\/idakorea.ee\/#organization","name":"IDA.KOREA","url":"https:\/\/idakorea.ee\/","logo":{"@type":"ImageObject","inLanguage":"fi","@id":"https:\/\/idakorea.ee\/#\/schema\/logo\/image\/","url":"https:\/\/idakorea.ee\/wp-content\/uploads\/2024\/05\/cropped-korea3.png","contentUrl":"https:\/\/idakorea.ee\/wp-content\/uploads\/2024\/05\/cropped-korea3.png","width":688,"height":126,"caption":"IDA.KOREA"},"image":{"@id":"https:\/\/idakorea.ee\/#\/schema\/logo\/image\/"},"sameAs":["https:\/\/www.instagram.com\/ida.korea\/"]}]}},"jetpack_sharing_enabled":true,"brands":[{"id":105,"name":"d'ALBA","slug":"dalba"}],"_links":{"self":[{"href":"https:\/\/idakorea.ee\/fi\/wp-json\/wp\/v2\/product\/12379","targetHints":{"allow":["GET"]}}],"collection":[{"href":"https:\/\/idakorea.ee\/fi\/wp-json\/wp\/v2\/product"}],"about":[{"href":"https:\/\/idakorea.ee\/fi\/wp-json\/wp\/v2\/types\/product"}],"replies":[{"embeddable":true,"href":"https:\/\/idakorea.ee\/fi\/wp-json\/wp\/v2\/comments?post=12379"}],"version-history":[{"count":1,"href":"https:\/\/idakorea.ee\/fi\/wp-json\/wp\/v2\/product\/12379\/revisions"}],"predecessor-version":[{"id":12381,"href":"https:\/\/idakorea.ee\/fi\/wp-json\/wp\/v2\/product\/12379\/revisions\/12381"}],"wp:featuredmedia":[{"embeddable":true,"href":"https:\/\/idakorea.ee\/fi\/wp-json\/wp\/v2\/media\/12391"}],"wp:attachment":[{"href":"https:\/\/idakorea.ee\/fi\/wp-json\/wp\/v2\/media?parent=12379"}],"wp:term":[{"taxonomy":"pwb-brand","embeddable":true,"href":"https:\/\/idakorea.ee\/fi\/wp-json\/wp\/v2\/pwb-brand?post=12379"},{"taxonomy":"product_brand","embeddable":true,"href":"https:\/\/idakorea.ee\/fi\/wp-json\/wp\/v2\/product_brand?post=12379"},{"taxonomy":"product_cat","embeddable":true,"href":"https:\/\/idakorea.ee\/fi\/wp-json\/wp\/v2\/product_cat?post=12379"},{"taxonomy":"product_tag","embeddable":true,"href":"https:\/\/idakorea.ee\/fi\/wp-json\/wp\/v2\/product_tag?post=12379"}],"curies":[{"name":"wp","href":"https:\/\/api.w.org\/{rel}","templated":true}]}}