{"id":12392,"date":"2025-01-25T10:45:40","date_gmt":"2025-01-25T08:45:40","guid":{"rendered":"https:\/\/idakorea.ee\/?post_type=product&#038;p=12392"},"modified":"2026-04-04T11:08:08","modified_gmt":"2026-04-04T09:08:08","slug":"tostvast-kangast-maskavajar-perfect-v-lifting-premium-mask","status":"publish","type":"product","link":"https:\/\/idakorea.ee\/fi\/product\/tostvast-kangast-maskavajar-perfect-v-lifting-premium-mask\/","title":{"rendered":"Nostava kangasnaamari Avajar Perfect V Lifting Premium Mask"},"content":{"rendered":"<p><strong>Avajar Perfect V Lifting Premium naamio<\/strong> - nostava kangasnaamari, joka on valmistettu erityisesti kehitetyst\u00e4 joustavasta kankaasta, joka ei ep\u00e4muodostu. Kangas mukautuu tiiviisti ihoon ja antaa tarvittavan puristusvaikutuksen. T\u00e4m\u00e4n ansiosta hydrogeelikerroksen aktiiviset komponentit p\u00e4\u00e4sev\u00e4t ihon syvempiin kerroksiin. Naamion aktiivisilla ainesosilla on lipolyyttisi\u00e4, kuivattavia, tulehdusta ehk\u00e4isevi\u00e4, antioksidanttisia, kiinteytt\u00e4vi\u00e4 ja biostimuloivia vaikutuksia. Ne parantavat solujen aineenvaihduntaa ja k\u00e4ynnist\u00e4v\u00e4t ihon uudistumisprosessin.<\/p>\n<p>Glausiini lis\u00e4\u00e4 ihon s\u00e4vy\u00e4. Yhdess\u00e4 kofeiinin kanssa glausiini auttaa tasoittamaan ihon rakennetta ja parantamaan sen kimmoisuutta. Oligosakkaridit auttavat poistamaan ylim\u00e4\u00e4r\u00e4ist\u00e4 talia, tuhoavat haitallisia bakteereja, jotka tukkivat huokoset, lis\u00e4\u00e4v\u00e4t ihon kimmoisuutta ja antavat iholle s\u00e4teilev\u00e4n hehkun. Naamio kiinteytt\u00e4\u00e4 leuan ja poskien aluetta ja silottaa \"marionettijuonteita\". Lifting-vaikutus n\u00e4kyy ensimm\u00e4isen k\u00e4ytt\u00f6kerran j\u00e4lkeen.<\/p>\n<p><strong>Avajar Perfect V Lifting Premium naamio<\/strong> - tuote, joka saavutti yli 600 000 myyty\u00e4 naamiota Koreassa 3 kuukauden kuluessa lanseerauksesta!<br \/>\nEnsimm\u00e4inen laatuaan, jossa k\u00e4ytet\u00e4\u00e4n erityist\u00e4 eritt\u00e4in joustavaa kangasta luonnollisen kasvojen tuntuman saavuttamiseksi!<\/p>\n<p><strong>Huom:<\/strong> Jos tunnet ep\u00e4mukavuutta korvan alueella, kun k\u00e4yt\u00e4t naamiota, sit\u00e4 on venytetty riitt\u00e4m\u00e4tt\u00f6m\u00e4sti ennen kasvoille asettamista. Poista naamari, venyt\u00e4 sit\u00e4 lis\u00e4\u00e4 ja kiinnit\u00e4 se uudelleen korvien taakse.<\/p>\n<p><strong>K\u00e4ytt\u00e4j\u00e4n k\u00e4sikirja<\/strong><\/p>\n<ol>\n<li>Avaa pakkaus ja poista suojakalvo.<\/li>\n<li>Venyt\u00e4 maskia ja aseta leuka maskin keskelle.<\/li>\n<li>Pujota naamari korvien taakse niin, ett\u00e4 leuka on keskell\u00e4.<\/li>\n<li>Hiero kevyesti molempia poskia k\u00e4yt\u00f6n j\u00e4lkeen (suositellaan 1-2 tuntia).<\/li>\n<li>Yht\u00e4 naamiota voi k\u00e4ytt\u00e4\u00e4 enint\u00e4\u00e4n kolme kertaa - k\u00e4yt\u00f6n j\u00e4lkeen aseta suojakalvo takaisin hydrogeelikerroksen p\u00e4\u00e4lle ja palauta naamio pakkaukseensa. Avattu naamio on suositeltavaa s\u00e4ilytt\u00e4\u00e4 j\u00e4\u00e4kaapissa.<\/li>\n<\/ol>\n<p><strong>Suositeltu parannuskeino<\/strong><\/p>\n<ol>\n<li><strong>Korjauskurssi<\/strong>: 8-12 k\u00e4ytt\u00f6kertaa, kerran viikossa.<\/li>\n<li><strong>Intensiivinen hoito<\/strong>12-15 k\u00e4ytt\u00f6kertaa, kahdesti viikossa.<\/li>\n<li><strong>Huoltokuuri<\/strong>: kolme k\u00e4ytt\u00f6kertaa, kerran kymmeness\u00e4 p\u00e4iv\u00e4ss\u00e4.<\/li>\n<\/ol>","protected":false},"excerpt":{"rendered":"<p>Avajar Perfect V Lifting Premium Mask - nostava kangasnaamari, joka on valmistettu erityisesti kehitetyst\u00e4 joustavasta kankaasta, joka ei ep\u00e4muodostu. Kangas kiinnittyy tiukasti ihoon ja antaa tarvittavan puristusvaikutuksen. T\u00e4m\u00e4n ansiosta hydrogeelikerroksen aktiiviset komponentit p\u00e4\u00e4sev\u00e4t ihon syvempiin kerroksiin. Naamion aktiivisilla aineosilla on lipolyyttisi\u00e4, kuivattavia, tulehdusta ehk\u00e4isevi\u00e4, antioksidanttisia, kiinteytt\u00e4vi\u00e4 ja biostimuloivia vaikutuksia. Ne parantavat solujen aineenvaihduntaa ja k\u00e4ynnist\u00e4v\u00e4t ihon uudistumisprosessin.....<\/p>","protected":false},"featured_media":12394,"comment_status":"open","ping_status":"closed","template":"","meta":{"_uf_show_specific_survey":0,"_uf_disable_surveys":false,"_bst_post_transparent":"default","_bst_post_title":"","_bst_post_layout":"default","_bst_post_sidebar_id":"","_bst_post_content_style":"default","_bst_post_vertical_padding":"default","_bst_post_feature":"","_bst_post_feature_position":"","_bst_post_header":false,"_bst_post_footer":false},"pwb-brand":[782],"product_brand":[],"product_cat":[92,98],"product_tag":[568,783,466],"class_list":{"0":"post-12392","1":"product","2":"type-product","3":"status-publish","4":"has-post-thumbnail","6":"pwb-brand-avajar","7":"product_cat-nagu","8":"product_cat-naomaskid","9":"product_tag-korea","10":"product_tag-lifting-v-mask","11":"product_tag-premium","13":"first","14":"instock","15":"sale","16":"sold-individually","17":"shipping-taxable","18":"purchasable","19":"product-type-simple","20":"entry","21":"content-bg","22":"loop-entry"},"supplier_id":null,"supplier_sku":"","barcode":null,"atum_controlled":true,"out_stock_date":null,"out_stock_threshold":null,"inheritable":false,"inbound_stock":0,"stock_on_hold":0,"sold_today":0,"sales_last_days":2,"out_stock_days":0,"lost_sales":0,"has_location":false,"update_date":"2026-04-14T11:02:03","atum_locations":[],"atum_stock_status":"instock","restock_status":false,"low_stock_amount":"","sales_update_date":"2026-04-14T11:02:03","calc_backorders":null,"yoast_head":"<!-- This site is optimized with the Yoast SEO plugin v27.2 - https:\/\/yoast.com\/product\/yoast-seo-wordpress\/ -->\n<title>T\u00f5stvast kangast mask Avajar Perfect V Lifting Premium Mask - IDA.KOREA<\/title>\n<meta name=\"robots\" content=\"index, follow, max-snippet:-1, max-image-preview:large, max-video-preview:-1\" \/>\n<link rel=\"canonical\" href=\"https:\/\/idakorea.ee\/fi\/product\/tostvast-kangast-maskavajar-perfect-v-lifting-premium-mask\/\" \/>\n<meta property=\"og:locale\" content=\"fi_FI\" \/>\n<meta property=\"og:type\" content=\"article\" \/>\n<meta property=\"og:title\" content=\"T\u00f5stvast kangast mask Avajar Perfect V Lifting Premium Mask - IDA.KOREA\" \/>\n<meta property=\"og:description\" content=\"Avajar Perfect V Lifting Premium Mask \u2013 t\u00f5stvast kangast mask, mis on valmistatud spetsiaalselt v\u00e4lja t\u00f6\u00f6tatud elastsekangast, mis ei deformeeru. Kangas sobitub tihedalt nahaga, pakkudes vajalikku kompressiooniefekti. T\u00e4nu sellele j\u00f5uavad h\u00fcdrogeelikihi aktiivsed komponendid naha s\u00fcgavamatesse kihtidesse. Maski aktiivsetel komponentidel on lipol\u00fc\u00fctiline, drenaa\u017ei, p\u00f5letikuvastane, antioks\u00fcdantne, toniseeriv ja biostimuleeriv toime. Need parandavad rakkude ainevahetust, k\u00e4ivitades naha taastumisprotsessi....\" \/>\n<meta property=\"og:url\" content=\"https:\/\/idakorea.ee\/fi\/product\/tostvast-kangast-maskavajar-perfect-v-lifting-premium-mask\/\" \/>\n<meta property=\"og:site_name\" content=\"IDA.KOREA\" \/>\n<meta property=\"article:modified_time\" content=\"2026-04-04T09:08:08+00:00\" \/>\n<meta property=\"og:image\" content=\"https:\/\/idakorea.ee\/wp-content\/uploads\/2025\/01\/84103d5d19.jpg\" \/>\n\t<meta property=\"og:image:width\" content=\"600\" \/>\n\t<meta property=\"og:image:height\" content=\"600\" \/>\n\t<meta property=\"og:image:type\" content=\"image\/jpeg\" \/>\n<meta name=\"twitter:card\" content=\"summary_large_image\" \/>\n<meta name=\"twitter:label1\" content=\"Arvioitu lukuaika\" \/>\n\t<meta name=\"twitter:data1\" content=\"2 minuuttia\" \/>\n<script type=\"application\/ld+json\" class=\"yoast-schema-graph\">{\"@context\":\"https:\/\/schema.org\",\"@graph\":[{\"@type\":\"WebPage\",\"@id\":\"https:\/\/idakorea.ee\/product\/tostvast-kangast-maskavajar-perfect-v-lifting-premium-mask\/\",\"url\":\"https:\/\/idakorea.ee\/product\/tostvast-kangast-maskavajar-perfect-v-lifting-premium-mask\/\",\"name\":\"T\u00f5stvast kangast mask Avajar Perfect V Lifting Premium Mask - IDA.KOREA\",\"isPartOf\":{\"@id\":\"https:\/\/idakorea.ee\/#website\"},\"primaryImageOfPage\":{\"@id\":\"https:\/\/idakorea.ee\/product\/tostvast-kangast-maskavajar-perfect-v-lifting-premium-mask\/#primaryimage\"},\"image\":{\"@id\":\"https:\/\/idakorea.ee\/product\/tostvast-kangast-maskavajar-perfect-v-lifting-premium-mask\/#primaryimage\"},\"thumbnailUrl\":\"https:\/\/idakorea.ee\/wp-content\/uploads\/2025\/01\/84103d5d19.jpg\",\"datePublished\":\"2025-01-25T08:45:40+00:00\",\"dateModified\":\"2026-04-04T09:08:08+00:00\",\"breadcrumb\":{\"@id\":\"https:\/\/idakorea.ee\/product\/tostvast-kangast-maskavajar-perfect-v-lifting-premium-mask\/#breadcrumb\"},\"inLanguage\":\"fi\",\"potentialAction\":[{\"@type\":\"ReadAction\",\"target\":[\"https:\/\/idakorea.ee\/product\/tostvast-kangast-maskavajar-perfect-v-lifting-premium-mask\/\"]}]},{\"@type\":\"ImageObject\",\"inLanguage\":\"fi\",\"@id\":\"https:\/\/idakorea.ee\/product\/tostvast-kangast-maskavajar-perfect-v-lifting-premium-mask\/#primaryimage\",\"url\":\"https:\/\/idakorea.ee\/wp-content\/uploads\/2025\/01\/84103d5d19.jpg\",\"contentUrl\":\"https:\/\/idakorea.ee\/wp-content\/uploads\/2025\/01\/84103d5d19.jpg\",\"width\":600,\"height\":600},{\"@type\":\"BreadcrumbList\",\"@id\":\"https:\/\/idakorea.ee\/product\/tostvast-kangast-maskavajar-perfect-v-lifting-premium-mask\/#breadcrumb\",\"itemListElement\":[{\"@type\":\"ListItem\",\"position\":1,\"name\":\"\u0413\u043b\u0430\u0432\u043d\u0430\u044f \u0441\u0442\u0440\u0430\u043d\u0438\u0446\u0430\",\"item\":\"https:\/\/idakorea.ee\/\"},{\"@type\":\"ListItem\",\"position\":2,\"name\":\"Shop\",\"item\":\"https:\/\/idakorea.ee\/shop-2\/\"},{\"@type\":\"ListItem\",\"position\":3,\"name\":\"T\u00f5stvast kangast mask Avajar Perfect V Lifting Premium Mask\"}]},{\"@type\":\"WebSite\",\"@id\":\"https:\/\/idakorea.ee\/#website\",\"url\":\"https:\/\/idakorea.ee\/\",\"name\":\"IDA.KOREA\",\"description\":\"Korea kosmeetika e-pood\",\"publisher\":{\"@id\":\"https:\/\/idakorea.ee\/#organization\"},\"alternateName\":\"Beauty Shop\",\"potentialAction\":[{\"@type\":\"SearchAction\",\"target\":{\"@type\":\"EntryPoint\",\"urlTemplate\":\"https:\/\/idakorea.ee\/?s={search_term_string}\"},\"query-input\":{\"@type\":\"PropertyValueSpecification\",\"valueRequired\":true,\"valueName\":\"search_term_string\"}}],\"inLanguage\":\"fi\"},{\"@type\":\"Organization\",\"@id\":\"https:\/\/idakorea.ee\/#organization\",\"name\":\"IDA.KOREA\",\"url\":\"https:\/\/idakorea.ee\/\",\"logo\":{\"@type\":\"ImageObject\",\"inLanguage\":\"fi\",\"@id\":\"https:\/\/idakorea.ee\/#\/schema\/logo\/image\/\",\"url\":\"https:\/\/idakorea.ee\/wp-content\/uploads\/2024\/05\/cropped-korea3.png\",\"contentUrl\":\"https:\/\/idakorea.ee\/wp-content\/uploads\/2024\/05\/cropped-korea3.png\",\"width\":688,\"height\":126,\"caption\":\"IDA.KOREA\"},\"image\":{\"@id\":\"https:\/\/idakorea.ee\/#\/schema\/logo\/image\/\"},\"sameAs\":[\"https:\/\/www.instagram.com\/ida.korea\/\"]}]}<\/script>\n<!-- \/ Yoast SEO plugin. -->","yoast_head_json":{"title":"Nostava kangasnaamio Avajar Perfect V Lifting Premium Mask - IDA.KOREA","robots":{"index":"index","follow":"follow","max-snippet":"max-snippet:-1","max-image-preview":"max-image-preview:large","max-video-preview":"max-video-preview:-1"},"canonical":"https:\/\/idakorea.ee\/fi\/product\/tostvast-kangast-maskavajar-perfect-v-lifting-premium-mask\/","og_locale":"fi_FI","og_type":"article","og_title":"T\u00f5stvast kangast mask Avajar Perfect V Lifting Premium Mask - IDA.KOREA","og_description":"Avajar Perfect V Lifting Premium Mask \u2013 t\u00f5stvast kangast mask, mis on valmistatud spetsiaalselt v\u00e4lja t\u00f6\u00f6tatud elastsekangast, mis ei deformeeru. Kangas sobitub tihedalt nahaga, pakkudes vajalikku kompressiooniefekti. T\u00e4nu sellele j\u00f5uavad h\u00fcdrogeelikihi aktiivsed komponendid naha s\u00fcgavamatesse kihtidesse. Maski aktiivsetel komponentidel on lipol\u00fc\u00fctiline, drenaa\u017ei, p\u00f5letikuvastane, antioks\u00fcdantne, toniseeriv ja biostimuleeriv toime. Need parandavad rakkude ainevahetust, k\u00e4ivitades naha taastumisprotsessi....","og_url":"https:\/\/idakorea.ee\/fi\/product\/tostvast-kangast-maskavajar-perfect-v-lifting-premium-mask\/","og_site_name":"IDA.KOREA","article_modified_time":"2026-04-04T09:08:08+00:00","og_image":[{"width":600,"height":600,"url":"https:\/\/idakorea.ee\/wp-content\/uploads\/2025\/01\/84103d5d19.jpg","type":"image\/jpeg"}],"twitter_card":"summary_large_image","twitter_misc":{"Arvioitu lukuaika":"2 minuuttia"},"schema":{"@context":"https:\/\/schema.org","@graph":[{"@type":"WebPage","@id":"https:\/\/idakorea.ee\/product\/tostvast-kangast-maskavajar-perfect-v-lifting-premium-mask\/","url":"https:\/\/idakorea.ee\/product\/tostvast-kangast-maskavajar-perfect-v-lifting-premium-mask\/","name":"Nostava kangasnaamio Avajar Perfect V Lifting Premium Mask - IDA.KOREA","isPartOf":{"@id":"https:\/\/idakorea.ee\/#website"},"primaryImageOfPage":{"@id":"https:\/\/idakorea.ee\/product\/tostvast-kangast-maskavajar-perfect-v-lifting-premium-mask\/#primaryimage"},"image":{"@id":"https:\/\/idakorea.ee\/product\/tostvast-kangast-maskavajar-perfect-v-lifting-premium-mask\/#primaryimage"},"thumbnailUrl":"https:\/\/idakorea.ee\/wp-content\/uploads\/2025\/01\/84103d5d19.jpg","datePublished":"2025-01-25T08:45:40+00:00","dateModified":"2026-04-04T09:08:08+00:00","breadcrumb":{"@id":"https:\/\/idakorea.ee\/product\/tostvast-kangast-maskavajar-perfect-v-lifting-premium-mask\/#breadcrumb"},"inLanguage":"fi","potentialAction":[{"@type":"ReadAction","target":["https:\/\/idakorea.ee\/product\/tostvast-kangast-maskavajar-perfect-v-lifting-premium-mask\/"]}]},{"@type":"ImageObject","inLanguage":"fi","@id":"https:\/\/idakorea.ee\/product\/tostvast-kangast-maskavajar-perfect-v-lifting-premium-mask\/#primaryimage","url":"https:\/\/idakorea.ee\/wp-content\/uploads\/2025\/01\/84103d5d19.jpg","contentUrl":"https:\/\/idakorea.ee\/wp-content\/uploads\/2025\/01\/84103d5d19.jpg","width":600,"height":600},{"@type":"BreadcrumbList","@id":"https:\/\/idakorea.ee\/product\/tostvast-kangast-maskavajar-perfect-v-lifting-premium-mask\/#breadcrumb","itemListElement":[{"@type":"ListItem","position":1,"name":"\u0413\u043b\u0430\u0432\u043d\u0430\u044f \u0441\u0442\u0440\u0430\u043d\u0438\u0446\u0430","item":"https:\/\/idakorea.ee\/"},{"@type":"ListItem","position":2,"name":"Shop","item":"https:\/\/idakorea.ee\/shop-2\/"},{"@type":"ListItem","position":3,"name":"T\u00f5stvast kangast mask Avajar Perfect V Lifting Premium Mask"}]},{"@type":"WebSite","@id":"https:\/\/idakorea.ee\/#website","url":"https:\/\/idakorea.ee\/","name":"IDA.KOREA","description":"Korean kosmetiikan verkkokauppa","publisher":{"@id":"https:\/\/idakorea.ee\/#organization"},"alternateName":"Beauty Shop","potentialAction":[{"@type":"SearchAction","target":{"@type":"EntryPoint","urlTemplate":"https:\/\/idakorea.ee\/?s={search_term_string}"},"query-input":{"@type":"PropertyValueSpecification","valueRequired":true,"valueName":"search_term_string"}}],"inLanguage":"fi"},{"@type":"Organization","@id":"https:\/\/idakorea.ee\/#organization","name":"IDA.KOREA","url":"https:\/\/idakorea.ee\/","logo":{"@type":"ImageObject","inLanguage":"fi","@id":"https:\/\/idakorea.ee\/#\/schema\/logo\/image\/","url":"https:\/\/idakorea.ee\/wp-content\/uploads\/2024\/05\/cropped-korea3.png","contentUrl":"https:\/\/idakorea.ee\/wp-content\/uploads\/2024\/05\/cropped-korea3.png","width":688,"height":126,"caption":"IDA.KOREA"},"image":{"@id":"https:\/\/idakorea.ee\/#\/schema\/logo\/image\/"},"sameAs":["https:\/\/www.instagram.com\/ida.korea\/"]}]}},"jetpack_sharing_enabled":true,"brands":[{"id":782,"name":"AVAJAR","slug":"avajar"}],"_links":{"self":[{"href":"https:\/\/idakorea.ee\/fi\/wp-json\/wp\/v2\/product\/12392","targetHints":{"allow":["GET"]}}],"collection":[{"href":"https:\/\/idakorea.ee\/fi\/wp-json\/wp\/v2\/product"}],"about":[{"href":"https:\/\/idakorea.ee\/fi\/wp-json\/wp\/v2\/types\/product"}],"replies":[{"embeddable":true,"href":"https:\/\/idakorea.ee\/fi\/wp-json\/wp\/v2\/comments?post=12392"}],"version-history":[{"count":2,"href":"https:\/\/idakorea.ee\/fi\/wp-json\/wp\/v2\/product\/12392\/revisions"}],"predecessor-version":[{"id":12398,"href":"https:\/\/idakorea.ee\/fi\/wp-json\/wp\/v2\/product\/12392\/revisions\/12398"}],"wp:featuredmedia":[{"embeddable":true,"href":"https:\/\/idakorea.ee\/fi\/wp-json\/wp\/v2\/media\/12394"}],"wp:attachment":[{"href":"https:\/\/idakorea.ee\/fi\/wp-json\/wp\/v2\/media?parent=12392"}],"wp:term":[{"taxonomy":"pwb-brand","embeddable":true,"href":"https:\/\/idakorea.ee\/fi\/wp-json\/wp\/v2\/pwb-brand?post=12392"},{"taxonomy":"product_brand","embeddable":true,"href":"https:\/\/idakorea.ee\/fi\/wp-json\/wp\/v2\/product_brand?post=12392"},{"taxonomy":"product_cat","embeddable":true,"href":"https:\/\/idakorea.ee\/fi\/wp-json\/wp\/v2\/product_cat?post=12392"},{"taxonomy":"product_tag","embeddable":true,"href":"https:\/\/idakorea.ee\/fi\/wp-json\/wp\/v2\/product_tag?post=12392"}],"curies":[{"name":"wp","href":"https:\/\/api.w.org\/{rel}","templated":true}]}}