{"id":12409,"date":"2025-01-25T15:33:38","date_gmt":"2025-01-25T13:33:38","guid":{"rendered":"https:\/\/idakorea.ee\/?post_type=product&#038;p=12409"},"modified":"2026-04-03T11:06:36","modified_gmt":"2026-04-03T09:06:36","slug":"naopesugeel-round-lab-soybean-cleanser-150ml","status":"publish","type":"product","link":"https:\/\/idakorea.ee\/fi\/product\/naopesugeel-round-lab-soybean-cleanser-150ml\/","title":{"rendered":"Kasvojen pesuaine Round Lab Soybean Cleanser, 150ml"},"content":{"rendered":"<p><strong>Round Lab Soybean Cleanser <\/strong>Vaahtoava kasvojenpuhdistusaine on herk\u00e4n kermaisen koostumuksen omaava, joka puhdistaa hell\u00e4varaisesti poistaen likaa ja p\u00f6ly\u00e4 ja j\u00e4tt\u00e4en ihon sile\u00e4ksi ja pehme\u00e4ksi.<\/p>\n<p>Tuote puhdistaa my\u00f6s ihohuokosia poistamalla ylim\u00e4\u00e4r\u00e4ist\u00e4 talia ja kuolleita ihosoluja, mik\u00e4 auttaa ehk\u00e4isem\u00e4\u00e4n ihohuokosten tukkeutumista ja komedonien muodostumista.<\/p>\n<p>Ravitseva vaahtoava puhdistusgeeli ei aiheuta \u00e4rsytyst\u00e4, kuivuutta, hilseily\u00e4 tai kirist\u00e4v\u00e4n tunnetta, j\u00e4tt\u00e4en ihon miellytt\u00e4v\u00e4n kosteutetuksi ja mukavaksi pesun j\u00e4lkeen. Hell\u00e4varaisesti hapan, pH-arvoltaan 5,0\u20136,0 oleva koostumus ei vahingoita ihon luonnollista suojakerrosta.<\/p>\n<p>T\u00e4rkein vaikuttava aine on mustan soijapavun uute (10 000 ppm), joka on per\u00e4isin Etel\u00e4-Korean Jeongsanin saaren ekologiselta alueelta. Uutteella on voimakkaita ik\u00e4\u00e4ntymist\u00e4 ja tulehdusta ehk\u00e4isevi\u00e4 vaikutuksia, ja se torjuu oksidatiivista stressi\u00e4. Mustan soijapavun uute sis\u00e4lt\u00e4\u00e4 vitamiineja, proteiineja ja suuremman m\u00e4\u00e4r\u00e4n antioksidantteja kuin muut soijapapulajikkeet.<\/p>\n<p><strong>Muita vaikuttavia aineita:<\/strong><\/p>\n<ul>\n<li class=\"translation-block\"><strong>Riisijauho<\/strong> \u2013 imee ylim\u00e4\u00e4r\u00e4ist\u00e4 \u00f6ljy\u00e4, kirkastaa ihoa hieman, tasoittaa ihon s\u00e4vy\u00e4 ja v\u00e4hent\u00e4\u00e4 punoitusta.<\/li>\n<li class=\"translation-block\"><strong>Kaurapuuro<\/strong> \u2013 pehment\u00e4\u00e4, kuorii hell\u00e4varaisesti, tarjoaa soluille antioksidanttisuojan ja sis\u00e4lt\u00e4\u00e4 beetaglukaania.<\/li>\n<li class=\"translation-block\"><strong>Fytosfingosiini<\/strong> \u2013 fosfolipidi, joka pident\u00e4\u00e4 solujen nuoruutta, sill\u00e4 on antibakteerisia ja tulehdusta est\u00e4vi\u00e4 vaikutuksia, vahvistaa hydrolipidikerrosta ja nopeuttaa ihon paranemista.<\/li>\n<li class=\"translation-block\"><strong>Skvalaani<\/strong> \u2013 t\u00e4ydent\u00e4\u00e4 ihon kosteusvarastoja, est\u00e4\u00e4 kosteuden haihtumista, torjuu kuivuutta ja hilseily\u00e4 tehden ihosta pehme\u00e4n ja silkkisen.<\/li>\n<li><strong>Sarviapila\u00f6ljy<\/strong> \u2013 sis\u00e4lt\u00e4\u00e4 arvokkaita rasvahappoja, on antioksidanttinen, pehment\u00e4\u00e4 ja silottaa ihoa j\u00e4tt\u00e4m\u00e4tt\u00e4 tahmeaa tunnetta.<\/li>\n<li class=\"translation-block\"><strong>Keramidit<\/strong> \u2013 vahvistavat ihon lipidikerrosta, est\u00e4v\u00e4t transdermaalista kosteuden haihtumista ja parantavat ihon rakennetta.<\/li>\n<\/ul>\n<p>&nbsp;<\/p>\n<p>Sopii normaalille, kuivalle ja herk\u00e4lle iholle.<\/p>\n<p><strong>K\u00e4ytt\u00f6opas:<\/strong> Meikin poistamisen j\u00e4lkeen levit\u00e4 puhdistusvaahtoa kasvoillesi, hiero kevyesti ja huuhtele l\u00e4mpim\u00e4ll\u00e4 vedell\u00e4. Jatka normaalia ihonhoitorutiiniasi.<\/p>","protected":false},"excerpt":{"rendered":"<p>Round Lab Soybean Cleanser -vaahtoava kasvovesi on koostumukseltaan hell\u00e4varainen ja kermainen, joka puhdistaa hell\u00e4varaisesti, poistaa lian ja p\u00f6lyn ja j\u00e4tt\u00e4\u00e4 ihon sile\u00e4ksi ja pehme\u00e4ksi. Tuote puhdistaa my\u00f6s ihohuokosia poistamalla ylim\u00e4\u00e4r\u00e4isen \u00f6ljyn ja kuolleet ihosolut, mik\u00e4 auttaa ehk\u00e4isem\u00e4\u00e4n tukkeutuneita ihohuokosia ja komedojen muodostumista. Ravitseva vaahtoava puhdistusgeeli ei aiheuta \u00e4rsytyst\u00e4, kuivuutta, hilseily\u00e4 tai kiristyst\u00e4, vaan j\u00e4tt\u00e4\u00e4 iholle...<\/p>","protected":false},"featured_media":12417,"comment_status":"open","ping_status":"closed","template":"","meta":{"_uf_show_specific_survey":0,"_uf_disable_surveys":false,"_bst_post_transparent":"default","_bst_post_title":"","_bst_post_layout":"default","_bst_post_sidebar_id":"","_bst_post_content_style":"default","_bst_post_vertical_padding":"default","_bst_post_feature":"","_bst_post_feature_position":"","_bst_post_header":false,"_bst_post_footer":false},"pwb-brand":[645],"product_brand":[],"product_cat":[92,452,100],"product_tag":[785,202,646,784],"class_list":{"0":"post-12409","1":"product","2":"type-product","3":"status-publish","4":"has-post-thumbnail","6":"pwb-brand-round-lab","7":"product_cat-nagu","8":"product_cat-naopuhastusgeelid","9":"product_cat-puhastusvahendid","10":"product_tag-cleanser","11":"product_tag-korea-kosmeetika","12":"product_tag-round-lab","13":"product_tag-soybean","15":"first","16":"instock","17":"sale","18":"shipping-taxable","19":"purchasable","20":"product-type-simple","21":"entry","22":"content-bg","23":"loop-entry"},"supplier_id":null,"supplier_sku":"","barcode":null,"atum_controlled":true,"out_stock_date":null,"out_stock_threshold":null,"inheritable":false,"inbound_stock":0,"stock_on_hold":0,"sold_today":0,"sales_last_days":0,"out_stock_days":0,"lost_sales":0,"has_location":false,"update_date":"2026-04-14T00:05:10","atum_locations":[],"atum_stock_status":"instock","restock_status":false,"low_stock_amount":"","sales_update_date":"2026-04-14T00:05:10","calc_backorders":null,"yoast_head":"<!-- This site is optimized with the Yoast SEO plugin v27.2 - https:\/\/yoast.com\/product\/yoast-seo-wordpress\/ -->\n<title>Round Lab Soybean Cleanser, 150ml - IDA.KOREA<\/title>\n<meta name=\"description\" content=\"Round Lab Soybean Cleanser vahutav n\u00e4opesugeel kreemja tekstuuriga, mis tagab \u00f5rna puhastuse, eemaldades mustuse ja tolmu ning muutes naha siledaks.\" \/>\n<meta name=\"robots\" content=\"index, follow, max-snippet:-1, max-image-preview:large, max-video-preview:-1\" \/>\n<link rel=\"canonical\" href=\"https:\/\/idakorea.ee\/fi\/product\/naopesugeel-round-lab-soybean-cleanser-150ml\/\" \/>\n<meta property=\"og:locale\" content=\"fi_FI\" \/>\n<meta property=\"og:type\" content=\"article\" \/>\n<meta property=\"og:title\" content=\"Round Lab Soybean Cleanser, 150ml - IDA.KOREA\" \/>\n<meta property=\"og:description\" content=\"Round Lab Soybean Cleanser vahutav n\u00e4opesugeel kreemja tekstuuriga, mis tagab \u00f5rna puhastuse, eemaldades mustuse ja tolmu ning muutes naha siledaks.\" \/>\n<meta property=\"og:url\" content=\"https:\/\/idakorea.ee\/fi\/product\/naopesugeel-round-lab-soybean-cleanser-150ml\/\" \/>\n<meta property=\"og:site_name\" content=\"IDA.KOREA\" \/>\n<meta property=\"article:modified_time\" content=\"2026-04-03T09:06:36+00:00\" \/>\n<meta property=\"og:image\" content=\"https:\/\/idakorea.ee\/wp-content\/uploads\/2025\/01\/sfda-frae.jpg\" \/>\n\t<meta property=\"og:image:width\" content=\"600\" \/>\n\t<meta property=\"og:image:height\" content=\"600\" \/>\n\t<meta property=\"og:image:type\" content=\"image\/jpeg\" \/>\n<meta name=\"twitter:card\" content=\"summary_large_image\" \/>\n<meta name=\"twitter:label1\" content=\"Arvioitu lukuaika\" \/>\n\t<meta name=\"twitter:data1\" content=\"2 minuuttia\" \/>\n<script type=\"application\/ld+json\" class=\"yoast-schema-graph\">{\"@context\":\"https:\/\/schema.org\",\"@graph\":[{\"@type\":\"WebPage\",\"@id\":\"https:\/\/idakorea.ee\/product\/naopesugeel-round-lab-soybean-cleanser-150ml\/\",\"url\":\"https:\/\/idakorea.ee\/product\/naopesugeel-round-lab-soybean-cleanser-150ml\/\",\"name\":\"Round Lab Soybean Cleanser, 150ml - IDA.KOREA\",\"isPartOf\":{\"@id\":\"https:\/\/idakorea.ee\/#website\"},\"primaryImageOfPage\":{\"@id\":\"https:\/\/idakorea.ee\/product\/naopesugeel-round-lab-soybean-cleanser-150ml\/#primaryimage\"},\"image\":{\"@id\":\"https:\/\/idakorea.ee\/product\/naopesugeel-round-lab-soybean-cleanser-150ml\/#primaryimage\"},\"thumbnailUrl\":\"https:\/\/idakorea.ee\/wp-content\/uploads\/2025\/01\/sfda-frae.jpg\",\"datePublished\":\"2025-01-25T13:33:38+00:00\",\"dateModified\":\"2026-04-03T09:06:36+00:00\",\"description\":\"Round Lab Soybean Cleanser vahutav n\u00e4opesugeel kreemja tekstuuriga, mis tagab \u00f5rna puhastuse, eemaldades mustuse ja tolmu ning muutes naha siledaks.\",\"breadcrumb\":{\"@id\":\"https:\/\/idakorea.ee\/product\/naopesugeel-round-lab-soybean-cleanser-150ml\/#breadcrumb\"},\"inLanguage\":\"fi\",\"potentialAction\":[{\"@type\":\"ReadAction\",\"target\":[\"https:\/\/idakorea.ee\/product\/naopesugeel-round-lab-soybean-cleanser-150ml\/\"]}]},{\"@type\":\"ImageObject\",\"inLanguage\":\"fi\",\"@id\":\"https:\/\/idakorea.ee\/product\/naopesugeel-round-lab-soybean-cleanser-150ml\/#primaryimage\",\"url\":\"https:\/\/idakorea.ee\/wp-content\/uploads\/2025\/01\/sfda-frae.jpg\",\"contentUrl\":\"https:\/\/idakorea.ee\/wp-content\/uploads\/2025\/01\/sfda-frae.jpg\",\"width\":600,\"height\":600},{\"@type\":\"BreadcrumbList\",\"@id\":\"https:\/\/idakorea.ee\/product\/naopesugeel-round-lab-soybean-cleanser-150ml\/#breadcrumb\",\"itemListElement\":[{\"@type\":\"ListItem\",\"position\":1,\"name\":\"\u0413\u043b\u0430\u0432\u043d\u0430\u044f \u0441\u0442\u0440\u0430\u043d\u0438\u0446\u0430\",\"item\":\"https:\/\/idakorea.ee\/\"},{\"@type\":\"ListItem\",\"position\":2,\"name\":\"Shop\",\"item\":\"https:\/\/idakorea.ee\/shop-2\/\"},{\"@type\":\"ListItem\",\"position\":3,\"name\":\"N\u00e4opesugeel Round Lab Soybean Cleanser, 150ml\"}]},{\"@type\":\"WebSite\",\"@id\":\"https:\/\/idakorea.ee\/#website\",\"url\":\"https:\/\/idakorea.ee\/\",\"name\":\"IDA.KOREA\",\"description\":\"Korea kosmeetika e-pood\",\"publisher\":{\"@id\":\"https:\/\/idakorea.ee\/#organization\"},\"alternateName\":\"Beauty Shop\",\"potentialAction\":[{\"@type\":\"SearchAction\",\"target\":{\"@type\":\"EntryPoint\",\"urlTemplate\":\"https:\/\/idakorea.ee\/?s={search_term_string}\"},\"query-input\":{\"@type\":\"PropertyValueSpecification\",\"valueRequired\":true,\"valueName\":\"search_term_string\"}}],\"inLanguage\":\"fi\"},{\"@type\":\"Organization\",\"@id\":\"https:\/\/idakorea.ee\/#organization\",\"name\":\"IDA.KOREA\",\"url\":\"https:\/\/idakorea.ee\/\",\"logo\":{\"@type\":\"ImageObject\",\"inLanguage\":\"fi\",\"@id\":\"https:\/\/idakorea.ee\/#\/schema\/logo\/image\/\",\"url\":\"https:\/\/idakorea.ee\/wp-content\/uploads\/2024\/05\/cropped-korea3.png\",\"contentUrl\":\"https:\/\/idakorea.ee\/wp-content\/uploads\/2024\/05\/cropped-korea3.png\",\"width\":688,\"height\":126,\"caption\":\"IDA.KOREA\"},\"image\":{\"@id\":\"https:\/\/idakorea.ee\/#\/schema\/logo\/image\/\"},\"sameAs\":[\"https:\/\/www.instagram.com\/ida.korea\/\"]}]}<\/script>\n<!-- \/ Yoast SEO plugin. -->","yoast_head_json":{"title":"Round Lab Soijapapupuhdistusaine, 150ml - IDA.KOREA","description":"Round Lab Soybean Cleanser on vaahtoava kasvojenpuhdistusaine, jonka kermainen koostumus puhdistaa hell\u00e4varaisesti, poistaa likaa ja p\u00f6ly\u00e4 ja tekee ihosta sile\u00e4n.","robots":{"index":"index","follow":"follow","max-snippet":"max-snippet:-1","max-image-preview":"max-image-preview:large","max-video-preview":"max-video-preview:-1"},"canonical":"https:\/\/idakorea.ee\/fi\/product\/naopesugeel-round-lab-soybean-cleanser-150ml\/","og_locale":"fi_FI","og_type":"article","og_title":"Round Lab Soybean Cleanser, 150ml - IDA.KOREA","og_description":"Round Lab Soybean Cleanser vahutav n\u00e4opesugeel kreemja tekstuuriga, mis tagab \u00f5rna puhastuse, eemaldades mustuse ja tolmu ning muutes naha siledaks.","og_url":"https:\/\/idakorea.ee\/fi\/product\/naopesugeel-round-lab-soybean-cleanser-150ml\/","og_site_name":"IDA.KOREA","article_modified_time":"2026-04-03T09:06:36+00:00","og_image":[{"width":600,"height":600,"url":"https:\/\/idakorea.ee\/wp-content\/uploads\/2025\/01\/sfda-frae.jpg","type":"image\/jpeg"}],"twitter_card":"summary_large_image","twitter_misc":{"Arvioitu lukuaika":"2 minuuttia"},"schema":{"@context":"https:\/\/schema.org","@graph":[{"@type":"WebPage","@id":"https:\/\/idakorea.ee\/product\/naopesugeel-round-lab-soybean-cleanser-150ml\/","url":"https:\/\/idakorea.ee\/product\/naopesugeel-round-lab-soybean-cleanser-150ml\/","name":"Round Lab Soijapapupuhdistusaine, 150ml - IDA.KOREA","isPartOf":{"@id":"https:\/\/idakorea.ee\/#website"},"primaryImageOfPage":{"@id":"https:\/\/idakorea.ee\/product\/naopesugeel-round-lab-soybean-cleanser-150ml\/#primaryimage"},"image":{"@id":"https:\/\/idakorea.ee\/product\/naopesugeel-round-lab-soybean-cleanser-150ml\/#primaryimage"},"thumbnailUrl":"https:\/\/idakorea.ee\/wp-content\/uploads\/2025\/01\/sfda-frae.jpg","datePublished":"2025-01-25T13:33:38+00:00","dateModified":"2026-04-03T09:06:36+00:00","description":"Round Lab Soybean Cleanser on vaahtoava kasvojenpuhdistusaine, jonka kermainen koostumus puhdistaa hell\u00e4varaisesti, poistaa likaa ja p\u00f6ly\u00e4 ja tekee ihosta sile\u00e4n.","breadcrumb":{"@id":"https:\/\/idakorea.ee\/product\/naopesugeel-round-lab-soybean-cleanser-150ml\/#breadcrumb"},"inLanguage":"fi","potentialAction":[{"@type":"ReadAction","target":["https:\/\/idakorea.ee\/product\/naopesugeel-round-lab-soybean-cleanser-150ml\/"]}]},{"@type":"ImageObject","inLanguage":"fi","@id":"https:\/\/idakorea.ee\/product\/naopesugeel-round-lab-soybean-cleanser-150ml\/#primaryimage","url":"https:\/\/idakorea.ee\/wp-content\/uploads\/2025\/01\/sfda-frae.jpg","contentUrl":"https:\/\/idakorea.ee\/wp-content\/uploads\/2025\/01\/sfda-frae.jpg","width":600,"height":600},{"@type":"BreadcrumbList","@id":"https:\/\/idakorea.ee\/product\/naopesugeel-round-lab-soybean-cleanser-150ml\/#breadcrumb","itemListElement":[{"@type":"ListItem","position":1,"name":"\u0413\u043b\u0430\u0432\u043d\u0430\u044f \u0441\u0442\u0440\u0430\u043d\u0438\u0446\u0430","item":"https:\/\/idakorea.ee\/"},{"@type":"ListItem","position":2,"name":"Shop","item":"https:\/\/idakorea.ee\/shop-2\/"},{"@type":"ListItem","position":3,"name":"N\u00e4opesugeel Round Lab Soybean Cleanser, 150ml"}]},{"@type":"WebSite","@id":"https:\/\/idakorea.ee\/#website","url":"https:\/\/idakorea.ee\/","name":"IDA.KOREA","description":"Korean kosmetiikan verkkokauppa","publisher":{"@id":"https:\/\/idakorea.ee\/#organization"},"alternateName":"Beauty Shop","potentialAction":[{"@type":"SearchAction","target":{"@type":"EntryPoint","urlTemplate":"https:\/\/idakorea.ee\/?s={search_term_string}"},"query-input":{"@type":"PropertyValueSpecification","valueRequired":true,"valueName":"search_term_string"}}],"inLanguage":"fi"},{"@type":"Organization","@id":"https:\/\/idakorea.ee\/#organization","name":"IDA.KOREA","url":"https:\/\/idakorea.ee\/","logo":{"@type":"ImageObject","inLanguage":"fi","@id":"https:\/\/idakorea.ee\/#\/schema\/logo\/image\/","url":"https:\/\/idakorea.ee\/wp-content\/uploads\/2024\/05\/cropped-korea3.png","contentUrl":"https:\/\/idakorea.ee\/wp-content\/uploads\/2024\/05\/cropped-korea3.png","width":688,"height":126,"caption":"IDA.KOREA"},"image":{"@id":"https:\/\/idakorea.ee\/#\/schema\/logo\/image\/"},"sameAs":["https:\/\/www.instagram.com\/ida.korea\/"]}]}},"jetpack_sharing_enabled":true,"brands":[{"id":645,"name":"ROUND LAB","slug":"round-lab"}],"_links":{"self":[{"href":"https:\/\/idakorea.ee\/fi\/wp-json\/wp\/v2\/product\/12409","targetHints":{"allow":["GET"]}}],"collection":[{"href":"https:\/\/idakorea.ee\/fi\/wp-json\/wp\/v2\/product"}],"about":[{"href":"https:\/\/idakorea.ee\/fi\/wp-json\/wp\/v2\/types\/product"}],"replies":[{"embeddable":true,"href":"https:\/\/idakorea.ee\/fi\/wp-json\/wp\/v2\/comments?post=12409"}],"version-history":[{"count":1,"href":"https:\/\/idakorea.ee\/fi\/wp-json\/wp\/v2\/product\/12409\/revisions"}],"predecessor-version":[{"id":12415,"href":"https:\/\/idakorea.ee\/fi\/wp-json\/wp\/v2\/product\/12409\/revisions\/12415"}],"wp:featuredmedia":[{"embeddable":true,"href":"https:\/\/idakorea.ee\/fi\/wp-json\/wp\/v2\/media\/12417"}],"wp:attachment":[{"href":"https:\/\/idakorea.ee\/fi\/wp-json\/wp\/v2\/media?parent=12409"}],"wp:term":[{"taxonomy":"pwb-brand","embeddable":true,"href":"https:\/\/idakorea.ee\/fi\/wp-json\/wp\/v2\/pwb-brand?post=12409"},{"taxonomy":"product_brand","embeddable":true,"href":"https:\/\/idakorea.ee\/fi\/wp-json\/wp\/v2\/product_brand?post=12409"},{"taxonomy":"product_cat","embeddable":true,"href":"https:\/\/idakorea.ee\/fi\/wp-json\/wp\/v2\/product_cat?post=12409"},{"taxonomy":"product_tag","embeddable":true,"href":"https:\/\/idakorea.ee\/fi\/wp-json\/wp\/v2\/product_tag?post=12409"}],"curies":[{"name":"wp","href":"https:\/\/api.w.org\/{rel}","templated":true}]}}