{"id":12496,"date":"2025-02-05T14:46:11","date_gmt":"2025-02-05T12:46:11","guid":{"rendered":"https:\/\/idakorea.ee\/?post_type=product&#038;p=12496"},"modified":"2026-01-30T15:18:04","modified_gmt":"2026-01-30T13:18:04","slug":"modelleeriv-alginaatmask-medipeel-vegan-red-lacto-modeling-cup-pack","status":"publish","type":"product","link":"https:\/\/idakorea.ee\/fi\/product\/modelleeriv-alginaatmask-medipeel-vegan-red-lacto-modeling-cup-pack\/","title":{"rendered":"Muotoileva alginaattinaamio Medipeel+ Red Lacto Pore Lifting Modeling Pack -mallinnuspakkaus"},"content":{"rendered":"<p>Mallintava alginaattinaamio<strong> Medipeel+ Red Lacto -huokosia kohottava muotoilupakkaus<\/strong>\u00a0vahvistaa ja kiinteytt\u00e4\u00e4 ihoa, silottaa rakennetta, rauhoittaa punoitusta, tasoittaa ihonv\u00e4ri\u00e4 ja antaa terveen hehkun.<\/p>\n<p>Lis\u00e4\u00e4 ihon kimmoisuutta ja tiheytt\u00e4, v\u00e4hent\u00e4\u00e4 ryppyjen ja ik\u00e4\u00e4ntymisen merkkien n\u00e4kyvyytt\u00e4.<\/p>\n<p>Naamio puhdistaa ihohuokoset, poistaa ylim\u00e4\u00e4r\u00e4ist\u00e4 talia ja kuolleita ihosoluja sek\u00e4 v\u00e4hent\u00e4\u00e4 rasvaista kiiltoa. Tarjoaa ammattimaista salonkihoitoa oman kotisi mukavuudessa.<\/p>\n<p><strong>T\u00e4rkeimm\u00e4t vaikuttavat aineet:<\/strong><\/p>\n<ul>\n<li class=\"translation-block\"><strong>Kollageeni<\/strong> \u2013 kosteuttaa tehokkaasti, auttaa soluja s\u00e4ilytt\u00e4m\u00e4\u00e4n kosteuden, parantaa ihon rakennetta, stimuloi uudistumisprosesseja ja silottaa ryppyj\u00e4.<\/li>\n<li class=\"translation-block\"><strong>10 peptidi\u00e4<\/strong> \u2013 stimuloivat ihon uusiutumista ja tarjoavat ik\u00e4\u00e4ntymist\u00e4 ehk\u00e4isevi\u00e4 vaikutuksia: v\u00e4hent\u00e4v\u00e4t ryppyjen syvyytt\u00e4, silottavat ja kiinteytt\u00e4v\u00e4t ihoa.<\/li>\n<li class=\"translation-block\"><strong>Argireliini (Botoxin kaltainen peptidi)<\/strong> \u2013 rentouttaa kasvolihaksia ja ehk\u00e4isee j\u00e4ljitelm\u00e4ryppyjen muodostumista.<\/li>\n<li class=\"translation-block\"><strong>Lactobacillus-entsyymit<\/strong> \u2013 palauttavat ihon mikrobiomin tasapainon, v\u00e4hent\u00e4v\u00e4t tulehdusta ja ehk\u00e4isev\u00e4t ennenaikaista ik\u00e4\u00e4ntymist\u00e4.<\/li>\n<li class=\"translation-block\"><strong>Alginaatti<\/strong> \u2013 merilev\u00e4st\u00e4 per\u00e4isin oleva luonnollinen aine, joka ravitsee ja kosteuttaa ihoa, antaa kohottavan vaikutuksen, edist\u00e4\u00e4 solujen uusiutumista, puhdistaa ihohuokosia ja hapettaa ihoa.<\/li>\n<\/ul>\n<p>&nbsp;<\/p>\n<p><strong>K\u00e4ytt\u00f6opas: <\/strong>Lis\u00e4\u00e4 jauheeseen 7\u20138 ruokalusikallista vett\u00e4 ja sekoita, kunnes muodostuu tasainen massa. Levit\u00e4 naamio tasaisesti kasvoille v\u00e4ltt\u00e4en silm\u00e4nymp\u00e4rysihoa, nen\u00e4\u00e4 ja huulia. 15\u201320 minuutin kuluttua, kun naamio on kovettunut, poista se vet\u00e4m\u00e4ll\u00e4 sit\u00e4 varovasti reunasta. Levit\u00e4 sitten kasvovett\u00e4 iholle ja jatka normaalia hoitoa.<\/p>","protected":false},"excerpt":{"rendered":"<p>Medipeel+ Red Lacto Pore Lifting Modeling Pack kiinteytt\u00e4\u00e4 ja kirist\u00e4\u00e4 ihoa, tasoittaa sen koostumusta, lievitt\u00e4\u00e4 punoitusta, tasoittaa ihon s\u00e4vy\u00e4 ja antaa terveen hehkun. Lis\u00e4\u00e4 ihon kimmoisuutta ja tiheytt\u00e4, v\u00e4hent\u00e4\u00e4 ryppyjen ja ik\u00e4\u00e4ntymisen merkkien n\u00e4kymist\u00e4. Naamio puhdistaa ihohuokoset, poistaa ylim\u00e4\u00e4r\u00e4isen \u00f6ljyn ja kuolleet ihosolut, v\u00e4hent\u00e4\u00e4 rasvaista kiiltoa. Tarjoaa ammattimaisen salonkihoidon kodin mukavuudessa. T\u00e4rkeimm\u00e4t aktiiviset ainesosat.<\/p>","protected":false},"featured_media":13920,"comment_status":"open","ping_status":"closed","template":"","meta":{"_uf_show_specific_survey":0,"_uf_disable_surveys":false,"_bst_post_transparent":"default","_bst_post_title":"","_bst_post_layout":"default","_bst_post_sidebar_id":"","_bst_post_content_style":"default","_bst_post_vertical_padding":"default","_bst_post_feature":"","_bst_post_feature_position":"","_bst_post_header":false,"_bst_post_footer":false},"pwb-brand":[107],"product_brand":[],"product_cat":[92,98],"product_tag":[568,381],"class_list":{"0":"post-12496","1":"product","2":"type-product","3":"status-publish","4":"has-post-thumbnail","6":"pwb-brand-medipeel","7":"product_cat-nagu","8":"product_cat-naomaskid","9":"product_tag-korea","10":"product_tag-medipeel","12":"first","13":"instock","14":"sale","15":"shipping-taxable","16":"purchasable","17":"product-type-simple","18":"entry","19":"content-bg","20":"loop-entry"},"supplier_id":null,"supplier_sku":"","barcode":null,"atum_controlled":true,"out_stock_date":null,"out_stock_threshold":null,"inheritable":false,"inbound_stock":0,"stock_on_hold":0,"sold_today":0,"sales_last_days":0,"out_stock_days":0,"lost_sales":0,"has_location":false,"update_date":"2026-04-14T00:05:06","atum_locations":[],"atum_stock_status":"instock","restock_status":false,"low_stock_amount":"","sales_update_date":"2026-04-14T00:05:06","calc_backorders":null,"yoast_head":"<!-- This site is optimized with the Yoast SEO plugin v27.2 - https:\/\/yoast.com\/product\/yoast-seo-wordpress\/ -->\n<title>Modelleeriv alginaatmask Medipeel+ Red Lacto Pore Lifting Modeling Pack - IDA.KOREA<\/title>\n<meta name=\"description\" content=\"Modelleeriv alginaatmask Medipeel+ Red Lacto Pore Lifting Modeling Pack\u00a0pinguldab nahka, silub tekstuuri, rahustab punetust, \u00fchtlustab jumet ja annab tervisliku s\u00e4ra.\" \/>\n<meta name=\"robots\" content=\"index, follow, max-snippet:-1, max-image-preview:large, max-video-preview:-1\" \/>\n<link rel=\"canonical\" href=\"https:\/\/idakorea.ee\/fi\/product\/modelleeriv-alginaatmask-medipeel-vegan-red-lacto-modeling-cup-pack\/\" \/>\n<meta property=\"og:locale\" content=\"fi_FI\" \/>\n<meta property=\"og:type\" content=\"article\" \/>\n<meta property=\"og:title\" content=\"Modelleeriv alginaatmask Medipeel+ Red Lacto Pore Lifting Modeling Pack - IDA.KOREA\" \/>\n<meta property=\"og:description\" content=\"Modelleeriv alginaatmask Medipeel+ Red Lacto Pore Lifting Modeling Pack\u00a0pinguldab nahka, silub tekstuuri, rahustab punetust, \u00fchtlustab jumet ja annab tervisliku s\u00e4ra.\" \/>\n<meta property=\"og:url\" content=\"https:\/\/idakorea.ee\/fi\/product\/modelleeriv-alginaatmask-medipeel-vegan-red-lacto-modeling-cup-pack\/\" \/>\n<meta property=\"og:site_name\" content=\"IDA.KOREA\" \/>\n<meta property=\"article:modified_time\" content=\"2026-01-30T13:18:04+00:00\" \/>\n<meta property=\"og:image\" content=\"https:\/\/idakorea.ee\/wp-content\/uploads\/2025\/02\/medipeel-pore-lifting-pack-idakorea.webp\" \/>\n\t<meta property=\"og:image:width\" content=\"1080\" \/>\n\t<meta property=\"og:image:height\" content=\"1080\" \/>\n\t<meta property=\"og:image:type\" content=\"image\/webp\" \/>\n<meta name=\"twitter:card\" content=\"summary_large_image\" \/>\n<meta name=\"twitter:label1\" content=\"Arvioitu lukuaika\" \/>\n\t<meta name=\"twitter:data1\" content=\"2 minuuttia\" \/>\n<script type=\"application\/ld+json\" class=\"yoast-schema-graph\">{\"@context\":\"https:\/\/schema.org\",\"@graph\":[{\"@type\":\"WebPage\",\"@id\":\"https:\/\/idakorea.ee\/product\/modelleeriv-alginaatmask-medipeel-vegan-red-lacto-modeling-cup-pack\/\",\"url\":\"https:\/\/idakorea.ee\/product\/modelleeriv-alginaatmask-medipeel-vegan-red-lacto-modeling-cup-pack\/\",\"name\":\"Modelleeriv alginaatmask Medipeel+ Red Lacto Pore Lifting Modeling Pack - IDA.KOREA\",\"isPartOf\":{\"@id\":\"https:\/\/idakorea.ee\/#website\"},\"primaryImageOfPage\":{\"@id\":\"https:\/\/idakorea.ee\/product\/modelleeriv-alginaatmask-medipeel-vegan-red-lacto-modeling-cup-pack\/#primaryimage\"},\"image\":{\"@id\":\"https:\/\/idakorea.ee\/product\/modelleeriv-alginaatmask-medipeel-vegan-red-lacto-modeling-cup-pack\/#primaryimage\"},\"thumbnailUrl\":\"https:\/\/idakorea.ee\/wp-content\/uploads\/2025\/02\/medipeel-pore-lifting-pack-idakorea.webp\",\"datePublished\":\"2025-02-05T12:46:11+00:00\",\"dateModified\":\"2026-01-30T13:18:04+00:00\",\"description\":\"Modelleeriv alginaatmask Medipeel+ Red Lacto Pore Lifting Modeling Pack\u00a0pinguldab nahka, silub tekstuuri, rahustab punetust, \u00fchtlustab jumet ja annab tervisliku s\u00e4ra.\",\"breadcrumb\":{\"@id\":\"https:\/\/idakorea.ee\/product\/modelleeriv-alginaatmask-medipeel-vegan-red-lacto-modeling-cup-pack\/#breadcrumb\"},\"inLanguage\":\"fi\",\"potentialAction\":[{\"@type\":\"ReadAction\",\"target\":[\"https:\/\/idakorea.ee\/product\/modelleeriv-alginaatmask-medipeel-vegan-red-lacto-modeling-cup-pack\/\"]}]},{\"@type\":\"ImageObject\",\"inLanguage\":\"fi\",\"@id\":\"https:\/\/idakorea.ee\/product\/modelleeriv-alginaatmask-medipeel-vegan-red-lacto-modeling-cup-pack\/#primaryimage\",\"url\":\"https:\/\/idakorea.ee\/wp-content\/uploads\/2025\/02\/medipeel-pore-lifting-pack-idakorea.webp\",\"contentUrl\":\"https:\/\/idakorea.ee\/wp-content\/uploads\/2025\/02\/medipeel-pore-lifting-pack-idakorea.webp\",\"width\":1080,\"height\":1080},{\"@type\":\"BreadcrumbList\",\"@id\":\"https:\/\/idakorea.ee\/product\/modelleeriv-alginaatmask-medipeel-vegan-red-lacto-modeling-cup-pack\/#breadcrumb\",\"itemListElement\":[{\"@type\":\"ListItem\",\"position\":1,\"name\":\"\u0413\u043b\u0430\u0432\u043d\u0430\u044f \u0441\u0442\u0440\u0430\u043d\u0438\u0446\u0430\",\"item\":\"https:\/\/idakorea.ee\/\"},{\"@type\":\"ListItem\",\"position\":2,\"name\":\"Shop\",\"item\":\"https:\/\/idakorea.ee\/shop-2\/\"},{\"@type\":\"ListItem\",\"position\":3,\"name\":\"Modelleeriv alginaatmask Medipeel+ Red Lacto Pore Lifting Modeling Pack\"}]},{\"@type\":\"WebSite\",\"@id\":\"https:\/\/idakorea.ee\/#website\",\"url\":\"https:\/\/idakorea.ee\/\",\"name\":\"IDA.KOREA\",\"description\":\"Korea kosmeetika e-pood\",\"publisher\":{\"@id\":\"https:\/\/idakorea.ee\/#organization\"},\"alternateName\":\"Beauty Shop\",\"potentialAction\":[{\"@type\":\"SearchAction\",\"target\":{\"@type\":\"EntryPoint\",\"urlTemplate\":\"https:\/\/idakorea.ee\/?s={search_term_string}\"},\"query-input\":{\"@type\":\"PropertyValueSpecification\",\"valueRequired\":true,\"valueName\":\"search_term_string\"}}],\"inLanguage\":\"fi\"},{\"@type\":\"Organization\",\"@id\":\"https:\/\/idakorea.ee\/#organization\",\"name\":\"IDA.KOREA\",\"url\":\"https:\/\/idakorea.ee\/\",\"logo\":{\"@type\":\"ImageObject\",\"inLanguage\":\"fi\",\"@id\":\"https:\/\/idakorea.ee\/#\/schema\/logo\/image\/\",\"url\":\"https:\/\/idakorea.ee\/wp-content\/uploads\/2024\/05\/cropped-korea3.png\",\"contentUrl\":\"https:\/\/idakorea.ee\/wp-content\/uploads\/2024\/05\/cropped-korea3.png\",\"width\":688,\"height\":126,\"caption\":\"IDA.KOREA\"},\"image\":{\"@id\":\"https:\/\/idakorea.ee\/#\/schema\/logo\/image\/\"},\"sameAs\":[\"https:\/\/www.instagram.com\/ida.korea\/\"]}]}<\/script>\n<!-- \/ Yoast SEO plugin. -->","yoast_head_json":{"title":"Modeling alginate mask Medipeel+ Red Lacto Pore Lifting Modeling Pack - IDA.KOREA","description":"Medipeel+ Red Lacto Pore Lifting Modeling Pack kiinteytt\u00e4\u00e4 ihoa, silottaa sen rakennetta, rauhoittaa punoitusta, tasoittaa ihon s\u00e4vy\u00e4 ja antaa terveen hehkun.","robots":{"index":"index","follow":"follow","max-snippet":"max-snippet:-1","max-image-preview":"max-image-preview:large","max-video-preview":"max-video-preview:-1"},"canonical":"https:\/\/idakorea.ee\/fi\/product\/modelleeriv-alginaatmask-medipeel-vegan-red-lacto-modeling-cup-pack\/","og_locale":"fi_FI","og_type":"article","og_title":"Modelleeriv alginaatmask Medipeel+ Red Lacto Pore Lifting Modeling Pack - IDA.KOREA","og_description":"Modelleeriv alginaatmask Medipeel+ Red Lacto Pore Lifting Modeling Pack\u00a0pinguldab nahka, silub tekstuuri, rahustab punetust, \u00fchtlustab jumet ja annab tervisliku s\u00e4ra.","og_url":"https:\/\/idakorea.ee\/fi\/product\/modelleeriv-alginaatmask-medipeel-vegan-red-lacto-modeling-cup-pack\/","og_site_name":"IDA.KOREA","article_modified_time":"2026-01-30T13:18:04+00:00","og_image":[{"width":1080,"height":1080,"url":"https:\/\/idakorea.ee\/wp-content\/uploads\/2025\/02\/medipeel-pore-lifting-pack-idakorea.webp","type":"image\/webp"}],"twitter_card":"summary_large_image","twitter_misc":{"Arvioitu lukuaika":"2 minuuttia"},"schema":{"@context":"https:\/\/schema.org","@graph":[{"@type":"WebPage","@id":"https:\/\/idakorea.ee\/product\/modelleeriv-alginaatmask-medipeel-vegan-red-lacto-modeling-cup-pack\/","url":"https:\/\/idakorea.ee\/product\/modelleeriv-alginaatmask-medipeel-vegan-red-lacto-modeling-cup-pack\/","name":"Modeling alginate mask Medipeel+ Red Lacto Pore Lifting Modeling Pack - IDA.KOREA","isPartOf":{"@id":"https:\/\/idakorea.ee\/#website"},"primaryImageOfPage":{"@id":"https:\/\/idakorea.ee\/product\/modelleeriv-alginaatmask-medipeel-vegan-red-lacto-modeling-cup-pack\/#primaryimage"},"image":{"@id":"https:\/\/idakorea.ee\/product\/modelleeriv-alginaatmask-medipeel-vegan-red-lacto-modeling-cup-pack\/#primaryimage"},"thumbnailUrl":"https:\/\/idakorea.ee\/wp-content\/uploads\/2025\/02\/medipeel-pore-lifting-pack-idakorea.webp","datePublished":"2025-02-05T12:46:11+00:00","dateModified":"2026-01-30T13:18:04+00:00","description":"Medipeel+ Red Lacto Pore Lifting Modeling Pack kiinteytt\u00e4\u00e4 ihoa, silottaa sen rakennetta, rauhoittaa punoitusta, tasoittaa ihon s\u00e4vy\u00e4 ja antaa terveen hehkun.","breadcrumb":{"@id":"https:\/\/idakorea.ee\/product\/modelleeriv-alginaatmask-medipeel-vegan-red-lacto-modeling-cup-pack\/#breadcrumb"},"inLanguage":"fi","potentialAction":[{"@type":"ReadAction","target":["https:\/\/idakorea.ee\/product\/modelleeriv-alginaatmask-medipeel-vegan-red-lacto-modeling-cup-pack\/"]}]},{"@type":"ImageObject","inLanguage":"fi","@id":"https:\/\/idakorea.ee\/product\/modelleeriv-alginaatmask-medipeel-vegan-red-lacto-modeling-cup-pack\/#primaryimage","url":"https:\/\/idakorea.ee\/wp-content\/uploads\/2025\/02\/medipeel-pore-lifting-pack-idakorea.webp","contentUrl":"https:\/\/idakorea.ee\/wp-content\/uploads\/2025\/02\/medipeel-pore-lifting-pack-idakorea.webp","width":1080,"height":1080},{"@type":"BreadcrumbList","@id":"https:\/\/idakorea.ee\/product\/modelleeriv-alginaatmask-medipeel-vegan-red-lacto-modeling-cup-pack\/#breadcrumb","itemListElement":[{"@type":"ListItem","position":1,"name":"\u0413\u043b\u0430\u0432\u043d\u0430\u044f \u0441\u0442\u0440\u0430\u043d\u0438\u0446\u0430","item":"https:\/\/idakorea.ee\/"},{"@type":"ListItem","position":2,"name":"Shop","item":"https:\/\/idakorea.ee\/shop-2\/"},{"@type":"ListItem","position":3,"name":"Modelleeriv alginaatmask Medipeel+ Red Lacto Pore Lifting Modeling Pack"}]},{"@type":"WebSite","@id":"https:\/\/idakorea.ee\/#website","url":"https:\/\/idakorea.ee\/","name":"IDA.KOREA","description":"Korean kosmetiikan verkkokauppa","publisher":{"@id":"https:\/\/idakorea.ee\/#organization"},"alternateName":"Beauty Shop","potentialAction":[{"@type":"SearchAction","target":{"@type":"EntryPoint","urlTemplate":"https:\/\/idakorea.ee\/?s={search_term_string}"},"query-input":{"@type":"PropertyValueSpecification","valueRequired":true,"valueName":"search_term_string"}}],"inLanguage":"fi"},{"@type":"Organization","@id":"https:\/\/idakorea.ee\/#organization","name":"IDA.KOREA","url":"https:\/\/idakorea.ee\/","logo":{"@type":"ImageObject","inLanguage":"fi","@id":"https:\/\/idakorea.ee\/#\/schema\/logo\/image\/","url":"https:\/\/idakorea.ee\/wp-content\/uploads\/2024\/05\/cropped-korea3.png","contentUrl":"https:\/\/idakorea.ee\/wp-content\/uploads\/2024\/05\/cropped-korea3.png","width":688,"height":126,"caption":"IDA.KOREA"},"image":{"@id":"https:\/\/idakorea.ee\/#\/schema\/logo\/image\/"},"sameAs":["https:\/\/www.instagram.com\/ida.korea\/"]}]}},"jetpack_sharing_enabled":true,"brands":[{"id":107,"name":"MEDIPEEL+","slug":"medipeel"}],"_links":{"self":[{"href":"https:\/\/idakorea.ee\/fi\/wp-json\/wp\/v2\/product\/12496","targetHints":{"allow":["GET"]}}],"collection":[{"href":"https:\/\/idakorea.ee\/fi\/wp-json\/wp\/v2\/product"}],"about":[{"href":"https:\/\/idakorea.ee\/fi\/wp-json\/wp\/v2\/types\/product"}],"replies":[{"embeddable":true,"href":"https:\/\/idakorea.ee\/fi\/wp-json\/wp\/v2\/comments?post=12496"}],"version-history":[{"count":3,"href":"https:\/\/idakorea.ee\/fi\/wp-json\/wp\/v2\/product\/12496\/revisions"}],"predecessor-version":[{"id":13921,"href":"https:\/\/idakorea.ee\/fi\/wp-json\/wp\/v2\/product\/12496\/revisions\/13921"}],"wp:featuredmedia":[{"embeddable":true,"href":"https:\/\/idakorea.ee\/fi\/wp-json\/wp\/v2\/media\/13920"}],"wp:attachment":[{"href":"https:\/\/idakorea.ee\/fi\/wp-json\/wp\/v2\/media?parent=12496"}],"wp:term":[{"taxonomy":"pwb-brand","embeddable":true,"href":"https:\/\/idakorea.ee\/fi\/wp-json\/wp\/v2\/pwb-brand?post=12496"},{"taxonomy":"product_brand","embeddable":true,"href":"https:\/\/idakorea.ee\/fi\/wp-json\/wp\/v2\/product_brand?post=12496"},{"taxonomy":"product_cat","embeddable":true,"href":"https:\/\/idakorea.ee\/fi\/wp-json\/wp\/v2\/product_cat?post=12496"},{"taxonomy":"product_tag","embeddable":true,"href":"https:\/\/idakorea.ee\/fi\/wp-json\/wp\/v2\/product_tag?post=12496"}],"curies":[{"name":"wp","href":"https:\/\/api.w.org\/{rel}","templated":true}]}}