{"id":12501,"date":"2025-02-05T15:30:15","date_gmt":"2025-02-05T13:30:15","guid":{"rendered":"https:\/\/idakorea.ee\/?post_type=product&#038;p=12501"},"modified":"2026-04-03T14:40:57","modified_gmt":"2026-04-03T12:40:57","slug":"reisikomplekt-kaseveemahlaga-round-lab-birch-juice-trial-kit","status":"publish","type":"product","link":"https:\/\/idakorea.ee\/fi\/product\/reisikomplekt-kaseveemahlaga-round-lab-birch-juice-trial-kit\/","title":{"rendered":"Matkapakkaus koivunmahlaa sis\u00e4lt\u00e4v\u00e4 Round Lab Birch Juice Trial Kit -koepakkaus"},"content":{"rendered":"<p><strong>Round Lab -koivumehun kokeilupakkaus<\/strong> on t\u00e4ydellinen tilaisuus tutustua merkin kosteuttaviin tuotteisiin. Setin tuotteet t\u00e4ydent\u00e4v\u00e4t ihon kosteusvarastoja ja vahvistavat sen suojatoimintoja. Ne auttavat yll\u00e4pit\u00e4m\u00e4\u00e4n ihon luonnollista pH-tasapainoa ja hydrolipidisuojakerrosta v\u00e4hent\u00e4en herkkyytt\u00e4 ja reaktiivisuutta.<\/p>\n<p>Kaikkien tuotteiden t\u00e4rkein vaikuttava aine on koivunmahla (10 000 ppm), joka kosteuttaa tehokkaasti, toimittaa iholle mineraaleja ja aminohappoja sek\u00e4 auttaa yll\u00e4pit\u00e4m\u00e4\u00e4n sile\u00e4\u00e4 ja s\u00e4teilev\u00e4\u00e4 ihoa. Se my\u00f6s s\u00e4\u00e4telee talin erityst\u00e4, yll\u00e4pit\u00e4\u00e4 ihon kosteus- ja talirauhastasapainoa, vahvistaa ihon suojakerrosta ja v\u00e4hent\u00e4\u00e4 ihon herkkyytt\u00e4.<\/p>\n<p><strong>Pakkaukseen sis\u00e4ltyv\u00e4t tuotteet:<\/strong><\/p>\n<ul>\n<li><strong>Round Lab Birch Juice -kosteuttava puhdistusaine (30 ml) \u2013 <\/strong>Sis\u00e4lt\u00e4\u00e4 luonnollisia kookospohjaisia pinta-aktiivisia aineita. Hell\u00e4varainen koostumus puhdistaa ja kuorii ihoa s\u00e4ilytt\u00e4en sen suojakerroksen ja ehk\u00e4isten kuivuutta ja kirist\u00e4v\u00e4\u00e4 tunnetta.<\/li>\n<li><strong>Round Lab Birch Juice -kosteuttava kasvovesi (20 ml) \u2013 <\/strong>Palauttaa ihon luonnollisen pH-tason puhdistuksen j\u00e4lkeen, kosteuttaa, rauhoittaa, v\u00e4hent\u00e4\u00e4 \u00e4rsytyst\u00e4, kutinaa ja punoitusta.<\/li>\n<li><strong>Round Lab Birch Juice -kosteuttava ampulli (10 ml) -<\/strong> Kosteuttaa tehokkaasti, toimittaa iholle vitamiineja ja mineraaleja sek\u00e4 palauttaa ihon mikrobiomin. Lis\u00e4\u00e4 ihon kimmoisuutta ja kiinteytt\u00e4 sek\u00e4 antaa sille terveen hehkun.<\/li>\n<li><strong>Kosteuttava voide herk\u00e4lle iholle Round Lab Birch Juice -kosteusvoide (20 ml) \u2013 <\/strong>T\u00e4ydent\u00e4\u00e4 lipidivajetta ja auttaa ihosoluja s\u00e4ilytt\u00e4m\u00e4\u00e4n kosteuden. Tasoittaa ihon s\u00e4vy\u00e4 ja rakennetta est\u00e4en kuivumista ja hilseily\u00e4.<\/li>\n<\/ul>\n<p><strong>K\u00e4ytt\u00f6opas:<\/strong><\/p>\n<ul>\n<li><strong>Puhdistusgeeli:<\/strong> Vaahdota geeli\u00e4 k\u00e4sien v\u00e4liss\u00e4, levit\u00e4 iholle, hiero kevyesti ja huuhtele l\u00e4mpim\u00e4ll\u00e4 vedell\u00e4.<\/li>\n<li><strong>Tonic:<\/strong> Levit\u00e4 puhdistetulle iholle k\u00e4mmenill\u00e4 tai vanulapulla. Levit\u00e4 sen j\u00e4lkeen seerumia tai voidetta. Kasvoveteen kastettuja vanulappuja voidaan k\u00e4ytt\u00e4\u00e4 my\u00f6s paikallisena naamiona \u2013 anna vaikuttaa 5\u201310 minuuttia, poista sitten ja anna j\u00e4ljell\u00e4 olevan kasvoveden imeyty\u00e4.<\/li>\n<li><strong>Seerumi:<\/strong> Levit\u00e4 tarvittava m\u00e4\u00e4r\u00e4 seerumia puhdistetulle ja kasvovedelle iholle, hiero kevyesti ja levit\u00e4 sitten voide.<\/li>\n<li class=\"translation-block\"><strong>Voide:<\/strong> Levit\u00e4 viimeisen\u00e4 viimeistell\u00e4ksesi hoitoprosessin ja lukitaksesi kosteuden ihoon.<\/li>\n<\/ul>","protected":false},"excerpt":{"rendered":"<p>Round Lab Birch Juice Trial Kit on t\u00e4ydellinen tapa tutustua tuotemerkin kosteuttaviin tuotteisiin. Pakkauksen sis\u00e4lt\u00e4m\u00e4t tuotteet t\u00e4ydent\u00e4v\u00e4t ihon kosteusvarastoja ja vahvistavat sen suojaavia toimintoja. Ne auttavat yll\u00e4pit\u00e4m\u00e4\u00e4n ihon luonnollista pH-tasapainoa ja hydrolipidibarrieria v\u00e4hent\u00e4en herkkyytt\u00e4 ja reaktiivisuutta. Kaikkien tuotteiden t\u00e4rkein aktiivinen ainesosa on kasvivesimehu (10 000 ppm), joka kosteuttaa intensiivisesti, t\u00e4ydent\u00e4\u00e4 ihoa mineraaleilla ja aminohapoilla sek\u00e4 auttaa...<\/p>","protected":false},"featured_media":12508,"comment_status":"open","ping_status":"closed","template":"","meta":{"_uf_show_specific_survey":0,"_uf_disable_surveys":false,"_bst_post_transparent":"default","_bst_post_title":"","_bst_post_layout":"default","_bst_post_sidebar_id":"","_bst_post_content_style":"default","_bst_post_vertical_padding":"default","_bst_post_feature":"","_bst_post_feature_position":"","_bst_post_header":false,"_bst_post_footer":false},"pwb-brand":[645],"product_brand":[],"product_cat":[95],"product_tag":[202,786,547],"class_list":{"0":"post-12501","1":"product","2":"type-product","3":"status-publish","4":"has-post-thumbnail","6":"pwb-brand-round-lab","7":"product_cat-komplektid","8":"product_tag-korea-kosmeetika","9":"product_tag-round-lb","10":"product_tag-travel-kit","12":"first","13":"instock","14":"sale","15":"shipping-taxable","16":"purchasable","17":"product-type-simple","18":"entry","19":"content-bg","20":"loop-entry"},"supplier_id":null,"supplier_sku":"","barcode":null,"atum_controlled":true,"out_stock_date":null,"out_stock_threshold":null,"inheritable":false,"inbound_stock":0,"stock_on_hold":0,"sold_today":0,"sales_last_days":2,"out_stock_days":0,"lost_sales":0,"has_location":false,"update_date":"2026-04-14T11:02:03","atum_locations":[],"atum_stock_status":"instock","restock_status":false,"low_stock_amount":"","sales_update_date":"2026-04-14T11:02:03","calc_backorders":null,"yoast_head":"<!-- This site is optimized with the Yoast SEO plugin v27.2 - https:\/\/yoast.com\/product\/yoast-seo-wordpress\/ -->\n<title>Reisikomplekt kaseveemahlaga Round Lab Birch Juice Trial Kit - IDA.KOREA<\/title>\n<meta name=\"robots\" content=\"index, follow, max-snippet:-1, max-image-preview:large, max-video-preview:-1\" \/>\n<link rel=\"canonical\" href=\"https:\/\/idakorea.ee\/fi\/product\/reisikomplekt-kaseveemahlaga-round-lab-birch-juice-trial-kit\/\" \/>\n<meta property=\"og:locale\" content=\"fi_FI\" \/>\n<meta property=\"og:type\" content=\"article\" \/>\n<meta property=\"og:title\" content=\"Reisikomplekt kaseveemahlaga Round Lab Birch Juice Trial Kit - IDA.KOREA\" \/>\n<meta property=\"og:description\" content=\"Round Lab Birch Juice Trial Kit on ideaalne v\u00f5imalus tutvuda br\u00e4ndi niisutavate toodetega. Komplekti kuuluvad tooted t\u00e4idavad naha niiskusvarusid ja tugevdavad selle kaitsefunktsioone. Need aitavad s\u00e4ilitada naha loomulikku pH-tasakaalu ja h\u00fcdrolipiidset kaitsekihti, v\u00e4hendades tundlikkust ja reaktiivsust. K\u00f5igi toodete peamine toimeaine on kaseveemahl (10 000 ppm), mis niisutab intensiivselt, varustab nahka mineraalide ja aminohapetega ning aitab...\" \/>\n<meta property=\"og:url\" content=\"https:\/\/idakorea.ee\/fi\/product\/reisikomplekt-kaseveemahlaga-round-lab-birch-juice-trial-kit\/\" \/>\n<meta property=\"og:site_name\" content=\"IDA.KOREA\" \/>\n<meta property=\"article:modified_time\" content=\"2026-04-03T12:40:57+00:00\" \/>\n<meta property=\"og:image\" content=\"https:\/\/idakorea.ee\/wp-content\/uploads\/2025\/02\/1cc4e_f357_88c9.jpg\" \/>\n\t<meta property=\"og:image:width\" content=\"800\" \/>\n\t<meta property=\"og:image:height\" content=\"800\" \/>\n\t<meta property=\"og:image:type\" content=\"image\/jpeg\" \/>\n<meta name=\"twitter:card\" content=\"summary_large_image\" \/>\n<meta name=\"twitter:label1\" content=\"Arvioitu lukuaika\" \/>\n\t<meta name=\"twitter:data1\" content=\"2 minuuttia\" \/>\n<script type=\"application\/ld+json\" class=\"yoast-schema-graph\">{\"@context\":\"https:\/\/schema.org\",\"@graph\":[{\"@type\":\"WebPage\",\"@id\":\"https:\/\/idakorea.ee\/product\/reisikomplekt-kaseveemahlaga-round-lab-birch-juice-trial-kit\/\",\"url\":\"https:\/\/idakorea.ee\/product\/reisikomplekt-kaseveemahlaga-round-lab-birch-juice-trial-kit\/\",\"name\":\"Reisikomplekt kaseveemahlaga Round Lab Birch Juice Trial Kit - IDA.KOREA\",\"isPartOf\":{\"@id\":\"https:\/\/idakorea.ee\/#website\"},\"primaryImageOfPage\":{\"@id\":\"https:\/\/idakorea.ee\/product\/reisikomplekt-kaseveemahlaga-round-lab-birch-juice-trial-kit\/#primaryimage\"},\"image\":{\"@id\":\"https:\/\/idakorea.ee\/product\/reisikomplekt-kaseveemahlaga-round-lab-birch-juice-trial-kit\/#primaryimage\"},\"thumbnailUrl\":\"https:\/\/idakorea.ee\/wp-content\/uploads\/2025\/02\/1cc4e_f357_88c9.jpg\",\"datePublished\":\"2025-02-05T13:30:15+00:00\",\"dateModified\":\"2026-04-03T12:40:57+00:00\",\"breadcrumb\":{\"@id\":\"https:\/\/idakorea.ee\/product\/reisikomplekt-kaseveemahlaga-round-lab-birch-juice-trial-kit\/#breadcrumb\"},\"inLanguage\":\"fi\",\"potentialAction\":[{\"@type\":\"ReadAction\",\"target\":[\"https:\/\/idakorea.ee\/product\/reisikomplekt-kaseveemahlaga-round-lab-birch-juice-trial-kit\/\"]}]},{\"@type\":\"ImageObject\",\"inLanguage\":\"fi\",\"@id\":\"https:\/\/idakorea.ee\/product\/reisikomplekt-kaseveemahlaga-round-lab-birch-juice-trial-kit\/#primaryimage\",\"url\":\"https:\/\/idakorea.ee\/wp-content\/uploads\/2025\/02\/1cc4e_f357_88c9.jpg\",\"contentUrl\":\"https:\/\/idakorea.ee\/wp-content\/uploads\/2025\/02\/1cc4e_f357_88c9.jpg\",\"width\":800,\"height\":800},{\"@type\":\"BreadcrumbList\",\"@id\":\"https:\/\/idakorea.ee\/product\/reisikomplekt-kaseveemahlaga-round-lab-birch-juice-trial-kit\/#breadcrumb\",\"itemListElement\":[{\"@type\":\"ListItem\",\"position\":1,\"name\":\"\u0413\u043b\u0430\u0432\u043d\u0430\u044f \u0441\u0442\u0440\u0430\u043d\u0438\u0446\u0430\",\"item\":\"https:\/\/idakorea.ee\/\"},{\"@type\":\"ListItem\",\"position\":2,\"name\":\"Shop\",\"item\":\"https:\/\/idakorea.ee\/shop-2\/\"},{\"@type\":\"ListItem\",\"position\":3,\"name\":\"Reisikomplekt kaseveemahlaga Round Lab Birch Juice Trial Kit\"}]},{\"@type\":\"WebSite\",\"@id\":\"https:\/\/idakorea.ee\/#website\",\"url\":\"https:\/\/idakorea.ee\/\",\"name\":\"IDA.KOREA\",\"description\":\"Korea kosmeetika e-pood\",\"publisher\":{\"@id\":\"https:\/\/idakorea.ee\/#organization\"},\"alternateName\":\"Beauty Shop\",\"potentialAction\":[{\"@type\":\"SearchAction\",\"target\":{\"@type\":\"EntryPoint\",\"urlTemplate\":\"https:\/\/idakorea.ee\/?s={search_term_string}\"},\"query-input\":{\"@type\":\"PropertyValueSpecification\",\"valueRequired\":true,\"valueName\":\"search_term_string\"}}],\"inLanguage\":\"fi\"},{\"@type\":\"Organization\",\"@id\":\"https:\/\/idakorea.ee\/#organization\",\"name\":\"IDA.KOREA\",\"url\":\"https:\/\/idakorea.ee\/\",\"logo\":{\"@type\":\"ImageObject\",\"inLanguage\":\"fi\",\"@id\":\"https:\/\/idakorea.ee\/#\/schema\/logo\/image\/\",\"url\":\"https:\/\/idakorea.ee\/wp-content\/uploads\/2024\/05\/cropped-korea3.png\",\"contentUrl\":\"https:\/\/idakorea.ee\/wp-content\/uploads\/2024\/05\/cropped-korea3.png\",\"width\":688,\"height\":126,\"caption\":\"IDA.KOREA\"},\"image\":{\"@id\":\"https:\/\/idakorea.ee\/#\/schema\/logo\/image\/\"},\"sameAs\":[\"https:\/\/www.instagram.com\/ida.korea\/\"]}]}<\/script>\n<!-- \/ Yoast SEO plugin. -->","yoast_head_json":{"title":"Round Lab -koivumehun kokeilupakkaus - IDA.KOREA","robots":{"index":"index","follow":"follow","max-snippet":"max-snippet:-1","max-image-preview":"max-image-preview:large","max-video-preview":"max-video-preview:-1"},"canonical":"https:\/\/idakorea.ee\/fi\/product\/reisikomplekt-kaseveemahlaga-round-lab-birch-juice-trial-kit\/","og_locale":"fi_FI","og_type":"article","og_title":"Reisikomplekt kaseveemahlaga Round Lab Birch Juice Trial Kit - IDA.KOREA","og_description":"Round Lab Birch Juice Trial Kit on ideaalne v\u00f5imalus tutvuda br\u00e4ndi niisutavate toodetega. Komplekti kuuluvad tooted t\u00e4idavad naha niiskusvarusid ja tugevdavad selle kaitsefunktsioone. Need aitavad s\u00e4ilitada naha loomulikku pH-tasakaalu ja h\u00fcdrolipiidset kaitsekihti, v\u00e4hendades tundlikkust ja reaktiivsust. K\u00f5igi toodete peamine toimeaine on kaseveemahl (10 000 ppm), mis niisutab intensiivselt, varustab nahka mineraalide ja aminohapetega ning aitab...","og_url":"https:\/\/idakorea.ee\/fi\/product\/reisikomplekt-kaseveemahlaga-round-lab-birch-juice-trial-kit\/","og_site_name":"IDA.KOREA","article_modified_time":"2026-04-03T12:40:57+00:00","og_image":[{"width":800,"height":800,"url":"https:\/\/idakorea.ee\/wp-content\/uploads\/2025\/02\/1cc4e_f357_88c9.jpg","type":"image\/jpeg"}],"twitter_card":"summary_large_image","twitter_misc":{"Arvioitu lukuaika":"2 minuuttia"},"schema":{"@context":"https:\/\/schema.org","@graph":[{"@type":"WebPage","@id":"https:\/\/idakorea.ee\/product\/reisikomplekt-kaseveemahlaga-round-lab-birch-juice-trial-kit\/","url":"https:\/\/idakorea.ee\/product\/reisikomplekt-kaseveemahlaga-round-lab-birch-juice-trial-kit\/","name":"Round Lab -koivumehun kokeilupakkaus - IDA.KOREA","isPartOf":{"@id":"https:\/\/idakorea.ee\/#website"},"primaryImageOfPage":{"@id":"https:\/\/idakorea.ee\/product\/reisikomplekt-kaseveemahlaga-round-lab-birch-juice-trial-kit\/#primaryimage"},"image":{"@id":"https:\/\/idakorea.ee\/product\/reisikomplekt-kaseveemahlaga-round-lab-birch-juice-trial-kit\/#primaryimage"},"thumbnailUrl":"https:\/\/idakorea.ee\/wp-content\/uploads\/2025\/02\/1cc4e_f357_88c9.jpg","datePublished":"2025-02-05T13:30:15+00:00","dateModified":"2026-04-03T12:40:57+00:00","breadcrumb":{"@id":"https:\/\/idakorea.ee\/product\/reisikomplekt-kaseveemahlaga-round-lab-birch-juice-trial-kit\/#breadcrumb"},"inLanguage":"fi","potentialAction":[{"@type":"ReadAction","target":["https:\/\/idakorea.ee\/product\/reisikomplekt-kaseveemahlaga-round-lab-birch-juice-trial-kit\/"]}]},{"@type":"ImageObject","inLanguage":"fi","@id":"https:\/\/idakorea.ee\/product\/reisikomplekt-kaseveemahlaga-round-lab-birch-juice-trial-kit\/#primaryimage","url":"https:\/\/idakorea.ee\/wp-content\/uploads\/2025\/02\/1cc4e_f357_88c9.jpg","contentUrl":"https:\/\/idakorea.ee\/wp-content\/uploads\/2025\/02\/1cc4e_f357_88c9.jpg","width":800,"height":800},{"@type":"BreadcrumbList","@id":"https:\/\/idakorea.ee\/product\/reisikomplekt-kaseveemahlaga-round-lab-birch-juice-trial-kit\/#breadcrumb","itemListElement":[{"@type":"ListItem","position":1,"name":"\u0413\u043b\u0430\u0432\u043d\u0430\u044f \u0441\u0442\u0440\u0430\u043d\u0438\u0446\u0430","item":"https:\/\/idakorea.ee\/"},{"@type":"ListItem","position":2,"name":"Shop","item":"https:\/\/idakorea.ee\/shop-2\/"},{"@type":"ListItem","position":3,"name":"Reisikomplekt kaseveemahlaga Round Lab Birch Juice Trial Kit"}]},{"@type":"WebSite","@id":"https:\/\/idakorea.ee\/#website","url":"https:\/\/idakorea.ee\/","name":"IDA.KOREA","description":"Korean kosmetiikan verkkokauppa","publisher":{"@id":"https:\/\/idakorea.ee\/#organization"},"alternateName":"Beauty Shop","potentialAction":[{"@type":"SearchAction","target":{"@type":"EntryPoint","urlTemplate":"https:\/\/idakorea.ee\/?s={search_term_string}"},"query-input":{"@type":"PropertyValueSpecification","valueRequired":true,"valueName":"search_term_string"}}],"inLanguage":"fi"},{"@type":"Organization","@id":"https:\/\/idakorea.ee\/#organization","name":"IDA.KOREA","url":"https:\/\/idakorea.ee\/","logo":{"@type":"ImageObject","inLanguage":"fi","@id":"https:\/\/idakorea.ee\/#\/schema\/logo\/image\/","url":"https:\/\/idakorea.ee\/wp-content\/uploads\/2024\/05\/cropped-korea3.png","contentUrl":"https:\/\/idakorea.ee\/wp-content\/uploads\/2024\/05\/cropped-korea3.png","width":688,"height":126,"caption":"IDA.KOREA"},"image":{"@id":"https:\/\/idakorea.ee\/#\/schema\/logo\/image\/"},"sameAs":["https:\/\/www.instagram.com\/ida.korea\/"]}]}},"jetpack_sharing_enabled":true,"brands":[{"id":645,"name":"ROUND LAB","slug":"round-lab"}],"_links":{"self":[{"href":"https:\/\/idakorea.ee\/fi\/wp-json\/wp\/v2\/product\/12501","targetHints":{"allow":["GET"]}}],"collection":[{"href":"https:\/\/idakorea.ee\/fi\/wp-json\/wp\/v2\/product"}],"about":[{"href":"https:\/\/idakorea.ee\/fi\/wp-json\/wp\/v2\/types\/product"}],"replies":[{"embeddable":true,"href":"https:\/\/idakorea.ee\/fi\/wp-json\/wp\/v2\/comments?post=12501"}],"version-history":[{"count":3,"href":"https:\/\/idakorea.ee\/fi\/wp-json\/wp\/v2\/product\/12501\/revisions"}],"predecessor-version":[{"id":17528,"href":"https:\/\/idakorea.ee\/fi\/wp-json\/wp\/v2\/product\/12501\/revisions\/17528"}],"wp:featuredmedia":[{"embeddable":true,"href":"https:\/\/idakorea.ee\/fi\/wp-json\/wp\/v2\/media\/12508"}],"wp:attachment":[{"href":"https:\/\/idakorea.ee\/fi\/wp-json\/wp\/v2\/media?parent=12501"}],"wp:term":[{"taxonomy":"pwb-brand","embeddable":true,"href":"https:\/\/idakorea.ee\/fi\/wp-json\/wp\/v2\/pwb-brand?post=12501"},{"taxonomy":"product_brand","embeddable":true,"href":"https:\/\/idakorea.ee\/fi\/wp-json\/wp\/v2\/product_brand?post=12501"},{"taxonomy":"product_cat","embeddable":true,"href":"https:\/\/idakorea.ee\/fi\/wp-json\/wp\/v2\/product_cat?post=12501"},{"taxonomy":"product_tag","embeddable":true,"href":"https:\/\/idakorea.ee\/fi\/wp-json\/wp\/v2\/product_tag?post=12501"}],"curies":[{"name":"wp","href":"https:\/\/api.w.org\/{rel}","templated":true}]}}