{"id":12521,"date":"2025-02-06T13:07:59","date_gmt":"2025-02-06T11:07:59","guid":{"rendered":"https:\/\/idakorea.ee\/?post_type=product&#038;p=12521"},"modified":"2026-01-30T15:15:06","modified_gmt":"2026-01-30T13:15:06","slug":"noorendav-sorbetkreem-heimish-black-rose-sorbet-cream-50ml","status":"publish","type":"product","link":"https:\/\/idakorea.ee\/fi\/product\/noorendav-sorbetkreem-heimish-black-rose-sorbet-cream-50ml\/","title":{"rendered":"Noorendav sorbettivoide Heimish Black Rose sorbettivoide, 50ml"},"content":{"rendered":"<p><strong>Heimish mustaruusu sorbettivoide<\/strong> lis\u00e4\u00e4 ihon kimmoisuutta, vahvuutta ja tiheytt\u00e4, v\u00e4hent\u00e4\u00e4 ryppyjen syvyytt\u00e4 sek\u00e4 rauhoittaa ja viilent\u00e4\u00e4 ihoa.<\/p>\n<p>Kosteuttaa tehokkaasti, ehk\u00e4isee kuivumista ja hilseily\u00e4, tasoittaa ihon rakennetta ja antaa terveen hehkun.<\/p>\n<p>Voiteen sorbettimainen koostumus sulaa iholle j\u00e4tt\u00e4m\u00e4tt\u00e4 tahmeaa tunnetta. Levitett\u00e4ess\u00e4 siit\u00e4 vapautuu hienovarainen kukkainen ja yrttinen tuoksu.<\/p>\n<p><strong>T\u00e4rkeimm\u00e4t vaikuttavat aineosat ja niiden vaikutukset:<\/strong><\/p>\n<ul>\n<li><strong>Damaskoksen ruusuvesi<\/strong> \u2013 voimakas antioksidantti, joka palauttaa ihon kosteustasapainon, pehment\u00e4\u00e4 ja ravitsee ihoa tehden siit\u00e4 sile\u00e4n ja silkkisen.<\/li>\n<li><strong>6 peptidi\u00e4<\/strong> \u2013 vaikuttavat ik\u00e4\u00e4ntymisen merkkej\u00e4 vastaan: v\u00e4hent\u00e4v\u00e4t ryppyjen syvyytt\u00e4, silottavat ja kiinteytt\u00e4v\u00e4t ihoa sek\u00e4 stimuloivat solujen uusiutumista. Peptidit aktivoivat solujen aineenvaihduntaa, edist\u00e4v\u00e4t kollageenin ja hyaluronihapon synteesi\u00e4.<\/li>\n<li><strong>Hydrolysoitu kollageeni<\/strong> \u2013 tunkeutuu syvemm\u00e4lle kuin muut kollageenityypit, kosteuttaa tehokkaasti, parantaa ihon rakennetta, nopeuttaa palautumisprosesseja ja taistelee ryppyj\u00e4 vastaan.<\/li>\n<li><strong>Keramidit<\/strong> \u2013 vahvistaa ihon suojakerrosta, est\u00e4\u00e4 kosteuden haihtumista ja edist\u00e4\u00e4 palautumista. Lievitt\u00e4\u00e4 kuivuutta ja hilseily\u00e4, auttaa ekseemaan ja psoriasikseen.<\/li>\n<li><strong>Jerikon ruusun uute<\/strong> \u2013 on per\u00e4isin aavikkokasvista, joka kest\u00e4\u00e4 eritt\u00e4in korkeita l\u00e4mp\u00f6tiloja. Kosteuttaa syv\u00e4lt\u00e4, ehk\u00e4isee ihon kuivumista ja kosteuden haihtumista.<\/li>\n<li><strong>7 erilaista hyaluronihappoa<\/strong> \u2013 tunkeutuvat syv\u00e4lle epidermiksen kerroksiin, kosteuttavat aktiivisesti ja yll\u00e4pit\u00e4v\u00e4t optimaalista kosteustasapainoa muodostaen suojaavan kerroksen, joka est\u00e4\u00e4 kosteuden haihtumisen.<\/li>\n<li><strong>Sopholiance<\/strong> (Bombicola-sienifermentti \/ glukoosi \/ rapsimetyylifermentti) \u2013 antibakteerinen kompleksi, joka est\u00e4\u00e4 aknea aiheuttavien bakteerien kasvua ja normalisoi talin erityst\u00e4.<\/li>\n<li><strong>Niasiiniamidi (B3-vitamiini)<\/strong> \u2013 monipuolinen vaikuttava aine, joka s\u00e4\u00e4telee talirauhasten erityst\u00e4, v\u00e4hent\u00e4\u00e4 rasvaista kiiltoa, kirkastaa ihoa ja ehk\u00e4isee ik\u00e4l\u00e4iskien muodostumista. Stimuloi kollageenin tuotantoa parantaen ihon lujuutta ja kimmoisuutta.<\/li>\n<li><strong>Adenos<\/strong> \u2013 ik\u00e4\u00e4ntymist\u00e4 est\u00e4v\u00e4 ainesosa, joka stimuloi kollageenisynteesi\u00e4, parantaa ihon tiheytt\u00e4 ja kimmoisuutta sek\u00e4 v\u00e4hent\u00e4\u00e4 ryppyj\u00e4.<\/li>\n<\/ul>\n<p>&nbsp;<\/p>\n<p>Sopii kaikille ihotyypeille.<\/p>\n<p><strong>K\u00e4ytt\u00f6opas:<\/strong> Kasvojen pesun, kasvoveden ja seerumin j\u00e4lkeen levit\u00e4 voide iholle ja levit\u00e4 tasaisesti.<\/p>","protected":false},"excerpt":{"rendered":"<p>Heimish Black Rose Sorbet Cream lis\u00e4\u00e4 ihon kimmoisuutta, kiinteytt\u00e4 ja tiheytt\u00e4, v\u00e4hent\u00e4\u00e4 ryppyjen syvyytt\u00e4 sek\u00e4 rauhoittaa ja viilent\u00e4\u00e4 ihoa. Kosteuttaa intensiivisesti, ehk\u00e4isee kuivumista ja hilseily\u00e4, tasoittaa ihon rakennetta ja antaa terveen hehkun. Voiteen sorbettimainen koostumus sulaa ihoon j\u00e4tt\u00e4m\u00e4tt\u00e4 tahmeaa tunnetta. Levitett\u00e4ess\u00e4 se levitt\u00e4\u00e4 hentoa kukka- ja yrttituoksua. T\u00e4rkeimm\u00e4t aktiiviset ainesosat ja niiden vaikutukset...<\/p>","protected":false},"featured_media":12529,"comment_status":"open","ping_status":"closed","template":"","meta":{"_uf_show_specific_survey":0,"_uf_disable_surveys":false,"_bst_post_transparent":"default","_bst_post_title":"","_bst_post_layout":"default","_bst_post_sidebar_id":"","_bst_post_content_style":"default","_bst_post_vertical_padding":"default","_bst_post_feature":"","_bst_post_feature_position":"","_bst_post_header":false,"_bst_post_footer":false},"pwb-brand":[730],"product_brand":[],"product_cat":[92,96],"product_tag":[731,787],"class_list":{"0":"post-12521","1":"product","2":"type-product","3":"status-publish","4":"has-post-thumbnail","6":"pwb-brand-heimish","7":"product_cat-nagu","8":"product_cat-naokreemid","9":"product_tag-heimish","10":"product_tag-kore-kosmeetika","12":"first","13":"outofstock","14":"sale","15":"shipping-taxable","16":"purchasable","17":"product-type-simple","18":"entry","19":"content-bg","20":"loop-entry"},"supplier_id":null,"supplier_sku":"","barcode":null,"atum_controlled":true,"out_stock_date":null,"out_stock_threshold":null,"inheritable":false,"inbound_stock":0,"stock_on_hold":0,"sold_today":0,"sales_last_days":0,"out_stock_days":0,"lost_sales":0,"has_location":false,"update_date":"2026-04-14T00:05:06","atum_locations":[],"atum_stock_status":"outofstock","restock_status":false,"low_stock_amount":"","sales_update_date":"2026-04-14T00:05:06","calc_backorders":null,"yoast_head":"<!-- This site is optimized with the Yoast SEO plugin v27.2 - https:\/\/yoast.com\/product\/yoast-seo-wordpress\/ -->\n<title>Noorendav sorbetkreem Heimish Black Rose Sorbet Cream, 50ml - IDA.KOREA<\/title>\n<meta name=\"robots\" content=\"index, follow, max-snippet:-1, max-image-preview:large, max-video-preview:-1\" \/>\n<link rel=\"canonical\" href=\"https:\/\/idakorea.ee\/fi\/product\/noorendav-sorbetkreem-heimish-black-rose-sorbet-cream-50ml\/\" \/>\n<meta property=\"og:locale\" content=\"fi_FI\" \/>\n<meta property=\"og:type\" content=\"article\" \/>\n<meta property=\"og:title\" content=\"Noorendav sorbetkreem Heimish Black Rose Sorbet Cream, 50ml - IDA.KOREA\" \/>\n<meta property=\"og:description\" content=\"Heimish Black Rose Sorbet Cream suurendab naha elastsust, tugevust ja tihedust, v\u00e4hendab kortsude s\u00fcgavust ning rahustab ja jahutab nahka. Niisutab intensiivselt, hoiab \u00e4ra kuivuse ja ketenduse, silub naha tekstuuri ning annab tervisliku s\u00e4ra. Kreemil on sorbetilaadne tekstuur, mis sulab nahal ilma kleepuvust j\u00e4tmata. Pealekandmisel levitab \u00f5rna lille- ja \u00fcrdil\u00f5hna. Peamised toimeained ja nende m\u00f5ju: Damaskuse...\" \/>\n<meta property=\"og:url\" content=\"https:\/\/idakorea.ee\/fi\/product\/noorendav-sorbetkreem-heimish-black-rose-sorbet-cream-50ml\/\" \/>\n<meta property=\"og:site_name\" content=\"IDA.KOREA\" \/>\n<meta property=\"article:modified_time\" content=\"2026-01-30T13:15:06+00:00\" \/>\n<meta property=\"og:image\" content=\"https:\/\/idakorea.ee\/wp-content\/uploads\/2025\/02\/hei072-1-600x600-1.png\" \/>\n\t<meta property=\"og:image:width\" content=\"600\" \/>\n\t<meta property=\"og:image:height\" content=\"600\" \/>\n\t<meta property=\"og:image:type\" content=\"image\/png\" \/>\n<meta name=\"twitter:card\" content=\"summary_large_image\" \/>\n<meta name=\"twitter:label1\" content=\"Arvioitu lukuaika\" \/>\n\t<meta name=\"twitter:data1\" content=\"2 minuuttia\" \/>\n<script type=\"application\/ld+json\" class=\"yoast-schema-graph\">{\"@context\":\"https:\/\/schema.org\",\"@graph\":[{\"@type\":\"WebPage\",\"@id\":\"https:\/\/idakorea.ee\/product\/noorendav-sorbetkreem-heimish-black-rose-sorbet-cream-50ml\/\",\"url\":\"https:\/\/idakorea.ee\/product\/noorendav-sorbetkreem-heimish-black-rose-sorbet-cream-50ml\/\",\"name\":\"Noorendav sorbetkreem Heimish Black Rose Sorbet Cream, 50ml - IDA.KOREA\",\"isPartOf\":{\"@id\":\"https:\/\/idakorea.ee\/#website\"},\"primaryImageOfPage\":{\"@id\":\"https:\/\/idakorea.ee\/product\/noorendav-sorbetkreem-heimish-black-rose-sorbet-cream-50ml\/#primaryimage\"},\"image\":{\"@id\":\"https:\/\/idakorea.ee\/product\/noorendav-sorbetkreem-heimish-black-rose-sorbet-cream-50ml\/#primaryimage\"},\"thumbnailUrl\":\"https:\/\/idakorea.ee\/wp-content\/uploads\/2025\/02\/hei072-1-600x600-1.png\",\"datePublished\":\"2025-02-06T11:07:59+00:00\",\"dateModified\":\"2026-01-30T13:15:06+00:00\",\"breadcrumb\":{\"@id\":\"https:\/\/idakorea.ee\/product\/noorendav-sorbetkreem-heimish-black-rose-sorbet-cream-50ml\/#breadcrumb\"},\"inLanguage\":\"fi\",\"potentialAction\":[{\"@type\":\"ReadAction\",\"target\":[\"https:\/\/idakorea.ee\/product\/noorendav-sorbetkreem-heimish-black-rose-sorbet-cream-50ml\/\"]}]},{\"@type\":\"ImageObject\",\"inLanguage\":\"fi\",\"@id\":\"https:\/\/idakorea.ee\/product\/noorendav-sorbetkreem-heimish-black-rose-sorbet-cream-50ml\/#primaryimage\",\"url\":\"https:\/\/idakorea.ee\/wp-content\/uploads\/2025\/02\/hei072-1-600x600-1.png\",\"contentUrl\":\"https:\/\/idakorea.ee\/wp-content\/uploads\/2025\/02\/hei072-1-600x600-1.png\",\"width\":600,\"height\":600},{\"@type\":\"BreadcrumbList\",\"@id\":\"https:\/\/idakorea.ee\/product\/noorendav-sorbetkreem-heimish-black-rose-sorbet-cream-50ml\/#breadcrumb\",\"itemListElement\":[{\"@type\":\"ListItem\",\"position\":1,\"name\":\"\u0413\u043b\u0430\u0432\u043d\u0430\u044f \u0441\u0442\u0440\u0430\u043d\u0438\u0446\u0430\",\"item\":\"https:\/\/idakorea.ee\/\"},{\"@type\":\"ListItem\",\"position\":2,\"name\":\"Shop\",\"item\":\"https:\/\/idakorea.ee\/shop-2\/\"},{\"@type\":\"ListItem\",\"position\":3,\"name\":\"Noorendav sorbetkreem Heimish Black Rose Sorbet Cream, 50ml\"}]},{\"@type\":\"WebSite\",\"@id\":\"https:\/\/idakorea.ee\/#website\",\"url\":\"https:\/\/idakorea.ee\/\",\"name\":\"IDA.KOREA\",\"description\":\"Korea kosmeetika e-pood\",\"publisher\":{\"@id\":\"https:\/\/idakorea.ee\/#organization\"},\"alternateName\":\"Beauty Shop\",\"potentialAction\":[{\"@type\":\"SearchAction\",\"target\":{\"@type\":\"EntryPoint\",\"urlTemplate\":\"https:\/\/idakorea.ee\/?s={search_term_string}\"},\"query-input\":{\"@type\":\"PropertyValueSpecification\",\"valueRequired\":true,\"valueName\":\"search_term_string\"}}],\"inLanguage\":\"fi\"},{\"@type\":\"Organization\",\"@id\":\"https:\/\/idakorea.ee\/#organization\",\"name\":\"IDA.KOREA\",\"url\":\"https:\/\/idakorea.ee\/\",\"logo\":{\"@type\":\"ImageObject\",\"inLanguage\":\"fi\",\"@id\":\"https:\/\/idakorea.ee\/#\/schema\/logo\/image\/\",\"url\":\"https:\/\/idakorea.ee\/wp-content\/uploads\/2024\/05\/cropped-korea3.png\",\"contentUrl\":\"https:\/\/idakorea.ee\/wp-content\/uploads\/2024\/05\/cropped-korea3.png\",\"width\":688,\"height\":126,\"caption\":\"IDA.KOREA\"},\"image\":{\"@id\":\"https:\/\/idakorea.ee\/#\/schema\/logo\/image\/\"},\"sameAs\":[\"https:\/\/www.instagram.com\/ida.korea\/\"]}]}<\/script>\n<!-- \/ Yoast SEO plugin. -->","yoast_head_json":{"title":"Nuorentava sorbettivoide Heimish Black Rose Sorbet Cream, 50ml - IDA.KOREA","robots":{"index":"index","follow":"follow","max-snippet":"max-snippet:-1","max-image-preview":"max-image-preview:large","max-video-preview":"max-video-preview:-1"},"canonical":"https:\/\/idakorea.ee\/fi\/product\/noorendav-sorbetkreem-heimish-black-rose-sorbet-cream-50ml\/","og_locale":"fi_FI","og_type":"article","og_title":"Noorendav sorbetkreem Heimish Black Rose Sorbet Cream, 50ml - IDA.KOREA","og_description":"Heimish Black Rose Sorbet Cream suurendab naha elastsust, tugevust ja tihedust, v\u00e4hendab kortsude s\u00fcgavust ning rahustab ja jahutab nahka. Niisutab intensiivselt, hoiab \u00e4ra kuivuse ja ketenduse, silub naha tekstuuri ning annab tervisliku s\u00e4ra. Kreemil on sorbetilaadne tekstuur, mis sulab nahal ilma kleepuvust j\u00e4tmata. Pealekandmisel levitab \u00f5rna lille- ja \u00fcrdil\u00f5hna. Peamised toimeained ja nende m\u00f5ju: Damaskuse...","og_url":"https:\/\/idakorea.ee\/fi\/product\/noorendav-sorbetkreem-heimish-black-rose-sorbet-cream-50ml\/","og_site_name":"IDA.KOREA","article_modified_time":"2026-01-30T13:15:06+00:00","og_image":[{"width":600,"height":600,"url":"https:\/\/idakorea.ee\/wp-content\/uploads\/2025\/02\/hei072-1-600x600-1.png","type":"image\/png"}],"twitter_card":"summary_large_image","twitter_misc":{"Arvioitu lukuaika":"2 minuuttia"},"schema":{"@context":"https:\/\/schema.org","@graph":[{"@type":"WebPage","@id":"https:\/\/idakorea.ee\/product\/noorendav-sorbetkreem-heimish-black-rose-sorbet-cream-50ml\/","url":"https:\/\/idakorea.ee\/product\/noorendav-sorbetkreem-heimish-black-rose-sorbet-cream-50ml\/","name":"Nuorentava sorbettivoide Heimish Black Rose Sorbet Cream, 50ml - IDA.KOREA","isPartOf":{"@id":"https:\/\/idakorea.ee\/#website"},"primaryImageOfPage":{"@id":"https:\/\/idakorea.ee\/product\/noorendav-sorbetkreem-heimish-black-rose-sorbet-cream-50ml\/#primaryimage"},"image":{"@id":"https:\/\/idakorea.ee\/product\/noorendav-sorbetkreem-heimish-black-rose-sorbet-cream-50ml\/#primaryimage"},"thumbnailUrl":"https:\/\/idakorea.ee\/wp-content\/uploads\/2025\/02\/hei072-1-600x600-1.png","datePublished":"2025-02-06T11:07:59+00:00","dateModified":"2026-01-30T13:15:06+00:00","breadcrumb":{"@id":"https:\/\/idakorea.ee\/product\/noorendav-sorbetkreem-heimish-black-rose-sorbet-cream-50ml\/#breadcrumb"},"inLanguage":"fi","potentialAction":[{"@type":"ReadAction","target":["https:\/\/idakorea.ee\/product\/noorendav-sorbetkreem-heimish-black-rose-sorbet-cream-50ml\/"]}]},{"@type":"ImageObject","inLanguage":"fi","@id":"https:\/\/idakorea.ee\/product\/noorendav-sorbetkreem-heimish-black-rose-sorbet-cream-50ml\/#primaryimage","url":"https:\/\/idakorea.ee\/wp-content\/uploads\/2025\/02\/hei072-1-600x600-1.png","contentUrl":"https:\/\/idakorea.ee\/wp-content\/uploads\/2025\/02\/hei072-1-600x600-1.png","width":600,"height":600},{"@type":"BreadcrumbList","@id":"https:\/\/idakorea.ee\/product\/noorendav-sorbetkreem-heimish-black-rose-sorbet-cream-50ml\/#breadcrumb","itemListElement":[{"@type":"ListItem","position":1,"name":"\u0413\u043b\u0430\u0432\u043d\u0430\u044f \u0441\u0442\u0440\u0430\u043d\u0438\u0446\u0430","item":"https:\/\/idakorea.ee\/"},{"@type":"ListItem","position":2,"name":"Shop","item":"https:\/\/idakorea.ee\/shop-2\/"},{"@type":"ListItem","position":3,"name":"Noorendav sorbetkreem Heimish Black Rose Sorbet Cream, 50ml"}]},{"@type":"WebSite","@id":"https:\/\/idakorea.ee\/#website","url":"https:\/\/idakorea.ee\/","name":"IDA.KOREA","description":"Korean kosmetiikan verkkokauppa","publisher":{"@id":"https:\/\/idakorea.ee\/#organization"},"alternateName":"Beauty Shop","potentialAction":[{"@type":"SearchAction","target":{"@type":"EntryPoint","urlTemplate":"https:\/\/idakorea.ee\/?s={search_term_string}"},"query-input":{"@type":"PropertyValueSpecification","valueRequired":true,"valueName":"search_term_string"}}],"inLanguage":"fi"},{"@type":"Organization","@id":"https:\/\/idakorea.ee\/#organization","name":"IDA.KOREA","url":"https:\/\/idakorea.ee\/","logo":{"@type":"ImageObject","inLanguage":"fi","@id":"https:\/\/idakorea.ee\/#\/schema\/logo\/image\/","url":"https:\/\/idakorea.ee\/wp-content\/uploads\/2024\/05\/cropped-korea3.png","contentUrl":"https:\/\/idakorea.ee\/wp-content\/uploads\/2024\/05\/cropped-korea3.png","width":688,"height":126,"caption":"IDA.KOREA"},"image":{"@id":"https:\/\/idakorea.ee\/#\/schema\/logo\/image\/"},"sameAs":["https:\/\/www.instagram.com\/ida.korea\/"]}]}},"jetpack_sharing_enabled":true,"brands":[{"id":730,"name":"HOME","slug":"heimish"}],"_links":{"self":[{"href":"https:\/\/idakorea.ee\/fi\/wp-json\/wp\/v2\/product\/12521","targetHints":{"allow":["GET"]}}],"collection":[{"href":"https:\/\/idakorea.ee\/fi\/wp-json\/wp\/v2\/product"}],"about":[{"href":"https:\/\/idakorea.ee\/fi\/wp-json\/wp\/v2\/types\/product"}],"replies":[{"embeddable":true,"href":"https:\/\/idakorea.ee\/fi\/wp-json\/wp\/v2\/comments?post=12521"}],"version-history":[{"count":1,"href":"https:\/\/idakorea.ee\/fi\/wp-json\/wp\/v2\/product\/12521\/revisions"}],"predecessor-version":[{"id":12527,"href":"https:\/\/idakorea.ee\/fi\/wp-json\/wp\/v2\/product\/12521\/revisions\/12527"}],"wp:featuredmedia":[{"embeddable":true,"href":"https:\/\/idakorea.ee\/fi\/wp-json\/wp\/v2\/media\/12529"}],"wp:attachment":[{"href":"https:\/\/idakorea.ee\/fi\/wp-json\/wp\/v2\/media?parent=12521"}],"wp:term":[{"taxonomy":"pwb-brand","embeddable":true,"href":"https:\/\/idakorea.ee\/fi\/wp-json\/wp\/v2\/pwb-brand?post=12521"},{"taxonomy":"product_brand","embeddable":true,"href":"https:\/\/idakorea.ee\/fi\/wp-json\/wp\/v2\/product_brand?post=12521"},{"taxonomy":"product_cat","embeddable":true,"href":"https:\/\/idakorea.ee\/fi\/wp-json\/wp\/v2\/product_cat?post=12521"},{"taxonomy":"product_tag","embeddable":true,"href":"https:\/\/idakorea.ee\/fi\/wp-json\/wp\/v2\/product_tag?post=12521"}],"curies":[{"name":"wp","href":"https:\/\/api.w.org\/{rel}","templated":true}]}}