{"id":12531,"date":"2025-02-06T13:55:01","date_gmt":"2025-02-06T11:55:01","guid":{"rendered":"https:\/\/idakorea.ee\/?post_type=product&#038;p=12531"},"modified":"2026-02-01T20:03:10","modified_gmt":"2026-02-01T18:03:10","slug":"noorendav-mask-genabelle-pdrn-rejuvenating-mask","status":"publish","type":"product","link":"https:\/\/idakorea.ee\/fi\/product\/noorendav-mask-genabelle-pdrn-rejuvenating-mask\/","title":{"rendered":"Noorendav naamio Genabelle Pdrn Rejuvenating Mask (nuorentava naamio)"},"content":{"rendered":"<p><strong>Koe nuorennusvoima Genabelle Rejuvenating Mask -naamiolla<\/strong><\/p>\n<p>T\u00e4m\u00e4 kangasnaamio on suunniteltu suojaamaan ja palauttamaan herkk\u00e4\u00e4 ja \u00e4rtynytt\u00e4 ihoa tarjoamalla tehokasta kosteutta ja uudistumista. Naamio rauhoittaa, kosteuttaa ja palauttaa ihon tehden siit\u00e4 sile\u00e4n ja tasaisen.<\/p>\n<p><strong>P\u00e4\u00e4komponentti: PDRN (polydeoksiribonukleotidi)<\/strong><\/p>\n<p>PDRN on lohen DNA:sta johdettu olennainen ainesosa. Se tunnetaan uudistavista ominaisuuksistaan, jotka auttavat stimuloimaan solujen uusiutumista ja nopeuttamaan ihon paranemista. PDRN rauhoittaa ja nuorentaa ihoa tehden siit\u00e4 terveemm\u00e4n ja nuorekkaamman.<\/p>\n<p><strong>T\u00e4rkeimm\u00e4t edut:<\/strong><\/p>\n<p><strong>Syv\u00e4kosteutus<\/strong> \u2013 hyaluronihappo takaa syv\u00e4n ja pitk\u00e4kestoisen kosteutuksen.<br \/>\n<strong>Tasaisempi ihon s\u00e4vy<\/strong> \u2013 traneksaamihappo auttaa v\u00e4hent\u00e4m\u00e4\u00e4n pigmenttil\u00e4iski\u00e4 ja tummia l\u00e4iski\u00e4.<br \/>\n<strong>Rauhoittava ja palauttava vaikutus<\/strong> \u2013 naamio lievitt\u00e4\u00e4 \u00e4rsytyst\u00e4 ja tukee ihon luonnollista uusiutumisprosessia.<\/p>\n<p>&nbsp;<\/p>\n<p>Sopii kaikille ihotyypeille.<\/p>\n<p class=\"translation-block\"><strong>K\u00e4ytt\u00f6ohjeet<\/strong> <strong style=\"font-family: var(--global-body-font-family)\">:<\/strong> <span style=\"font-family: var(--global-body-font-family)\">Avaa pakkaus ja ota naamio varovasti pois.<\/span> <span style=\"font-family: var(--global-body-font-family)\">Aseta naamio tasaisesti kasvoille ja paina kevyesti sormillasi, jotta se tarttuu tiiviisti ihoon.<\/span> <span style=\"font-family: var(--global-body-font-family)\">Anna naamion<\/span> vaikuttaa <strong style=\"font-family: var(--global-body-font-family)\">10\u201320 minuuttia<\/strong> <span style=\"font-family: var(--global-body-font-family)\">.<\/span> <span style=\"font-family: var(--global-body-font-family)\">Poista naamio ja hiero j\u00e4ljell\u00e4 olevaa voidetta hell\u00e4varaisesti ihoon, jotta se imeytyy paremmin.<\/span><\/p>","protected":false},"excerpt":{"rendered":"<p>Tutustu nuorentumisen voimaan Genabelle Rejuvenating Mask -kasvonaamion avulla T\u00e4m\u00e4 kangasnaamio on suunniteltu suojaamaan ja palauttamaan herkk\u00e4\u00e4 ja \u00e4rtynytt\u00e4 ihoa ja tarjoamaan intensiivist\u00e4 kosteutusta ja uudistumista. Naamio rauhoittaa, kosteuttaa ja elvytt\u00e4\u00e4 ihoa j\u00e4tt\u00e4en sen sile\u00e4ksi ja tasaiseksi. PDRN (polydeoksiribonukleotidi) PDRN on lohen DNA:sta per\u00e4isin oleva olennainen ainesosa. Se tunnetaan uudistavista ominaisuuksistaan, jotka auttavat stimuloimaan solujen uusiutumista.....<\/p>","protected":false},"featured_media":12532,"comment_status":"open","ping_status":"closed","template":"","meta":{"_uf_show_specific_survey":0,"_uf_disable_surveys":false,"_bst_post_transparent":"default","_bst_post_title":"","_bst_post_layout":"default","_bst_post_sidebar_id":"","_bst_post_content_style":"default","_bst_post_vertical_padding":"default","_bst_post_feature":"","_bst_post_feature_position":"","_bst_post_header":false,"_bst_post_footer":false},"pwb-brand":[788],"product_brand":[],"product_cat":[92,98],"product_tag":[790,789],"class_list":{"0":"post-12531","1":"product","2":"type-product","3":"status-publish","4":"has-post-thumbnail","6":"pwb-brand-genabelle","7":"product_cat-nagu","8":"product_cat-naomaskid","9":"product_tag-korea-mask","10":"product_tag-pdrn","12":"first","13":"outofstock","14":"sale","15":"shipping-taxable","16":"purchasable","17":"product-type-simple","18":"entry","19":"content-bg","20":"loop-entry"},"supplier_id":null,"supplier_sku":"","barcode":null,"atum_controlled":true,"out_stock_date":"2026-02-01 20:03:10","out_stock_threshold":null,"inheritable":false,"inbound_stock":0,"stock_on_hold":0,"sold_today":0,"sales_last_days":0,"out_stock_days":71,"lost_sales":243,"has_location":false,"update_date":"2026-04-14T00:05:06","atum_locations":[],"atum_stock_status":"outofstock","restock_status":false,"low_stock_amount":"","sales_update_date":"2026-04-14T00:05:06","calc_backorders":null,"yoast_head":"<!-- This site is optimized with the Yoast SEO plugin v27.2 - https:\/\/yoast.com\/product\/yoast-seo-wordpress\/ -->\n<title>Noorendav mask Genabelle Pdrn Rejuvenating Mask - IDA.KOREA<\/title>\n<meta name=\"description\" content=\"Avastage noorendamise j\u00f5ud Genabelle noorendava maskiga! See kangasmask on loodud tundliku ja \u00e4rritunud naha kaitsmiseks ja taastamiseks.\" \/>\n<meta name=\"robots\" content=\"index, follow, max-snippet:-1, max-image-preview:large, max-video-preview:-1\" \/>\n<link rel=\"canonical\" href=\"https:\/\/idakorea.ee\/fi\/product\/noorendav-mask-genabelle-pdrn-rejuvenating-mask\/\" \/>\n<meta property=\"og:locale\" content=\"fi_FI\" \/>\n<meta property=\"og:type\" content=\"article\" \/>\n<meta property=\"og:title\" content=\"Noorendav mask Genabelle Pdrn Rejuvenating Mask - IDA.KOREA\" \/>\n<meta property=\"og:description\" content=\"Avastage noorendamise j\u00f5ud Genabelle noorendava maskiga! See kangasmask on loodud tundliku ja \u00e4rritunud naha kaitsmiseks ja taastamiseks.\" \/>\n<meta property=\"og:url\" content=\"https:\/\/idakorea.ee\/fi\/product\/noorendav-mask-genabelle-pdrn-rejuvenating-mask\/\" \/>\n<meta property=\"og:site_name\" content=\"IDA.KOREA\" \/>\n<meta property=\"article:modified_time\" content=\"2026-02-01T18:03:10+00:00\" \/>\n<meta property=\"og:image\" content=\"https:\/\/idakorea.ee\/wp-content\/uploads\/2025\/02\/52dbd_4f395842.jpg\" \/>\n\t<meta property=\"og:image:width\" content=\"640\" \/>\n\t<meta property=\"og:image:height\" content=\"640\" \/>\n\t<meta property=\"og:image:type\" content=\"image\/jpeg\" \/>\n<meta name=\"twitter:card\" content=\"summary_large_image\" \/>\n<meta name=\"twitter:label1\" content=\"Arvioitu lukuaika\" \/>\n\t<meta name=\"twitter:data1\" content=\"1 minuutti\" \/>\n<script type=\"application\/ld+json\" class=\"yoast-schema-graph\">{\"@context\":\"https:\/\/schema.org\",\"@graph\":[{\"@type\":\"WebPage\",\"@id\":\"https:\/\/idakorea.ee\/product\/noorendav-mask-genabelle-pdrn-rejuvenating-mask\/\",\"url\":\"https:\/\/idakorea.ee\/product\/noorendav-mask-genabelle-pdrn-rejuvenating-mask\/\",\"name\":\"Noorendav mask Genabelle Pdrn Rejuvenating Mask - IDA.KOREA\",\"isPartOf\":{\"@id\":\"https:\/\/idakorea.ee\/#website\"},\"primaryImageOfPage\":{\"@id\":\"https:\/\/idakorea.ee\/product\/noorendav-mask-genabelle-pdrn-rejuvenating-mask\/#primaryimage\"},\"image\":{\"@id\":\"https:\/\/idakorea.ee\/product\/noorendav-mask-genabelle-pdrn-rejuvenating-mask\/#primaryimage\"},\"thumbnailUrl\":\"https:\/\/idakorea.ee\/wp-content\/uploads\/2025\/02\/52dbd_4f395842.jpg\",\"datePublished\":\"2025-02-06T11:55:01+00:00\",\"dateModified\":\"2026-02-01T18:03:10+00:00\",\"description\":\"Avastage noorendamise j\u00f5ud Genabelle noorendava maskiga! See kangasmask on loodud tundliku ja \u00e4rritunud naha kaitsmiseks ja taastamiseks.\",\"breadcrumb\":{\"@id\":\"https:\/\/idakorea.ee\/product\/noorendav-mask-genabelle-pdrn-rejuvenating-mask\/#breadcrumb\"},\"inLanguage\":\"fi\",\"potentialAction\":[{\"@type\":\"ReadAction\",\"target\":[\"https:\/\/idakorea.ee\/product\/noorendav-mask-genabelle-pdrn-rejuvenating-mask\/\"]}]},{\"@type\":\"ImageObject\",\"inLanguage\":\"fi\",\"@id\":\"https:\/\/idakorea.ee\/product\/noorendav-mask-genabelle-pdrn-rejuvenating-mask\/#primaryimage\",\"url\":\"https:\/\/idakorea.ee\/wp-content\/uploads\/2025\/02\/52dbd_4f395842.jpg\",\"contentUrl\":\"https:\/\/idakorea.ee\/wp-content\/uploads\/2025\/02\/52dbd_4f395842.jpg\",\"width\":640,\"height\":640},{\"@type\":\"BreadcrumbList\",\"@id\":\"https:\/\/idakorea.ee\/product\/noorendav-mask-genabelle-pdrn-rejuvenating-mask\/#breadcrumb\",\"itemListElement\":[{\"@type\":\"ListItem\",\"position\":1,\"name\":\"\u0413\u043b\u0430\u0432\u043d\u0430\u044f \u0441\u0442\u0440\u0430\u043d\u0438\u0446\u0430\",\"item\":\"https:\/\/idakorea.ee\/\"},{\"@type\":\"ListItem\",\"position\":2,\"name\":\"Shop\",\"item\":\"https:\/\/idakorea.ee\/shop-2\/\"},{\"@type\":\"ListItem\",\"position\":3,\"name\":\"Noorendav mask Genabelle Pdrn Rejuvenating Mask\"}]},{\"@type\":\"WebSite\",\"@id\":\"https:\/\/idakorea.ee\/#website\",\"url\":\"https:\/\/idakorea.ee\/\",\"name\":\"IDA.KOREA\",\"description\":\"Korea kosmeetika e-pood\",\"publisher\":{\"@id\":\"https:\/\/idakorea.ee\/#organization\"},\"alternateName\":\"Beauty Shop\",\"potentialAction\":[{\"@type\":\"SearchAction\",\"target\":{\"@type\":\"EntryPoint\",\"urlTemplate\":\"https:\/\/idakorea.ee\/?s={search_term_string}\"},\"query-input\":{\"@type\":\"PropertyValueSpecification\",\"valueRequired\":true,\"valueName\":\"search_term_string\"}}],\"inLanguage\":\"fi\"},{\"@type\":\"Organization\",\"@id\":\"https:\/\/idakorea.ee\/#organization\",\"name\":\"IDA.KOREA\",\"url\":\"https:\/\/idakorea.ee\/\",\"logo\":{\"@type\":\"ImageObject\",\"inLanguage\":\"fi\",\"@id\":\"https:\/\/idakorea.ee\/#\/schema\/logo\/image\/\",\"url\":\"https:\/\/idakorea.ee\/wp-content\/uploads\/2024\/05\/cropped-korea3.png\",\"contentUrl\":\"https:\/\/idakorea.ee\/wp-content\/uploads\/2024\/05\/cropped-korea3.png\",\"width\":688,\"height\":126,\"caption\":\"IDA.KOREA\"},\"image\":{\"@id\":\"https:\/\/idakorea.ee\/#\/schema\/logo\/image\/\"},\"sameAs\":[\"https:\/\/www.instagram.com\/ida.korea\/\"]}]}<\/script>\n<!-- \/ Yoast SEO plugin. -->","yoast_head_json":{"title":"Genabelle Pdrn nuorentava naamio - IDA.KOREA","description":"Koe nuorennusvoima Genabelle Rejuvenating Mask -naamion avulla! T\u00e4m\u00e4 kangasnaamio on suunniteltu suojaamaan ja palauttamaan herkk\u00e4\u00e4 ja \u00e4rtynytt\u00e4 ihoa.","robots":{"index":"index","follow":"follow","max-snippet":"max-snippet:-1","max-image-preview":"max-image-preview:large","max-video-preview":"max-video-preview:-1"},"canonical":"https:\/\/idakorea.ee\/fi\/product\/noorendav-mask-genabelle-pdrn-rejuvenating-mask\/","og_locale":"fi_FI","og_type":"article","og_title":"Noorendav mask Genabelle Pdrn Rejuvenating Mask - IDA.KOREA","og_description":"Avastage noorendamise j\u00f5ud Genabelle noorendava maskiga! See kangasmask on loodud tundliku ja \u00e4rritunud naha kaitsmiseks ja taastamiseks.","og_url":"https:\/\/idakorea.ee\/fi\/product\/noorendav-mask-genabelle-pdrn-rejuvenating-mask\/","og_site_name":"IDA.KOREA","article_modified_time":"2026-02-01T18:03:10+00:00","og_image":[{"width":640,"height":640,"url":"https:\/\/idakorea.ee\/wp-content\/uploads\/2025\/02\/52dbd_4f395842.jpg","type":"image\/jpeg"}],"twitter_card":"summary_large_image","twitter_misc":{"Arvioitu lukuaika":"1 minuutti"},"schema":{"@context":"https:\/\/schema.org","@graph":[{"@type":"WebPage","@id":"https:\/\/idakorea.ee\/product\/noorendav-mask-genabelle-pdrn-rejuvenating-mask\/","url":"https:\/\/idakorea.ee\/product\/noorendav-mask-genabelle-pdrn-rejuvenating-mask\/","name":"Genabelle Pdrn nuorentava naamio - IDA.KOREA","isPartOf":{"@id":"https:\/\/idakorea.ee\/#website"},"primaryImageOfPage":{"@id":"https:\/\/idakorea.ee\/product\/noorendav-mask-genabelle-pdrn-rejuvenating-mask\/#primaryimage"},"image":{"@id":"https:\/\/idakorea.ee\/product\/noorendav-mask-genabelle-pdrn-rejuvenating-mask\/#primaryimage"},"thumbnailUrl":"https:\/\/idakorea.ee\/wp-content\/uploads\/2025\/02\/52dbd_4f395842.jpg","datePublished":"2025-02-06T11:55:01+00:00","dateModified":"2026-02-01T18:03:10+00:00","description":"Koe nuorennusvoima Genabelle Rejuvenating Mask -naamion avulla! T\u00e4m\u00e4 kangasnaamio on suunniteltu suojaamaan ja palauttamaan herkk\u00e4\u00e4 ja \u00e4rtynytt\u00e4 ihoa.","breadcrumb":{"@id":"https:\/\/idakorea.ee\/product\/noorendav-mask-genabelle-pdrn-rejuvenating-mask\/#breadcrumb"},"inLanguage":"fi","potentialAction":[{"@type":"ReadAction","target":["https:\/\/idakorea.ee\/product\/noorendav-mask-genabelle-pdrn-rejuvenating-mask\/"]}]},{"@type":"ImageObject","inLanguage":"fi","@id":"https:\/\/idakorea.ee\/product\/noorendav-mask-genabelle-pdrn-rejuvenating-mask\/#primaryimage","url":"https:\/\/idakorea.ee\/wp-content\/uploads\/2025\/02\/52dbd_4f395842.jpg","contentUrl":"https:\/\/idakorea.ee\/wp-content\/uploads\/2025\/02\/52dbd_4f395842.jpg","width":640,"height":640},{"@type":"BreadcrumbList","@id":"https:\/\/idakorea.ee\/product\/noorendav-mask-genabelle-pdrn-rejuvenating-mask\/#breadcrumb","itemListElement":[{"@type":"ListItem","position":1,"name":"\u0413\u043b\u0430\u0432\u043d\u0430\u044f \u0441\u0442\u0440\u0430\u043d\u0438\u0446\u0430","item":"https:\/\/idakorea.ee\/"},{"@type":"ListItem","position":2,"name":"Shop","item":"https:\/\/idakorea.ee\/shop-2\/"},{"@type":"ListItem","position":3,"name":"Noorendav mask Genabelle Pdrn Rejuvenating Mask"}]},{"@type":"WebSite","@id":"https:\/\/idakorea.ee\/#website","url":"https:\/\/idakorea.ee\/","name":"IDA.KOREA","description":"Korean kosmetiikan verkkokauppa","publisher":{"@id":"https:\/\/idakorea.ee\/#organization"},"alternateName":"Beauty Shop","potentialAction":[{"@type":"SearchAction","target":{"@type":"EntryPoint","urlTemplate":"https:\/\/idakorea.ee\/?s={search_term_string}"},"query-input":{"@type":"PropertyValueSpecification","valueRequired":true,"valueName":"search_term_string"}}],"inLanguage":"fi"},{"@type":"Organization","@id":"https:\/\/idakorea.ee\/#organization","name":"IDA.KOREA","url":"https:\/\/idakorea.ee\/","logo":{"@type":"ImageObject","inLanguage":"fi","@id":"https:\/\/idakorea.ee\/#\/schema\/logo\/image\/","url":"https:\/\/idakorea.ee\/wp-content\/uploads\/2024\/05\/cropped-korea3.png","contentUrl":"https:\/\/idakorea.ee\/wp-content\/uploads\/2024\/05\/cropped-korea3.png","width":688,"height":126,"caption":"IDA.KOREA"},"image":{"@id":"https:\/\/idakorea.ee\/#\/schema\/logo\/image\/"},"sameAs":["https:\/\/www.instagram.com\/ida.korea\/"]}]}},"jetpack_sharing_enabled":true,"brands":[{"id":788,"name":"GENABELLE","slug":"genabelle"}],"_links":{"self":[{"href":"https:\/\/idakorea.ee\/fi\/wp-json\/wp\/v2\/product\/12531","targetHints":{"allow":["GET"]}}],"collection":[{"href":"https:\/\/idakorea.ee\/fi\/wp-json\/wp\/v2\/product"}],"about":[{"href":"https:\/\/idakorea.ee\/fi\/wp-json\/wp\/v2\/types\/product"}],"replies":[{"embeddable":true,"href":"https:\/\/idakorea.ee\/fi\/wp-json\/wp\/v2\/comments?post=12531"}],"version-history":[{"count":2,"href":"https:\/\/idakorea.ee\/fi\/wp-json\/wp\/v2\/product\/12531\/revisions"}],"predecessor-version":[{"id":12540,"href":"https:\/\/idakorea.ee\/fi\/wp-json\/wp\/v2\/product\/12531\/revisions\/12540"}],"wp:featuredmedia":[{"embeddable":true,"href":"https:\/\/idakorea.ee\/fi\/wp-json\/wp\/v2\/media\/12532"}],"wp:attachment":[{"href":"https:\/\/idakorea.ee\/fi\/wp-json\/wp\/v2\/media?parent=12531"}],"wp:term":[{"taxonomy":"pwb-brand","embeddable":true,"href":"https:\/\/idakorea.ee\/fi\/wp-json\/wp\/v2\/pwb-brand?post=12531"},{"taxonomy":"product_brand","embeddable":true,"href":"https:\/\/idakorea.ee\/fi\/wp-json\/wp\/v2\/product_brand?post=12531"},{"taxonomy":"product_cat","embeddable":true,"href":"https:\/\/idakorea.ee\/fi\/wp-json\/wp\/v2\/product_cat?post=12531"},{"taxonomy":"product_tag","embeddable":true,"href":"https:\/\/idakorea.ee\/fi\/wp-json\/wp\/v2\/product_tag?post=12531"}],"curies":[{"name":"wp","href":"https:\/\/api.w.org\/{rel}","templated":true}]}}