{"id":12555,"date":"2025-02-10T09:55:15","date_gmt":"2025-02-10T07:55:15","guid":{"rendered":"https:\/\/idakorea.ee\/?post_type=product&#038;p=12555"},"modified":"2026-01-30T15:13:59","modified_gmt":"2026-01-30T13:13:59","slug":"komplekt-medi-peel-cell-toxing-dermajours-trial-kit","status":"publish","type":"product","link":"https:\/\/idakorea.ee\/fi\/product\/komplekt-medi-peel-cell-toxing-dermajours-trial-kit\/","title":{"rendered":"Medi-Peel Cell Toxing Dermajours Trial Kit -kokeilupakkaus\u00a0"},"content":{"rendered":"<p><strong>Medi-Peel Cell Toxing Dermajours Trial Kit -kokeilupakkaus<\/strong>\u00a0on voimakas anti-ageing-vaikutus, joka auttaa torjumaan ik\u00e4\u00e4ntymiseen liittyvi\u00e4 ihomuutoksia. Se v\u00e4hent\u00e4\u00e4 ryppyjen ulkon\u00e4k\u00f6\u00e4, kiinteytt\u00e4\u00e4 kasvojen soikeita osia ja tekee ihosta kiinte\u00e4mm\u00e4n ja kimmoisamman.<\/p>\n<p>Tuotteet elvytt\u00e4v\u00e4t sameaa ihoa kokonaisvaltaisesti ja hidastavat ik\u00e4\u00e4ntymisprosessia. Syv\u00e4kosteuttavat, parantavat ihon kudosten mikroverenkiertoa, vaalentavat hell\u00e4varaisesti ei-toivottuja pigmentaatioita. Suojaavat ihoa vapaiden radikaalien, UV-valon ja ymp\u00e4rist\u00f6tekij\u00f6iden aggressiivisilta vaikutuksilta, hidastavat hapettumisprosesseja ja yll\u00e4pit\u00e4v\u00e4t ihon terveytt\u00e4.<\/p>\n<p>Aktiivisimman vaikutuksen saavuttamiseksi tuotteissa k\u00e4ytet\u00e4\u00e4n liposomaalisia kapseleita, jotka toimittavat aktiiviset ainesosat valikoivasti ongelma-alueille. T\u00e4m\u00e4 menetelm\u00e4 mahdollistaa hy\u00f6dyllisten aineiden kulkeutumisen ihon syviin kerroksiin, mik\u00e4 parantaa niiden imeytymist\u00e4 ja tehostaa tuotteen vaikutusta ja auttaa kohdistamaan ei-toivottujen muutosten l\u00e4hteeseen.<\/p>\n<p><strong>Pakkaus sis\u00e4lt\u00e4\u00e4:<\/strong><\/p>\n<ul>\n<li><strong>Medi-Peel Cell Toxing Dermajours - solumyrkytys<\/strong>\u00a0<strong>Kasvovesi 30ml<\/strong>. kosteuttaa ja ravitsee aktiivisesti soluja, tasoittaa mikrostressi\u00e4, v\u00e4hent\u00e4\u00e4 ik\u00e4\u00e4ntymiseen liittyvien muutosten vakavuutta. Parantaa s\u00e4vytyst\u00e4, poistaa sameutta ja v\u00e4symyst\u00e4, vaikuttaa liev\u00e4sti supistavasti ja ehk\u00e4isee ik\u00e4\u00e4ntymislaikkuja. Valmistelee ihoa seuraaville hoitoalueille ja lis\u00e4\u00e4 seuraavien tuotteiden tehokkuutta.<\/li>\n<li><strong>Medi-Peel Cell Toxing Dermajours Emulsion 30 ml<\/strong>\u00a0on voimakas kohottava vaikutus, torjuu aktiivisesti syvi\u00e4 kasvojen juonteita, lis\u00e4\u00e4 ihon tiheytt\u00e4, kiinteytt\u00e4 ja kimmoisuutta. Vahvistaa epidermist\u00e4 rakennetta, tekee ihosta tiiviimm\u00e4n ja kiinte\u00e4mm\u00e4n, kiinteytt\u00e4\u00e4 ja silottaa kasvojen \u00e4\u00e4riviivoja.<\/li>\n<li>Virkist\u00e4v\u00e4\u00a0<strong>Medi-Peel Cell Tox Dermajou Cream 10ml.<\/strong>\u00a0torjuu aktiivisesti ihon ik\u00e4\u00e4ntymist\u00e4, v\u00e4hent\u00e4\u00e4 ryppyjen syvyytt\u00e4, auttaa silottamaan juonteita ja v\u00e4hent\u00e4m\u00e4\u00e4n syvempi\u00e4 ryppyj\u00e4. Palauttaa suojakerroksen, lis\u00e4\u00e4 ihon kimmoisuutta ja hidastaa ik\u00e4\u00e4ntymisprosessia pit\u00e4en ihon nuorekkaana ja terveen\u00e4.<\/li>\n<li><strong>Medi-Peel Naite Thread kaulavoide 10ml<\/strong>\u00a0Tasoittaa ryppyj\u00e4 ja Venusrenkaita, poistaa veltostumista ja l\u00f6ysyytt\u00e4, vahvistaa ihon matriisia. Sill\u00e4 on nostattava vaikutus, se yll\u00e4pit\u00e4\u00e4 optimaalisen kosteustasapainon ja ehk\u00e4isee kuivuuden ja kuivumisen ilmenemist\u00e4.<\/li>\n<\/ul>\n<p><strong>T\u00e4rkeimm\u00e4t vaikuttavat aineet:<\/strong><\/p>\n<ul>\n<li><strong>Ruusu, lilja, edelweissin kantasolukompleksi<\/strong>\u00a0hidastaa ik\u00e4\u00e4ntymisprosessia, neutraloi vapaiden radikaalien, ymp\u00e4rist\u00f6tekij\u00f6iden ja UV-valon aggressiivisia vaikutuksia, yll\u00e4pit\u00e4\u00e4 ihon sileytt\u00e4 ja kimmoisuutta. Stimuloi kollageenin ja elastiinin tuotantoa. Varmistaa ihon hydrolipidien ihanteellisen tasapainon, ehk\u00e4isee ihon kuivumista.<\/li>\n<li><strong>Kasvutekij\u00e4kompleksi (EGF, IGF, KGF, FGF).<\/strong>\u00a0toimii molekyyli- ja solutasolla ja voi todella hidastaa ihon ik\u00e4\u00e4ntymisprosessia, edist\u00e4\u00e4 ihon solujen uusiutumista ja s\u00e4ilytt\u00e4\u00e4 ihon nuorekkuuden. Palauttaa ihon kimmoisuuden, parantaa kapillaarien kuntoa, parantaa ihon s\u00e4vy\u00e4, parantaa suojaavia ominaisuuksia.<\/li>\n<li><strong>Peptidikompleksi<\/strong>\u00a0normalisoi kollageenin ja elastiinin tuotantoa, tasoittaa ihoa, silottaa \u00e4\u00e4riviivoja. Parantaa ihon v\u00e4ri\u00e4, antaa sille tervett\u00e4 hehkua ja kimmoisuutta.<\/li>\n<li><strong>Niasiiniamidi<\/strong>\u00a0Palauttaa hydrolipidisten lipidien tasapainon, poistaa kuivuuden, kireyden ja hilseilyn. Hidastaa melaniinin tunkeutumista epidermikseen, tasoittaa ihon s\u00e4vy\u00e4, ehk\u00e4isee pigmentaatiota. V\u00e4hent\u00e4\u00e4 herkkyytt\u00e4 ulkoisille \u00e4rsytt\u00e4ville tekij\u00f6ille, v\u00e4hent\u00e4\u00e4 transsepidermist\u00e4 kosteuden menetyst\u00e4.<\/li>\n<li><strong>Hyaluronihappo<\/strong>\u00a0tunkeutuu epidermiksen syvempiin kerroksiin, kosteuttaa aktiivisesti soluja, edist\u00e4\u00e4 kosteuden s\u00e4ilymist\u00e4 ihossa. Muodostaa suojakerroksen, joka est\u00e4\u00e4 kosteuden haihtumista.<\/li>\n<li><strong>Adenos<\/strong> Vaikuttaa aktiivisesti kollageenin tuotantoon, stimuloi ihon solujen elastiinin tuotantoa, v\u00e4hent\u00e4\u00e4 ryppyjen m\u00e4\u00e4r\u00e4\u00e4 i\u00e4n my\u00f6t\u00e4, v\u00e4hent\u00e4\u00e4 niiden syvyytt\u00e4.<\/li>\n<\/ul>\n<p>&nbsp;<\/p>\n<p>Sopii ihonhoitoon ensimm\u00e4isten ik\u00e4\u00e4ntymisen merkkien yhteydess\u00e4.<\/p>\n<p><strong>K\u00e4ytt\u00f6<\/strong>: K\u00e4yt\u00e4 puhdistuksen j\u00e4lkeen. Levit\u00e4 kasvovett\u00e4 k\u00e4mmenille ja levit\u00e4 se varovasti kasvoille. Levit\u00e4 sitten optimaalinen m\u00e4\u00e4r\u00e4 emulsiota kasvoille k\u00e4ytt\u00e4en sormenp\u00e4\u00e4t\u00e4 levitt\u00e4\u00e4ksesi sen varovasti ihoa venytt\u00e4m\u00e4tt\u00e4. Viimeistele kasvovoiteella. Levit\u00e4 pieni m\u00e4\u00e4r\u00e4 kaulavoidetta puhdistetulle iholle ja hiero kevyesti.<\/p>","protected":false},"excerpt":{"rendered":"<p>Medi-Peel Cell Toxing Dermajours Trial Kitill\u00e4 on voimakas anti-ageing-vaikutus, joka auttaa torjumaan ik\u00e4\u00e4ntymiseen liittyvi\u00e4 ihomuutoksia. Se v\u00e4hent\u00e4\u00e4 ryppyj\u00e4, kiinteytt\u00e4\u00e4 kasvojen soikeita osia ja tekee ihosta kiinte\u00e4mm\u00e4n ja kimmoisamman. Tuotteet elvytt\u00e4v\u00e4t kaikin tavoin himme\u00e4\u00e4 ihoa ja hidastavat ik\u00e4\u00e4ntymisprosessia. Syv\u00e4kosteuttavat, parantavat epidermisen kudoksen mikroverenkiertoa, vaalentavat hell\u00e4varaisesti ei-toivottuja pigmentaatioita. Suojaavat ihoa vapaiden radikaalien, UV-valon ja ymp\u00e4rist\u00f6tekij\u00f6iden aggressiivisilta vaikutuksilta,...<\/p>","protected":false},"featured_media":12557,"comment_status":"open","ping_status":"closed","template":"","meta":{"_uf_show_specific_survey":0,"_uf_disable_surveys":false,"_bst_post_transparent":"default","_bst_post_title":"","_bst_post_layout":"default","_bst_post_sidebar_id":"","_bst_post_content_style":"default","_bst_post_vertical_padding":"default","_bst_post_feature":"","_bst_post_feature_position":"","_bst_post_header":false,"_bst_post_footer":false},"pwb-brand":[107],"product_brand":[],"product_cat":[95],"product_tag":[791,381,792],"class_list":{"0":"post-12555","1":"product","2":"type-product","3":"status-publish","4":"has-post-thumbnail","6":"pwb-brand-medipeel","7":"product_cat-komplektid","8":"product_tag-cell-toxing","9":"product_tag-medipeel","10":"product_tag-trial-kit","12":"first","13":"outofstock","14":"sale","15":"shipping-taxable","16":"purchasable","17":"product-type-simple","18":"entry","19":"content-bg","20":"loop-entry"},"supplier_id":null,"supplier_sku":"","barcode":null,"atum_controlled":true,"out_stock_date":"2026-01-19 22:13:40","out_stock_threshold":null,"inheritable":false,"inbound_stock":0,"stock_on_hold":0,"sold_today":0,"sales_last_days":0,"out_stock_days":84,"lost_sales":274,"has_location":false,"update_date":"2026-04-14T00:05:06","atum_locations":[],"atum_stock_status":"outofstock","restock_status":false,"low_stock_amount":"","sales_update_date":"2026-04-14T00:05:06","calc_backorders":null,"yoast_head":"<!-- This site is optimized with the Yoast SEO plugin v27.2 - https:\/\/yoast.com\/product\/yoast-seo-wordpress\/ -->\n<title>Komplekt Medi-Peel Cell Toxing Dermajours Trial Kit\u00a0 - IDA.KOREA<\/title>\n<meta name=\"robots\" content=\"index, follow, max-snippet:-1, max-image-preview:large, max-video-preview:-1\" \/>\n<link rel=\"canonical\" href=\"https:\/\/idakorea.ee\/fi\/product\/komplekt-medi-peel-cell-toxing-dermajours-trial-kit\/\" \/>\n<meta property=\"og:locale\" content=\"fi_FI\" \/>\n<meta property=\"og:type\" content=\"article\" \/>\n<meta property=\"og:title\" content=\"Komplekt Medi-Peel Cell Toxing Dermajours Trial Kit\u00a0 - IDA.KOREA\" \/>\n<meta property=\"og:description\" content=\"Medi-Peel Cell Toxing Dermajours Trial Kit\u00a0&#8217;il on v\u00f5imas vananemisvastane toime, mis aitab v\u00f5idelda vananemisega seotud nahamuutustega. See v\u00e4hendab kortsude ilmnemist, pinguldab n\u00e4o ovaali, muudab naha tugevamaks ja elastsemaks. Tooted elavdavad igak\u00fclgselt tuhmuvat nahka, aeglustades vananemisprotsessi. Niisutavad s\u00fcgavuti, parandavad mikrotsirkulatsiooni epidermise kudedes, kergendavad \u00f5rnalt soovimatuid pigmentatsioone. Kaitsevad nahka vabade radikaalide, UV-valguse ja keskkonnategurite agressiivse m\u00f5ju eest,...\" \/>\n<meta property=\"og:url\" content=\"https:\/\/idakorea.ee\/fi\/product\/komplekt-medi-peel-cell-toxing-dermajours-trial-kit\/\" \/>\n<meta property=\"og:site_name\" content=\"IDA.KOREA\" \/>\n<meta property=\"article:modified_time\" content=\"2026-01-30T13:13:59+00:00\" \/>\n<meta property=\"og:image\" content=\"https:\/\/idakorea.ee\/wp-content\/uploads\/2025\/02\/cell_tox_trial_kit.jpg\" \/>\n\t<meta property=\"og:image:width\" content=\"800\" \/>\n\t<meta property=\"og:image:height\" content=\"800\" \/>\n\t<meta property=\"og:image:type\" content=\"image\/jpeg\" \/>\n<meta name=\"twitter:card\" content=\"summary_large_image\" \/>\n<meta name=\"twitter:label1\" content=\"Arvioitu lukuaika\" \/>\n\t<meta name=\"twitter:data1\" content=\"3 minuuttia\" \/>\n<script type=\"application\/ld+json\" class=\"yoast-schema-graph\">{\"@context\":\"https:\/\/schema.org\",\"@graph\":[{\"@type\":\"WebPage\",\"@id\":\"https:\/\/idakorea.ee\/product\/komplekt-medi-peel-cell-toxing-dermajours-trial-kit\/\",\"url\":\"https:\/\/idakorea.ee\/product\/komplekt-medi-peel-cell-toxing-dermajours-trial-kit\/\",\"name\":\"Komplekt Medi-Peel Cell Toxing Dermajours Trial Kit\u00a0 - IDA.KOREA\",\"isPartOf\":{\"@id\":\"https:\/\/idakorea.ee\/#website\"},\"primaryImageOfPage\":{\"@id\":\"https:\/\/idakorea.ee\/product\/komplekt-medi-peel-cell-toxing-dermajours-trial-kit\/#primaryimage\"},\"image\":{\"@id\":\"https:\/\/idakorea.ee\/product\/komplekt-medi-peel-cell-toxing-dermajours-trial-kit\/#primaryimage\"},\"thumbnailUrl\":\"https:\/\/idakorea.ee\/wp-content\/uploads\/2025\/02\/cell_tox_trial_kit.jpg\",\"datePublished\":\"2025-02-10T07:55:15+00:00\",\"dateModified\":\"2026-01-30T13:13:59+00:00\",\"breadcrumb\":{\"@id\":\"https:\/\/idakorea.ee\/product\/komplekt-medi-peel-cell-toxing-dermajours-trial-kit\/#breadcrumb\"},\"inLanguage\":\"fi\",\"potentialAction\":[{\"@type\":\"ReadAction\",\"target\":[\"https:\/\/idakorea.ee\/product\/komplekt-medi-peel-cell-toxing-dermajours-trial-kit\/\"]}]},{\"@type\":\"ImageObject\",\"inLanguage\":\"fi\",\"@id\":\"https:\/\/idakorea.ee\/product\/komplekt-medi-peel-cell-toxing-dermajours-trial-kit\/#primaryimage\",\"url\":\"https:\/\/idakorea.ee\/wp-content\/uploads\/2025\/02\/cell_tox_trial_kit.jpg\",\"contentUrl\":\"https:\/\/idakorea.ee\/wp-content\/uploads\/2025\/02\/cell_tox_trial_kit.jpg\",\"width\":800,\"height\":800},{\"@type\":\"BreadcrumbList\",\"@id\":\"https:\/\/idakorea.ee\/product\/komplekt-medi-peel-cell-toxing-dermajours-trial-kit\/#breadcrumb\",\"itemListElement\":[{\"@type\":\"ListItem\",\"position\":1,\"name\":\"\u0413\u043b\u0430\u0432\u043d\u0430\u044f \u0441\u0442\u0440\u0430\u043d\u0438\u0446\u0430\",\"item\":\"https:\/\/idakorea.ee\/\"},{\"@type\":\"ListItem\",\"position\":2,\"name\":\"Shop\",\"item\":\"https:\/\/idakorea.ee\/shop-2\/\"},{\"@type\":\"ListItem\",\"position\":3,\"name\":\"Komplekt Medi-Peel Cell Toxing Dermajours Trial Kit\u00a0\"}]},{\"@type\":\"WebSite\",\"@id\":\"https:\/\/idakorea.ee\/#website\",\"url\":\"https:\/\/idakorea.ee\/\",\"name\":\"IDA.KOREA\",\"description\":\"Korea kosmeetika e-pood\",\"publisher\":{\"@id\":\"https:\/\/idakorea.ee\/#organization\"},\"alternateName\":\"Beauty Shop\",\"potentialAction\":[{\"@type\":\"SearchAction\",\"target\":{\"@type\":\"EntryPoint\",\"urlTemplate\":\"https:\/\/idakorea.ee\/?s={search_term_string}\"},\"query-input\":{\"@type\":\"PropertyValueSpecification\",\"valueRequired\":true,\"valueName\":\"search_term_string\"}}],\"inLanguage\":\"fi\"},{\"@type\":\"Organization\",\"@id\":\"https:\/\/idakorea.ee\/#organization\",\"name\":\"IDA.KOREA\",\"url\":\"https:\/\/idakorea.ee\/\",\"logo\":{\"@type\":\"ImageObject\",\"inLanguage\":\"fi\",\"@id\":\"https:\/\/idakorea.ee\/#\/schema\/logo\/image\/\",\"url\":\"https:\/\/idakorea.ee\/wp-content\/uploads\/2024\/05\/cropped-korea3.png\",\"contentUrl\":\"https:\/\/idakorea.ee\/wp-content\/uploads\/2024\/05\/cropped-korea3.png\",\"width\":688,\"height\":126,\"caption\":\"IDA.KOREA\"},\"image\":{\"@id\":\"https:\/\/idakorea.ee\/#\/schema\/logo\/image\/\"},\"sameAs\":[\"https:\/\/www.instagram.com\/ida.korea\/\"]}]}<\/script>\n<!-- \/ Yoast SEO plugin. -->","yoast_head_json":{"title":"Medi-Peel Cell Toxing Dermajours Trial Kit - IDA.KOREA","robots":{"index":"index","follow":"follow","max-snippet":"max-snippet:-1","max-image-preview":"max-image-preview:large","max-video-preview":"max-video-preview:-1"},"canonical":"https:\/\/idakorea.ee\/fi\/product\/komplekt-medi-peel-cell-toxing-dermajours-trial-kit\/","og_locale":"fi_FI","og_type":"article","og_title":"Komplekt Medi-Peel Cell Toxing Dermajours Trial Kit\u00a0 - IDA.KOREA","og_description":"Medi-Peel Cell Toxing Dermajours Trial Kit\u00a0&#8217;il on v\u00f5imas vananemisvastane toime, mis aitab v\u00f5idelda vananemisega seotud nahamuutustega. See v\u00e4hendab kortsude ilmnemist, pinguldab n\u00e4o ovaali, muudab naha tugevamaks ja elastsemaks. Tooted elavdavad igak\u00fclgselt tuhmuvat nahka, aeglustades vananemisprotsessi. Niisutavad s\u00fcgavuti, parandavad mikrotsirkulatsiooni epidermise kudedes, kergendavad \u00f5rnalt soovimatuid pigmentatsioone. Kaitsevad nahka vabade radikaalide, UV-valguse ja keskkonnategurite agressiivse m\u00f5ju eest,...","og_url":"https:\/\/idakorea.ee\/fi\/product\/komplekt-medi-peel-cell-toxing-dermajours-trial-kit\/","og_site_name":"IDA.KOREA","article_modified_time":"2026-01-30T13:13:59+00:00","og_image":[{"width":800,"height":800,"url":"https:\/\/idakorea.ee\/wp-content\/uploads\/2025\/02\/cell_tox_trial_kit.jpg","type":"image\/jpeg"}],"twitter_card":"summary_large_image","twitter_misc":{"Arvioitu lukuaika":"3 minuuttia"},"schema":{"@context":"https:\/\/schema.org","@graph":[{"@type":"WebPage","@id":"https:\/\/idakorea.ee\/product\/komplekt-medi-peel-cell-toxing-dermajours-trial-kit\/","url":"https:\/\/idakorea.ee\/product\/komplekt-medi-peel-cell-toxing-dermajours-trial-kit\/","name":"Medi-Peel Cell Toxing Dermajours Trial Kit - IDA.KOREA","isPartOf":{"@id":"https:\/\/idakorea.ee\/#website"},"primaryImageOfPage":{"@id":"https:\/\/idakorea.ee\/product\/komplekt-medi-peel-cell-toxing-dermajours-trial-kit\/#primaryimage"},"image":{"@id":"https:\/\/idakorea.ee\/product\/komplekt-medi-peel-cell-toxing-dermajours-trial-kit\/#primaryimage"},"thumbnailUrl":"https:\/\/idakorea.ee\/wp-content\/uploads\/2025\/02\/cell_tox_trial_kit.jpg","datePublished":"2025-02-10T07:55:15+00:00","dateModified":"2026-01-30T13:13:59+00:00","breadcrumb":{"@id":"https:\/\/idakorea.ee\/product\/komplekt-medi-peel-cell-toxing-dermajours-trial-kit\/#breadcrumb"},"inLanguage":"fi","potentialAction":[{"@type":"ReadAction","target":["https:\/\/idakorea.ee\/product\/komplekt-medi-peel-cell-toxing-dermajours-trial-kit\/"]}]},{"@type":"ImageObject","inLanguage":"fi","@id":"https:\/\/idakorea.ee\/product\/komplekt-medi-peel-cell-toxing-dermajours-trial-kit\/#primaryimage","url":"https:\/\/idakorea.ee\/wp-content\/uploads\/2025\/02\/cell_tox_trial_kit.jpg","contentUrl":"https:\/\/idakorea.ee\/wp-content\/uploads\/2025\/02\/cell_tox_trial_kit.jpg","width":800,"height":800},{"@type":"BreadcrumbList","@id":"https:\/\/idakorea.ee\/product\/komplekt-medi-peel-cell-toxing-dermajours-trial-kit\/#breadcrumb","itemListElement":[{"@type":"ListItem","position":1,"name":"\u0413\u043b\u0430\u0432\u043d\u0430\u044f \u0441\u0442\u0440\u0430\u043d\u0438\u0446\u0430","item":"https:\/\/idakorea.ee\/"},{"@type":"ListItem","position":2,"name":"Shop","item":"https:\/\/idakorea.ee\/shop-2\/"},{"@type":"ListItem","position":3,"name":"Komplekt Medi-Peel Cell Toxing Dermajours Trial Kit\u00a0"}]},{"@type":"WebSite","@id":"https:\/\/idakorea.ee\/#website","url":"https:\/\/idakorea.ee\/","name":"IDA.KOREA","description":"Korean kosmetiikan verkkokauppa","publisher":{"@id":"https:\/\/idakorea.ee\/#organization"},"alternateName":"Beauty Shop","potentialAction":[{"@type":"SearchAction","target":{"@type":"EntryPoint","urlTemplate":"https:\/\/idakorea.ee\/?s={search_term_string}"},"query-input":{"@type":"PropertyValueSpecification","valueRequired":true,"valueName":"search_term_string"}}],"inLanguage":"fi"},{"@type":"Organization","@id":"https:\/\/idakorea.ee\/#organization","name":"IDA.KOREA","url":"https:\/\/idakorea.ee\/","logo":{"@type":"ImageObject","inLanguage":"fi","@id":"https:\/\/idakorea.ee\/#\/schema\/logo\/image\/","url":"https:\/\/idakorea.ee\/wp-content\/uploads\/2024\/05\/cropped-korea3.png","contentUrl":"https:\/\/idakorea.ee\/wp-content\/uploads\/2024\/05\/cropped-korea3.png","width":688,"height":126,"caption":"IDA.KOREA"},"image":{"@id":"https:\/\/idakorea.ee\/#\/schema\/logo\/image\/"},"sameAs":["https:\/\/www.instagram.com\/ida.korea\/"]}]}},"jetpack_sharing_enabled":true,"brands":[{"id":107,"name":"MEDIPEEL+","slug":"medipeel"}],"_links":{"self":[{"href":"https:\/\/idakorea.ee\/fi\/wp-json\/wp\/v2\/product\/12555","targetHints":{"allow":["GET"]}}],"collection":[{"href":"https:\/\/idakorea.ee\/fi\/wp-json\/wp\/v2\/product"}],"about":[{"href":"https:\/\/idakorea.ee\/fi\/wp-json\/wp\/v2\/types\/product"}],"replies":[{"embeddable":true,"href":"https:\/\/idakorea.ee\/fi\/wp-json\/wp\/v2\/comments?post=12555"}],"version-history":[{"count":1,"href":"https:\/\/idakorea.ee\/fi\/wp-json\/wp\/v2\/product\/12555\/revisions"}],"predecessor-version":[{"id":12559,"href":"https:\/\/idakorea.ee\/fi\/wp-json\/wp\/v2\/product\/12555\/revisions\/12559"}],"wp:featuredmedia":[{"embeddable":true,"href":"https:\/\/idakorea.ee\/fi\/wp-json\/wp\/v2\/media\/12557"}],"wp:attachment":[{"href":"https:\/\/idakorea.ee\/fi\/wp-json\/wp\/v2\/media?parent=12555"}],"wp:term":[{"taxonomy":"pwb-brand","embeddable":true,"href":"https:\/\/idakorea.ee\/fi\/wp-json\/wp\/v2\/pwb-brand?post=12555"},{"taxonomy":"product_brand","embeddable":true,"href":"https:\/\/idakorea.ee\/fi\/wp-json\/wp\/v2\/product_brand?post=12555"},{"taxonomy":"product_cat","embeddable":true,"href":"https:\/\/idakorea.ee\/fi\/wp-json\/wp\/v2\/product_cat?post=12555"},{"taxonomy":"product_tag","embeddable":true,"href":"https:\/\/idakorea.ee\/fi\/wp-json\/wp\/v2\/product_tag?post=12555"}],"curies":[{"name":"wp","href":"https:\/\/api.w.org\/{rel}","templated":true}]}}