{"id":12577,"date":"2025-02-13T12:11:41","date_gmt":"2025-02-13T10:11:41","guid":{"rendered":"https:\/\/idakorea.ee\/?post_type=product&#038;p=12577"},"modified":"2026-01-30T15:12:57","modified_gmt":"2026-01-30T13:12:57","slug":"dalba-skin-fit-cover-serum-bb-cream-spf35-pa-30-g-exp-04-12-2025","status":"publish","type":"product","link":"https:\/\/idakorea.ee\/fi\/product\/dalba-skin-fit-cover-serum-bb-cream-spf35-pa-30-g-exp-04-12-2025\/","title":{"rendered":"d'Alba Skin Fit Cover Serum BB Cream SPF35 PA++, 30 g"},"content":{"rendered":"<p>T\u00e4m\u00e4 BB-voide sis\u00e4lt\u00e4\u00e4 italialaista valkoista tryffeli\u00e4, joka antaa kosteuttavan tunteen, peitt\u00e4\u00e4 luonnollisesti ihon ep\u00e4t\u00e4ydellisyydet ja luo sile\u00e4n ja s\u00e4teilev\u00e4n ihon erinomaisen tarttuvuutensa ansiosta.<\/p>\n<p>Voide sis\u00e4lt\u00e4\u00e4 tokoferolia, oliivi\u00f6ljy\u00e4, macadamia\u00f6ljy\u00e4, soija\u00f6ljy\u00e4, avokado\u00f6ljy\u00e4, kameliansiemen\u00f6ljy\u00e4, hedelm\u00e4\u00f6ljy\u00e4, emo\u00f6ljy\u00e4, auringonkukansiemen\u00f6ljy\u00e4 ja annatto\u00f6ljy\u00e4, jotka ravitsevat ihoa ja auttavat pit\u00e4m\u00e4\u00e4n sen terveen\u00e4 ja elinvoimaisena.<\/p>\n<p><strong>Tuote sis\u00e4lt\u00e4\u00e4:<\/strong><\/p>\n<p><strong>Valkoinen tryffeliuute<\/strong> \u2013 Tryffelit auttavat yll\u00e4pit\u00e4m\u00e4\u00e4n ihon kiinteytt\u00e4 ja tarjoavat t\u00e4ydellisen kosteutuksen ja ravinnon. Ne ovat runsaasti aminohappoja, jotka paitsi kiinteytt\u00e4v\u00e4t ihoa, my\u00f6s est\u00e4v\u00e4t hilseily\u00e4 ja liiallista talintuotantoa. Valkoisen tryffelin uute sopii erityisesti herk\u00e4lle, ik\u00e4\u00e4ntyv\u00e4lle tai pigmentoituneelle iholle, sill\u00e4 se auttaa v\u00e4hent\u00e4m\u00e4\u00e4n ihon ep\u00e4tasapainoa, joka voi johtua ik\u00e4\u00e4ntymisest\u00e4, hormonaalisista muutoksista tai auringon ja stressin vaikutuksista.<\/p>\n<p><strong>Niasiiniamidi (B3-vitamiini)<\/strong> \u2013 tukee kollageenikuitujen tuotantoa, lis\u00e4\u00e4 ihon kimmoisuutta, v\u00e4hent\u00e4\u00e4 ryppyjen syvyytt\u00e4 ja voimakkuutta, auttaa vaalentamaan maksal\u00e4iski\u00e4 ja aknearpia. Se my\u00f6s s\u00e4\u00e4telee talin erityst\u00e4, v\u00e4hent\u00e4\u00e4 tulehdusta ja est\u00e4\u00e4 ihon kosteuden haihtumista.<\/p>\n<p><strong>E-vitamiini (tokoferoli)<\/strong> \u2013 voimakas antioksidantti, joka hidastaa ihon ik\u00e4\u00e4ntymisprosessia sitomalla vapaita radikaaleja, joita muodostuu esimerkiksi UV-s\u00e4teilyn ja saasteiden vaikutuksesta. Tunkeutuu syv\u00e4lle ihoon, vahvistaa solujen v\u00e4list\u00e4 rakennetta (v\u00e4hent\u00e4\u00e4 TEWL:\u00e4\u00e4 eli transepidermaalista veden menetyst\u00e4) parantaen ihon kosteustasoa ja suojaavia ominaisuuksia. Auttaa ehk\u00e4isem\u00e4\u00e4n tulehdusta, vahvistaa kapillaareja ja parantaa verenkiertoa.<\/p>\n<p><strong>Aasian vesikrassiuute<\/strong> \u2013 rauhoittaa, kosteuttaa ja v\u00e4hent\u00e4\u00e4 tulehdusta. Stimuloi fibroblasteja tuottamaan kollageenia, mik\u00e4 auttaa nuorentamaan ja vahvistamaan ihoa.<\/p>\n<p><strong>Portulakan uute<\/strong> \u2013 sill\u00e4 on antibakteerisia ja tulehdusta ehk\u00e4isevi\u00e4 vaikutuksia, se rauhoittaa \u00e4rsytyst\u00e4 ja punoitusta sek\u00e4 nopeuttaa pienten haavojen paranemista.<\/p>\n<p><strong>Pantenoli (provitamiini B5)<\/strong> \u2013 rauhoittaa iho\u00e4rsytyst\u00e4, sill\u00e4 on tulehdusta ehk\u00e4isevi\u00e4 ja haavaumia parantavia vaikutuksia. T\u00e4m\u00e4 aine tunkeutuu helposti ihon syvempiin kerroksiin ja muuttuu provitamiini B5:ksi, mik\u00e4 auttaa kiihdytt\u00e4m\u00e4\u00e4n solujen uusiutumista, rauhoittaa herkk\u00e4\u00e4 ja \u00e4rtynytt\u00e4 ihoa sek\u00e4 kosteuttaa pit\u00e4en ihon pehme\u00e4n\u00e4 ja joustavana.<\/p>\n<p><strong>Tokoferyyliasetaatti<\/strong> \u2013 vakaampi tokoferolin (E-vitamiinin) muoto, jolla on voimakas antioksidanttinen vaikutus. Suojaa ihoa vapailta radikaaleilta, hidastaa ik\u00e4\u00e4ntymisprosessia ja pit\u00e4\u00e4 ihon kosteutettuna, vahvistaa solujen v\u00e4list\u00e4 rakennetta ja v\u00e4hent\u00e4\u00e4 transepidermaalista nestehukkaa. Parantaa kapillaarien ja verenkiertoa.<\/p>\n<p><strong>Adenos<\/strong> \u2013 ihoa vahvistava ja ravitseva ainesosa, joka auttaa v\u00e4hent\u00e4m\u00e4\u00e4n ik\u00e4\u00e4ntymisen merkkej\u00e4.<\/p>\n<p><strong>Bakuchiol<\/strong> \u2013 luonnollinen antimikrobinen aine, joka j\u00e4ljittelee E-vitamiinin vaikutuksia (erityisen t\u00e4rke\u00e4\u00e4 akneen taipuvaiselle iholle, jossa luonnollinen talirauhas sis\u00e4lt\u00e4\u00e4 v\u00e4hemm\u00e4n E-vitamiinia). Se my\u00f6s s\u00e4\u00e4telee rasvahappojen tasapainoa ja v\u00e4hent\u00e4\u00e4 tulehdusta.<\/p>\n<p><strong>Teepuun lehtiuute<\/strong> \u2013 sill\u00e4 on tulehdusta est\u00e4vi\u00e4 ja rauhoittavia vaikutuksia, se auttaa lievitt\u00e4m\u00e4\u00e4n seborrooista dermatiittia ja pit\u00e4\u00e4 ihon tasapainossa.<\/p>\n<p><strong>Hyaluronihappo<\/strong> \u2013 tehokkaasti kosteuttava aktiivinen ainesosa, joka auttaa yll\u00e4pit\u00e4m\u00e4\u00e4n ihon kosteustasapainoa.<\/p>\n<p><strong>Natriumhyaluronaatti<\/strong> \u2013 hyaluronihapon suolamuoto, joka imeytyy ihoon paremmin ja kosteuttaa sit\u00e4 syvemm\u00e4lle.<\/p>\n<p><strong>Hydrolysoitu hyaluronihappo<\/strong> \u2013 edist\u00e4\u00e4 aktiivisten ainesosien imeytymist\u00e4 paremmin, ehk\u00e4isee ik\u00e4\u00e4ntymist\u00e4, silottaa, rauhoittaa ja kosteuttaa ihoa.<\/p>\n<p><strong>Askorbiinihappo (C-vitamiini)<\/strong> \u2013 voimakas antioksidantti, joka suojaa vapailta radikaaleilta, kirkastaa ihon s\u00e4vy\u00e4 ja stimuloi kollageenisynteesi\u00e4, auttaen yll\u00e4pit\u00e4m\u00e4\u00e4n ihon kimmoisuutta ja nuorekkuutta.<\/p>\n<h3><\/h3>\n<p>Sopii kaikille ihotyypeille.<\/p>\n<p><strong>K\u00e4ytt\u00f6: <\/strong>Levit\u00e4 pieni m\u00e4\u00e4r\u00e4 voidetta kasvoillesi ja anna sen imeyty\u00e4 muutaman sekunnin ajan, jotta se mukautuu ihosi luonnolliseen s\u00e4vyyn ja koostumukseen.<\/p>","protected":false},"excerpt":{"rendered":"<p>T\u00e4m\u00e4 BB-voide sis\u00e4lt\u00e4\u00e4 italialaista valkoista tryffeli\u00e4, joka antaa kosteuttavan tunteen, peitt\u00e4\u00e4 luonnollisesti ihon ep\u00e4tasaisuudet ja takaa erinomaisen tarttuvuuden sile\u00e4n ja s\u00e4teilev\u00e4n ihon. Voide sis\u00e4lt\u00e4\u00e4 tokoferolia, oliivi\u00f6ljy\u00e4, makadamiap\u00e4hkin\u00e4\u00f6ljy\u00e4, soija\u00f6ljy\u00e4, avokado\u00f6ljy\u00e4, kameliansiemen\u00f6ljy\u00e4, hedelm\u00e4\u00f6ljy\u00e4, kuninkaallisen hyytel\u00f6n \u00f6ljy\u00e4, auringonkukansiemen\u00f6ljy\u00e4 ja annattosiemen\u00f6ljy\u00e4, jotka ravitsevat ihoa ja auttavat pit\u00e4m\u00e4\u00e4n sen terveen\u00e4 ja elinvoimaisena. Tuote sis\u00e4lt\u00e4\u00e4: Valkoinen tryffeliuute - tryffelit auttavat...<\/p>","protected":false},"featured_media":12578,"comment_status":"open","ping_status":"closed","template":"","meta":{"_uf_show_specific_survey":0,"_uf_disable_surveys":false,"_bst_post_transparent":"default","_bst_post_title":"","_bst_post_layout":"default","_bst_post_sidebar_id":"","_bst_post_content_style":"default","_bst_post_vertical_padding":"default","_bst_post_feature":"","_bst_post_feature_position":"","_bst_post_header":false,"_bst_post_footer":false},"pwb-brand":[105],"product_brand":[],"product_cat":[500,499],"product_tag":[794,127,568,772],"class_list":{"0":"post-12577","1":"product","2":"type-product","3":"status-publish","4":"has-post-thumbnail","6":"pwb-brand-dalba","7":"product_cat-jumestuskreemid","8":"product_cat-meik","9":"product_tag-bb","10":"product_tag-dalba","11":"product_tag-korea","12":"product_tag-truffle","14":"first","15":"outofstock","16":"sale","17":"shipping-taxable","18":"purchasable","19":"product-type-simple","20":"entry","21":"content-bg","22":"loop-entry"},"supplier_id":null,"supplier_sku":"","barcode":null,"atum_controlled":true,"out_stock_date":null,"out_stock_threshold":null,"inheritable":false,"inbound_stock":0,"stock_on_hold":0,"sold_today":0,"sales_last_days":0,"out_stock_days":0,"lost_sales":0,"has_location":false,"update_date":"2026-04-14T00:05:06","atum_locations":[],"atum_stock_status":"outofstock","restock_status":false,"low_stock_amount":"","sales_update_date":"2026-04-14T00:05:06","calc_backorders":null,"yoast_head":"<!-- This site is optimized with the Yoast SEO plugin v27.2 - https:\/\/yoast.com\/product\/yoast-seo-wordpress\/ -->\n<title>d&#039;Alba Skin Fit Cover Serum BB Cream SPF35 PA++, 30 g - IDA.KOREA<\/title>\n<meta name=\"robots\" content=\"index, follow, max-snippet:-1, max-image-preview:large, max-video-preview:-1\" \/>\n<link rel=\"canonical\" href=\"https:\/\/idakorea.ee\/fi\/product\/dalba-skin-fit-cover-serum-bb-cream-spf35-pa-30-g-exp-04-12-2025\/\" \/>\n<meta property=\"og:locale\" content=\"fi_FI\" \/>\n<meta property=\"og:type\" content=\"article\" \/>\n<meta property=\"og:title\" content=\"d&#039;Alba Skin Fit Cover Serum BB Cream SPF35 PA++, 30 g - IDA.KOREA\" \/>\n<meta property=\"og:description\" content=\"See BB-kreem sisaldab Itaalia valget tr\u00fchvlit, mis tagab niisutustunde, katab loomulikult naha ebatasasused ja t\u00e4nu suurep\u00e4rasele nakkumisv\u00f5imele loob sileda ning s\u00e4rava jume. Kreemis sisalduvad tokoferool, oliivi\u00f5li, makadaamiap\u00e4hkli\u00f5li, soja\u00f5li, avokaado\u00f5li, kameelia seemne\u00f5li, puuvilja\u00f5li, kuningakepi\u00f5li, p\u00e4evalilleseemne\u00f5li ja annato seemne\u00f5li, mis toidavad nahka ning aitavad hoida seda tervena ja eluj\u00f5ulisena. Toode sisaldab: Valge tr\u00fchvli ekstrakti \u2013 tr\u00fchvlid aitavad...\" \/>\n<meta property=\"og:url\" content=\"https:\/\/idakorea.ee\/fi\/product\/dalba-skin-fit-cover-serum-bb-cream-spf35-pa-30-g-exp-04-12-2025\/\" \/>\n<meta property=\"og:site_name\" content=\"IDA.KOREA\" \/>\n<meta property=\"article:modified_time\" content=\"2026-01-30T13:12:57+00:00\" \/>\n<meta property=\"og:image\" content=\"https:\/\/idakorea.ee\/wp-content\/uploads\/2025\/02\/dalba_500070-650x650-1.jpg\" \/>\n\t<meta property=\"og:image:width\" content=\"650\" \/>\n\t<meta property=\"og:image:height\" content=\"650\" \/>\n\t<meta property=\"og:image:type\" content=\"image\/jpeg\" \/>\n<meta name=\"twitter:card\" content=\"summary_large_image\" \/>\n<meta name=\"twitter:label1\" content=\"Arvioitu lukuaika\" \/>\n\t<meta name=\"twitter:data1\" content=\"3 minuuttia\" \/>\n<script type=\"application\/ld+json\" class=\"yoast-schema-graph\">{\"@context\":\"https:\/\/schema.org\",\"@graph\":[{\"@type\":\"WebPage\",\"@id\":\"https:\/\/idakorea.ee\/product\/dalba-skin-fit-cover-serum-bb-cream-spf35-pa-30-g-exp-04-12-2025\/\",\"url\":\"https:\/\/idakorea.ee\/product\/dalba-skin-fit-cover-serum-bb-cream-spf35-pa-30-g-exp-04-12-2025\/\",\"name\":\"d'Alba Skin Fit Cover Serum BB Cream SPF35 PA++, 30 g - IDA.KOREA\",\"isPartOf\":{\"@id\":\"https:\/\/idakorea.ee\/#website\"},\"primaryImageOfPage\":{\"@id\":\"https:\/\/idakorea.ee\/product\/dalba-skin-fit-cover-serum-bb-cream-spf35-pa-30-g-exp-04-12-2025\/#primaryimage\"},\"image\":{\"@id\":\"https:\/\/idakorea.ee\/product\/dalba-skin-fit-cover-serum-bb-cream-spf35-pa-30-g-exp-04-12-2025\/#primaryimage\"},\"thumbnailUrl\":\"https:\/\/idakorea.ee\/wp-content\/uploads\/2025\/02\/dalba_500070-650x650-1.jpg\",\"datePublished\":\"2025-02-13T10:11:41+00:00\",\"dateModified\":\"2026-01-30T13:12:57+00:00\",\"breadcrumb\":{\"@id\":\"https:\/\/idakorea.ee\/product\/dalba-skin-fit-cover-serum-bb-cream-spf35-pa-30-g-exp-04-12-2025\/#breadcrumb\"},\"inLanguage\":\"fi\",\"potentialAction\":[{\"@type\":\"ReadAction\",\"target\":[\"https:\/\/idakorea.ee\/product\/dalba-skin-fit-cover-serum-bb-cream-spf35-pa-30-g-exp-04-12-2025\/\"]}]},{\"@type\":\"ImageObject\",\"inLanguage\":\"fi\",\"@id\":\"https:\/\/idakorea.ee\/product\/dalba-skin-fit-cover-serum-bb-cream-spf35-pa-30-g-exp-04-12-2025\/#primaryimage\",\"url\":\"https:\/\/idakorea.ee\/wp-content\/uploads\/2025\/02\/dalba_500070-650x650-1.jpg\",\"contentUrl\":\"https:\/\/idakorea.ee\/wp-content\/uploads\/2025\/02\/dalba_500070-650x650-1.jpg\",\"width\":650,\"height\":650},{\"@type\":\"BreadcrumbList\",\"@id\":\"https:\/\/idakorea.ee\/product\/dalba-skin-fit-cover-serum-bb-cream-spf35-pa-30-g-exp-04-12-2025\/#breadcrumb\",\"itemListElement\":[{\"@type\":\"ListItem\",\"position\":1,\"name\":\"\u0413\u043b\u0430\u0432\u043d\u0430\u044f \u0441\u0442\u0440\u0430\u043d\u0438\u0446\u0430\",\"item\":\"https:\/\/idakorea.ee\/\"},{\"@type\":\"ListItem\",\"position\":2,\"name\":\"Shop\",\"item\":\"https:\/\/idakorea.ee\/shop-2\/\"},{\"@type\":\"ListItem\",\"position\":3,\"name\":\"d&#8217;Alba Skin Fit Cover Serum BB Cream SPF35 PA++, 30 g\"}]},{\"@type\":\"WebSite\",\"@id\":\"https:\/\/idakorea.ee\/#website\",\"url\":\"https:\/\/idakorea.ee\/\",\"name\":\"IDA.KOREA\",\"description\":\"Korea kosmeetika e-pood\",\"publisher\":{\"@id\":\"https:\/\/idakorea.ee\/#organization\"},\"alternateName\":\"Beauty Shop\",\"potentialAction\":[{\"@type\":\"SearchAction\",\"target\":{\"@type\":\"EntryPoint\",\"urlTemplate\":\"https:\/\/idakorea.ee\/?s={search_term_string}\"},\"query-input\":{\"@type\":\"PropertyValueSpecification\",\"valueRequired\":true,\"valueName\":\"search_term_string\"}}],\"inLanguage\":\"fi\"},{\"@type\":\"Organization\",\"@id\":\"https:\/\/idakorea.ee\/#organization\",\"name\":\"IDA.KOREA\",\"url\":\"https:\/\/idakorea.ee\/\",\"logo\":{\"@type\":\"ImageObject\",\"inLanguage\":\"fi\",\"@id\":\"https:\/\/idakorea.ee\/#\/schema\/logo\/image\/\",\"url\":\"https:\/\/idakorea.ee\/wp-content\/uploads\/2024\/05\/cropped-korea3.png\",\"contentUrl\":\"https:\/\/idakorea.ee\/wp-content\/uploads\/2024\/05\/cropped-korea3.png\",\"width\":688,\"height\":126,\"caption\":\"IDA.KOREA\"},\"image\":{\"@id\":\"https:\/\/idakorea.ee\/#\/schema\/logo\/image\/\"},\"sameAs\":[\"https:\/\/www.instagram.com\/ida.korea\/\"]}]}<\/script>\n<!-- \/ Yoast SEO plugin. -->","yoast_head_json":{"title":"d&#039;Alba Skin Fit Cover Serum BB Cream SPF35 PA++, 30 g - IDA.KOREA","robots":{"index":"index","follow":"follow","max-snippet":"max-snippet:-1","max-image-preview":"max-image-preview:large","max-video-preview":"max-video-preview:-1"},"canonical":"https:\/\/idakorea.ee\/fi\/product\/dalba-skin-fit-cover-serum-bb-cream-spf35-pa-30-g-exp-04-12-2025\/","og_locale":"fi_FI","og_type":"article","og_title":"d'Alba Skin Fit Cover Serum BB Cream SPF35 PA++, 30 g - IDA.KOREA","og_description":"See BB-kreem sisaldab Itaalia valget tr\u00fchvlit, mis tagab niisutustunde, katab loomulikult naha ebatasasused ja t\u00e4nu suurep\u00e4rasele nakkumisv\u00f5imele loob sileda ning s\u00e4rava jume. Kreemis sisalduvad tokoferool, oliivi\u00f5li, makadaamiap\u00e4hkli\u00f5li, soja\u00f5li, avokaado\u00f5li, kameelia seemne\u00f5li, puuvilja\u00f5li, kuningakepi\u00f5li, p\u00e4evalilleseemne\u00f5li ja annato seemne\u00f5li, mis toidavad nahka ning aitavad hoida seda tervena ja eluj\u00f5ulisena. Toode sisaldab: Valge tr\u00fchvli ekstrakti \u2013 tr\u00fchvlid aitavad...","og_url":"https:\/\/idakorea.ee\/fi\/product\/dalba-skin-fit-cover-serum-bb-cream-spf35-pa-30-g-exp-04-12-2025\/","og_site_name":"IDA.KOREA","article_modified_time":"2026-01-30T13:12:57+00:00","og_image":[{"width":650,"height":650,"url":"https:\/\/idakorea.ee\/wp-content\/uploads\/2025\/02\/dalba_500070-650x650-1.jpg","type":"image\/jpeg"}],"twitter_card":"summary_large_image","twitter_misc":{"Arvioitu lukuaika":"3 minuuttia"},"schema":{"@context":"https:\/\/schema.org","@graph":[{"@type":"WebPage","@id":"https:\/\/idakorea.ee\/product\/dalba-skin-fit-cover-serum-bb-cream-spf35-pa-30-g-exp-04-12-2025\/","url":"https:\/\/idakorea.ee\/product\/dalba-skin-fit-cover-serum-bb-cream-spf35-pa-30-g-exp-04-12-2025\/","name":"d&#039;Alba Skin Fit Cover Serum BB Cream SPF35 PA++, 30 g - IDA.KOREA","isPartOf":{"@id":"https:\/\/idakorea.ee\/#website"},"primaryImageOfPage":{"@id":"https:\/\/idakorea.ee\/product\/dalba-skin-fit-cover-serum-bb-cream-spf35-pa-30-g-exp-04-12-2025\/#primaryimage"},"image":{"@id":"https:\/\/idakorea.ee\/product\/dalba-skin-fit-cover-serum-bb-cream-spf35-pa-30-g-exp-04-12-2025\/#primaryimage"},"thumbnailUrl":"https:\/\/idakorea.ee\/wp-content\/uploads\/2025\/02\/dalba_500070-650x650-1.jpg","datePublished":"2025-02-13T10:11:41+00:00","dateModified":"2026-01-30T13:12:57+00:00","breadcrumb":{"@id":"https:\/\/idakorea.ee\/product\/dalba-skin-fit-cover-serum-bb-cream-spf35-pa-30-g-exp-04-12-2025\/#breadcrumb"},"inLanguage":"fi","potentialAction":[{"@type":"ReadAction","target":["https:\/\/idakorea.ee\/product\/dalba-skin-fit-cover-serum-bb-cream-spf35-pa-30-g-exp-04-12-2025\/"]}]},{"@type":"ImageObject","inLanguage":"fi","@id":"https:\/\/idakorea.ee\/product\/dalba-skin-fit-cover-serum-bb-cream-spf35-pa-30-g-exp-04-12-2025\/#primaryimage","url":"https:\/\/idakorea.ee\/wp-content\/uploads\/2025\/02\/dalba_500070-650x650-1.jpg","contentUrl":"https:\/\/idakorea.ee\/wp-content\/uploads\/2025\/02\/dalba_500070-650x650-1.jpg","width":650,"height":650},{"@type":"BreadcrumbList","@id":"https:\/\/idakorea.ee\/product\/dalba-skin-fit-cover-serum-bb-cream-spf35-pa-30-g-exp-04-12-2025\/#breadcrumb","itemListElement":[{"@type":"ListItem","position":1,"name":"\u0413\u043b\u0430\u0432\u043d\u0430\u044f \u0441\u0442\u0440\u0430\u043d\u0438\u0446\u0430","item":"https:\/\/idakorea.ee\/"},{"@type":"ListItem","position":2,"name":"Shop","item":"https:\/\/idakorea.ee\/shop-2\/"},{"@type":"ListItem","position":3,"name":"d&#8217;Alba Skin Fit Cover Serum BB Cream SPF35 PA++, 30 g"}]},{"@type":"WebSite","@id":"https:\/\/idakorea.ee\/#website","url":"https:\/\/idakorea.ee\/","name":"IDA.KOREA","description":"Korean kosmetiikan verkkokauppa","publisher":{"@id":"https:\/\/idakorea.ee\/#organization"},"alternateName":"Beauty Shop","potentialAction":[{"@type":"SearchAction","target":{"@type":"EntryPoint","urlTemplate":"https:\/\/idakorea.ee\/?s={search_term_string}"},"query-input":{"@type":"PropertyValueSpecification","valueRequired":true,"valueName":"search_term_string"}}],"inLanguage":"fi"},{"@type":"Organization","@id":"https:\/\/idakorea.ee\/#organization","name":"IDA.KOREA","url":"https:\/\/idakorea.ee\/","logo":{"@type":"ImageObject","inLanguage":"fi","@id":"https:\/\/idakorea.ee\/#\/schema\/logo\/image\/","url":"https:\/\/idakorea.ee\/wp-content\/uploads\/2024\/05\/cropped-korea3.png","contentUrl":"https:\/\/idakorea.ee\/wp-content\/uploads\/2024\/05\/cropped-korea3.png","width":688,"height":126,"caption":"IDA.KOREA"},"image":{"@id":"https:\/\/idakorea.ee\/#\/schema\/logo\/image\/"},"sameAs":["https:\/\/www.instagram.com\/ida.korea\/"]}]}},"jetpack_sharing_enabled":true,"brands":[{"id":105,"name":"d'ALBA","slug":"dalba"}],"_links":{"self":[{"href":"https:\/\/idakorea.ee\/fi\/wp-json\/wp\/v2\/product\/12577","targetHints":{"allow":["GET"]}}],"collection":[{"href":"https:\/\/idakorea.ee\/fi\/wp-json\/wp\/v2\/product"}],"about":[{"href":"https:\/\/idakorea.ee\/fi\/wp-json\/wp\/v2\/types\/product"}],"replies":[{"embeddable":true,"href":"https:\/\/idakorea.ee\/fi\/wp-json\/wp\/v2\/comments?post=12577"}],"version-history":[{"count":3,"href":"https:\/\/idakorea.ee\/fi\/wp-json\/wp\/v2\/product\/12577\/revisions"}],"predecessor-version":[{"id":13516,"href":"https:\/\/idakorea.ee\/fi\/wp-json\/wp\/v2\/product\/12577\/revisions\/13516"}],"wp:featuredmedia":[{"embeddable":true,"href":"https:\/\/idakorea.ee\/fi\/wp-json\/wp\/v2\/media\/12578"}],"wp:attachment":[{"href":"https:\/\/idakorea.ee\/fi\/wp-json\/wp\/v2\/media?parent=12577"}],"wp:term":[{"taxonomy":"pwb-brand","embeddable":true,"href":"https:\/\/idakorea.ee\/fi\/wp-json\/wp\/v2\/pwb-brand?post=12577"},{"taxonomy":"product_brand","embeddable":true,"href":"https:\/\/idakorea.ee\/fi\/wp-json\/wp\/v2\/product_brand?post=12577"},{"taxonomy":"product_cat","embeddable":true,"href":"https:\/\/idakorea.ee\/fi\/wp-json\/wp\/v2\/product_cat?post=12577"},{"taxonomy":"product_tag","embeddable":true,"href":"https:\/\/idakorea.ee\/fi\/wp-json\/wp\/v2\/product_tag?post=12577"}],"curies":[{"name":"wp","href":"https:\/\/api.w.org\/{rel}","templated":true}]}}