{"id":12692,"date":"2025-02-18T10:52:34","date_gmt":"2025-02-18T08:52:34","guid":{"rendered":"https:\/\/idakorea.ee\/?post_type=product&#038;p=12692"},"modified":"2026-04-09T14:43:17","modified_gmt":"2026-04-09T12:43:17","slug":"pinguldav-ja-tostev-peptiidiessents-vt-reedle-shot-facial-lifting-peptide-essence","status":"publish","type":"product","link":"https:\/\/idakorea.ee\/fi\/product\/pinguldav-ja-tostev-peptiidiessents-vt-reedle-shot-facial-lifting-peptide-essence\/","title":{"rendered":"Kiinteytt\u00e4v\u00e4 ja kohottava peptidiuute VT Reedle Shot Facial Lifting Peptide Essence -kasvojen kohottava peptidiuute"},"content":{"rendered":"<p><strong>KATSO Reedle Shot -kasvojen kiinteytt\u00e4v\u00e4 peptidiesanssi<\/strong> on suunniteltu vahvistamaan ja kiinteytt\u00e4m\u00e4\u00e4n ihoa peptidien ja innovatiivisen mikroneulateknologian avulla. Essenssi auttaa parantamaan ihon kimmoisuutta, silottamaan hienoja ryppyj\u00e4 ja kiinteytt\u00e4m\u00e4\u00e4n veltostunutta ihoa, tehden siit\u00e4 kiinte\u00e4mm\u00e4n ja nuorekkaamman n\u00e4k\u00f6isen.<\/p>\n<p><strong>3 t\u00e4rkeint\u00e4 hy\u00f6ty\u00e4:<\/strong><\/p>\n<p><strong>Kiinteytt\u00e4\u00e4 ja kohottaa ihoa<\/strong> \u2013 peptidit stimuloivat kollageenin tuotantoa, parantaen ihon kimmoisuutta ja kiinteytt\u00e4.<br \/>\n<strong>Silottaa hienoja juonteita ja ryppyj\u00e4<\/strong> \u2013 v\u00e4hent\u00e4\u00e4 ik\u00e4\u00e4ntymisen merkkej\u00e4 ja tekee ihosta sile\u00e4mm\u00e4n ja nuorekkaamman.<br \/>\n<strong>Mikroneulatekniikka<\/strong> \u2013 edist\u00e4\u00e4 vaikuttavien aineiden syvemp\u00e4\u00e4 imeytymist\u00e4, mik\u00e4 varmistaa paremmat tulokset.<\/p>\n<p>&nbsp;<\/p>\n<p>Sopii kaikille ihotyypeille, erityisesti ik\u00e4\u00e4ntyv\u00e4lle ja kyps\u00e4lle iholle.<\/p>\n<p><strong>K\u00e4ytt\u00f6: <\/strong>Ennen seerumin ja kosteusvoiteen levitt\u00e4mist\u00e4, py\u00f6rittele ampullia varovasti k\u00e4sien v\u00e4liss\u00e4 sekoittaaksesi ainesosat. Avaa ampulli ja levit\u00e4 voide tasaisesti kasvoillesi. Taputtele hell\u00e4varaisesti ihoon, kunnes tuote on t\u00e4ysin imeytynyt.<\/p>\n<p>&nbsp;<\/p>\n<p>&nbsp;<\/p>","protected":false},"excerpt":{"rendered":"<p>VT Reedle Shot Facial Lifting Peptide Essence on suunniteltu vahvistamaan ja kohottamaan ihoa peptidien ja innovatiivisen mikroneulontateknologian avulla. Eteesi auttaa parantamaan ihon kimmoisuutta, tasoittamaan hienoja ryppyj\u00e4 ja kirist\u00e4m\u00e4\u00e4n veltostunutta ihoa tehden siit\u00e4 t\u00e4ytel\u00e4isemm\u00e4n ja nuorekkaamman. 3 keskeist\u00e4 etua. Kollageeni edist\u00e4\u00e4 solujen kimmoisuutta ja...<\/p>","protected":false},"featured_media":12693,"comment_status":"open","ping_status":"closed","template":"","meta":{"_uf_show_specific_survey":0,"_uf_disable_surveys":false,"_bst_post_transparent":"default","_bst_post_title":"","_bst_post_layout":"default","_bst_post_sidebar_id":"","_bst_post_content_style":"default","_bst_post_vertical_padding":"default","_bst_post_feature":"","_bst_post_feature_position":"","_bst_post_header":false,"_bst_post_footer":false},"pwb-brand":[493],"product_brand":[],"product_cat":[92,97],"product_tag":[],"class_list":{"0":"post-12692","1":"product","2":"type-product","3":"status-publish","4":"has-post-thumbnail","6":"pwb-brand-vt","7":"product_cat-nagu","8":"product_cat-naoseerumid-ja-olid","10":"first","11":"instock","12":"sale","13":"shipping-taxable","14":"purchasable","15":"product-type-variable","16":"has-default-attributes","17":"entry","18":"content-bg","19":"loop-entry"},"supplier_id":null,"supplier_sku":"","barcode":null,"atum_controlled":true,"out_stock_date":null,"out_stock_threshold":null,"inheritable":true,"inbound_stock":0,"stock_on_hold":0,"sold_today":0,"sales_last_days":2,"out_stock_days":0,"lost_sales":0,"has_location":false,"update_date":"2026-04-14T00:05:13","atum_locations":[],"atum_stock_status":"instock","restock_status":false,"low_stock_amount":"","sales_update_date":"2026-04-14T00:05:13","calc_backorders":null,"yoast_head":"<!-- This site is optimized with the Yoast SEO plugin v27.2 - https:\/\/yoast.com\/product\/yoast-seo-wordpress\/ -->\n<title>VT Reedle Shot Facial Lifting Peptide Essence - IDA.KOREA<\/title>\n<meta name=\"description\" content=\"VT Reedle Shot Facial Lifting Peptide Essence on loodud naha tugevdamiseks ja t\u00f5stmiseks, kasutades peptiide ning innovaatilist mikro-n\u00f5eltehnoloogiat.\" \/>\n<meta name=\"robots\" content=\"index, follow, max-snippet:-1, max-image-preview:large, max-video-preview:-1\" \/>\n<link rel=\"canonical\" href=\"https:\/\/idakorea.ee\/fi\/product\/pinguldav-ja-tostev-peptiidiessents-vt-reedle-shot-facial-lifting-peptide-essence\/\" \/>\n<meta property=\"og:locale\" content=\"fi_FI\" \/>\n<meta property=\"og:type\" content=\"article\" \/>\n<meta property=\"og:title\" content=\"VT Reedle Shot Facial Lifting Peptide Essence - IDA.KOREA\" \/>\n<meta property=\"og:description\" content=\"VT Reedle Shot Facial Lifting Peptide Essence on loodud naha tugevdamiseks ja t\u00f5stmiseks, kasutades peptiide ning innovaatilist mikro-n\u00f5eltehnoloogiat.\" \/>\n<meta property=\"og:url\" content=\"https:\/\/idakorea.ee\/fi\/product\/pinguldav-ja-tostev-peptiidiessents-vt-reedle-shot-facial-lifting-peptide-essence\/\" \/>\n<meta property=\"og:site_name\" content=\"IDA.KOREA\" \/>\n<meta property=\"article:modified_time\" content=\"2026-04-09T12:43:17+00:00\" \/>\n<meta property=\"og:image\" content=\"https:\/\/idakorea.ee\/wp-content\/uploads\/2025\/02\/dfdgvtcosmeticsreedle.jpg\" \/>\n\t<meta property=\"og:image:width\" content=\"801\" \/>\n\t<meta property=\"og:image:height\" content=\"801\" \/>\n\t<meta property=\"og:image:type\" content=\"image\/jpeg\" \/>\n<meta name=\"twitter:card\" content=\"summary_large_image\" \/>\n<meta name=\"twitter:label1\" content=\"Arvioitu lukuaika\" \/>\n\t<meta name=\"twitter:data1\" content=\"1 minuutti\" \/>\n<script type=\"application\/ld+json\" class=\"yoast-schema-graph\">{\"@context\":\"https:\/\/schema.org\",\"@graph\":[{\"@type\":\"WebPage\",\"@id\":\"https:\/\/idakorea.ee\/product\/pinguldav-ja-tostev-peptiidiessents-vt-reedle-shot-facial-lifting-peptide-essence\/\",\"url\":\"https:\/\/idakorea.ee\/product\/pinguldav-ja-tostev-peptiidiessents-vt-reedle-shot-facial-lifting-peptide-essence\/\",\"name\":\"VT Reedle Shot Facial Lifting Peptide Essence - IDA.KOREA\",\"isPartOf\":{\"@id\":\"https:\/\/idakorea.ee\/#website\"},\"primaryImageOfPage\":{\"@id\":\"https:\/\/idakorea.ee\/product\/pinguldav-ja-tostev-peptiidiessents-vt-reedle-shot-facial-lifting-peptide-essence\/#primaryimage\"},\"image\":{\"@id\":\"https:\/\/idakorea.ee\/product\/pinguldav-ja-tostev-peptiidiessents-vt-reedle-shot-facial-lifting-peptide-essence\/#primaryimage\"},\"thumbnailUrl\":\"https:\/\/idakorea.ee\/wp-content\/uploads\/2025\/02\/dfdgvtcosmeticsreedle.jpg\",\"datePublished\":\"2025-02-18T08:52:34+00:00\",\"dateModified\":\"2026-04-09T12:43:17+00:00\",\"description\":\"VT Reedle Shot Facial Lifting Peptide Essence on loodud naha tugevdamiseks ja t\u00f5stmiseks, kasutades peptiide ning innovaatilist mikro-n\u00f5eltehnoloogiat.\",\"breadcrumb\":{\"@id\":\"https:\/\/idakorea.ee\/product\/pinguldav-ja-tostev-peptiidiessents-vt-reedle-shot-facial-lifting-peptide-essence\/#breadcrumb\"},\"inLanguage\":\"fi\",\"potentialAction\":[{\"@type\":\"ReadAction\",\"target\":[\"https:\/\/idakorea.ee\/product\/pinguldav-ja-tostev-peptiidiessents-vt-reedle-shot-facial-lifting-peptide-essence\/\"]}]},{\"@type\":\"ImageObject\",\"inLanguage\":\"fi\",\"@id\":\"https:\/\/idakorea.ee\/product\/pinguldav-ja-tostev-peptiidiessents-vt-reedle-shot-facial-lifting-peptide-essence\/#primaryimage\",\"url\":\"https:\/\/idakorea.ee\/wp-content\/uploads\/2025\/02\/dfdgvtcosmeticsreedle.jpg\",\"contentUrl\":\"https:\/\/idakorea.ee\/wp-content\/uploads\/2025\/02\/dfdgvtcosmeticsreedle.jpg\",\"width\":801,\"height\":801},{\"@type\":\"BreadcrumbList\",\"@id\":\"https:\/\/idakorea.ee\/product\/pinguldav-ja-tostev-peptiidiessents-vt-reedle-shot-facial-lifting-peptide-essence\/#breadcrumb\",\"itemListElement\":[{\"@type\":\"ListItem\",\"position\":1,\"name\":\"\u0413\u043b\u0430\u0432\u043d\u0430\u044f \u0441\u0442\u0440\u0430\u043d\u0438\u0446\u0430\",\"item\":\"https:\/\/idakorea.ee\/\"},{\"@type\":\"ListItem\",\"position\":2,\"name\":\"Shop\",\"item\":\"https:\/\/idakorea.ee\/shop-2\/\"},{\"@type\":\"ListItem\",\"position\":3,\"name\":\"Pinguldav ja t\u00f5stev peptiidiessents VT Reedle Shot Facial Lifting Peptide Essence\"}]},{\"@type\":\"WebSite\",\"@id\":\"https:\/\/idakorea.ee\/#website\",\"url\":\"https:\/\/idakorea.ee\/\",\"name\":\"IDA.KOREA\",\"description\":\"Korea kosmeetika e-pood\",\"publisher\":{\"@id\":\"https:\/\/idakorea.ee\/#organization\"},\"alternateName\":\"Beauty Shop\",\"potentialAction\":[{\"@type\":\"SearchAction\",\"target\":{\"@type\":\"EntryPoint\",\"urlTemplate\":\"https:\/\/idakorea.ee\/?s={search_term_string}\"},\"query-input\":{\"@type\":\"PropertyValueSpecification\",\"valueRequired\":true,\"valueName\":\"search_term_string\"}}],\"inLanguage\":\"fi\"},{\"@type\":\"Organization\",\"@id\":\"https:\/\/idakorea.ee\/#organization\",\"name\":\"IDA.KOREA\",\"url\":\"https:\/\/idakorea.ee\/\",\"logo\":{\"@type\":\"ImageObject\",\"inLanguage\":\"fi\",\"@id\":\"https:\/\/idakorea.ee\/#\/schema\/logo\/image\/\",\"url\":\"https:\/\/idakorea.ee\/wp-content\/uploads\/2024\/05\/cropped-korea3.png\",\"contentUrl\":\"https:\/\/idakorea.ee\/wp-content\/uploads\/2024\/05\/cropped-korea3.png\",\"width\":688,\"height\":126,\"caption\":\"IDA.KOREA\"},\"image\":{\"@id\":\"https:\/\/idakorea.ee\/#\/schema\/logo\/image\/\"},\"sameAs\":[\"https:\/\/www.instagram.com\/ida.korea\/\"]}]}<\/script>\n<!-- \/ Yoast SEO plugin. -->","yoast_head_json":{"title":"KATSO Reedle Shot -kasvojen kiinteytt\u00e4v\u00e4 peptidiesanssi - IDA.KOREA","description":"VT Reedle Shot Facial Lifting Peptide Essence on suunniteltu vahvistamaan ja kiinteytt\u00e4m\u00e4\u00e4n ihoa peptidien ja innovatiivisen mikroneulateknologian avulla.","robots":{"index":"index","follow":"follow","max-snippet":"max-snippet:-1","max-image-preview":"max-image-preview:large","max-video-preview":"max-video-preview:-1"},"canonical":"https:\/\/idakorea.ee\/fi\/product\/pinguldav-ja-tostev-peptiidiessents-vt-reedle-shot-facial-lifting-peptide-essence\/","og_locale":"fi_FI","og_type":"article","og_title":"VT Reedle Shot Facial Lifting Peptide Essence - IDA.KOREA","og_description":"VT Reedle Shot Facial Lifting Peptide Essence on loodud naha tugevdamiseks ja t\u00f5stmiseks, kasutades peptiide ning innovaatilist mikro-n\u00f5eltehnoloogiat.","og_url":"https:\/\/idakorea.ee\/fi\/product\/pinguldav-ja-tostev-peptiidiessents-vt-reedle-shot-facial-lifting-peptide-essence\/","og_site_name":"IDA.KOREA","article_modified_time":"2026-04-09T12:43:17+00:00","og_image":[{"width":801,"height":801,"url":"https:\/\/idakorea.ee\/wp-content\/uploads\/2025\/02\/dfdgvtcosmeticsreedle.jpg","type":"image\/jpeg"}],"twitter_card":"summary_large_image","twitter_misc":{"Arvioitu lukuaika":"1 minuutti"},"schema":{"@context":"https:\/\/schema.org","@graph":[{"@type":"WebPage","@id":"https:\/\/idakorea.ee\/product\/pinguldav-ja-tostev-peptiidiessents-vt-reedle-shot-facial-lifting-peptide-essence\/","url":"https:\/\/idakorea.ee\/product\/pinguldav-ja-tostev-peptiidiessents-vt-reedle-shot-facial-lifting-peptide-essence\/","name":"KATSO Reedle Shot -kasvojen kiinteytt\u00e4v\u00e4 peptidiesanssi - IDA.KOREA","isPartOf":{"@id":"https:\/\/idakorea.ee\/#website"},"primaryImageOfPage":{"@id":"https:\/\/idakorea.ee\/product\/pinguldav-ja-tostev-peptiidiessents-vt-reedle-shot-facial-lifting-peptide-essence\/#primaryimage"},"image":{"@id":"https:\/\/idakorea.ee\/product\/pinguldav-ja-tostev-peptiidiessents-vt-reedle-shot-facial-lifting-peptide-essence\/#primaryimage"},"thumbnailUrl":"https:\/\/idakorea.ee\/wp-content\/uploads\/2025\/02\/dfdgvtcosmeticsreedle.jpg","datePublished":"2025-02-18T08:52:34+00:00","dateModified":"2026-04-09T12:43:17+00:00","description":"VT Reedle Shot Facial Lifting Peptide Essence on suunniteltu vahvistamaan ja kiinteytt\u00e4m\u00e4\u00e4n ihoa peptidien ja innovatiivisen mikroneulateknologian avulla.","breadcrumb":{"@id":"https:\/\/idakorea.ee\/product\/pinguldav-ja-tostev-peptiidiessents-vt-reedle-shot-facial-lifting-peptide-essence\/#breadcrumb"},"inLanguage":"fi","potentialAction":[{"@type":"ReadAction","target":["https:\/\/idakorea.ee\/product\/pinguldav-ja-tostev-peptiidiessents-vt-reedle-shot-facial-lifting-peptide-essence\/"]}]},{"@type":"ImageObject","inLanguage":"fi","@id":"https:\/\/idakorea.ee\/product\/pinguldav-ja-tostev-peptiidiessents-vt-reedle-shot-facial-lifting-peptide-essence\/#primaryimage","url":"https:\/\/idakorea.ee\/wp-content\/uploads\/2025\/02\/dfdgvtcosmeticsreedle.jpg","contentUrl":"https:\/\/idakorea.ee\/wp-content\/uploads\/2025\/02\/dfdgvtcosmeticsreedle.jpg","width":801,"height":801},{"@type":"BreadcrumbList","@id":"https:\/\/idakorea.ee\/product\/pinguldav-ja-tostev-peptiidiessents-vt-reedle-shot-facial-lifting-peptide-essence\/#breadcrumb","itemListElement":[{"@type":"ListItem","position":1,"name":"\u0413\u043b\u0430\u0432\u043d\u0430\u044f \u0441\u0442\u0440\u0430\u043d\u0438\u0446\u0430","item":"https:\/\/idakorea.ee\/"},{"@type":"ListItem","position":2,"name":"Shop","item":"https:\/\/idakorea.ee\/shop-2\/"},{"@type":"ListItem","position":3,"name":"Pinguldav ja t\u00f5stev peptiidiessents VT Reedle Shot Facial Lifting Peptide Essence"}]},{"@type":"WebSite","@id":"https:\/\/idakorea.ee\/#website","url":"https:\/\/idakorea.ee\/","name":"IDA.KOREA","description":"Korean kosmetiikan verkkokauppa","publisher":{"@id":"https:\/\/idakorea.ee\/#organization"},"alternateName":"Beauty Shop","potentialAction":[{"@type":"SearchAction","target":{"@type":"EntryPoint","urlTemplate":"https:\/\/idakorea.ee\/?s={search_term_string}"},"query-input":{"@type":"PropertyValueSpecification","valueRequired":true,"valueName":"search_term_string"}}],"inLanguage":"fi"},{"@type":"Organization","@id":"https:\/\/idakorea.ee\/#organization","name":"IDA.KOREA","url":"https:\/\/idakorea.ee\/","logo":{"@type":"ImageObject","inLanguage":"fi","@id":"https:\/\/idakorea.ee\/#\/schema\/logo\/image\/","url":"https:\/\/idakorea.ee\/wp-content\/uploads\/2024\/05\/cropped-korea3.png","contentUrl":"https:\/\/idakorea.ee\/wp-content\/uploads\/2024\/05\/cropped-korea3.png","width":688,"height":126,"caption":"IDA.KOREA"},"image":{"@id":"https:\/\/idakorea.ee\/#\/schema\/logo\/image\/"},"sameAs":["https:\/\/www.instagram.com\/ida.korea\/"]}]}},"jetpack_sharing_enabled":true,"brands":[{"id":493,"name":"VT COSMETICS","slug":"vt"}],"_links":{"self":[{"href":"https:\/\/idakorea.ee\/fi\/wp-json\/wp\/v2\/product\/12692","targetHints":{"allow":["GET"]}}],"collection":[{"href":"https:\/\/idakorea.ee\/fi\/wp-json\/wp\/v2\/product"}],"about":[{"href":"https:\/\/idakorea.ee\/fi\/wp-json\/wp\/v2\/types\/product"}],"replies":[{"embeddable":true,"href":"https:\/\/idakorea.ee\/fi\/wp-json\/wp\/v2\/comments?post=12692"}],"version-history":[{"count":2,"href":"https:\/\/idakorea.ee\/fi\/wp-json\/wp\/v2\/product\/12692\/revisions"}],"predecessor-version":[{"id":12894,"href":"https:\/\/idakorea.ee\/fi\/wp-json\/wp\/v2\/product\/12692\/revisions\/12894"}],"wp:featuredmedia":[{"embeddable":true,"href":"https:\/\/idakorea.ee\/fi\/wp-json\/wp\/v2\/media\/12693"}],"wp:attachment":[{"href":"https:\/\/idakorea.ee\/fi\/wp-json\/wp\/v2\/media?parent=12692"}],"wp:term":[{"taxonomy":"pwb-brand","embeddable":true,"href":"https:\/\/idakorea.ee\/fi\/wp-json\/wp\/v2\/pwb-brand?post=12692"},{"taxonomy":"product_brand","embeddable":true,"href":"https:\/\/idakorea.ee\/fi\/wp-json\/wp\/v2\/product_brand?post=12692"},{"taxonomy":"product_cat","embeddable":true,"href":"https:\/\/idakorea.ee\/fi\/wp-json\/wp\/v2\/product_cat?post=12692"},{"taxonomy":"product_tag","embeddable":true,"href":"https:\/\/idakorea.ee\/fi\/wp-json\/wp\/v2\/product_tag?post=12692"}],"curies":[{"name":"wp","href":"https:\/\/api.w.org\/{rel}","templated":true}]}}