{"id":12711,"date":"2025-02-19T10:14:36","date_gmt":"2025-02-19T08:14:36","guid":{"rendered":"https:\/\/idakorea.ee\/?post_type=product&#038;p=12711"},"modified":"2026-04-13T17:06:50","modified_gmt":"2026-04-13T15:06:50","slug":"koorivad-padjakesed-medicube-zero-pore-pad-2-0-70tk","status":"publish","type":"product","link":"https:\/\/idakorea.ee\/fi\/product\/koorivad-padjakesed-medicube-zero-pore-pad-2-0-70tk\/","title":{"rendered":"Kuorintapehmusteet Medicube Zero Pore Pad 2.0, 70kpl"},"content":{"rendered":"<p><strong>Medicube Zero Pore -tyyny 2.0 <\/strong>ovat maitohappoa ja salisyylihappoa sis\u00e4lt\u00e4vi\u00e4 kuorintalappuja, jotka sis\u00e4lt\u00e4v\u00e4t essenssej\u00e4. Ne auttavat poistamaan hell\u00e4varaisesti kuolleita ihosoluja, tasoittamaan ihon pintaa, v\u00e4hent\u00e4m\u00e4\u00e4n talin erityst\u00e4 ja supistamaan ihohuokosia. Sitrusuutteet antavat tuotteelle antioksidanttisia ja tulehdusta ehk\u00e4isevi\u00e4 ominaisuuksia, kun taas pantenoli, aasialainen lumpeen uute ja emohyytel\u00f6uute rauhoittavat, palauttavat ja kosteuttavat ihoa.<\/p>\n<p><strong>Vaikuttavat aineet:<\/strong><\/p>\n<p><strong>Maitohappo (AHA)<\/strong> \u2013 kosteuttaa, pehment\u00e4\u00e4 ihoa, kuorii ihoa hell\u00e4varaisesti ja tasoittaa ihon s\u00e4vy\u00e4.<br \/>\n<strong>Salisyylihappo (BHA)<\/strong> \u2013 tunkeutuu syv\u00e4lle ihohuokosiin, poistaa talia ja likaa, v\u00e4hent\u00e4\u00e4 mustap\u00e4it\u00e4 ja tekee ihosta mattapintaisen.<br \/>\n<strong>Pantenoli (provitamiini B5)<\/strong> \u2013 sitoo kosteutta ihoon, rauhoittaa \u00e4rsytyst\u00e4 ja tulehduksia, kosteuttaa ihoa.<br \/>\n<strong>Sitrusuutteet<\/strong> \u2013 niill\u00e4 on antioksidanttisia ja tulehdusta ehk\u00e4isevi\u00e4 vaikutuksia, ne toimittavat iholle A-, B-, C- ja E-vitamiineja.<br \/>\n<strong>Neilikkauute<\/strong> \u2013 v\u00e4hent\u00e4\u00e4 kosteuden haihtumista, vahvistaa ihon suojakerrosta ja pit\u00e4\u00e4 ihon kosteutettuna.<br \/>\n<strong>Aasian vesikrassiuute<\/strong> \u2013 rauhoittaa, sill\u00e4 on antibakteerinen vaikutus ja se stimuloi ihon uudistumisprosesseja.<\/p>\n<p>&nbsp;<\/p>\n<p>Sopii sekaiholle, rasvoittuvalle ja ongelmaiholle.<\/p>\n<p><strong>K\u00e4ytt\u00f6: <\/strong>K\u00e4yt\u00e4 meikin poiston j\u00e4lkeen. Pyyhi kasvot yhdell\u00e4 vanulappulla. Hiero j\u00e4ljell\u00e4 oleva uute hell\u00e4varaisesti ihoon. Jatka normaalia ihonhoitorutiiniasi.<\/p>","protected":false},"excerpt":{"rendered":"<p>Medicube Zero Pore Pad 2.0 on maitohappoa ja salisyylihappoa sis\u00e4lt\u00e4v\u00e4 kuorintatyyny. Ne auttavat hell\u00e4varaisesti poistamaan kuolleita ihosoluja, tasoittamaan ihon pintaa, v\u00e4hent\u00e4m\u00e4\u00e4n rasvaisuutta ja kirist\u00e4m\u00e4\u00e4n huokosia. Sitrushedelm\u00e4uutteet antavat tuotteelle antioksidanttisia ja tulehdusta ehk\u00e4isevi\u00e4 ominaisuuksia, kun taas pantenoli, aasialainen vesililjauute ja kuninkaallinen hyytel\u00f6uute rauhoittavat, palauttavat ja kosteuttavat ihoa. Aktiiviset ainesosat: Aktiiviset ainesosat.<\/p>","protected":false},"featured_media":12712,"comment_status":"open","ping_status":"closed","template":"","meta":{"_uf_show_specific_survey":0,"_uf_disable_surveys":false,"_bst_post_transparent":"default","_bst_post_title":"","_bst_post_layout":"default","_bst_post_sidebar_id":"","_bst_post_content_style":"default","_bst_post_vertical_padding":"default","_bst_post_feature":"","_bst_post_feature_position":"","_bst_post_header":false,"_bst_post_footer":false},"pwb-brand":[490],"product_brand":[],"product_cat":[92,158],"product_tag":[721],"class_list":{"0":"post-12711","1":"product","2":"type-product","3":"status-publish","4":"has-post-thumbnail","6":"pwb-brand-medicube","7":"product_cat-nagu","8":"product_cat-toonik","9":"product_tag-medicube","11":"first","12":"outofstock","13":"sale","14":"shipping-taxable","15":"purchasable","16":"product-type-simple","17":"entry","18":"content-bg","19":"loop-entry"},"supplier_id":null,"supplier_sku":"","barcode":null,"atum_controlled":true,"out_stock_date":"2026-04-13 17:06:50","out_stock_threshold":null,"inheritable":false,"inbound_stock":0,"stock_on_hold":0,"sold_today":0,"sales_last_days":1,"out_stock_days":0,"lost_sales":0,"has_location":false,"update_date":"2026-04-14T13:16:58","atum_locations":[],"atum_stock_status":"outofstock","restock_status":false,"low_stock_amount":"","sales_update_date":"2026-04-14T13:16:58","calc_backorders":null,"yoast_head":"<!-- This site is optimized with the Yoast SEO plugin v27.2 - https:\/\/yoast.com\/product\/yoast-seo-wordpress\/ -->\n<title>Koorivad padjakesed Medicube Zero Pore Pad 2.0, 70tk - IDA.KOREA<\/title>\n<meta name=\"description\" content=\"Medicube Zero Pore Pad 2.0 on essentsiga immutatud koorivad padjakesed, mis sisaldavad piimhapet ja salits\u00fc\u00fclhapet. Kiire tarne!\" \/>\n<meta name=\"robots\" content=\"index, follow, max-snippet:-1, max-image-preview:large, max-video-preview:-1\" \/>\n<link rel=\"canonical\" href=\"https:\/\/idakorea.ee\/fi\/product\/koorivad-padjakesed-medicube-zero-pore-pad-2-0-70tk\/\" \/>\n<meta property=\"og:locale\" content=\"fi_FI\" \/>\n<meta property=\"og:type\" content=\"article\" \/>\n<meta property=\"og:title\" content=\"Koorivad padjakesed Medicube Zero Pore Pad 2.0, 70tk - IDA.KOREA\" \/>\n<meta property=\"og:description\" content=\"Medicube Zero Pore Pad 2.0 on essentsiga immutatud koorivad padjakesed, mis sisaldavad piimhapet ja salits\u00fc\u00fclhapet. Kiire tarne!\" \/>\n<meta property=\"og:url\" content=\"https:\/\/idakorea.ee\/fi\/product\/koorivad-padjakesed-medicube-zero-pore-pad-2-0-70tk\/\" \/>\n<meta property=\"og:site_name\" content=\"IDA.KOREA\" \/>\n<meta property=\"article:modified_time\" content=\"2026-04-13T15:06:50+00:00\" \/>\n<meta property=\"og:image\" content=\"https:\/\/idakorea.ee\/wp-content\/uploads\/2025\/02\/yaukshhzshhkuzfv043e25f30e15b.jpg\" \/>\n\t<meta property=\"og:image:width\" content=\"800\" \/>\n\t<meta property=\"og:image:height\" content=\"800\" \/>\n\t<meta property=\"og:image:type\" content=\"image\/jpeg\" \/>\n<meta name=\"twitter:card\" content=\"summary_large_image\" \/>\n<meta name=\"twitter:label1\" content=\"Arvioitu lukuaika\" \/>\n\t<meta name=\"twitter:data1\" content=\"2 minuuttia\" \/>\n<script type=\"application\/ld+json\" class=\"yoast-schema-graph\">{\"@context\":\"https:\/\/schema.org\",\"@graph\":[{\"@type\":\"WebPage\",\"@id\":\"https:\/\/idakorea.ee\/product\/koorivad-padjakesed-medicube-zero-pore-pad-2-0-70tk\/\",\"url\":\"https:\/\/idakorea.ee\/product\/koorivad-padjakesed-medicube-zero-pore-pad-2-0-70tk\/\",\"name\":\"Koorivad padjakesed Medicube Zero Pore Pad 2.0, 70tk - IDA.KOREA\",\"isPartOf\":{\"@id\":\"https:\/\/idakorea.ee\/#website\"},\"primaryImageOfPage\":{\"@id\":\"https:\/\/idakorea.ee\/product\/koorivad-padjakesed-medicube-zero-pore-pad-2-0-70tk\/#primaryimage\"},\"image\":{\"@id\":\"https:\/\/idakorea.ee\/product\/koorivad-padjakesed-medicube-zero-pore-pad-2-0-70tk\/#primaryimage\"},\"thumbnailUrl\":\"https:\/\/idakorea.ee\/wp-content\/uploads\/2025\/02\/yaukshhzshhkuzfv043e25f30e15b.jpg\",\"datePublished\":\"2025-02-19T08:14:36+00:00\",\"dateModified\":\"2026-04-13T15:06:50+00:00\",\"description\":\"Medicube Zero Pore Pad 2.0 on essentsiga immutatud koorivad padjakesed, mis sisaldavad piimhapet ja salits\u00fc\u00fclhapet. Kiire tarne!\",\"breadcrumb\":{\"@id\":\"https:\/\/idakorea.ee\/product\/koorivad-padjakesed-medicube-zero-pore-pad-2-0-70tk\/#breadcrumb\"},\"inLanguage\":\"fi\",\"potentialAction\":[{\"@type\":\"ReadAction\",\"target\":[\"https:\/\/idakorea.ee\/product\/koorivad-padjakesed-medicube-zero-pore-pad-2-0-70tk\/\"]}]},{\"@type\":\"ImageObject\",\"inLanguage\":\"fi\",\"@id\":\"https:\/\/idakorea.ee\/product\/koorivad-padjakesed-medicube-zero-pore-pad-2-0-70tk\/#primaryimage\",\"url\":\"https:\/\/idakorea.ee\/wp-content\/uploads\/2025\/02\/yaukshhzshhkuzfv043e25f30e15b.jpg\",\"contentUrl\":\"https:\/\/idakorea.ee\/wp-content\/uploads\/2025\/02\/yaukshhzshhkuzfv043e25f30e15b.jpg\",\"width\":800,\"height\":800},{\"@type\":\"BreadcrumbList\",\"@id\":\"https:\/\/idakorea.ee\/product\/koorivad-padjakesed-medicube-zero-pore-pad-2-0-70tk\/#breadcrumb\",\"itemListElement\":[{\"@type\":\"ListItem\",\"position\":1,\"name\":\"\u0413\u043b\u0430\u0432\u043d\u0430\u044f \u0441\u0442\u0440\u0430\u043d\u0438\u0446\u0430\",\"item\":\"https:\/\/idakorea.ee\/\"},{\"@type\":\"ListItem\",\"position\":2,\"name\":\"Shop\",\"item\":\"https:\/\/idakorea.ee\/shop-2\/\"},{\"@type\":\"ListItem\",\"position\":3,\"name\":\"Koorivad padjakesed Medicube Zero Pore Pad 2.0, 70tk\"}]},{\"@type\":\"WebSite\",\"@id\":\"https:\/\/idakorea.ee\/#website\",\"url\":\"https:\/\/idakorea.ee\/\",\"name\":\"IDA.KOREA\",\"description\":\"Korea kosmeetika e-pood\",\"publisher\":{\"@id\":\"https:\/\/idakorea.ee\/#organization\"},\"alternateName\":\"Beauty Shop\",\"potentialAction\":[{\"@type\":\"SearchAction\",\"target\":{\"@type\":\"EntryPoint\",\"urlTemplate\":\"https:\/\/idakorea.ee\/?s={search_term_string}\"},\"query-input\":{\"@type\":\"PropertyValueSpecification\",\"valueRequired\":true,\"valueName\":\"search_term_string\"}}],\"inLanguage\":\"fi\"},{\"@type\":\"Organization\",\"@id\":\"https:\/\/idakorea.ee\/#organization\",\"name\":\"IDA.KOREA\",\"url\":\"https:\/\/idakorea.ee\/\",\"logo\":{\"@type\":\"ImageObject\",\"inLanguage\":\"fi\",\"@id\":\"https:\/\/idakorea.ee\/#\/schema\/logo\/image\/\",\"url\":\"https:\/\/idakorea.ee\/wp-content\/uploads\/2024\/05\/cropped-korea3.png\",\"contentUrl\":\"https:\/\/idakorea.ee\/wp-content\/uploads\/2024\/05\/cropped-korea3.png\",\"width\":688,\"height\":126,\"caption\":\"IDA.KOREA\"},\"image\":{\"@id\":\"https:\/\/idakorea.ee\/#\/schema\/logo\/image\/\"},\"sameAs\":[\"https:\/\/www.instagram.com\/ida.korea\/\"]}]}<\/script>\n<!-- \/ Yoast SEO plugin. -->","yoast_head_json":{"title":"Medicube Zero Pore Pad 2.0 kuorintatyynyt, 70 kpl - IT\u00c4-KOREA","description":"Medicube Zero Pore Pad 2.0 -kuorinnappilaput sis\u00e4lt\u00e4v\u00e4t uutteita ja maitohappoa sek\u00e4 salisyylihappoa. Nopea toimitus!","robots":{"index":"index","follow":"follow","max-snippet":"max-snippet:-1","max-image-preview":"max-image-preview:large","max-video-preview":"max-video-preview:-1"},"canonical":"https:\/\/idakorea.ee\/fi\/product\/koorivad-padjakesed-medicube-zero-pore-pad-2-0-70tk\/","og_locale":"fi_FI","og_type":"article","og_title":"Koorivad padjakesed Medicube Zero Pore Pad 2.0, 70tk - IDA.KOREA","og_description":"Medicube Zero Pore Pad 2.0 on essentsiga immutatud koorivad padjakesed, mis sisaldavad piimhapet ja salits\u00fc\u00fclhapet. Kiire tarne!","og_url":"https:\/\/idakorea.ee\/fi\/product\/koorivad-padjakesed-medicube-zero-pore-pad-2-0-70tk\/","og_site_name":"IDA.KOREA","article_modified_time":"2026-04-13T15:06:50+00:00","og_image":[{"width":800,"height":800,"url":"https:\/\/idakorea.ee\/wp-content\/uploads\/2025\/02\/yaukshhzshhkuzfv043e25f30e15b.jpg","type":"image\/jpeg"}],"twitter_card":"summary_large_image","twitter_misc":{"Arvioitu lukuaika":"2 minuuttia"},"schema":{"@context":"https:\/\/schema.org","@graph":[{"@type":"WebPage","@id":"https:\/\/idakorea.ee\/product\/koorivad-padjakesed-medicube-zero-pore-pad-2-0-70tk\/","url":"https:\/\/idakorea.ee\/product\/koorivad-padjakesed-medicube-zero-pore-pad-2-0-70tk\/","name":"Medicube Zero Pore Pad 2.0 kuorintatyynyt, 70 kpl - IT\u00c4-KOREA","isPartOf":{"@id":"https:\/\/idakorea.ee\/#website"},"primaryImageOfPage":{"@id":"https:\/\/idakorea.ee\/product\/koorivad-padjakesed-medicube-zero-pore-pad-2-0-70tk\/#primaryimage"},"image":{"@id":"https:\/\/idakorea.ee\/product\/koorivad-padjakesed-medicube-zero-pore-pad-2-0-70tk\/#primaryimage"},"thumbnailUrl":"https:\/\/idakorea.ee\/wp-content\/uploads\/2025\/02\/yaukshhzshhkuzfv043e25f30e15b.jpg","datePublished":"2025-02-19T08:14:36+00:00","dateModified":"2026-04-13T15:06:50+00:00","description":"Medicube Zero Pore Pad 2.0 -kuorinnappilaput sis\u00e4lt\u00e4v\u00e4t uutteita ja maitohappoa sek\u00e4 salisyylihappoa. Nopea toimitus!","breadcrumb":{"@id":"https:\/\/idakorea.ee\/product\/koorivad-padjakesed-medicube-zero-pore-pad-2-0-70tk\/#breadcrumb"},"inLanguage":"fi","potentialAction":[{"@type":"ReadAction","target":["https:\/\/idakorea.ee\/product\/koorivad-padjakesed-medicube-zero-pore-pad-2-0-70tk\/"]}]},{"@type":"ImageObject","inLanguage":"fi","@id":"https:\/\/idakorea.ee\/product\/koorivad-padjakesed-medicube-zero-pore-pad-2-0-70tk\/#primaryimage","url":"https:\/\/idakorea.ee\/wp-content\/uploads\/2025\/02\/yaukshhzshhkuzfv043e25f30e15b.jpg","contentUrl":"https:\/\/idakorea.ee\/wp-content\/uploads\/2025\/02\/yaukshhzshhkuzfv043e25f30e15b.jpg","width":800,"height":800},{"@type":"BreadcrumbList","@id":"https:\/\/idakorea.ee\/product\/koorivad-padjakesed-medicube-zero-pore-pad-2-0-70tk\/#breadcrumb","itemListElement":[{"@type":"ListItem","position":1,"name":"\u0413\u043b\u0430\u0432\u043d\u0430\u044f \u0441\u0442\u0440\u0430\u043d\u0438\u0446\u0430","item":"https:\/\/idakorea.ee\/"},{"@type":"ListItem","position":2,"name":"Shop","item":"https:\/\/idakorea.ee\/shop-2\/"},{"@type":"ListItem","position":3,"name":"Koorivad padjakesed Medicube Zero Pore Pad 2.0, 70tk"}]},{"@type":"WebSite","@id":"https:\/\/idakorea.ee\/#website","url":"https:\/\/idakorea.ee\/","name":"IDA.KOREA","description":"Korean kosmetiikan verkkokauppa","publisher":{"@id":"https:\/\/idakorea.ee\/#organization"},"alternateName":"Beauty Shop","potentialAction":[{"@type":"SearchAction","target":{"@type":"EntryPoint","urlTemplate":"https:\/\/idakorea.ee\/?s={search_term_string}"},"query-input":{"@type":"PropertyValueSpecification","valueRequired":true,"valueName":"search_term_string"}}],"inLanguage":"fi"},{"@type":"Organization","@id":"https:\/\/idakorea.ee\/#organization","name":"IDA.KOREA","url":"https:\/\/idakorea.ee\/","logo":{"@type":"ImageObject","inLanguage":"fi","@id":"https:\/\/idakorea.ee\/#\/schema\/logo\/image\/","url":"https:\/\/idakorea.ee\/wp-content\/uploads\/2024\/05\/cropped-korea3.png","contentUrl":"https:\/\/idakorea.ee\/wp-content\/uploads\/2024\/05\/cropped-korea3.png","width":688,"height":126,"caption":"IDA.KOREA"},"image":{"@id":"https:\/\/idakorea.ee\/#\/schema\/logo\/image\/"},"sameAs":["https:\/\/www.instagram.com\/ida.korea\/"]}]}},"jetpack_sharing_enabled":true,"brands":[{"id":490,"name":"MEDICUBE","slug":"medicube"}],"_links":{"self":[{"href":"https:\/\/idakorea.ee\/fi\/wp-json\/wp\/v2\/product\/12711","targetHints":{"allow":["GET"]}}],"collection":[{"href":"https:\/\/idakorea.ee\/fi\/wp-json\/wp\/v2\/product"}],"about":[{"href":"https:\/\/idakorea.ee\/fi\/wp-json\/wp\/v2\/types\/product"}],"replies":[{"embeddable":true,"href":"https:\/\/idakorea.ee\/fi\/wp-json\/wp\/v2\/comments?post=12711"}],"version-history":[{"count":1,"href":"https:\/\/idakorea.ee\/fi\/wp-json\/wp\/v2\/product\/12711\/revisions"}],"predecessor-version":[{"id":12716,"href":"https:\/\/idakorea.ee\/fi\/wp-json\/wp\/v2\/product\/12711\/revisions\/12716"}],"wp:featuredmedia":[{"embeddable":true,"href":"https:\/\/idakorea.ee\/fi\/wp-json\/wp\/v2\/media\/12712"}],"wp:attachment":[{"href":"https:\/\/idakorea.ee\/fi\/wp-json\/wp\/v2\/media?parent=12711"}],"wp:term":[{"taxonomy":"pwb-brand","embeddable":true,"href":"https:\/\/idakorea.ee\/fi\/wp-json\/wp\/v2\/pwb-brand?post=12711"},{"taxonomy":"product_brand","embeddable":true,"href":"https:\/\/idakorea.ee\/fi\/wp-json\/wp\/v2\/product_brand?post=12711"},{"taxonomy":"product_cat","embeddable":true,"href":"https:\/\/idakorea.ee\/fi\/wp-json\/wp\/v2\/product_cat?post=12711"},{"taxonomy":"product_tag","embeddable":true,"href":"https:\/\/idakorea.ee\/fi\/wp-json\/wp\/v2\/product_tag?post=12711"}],"curies":[{"name":"wp","href":"https:\/\/api.w.org\/{rel}","templated":true}]}}