{"id":12717,"date":"2025-02-21T10:08:54","date_gmt":"2025-02-21T08:08:54","guid":{"rendered":"https:\/\/idakorea.ee\/?post_type=product&#038;p=12717"},"modified":"2026-01-29T14:59:26","modified_gmt":"2026-01-29T12:59:26","slug":"rahustav-kreem-tundlikule-nahale-vt-cosmetics-cica-cream-50ml","status":"publish","type":"product","link":"https:\/\/idakorea.ee\/fi\/product\/rahustav-kreem-tundlikule-nahale-vt-cosmetics-cica-cream-50ml\/","title":{"rendered":"Rauhoittava voide herk\u00e4lle iholle VT Cosmetics Cica Calming Cream, 50ml"},"content":{"rendered":"<p><strong>VT Cosmetics Cica -voide<\/strong> on rauhoittava voide herk\u00e4lle iholle, joka lievitt\u00e4\u00e4 v\u00e4litt\u00f6m\u00e4sti \u00e4rsytyst\u00e4 ja ehk\u00e4isee tulehdusta. Sopii akneen ja ongelmaiholle, vahvistaa lipidisuojakerrosta ja auttaa yll\u00e4pit\u00e4m\u00e4\u00e4n kosteustasapainoa toimittamalla iholle v\u00e4ltt\u00e4m\u00e4tt\u00f6mi\u00e4 ravintoaineita. Voide v\u00e4hent\u00e4\u00e4 punoitusta, lievitt\u00e4\u00e4 laajentuneita hiussuonia ja sopii my\u00f6s couperosa-ihon hoitoon. S\u00e4\u00e4nn\u00f6llinen k\u00e4ytt\u00f6 tekee ihosta kiinte\u00e4mm\u00e4n, kimmoisamman ja sile\u00e4mm\u00e4n.<\/p>\n<p>Kevyt geelim\u00e4inen koostumus imeytyy nopeasti eik\u00e4 j\u00e4t\u00e4 iholle tahmeaa kerrosta.<\/p>\n<p><strong>T\u00e4rkeimm\u00e4t vaikuttavat aineet:<\/strong><\/p>\n<p><strong>Aasian vesinavan kompleksi<\/strong> (Asiatikosidi, aasiahappo, madekassiinihappo, madekassosidi) \u2013 tulehdusta est\u00e4vi\u00e4 ja haavaumia parantavia vaikutuksia, palauttaa ihon suojakerroksen, v\u00e4hent\u00e4\u00e4 herkkyytt\u00e4, turvotusta ja hiussuonten n\u00e4kyvyytt\u00e4.<\/p>\n<p><strong>Propolis-uute<\/strong> \u2013 ravitsee ja suojaa ihoa, palauttaa hydrolipiditasapainon, vahvistaa suojakerrosta ja ehk\u00e4isee ulkoisen ymp\u00e4rist\u00f6n haitallisia vaikutuksia. Auttaa v\u00e4hent\u00e4m\u00e4\u00e4n kuivuutta ja hilseily\u00e4 ja sill\u00e4 on antibakteerinen vaikutus, joka ehk\u00e4isee tulehdusta.<\/p>\n<p><strong>Neem-\u00f6ljy<\/strong> \u2013 luonnollinen ainesosa, joka tunnetaan tulehdusta ehk\u00e4isevist\u00e4 ja uudistavista ominaisuuksistaan. Ihanteellinen rasvaiselle ja sekaiholle, auttaa v\u00e4hent\u00e4m\u00e4\u00e4n aknea ja finnej\u00e4.<\/p>\n<p><strong>Keramidit<\/strong> \u2013 parantaa ihon suojamuuria, est\u00e4\u00e4 kosteuden haihtumista ja auttaa korjaamaan vaurioitunutta ihoa. Tehokas kuivalle, hilseilev\u00e4lle iholle, ekseemaan ja psoriaasiin.<\/p>\n<p><strong>Hyaluronihappo<\/strong> \u2013 varmistaa pitk\u00e4kestoisen ja intensiivisen kosteutuksen, suojaa ihoa kosteuden menetykselt\u00e4 ja ennenaikaiselta ik\u00e4\u00e4ntymiselt\u00e4 sek\u00e4 edist\u00e4\u00e4 solujen uusiutumista ja haavojen paranemista.<\/p>\n<p><strong>Beetaglukaani<\/strong> \u2013 toimii antioksidanttina, vahvistaa ihon vastustuskyky\u00e4, suojaa vaurioilta ja ehk\u00e4isee ihon ennenaikaista ik\u00e4\u00e4ntymist\u00e4.<\/p>\n<p><strong>Portulakan uute<\/strong> \u2013 kiinteytt\u00e4\u00e4 ihoa, nopeuttaa pienten haavojen ja halkeamien paranemista ja stimuloi kudosten uudistumista. Sill\u00e4 on my\u00f6s detoksifioiva vaikutus.<\/p>\n<p>&nbsp;<\/p>\n<p>Sopii herk\u00e4lle ja ongelmaiholle.<\/p>\n<p><strong>K\u00e4ytt\u00f6: <\/strong>Levit\u00e4 voide kasvoillesi ihonhoitorutiinisi viimeisen\u00e4 vaiheena.<\/p>","protected":false},"excerpt":{"rendered":"<p>VT Cosmetics Kitty Cream on herk\u00e4n ihon rauhoittava voide, joka rauhoittaa \u00e4rsytyst\u00e4 v\u00e4litt\u00f6m\u00e4sti ja ehk\u00e4isee tulehduksia. Akne- ja ongelmaiholle sopiva voide vahvistaa lipidibarri\u00e4\u00e4ri\u00e4 ja auttaa yll\u00e4pit\u00e4m\u00e4\u00e4n kosteustasapainoa sek\u00e4 antaa iholle t\u00e4rkeit\u00e4 ravintoaineita. Voide v\u00e4hent\u00e4\u00e4 punoitusta, rauhoittaa laajentuneita kapillaareja ja soveltuu my\u00f6s couperoosi-ihon hoitoon. S\u00e4\u00e4nn\u00f6llinen k\u00e4ytt\u00f6 tekee ihosta kiinte\u00e4mm\u00e4n, kimmoisamman ja sile\u00e4mm\u00e4n. Voiteen...<\/p>","protected":false},"featured_media":12735,"comment_status":"open","ping_status":"closed","template":"","meta":{"_uf_show_specific_survey":0,"_uf_disable_surveys":false,"_bst_post_transparent":"default","_bst_post_title":"","_bst_post_layout":"default","_bst_post_sidebar_id":"","_bst_post_content_style":"default","_bst_post_vertical_padding":"default","_bst_post_feature":"","_bst_post_feature_position":"","_bst_post_header":false,"_bst_post_footer":false},"pwb-brand":[493],"product_brand":[],"product_cat":[92,96],"product_tag":[545,462],"class_list":{"0":"post-12717","1":"product","2":"type-product","3":"status-publish","4":"has-post-thumbnail","6":"pwb-brand-vt","7":"product_cat-nagu","8":"product_cat-naokreemid","9":"product_tag-cica","10":"product_tag-vt","12":"first","13":"instock","14":"sale","15":"shipping-taxable","16":"purchasable","17":"product-type-simple","18":"entry","19":"content-bg","20":"loop-entry"},"supplier_id":null,"supplier_sku":"","barcode":null,"atum_controlled":true,"out_stock_date":null,"out_stock_threshold":null,"inheritable":false,"inbound_stock":0,"stock_on_hold":0,"sold_today":0,"sales_last_days":0,"out_stock_days":0,"lost_sales":0,"has_location":false,"update_date":"2026-04-14T00:05:05","atum_locations":[],"atum_stock_status":"instock","restock_status":false,"low_stock_amount":"","sales_update_date":"2026-04-14T00:05:05","calc_backorders":null,"yoast_head":"<!-- This site is optimized with the Yoast SEO plugin v27.2 - https:\/\/yoast.com\/product\/yoast-seo-wordpress\/ -->\n<title>VT Cosmetics Cica Calming Cream - IDA.KOREA<\/title>\n<meta name=\"description\" content=\"VT Cosmetics Cica Cream on tundlikule nahale m\u00f5eldud rahustav kreem, mis leevendab koheselt \u00e4rritusi ja hoiab \u00e4ra p\u00f5letike tekke.\" \/>\n<meta name=\"robots\" content=\"index, follow, max-snippet:-1, max-image-preview:large, max-video-preview:-1\" \/>\n<link rel=\"canonical\" href=\"https:\/\/idakorea.ee\/fi\/product\/rahustav-kreem-tundlikule-nahale-vt-cosmetics-cica-cream-50ml\/\" \/>\n<meta property=\"og:locale\" content=\"fi_FI\" \/>\n<meta property=\"og:type\" content=\"article\" \/>\n<meta property=\"og:title\" content=\"VT Cosmetics Cica Calming Cream - IDA.KOREA\" \/>\n<meta property=\"og:description\" content=\"VT Cosmetics Cica Cream on tundlikule nahale m\u00f5eldud rahustav kreem, mis leevendab koheselt \u00e4rritusi ja hoiab \u00e4ra p\u00f5letike tekke.\" \/>\n<meta property=\"og:url\" content=\"https:\/\/idakorea.ee\/fi\/product\/rahustav-kreem-tundlikule-nahale-vt-cosmetics-cica-cream-50ml\/\" \/>\n<meta property=\"og:site_name\" content=\"IDA.KOREA\" \/>\n<meta property=\"article:modified_time\" content=\"2026-01-29T12:59:26+00:00\" \/>\n<meta property=\"og:image\" content=\"https:\/\/idakorea.ee\/wp-content\/uploads\/2025\/02\/fgeg-rgrb-brbfr.jpg\" \/>\n\t<meta property=\"og:image:width\" content=\"800\" \/>\n\t<meta property=\"og:image:height\" content=\"800\" \/>\n\t<meta property=\"og:image:type\" content=\"image\/jpeg\" \/>\n<meta name=\"twitter:card\" content=\"summary_large_image\" \/>\n<meta name=\"twitter:label1\" content=\"Arvioitu lukuaika\" \/>\n\t<meta name=\"twitter:data1\" content=\"2 minuuttia\" \/>\n<script type=\"application\/ld+json\" class=\"yoast-schema-graph\">{\"@context\":\"https:\/\/schema.org\",\"@graph\":[{\"@type\":\"WebPage\",\"@id\":\"https:\/\/idakorea.ee\/product\/rahustav-kreem-tundlikule-nahale-vt-cosmetics-cica-cream-50ml\/\",\"url\":\"https:\/\/idakorea.ee\/product\/rahustav-kreem-tundlikule-nahale-vt-cosmetics-cica-cream-50ml\/\",\"name\":\"VT Cosmetics Cica Calming Cream - IDA.KOREA\",\"isPartOf\":{\"@id\":\"https:\/\/idakorea.ee\/#website\"},\"primaryImageOfPage\":{\"@id\":\"https:\/\/idakorea.ee\/product\/rahustav-kreem-tundlikule-nahale-vt-cosmetics-cica-cream-50ml\/#primaryimage\"},\"image\":{\"@id\":\"https:\/\/idakorea.ee\/product\/rahustav-kreem-tundlikule-nahale-vt-cosmetics-cica-cream-50ml\/#primaryimage\"},\"thumbnailUrl\":\"https:\/\/idakorea.ee\/wp-content\/uploads\/2025\/02\/fgeg-rgrb-brbfr.jpg\",\"datePublished\":\"2025-02-21T08:08:54+00:00\",\"dateModified\":\"2026-01-29T12:59:26+00:00\",\"description\":\"VT Cosmetics Cica Cream on tundlikule nahale m\u00f5eldud rahustav kreem, mis leevendab koheselt \u00e4rritusi ja hoiab \u00e4ra p\u00f5letike tekke.\",\"breadcrumb\":{\"@id\":\"https:\/\/idakorea.ee\/product\/rahustav-kreem-tundlikule-nahale-vt-cosmetics-cica-cream-50ml\/#breadcrumb\"},\"inLanguage\":\"fi\",\"potentialAction\":[{\"@type\":\"ReadAction\",\"target\":[\"https:\/\/idakorea.ee\/product\/rahustav-kreem-tundlikule-nahale-vt-cosmetics-cica-cream-50ml\/\"]}]},{\"@type\":\"ImageObject\",\"inLanguage\":\"fi\",\"@id\":\"https:\/\/idakorea.ee\/product\/rahustav-kreem-tundlikule-nahale-vt-cosmetics-cica-cream-50ml\/#primaryimage\",\"url\":\"https:\/\/idakorea.ee\/wp-content\/uploads\/2025\/02\/fgeg-rgrb-brbfr.jpg\",\"contentUrl\":\"https:\/\/idakorea.ee\/wp-content\/uploads\/2025\/02\/fgeg-rgrb-brbfr.jpg\",\"width\":800,\"height\":800},{\"@type\":\"BreadcrumbList\",\"@id\":\"https:\/\/idakorea.ee\/product\/rahustav-kreem-tundlikule-nahale-vt-cosmetics-cica-cream-50ml\/#breadcrumb\",\"itemListElement\":[{\"@type\":\"ListItem\",\"position\":1,\"name\":\"\u0413\u043b\u0430\u0432\u043d\u0430\u044f \u0441\u0442\u0440\u0430\u043d\u0438\u0446\u0430\",\"item\":\"https:\/\/idakorea.ee\/\"},{\"@type\":\"ListItem\",\"position\":2,\"name\":\"Shop\",\"item\":\"https:\/\/idakorea.ee\/shop-2\/\"},{\"@type\":\"ListItem\",\"position\":3,\"name\":\"Rahustav kreem tundlikule nahale VT Cosmetics Cica Calming Cream, 50ml\"}]},{\"@type\":\"WebSite\",\"@id\":\"https:\/\/idakorea.ee\/#website\",\"url\":\"https:\/\/idakorea.ee\/\",\"name\":\"IDA.KOREA\",\"description\":\"Korea kosmeetika e-pood\",\"publisher\":{\"@id\":\"https:\/\/idakorea.ee\/#organization\"},\"alternateName\":\"Beauty Shop\",\"potentialAction\":[{\"@type\":\"SearchAction\",\"target\":{\"@type\":\"EntryPoint\",\"urlTemplate\":\"https:\/\/idakorea.ee\/?s={search_term_string}\"},\"query-input\":{\"@type\":\"PropertyValueSpecification\",\"valueRequired\":true,\"valueName\":\"search_term_string\"}}],\"inLanguage\":\"fi\"},{\"@type\":\"Organization\",\"@id\":\"https:\/\/idakorea.ee\/#organization\",\"name\":\"IDA.KOREA\",\"url\":\"https:\/\/idakorea.ee\/\",\"logo\":{\"@type\":\"ImageObject\",\"inLanguage\":\"fi\",\"@id\":\"https:\/\/idakorea.ee\/#\/schema\/logo\/image\/\",\"url\":\"https:\/\/idakorea.ee\/wp-content\/uploads\/2024\/05\/cropped-korea3.png\",\"contentUrl\":\"https:\/\/idakorea.ee\/wp-content\/uploads\/2024\/05\/cropped-korea3.png\",\"width\":688,\"height\":126,\"caption\":\"IDA.KOREA\"},\"image\":{\"@id\":\"https:\/\/idakorea.ee\/#\/schema\/logo\/image\/\"},\"sameAs\":[\"https:\/\/www.instagram.com\/ida.korea\/\"]}]}<\/script>\n<!-- \/ Yoast SEO plugin. -->","yoast_head_json":{"title":"VT Cosmetics Cica rauhoittava voide - IDA.KOREA","description":"VT Cosmetics Cica Cream on rauhoittava voide herk\u00e4lle iholle, joka lievitt\u00e4\u00e4 v\u00e4litt\u00f6m\u00e4sti \u00e4rsytyst\u00e4 ja ehk\u00e4isee tulehdusta.","robots":{"index":"index","follow":"follow","max-snippet":"max-snippet:-1","max-image-preview":"max-image-preview:large","max-video-preview":"max-video-preview:-1"},"canonical":"https:\/\/idakorea.ee\/fi\/product\/rahustav-kreem-tundlikule-nahale-vt-cosmetics-cica-cream-50ml\/","og_locale":"fi_FI","og_type":"article","og_title":"VT Cosmetics Cica Calming Cream - IDA.KOREA","og_description":"VT Cosmetics Cica Cream on tundlikule nahale m\u00f5eldud rahustav kreem, mis leevendab koheselt \u00e4rritusi ja hoiab \u00e4ra p\u00f5letike tekke.","og_url":"https:\/\/idakorea.ee\/fi\/product\/rahustav-kreem-tundlikule-nahale-vt-cosmetics-cica-cream-50ml\/","og_site_name":"IDA.KOREA","article_modified_time":"2026-01-29T12:59:26+00:00","og_image":[{"width":800,"height":800,"url":"https:\/\/idakorea.ee\/wp-content\/uploads\/2025\/02\/fgeg-rgrb-brbfr.jpg","type":"image\/jpeg"}],"twitter_card":"summary_large_image","twitter_misc":{"Arvioitu lukuaika":"2 minuuttia"},"schema":{"@context":"https:\/\/schema.org","@graph":[{"@type":"WebPage","@id":"https:\/\/idakorea.ee\/product\/rahustav-kreem-tundlikule-nahale-vt-cosmetics-cica-cream-50ml\/","url":"https:\/\/idakorea.ee\/product\/rahustav-kreem-tundlikule-nahale-vt-cosmetics-cica-cream-50ml\/","name":"VT Cosmetics Cica rauhoittava voide - IDA.KOREA","isPartOf":{"@id":"https:\/\/idakorea.ee\/#website"},"primaryImageOfPage":{"@id":"https:\/\/idakorea.ee\/product\/rahustav-kreem-tundlikule-nahale-vt-cosmetics-cica-cream-50ml\/#primaryimage"},"image":{"@id":"https:\/\/idakorea.ee\/product\/rahustav-kreem-tundlikule-nahale-vt-cosmetics-cica-cream-50ml\/#primaryimage"},"thumbnailUrl":"https:\/\/idakorea.ee\/wp-content\/uploads\/2025\/02\/fgeg-rgrb-brbfr.jpg","datePublished":"2025-02-21T08:08:54+00:00","dateModified":"2026-01-29T12:59:26+00:00","description":"VT Cosmetics Cica Cream on rauhoittava voide herk\u00e4lle iholle, joka lievitt\u00e4\u00e4 v\u00e4litt\u00f6m\u00e4sti \u00e4rsytyst\u00e4 ja ehk\u00e4isee tulehdusta.","breadcrumb":{"@id":"https:\/\/idakorea.ee\/product\/rahustav-kreem-tundlikule-nahale-vt-cosmetics-cica-cream-50ml\/#breadcrumb"},"inLanguage":"fi","potentialAction":[{"@type":"ReadAction","target":["https:\/\/idakorea.ee\/product\/rahustav-kreem-tundlikule-nahale-vt-cosmetics-cica-cream-50ml\/"]}]},{"@type":"ImageObject","inLanguage":"fi","@id":"https:\/\/idakorea.ee\/product\/rahustav-kreem-tundlikule-nahale-vt-cosmetics-cica-cream-50ml\/#primaryimage","url":"https:\/\/idakorea.ee\/wp-content\/uploads\/2025\/02\/fgeg-rgrb-brbfr.jpg","contentUrl":"https:\/\/idakorea.ee\/wp-content\/uploads\/2025\/02\/fgeg-rgrb-brbfr.jpg","width":800,"height":800},{"@type":"BreadcrumbList","@id":"https:\/\/idakorea.ee\/product\/rahustav-kreem-tundlikule-nahale-vt-cosmetics-cica-cream-50ml\/#breadcrumb","itemListElement":[{"@type":"ListItem","position":1,"name":"\u0413\u043b\u0430\u0432\u043d\u0430\u044f \u0441\u0442\u0440\u0430\u043d\u0438\u0446\u0430","item":"https:\/\/idakorea.ee\/"},{"@type":"ListItem","position":2,"name":"Shop","item":"https:\/\/idakorea.ee\/shop-2\/"},{"@type":"ListItem","position":3,"name":"Rahustav kreem tundlikule nahale VT Cosmetics Cica Calming Cream, 50ml"}]},{"@type":"WebSite","@id":"https:\/\/idakorea.ee\/#website","url":"https:\/\/idakorea.ee\/","name":"IDA.KOREA","description":"Korean kosmetiikan verkkokauppa","publisher":{"@id":"https:\/\/idakorea.ee\/#organization"},"alternateName":"Beauty Shop","potentialAction":[{"@type":"SearchAction","target":{"@type":"EntryPoint","urlTemplate":"https:\/\/idakorea.ee\/?s={search_term_string}"},"query-input":{"@type":"PropertyValueSpecification","valueRequired":true,"valueName":"search_term_string"}}],"inLanguage":"fi"},{"@type":"Organization","@id":"https:\/\/idakorea.ee\/#organization","name":"IDA.KOREA","url":"https:\/\/idakorea.ee\/","logo":{"@type":"ImageObject","inLanguage":"fi","@id":"https:\/\/idakorea.ee\/#\/schema\/logo\/image\/","url":"https:\/\/idakorea.ee\/wp-content\/uploads\/2024\/05\/cropped-korea3.png","contentUrl":"https:\/\/idakorea.ee\/wp-content\/uploads\/2024\/05\/cropped-korea3.png","width":688,"height":126,"caption":"IDA.KOREA"},"image":{"@id":"https:\/\/idakorea.ee\/#\/schema\/logo\/image\/"},"sameAs":["https:\/\/www.instagram.com\/ida.korea\/"]}]}},"jetpack_sharing_enabled":true,"brands":[{"id":493,"name":"VT COSMETICS","slug":"vt"}],"_links":{"self":[{"href":"https:\/\/idakorea.ee\/fi\/wp-json\/wp\/v2\/product\/12717","targetHints":{"allow":["GET"]}}],"collection":[{"href":"https:\/\/idakorea.ee\/fi\/wp-json\/wp\/v2\/product"}],"about":[{"href":"https:\/\/idakorea.ee\/fi\/wp-json\/wp\/v2\/types\/product"}],"replies":[{"embeddable":true,"href":"https:\/\/idakorea.ee\/fi\/wp-json\/wp\/v2\/comments?post=12717"}],"version-history":[{"count":5,"href":"https:\/\/idakorea.ee\/fi\/wp-json\/wp\/v2\/product\/12717\/revisions"}],"predecessor-version":[{"id":16130,"href":"https:\/\/idakorea.ee\/fi\/wp-json\/wp\/v2\/product\/12717\/revisions\/16130"}],"wp:featuredmedia":[{"embeddable":true,"href":"https:\/\/idakorea.ee\/fi\/wp-json\/wp\/v2\/media\/12735"}],"wp:attachment":[{"href":"https:\/\/idakorea.ee\/fi\/wp-json\/wp\/v2\/media?parent=12717"}],"wp:term":[{"taxonomy":"pwb-brand","embeddable":true,"href":"https:\/\/idakorea.ee\/fi\/wp-json\/wp\/v2\/pwb-brand?post=12717"},{"taxonomy":"product_brand","embeddable":true,"href":"https:\/\/idakorea.ee\/fi\/wp-json\/wp\/v2\/product_brand?post=12717"},{"taxonomy":"product_cat","embeddable":true,"href":"https:\/\/idakorea.ee\/fi\/wp-json\/wp\/v2\/product_cat?post=12717"},{"taxonomy":"product_tag","embeddable":true,"href":"https:\/\/idakorea.ee\/fi\/wp-json\/wp\/v2\/product_tag?post=12717"}],"curies":[{"name":"wp","href":"https:\/\/api.w.org\/{rel}","templated":true}]}}