{"id":12742,"date":"2025-02-21T10:41:16","date_gmt":"2025-02-21T08:41:16","guid":{"rendered":"https:\/\/idakorea.ee\/?post_type=product&#038;p=12742"},"modified":"2026-01-30T15:09:46","modified_gmt":"2026-01-30T13:09:46","slug":"meestele-moeldud-rahustav-niisutuskreem-brtc-skin-lab-homme-soothing-cream-50ml","status":"publish","type":"product","link":"https:\/\/idakorea.ee\/fi\/product\/meestele-moeldud-rahustav-niisutuskreem-brtc-skin-lab-homme-soothing-cream-50ml\/","title":{"rendered":"BRTC Skin Lab Homme Rauhoittava kosteusvoide miehille, 50ml"},"content":{"rendered":"<p><strong>BRTC Skin Lab Homme Soothing Cream<\/strong> on kevyt kosteusvoide, joka on erityisesti kehitetty miesten iholle. Se rauhoittaa \u00e4rtynytt\u00e4 ihoa, kosteuttaa syv\u00e4sti ja auttaa hallitsemaan talintuotantoa.<\/p>\n<p><strong>Edut:<\/strong><\/p>\n<p><strong>Rauhoittava ja kosteuttava<\/strong> \u2013 sis\u00e4lt\u00e4\u00e4 aasialaista lumpeen uutetta ja pantenolia, jotka lievitt\u00e4v\u00e4t punoitusta ja \u00e4rsytyst\u00e4 sek\u00e4 pit\u00e4v\u00e4t ihon kosteutettuna.<br \/>\n<strong>Talirauhasten hallinta<\/strong> \u2013 s\u00e4\u00e4telee talin erityst\u00e4 pit\u00e4en ihon mattapintaisena ja kiiltoa v\u00e4ltt\u00e4en.<br \/>\n<strong>Kevyt ja tahmaamaton koostumus<\/strong> \u2013 imeytyy nopeasti j\u00e4tt\u00e4en ihon raikkaaksi ja \u00f6ljytt\u00f6m\u00e4ksi.<\/p>\n<p>&nbsp;<\/p>\n<p><strong>T\u00e4rkeimm\u00e4t vaikuttavat aineet:<\/strong><\/p>\n<p><strong>Aasian vesikrassiuute<\/strong> \u2013 rauhoittaa ja v\u00e4hent\u00e4\u00e4 tulehdusta ja punoitusta.<\/p>\n<p><strong>Pantenoli (B5-vitamiini)<\/strong> \u2013 kosteuttaa syv\u00e4lt\u00e4, palauttaa ihon ja vahvistaa sen suojakerrosta.<br \/>\n<strong>Allantoiin<\/strong> \u2013 lievitt\u00e4\u00e4 \u00e4rsytyst\u00e4 ja suojaa ihoa.<br \/>\n<strong>noitap\u00e4hkin\u00e4uute<\/strong> \u2013 supistaa ihohuokosia ja s\u00e4\u00e4telee talin erityst\u00e4.<\/p>\n<p>&nbsp;<\/p>\n<p>Sopii kaikille ihotyypeille, my\u00f6s herk\u00e4lle iholle.<\/p>\n<p><strong>K\u00e4ytt\u00f6: <\/strong>Puhdistuksen ja kasvoveden j\u00e4lkeen levit\u00e4 kohtuullinen m\u00e4\u00e4r\u00e4 voidetta kasvoille ja kaulalle. Hiero hell\u00e4varaisesti, kunnes tuote on t\u00e4ysin imeytynyt.<\/p>","protected":false},"excerpt":{"rendered":"<p>BRTC Skin Lab Homme Soothing Cream on erityisesti miesten iholle kehitetty kevytrakenteinen kosteusvoide. Se rauhoittaa \u00e4rtynytt\u00e4 ihoa, kosteuttaa syv\u00e4sti ja auttaa hallitsemaan \u00f6ljyntuotantoa. Hy\u00f6dyt. Sebumin hallinta - s\u00e4\u00e4telee talintuotantoa, pit\u00e4\u00e4 ihon mattapintaisena ja...<\/p>","protected":false},"featured_media":12744,"comment_status":"open","ping_status":"closed","template":"","meta":{"_uf_show_specific_survey":0,"_uf_disable_surveys":false,"_bst_post_transparent":"default","_bst_post_title":"","_bst_post_layout":"default","_bst_post_sidebar_id":"","_bst_post_content_style":"default","_bst_post_vertical_padding":"default","_bst_post_feature":"","_bst_post_feature_position":"","_bst_post_header":false,"_bst_post_footer":false},"pwb-brand":[802],"product_brand":[],"product_cat":[803],"product_tag":[568,804],"class_list":{"0":"post-12742","1":"product","2":"type-product","3":"status-publish","4":"has-post-thumbnail","6":"pwb-brand-brtc","7":"product_cat-meestele","8":"product_tag-korea","9":"product_tag-meeste","11":"first","12":"outofstock","13":"sale","14":"shipping-taxable","15":"purchasable","16":"product-type-simple","17":"entry","18":"content-bg","19":"loop-entry"},"supplier_id":null,"supplier_sku":"","barcode":null,"atum_controlled":true,"out_stock_date":"2025-10-15 13:10:22","out_stock_threshold":null,"inheritable":false,"inbound_stock":0,"stock_on_hold":0,"sold_today":0,"sales_last_days":0,"out_stock_days":180,"lost_sales":0,"has_location":false,"update_date":"2026-04-14T00:05:06","atum_locations":[],"atum_stock_status":"outofstock","restock_status":false,"low_stock_amount":"","sales_update_date":"2026-04-14T00:05:06","calc_backorders":null,"yoast_head":"<!-- This site is optimized with the Yoast SEO plugin v27.2 - https:\/\/yoast.com\/product\/yoast-seo-wordpress\/ -->\n<title>Meestele m\u00f5eldud rahustav niisutuskreem BRTC Skin Lab Homme Soothing Cream, 50ml - IDA.KOREA<\/title>\n<meta name=\"robots\" content=\"index, follow, max-snippet:-1, max-image-preview:large, max-video-preview:-1\" \/>\n<link rel=\"canonical\" href=\"https:\/\/idakorea.ee\/fi\/product\/meestele-moeldud-rahustav-niisutuskreem-brtc-skin-lab-homme-soothing-cream-50ml\/\" \/>\n<meta property=\"og:locale\" content=\"fi_FI\" \/>\n<meta property=\"og:type\" content=\"article\" \/>\n<meta property=\"og:title\" content=\"Meestele m\u00f5eldud rahustav niisutuskreem BRTC Skin Lab Homme Soothing Cream, 50ml - IDA.KOREA\" \/>\n<meta property=\"og:description\" content=\"BRTC Skin Lab Homme Soothing Cream on kerge tekstuuriga niisutav kreem, mis on loodud spetsiaalselt meeste nahale. See rahustab \u00e4rritunud nahka, niisutab s\u00fcgavuti ning aitab kontrollida rasueritust. Eelised: Rahustav ja niisutav \u2013 sisaldab aasia vesinaba ekstrakti ja pantenooli, mis leevendavad punetust ja \u00e4rritusi ning hoiavad naha niisutatuna. Sebumi kontroll \u2013 reguleerib rasueritust, hoides naha mati...\" \/>\n<meta property=\"og:url\" content=\"https:\/\/idakorea.ee\/fi\/product\/meestele-moeldud-rahustav-niisutuskreem-brtc-skin-lab-homme-soothing-cream-50ml\/\" \/>\n<meta property=\"og:site_name\" content=\"IDA.KOREA\" \/>\n<meta property=\"article:modified_time\" content=\"2026-01-30T13:09:46+00:00\" \/>\n<meta property=\"og:image\" content=\"https:\/\/idakorea.ee\/wp-content\/uploads\/2025\/02\/gbfgfgn-nfgn-fdfeee.png\" \/>\n\t<meta property=\"og:image:width\" content=\"800\" \/>\n\t<meta property=\"og:image:height\" content=\"800\" \/>\n\t<meta property=\"og:image:type\" content=\"image\/png\" \/>\n<meta name=\"twitter:card\" content=\"summary_large_image\" \/>\n<meta name=\"twitter:label1\" content=\"Arvioitu lukuaika\" \/>\n\t<meta name=\"twitter:data1\" content=\"1 minuutti\" \/>\n<script type=\"application\/ld+json\" class=\"yoast-schema-graph\">{\"@context\":\"https:\/\/schema.org\",\"@graph\":[{\"@type\":\"WebPage\",\"@id\":\"https:\/\/idakorea.ee\/product\/meestele-moeldud-rahustav-niisutuskreem-brtc-skin-lab-homme-soothing-cream-50ml\/\",\"url\":\"https:\/\/idakorea.ee\/product\/meestele-moeldud-rahustav-niisutuskreem-brtc-skin-lab-homme-soothing-cream-50ml\/\",\"name\":\"Meestele m\u00f5eldud rahustav niisutuskreem BRTC Skin Lab Homme Soothing Cream, 50ml - IDA.KOREA\",\"isPartOf\":{\"@id\":\"https:\/\/idakorea.ee\/#website\"},\"primaryImageOfPage\":{\"@id\":\"https:\/\/idakorea.ee\/product\/meestele-moeldud-rahustav-niisutuskreem-brtc-skin-lab-homme-soothing-cream-50ml\/#primaryimage\"},\"image\":{\"@id\":\"https:\/\/idakorea.ee\/product\/meestele-moeldud-rahustav-niisutuskreem-brtc-skin-lab-homme-soothing-cream-50ml\/#primaryimage\"},\"thumbnailUrl\":\"https:\/\/idakorea.ee\/wp-content\/uploads\/2025\/02\/gbfgfgn-nfgn-fdfeee.png\",\"datePublished\":\"2025-02-21T08:41:16+00:00\",\"dateModified\":\"2026-01-30T13:09:46+00:00\",\"breadcrumb\":{\"@id\":\"https:\/\/idakorea.ee\/product\/meestele-moeldud-rahustav-niisutuskreem-brtc-skin-lab-homme-soothing-cream-50ml\/#breadcrumb\"},\"inLanguage\":\"fi\",\"potentialAction\":[{\"@type\":\"ReadAction\",\"target\":[\"https:\/\/idakorea.ee\/product\/meestele-moeldud-rahustav-niisutuskreem-brtc-skin-lab-homme-soothing-cream-50ml\/\"]}]},{\"@type\":\"ImageObject\",\"inLanguage\":\"fi\",\"@id\":\"https:\/\/idakorea.ee\/product\/meestele-moeldud-rahustav-niisutuskreem-brtc-skin-lab-homme-soothing-cream-50ml\/#primaryimage\",\"url\":\"https:\/\/idakorea.ee\/wp-content\/uploads\/2025\/02\/gbfgfgn-nfgn-fdfeee.png\",\"contentUrl\":\"https:\/\/idakorea.ee\/wp-content\/uploads\/2025\/02\/gbfgfgn-nfgn-fdfeee.png\",\"width\":800,\"height\":800},{\"@type\":\"BreadcrumbList\",\"@id\":\"https:\/\/idakorea.ee\/product\/meestele-moeldud-rahustav-niisutuskreem-brtc-skin-lab-homme-soothing-cream-50ml\/#breadcrumb\",\"itemListElement\":[{\"@type\":\"ListItem\",\"position\":1,\"name\":\"\u0413\u043b\u0430\u0432\u043d\u0430\u044f \u0441\u0442\u0440\u0430\u043d\u0438\u0446\u0430\",\"item\":\"https:\/\/idakorea.ee\/\"},{\"@type\":\"ListItem\",\"position\":2,\"name\":\"Shop\",\"item\":\"https:\/\/idakorea.ee\/shop-2\/\"},{\"@type\":\"ListItem\",\"position\":3,\"name\":\"Meestele m\u00f5eldud rahustav niisutuskreem BRTC Skin Lab Homme Soothing Cream, 50ml\"}]},{\"@type\":\"WebSite\",\"@id\":\"https:\/\/idakorea.ee\/#website\",\"url\":\"https:\/\/idakorea.ee\/\",\"name\":\"IDA.KOREA\",\"description\":\"Korea kosmeetika e-pood\",\"publisher\":{\"@id\":\"https:\/\/idakorea.ee\/#organization\"},\"alternateName\":\"Beauty Shop\",\"potentialAction\":[{\"@type\":\"SearchAction\",\"target\":{\"@type\":\"EntryPoint\",\"urlTemplate\":\"https:\/\/idakorea.ee\/?s={search_term_string}\"},\"query-input\":{\"@type\":\"PropertyValueSpecification\",\"valueRequired\":true,\"valueName\":\"search_term_string\"}}],\"inLanguage\":\"fi\"},{\"@type\":\"Organization\",\"@id\":\"https:\/\/idakorea.ee\/#organization\",\"name\":\"IDA.KOREA\",\"url\":\"https:\/\/idakorea.ee\/\",\"logo\":{\"@type\":\"ImageObject\",\"inLanguage\":\"fi\",\"@id\":\"https:\/\/idakorea.ee\/#\/schema\/logo\/image\/\",\"url\":\"https:\/\/idakorea.ee\/wp-content\/uploads\/2024\/05\/cropped-korea3.png\",\"contentUrl\":\"https:\/\/idakorea.ee\/wp-content\/uploads\/2024\/05\/cropped-korea3.png\",\"width\":688,\"height\":126,\"caption\":\"IDA.KOREA\"},\"image\":{\"@id\":\"https:\/\/idakorea.ee\/#\/schema\/logo\/image\/\"},\"sameAs\":[\"https:\/\/www.instagram.com\/ida.korea\/\"]}]}<\/script>\n<!-- \/ Yoast SEO plugin. -->","yoast_head_json":{"title":"BRTC Skin Lab Homme Rauhoittava Voide Miehille, 50ml - IT\u00c4-KOREA","robots":{"index":"index","follow":"follow","max-snippet":"max-snippet:-1","max-image-preview":"max-image-preview:large","max-video-preview":"max-video-preview:-1"},"canonical":"https:\/\/idakorea.ee\/fi\/product\/meestele-moeldud-rahustav-niisutuskreem-brtc-skin-lab-homme-soothing-cream-50ml\/","og_locale":"fi_FI","og_type":"article","og_title":"Meestele m\u00f5eldud rahustav niisutuskreem BRTC Skin Lab Homme Soothing Cream, 50ml - IDA.KOREA","og_description":"BRTC Skin Lab Homme Soothing Cream on kerge tekstuuriga niisutav kreem, mis on loodud spetsiaalselt meeste nahale. See rahustab \u00e4rritunud nahka, niisutab s\u00fcgavuti ning aitab kontrollida rasueritust. Eelised: Rahustav ja niisutav \u2013 sisaldab aasia vesinaba ekstrakti ja pantenooli, mis leevendavad punetust ja \u00e4rritusi ning hoiavad naha niisutatuna. Sebumi kontroll \u2013 reguleerib rasueritust, hoides naha mati...","og_url":"https:\/\/idakorea.ee\/fi\/product\/meestele-moeldud-rahustav-niisutuskreem-brtc-skin-lab-homme-soothing-cream-50ml\/","og_site_name":"IDA.KOREA","article_modified_time":"2026-01-30T13:09:46+00:00","og_image":[{"width":800,"height":800,"url":"https:\/\/idakorea.ee\/wp-content\/uploads\/2025\/02\/gbfgfgn-nfgn-fdfeee.png","type":"image\/png"}],"twitter_card":"summary_large_image","twitter_misc":{"Arvioitu lukuaika":"1 minuutti"},"schema":{"@context":"https:\/\/schema.org","@graph":[{"@type":"WebPage","@id":"https:\/\/idakorea.ee\/product\/meestele-moeldud-rahustav-niisutuskreem-brtc-skin-lab-homme-soothing-cream-50ml\/","url":"https:\/\/idakorea.ee\/product\/meestele-moeldud-rahustav-niisutuskreem-brtc-skin-lab-homme-soothing-cream-50ml\/","name":"BRTC Skin Lab Homme Rauhoittava Voide Miehille, 50ml - IT\u00c4-KOREA","isPartOf":{"@id":"https:\/\/idakorea.ee\/#website"},"primaryImageOfPage":{"@id":"https:\/\/idakorea.ee\/product\/meestele-moeldud-rahustav-niisutuskreem-brtc-skin-lab-homme-soothing-cream-50ml\/#primaryimage"},"image":{"@id":"https:\/\/idakorea.ee\/product\/meestele-moeldud-rahustav-niisutuskreem-brtc-skin-lab-homme-soothing-cream-50ml\/#primaryimage"},"thumbnailUrl":"https:\/\/idakorea.ee\/wp-content\/uploads\/2025\/02\/gbfgfgn-nfgn-fdfeee.png","datePublished":"2025-02-21T08:41:16+00:00","dateModified":"2026-01-30T13:09:46+00:00","breadcrumb":{"@id":"https:\/\/idakorea.ee\/product\/meestele-moeldud-rahustav-niisutuskreem-brtc-skin-lab-homme-soothing-cream-50ml\/#breadcrumb"},"inLanguage":"fi","potentialAction":[{"@type":"ReadAction","target":["https:\/\/idakorea.ee\/product\/meestele-moeldud-rahustav-niisutuskreem-brtc-skin-lab-homme-soothing-cream-50ml\/"]}]},{"@type":"ImageObject","inLanguage":"fi","@id":"https:\/\/idakorea.ee\/product\/meestele-moeldud-rahustav-niisutuskreem-brtc-skin-lab-homme-soothing-cream-50ml\/#primaryimage","url":"https:\/\/idakorea.ee\/wp-content\/uploads\/2025\/02\/gbfgfgn-nfgn-fdfeee.png","contentUrl":"https:\/\/idakorea.ee\/wp-content\/uploads\/2025\/02\/gbfgfgn-nfgn-fdfeee.png","width":800,"height":800},{"@type":"BreadcrumbList","@id":"https:\/\/idakorea.ee\/product\/meestele-moeldud-rahustav-niisutuskreem-brtc-skin-lab-homme-soothing-cream-50ml\/#breadcrumb","itemListElement":[{"@type":"ListItem","position":1,"name":"\u0413\u043b\u0430\u0432\u043d\u0430\u044f \u0441\u0442\u0440\u0430\u043d\u0438\u0446\u0430","item":"https:\/\/idakorea.ee\/"},{"@type":"ListItem","position":2,"name":"Shop","item":"https:\/\/idakorea.ee\/shop-2\/"},{"@type":"ListItem","position":3,"name":"Meestele m\u00f5eldud rahustav niisutuskreem BRTC Skin Lab Homme Soothing Cream, 50ml"}]},{"@type":"WebSite","@id":"https:\/\/idakorea.ee\/#website","url":"https:\/\/idakorea.ee\/","name":"IDA.KOREA","description":"Korean kosmetiikan verkkokauppa","publisher":{"@id":"https:\/\/idakorea.ee\/#organization"},"alternateName":"Beauty Shop","potentialAction":[{"@type":"SearchAction","target":{"@type":"EntryPoint","urlTemplate":"https:\/\/idakorea.ee\/?s={search_term_string}"},"query-input":{"@type":"PropertyValueSpecification","valueRequired":true,"valueName":"search_term_string"}}],"inLanguage":"fi"},{"@type":"Organization","@id":"https:\/\/idakorea.ee\/#organization","name":"IDA.KOREA","url":"https:\/\/idakorea.ee\/","logo":{"@type":"ImageObject","inLanguage":"fi","@id":"https:\/\/idakorea.ee\/#\/schema\/logo\/image\/","url":"https:\/\/idakorea.ee\/wp-content\/uploads\/2024\/05\/cropped-korea3.png","contentUrl":"https:\/\/idakorea.ee\/wp-content\/uploads\/2024\/05\/cropped-korea3.png","width":688,"height":126,"caption":"IDA.KOREA"},"image":{"@id":"https:\/\/idakorea.ee\/#\/schema\/logo\/image\/"},"sameAs":["https:\/\/www.instagram.com\/ida.korea\/"]}]}},"jetpack_sharing_enabled":true,"brands":[{"id":802,"name":"BRTC.","slug":"brtc"}],"_links":{"self":[{"href":"https:\/\/idakorea.ee\/fi\/wp-json\/wp\/v2\/product\/12742","targetHints":{"allow":["GET"]}}],"collection":[{"href":"https:\/\/idakorea.ee\/fi\/wp-json\/wp\/v2\/product"}],"about":[{"href":"https:\/\/idakorea.ee\/fi\/wp-json\/wp\/v2\/types\/product"}],"replies":[{"embeddable":true,"href":"https:\/\/idakorea.ee\/fi\/wp-json\/wp\/v2\/comments?post=12742"}],"version-history":[{"count":3,"href":"https:\/\/idakorea.ee\/fi\/wp-json\/wp\/v2\/product\/12742\/revisions"}],"predecessor-version":[{"id":17510,"href":"https:\/\/idakorea.ee\/fi\/wp-json\/wp\/v2\/product\/12742\/revisions\/17510"}],"wp:featuredmedia":[{"embeddable":true,"href":"https:\/\/idakorea.ee\/fi\/wp-json\/wp\/v2\/media\/12744"}],"wp:attachment":[{"href":"https:\/\/idakorea.ee\/fi\/wp-json\/wp\/v2\/media?parent=12742"}],"wp:term":[{"taxonomy":"pwb-brand","embeddable":true,"href":"https:\/\/idakorea.ee\/fi\/wp-json\/wp\/v2\/pwb-brand?post=12742"},{"taxonomy":"product_brand","embeddable":true,"href":"https:\/\/idakorea.ee\/fi\/wp-json\/wp\/v2\/product_brand?post=12742"},{"taxonomy":"product_cat","embeddable":true,"href":"https:\/\/idakorea.ee\/fi\/wp-json\/wp\/v2\/product_cat?post=12742"},{"taxonomy":"product_tag","embeddable":true,"href":"https:\/\/idakorea.ee\/fi\/wp-json\/wp\/v2\/product_tag?post=12742"}],"curies":[{"name":"wp","href":"https:\/\/api.w.org\/{rel}","templated":true}]}}