{"id":12751,"date":"2025-02-21T15:18:11","date_gmt":"2025-02-21T13:18:11","guid":{"rendered":"https:\/\/idakorea.ee\/?post_type=product&#038;p=12751"},"modified":"2026-01-30T15:08:07","modified_gmt":"2026-01-30T13:08:07","slug":"brtc-skin-lab-homme-cleansing-foam","status":"publish","type":"product","link":"https:\/\/idakorea.ee\/fi\/product\/brtc-skin-lab-homme-cleansing-foam\/","title":{"rendered":"BRTC Skin Lab Homme puhdistusvaahto miehille, 150ml"},"content":{"rendered":"<p>T\u00e4m\u00e4 puhdistusvaahto on suunniteltu erityisesti miesten iholle, ja se tarjoaa hell\u00e4varaisen mutta tehokkaan puhdistuksen. Sen koostumus poistaa lian, ylim\u00e4\u00e4r\u00e4isen \u00f6ljyn ja kuolleet ihosolut kuivattamatta ihoa. Se auttaa my\u00f6s yll\u00e4pit\u00e4m\u00e4\u00e4n ihon kosteustasapainoa, jolloin iho tuntuu raikkaalta ja kosteutetulta jokaisen k\u00e4ytt\u00f6kerran j\u00e4lkeen.<\/p>\n<p>Vaahto on helppo levitt\u00e4\u00e4 ja huuhdella pois, j\u00e4tt\u00e4en ihon puhtaaksi, sile\u00e4ksi ja miellytt\u00e4v\u00e4n pehme\u00e4ksi. Ihanteellinen p\u00e4ivitt\u00e4iseen hoitoon ja valmistelee ihon seuraaville hoitotuotteille. Hypoallergeeninen.<\/p>\n<p>&nbsp;<\/p>\n<p><strong>K\u00e4ytt\u00f6: <\/strong><strong>P\u00e4ivitt\u00e4inen kasvojenpesu: <\/strong>Ota pieni m\u00e4\u00e4r\u00e4 tuotetta. Vaahdota kevyesti vedell\u00e4 ja hiero hell\u00e4varaisesti kaikkialle kasvoille. Huuhtele l\u00e4mpim\u00e4ll\u00e4 vedell\u00e4.<\/p>\n<p><strong>Parranajoon: <\/strong>K\u00e4yt\u00e4 parranajovaahtona ratkaistaksesi parranajon ja kasvojen pesun ongelman yhdell\u00e4 kertaa. Kermainen koostumus takaa tasaisen ajon ja ihon suojan.<\/p>","protected":false},"excerpt":{"rendered":"<p>T\u00e4m\u00e4 puhdistusvaahto on suunniteltu erityisesti miesten iholle, ja se puhdistaa ihon hell\u00e4varaisesti mutta tehokkaasti. Sen koostumus poistaa lian, ylim\u00e4\u00e4r\u00e4isen \u00f6ljyn ja kuolleet ihosolut kuivattamatta ihoa. Se auttaa my\u00f6s yll\u00e4pit\u00e4m\u00e4\u00e4n ihon kosteustasapainoa, jolloin iho on raikas ja kosteutettu jokaisen k\u00e4ytt\u00f6kerran j\u00e4lkeen. Vaahto on helppo levitt\u00e4\u00e4 ja se on imukykyinen, j\u00e4tt\u00e4en ihon puhtaaksi, sile\u00e4ksi ja miellytt\u00e4v\u00e4n pehme\u00e4ksi. Ihanteellinen p\u00e4ivitt\u00e4iseen hoitoon...<\/p>","protected":false},"featured_media":12758,"comment_status":"open","ping_status":"closed","template":"","meta":{"_uf_show_specific_survey":0,"_uf_disable_surveys":false,"_bst_post_transparent":"default","_bst_post_title":"","_bst_post_layout":"default","_bst_post_sidebar_id":"","_bst_post_content_style":"default","_bst_post_vertical_padding":"default","_bst_post_feature":"","_bst_post_feature_position":"","_bst_post_header":false,"_bst_post_footer":false},"pwb-brand":[802],"product_brand":[],"product_cat":[803],"product_tag":[],"class_list":{"0":"post-12751","1":"product","2":"type-product","3":"status-publish","4":"has-post-thumbnail","6":"pwb-brand-brtc","7":"product_cat-meestele","9":"first","10":"outofstock","11":"sale","12":"shipping-taxable","13":"purchasable","14":"product-type-simple","15":"entry","16":"content-bg","17":"loop-entry"},"supplier_id":null,"supplier_sku":"","barcode":null,"atum_controlled":true,"out_stock_date":"2025-07-24 17:28:24","out_stock_threshold":null,"inheritable":false,"inbound_stock":0,"stock_on_hold":0,"sold_today":0,"sales_last_days":0,"out_stock_days":264,"lost_sales":1685,"has_location":false,"update_date":"2026-04-15T00:05:12","atum_locations":[],"atum_stock_status":"outofstock","restock_status":false,"low_stock_amount":"","sales_update_date":"2026-04-15T00:05:12","calc_backorders":null,"yoast_head":"<!-- This site is optimized with the Yoast SEO plugin v27.2 - https:\/\/yoast.com\/product\/yoast-seo-wordpress\/ -->\n<title>BRTC Skin Lab Homme Cleansing Foam - IDA.KOREA<\/title>\n<meta name=\"description\" content=\"See puhastusvaht on spetsiaalselt loodud meeste nahale, pakkudes \u00f5rna, kuid t\u00f5husat puhastust. Selle valem eemaldab mustuse, liigse rasu ja surnud naharakud\" \/>\n<meta name=\"robots\" content=\"index, follow, max-snippet:-1, max-image-preview:large, max-video-preview:-1\" \/>\n<link rel=\"canonical\" href=\"https:\/\/idakorea.ee\/fi\/product\/brtc-skin-lab-homme-cleansing-foam\/\" \/>\n<meta property=\"og:locale\" content=\"fi_FI\" \/>\n<meta property=\"og:type\" content=\"article\" \/>\n<meta property=\"og:title\" content=\"BRTC Skin Lab Homme Cleansing Foam - IDA.KOREA\" \/>\n<meta property=\"og:description\" content=\"See puhastusvaht on spetsiaalselt loodud meeste nahale, pakkudes \u00f5rna, kuid t\u00f5husat puhastust. Selle valem eemaldab mustuse, liigse rasu ja surnud naharakud\" \/>\n<meta property=\"og:url\" content=\"https:\/\/idakorea.ee\/fi\/product\/brtc-skin-lab-homme-cleansing-foam\/\" \/>\n<meta property=\"og:site_name\" content=\"IDA.KOREA\" \/>\n<meta property=\"article:modified_time\" content=\"2026-01-30T13:08:07+00:00\" \/>\n<meta property=\"og:image\" content=\"https:\/\/idakorea.ee\/wp-content\/uploads\/2025\/02\/dfgdfgfrgdr-fasdws.png\" \/>\n\t<meta property=\"og:image:width\" content=\"800\" \/>\n\t<meta property=\"og:image:height\" content=\"800\" \/>\n\t<meta property=\"og:image:type\" content=\"image\/png\" \/>\n<meta name=\"twitter:card\" content=\"summary_large_image\" \/>\n<meta name=\"twitter:label1\" content=\"Arvioitu lukuaika\" \/>\n\t<meta name=\"twitter:data1\" content=\"1 minuutti\" \/>\n<script type=\"application\/ld+json\" class=\"yoast-schema-graph\">{\"@context\":\"https:\/\/schema.org\",\"@graph\":[{\"@type\":\"WebPage\",\"@id\":\"https:\/\/idakorea.ee\/product\/brtc-skin-lab-homme-cleansing-foam\/\",\"url\":\"https:\/\/idakorea.ee\/product\/brtc-skin-lab-homme-cleansing-foam\/\",\"name\":\"BRTC Skin Lab Homme Cleansing Foam - IDA.KOREA\",\"isPartOf\":{\"@id\":\"https:\/\/idakorea.ee\/#website\"},\"primaryImageOfPage\":{\"@id\":\"https:\/\/idakorea.ee\/product\/brtc-skin-lab-homme-cleansing-foam\/#primaryimage\"},\"image\":{\"@id\":\"https:\/\/idakorea.ee\/product\/brtc-skin-lab-homme-cleansing-foam\/#primaryimage\"},\"thumbnailUrl\":\"https:\/\/idakorea.ee\/wp-content\/uploads\/2025\/02\/dfgdfgfrgdr-fasdws.png\",\"datePublished\":\"2025-02-21T13:18:11+00:00\",\"dateModified\":\"2026-01-30T13:08:07+00:00\",\"description\":\"See puhastusvaht on spetsiaalselt loodud meeste nahale, pakkudes \u00f5rna, kuid t\u00f5husat puhastust. Selle valem eemaldab mustuse, liigse rasu ja surnud naharakud\",\"breadcrumb\":{\"@id\":\"https:\/\/idakorea.ee\/product\/brtc-skin-lab-homme-cleansing-foam\/#breadcrumb\"},\"inLanguage\":\"fi\",\"potentialAction\":[{\"@type\":\"ReadAction\",\"target\":[\"https:\/\/idakorea.ee\/product\/brtc-skin-lab-homme-cleansing-foam\/\"]}]},{\"@type\":\"ImageObject\",\"inLanguage\":\"fi\",\"@id\":\"https:\/\/idakorea.ee\/product\/brtc-skin-lab-homme-cleansing-foam\/#primaryimage\",\"url\":\"https:\/\/idakorea.ee\/wp-content\/uploads\/2025\/02\/dfgdfgfrgdr-fasdws.png\",\"contentUrl\":\"https:\/\/idakorea.ee\/wp-content\/uploads\/2025\/02\/dfgdfgfrgdr-fasdws.png\",\"width\":800,\"height\":800},{\"@type\":\"BreadcrumbList\",\"@id\":\"https:\/\/idakorea.ee\/product\/brtc-skin-lab-homme-cleansing-foam\/#breadcrumb\",\"itemListElement\":[{\"@type\":\"ListItem\",\"position\":1,\"name\":\"\u0413\u043b\u0430\u0432\u043d\u0430\u044f \u0441\u0442\u0440\u0430\u043d\u0438\u0446\u0430\",\"item\":\"https:\/\/idakorea.ee\/\"},{\"@type\":\"ListItem\",\"position\":2,\"name\":\"Shop\",\"item\":\"https:\/\/idakorea.ee\/shop-2\/\"},{\"@type\":\"ListItem\",\"position\":3,\"name\":\"Meestele m\u00f5eldud puhastusvaht BRTC Skin Lab Homme Cleansing Foam, 150ml\"}]},{\"@type\":\"WebSite\",\"@id\":\"https:\/\/idakorea.ee\/#website\",\"url\":\"https:\/\/idakorea.ee\/\",\"name\":\"IDA.KOREA\",\"description\":\"Korea kosmeetika e-pood\",\"publisher\":{\"@id\":\"https:\/\/idakorea.ee\/#organization\"},\"alternateName\":\"Beauty Shop\",\"potentialAction\":[{\"@type\":\"SearchAction\",\"target\":{\"@type\":\"EntryPoint\",\"urlTemplate\":\"https:\/\/idakorea.ee\/?s={search_term_string}\"},\"query-input\":{\"@type\":\"PropertyValueSpecification\",\"valueRequired\":true,\"valueName\":\"search_term_string\"}}],\"inLanguage\":\"fi\"},{\"@type\":\"Organization\",\"@id\":\"https:\/\/idakorea.ee\/#organization\",\"name\":\"IDA.KOREA\",\"url\":\"https:\/\/idakorea.ee\/\",\"logo\":{\"@type\":\"ImageObject\",\"inLanguage\":\"fi\",\"@id\":\"https:\/\/idakorea.ee\/#\/schema\/logo\/image\/\",\"url\":\"https:\/\/idakorea.ee\/wp-content\/uploads\/2024\/05\/cropped-korea3.png\",\"contentUrl\":\"https:\/\/idakorea.ee\/wp-content\/uploads\/2024\/05\/cropped-korea3.png\",\"width\":688,\"height\":126,\"caption\":\"IDA.KOREA\"},\"image\":{\"@id\":\"https:\/\/idakorea.ee\/#\/schema\/logo\/image\/\"},\"sameAs\":[\"https:\/\/www.instagram.com\/ida.korea\/\"]}]}<\/script>\n<!-- \/ Yoast SEO plugin. -->","yoast_head_json":{"title":"BRTC Skin Lab Homme -puhdistusvaahto - IDA.KOREA","description":"T\u00e4m\u00e4 puhdistusvaahto on suunniteltu erityisesti miesten iholle ja se puhdistaa hell\u00e4varaisesti mutta tehokkaasti. Sen koostumus poistaa lian, ylim\u00e4\u00e4r\u00e4isen rasvan ja kuolleet ihosolut.","robots":{"index":"index","follow":"follow","max-snippet":"max-snippet:-1","max-image-preview":"max-image-preview:large","max-video-preview":"max-video-preview:-1"},"canonical":"https:\/\/idakorea.ee\/fi\/product\/brtc-skin-lab-homme-cleansing-foam\/","og_locale":"fi_FI","og_type":"article","og_title":"BRTC Skin Lab Homme Cleansing Foam - IDA.KOREA","og_description":"See puhastusvaht on spetsiaalselt loodud meeste nahale, pakkudes \u00f5rna, kuid t\u00f5husat puhastust. Selle valem eemaldab mustuse, liigse rasu ja surnud naharakud","og_url":"https:\/\/idakorea.ee\/fi\/product\/brtc-skin-lab-homme-cleansing-foam\/","og_site_name":"IDA.KOREA","article_modified_time":"2026-01-30T13:08:07+00:00","og_image":[{"width":800,"height":800,"url":"https:\/\/idakorea.ee\/wp-content\/uploads\/2025\/02\/dfgdfgfrgdr-fasdws.png","type":"image\/png"}],"twitter_card":"summary_large_image","twitter_misc":{"Arvioitu lukuaika":"1 minuutti"},"schema":{"@context":"https:\/\/schema.org","@graph":[{"@type":"WebPage","@id":"https:\/\/idakorea.ee\/product\/brtc-skin-lab-homme-cleansing-foam\/","url":"https:\/\/idakorea.ee\/product\/brtc-skin-lab-homme-cleansing-foam\/","name":"BRTC Skin Lab Homme -puhdistusvaahto - IDA.KOREA","isPartOf":{"@id":"https:\/\/idakorea.ee\/#website"},"primaryImageOfPage":{"@id":"https:\/\/idakorea.ee\/product\/brtc-skin-lab-homme-cleansing-foam\/#primaryimage"},"image":{"@id":"https:\/\/idakorea.ee\/product\/brtc-skin-lab-homme-cleansing-foam\/#primaryimage"},"thumbnailUrl":"https:\/\/idakorea.ee\/wp-content\/uploads\/2025\/02\/dfgdfgfrgdr-fasdws.png","datePublished":"2025-02-21T13:18:11+00:00","dateModified":"2026-01-30T13:08:07+00:00","description":"T\u00e4m\u00e4 puhdistusvaahto on suunniteltu erityisesti miesten iholle ja se puhdistaa hell\u00e4varaisesti mutta tehokkaasti. Sen koostumus poistaa lian, ylim\u00e4\u00e4r\u00e4isen rasvan ja kuolleet ihosolut.","breadcrumb":{"@id":"https:\/\/idakorea.ee\/product\/brtc-skin-lab-homme-cleansing-foam\/#breadcrumb"},"inLanguage":"fi","potentialAction":[{"@type":"ReadAction","target":["https:\/\/idakorea.ee\/product\/brtc-skin-lab-homme-cleansing-foam\/"]}]},{"@type":"ImageObject","inLanguage":"fi","@id":"https:\/\/idakorea.ee\/product\/brtc-skin-lab-homme-cleansing-foam\/#primaryimage","url":"https:\/\/idakorea.ee\/wp-content\/uploads\/2025\/02\/dfgdfgfrgdr-fasdws.png","contentUrl":"https:\/\/idakorea.ee\/wp-content\/uploads\/2025\/02\/dfgdfgfrgdr-fasdws.png","width":800,"height":800},{"@type":"BreadcrumbList","@id":"https:\/\/idakorea.ee\/product\/brtc-skin-lab-homme-cleansing-foam\/#breadcrumb","itemListElement":[{"@type":"ListItem","position":1,"name":"\u0413\u043b\u0430\u0432\u043d\u0430\u044f \u0441\u0442\u0440\u0430\u043d\u0438\u0446\u0430","item":"https:\/\/idakorea.ee\/"},{"@type":"ListItem","position":2,"name":"Shop","item":"https:\/\/idakorea.ee\/shop-2\/"},{"@type":"ListItem","position":3,"name":"Meestele m\u00f5eldud puhastusvaht BRTC Skin Lab Homme Cleansing Foam, 150ml"}]},{"@type":"WebSite","@id":"https:\/\/idakorea.ee\/#website","url":"https:\/\/idakorea.ee\/","name":"IDA.KOREA","description":"Korean kosmetiikan verkkokauppa","publisher":{"@id":"https:\/\/idakorea.ee\/#organization"},"alternateName":"Beauty Shop","potentialAction":[{"@type":"SearchAction","target":{"@type":"EntryPoint","urlTemplate":"https:\/\/idakorea.ee\/?s={search_term_string}"},"query-input":{"@type":"PropertyValueSpecification","valueRequired":true,"valueName":"search_term_string"}}],"inLanguage":"fi"},{"@type":"Organization","@id":"https:\/\/idakorea.ee\/#organization","name":"IDA.KOREA","url":"https:\/\/idakorea.ee\/","logo":{"@type":"ImageObject","inLanguage":"fi","@id":"https:\/\/idakorea.ee\/#\/schema\/logo\/image\/","url":"https:\/\/idakorea.ee\/wp-content\/uploads\/2024\/05\/cropped-korea3.png","contentUrl":"https:\/\/idakorea.ee\/wp-content\/uploads\/2024\/05\/cropped-korea3.png","width":688,"height":126,"caption":"IDA.KOREA"},"image":{"@id":"https:\/\/idakorea.ee\/#\/schema\/logo\/image\/"},"sameAs":["https:\/\/www.instagram.com\/ida.korea\/"]}]}},"jetpack_sharing_enabled":true,"brands":[{"id":802,"name":"BRTC.","slug":"brtc"}],"_links":{"self":[{"href":"https:\/\/idakorea.ee\/fi\/wp-json\/wp\/v2\/product\/12751","targetHints":{"allow":["GET"]}}],"collection":[{"href":"https:\/\/idakorea.ee\/fi\/wp-json\/wp\/v2\/product"}],"about":[{"href":"https:\/\/idakorea.ee\/fi\/wp-json\/wp\/v2\/types\/product"}],"replies":[{"embeddable":true,"href":"https:\/\/idakorea.ee\/fi\/wp-json\/wp\/v2\/comments?post=12751"}],"version-history":[{"count":3,"href":"https:\/\/idakorea.ee\/fi\/wp-json\/wp\/v2\/product\/12751\/revisions"}],"predecessor-version":[{"id":14293,"href":"https:\/\/idakorea.ee\/fi\/wp-json\/wp\/v2\/product\/12751\/revisions\/14293"}],"wp:featuredmedia":[{"embeddable":true,"href":"https:\/\/idakorea.ee\/fi\/wp-json\/wp\/v2\/media\/12758"}],"wp:attachment":[{"href":"https:\/\/idakorea.ee\/fi\/wp-json\/wp\/v2\/media?parent=12751"}],"wp:term":[{"taxonomy":"pwb-brand","embeddable":true,"href":"https:\/\/idakorea.ee\/fi\/wp-json\/wp\/v2\/pwb-brand?post=12751"},{"taxonomy":"product_brand","embeddable":true,"href":"https:\/\/idakorea.ee\/fi\/wp-json\/wp\/v2\/product_brand?post=12751"},{"taxonomy":"product_cat","embeddable":true,"href":"https:\/\/idakorea.ee\/fi\/wp-json\/wp\/v2\/product_cat?post=12751"},{"taxonomy":"product_tag","embeddable":true,"href":"https:\/\/idakorea.ee\/fi\/wp-json\/wp\/v2\/product_tag?post=12751"}],"curies":[{"name":"wp","href":"https:\/\/api.w.org\/{rel}","templated":true}]}}