{"id":12760,"date":"2025-02-21T11:45:07","date_gmt":"2025-02-21T09:45:07","guid":{"rendered":"https:\/\/idakorea.ee\/?post_type=product&#038;p=12760"},"modified":"2026-03-13T13:49:13","modified_gmt":"2026-03-13T11:49:13","slug":"rahustav-ja-niisutav-kreem-tundlikule-nahale-baroness-cica-intense-cream-50ml","status":"publish","type":"product","link":"https:\/\/idakorea.ee\/fi\/product\/rahustav-ja-niisutav-kreem-tundlikule-nahale-baroness-cica-intense-cream-50ml\/","title":{"rendered":"Rauhoittava ja kosteuttava voide herk\u00e4lle iholle Baroness Kitty Intense Cream, 50ml."},"content":{"rendered":"<p><strong>Baroness Cica -intensiivivoide<\/strong> on kevyt ja virkist\u00e4v\u00e4 voide, joka rauhoittaa ihoa v\u00e4litt\u00f6m\u00e4sti, lievitt\u00e4\u00e4 stressi\u00e4, kosteuttaa syv\u00e4lt\u00e4 ja auttaa yll\u00e4pit\u00e4m\u00e4\u00e4n kosteustasapainoa pitk\u00e4kestoisesti. Voide vahvistaa ihon suojakerrosta ja auttaa sit\u00e4 vastustamaan ulkoisen ymp\u00e4rist\u00f6n haitallisia vaikutuksia, kuten UV-s\u00e4teily\u00e4, tuulta ja \u00e4\u00e4rimm\u00e4isi\u00e4 l\u00e4mp\u00f6tiloja. V\u00e4hent\u00e4\u00e4 ihon kuivuutta, hilseily\u00e4 ja kireyden tunnetta.<\/p>\n<p><strong>T\u00e4rkeimm\u00e4t vaikuttavat aineet:<\/strong><\/p>\n<p><strong>Centella Asiatica (Centella Asiatica)<\/strong> \u2013 tunnetaan &quot;nuoruuden l\u00e4hteen\u00e4&quot;, sis\u00e4lt\u00e4\u00e4 triterpeenisaponiineja, C-vitamiinia, flavonoideja ja tanniineja, jotka rauhoittavat, palauttavat ja suojaavat ihoa.<\/p>\n<p><strong>Aloe vera -uute<\/strong> \u2013 kosteuttaa ja pehment\u00e4\u00e4 ihoa, v\u00e4hent\u00e4\u00e4 \u00e4rsytyst\u00e4.<br \/>\n<strong>Skvalaani ja glyseriini<\/strong> \u2013 vahvistaa ihon luonnollista suojakerrosta ja est\u00e4\u00e4 kosteuden haihtumista.<br \/>\n<strong>Ruusu- ja lootusuutteet<\/strong> \u2013 elvytt\u00e4\u00e4 ihoa ja antaa sille hehkun.<br \/>\n<strong>Kulta- ja vihre\u00e4n teen uute<\/strong> \u2013 tehokkaita antioksidantteja, jotka auttavat torjumaan vapaita radikaaleja ja ik\u00e4\u00e4ntymisen merkkej\u00e4.<\/p>\n<p>&nbsp;<\/p>\n<p>Ihanteellinen herk\u00e4lle ja ongelmalliselle iholle.<\/p>\n<p><strong>K\u00e4ytt\u00f6: <\/strong>Levit\u00e4 voidetta puhdistetuille ja kasvovedelle kasvoille, kaulalle ja dekolteelle ja hiero kevyesti, kunnes se on imeytynyt.<\/p>","protected":false},"excerpt":{"rendered":"<p>Baroness Kitty Intense Cream on kevyt ja virkist\u00e4v\u00e4 koostumusvoide, joka rauhoittaa ihoa v\u00e4litt\u00f6m\u00e4sti, lievitt\u00e4\u00e4 stressi\u00e4, syv\u00e4kosteuttaa ja auttaa s\u00e4ilytt\u00e4m\u00e4\u00e4n kosteustasapainon ajan my\u00f6t\u00e4. Voide vahvistaa ihon suojakerrosta ja auttaa sit\u00e4 vastustamaan ulkoisen ymp\u00e4rist\u00f6n haitallisia vaikutuksia, kuten UV-s\u00e4teit\u00e4, tuulta ja \u00e4\u00e4rimm\u00e4isi\u00e4 l\u00e4mp\u00f6tiloja. V\u00e4hent\u00e4\u00e4 kuivuutta, hilseily\u00e4 ja ihon vedon tunnetta. T\u00e4rkeimm\u00e4t aktiiviset ainesosat.<\/p>","protected":false},"featured_media":12765,"comment_status":"open","ping_status":"closed","template":"","meta":{"_uf_show_specific_survey":0,"_uf_disable_surveys":false,"_bst_post_transparent":"default","_bst_post_title":"","_bst_post_layout":"default","_bst_post_sidebar_id":"","_bst_post_content_style":"default","_bst_post_vertical_padding":"default","_bst_post_feature":"","_bst_post_feature_position":"","_bst_post_header":false,"_bst_post_footer":false},"pwb-brand":[805],"product_brand":[],"product_cat":[92,96],"product_tag":[807,568,806],"class_list":{"0":"post-12760","1":"product","2":"type-product","3":"status-publish","4":"has-post-thumbnail","6":"pwb-brand-baroness","7":"product_cat-nagu","8":"product_cat-naokreemid","9":"product_tag-baroness","10":"product_tag-korea","11":"product_tag-prof","13":"first","14":"instock","15":"sale","16":"shipping-taxable","17":"purchasable","18":"product-type-simple","19":"entry","20":"content-bg","21":"loop-entry"},"supplier_id":null,"supplier_sku":"","barcode":null,"atum_controlled":true,"out_stock_date":null,"out_stock_threshold":null,"inheritable":false,"inbound_stock":0,"stock_on_hold":0,"sold_today":0,"sales_last_days":0,"out_stock_days":0,"lost_sales":0,"has_location":false,"update_date":"2026-04-15T00:05:14","atum_locations":[],"atum_stock_status":"instock","restock_status":false,"low_stock_amount":"","sales_update_date":"2026-04-15T00:05:14","calc_backorders":null,"yoast_head":"<!-- This site is optimized with the Yoast SEO plugin v27.2 - https:\/\/yoast.com\/product\/yoast-seo-wordpress\/ -->\n<title>Rahustav ja niisutav kreem tundlikule nahale Baroness Cica Intense Cream, 50ml - IDA.KOREA<\/title>\n<meta name=\"robots\" content=\"index, follow, max-snippet:-1, max-image-preview:large, max-video-preview:-1\" \/>\n<link rel=\"canonical\" href=\"https:\/\/idakorea.ee\/fi\/product\/rahustav-ja-niisutav-kreem-tundlikule-nahale-baroness-cica-intense-cream-50ml\/\" \/>\n<meta property=\"og:locale\" content=\"fi_FI\" \/>\n<meta property=\"og:type\" content=\"article\" \/>\n<meta property=\"og:title\" content=\"Rahustav ja niisutav kreem tundlikule nahale Baroness Cica Intense Cream, 50ml - IDA.KOREA\" \/>\n<meta property=\"og:description\" content=\"Baroness Cica Intense Cream on kerge ja v\u00e4rskendava tekstuuriga kreem, mis rahustab nahka koheselt, leevendab stressi, niisutab s\u00fcgavuti ja aitab s\u00e4ilitada niiskustasakaalu pika aja v\u00e4ltel. Kreem tugevdab naha kaitsebarj\u00e4\u00e4ri, aidates tal vastu seista v\u00e4liskeskkonna kahjulikele m\u00f5judele, nagu UV-kiirgus, tuul, \u00e4\u00e4rmuslikud temperatuurid. V\u00e4hendab kuivust, ketendust ja naha kiskuvat tunnet. Peamised toimeained: Aasia vesinaba (Centella Asiatica) \u2013...\" \/>\n<meta property=\"og:url\" content=\"https:\/\/idakorea.ee\/fi\/product\/rahustav-ja-niisutav-kreem-tundlikule-nahale-baroness-cica-intense-cream-50ml\/\" \/>\n<meta property=\"og:site_name\" content=\"IDA.KOREA\" \/>\n<meta property=\"article:modified_time\" content=\"2026-03-13T11:49:13+00:00\" \/>\n<meta property=\"og:image\" content=\"https:\/\/idakorea.ee\/wp-content\/uploads\/2025\/02\/qqewretrytt-yrrwewewer.png\" \/>\n\t<meta property=\"og:image:width\" content=\"800\" \/>\n\t<meta property=\"og:image:height\" content=\"800\" \/>\n\t<meta property=\"og:image:type\" content=\"image\/png\" \/>\n<meta name=\"twitter:card\" content=\"summary_large_image\" \/>\n<meta name=\"twitter:label1\" content=\"Arvioitu lukuaika\" \/>\n\t<meta name=\"twitter:data1\" content=\"1 minuutti\" \/>\n<script type=\"application\/ld+json\" class=\"yoast-schema-graph\">{\"@context\":\"https:\/\/schema.org\",\"@graph\":[{\"@type\":\"WebPage\",\"@id\":\"https:\/\/idakorea.ee\/product\/rahustav-ja-niisutav-kreem-tundlikule-nahale-baroness-cica-intense-cream-50ml\/\",\"url\":\"https:\/\/idakorea.ee\/product\/rahustav-ja-niisutav-kreem-tundlikule-nahale-baroness-cica-intense-cream-50ml\/\",\"name\":\"Rahustav ja niisutav kreem tundlikule nahale Baroness Cica Intense Cream, 50ml - IDA.KOREA\",\"isPartOf\":{\"@id\":\"https:\/\/idakorea.ee\/#website\"},\"primaryImageOfPage\":{\"@id\":\"https:\/\/idakorea.ee\/product\/rahustav-ja-niisutav-kreem-tundlikule-nahale-baroness-cica-intense-cream-50ml\/#primaryimage\"},\"image\":{\"@id\":\"https:\/\/idakorea.ee\/product\/rahustav-ja-niisutav-kreem-tundlikule-nahale-baroness-cica-intense-cream-50ml\/#primaryimage\"},\"thumbnailUrl\":\"https:\/\/idakorea.ee\/wp-content\/uploads\/2025\/02\/qqewretrytt-yrrwewewer.png\",\"datePublished\":\"2025-02-21T09:45:07+00:00\",\"dateModified\":\"2026-03-13T11:49:13+00:00\",\"breadcrumb\":{\"@id\":\"https:\/\/idakorea.ee\/product\/rahustav-ja-niisutav-kreem-tundlikule-nahale-baroness-cica-intense-cream-50ml\/#breadcrumb\"},\"inLanguage\":\"fi\",\"potentialAction\":[{\"@type\":\"ReadAction\",\"target\":[\"https:\/\/idakorea.ee\/product\/rahustav-ja-niisutav-kreem-tundlikule-nahale-baroness-cica-intense-cream-50ml\/\"]}]},{\"@type\":\"ImageObject\",\"inLanguage\":\"fi\",\"@id\":\"https:\/\/idakorea.ee\/product\/rahustav-ja-niisutav-kreem-tundlikule-nahale-baroness-cica-intense-cream-50ml\/#primaryimage\",\"url\":\"https:\/\/idakorea.ee\/wp-content\/uploads\/2025\/02\/qqewretrytt-yrrwewewer.png\",\"contentUrl\":\"https:\/\/idakorea.ee\/wp-content\/uploads\/2025\/02\/qqewretrytt-yrrwewewer.png\",\"width\":800,\"height\":800},{\"@type\":\"BreadcrumbList\",\"@id\":\"https:\/\/idakorea.ee\/product\/rahustav-ja-niisutav-kreem-tundlikule-nahale-baroness-cica-intense-cream-50ml\/#breadcrumb\",\"itemListElement\":[{\"@type\":\"ListItem\",\"position\":1,\"name\":\"\u0413\u043b\u0430\u0432\u043d\u0430\u044f \u0441\u0442\u0440\u0430\u043d\u0438\u0446\u0430\",\"item\":\"https:\/\/idakorea.ee\/\"},{\"@type\":\"ListItem\",\"position\":2,\"name\":\"Shop\",\"item\":\"https:\/\/idakorea.ee\/shop-2\/\"},{\"@type\":\"ListItem\",\"position\":3,\"name\":\"Rahustav ja niisutav kreem tundlikule nahale Baroness Cica Intense Cream, 50ml\"}]},{\"@type\":\"WebSite\",\"@id\":\"https:\/\/idakorea.ee\/#website\",\"url\":\"https:\/\/idakorea.ee\/\",\"name\":\"IDA.KOREA\",\"description\":\"Korea kosmeetika e-pood\",\"publisher\":{\"@id\":\"https:\/\/idakorea.ee\/#organization\"},\"alternateName\":\"Beauty Shop\",\"potentialAction\":[{\"@type\":\"SearchAction\",\"target\":{\"@type\":\"EntryPoint\",\"urlTemplate\":\"https:\/\/idakorea.ee\/?s={search_term_string}\"},\"query-input\":{\"@type\":\"PropertyValueSpecification\",\"valueRequired\":true,\"valueName\":\"search_term_string\"}}],\"inLanguage\":\"fi\"},{\"@type\":\"Organization\",\"@id\":\"https:\/\/idakorea.ee\/#organization\",\"name\":\"IDA.KOREA\",\"url\":\"https:\/\/idakorea.ee\/\",\"logo\":{\"@type\":\"ImageObject\",\"inLanguage\":\"fi\",\"@id\":\"https:\/\/idakorea.ee\/#\/schema\/logo\/image\/\",\"url\":\"https:\/\/idakorea.ee\/wp-content\/uploads\/2024\/05\/cropped-korea3.png\",\"contentUrl\":\"https:\/\/idakorea.ee\/wp-content\/uploads\/2024\/05\/cropped-korea3.png\",\"width\":688,\"height\":126,\"caption\":\"IDA.KOREA\"},\"image\":{\"@id\":\"https:\/\/idakorea.ee\/#\/schema\/logo\/image\/\"},\"sameAs\":[\"https:\/\/www.instagram.com\/ida.korea\/\"]}]}<\/script>\n<!-- \/ Yoast SEO plugin. -->","yoast_head_json":{"title":"Rauhoittava ja kosteuttava voide herk\u00e4lle iholle Baroness Cica Intense Cream, 50ml - IDA.KOREA","robots":{"index":"index","follow":"follow","max-snippet":"max-snippet:-1","max-image-preview":"max-image-preview:large","max-video-preview":"max-video-preview:-1"},"canonical":"https:\/\/idakorea.ee\/fi\/product\/rahustav-ja-niisutav-kreem-tundlikule-nahale-baroness-cica-intense-cream-50ml\/","og_locale":"fi_FI","og_type":"article","og_title":"Rahustav ja niisutav kreem tundlikule nahale Baroness Cica Intense Cream, 50ml - IDA.KOREA","og_description":"Baroness Cica Intense Cream on kerge ja v\u00e4rskendava tekstuuriga kreem, mis rahustab nahka koheselt, leevendab stressi, niisutab s\u00fcgavuti ja aitab s\u00e4ilitada niiskustasakaalu pika aja v\u00e4ltel. Kreem tugevdab naha kaitsebarj\u00e4\u00e4ri, aidates tal vastu seista v\u00e4liskeskkonna kahjulikele m\u00f5judele, nagu UV-kiirgus, tuul, \u00e4\u00e4rmuslikud temperatuurid. V\u00e4hendab kuivust, ketendust ja naha kiskuvat tunnet. Peamised toimeained: Aasia vesinaba (Centella Asiatica) \u2013...","og_url":"https:\/\/idakorea.ee\/fi\/product\/rahustav-ja-niisutav-kreem-tundlikule-nahale-baroness-cica-intense-cream-50ml\/","og_site_name":"IDA.KOREA","article_modified_time":"2026-03-13T11:49:13+00:00","og_image":[{"width":800,"height":800,"url":"https:\/\/idakorea.ee\/wp-content\/uploads\/2025\/02\/qqewretrytt-yrrwewewer.png","type":"image\/png"}],"twitter_card":"summary_large_image","twitter_misc":{"Arvioitu lukuaika":"1 minuutti"},"schema":{"@context":"https:\/\/schema.org","@graph":[{"@type":"WebPage","@id":"https:\/\/idakorea.ee\/product\/rahustav-ja-niisutav-kreem-tundlikule-nahale-baroness-cica-intense-cream-50ml\/","url":"https:\/\/idakorea.ee\/product\/rahustav-ja-niisutav-kreem-tundlikule-nahale-baroness-cica-intense-cream-50ml\/","name":"Rauhoittava ja kosteuttava voide herk\u00e4lle iholle Baroness Cica Intense Cream, 50ml - IDA.KOREA","isPartOf":{"@id":"https:\/\/idakorea.ee\/#website"},"primaryImageOfPage":{"@id":"https:\/\/idakorea.ee\/product\/rahustav-ja-niisutav-kreem-tundlikule-nahale-baroness-cica-intense-cream-50ml\/#primaryimage"},"image":{"@id":"https:\/\/idakorea.ee\/product\/rahustav-ja-niisutav-kreem-tundlikule-nahale-baroness-cica-intense-cream-50ml\/#primaryimage"},"thumbnailUrl":"https:\/\/idakorea.ee\/wp-content\/uploads\/2025\/02\/qqewretrytt-yrrwewewer.png","datePublished":"2025-02-21T09:45:07+00:00","dateModified":"2026-03-13T11:49:13+00:00","breadcrumb":{"@id":"https:\/\/idakorea.ee\/product\/rahustav-ja-niisutav-kreem-tundlikule-nahale-baroness-cica-intense-cream-50ml\/#breadcrumb"},"inLanguage":"fi","potentialAction":[{"@type":"ReadAction","target":["https:\/\/idakorea.ee\/product\/rahustav-ja-niisutav-kreem-tundlikule-nahale-baroness-cica-intense-cream-50ml\/"]}]},{"@type":"ImageObject","inLanguage":"fi","@id":"https:\/\/idakorea.ee\/product\/rahustav-ja-niisutav-kreem-tundlikule-nahale-baroness-cica-intense-cream-50ml\/#primaryimage","url":"https:\/\/idakorea.ee\/wp-content\/uploads\/2025\/02\/qqewretrytt-yrrwewewer.png","contentUrl":"https:\/\/idakorea.ee\/wp-content\/uploads\/2025\/02\/qqewretrytt-yrrwewewer.png","width":800,"height":800},{"@type":"BreadcrumbList","@id":"https:\/\/idakorea.ee\/product\/rahustav-ja-niisutav-kreem-tundlikule-nahale-baroness-cica-intense-cream-50ml\/#breadcrumb","itemListElement":[{"@type":"ListItem","position":1,"name":"\u0413\u043b\u0430\u0432\u043d\u0430\u044f \u0441\u0442\u0440\u0430\u043d\u0438\u0446\u0430","item":"https:\/\/idakorea.ee\/"},{"@type":"ListItem","position":2,"name":"Shop","item":"https:\/\/idakorea.ee\/shop-2\/"},{"@type":"ListItem","position":3,"name":"Rahustav ja niisutav kreem tundlikule nahale Baroness Cica Intense Cream, 50ml"}]},{"@type":"WebSite","@id":"https:\/\/idakorea.ee\/#website","url":"https:\/\/idakorea.ee\/","name":"IDA.KOREA","description":"Korean kosmetiikan verkkokauppa","publisher":{"@id":"https:\/\/idakorea.ee\/#organization"},"alternateName":"Beauty Shop","potentialAction":[{"@type":"SearchAction","target":{"@type":"EntryPoint","urlTemplate":"https:\/\/idakorea.ee\/?s={search_term_string}"},"query-input":{"@type":"PropertyValueSpecification","valueRequired":true,"valueName":"search_term_string"}}],"inLanguage":"fi"},{"@type":"Organization","@id":"https:\/\/idakorea.ee\/#organization","name":"IDA.KOREA","url":"https:\/\/idakorea.ee\/","logo":{"@type":"ImageObject","inLanguage":"fi","@id":"https:\/\/idakorea.ee\/#\/schema\/logo\/image\/","url":"https:\/\/idakorea.ee\/wp-content\/uploads\/2024\/05\/cropped-korea3.png","contentUrl":"https:\/\/idakorea.ee\/wp-content\/uploads\/2024\/05\/cropped-korea3.png","width":688,"height":126,"caption":"IDA.KOREA"},"image":{"@id":"https:\/\/idakorea.ee\/#\/schema\/logo\/image\/"},"sameAs":["https:\/\/www.instagram.com\/ida.korea\/"]}]}},"jetpack_sharing_enabled":true,"brands":[{"id":805,"name":"PARONITAR","slug":"baroness"}],"_links":{"self":[{"href":"https:\/\/idakorea.ee\/fi\/wp-json\/wp\/v2\/product\/12760","targetHints":{"allow":["GET"]}}],"collection":[{"href":"https:\/\/idakorea.ee\/fi\/wp-json\/wp\/v2\/product"}],"about":[{"href":"https:\/\/idakorea.ee\/fi\/wp-json\/wp\/v2\/types\/product"}],"replies":[{"embeddable":true,"href":"https:\/\/idakorea.ee\/fi\/wp-json\/wp\/v2\/comments?post=12760"}],"version-history":[{"count":1,"href":"https:\/\/idakorea.ee\/fi\/wp-json\/wp\/v2\/product\/12760\/revisions"}],"predecessor-version":[{"id":12763,"href":"https:\/\/idakorea.ee\/fi\/wp-json\/wp\/v2\/product\/12760\/revisions\/12763"}],"wp:featuredmedia":[{"embeddable":true,"href":"https:\/\/idakorea.ee\/fi\/wp-json\/wp\/v2\/media\/12765"}],"wp:attachment":[{"href":"https:\/\/idakorea.ee\/fi\/wp-json\/wp\/v2\/media?parent=12760"}],"wp:term":[{"taxonomy":"pwb-brand","embeddable":true,"href":"https:\/\/idakorea.ee\/fi\/wp-json\/wp\/v2\/pwb-brand?post=12760"},{"taxonomy":"product_brand","embeddable":true,"href":"https:\/\/idakorea.ee\/fi\/wp-json\/wp\/v2\/product_brand?post=12760"},{"taxonomy":"product_cat","embeddable":true,"href":"https:\/\/idakorea.ee\/fi\/wp-json\/wp\/v2\/product_cat?post=12760"},{"taxonomy":"product_tag","embeddable":true,"href":"https:\/\/idakorea.ee\/fi\/wp-json\/wp\/v2\/product_tag?post=12760"}],"curies":[{"name":"wp","href":"https:\/\/api.w.org\/{rel}","templated":true}]}}