{"id":12784,"date":"2025-02-23T11:59:50","date_gmt":"2025-02-23T09:59:50","guid":{"rendered":"https:\/\/idakorea.ee\/?post_type=product&#038;p=12784"},"modified":"2026-04-09T13:09:36","modified_gmt":"2026-04-09T11:09:36","slug":"medicube-pdrn-pink-peptide-serum","status":"publish","type":"product","link":"https:\/\/idakorea.ee\/fi\/product\/medicube-pdrn-pink-peptide-serum\/","title":{"rendered":"Medicube PDRN Pink Peptide Anti-Aging seerumi, 30ml"},"content":{"rendered":"<p><strong>Medicube PDRN Pink Peptide Serum<\/strong> \u2013 eritt\u00e4in aktiivinen ik\u00e4\u00e4ntymist\u00e4 ehk\u00e4isev\u00e4 seerumi, joka k\u00e4ytt\u00e4\u00e4 lohen DNA:sta johdettua PDRN:\u00e4\u00e4. T\u00e4m\u00e4 innovatiivinen ainesosa edist\u00e4\u00e4 ihon uudistumista, parantaa sen rakennetta ja lis\u00e4\u00e4 kimmoisuutta. Seerumi on rikastettu peptideill\u00e4 ja muilla aktiivisilla ainesosilla, jotka yhdess\u00e4 auttavat palauttamaan ihon nuorekkuuden ja hehkun.<\/p>\n<p><strong>T\u00e4rkeimm\u00e4t vaikuttavat aineet:<\/strong><\/p>\n<ul>\n<li><strong>PDRN (lohen DNA):<\/strong> tehokas palauttava ainesosa, joka stimuloi solujen uusiutumista, nopeuttaa paranemista ja parantaa ihon kimmoisuutta.<\/li>\n<li><strong>Peptidikompleksi:<\/strong> lis\u00e4\u00e4 ihon tiheytt\u00e4, vahvistaa sen rakennetta ja ehk\u00e4isee uusien ryppyjen muodostumista.<\/li>\n<li><strong>Niasiiniamidi:<\/strong> torjuu pigmenttimuutoksia, tasoittaa ihon s\u00e4vy\u00e4 ja antaa terveen hehkun.<\/li>\n<li><strong>Adenosiini:<\/strong> v\u00e4hent\u00e4\u00e4 ryppyjen n\u00e4kyvyytt\u00e4, ehk\u00e4isee niiden muodostumista ja tekee ihosta sile\u00e4mm\u00e4n.<\/li>\n<li><strong>Antioksidantit (mukaan lukien basilikauute):<\/strong> suojaa ihoa ulkoisilta vaikutuksilta ja vaurioilta.<\/li>\n<\/ul>\n<p><strong>Tuotteen ominaisuudet:<\/strong><\/p>\n<ul>\n<li>Stimuloi ihon luonnollista uudistumista lohen DNA:n avulla.<\/li>\n<li>Kosteuttaa ihoa syv\u00e4lt\u00e4 ja palauttaa sen kiinteyden ja sileyden.<\/li>\n<li>Imeytyy nopeasti, sopii kaikille ihotyypeille, my\u00f6s herk\u00e4lle iholle.<\/li>\n<li>Ei sis\u00e4ll\u00e4 haitallisia lis\u00e4aineita, kuten parabeeneja tai mineraali\u00f6ljyj\u00e4.<\/li>\n<li>Sopii k\u00e4ytett\u00e4v\u00e4ksi sek\u00e4 aamulla ett\u00e4 illalla.<\/li>\n<\/ul>\n<p><strong>K\u00e4ytt\u00f6: <\/strong>Puhdistuksen ja kasvoveden j\u00e4lkeen levit\u00e4 pieni m\u00e4\u00e4r\u00e4 seerumia kasvoille ja kaulalle. Taputtele kevyesti, kunnes seerumi on t\u00e4ysin imeytynyt.<\/p>","protected":false},"excerpt":{"rendered":"<p>Medicube PDRN Pink Peptide Serum - eritt\u00e4in aktiivinen anti-ageing-seerumi, jossa k\u00e4ytet\u00e4\u00e4n lohen DNA:sta per\u00e4isin olevaa PDRN:\u00e4\u00e4. T\u00e4m\u00e4 innovatiivinen ainesosa edist\u00e4\u00e4 ihon uudistumista, parantaa ihon koostumusta ja lis\u00e4\u00e4 kimmoisuutta. Seerumi on rikastettu peptideill\u00e4 ja muilla aktiivisilla ainesosilla, jotka yhdess\u00e4 auttavat palauttamaan ihon nuorekkuuden ja s\u00e4teilyn. T\u00e4rkeimm\u00e4t aktiiviset ainesosat.<\/p>","protected":false},"featured_media":12785,"comment_status":"open","ping_status":"closed","template":"","meta":{"_uf_show_specific_survey":0,"_uf_disable_surveys":false,"_bst_post_transparent":"default","_bst_post_title":"","_bst_post_layout":"default","_bst_post_sidebar_id":"","_bst_post_content_style":"default","_bst_post_vertical_padding":"default","_bst_post_feature":"","_bst_post_feature_position":"","_bst_post_header":false,"_bst_post_footer":false},"pwb-brand":[490],"product_brand":[],"product_cat":[92,97],"product_tag":[721,789],"class_list":{"0":"post-12784","1":"product","2":"type-product","3":"status-publish","4":"has-post-thumbnail","6":"pwb-brand-medicube","7":"product_cat-nagu","8":"product_cat-naoseerumid-ja-olid","9":"product_tag-medicube","10":"product_tag-pdrn","12":"first","13":"instock","14":"sale","15":"shipping-taxable","16":"purchasable","17":"product-type-simple","18":"entry","19":"content-bg","20":"loop-entry"},"supplier_id":null,"supplier_sku":"","barcode":null,"atum_controlled":true,"out_stock_date":null,"out_stock_threshold":null,"inheritable":false,"inbound_stock":0,"stock_on_hold":0,"sold_today":0,"sales_last_days":3,"out_stock_days":0,"lost_sales":0,"has_location":false,"update_date":"2026-04-14T00:05:12","atum_locations":[],"atum_stock_status":"instock","restock_status":false,"low_stock_amount":"","sales_update_date":"2026-04-14T00:05:12","calc_backorders":null,"yoast_head":"<!-- This site is optimized with the Yoast SEO plugin v27.2 - https:\/\/yoast.com\/product\/yoast-seo-wordpress\/ -->\n<title>Medicube PDRN Pink Peptide Serum, 30ml - IDA.KOREA<\/title>\n<meta name=\"description\" content=\"Medicube PDRN Pink Peptide Serum \u2013 k\u00f5rgeaktiivne vananemisvastane seerum, mis kasutab l\u00f5he DNA-st saadud PDRNi. - Tasuta tarne Eesti piires al. 48\u20ac.\" \/>\n<meta name=\"robots\" content=\"index, follow, max-snippet:-1, max-image-preview:large, max-video-preview:-1\" \/>\n<link rel=\"canonical\" href=\"https:\/\/idakorea.ee\/fi\/product\/medicube-pdrn-pink-peptide-serum\/\" \/>\n<meta property=\"og:locale\" content=\"fi_FI\" \/>\n<meta property=\"og:type\" content=\"article\" \/>\n<meta property=\"og:title\" content=\"Medicube PDRN Pink Peptide Serum, 30ml - IDA.KOREA\" \/>\n<meta property=\"og:description\" content=\"Medicube PDRN Pink Peptide Serum \u2013 k\u00f5rgeaktiivne vananemisvastane seerum, mis kasutab l\u00f5he DNA-st saadud PDRNi. - Tasuta tarne Eesti piires al. 48\u20ac.\" \/>\n<meta property=\"og:url\" content=\"https:\/\/idakorea.ee\/fi\/product\/medicube-pdrn-pink-peptide-serum\/\" \/>\n<meta property=\"og:site_name\" content=\"IDA.KOREA\" \/>\n<meta property=\"article:modified_time\" content=\"2026-04-09T11:09:36+00:00\" \/>\n<meta property=\"og:image\" content=\"https:\/\/idakorea.ee\/wp-content\/uploads\/2025\/02\/medicubepdrn.jpg\" \/>\n\t<meta property=\"og:image:width\" content=\"800\" \/>\n\t<meta property=\"og:image:height\" content=\"800\" \/>\n\t<meta property=\"og:image:type\" content=\"image\/jpeg\" \/>\n<meta name=\"twitter:card\" content=\"summary_large_image\" \/>\n<meta name=\"twitter:label1\" content=\"Arvioitu lukuaika\" \/>\n\t<meta name=\"twitter:data1\" content=\"2 minuuttia\" \/>\n<script type=\"application\/ld+json\" class=\"yoast-schema-graph\">{\"@context\":\"https:\/\/schema.org\",\"@graph\":[{\"@type\":\"WebPage\",\"@id\":\"https:\/\/idakorea.ee\/product\/medicube-pdrn-pink-peptide-serum\/\",\"url\":\"https:\/\/idakorea.ee\/product\/medicube-pdrn-pink-peptide-serum\/\",\"name\":\"Medicube PDRN Pink Peptide Serum, 30ml - IDA.KOREA\",\"isPartOf\":{\"@id\":\"https:\/\/idakorea.ee\/#website\"},\"primaryImageOfPage\":{\"@id\":\"https:\/\/idakorea.ee\/product\/medicube-pdrn-pink-peptide-serum\/#primaryimage\"},\"image\":{\"@id\":\"https:\/\/idakorea.ee\/product\/medicube-pdrn-pink-peptide-serum\/#primaryimage\"},\"thumbnailUrl\":\"https:\/\/idakorea.ee\/wp-content\/uploads\/2025\/02\/medicubepdrn.jpg\",\"datePublished\":\"2025-02-23T09:59:50+00:00\",\"dateModified\":\"2026-04-09T11:09:36+00:00\",\"description\":\"Medicube PDRN Pink Peptide Serum \u2013 k\u00f5rgeaktiivne vananemisvastane seerum, mis kasutab l\u00f5he DNA-st saadud PDRNi. - Tasuta tarne Eesti piires al. 48\u20ac.\",\"breadcrumb\":{\"@id\":\"https:\/\/idakorea.ee\/product\/medicube-pdrn-pink-peptide-serum\/#breadcrumb\"},\"inLanguage\":\"fi\",\"potentialAction\":[{\"@type\":\"ReadAction\",\"target\":[\"https:\/\/idakorea.ee\/product\/medicube-pdrn-pink-peptide-serum\/\"]}]},{\"@type\":\"ImageObject\",\"inLanguage\":\"fi\",\"@id\":\"https:\/\/idakorea.ee\/product\/medicube-pdrn-pink-peptide-serum\/#primaryimage\",\"url\":\"https:\/\/idakorea.ee\/wp-content\/uploads\/2025\/02\/medicubepdrn.jpg\",\"contentUrl\":\"https:\/\/idakorea.ee\/wp-content\/uploads\/2025\/02\/medicubepdrn.jpg\",\"width\":800,\"height\":800},{\"@type\":\"BreadcrumbList\",\"@id\":\"https:\/\/idakorea.ee\/product\/medicube-pdrn-pink-peptide-serum\/#breadcrumb\",\"itemListElement\":[{\"@type\":\"ListItem\",\"position\":1,\"name\":\"\u0413\u043b\u0430\u0432\u043d\u0430\u044f \u0441\u0442\u0440\u0430\u043d\u0438\u0446\u0430\",\"item\":\"https:\/\/idakorea.ee\/\"},{\"@type\":\"ListItem\",\"position\":2,\"name\":\"Shop\",\"item\":\"https:\/\/idakorea.ee\/shop-2\/\"},{\"@type\":\"ListItem\",\"position\":3,\"name\":\"K\u00f5rgeaktiivne vananemisvastane seerum Medicube PDRN Pink Peptide Serum, 30ml\"}]},{\"@type\":\"WebSite\",\"@id\":\"https:\/\/idakorea.ee\/#website\",\"url\":\"https:\/\/idakorea.ee\/\",\"name\":\"IDA.KOREA\",\"description\":\"Korea kosmeetika e-pood\",\"publisher\":{\"@id\":\"https:\/\/idakorea.ee\/#organization\"},\"alternateName\":\"Beauty Shop\",\"potentialAction\":[{\"@type\":\"SearchAction\",\"target\":{\"@type\":\"EntryPoint\",\"urlTemplate\":\"https:\/\/idakorea.ee\/?s={search_term_string}\"},\"query-input\":{\"@type\":\"PropertyValueSpecification\",\"valueRequired\":true,\"valueName\":\"search_term_string\"}}],\"inLanguage\":\"fi\"},{\"@type\":\"Organization\",\"@id\":\"https:\/\/idakorea.ee\/#organization\",\"name\":\"IDA.KOREA\",\"url\":\"https:\/\/idakorea.ee\/\",\"logo\":{\"@type\":\"ImageObject\",\"inLanguage\":\"fi\",\"@id\":\"https:\/\/idakorea.ee\/#\/schema\/logo\/image\/\",\"url\":\"https:\/\/idakorea.ee\/wp-content\/uploads\/2024\/05\/cropped-korea3.png\",\"contentUrl\":\"https:\/\/idakorea.ee\/wp-content\/uploads\/2024\/05\/cropped-korea3.png\",\"width\":688,\"height\":126,\"caption\":\"IDA.KOREA\"},\"image\":{\"@id\":\"https:\/\/idakorea.ee\/#\/schema\/logo\/image\/\"},\"sameAs\":[\"https:\/\/www.instagram.com\/ida.korea\/\"]}]}<\/script>\n<!-- \/ Yoast SEO plugin. -->","yoast_head_json":{"title":"Medicube PDRN Pink Peptide Serum, 30ml - IDA.KOREA","description":"Medicube PDRN Pink Peptide Serum \u2013 eritt\u00e4in aktiivinen ik\u00e4\u00e4ntymist\u00e4 ehk\u00e4isev\u00e4 seerumi, joka k\u00e4ytt\u00e4\u00e4 lohen DNA:sta johdettua PDRN:\u00e4\u00e4. - Ilmainen toimitus Virossa yli 48 \u20ac.","robots":{"index":"index","follow":"follow","max-snippet":"max-snippet:-1","max-image-preview":"max-image-preview:large","max-video-preview":"max-video-preview:-1"},"canonical":"https:\/\/idakorea.ee\/fi\/product\/medicube-pdrn-pink-peptide-serum\/","og_locale":"fi_FI","og_type":"article","og_title":"Medicube PDRN Pink Peptide Serum, 30ml - IDA.KOREA","og_description":"Medicube PDRN Pink Peptide Serum \u2013 k\u00f5rgeaktiivne vananemisvastane seerum, mis kasutab l\u00f5he DNA-st saadud PDRNi. - Tasuta tarne Eesti piires al. 48\u20ac.","og_url":"https:\/\/idakorea.ee\/fi\/product\/medicube-pdrn-pink-peptide-serum\/","og_site_name":"IDA.KOREA","article_modified_time":"2026-04-09T11:09:36+00:00","og_image":[{"width":800,"height":800,"url":"https:\/\/idakorea.ee\/wp-content\/uploads\/2025\/02\/medicubepdrn.jpg","type":"image\/jpeg"}],"twitter_card":"summary_large_image","twitter_misc":{"Arvioitu lukuaika":"2 minuuttia"},"schema":{"@context":"https:\/\/schema.org","@graph":[{"@type":"WebPage","@id":"https:\/\/idakorea.ee\/product\/medicube-pdrn-pink-peptide-serum\/","url":"https:\/\/idakorea.ee\/product\/medicube-pdrn-pink-peptide-serum\/","name":"Medicube PDRN Pink Peptide Serum, 30ml - IDA.KOREA","isPartOf":{"@id":"https:\/\/idakorea.ee\/#website"},"primaryImageOfPage":{"@id":"https:\/\/idakorea.ee\/product\/medicube-pdrn-pink-peptide-serum\/#primaryimage"},"image":{"@id":"https:\/\/idakorea.ee\/product\/medicube-pdrn-pink-peptide-serum\/#primaryimage"},"thumbnailUrl":"https:\/\/idakorea.ee\/wp-content\/uploads\/2025\/02\/medicubepdrn.jpg","datePublished":"2025-02-23T09:59:50+00:00","dateModified":"2026-04-09T11:09:36+00:00","description":"Medicube PDRN Pink Peptide Serum \u2013 eritt\u00e4in aktiivinen ik\u00e4\u00e4ntymist\u00e4 ehk\u00e4isev\u00e4 seerumi, joka k\u00e4ytt\u00e4\u00e4 lohen DNA:sta johdettua PDRN:\u00e4\u00e4. - Ilmainen toimitus Virossa yli 48 \u20ac.","breadcrumb":{"@id":"https:\/\/idakorea.ee\/product\/medicube-pdrn-pink-peptide-serum\/#breadcrumb"},"inLanguage":"fi","potentialAction":[{"@type":"ReadAction","target":["https:\/\/idakorea.ee\/product\/medicube-pdrn-pink-peptide-serum\/"]}]},{"@type":"ImageObject","inLanguage":"fi","@id":"https:\/\/idakorea.ee\/product\/medicube-pdrn-pink-peptide-serum\/#primaryimage","url":"https:\/\/idakorea.ee\/wp-content\/uploads\/2025\/02\/medicubepdrn.jpg","contentUrl":"https:\/\/idakorea.ee\/wp-content\/uploads\/2025\/02\/medicubepdrn.jpg","width":800,"height":800},{"@type":"BreadcrumbList","@id":"https:\/\/idakorea.ee\/product\/medicube-pdrn-pink-peptide-serum\/#breadcrumb","itemListElement":[{"@type":"ListItem","position":1,"name":"\u0413\u043b\u0430\u0432\u043d\u0430\u044f \u0441\u0442\u0440\u0430\u043d\u0438\u0446\u0430","item":"https:\/\/idakorea.ee\/"},{"@type":"ListItem","position":2,"name":"Shop","item":"https:\/\/idakorea.ee\/shop-2\/"},{"@type":"ListItem","position":3,"name":"K\u00f5rgeaktiivne vananemisvastane seerum Medicube PDRN Pink Peptide Serum, 30ml"}]},{"@type":"WebSite","@id":"https:\/\/idakorea.ee\/#website","url":"https:\/\/idakorea.ee\/","name":"IDA.KOREA","description":"Korean kosmetiikan verkkokauppa","publisher":{"@id":"https:\/\/idakorea.ee\/#organization"},"alternateName":"Beauty Shop","potentialAction":[{"@type":"SearchAction","target":{"@type":"EntryPoint","urlTemplate":"https:\/\/idakorea.ee\/?s={search_term_string}"},"query-input":{"@type":"PropertyValueSpecification","valueRequired":true,"valueName":"search_term_string"}}],"inLanguage":"fi"},{"@type":"Organization","@id":"https:\/\/idakorea.ee\/#organization","name":"IDA.KOREA","url":"https:\/\/idakorea.ee\/","logo":{"@type":"ImageObject","inLanguage":"fi","@id":"https:\/\/idakorea.ee\/#\/schema\/logo\/image\/","url":"https:\/\/idakorea.ee\/wp-content\/uploads\/2024\/05\/cropped-korea3.png","contentUrl":"https:\/\/idakorea.ee\/wp-content\/uploads\/2024\/05\/cropped-korea3.png","width":688,"height":126,"caption":"IDA.KOREA"},"image":{"@id":"https:\/\/idakorea.ee\/#\/schema\/logo\/image\/"},"sameAs":["https:\/\/www.instagram.com\/ida.korea\/"]}]}},"jetpack_sharing_enabled":true,"brands":[{"id":490,"name":"MEDICUBE","slug":"medicube"}],"_links":{"self":[{"href":"https:\/\/idakorea.ee\/fi\/wp-json\/wp\/v2\/product\/12784","targetHints":{"allow":["GET"]}}],"collection":[{"href":"https:\/\/idakorea.ee\/fi\/wp-json\/wp\/v2\/product"}],"about":[{"href":"https:\/\/idakorea.ee\/fi\/wp-json\/wp\/v2\/types\/product"}],"replies":[{"embeddable":true,"href":"https:\/\/idakorea.ee\/fi\/wp-json\/wp\/v2\/comments?post=12784"}],"version-history":[{"count":1,"href":"https:\/\/idakorea.ee\/fi\/wp-json\/wp\/v2\/product\/12784\/revisions"}],"predecessor-version":[{"id":12788,"href":"https:\/\/idakorea.ee\/fi\/wp-json\/wp\/v2\/product\/12784\/revisions\/12788"}],"wp:featuredmedia":[{"embeddable":true,"href":"https:\/\/idakorea.ee\/fi\/wp-json\/wp\/v2\/media\/12785"}],"wp:attachment":[{"href":"https:\/\/idakorea.ee\/fi\/wp-json\/wp\/v2\/media?parent=12784"}],"wp:term":[{"taxonomy":"pwb-brand","embeddable":true,"href":"https:\/\/idakorea.ee\/fi\/wp-json\/wp\/v2\/pwb-brand?post=12784"},{"taxonomy":"product_brand","embeddable":true,"href":"https:\/\/idakorea.ee\/fi\/wp-json\/wp\/v2\/product_brand?post=12784"},{"taxonomy":"product_cat","embeddable":true,"href":"https:\/\/idakorea.ee\/fi\/wp-json\/wp\/v2\/product_cat?post=12784"},{"taxonomy":"product_tag","embeddable":true,"href":"https:\/\/idakorea.ee\/fi\/wp-json\/wp\/v2\/product_tag?post=12784"}],"curies":[{"name":"wp","href":"https:\/\/api.w.org\/{rel}","templated":true}]}}