{"id":12791,"date":"2025-02-23T14:02:59","date_gmt":"2025-02-23T12:02:59","guid":{"rendered":"https:\/\/idakorea.ee\/?post_type=product&#038;p=12791"},"modified":"2026-01-30T15:07:52","modified_gmt":"2026-01-30T13:07:52","slug":"one-days-you-lip-balm-vita-c-10ml","status":"publish","type":"product","link":"https:\/\/idakorea.ee\/fi\/product\/one-days-you-lip-balm-vita-c-10ml\/","title":{"rendered":"Sheavoita sis\u00e4lt\u00e4v\u00e4 huulirasva One-Day's You Lip Balm Vita-C, 10ml"},"content":{"rendered":"<p><strong>One-Day&#039;s You -huulirasva<\/strong> on tehokkaasti kosteuttava ja ravitseva huulivoide, joka auttaa parantamaan pieni\u00e4 haavoja ja vaurioita. Erityinen viisto applikaattori tekee levitt\u00e4misest\u00e4 helppoa ja k\u00e4tev\u00e4\u00e4.<\/p>\n<p>Balsami luo suojaavan kerroksen, joka est\u00e4\u00e4 kosteuden haihtumista ja kuivumista, v\u00e4hent\u00e4\u00e4 tehokkaasti hilseily\u00e4 ja j\u00e4tt\u00e4\u00e4 huulet pehmeiksi ja hoidetuiksi.<\/p>\n<p><strong>T\u00e4rkeimm\u00e4t vaikuttavat aineet:<\/strong><\/p>\n<p><strong>Sheawi<\/strong> \u2013 toimii antioksidanttina, suojaa haitallisilta ymp\u00e4rist\u00f6vaikutuksilta ja vapailta radikaaleilta, rauhoittaa ihoa.<br \/>\n<strong>Oliivi\u00f6ljy<\/strong> \u2013 kosteuttaa ja ravitsee, v\u00e4hent\u00e4\u00e4 kuivuutta ja hilseily\u00e4, toimittaa iholle rasvahappoja ja karotenoideja.<br \/>\n<strong>Tokoferoli (E-vitamiini)<\/strong> \u2013 voimakas antioksidantti, joka hidastaa oksidatiivisia prosesseja, stimuloi ihon uusiutumista ja nuorentaa huulia.<br \/>\n<strong>Hunaja<\/strong> \u2013 antaa huulille luonnollisen kiillon, vahvistaa paikallista vastustuskyky\u00e4, kiinteytt\u00e4\u00e4 ja parantaa elastisuutta.<br \/>\n<strong>Aasian vesikrassiuute<\/strong> \u2013 lievitt\u00e4\u00e4 punoitusta ja turvotusta, vahvistaa kapillaareja ja lis\u00e4\u00e4 ihon kimmoisuutta.<br \/>\n<strong>Pantenoli (provitamiini B5)<\/strong> \u2013 rauhoittaa, v\u00e4hent\u00e4\u00e4 \u00e4rsytyst\u00e4 ja punoitusta, luo n\u00e4kym\u00e4tt\u00f6m\u00e4n suojakerroksen, joka est\u00e4\u00e4 kosteuden haihtumisen.<\/p>\n<p>&nbsp;<\/p>\n<p><strong>K\u00e4ytt\u00f6: <\/strong>Levit\u00e4 tarvittava m\u00e4\u00e4r\u00e4 huulivoidetta kuiville huulille.<\/p>","protected":false},"excerpt":{"rendered":"<p>One-Day's You Lip Balm on intensiivisesti kosteuttava ja ravitseva huulirasva, joka auttaa parantamaan pieni\u00e4 viiltoja ja haavoja. Erityisen vinon applikaattorin ansiosta levitys on helppoa ja k\u00e4tev\u00e4\u00e4. Balsami luo suojaavan suojakerroksen, joka ehk\u00e4isee kosteuden menetyst\u00e4 ja kuivumista, v\u00e4hent\u00e4\u00e4 tehokkaasti hilseily\u00e4 ja j\u00e4tt\u00e4\u00e4 huulet pehmeiksi ja huolitelluiksi. T\u00e4rkeimm\u00e4t aktiiviset ainesosat.<\/p>","protected":false},"featured_media":12792,"comment_status":"open","ping_status":"closed","template":"","meta":{"_uf_show_specific_survey":0,"_uf_disable_surveys":false,"_bst_post_transparent":"default","_bst_post_title":"","_bst_post_layout":"default","_bst_post_sidebar_id":"","_bst_post_content_style":"default","_bst_post_vertical_padding":"default","_bst_post_feature":"","_bst_post_feature_position":"","_bst_post_header":false,"_bst_post_footer":false},"pwb-brand":[808],"product_brand":[],"product_cat":[368,92,99],"product_tag":[],"class_list":{"0":"post-12791","1":"product","2":"type-product","3":"status-publish","4":"has-post-thumbnail","6":"pwb-brand-one-days-you","7":"product_cat-huulepalsamid-ja-hooldus","8":"product_cat-nagu","9":"product_cat-silmad-ja-huuled-2","11":"first","12":"outofstock","13":"sale","14":"shipping-taxable","15":"purchasable","16":"product-type-simple","17":"entry","18":"content-bg","19":"loop-entry"},"supplier_id":null,"supplier_sku":"","barcode":null,"atum_controlled":true,"out_stock_date":"2025-09-08 07:18:57","out_stock_threshold":null,"inheritable":false,"inbound_stock":0,"stock_on_hold":0,"sold_today":0,"sales_last_days":0,"out_stock_days":217,"lost_sales":365,"has_location":false,"update_date":"2026-04-14T00:05:06","atum_locations":[],"atum_stock_status":"outofstock","restock_status":false,"low_stock_amount":"","sales_update_date":"2026-04-14T00:05:06","calc_backorders":null,"yoast_head":"<!-- This site is optimized with the Yoast SEO plugin v27.2 - https:\/\/yoast.com\/product\/yoast-seo-wordpress\/ -->\n<title>One-Day&#039;s You Lip Balm Vita-C, 10ml - IDA.KOREA<\/title>\n<meta name=\"description\" content=\"One-Day&#039;s You Lip Balm on intensiivselt niisutav ja toitev huulepalsam, mis aitab kaasa v\u00e4ikeste haavade ja kahjustuste paranemisele.\" \/>\n<meta name=\"robots\" content=\"index, follow, max-snippet:-1, max-image-preview:large, max-video-preview:-1\" \/>\n<link rel=\"canonical\" href=\"https:\/\/idakorea.ee\/fi\/product\/one-days-you-lip-balm-vita-c-10ml\/\" \/>\n<meta property=\"og:locale\" content=\"fi_FI\" \/>\n<meta property=\"og:type\" content=\"article\" \/>\n<meta property=\"og:title\" content=\"One-Day&#039;s You Lip Balm Vita-C, 10ml - IDA.KOREA\" \/>\n<meta property=\"og:description\" content=\"One-Day&#039;s You Lip Balm on intensiivselt niisutav ja toitev huulepalsam, mis aitab kaasa v\u00e4ikeste haavade ja kahjustuste paranemisele.\" \/>\n<meta property=\"og:url\" content=\"https:\/\/idakorea.ee\/fi\/product\/one-days-you-lip-balm-vita-c-10ml\/\" \/>\n<meta property=\"og:site_name\" content=\"IDA.KOREA\" \/>\n<meta property=\"article:modified_time\" content=\"2026-01-30T13:07:52+00:00\" \/>\n<meta property=\"og:image\" content=\"https:\/\/idakorea.ee\/wp-content\/uploads\/2025\/02\/vitamin-s-_1_.png\" \/>\n\t<meta property=\"og:image:width\" content=\"1000\" \/>\n\t<meta property=\"og:image:height\" content=\"1000\" \/>\n\t<meta property=\"og:image:type\" content=\"image\/png\" \/>\n<meta name=\"twitter:card\" content=\"summary_large_image\" \/>\n<meta name=\"twitter:label1\" content=\"Arvioitu lukuaika\" \/>\n\t<meta name=\"twitter:data1\" content=\"1 minuutti\" \/>\n<script type=\"application\/ld+json\" class=\"yoast-schema-graph\">{\"@context\":\"https:\/\/schema.org\",\"@graph\":[{\"@type\":\"WebPage\",\"@id\":\"https:\/\/idakorea.ee\/product\/one-days-you-lip-balm-vita-c-10ml\/\",\"url\":\"https:\/\/idakorea.ee\/product\/one-days-you-lip-balm-vita-c-10ml\/\",\"name\":\"One-Day's You Lip Balm Vita-C, 10ml - IDA.KOREA\",\"isPartOf\":{\"@id\":\"https:\/\/idakorea.ee\/#website\"},\"primaryImageOfPage\":{\"@id\":\"https:\/\/idakorea.ee\/product\/one-days-you-lip-balm-vita-c-10ml\/#primaryimage\"},\"image\":{\"@id\":\"https:\/\/idakorea.ee\/product\/one-days-you-lip-balm-vita-c-10ml\/#primaryimage\"},\"thumbnailUrl\":\"https:\/\/idakorea.ee\/wp-content\/uploads\/2025\/02\/vitamin-s-_1_.png\",\"datePublished\":\"2025-02-23T12:02:59+00:00\",\"dateModified\":\"2026-01-30T13:07:52+00:00\",\"description\":\"One-Day's You Lip Balm on intensiivselt niisutav ja toitev huulepalsam, mis aitab kaasa v\u00e4ikeste haavade ja kahjustuste paranemisele.\",\"breadcrumb\":{\"@id\":\"https:\/\/idakorea.ee\/product\/one-days-you-lip-balm-vita-c-10ml\/#breadcrumb\"},\"inLanguage\":\"fi\",\"potentialAction\":[{\"@type\":\"ReadAction\",\"target\":[\"https:\/\/idakorea.ee\/product\/one-days-you-lip-balm-vita-c-10ml\/\"]}]},{\"@type\":\"ImageObject\",\"inLanguage\":\"fi\",\"@id\":\"https:\/\/idakorea.ee\/product\/one-days-you-lip-balm-vita-c-10ml\/#primaryimage\",\"url\":\"https:\/\/idakorea.ee\/wp-content\/uploads\/2025\/02\/vitamin-s-_1_.png\",\"contentUrl\":\"https:\/\/idakorea.ee\/wp-content\/uploads\/2025\/02\/vitamin-s-_1_.png\",\"width\":1000,\"height\":1000},{\"@type\":\"BreadcrumbList\",\"@id\":\"https:\/\/idakorea.ee\/product\/one-days-you-lip-balm-vita-c-10ml\/#breadcrumb\",\"itemListElement\":[{\"@type\":\"ListItem\",\"position\":1,\"name\":\"\u0413\u043b\u0430\u0432\u043d\u0430\u044f \u0441\u0442\u0440\u0430\u043d\u0438\u0446\u0430\",\"item\":\"https:\/\/idakorea.ee\/\"},{\"@type\":\"ListItem\",\"position\":2,\"name\":\"Shop\",\"item\":\"https:\/\/idakorea.ee\/shop-2\/\"},{\"@type\":\"ListItem\",\"position\":3,\"name\":\"Taastav huulepalsam sheav\u00f5iga One-Day&#8217;s You Lip Balm Vita-C, 10ml\"}]},{\"@type\":\"WebSite\",\"@id\":\"https:\/\/idakorea.ee\/#website\",\"url\":\"https:\/\/idakorea.ee\/\",\"name\":\"IDA.KOREA\",\"description\":\"Korea kosmeetika e-pood\",\"publisher\":{\"@id\":\"https:\/\/idakorea.ee\/#organization\"},\"alternateName\":\"Beauty Shop\",\"potentialAction\":[{\"@type\":\"SearchAction\",\"target\":{\"@type\":\"EntryPoint\",\"urlTemplate\":\"https:\/\/idakorea.ee\/?s={search_term_string}\"},\"query-input\":{\"@type\":\"PropertyValueSpecification\",\"valueRequired\":true,\"valueName\":\"search_term_string\"}}],\"inLanguage\":\"fi\"},{\"@type\":\"Organization\",\"@id\":\"https:\/\/idakorea.ee\/#organization\",\"name\":\"IDA.KOREA\",\"url\":\"https:\/\/idakorea.ee\/\",\"logo\":{\"@type\":\"ImageObject\",\"inLanguage\":\"fi\",\"@id\":\"https:\/\/idakorea.ee\/#\/schema\/logo\/image\/\",\"url\":\"https:\/\/idakorea.ee\/wp-content\/uploads\/2024\/05\/cropped-korea3.png\",\"contentUrl\":\"https:\/\/idakorea.ee\/wp-content\/uploads\/2024\/05\/cropped-korea3.png\",\"width\":688,\"height\":126,\"caption\":\"IDA.KOREA\"},\"image\":{\"@id\":\"https:\/\/idakorea.ee\/#\/schema\/logo\/image\/\"},\"sameAs\":[\"https:\/\/www.instagram.com\/ida.korea\/\"]}]}<\/script>\n<!-- \/ Yoast SEO plugin. -->","yoast_head_json":{"title":"One-Day&#039;s You -huulirasva Vita-C, 10ml - IDA.KOREA","description":"One-Day&#039;s You -huulirasva on tehokkaasti kosteuttava ja ravitseva huulirasva, joka auttaa parantamaan pieni\u00e4 haavoja ja vaurioita.","robots":{"index":"index","follow":"follow","max-snippet":"max-snippet:-1","max-image-preview":"max-image-preview:large","max-video-preview":"max-video-preview:-1"},"canonical":"https:\/\/idakorea.ee\/fi\/product\/one-days-you-lip-balm-vita-c-10ml\/","og_locale":"fi_FI","og_type":"article","og_title":"One-Day's You Lip Balm Vita-C, 10ml - IDA.KOREA","og_description":"One-Day's You Lip Balm on intensiivselt niisutav ja toitev huulepalsam, mis aitab kaasa v\u00e4ikeste haavade ja kahjustuste paranemisele.","og_url":"https:\/\/idakorea.ee\/fi\/product\/one-days-you-lip-balm-vita-c-10ml\/","og_site_name":"IDA.KOREA","article_modified_time":"2026-01-30T13:07:52+00:00","og_image":[{"width":1000,"height":1000,"url":"https:\/\/idakorea.ee\/wp-content\/uploads\/2025\/02\/vitamin-s-_1_.png","type":"image\/png"}],"twitter_card":"summary_large_image","twitter_misc":{"Arvioitu lukuaika":"1 minuutti"},"schema":{"@context":"https:\/\/schema.org","@graph":[{"@type":"WebPage","@id":"https:\/\/idakorea.ee\/product\/one-days-you-lip-balm-vita-c-10ml\/","url":"https:\/\/idakorea.ee\/product\/one-days-you-lip-balm-vita-c-10ml\/","name":"One-Day&#039;s You -huulirasva Vita-C, 10ml - IDA.KOREA","isPartOf":{"@id":"https:\/\/idakorea.ee\/#website"},"primaryImageOfPage":{"@id":"https:\/\/idakorea.ee\/product\/one-days-you-lip-balm-vita-c-10ml\/#primaryimage"},"image":{"@id":"https:\/\/idakorea.ee\/product\/one-days-you-lip-balm-vita-c-10ml\/#primaryimage"},"thumbnailUrl":"https:\/\/idakorea.ee\/wp-content\/uploads\/2025\/02\/vitamin-s-_1_.png","datePublished":"2025-02-23T12:02:59+00:00","dateModified":"2026-01-30T13:07:52+00:00","description":"One-Day&#039;s You -huulirasva on tehokkaasti kosteuttava ja ravitseva huulirasva, joka auttaa parantamaan pieni\u00e4 haavoja ja vaurioita.","breadcrumb":{"@id":"https:\/\/idakorea.ee\/product\/one-days-you-lip-balm-vita-c-10ml\/#breadcrumb"},"inLanguage":"fi","potentialAction":[{"@type":"ReadAction","target":["https:\/\/idakorea.ee\/product\/one-days-you-lip-balm-vita-c-10ml\/"]}]},{"@type":"ImageObject","inLanguage":"fi","@id":"https:\/\/idakorea.ee\/product\/one-days-you-lip-balm-vita-c-10ml\/#primaryimage","url":"https:\/\/idakorea.ee\/wp-content\/uploads\/2025\/02\/vitamin-s-_1_.png","contentUrl":"https:\/\/idakorea.ee\/wp-content\/uploads\/2025\/02\/vitamin-s-_1_.png","width":1000,"height":1000},{"@type":"BreadcrumbList","@id":"https:\/\/idakorea.ee\/product\/one-days-you-lip-balm-vita-c-10ml\/#breadcrumb","itemListElement":[{"@type":"ListItem","position":1,"name":"\u0413\u043b\u0430\u0432\u043d\u0430\u044f \u0441\u0442\u0440\u0430\u043d\u0438\u0446\u0430","item":"https:\/\/idakorea.ee\/"},{"@type":"ListItem","position":2,"name":"Shop","item":"https:\/\/idakorea.ee\/shop-2\/"},{"@type":"ListItem","position":3,"name":"Taastav huulepalsam sheav\u00f5iga One-Day&#8217;s You Lip Balm Vita-C, 10ml"}]},{"@type":"WebSite","@id":"https:\/\/idakorea.ee\/#website","url":"https:\/\/idakorea.ee\/","name":"IDA.KOREA","description":"Korean kosmetiikan verkkokauppa","publisher":{"@id":"https:\/\/idakorea.ee\/#organization"},"alternateName":"Beauty Shop","potentialAction":[{"@type":"SearchAction","target":{"@type":"EntryPoint","urlTemplate":"https:\/\/idakorea.ee\/?s={search_term_string}"},"query-input":{"@type":"PropertyValueSpecification","valueRequired":true,"valueName":"search_term_string"}}],"inLanguage":"fi"},{"@type":"Organization","@id":"https:\/\/idakorea.ee\/#organization","name":"IDA.KOREA","url":"https:\/\/idakorea.ee\/","logo":{"@type":"ImageObject","inLanguage":"fi","@id":"https:\/\/idakorea.ee\/#\/schema\/logo\/image\/","url":"https:\/\/idakorea.ee\/wp-content\/uploads\/2024\/05\/cropped-korea3.png","contentUrl":"https:\/\/idakorea.ee\/wp-content\/uploads\/2024\/05\/cropped-korea3.png","width":688,"height":126,"caption":"IDA.KOREA"},"image":{"@id":"https:\/\/idakorea.ee\/#\/schema\/logo\/image\/"},"sameAs":["https:\/\/www.instagram.com\/ida.korea\/"]}]}},"jetpack_sharing_enabled":true,"brands":[{"id":808,"name":"YHDEN P\u00c4IV\u00c4N SULLA","slug":"one-days-you"}],"_links":{"self":[{"href":"https:\/\/idakorea.ee\/fi\/wp-json\/wp\/v2\/product\/12791","targetHints":{"allow":["GET"]}}],"collection":[{"href":"https:\/\/idakorea.ee\/fi\/wp-json\/wp\/v2\/product"}],"about":[{"href":"https:\/\/idakorea.ee\/fi\/wp-json\/wp\/v2\/types\/product"}],"replies":[{"embeddable":true,"href":"https:\/\/idakorea.ee\/fi\/wp-json\/wp\/v2\/comments?post=12791"}],"version-history":[{"count":2,"href":"https:\/\/idakorea.ee\/fi\/wp-json\/wp\/v2\/product\/12791\/revisions"}],"predecessor-version":[{"id":12795,"href":"https:\/\/idakorea.ee\/fi\/wp-json\/wp\/v2\/product\/12791\/revisions\/12795"}],"wp:featuredmedia":[{"embeddable":true,"href":"https:\/\/idakorea.ee\/fi\/wp-json\/wp\/v2\/media\/12792"}],"wp:attachment":[{"href":"https:\/\/idakorea.ee\/fi\/wp-json\/wp\/v2\/media?parent=12791"}],"wp:term":[{"taxonomy":"pwb-brand","embeddable":true,"href":"https:\/\/idakorea.ee\/fi\/wp-json\/wp\/v2\/pwb-brand?post=12791"},{"taxonomy":"product_brand","embeddable":true,"href":"https:\/\/idakorea.ee\/fi\/wp-json\/wp\/v2\/product_brand?post=12791"},{"taxonomy":"product_cat","embeddable":true,"href":"https:\/\/idakorea.ee\/fi\/wp-json\/wp\/v2\/product_cat?post=12791"},{"taxonomy":"product_tag","embeddable":true,"href":"https:\/\/idakorea.ee\/fi\/wp-json\/wp\/v2\/product_tag?post=12791"}],"curies":[{"name":"wp","href":"https:\/\/api.w.org\/{rel}","templated":true}]}}