{"id":12812,"date":"2025-02-24T14:50:00","date_gmt":"2025-02-24T12:50:00","guid":{"rendered":"https:\/\/idakorea.ee\/?post_type=product&#038;p=12812"},"modified":"2026-01-30T15:06:56","modified_gmt":"2026-01-30T13:06:56","slug":"taastav-ja-niisutav-kreem-jmsolution-b5-hya-moisturizing-cream-60ml","status":"publish","type":"product","link":"https:\/\/idakorea.ee\/fi\/product\/taastav-ja-niisutav-kreem-jmsolution-b5-hya-moisturizing-cream-60ml\/","title":{"rendered":"Palauttava ja kosteuttava voide JMsolution B5 Hya kosteusvoide, 60ml"},"content":{"rendered":"<p><strong>JMsolution B5 Hya kosteusvoide<\/strong> on erinomainen p\u00e4ivitt\u00e4inen ihonhoitotuote, joka virkist\u00e4\u00e4, kosteuttaa ja poistaa kutinaa sek\u00e4 auttaa uudistamaan ja pehment\u00e4m\u00e4\u00e4n ihoa.<\/p>\n<p>Voide vahvistaa ihon suojaverkkoa, v\u00e4hent\u00e4\u00e4 herkkyytt\u00e4 ulkoisille \u00e4rsytt\u00e4ville tekij\u00f6ille, lievitt\u00e4\u00e4 punoitusta ja kutinaa sek\u00e4 tasapainottaa hydrolipiditasapainoa.<\/p>\n<p>Intensiivisen kosteutuksen lis\u00e4ksi voide sitoo kosteutta ihoon ja ehk\u00e4isee kuivumista ja \u00e4rsytyst\u00e4. Imeytyy nopeasti, ei j\u00e4t\u00e4 tahmeaa tunnetta ja antaa iholle silkkisen lopputuloksen.<\/p>\n<p><strong>T\u00e4rkeimm\u00e4t vaikuttavat aineet:<\/strong><\/p>\n<p><strong>Pantenoli (B5-vitamiini)<\/strong> - nopeuttaa mikrohaavojen paranemista, pehment\u00e4\u00e4 ja rauhoittaa ihoa, lievitt\u00e4\u00e4 punoitusta ja vahvistaa ihon suojatoimintoja.<br \/>\n<strong>8 erilaista hyaluronihappoa<\/strong> - eri molekyylipainoisia hyaluronihappoja tunkeutuu syv\u00e4lle epidermikseen, mik\u00e4 tarjoaa syv\u00e4\u00e4 ja pitk\u00e4kestoista kosteutusta ja luo suojakerroksen, joka est\u00e4\u00e4 kosteuden menetyksen.<br \/>\n<strong>Keramidit<\/strong> - jotka muistuttavat ihon lipidej\u00e4, vahvistavat hydrolipidibarrieria, ehk\u00e4isev\u00e4t kosteuden menetyst\u00e4, v\u00e4hent\u00e4v\u00e4t hilseily\u00e4 ja kuivuutta ja parantavat ihon vastustuskyky\u00e4 \u00e4rsytt\u00e4ville aineille.<br \/>\n<strong>Aquaxyl\u2122<\/strong> (glukoosin ja ksylidin yhdistelm\u00e4) - kosteuttaa, palauttaa ja v\u00e4hent\u00e4\u00e4 transsepidermist\u00e4 vesihukkaa, mik\u00e4 auttaa pit\u00e4m\u00e4\u00e4n ihon kosteutettuna ja pehme\u00e4n\u00e4.<br \/>\n<strong>Allantoiin<\/strong> - pehment\u00e4\u00e4 ihoa, nopeuttaa paranemisprosessia, toimii antioksidanttina ja v\u00e4hent\u00e4\u00e4 ihon reaktiivisuutta.<br \/>\n<strong>Kolesteroli<\/strong> - ihon luonnollinen rasva, joka vahvistaa ihon suojaverkkoa, yll\u00e4pit\u00e4\u00e4 kosteustasoa ja ehk\u00e4isee kuivumista.<br \/>\n<strong>Ksylitoli glykosidi<\/strong> - glyseriinin ja glukoosin johdannainen, joka stimuloi akvaporiinien tuotantoa ja auttaa ihoa imem\u00e4\u00e4n ja s\u00e4ilytt\u00e4m\u00e4\u00e4n kosteutta paremmin.<\/p>\n<p>&nbsp;<\/p>\n<p>Sopii normaalille, sekaiholle ja kuivalle iholle.<\/p>\n<p><strong>K\u00e4ytt\u00f6: <\/strong>Puhdistuksen, kasvoveden ja seerumin levitt\u00e4misen j\u00e4lkeen levit\u00e4 kasvojen iholle ja levit\u00e4 tasaisesti iholle.<\/p>","protected":false},"excerpt":{"rendered":"<p>JMsolution B5 Hya kosteusvoide on erinomainen p\u00e4ivitt\u00e4inen ihonhoitotuote, joka virkist\u00e4\u00e4, kosteuttaa ja poistaa nyppimisen tunteen, auttaa uudistamaan ja pehment\u00e4m\u00e4\u00e4n ihoa. Voide vahvistaa ihon suojaverkkoa, v\u00e4hent\u00e4\u00e4 herkkyytt\u00e4 ulkoisille \u00e4rsytt\u00e4ville tekij\u00f6ille, lievitt\u00e4\u00e4 punoitusta ja kutinaa sek\u00e4 tasapainottaa hydrolipiditasapainoa. Intensiivisen kosteutuksen lis\u00e4ksi voide lukitsee kosteuden ihoon, mik\u00e4 ehk\u00e4isee ihon kuivumista ja \u00e4rsytyst\u00e4. Se imeytyy nopeasti, eik\u00e4 j\u00e4t\u00e4 tahmeaa...<\/p>","protected":false},"featured_media":12813,"comment_status":"open","ping_status":"closed","template":"","meta":{"_uf_show_specific_survey":0,"_uf_disable_surveys":false,"_bst_post_transparent":"default","_bst_post_title":"","_bst_post_layout":"default","_bst_post_sidebar_id":"","_bst_post_content_style":"default","_bst_post_vertical_padding":"default","_bst_post_feature":"","_bst_post_feature_position":"","_bst_post_header":false,"_bst_post_footer":false},"pwb-brand":[487],"product_brand":[],"product_cat":[92,96],"product_tag":[811,812,813,568],"class_list":{"0":"post-12812","1":"product","2":"type-product","3":"status-publish","4":"has-post-thumbnail","6":"pwb-brand-jm-solution","7":"product_cat-nagu","8":"product_cat-naokreemid","9":"product_tag-b5","10":"product_tag-hya","11":"product_tag-jmsolution","12":"product_tag-korea","14":"first","15":"instock","16":"sale","17":"shipping-taxable","18":"purchasable","19":"product-type-simple","20":"entry","21":"content-bg","22":"loop-entry"},"supplier_id":null,"supplier_sku":"","barcode":null,"atum_controlled":true,"out_stock_date":null,"out_stock_threshold":null,"inheritable":false,"inbound_stock":0,"stock_on_hold":0,"sold_today":0,"sales_last_days":0,"out_stock_days":0,"lost_sales":0,"has_location":false,"update_date":"2026-04-14T00:05:06","atum_locations":[],"atum_stock_status":"instock","restock_status":false,"low_stock_amount":"","sales_update_date":"2026-04-14T00:05:06","calc_backorders":null,"yoast_head":"<!-- This site is optimized with the Yoast SEO plugin v27.2 - https:\/\/yoast.com\/product\/yoast-seo-wordpress\/ -->\n<title>Taastav ja niisutav kreem JMsolution B5 Hya Moisturizing Cream, 60ml - IDA.KOREA<\/title>\n<meta name=\"robots\" content=\"index, follow, max-snippet:-1, max-image-preview:large, max-video-preview:-1\" \/>\n<link rel=\"canonical\" href=\"https:\/\/idakorea.ee\/fi\/product\/taastav-ja-niisutav-kreem-jmsolution-b5-hya-moisturizing-cream-60ml\/\" \/>\n<meta property=\"og:locale\" content=\"fi_FI\" \/>\n<meta property=\"og:type\" content=\"article\" \/>\n<meta property=\"og:title\" content=\"Taastav ja niisutav kreem JMsolution B5 Hya Moisturizing Cream, 60ml - IDA.KOREA\" \/>\n<meta property=\"og:description\" content=\"JMsolution B5 Hya Moisturizing Cream on suurep\u00e4rane igap\u00e4evane nahahooldustoode, mis v\u00e4rskendab, niisutab ning eemaldab kiskuva tunde, aidates kaasa naha taastumisele ja pehmendamisele. Kreem tugevdab naha kaitsebarj\u00e4\u00e4ri, v\u00e4hendab tundlikkust v\u00e4liste \u00e4rritajate suhtes, leevendab punetust ja s\u00fcgelust ning tasakaalustab h\u00fcdrolipiidide tasakaalu. Lisaks intensiivsele niisutusele lukustab kreem niiskuse nahas, v\u00e4ltides kuivust ja \u00e4rritusi. Imendub kiiresti, ei j\u00e4ta kleepuvat...\" \/>\n<meta property=\"og:url\" content=\"https:\/\/idakorea.ee\/fi\/product\/taastav-ja-niisutav-kreem-jmsolution-b5-hya-moisturizing-cream-60ml\/\" \/>\n<meta property=\"og:site_name\" content=\"IDA.KOREA\" \/>\n<meta property=\"article:modified_time\" content=\"2026-01-30T13:06:56+00:00\" \/>\n<meta property=\"og:image\" content=\"https:\/\/idakorea.ee\/wp-content\/uploads\/2025\/02\/jmsolution-b5-hya-moisturizing-cream.jpg\" \/>\n\t<meta property=\"og:image:width\" content=\"1000\" \/>\n\t<meta property=\"og:image:height\" content=\"1000\" \/>\n\t<meta property=\"og:image:type\" content=\"image\/jpeg\" \/>\n<meta name=\"twitter:card\" content=\"summary_large_image\" \/>\n<meta name=\"twitter:label1\" content=\"Arvioitu lukuaika\" \/>\n\t<meta name=\"twitter:data1\" content=\"2 minuuttia\" \/>\n<script type=\"application\/ld+json\" class=\"yoast-schema-graph\">{\"@context\":\"https:\/\/schema.org\",\"@graph\":[{\"@type\":\"WebPage\",\"@id\":\"https:\/\/idakorea.ee\/product\/taastav-ja-niisutav-kreem-jmsolution-b5-hya-moisturizing-cream-60ml\/\",\"url\":\"https:\/\/idakorea.ee\/product\/taastav-ja-niisutav-kreem-jmsolution-b5-hya-moisturizing-cream-60ml\/\",\"name\":\"Taastav ja niisutav kreem JMsolution B5 Hya Moisturizing Cream, 60ml - IDA.KOREA\",\"isPartOf\":{\"@id\":\"https:\/\/idakorea.ee\/#website\"},\"primaryImageOfPage\":{\"@id\":\"https:\/\/idakorea.ee\/product\/taastav-ja-niisutav-kreem-jmsolution-b5-hya-moisturizing-cream-60ml\/#primaryimage\"},\"image\":{\"@id\":\"https:\/\/idakorea.ee\/product\/taastav-ja-niisutav-kreem-jmsolution-b5-hya-moisturizing-cream-60ml\/#primaryimage\"},\"thumbnailUrl\":\"https:\/\/idakorea.ee\/wp-content\/uploads\/2025\/02\/jmsolution-b5-hya-moisturizing-cream.jpg\",\"datePublished\":\"2025-02-24T12:50:00+00:00\",\"dateModified\":\"2026-01-30T13:06:56+00:00\",\"breadcrumb\":{\"@id\":\"https:\/\/idakorea.ee\/product\/taastav-ja-niisutav-kreem-jmsolution-b5-hya-moisturizing-cream-60ml\/#breadcrumb\"},\"inLanguage\":\"fi\",\"potentialAction\":[{\"@type\":\"ReadAction\",\"target\":[\"https:\/\/idakorea.ee\/product\/taastav-ja-niisutav-kreem-jmsolution-b5-hya-moisturizing-cream-60ml\/\"]}]},{\"@type\":\"ImageObject\",\"inLanguage\":\"fi\",\"@id\":\"https:\/\/idakorea.ee\/product\/taastav-ja-niisutav-kreem-jmsolution-b5-hya-moisturizing-cream-60ml\/#primaryimage\",\"url\":\"https:\/\/idakorea.ee\/wp-content\/uploads\/2025\/02\/jmsolution-b5-hya-moisturizing-cream.jpg\",\"contentUrl\":\"https:\/\/idakorea.ee\/wp-content\/uploads\/2025\/02\/jmsolution-b5-hya-moisturizing-cream.jpg\",\"width\":1000,\"height\":1000},{\"@type\":\"BreadcrumbList\",\"@id\":\"https:\/\/idakorea.ee\/product\/taastav-ja-niisutav-kreem-jmsolution-b5-hya-moisturizing-cream-60ml\/#breadcrumb\",\"itemListElement\":[{\"@type\":\"ListItem\",\"position\":1,\"name\":\"\u0413\u043b\u0430\u0432\u043d\u0430\u044f \u0441\u0442\u0440\u0430\u043d\u0438\u0446\u0430\",\"item\":\"https:\/\/idakorea.ee\/\"},{\"@type\":\"ListItem\",\"position\":2,\"name\":\"Shop\",\"item\":\"https:\/\/idakorea.ee\/shop-2\/\"},{\"@type\":\"ListItem\",\"position\":3,\"name\":\"Taastav ja niisutav kreem JMsolution B5 Hya Moisturizing Cream, 60ml\"}]},{\"@type\":\"WebSite\",\"@id\":\"https:\/\/idakorea.ee\/#website\",\"url\":\"https:\/\/idakorea.ee\/\",\"name\":\"IDA.KOREA\",\"description\":\"Korea kosmeetika e-pood\",\"publisher\":{\"@id\":\"https:\/\/idakorea.ee\/#organization\"},\"alternateName\":\"Beauty Shop\",\"potentialAction\":[{\"@type\":\"SearchAction\",\"target\":{\"@type\":\"EntryPoint\",\"urlTemplate\":\"https:\/\/idakorea.ee\/?s={search_term_string}\"},\"query-input\":{\"@type\":\"PropertyValueSpecification\",\"valueRequired\":true,\"valueName\":\"search_term_string\"}}],\"inLanguage\":\"fi\"},{\"@type\":\"Organization\",\"@id\":\"https:\/\/idakorea.ee\/#organization\",\"name\":\"IDA.KOREA\",\"url\":\"https:\/\/idakorea.ee\/\",\"logo\":{\"@type\":\"ImageObject\",\"inLanguage\":\"fi\",\"@id\":\"https:\/\/idakorea.ee\/#\/schema\/logo\/image\/\",\"url\":\"https:\/\/idakorea.ee\/wp-content\/uploads\/2024\/05\/cropped-korea3.png\",\"contentUrl\":\"https:\/\/idakorea.ee\/wp-content\/uploads\/2024\/05\/cropped-korea3.png\",\"width\":688,\"height\":126,\"caption\":\"IDA.KOREA\"},\"image\":{\"@id\":\"https:\/\/idakorea.ee\/#\/schema\/logo\/image\/\"},\"sameAs\":[\"https:\/\/www.instagram.com\/ida.korea\/\"]}]}<\/script>\n<!-- \/ Yoast SEO plugin. -->","yoast_head_json":{"title":"Palauttava ja kosteuttava voide JMsolution B5 Hya kosteusvoide, 60ml - IDA.KOREA","robots":{"index":"index","follow":"follow","max-snippet":"max-snippet:-1","max-image-preview":"max-image-preview:large","max-video-preview":"max-video-preview:-1"},"canonical":"https:\/\/idakorea.ee\/fi\/product\/taastav-ja-niisutav-kreem-jmsolution-b5-hya-moisturizing-cream-60ml\/","og_locale":"fi_FI","og_type":"article","og_title":"Taastav ja niisutav kreem JMsolution B5 Hya Moisturizing Cream, 60ml - IDA.KOREA","og_description":"JMsolution B5 Hya Moisturizing Cream on suurep\u00e4rane igap\u00e4evane nahahooldustoode, mis v\u00e4rskendab, niisutab ning eemaldab kiskuva tunde, aidates kaasa naha taastumisele ja pehmendamisele. Kreem tugevdab naha kaitsebarj\u00e4\u00e4ri, v\u00e4hendab tundlikkust v\u00e4liste \u00e4rritajate suhtes, leevendab punetust ja s\u00fcgelust ning tasakaalustab h\u00fcdrolipiidide tasakaalu. Lisaks intensiivsele niisutusele lukustab kreem niiskuse nahas, v\u00e4ltides kuivust ja \u00e4rritusi. Imendub kiiresti, ei j\u00e4ta kleepuvat...","og_url":"https:\/\/idakorea.ee\/fi\/product\/taastav-ja-niisutav-kreem-jmsolution-b5-hya-moisturizing-cream-60ml\/","og_site_name":"IDA.KOREA","article_modified_time":"2026-01-30T13:06:56+00:00","og_image":[{"width":1000,"height":1000,"url":"https:\/\/idakorea.ee\/wp-content\/uploads\/2025\/02\/jmsolution-b5-hya-moisturizing-cream.jpg","type":"image\/jpeg"}],"twitter_card":"summary_large_image","twitter_misc":{"Arvioitu lukuaika":"2 minuuttia"},"schema":{"@context":"https:\/\/schema.org","@graph":[{"@type":"WebPage","@id":"https:\/\/idakorea.ee\/product\/taastav-ja-niisutav-kreem-jmsolution-b5-hya-moisturizing-cream-60ml\/","url":"https:\/\/idakorea.ee\/product\/taastav-ja-niisutav-kreem-jmsolution-b5-hya-moisturizing-cream-60ml\/","name":"Palauttava ja kosteuttava voide JMsolution B5 Hya kosteusvoide, 60ml - IDA.KOREA","isPartOf":{"@id":"https:\/\/idakorea.ee\/#website"},"primaryImageOfPage":{"@id":"https:\/\/idakorea.ee\/product\/taastav-ja-niisutav-kreem-jmsolution-b5-hya-moisturizing-cream-60ml\/#primaryimage"},"image":{"@id":"https:\/\/idakorea.ee\/product\/taastav-ja-niisutav-kreem-jmsolution-b5-hya-moisturizing-cream-60ml\/#primaryimage"},"thumbnailUrl":"https:\/\/idakorea.ee\/wp-content\/uploads\/2025\/02\/jmsolution-b5-hya-moisturizing-cream.jpg","datePublished":"2025-02-24T12:50:00+00:00","dateModified":"2026-01-30T13:06:56+00:00","breadcrumb":{"@id":"https:\/\/idakorea.ee\/product\/taastav-ja-niisutav-kreem-jmsolution-b5-hya-moisturizing-cream-60ml\/#breadcrumb"},"inLanguage":"fi","potentialAction":[{"@type":"ReadAction","target":["https:\/\/idakorea.ee\/product\/taastav-ja-niisutav-kreem-jmsolution-b5-hya-moisturizing-cream-60ml\/"]}]},{"@type":"ImageObject","inLanguage":"fi","@id":"https:\/\/idakorea.ee\/product\/taastav-ja-niisutav-kreem-jmsolution-b5-hya-moisturizing-cream-60ml\/#primaryimage","url":"https:\/\/idakorea.ee\/wp-content\/uploads\/2025\/02\/jmsolution-b5-hya-moisturizing-cream.jpg","contentUrl":"https:\/\/idakorea.ee\/wp-content\/uploads\/2025\/02\/jmsolution-b5-hya-moisturizing-cream.jpg","width":1000,"height":1000},{"@type":"BreadcrumbList","@id":"https:\/\/idakorea.ee\/product\/taastav-ja-niisutav-kreem-jmsolution-b5-hya-moisturizing-cream-60ml\/#breadcrumb","itemListElement":[{"@type":"ListItem","position":1,"name":"\u0413\u043b\u0430\u0432\u043d\u0430\u044f \u0441\u0442\u0440\u0430\u043d\u0438\u0446\u0430","item":"https:\/\/idakorea.ee\/"},{"@type":"ListItem","position":2,"name":"Shop","item":"https:\/\/idakorea.ee\/shop-2\/"},{"@type":"ListItem","position":3,"name":"Taastav ja niisutav kreem JMsolution B5 Hya Moisturizing Cream, 60ml"}]},{"@type":"WebSite","@id":"https:\/\/idakorea.ee\/#website","url":"https:\/\/idakorea.ee\/","name":"IDA.KOREA","description":"Korean kosmetiikan verkkokauppa","publisher":{"@id":"https:\/\/idakorea.ee\/#organization"},"alternateName":"Beauty Shop","potentialAction":[{"@type":"SearchAction","target":{"@type":"EntryPoint","urlTemplate":"https:\/\/idakorea.ee\/?s={search_term_string}"},"query-input":{"@type":"PropertyValueSpecification","valueRequired":true,"valueName":"search_term_string"}}],"inLanguage":"fi"},{"@type":"Organization","@id":"https:\/\/idakorea.ee\/#organization","name":"IDA.KOREA","url":"https:\/\/idakorea.ee\/","logo":{"@type":"ImageObject","inLanguage":"fi","@id":"https:\/\/idakorea.ee\/#\/schema\/logo\/image\/","url":"https:\/\/idakorea.ee\/wp-content\/uploads\/2024\/05\/cropped-korea3.png","contentUrl":"https:\/\/idakorea.ee\/wp-content\/uploads\/2024\/05\/cropped-korea3.png","width":688,"height":126,"caption":"IDA.KOREA"},"image":{"@id":"https:\/\/idakorea.ee\/#\/schema\/logo\/image\/"},"sameAs":["https:\/\/www.instagram.com\/ida.korea\/"]}]}},"jetpack_sharing_enabled":true,"brands":[{"id":487,"name":"JM SOLUTION","slug":"jm-solution"}],"_links":{"self":[{"href":"https:\/\/idakorea.ee\/fi\/wp-json\/wp\/v2\/product\/12812","targetHints":{"allow":["GET"]}}],"collection":[{"href":"https:\/\/idakorea.ee\/fi\/wp-json\/wp\/v2\/product"}],"about":[{"href":"https:\/\/idakorea.ee\/fi\/wp-json\/wp\/v2\/types\/product"}],"replies":[{"embeddable":true,"href":"https:\/\/idakorea.ee\/fi\/wp-json\/wp\/v2\/comments?post=12812"}],"version-history":[{"count":3,"href":"https:\/\/idakorea.ee\/fi\/wp-json\/wp\/v2\/product\/12812\/revisions"}],"predecessor-version":[{"id":12818,"href":"https:\/\/idakorea.ee\/fi\/wp-json\/wp\/v2\/product\/12812\/revisions\/12818"}],"wp:featuredmedia":[{"embeddable":true,"href":"https:\/\/idakorea.ee\/fi\/wp-json\/wp\/v2\/media\/12813"}],"wp:attachment":[{"href":"https:\/\/idakorea.ee\/fi\/wp-json\/wp\/v2\/media?parent=12812"}],"wp:term":[{"taxonomy":"pwb-brand","embeddable":true,"href":"https:\/\/idakorea.ee\/fi\/wp-json\/wp\/v2\/pwb-brand?post=12812"},{"taxonomy":"product_brand","embeddable":true,"href":"https:\/\/idakorea.ee\/fi\/wp-json\/wp\/v2\/product_brand?post=12812"},{"taxonomy":"product_cat","embeddable":true,"href":"https:\/\/idakorea.ee\/fi\/wp-json\/wp\/v2\/product_cat?post=12812"},{"taxonomy":"product_tag","embeddable":true,"href":"https:\/\/idakorea.ee\/fi\/wp-json\/wp\/v2\/product_tag?post=12812"}],"curies":[{"name":"wp","href":"https:\/\/api.w.org\/{rel}","templated":true}]}}