{"id":12827,"date":"2025-02-25T10:50:20","date_gmt":"2025-02-25T08:50:20","guid":{"rendered":"https:\/\/idakorea.ee\/?post_type=product&#038;p=12827"},"modified":"2026-04-03T14:35:34","modified_gmt":"2026-04-03T12:35:34","slug":"jahutav-hapnikuga-rikastatud-essents-medipeel-peptide-9-volume-white-cica-essence-pro-100ml","status":"publish","type":"product","link":"https:\/\/idakorea.ee\/fi\/product\/jahutav-hapnikuga-rikastatud-essents-medipeel-peptide-9-volume-white-cica-essence-pro-100ml\/","title":{"rendered":"Viilent\u00e4v\u00e4 hapetettu uute Medipeel+ Peptide 9 Volume White Cica Essence PRO, 100ml"},"content":{"rendered":"<p>Essenssill\u00e4 on kohottava vaikutus, joka parantaa ihon s\u00e4vy\u00e4 ja kimmoisuutta, kiinteytt\u00e4\u00e4 kudoksia, auttaa torjumaan sameaa ihoa ja ei-toivottua pigmenttimuutosta sek\u00e4 tasoittaa ihon s\u00e4vy\u00e4. Se my\u00f6s silottaa hienoja ilmejuonteita silmien, suun ja poskien ymp\u00e4rill\u00e4.<\/p>\n<p><strong>Toiminta:<\/strong><\/p>\n<ul>\n<li>Kosteuttaa tehokkaasti, ehk\u00e4isten ihon kuivumista.<\/li>\n<li>Rauhoittaa ihoa, lievitt\u00e4\u00e4 \u00e4rsytyst\u00e4 ja punoitusta.<\/li>\n<li>Vaalentaa pigmenttimuutoksia ja ik\u00e4l\u00e4iski\u00e4, est\u00e4\u00e4 melaniinin tuotantoa ja hyperpigmentaatiota.<\/li>\n<li>Antaa iholle miellytt\u00e4v\u00e4n viilent\u00e4v\u00e4n tunteen ja v\u00e4hent\u00e4\u00e4 kutinaa.<\/li>\n<\/ul>\n<p>Iholle levitettyn\u00e4 muodostuvat happikuplat tunkeutuvat syv\u00e4lle epidermikseen, mik\u00e4 auttaa vaikuttavia aineita imeytym\u00e4\u00e4n paremmin ja parantaa ihon imeytymiskyky\u00e4.<\/p>\n<p><strong>T\u00e4rkeimm\u00e4t vaikuttavat aineet:<\/strong><\/p>\n<ul>\n<li><strong>9 pipsi\u00e4<\/strong> \u2013 v\u00e4hent\u00e4\u00e4 ryppyj\u00e4, est\u00e4\u00e4 uusien muodostumista, kiinteytt\u00e4\u00e4 kasvojen muotoja, vahvistaa ihon rakennetta ja aktivoi kollageenin ja elastiinin synteesi\u00e4.<\/li>\n<li><strong>4 erilaista hyaluronihappoa<\/strong> \u2013 luovat kosteutta s\u00e4ilytt\u00e4v\u00e4n suojakerroksen, palauttavat ihon rakenteen, silottavat ryppyj\u00e4 ja tekev\u00e4t ihosta sile\u00e4n ja pehme\u00e4n.<\/li>\n<li><strong>Ektoiin<\/strong> \u2013 luonnollinen aminohappo, joka suojaa ihoa UV-s\u00e4teilylt\u00e4 ja ymp\u00e4rist\u00f6n vaikutuksilta, rauhoittaa ja v\u00e4hent\u00e4\u00e4 punoitusta.<\/li>\n<li><strong>CICA-kompleksi (8 aasialaista vesiper\u00e4ist\u00e4 johdannaista)<\/strong> \u2013 parantaa ihon kimmoisuutta ja kosteustasoja, suojaa ihoa UV-s\u00e4teilylt\u00e4 ja haitallisilta ymp\u00e4rist\u00f6tekij\u00f6ilt\u00e4.<\/li>\n<li><strong>Adenos<\/strong> \u2013 tehokas ik\u00e4\u00e4ntymist\u00e4 ehk\u00e4isev\u00e4 ainesosa, joka stimuloi tyypin 1 prokollageenin synteesi\u00e4 parantaen ihon s\u00e4vy\u00e4 ja kimmoisuutta.<\/li>\n<li><strong>Hydrolysoitu kollageeni ja elastiini<\/strong> \u2013 silottaa ja kiinteytt\u00e4\u00e4 ihoa, palauttaa kosteustasapainon ja nopeuttaa uudistumista.<\/li>\n<li><strong>Volufilin<\/strong> \u2013 stimuloi ihonalaisia rasvasoluja (adiposyyttej\u00e4) ja auttaa yll\u00e4pit\u00e4m\u00e4\u00e4n ihon t\u00e4ytel\u00e4isyytt\u00e4 ja kimmoisuutta.<\/li>\n<li><strong>Lactobacillus-fermentit<\/strong> \u2013 niill\u00e4 on tulehdusta est\u00e4v\u00e4 vaikutus, ne palauttavat epidermiksen suojatoiminnot ja v\u00e4hent\u00e4v\u00e4t ihon herkkyytt\u00e4.<\/li>\n<li><strong>Traneksaamihappo<\/strong> \u2013 v\u00e4hent\u00e4\u00e4 melaniinin synteesi\u00e4, vaalentaa pigmenttimuutoksia ja tasoittaa ihon s\u00e4vy\u00e4.<\/li>\n<li><strong>Valkopajun kuoriuute<\/strong> \u2013 luonnollinen salisyylihapon l\u00e4hde, joka parantaa ihonv\u00e4ri\u00e4, lievitt\u00e4\u00e4 \u00e4rsytyst\u00e4, nopeuttaa solujen uusiutumista, supistaa ihohuokosia ja s\u00e4\u00e4telee talin tuotantoa.<\/li>\n<\/ul>\n<p>&nbsp;<\/p>\n<p>Sopii kuivan, normaalin ja sekaihon hoitoon.<\/p>\n<p><strong>K\u00e4ytt\u00f6opas: <\/strong>Levit\u00e4 tarvittava m\u00e4\u00e4r\u00e4 voidetta iholle ja odota, kunnes happikuplia muodostuu. Kun tuote alkaa vaahtoutua, taputtele sit\u00e4 varovasti ihoon, jotta voide imeytyy paremmin.<\/p>","protected":false},"excerpt":{"rendered":"<p>Esseell\u00e4 on nostattava vaikutus, joka parantaa ihon s\u00e4vy\u00e4 ja kimmoisuutta, kirist\u00e4\u00e4 kudoksia, auttaa torjumaan sameaa ihonv\u00e4ri\u00e4 ja ei-toivottua pigmentaatiota sek\u00e4 tasoittaa ihon s\u00e4vy\u00e4. Se my\u00f6s silottaa hienoja juonteita ja ryppyj\u00e4 silmien, suun ja poskien ymp\u00e4rill\u00e4. Vaikutus. Rauhoittaa ihoa, lievitt\u00e4\u00e4 \u00e4rsytyst\u00e4 ja punoitusta. Vaalentaa pigmentaatiota ja itsep\u00e4isi\u00e4 l\u00e4iski\u00e4, est\u00e4\u00e4 melaniinin tuotantoa ja...<\/p>","protected":false},"featured_media":12828,"comment_status":"open","ping_status":"closed","template":"","meta":{"_uf_show_specific_survey":0,"_uf_disable_surveys":false,"_bst_post_transparent":"default","_bst_post_title":"","_bst_post_layout":"default","_bst_post_sidebar_id":"","_bst_post_content_style":"default","_bst_post_vertical_padding":"default","_bst_post_feature":"","_bst_post_feature_position":"","_bst_post_header":false,"_bst_post_footer":false},"pwb-brand":[107],"product_brand":[],"product_cat":[92,97],"product_tag":[568,381,814],"class_list":{"0":"post-12827","1":"product","2":"type-product","3":"status-publish","4":"has-post-thumbnail","6":"pwb-brand-medipeel","7":"product_cat-nagu","8":"product_cat-naoseerumid-ja-olid","9":"product_tag-korea","10":"product_tag-medipeel","11":"product_tag-pro","13":"first","14":"instock","15":"sale","16":"shipping-taxable","17":"purchasable","18":"product-type-simple","19":"entry","20":"content-bg","21":"loop-entry"},"supplier_id":null,"supplier_sku":"","barcode":null,"atum_controlled":true,"out_stock_date":null,"out_stock_threshold":null,"inheritable":false,"inbound_stock":0,"stock_on_hold":0,"sold_today":0,"sales_last_days":0,"out_stock_days":0,"lost_sales":0,"has_location":false,"update_date":"2026-04-15T00:05:16","atum_locations":[],"atum_stock_status":"instock","restock_status":false,"low_stock_amount":"","sales_update_date":"2026-04-15T00:05:16","calc_backorders":null,"yoast_head":"<!-- This site is optimized with the Yoast SEO plugin v27.2 - https:\/\/yoast.com\/product\/yoast-seo-wordpress\/ -->\n<title>Medipeel+ Peptide 9 Volume White Cica Essence PRO, 100ml - IDA.KOREA<\/title>\n<meta name=\"description\" content=\"Essents lifting-efektiga, mis parandab naha toonust ja elastsust, aitab v\u00f5idelda tuhmi jume ja soovimatu pigmentatsiooniga ning \u00fchtlustab naha tooni.\" \/>\n<meta name=\"robots\" content=\"index, follow, max-snippet:-1, max-image-preview:large, max-video-preview:-1\" \/>\n<link rel=\"canonical\" href=\"https:\/\/idakorea.ee\/fi\/product\/jahutav-hapnikuga-rikastatud-essents-medipeel-peptide-9-volume-white-cica-essence-pro-100ml\/\" \/>\n<meta property=\"og:locale\" content=\"fi_FI\" \/>\n<meta property=\"og:type\" content=\"article\" \/>\n<meta property=\"og:title\" content=\"Medipeel+ Peptide 9 Volume White Cica Essence PRO, 100ml - IDA.KOREA\" \/>\n<meta property=\"og:description\" content=\"Essents lifting-efektiga, mis parandab naha toonust ja elastsust, aitab v\u00f5idelda tuhmi jume ja soovimatu pigmentatsiooniga ning \u00fchtlustab naha tooni.\" \/>\n<meta property=\"og:url\" content=\"https:\/\/idakorea.ee\/fi\/product\/jahutav-hapnikuga-rikastatud-essents-medipeel-peptide-9-volume-white-cica-essence-pro-100ml\/\" \/>\n<meta property=\"og:site_name\" content=\"IDA.KOREA\" \/>\n<meta property=\"article:modified_time\" content=\"2026-04-03T12:35:34+00:00\" \/>\n<meta property=\"og:image\" content=\"https:\/\/idakorea.ee\/wp-content\/uploads\/2025\/02\/medipeelcicaessence.png\" \/>\n\t<meta property=\"og:image:width\" content=\"1000\" \/>\n\t<meta property=\"og:image:height\" content=\"1000\" \/>\n\t<meta property=\"og:image:type\" content=\"image\/png\" \/>\n<meta name=\"twitter:card\" content=\"summary_large_image\" \/>\n<meta name=\"twitter:label1\" content=\"Arvioitu lukuaika\" \/>\n\t<meta name=\"twitter:data1\" content=\"2 minuuttia\" \/>\n<script type=\"application\/ld+json\" class=\"yoast-schema-graph\">{\"@context\":\"https:\/\/schema.org\",\"@graph\":[{\"@type\":\"WebPage\",\"@id\":\"https:\/\/idakorea.ee\/product\/jahutav-hapnikuga-rikastatud-essents-medipeel-peptide-9-volume-white-cica-essence-pro-100ml\/\",\"url\":\"https:\/\/idakorea.ee\/product\/jahutav-hapnikuga-rikastatud-essents-medipeel-peptide-9-volume-white-cica-essence-pro-100ml\/\",\"name\":\"Medipeel+ Peptide 9 Volume White Cica Essence PRO, 100ml - IDA.KOREA\",\"isPartOf\":{\"@id\":\"https:\/\/idakorea.ee\/#website\"},\"primaryImageOfPage\":{\"@id\":\"https:\/\/idakorea.ee\/product\/jahutav-hapnikuga-rikastatud-essents-medipeel-peptide-9-volume-white-cica-essence-pro-100ml\/#primaryimage\"},\"image\":{\"@id\":\"https:\/\/idakorea.ee\/product\/jahutav-hapnikuga-rikastatud-essents-medipeel-peptide-9-volume-white-cica-essence-pro-100ml\/#primaryimage\"},\"thumbnailUrl\":\"https:\/\/idakorea.ee\/wp-content\/uploads\/2025\/02\/medipeelcicaessence.png\",\"datePublished\":\"2025-02-25T08:50:20+00:00\",\"dateModified\":\"2026-04-03T12:35:34+00:00\",\"description\":\"Essents lifting-efektiga, mis parandab naha toonust ja elastsust, aitab v\u00f5idelda tuhmi jume ja soovimatu pigmentatsiooniga ning \u00fchtlustab naha tooni.\",\"breadcrumb\":{\"@id\":\"https:\/\/idakorea.ee\/product\/jahutav-hapnikuga-rikastatud-essents-medipeel-peptide-9-volume-white-cica-essence-pro-100ml\/#breadcrumb\"},\"inLanguage\":\"fi\",\"potentialAction\":[{\"@type\":\"ReadAction\",\"target\":[\"https:\/\/idakorea.ee\/product\/jahutav-hapnikuga-rikastatud-essents-medipeel-peptide-9-volume-white-cica-essence-pro-100ml\/\"]}]},{\"@type\":\"ImageObject\",\"inLanguage\":\"fi\",\"@id\":\"https:\/\/idakorea.ee\/product\/jahutav-hapnikuga-rikastatud-essents-medipeel-peptide-9-volume-white-cica-essence-pro-100ml\/#primaryimage\",\"url\":\"https:\/\/idakorea.ee\/wp-content\/uploads\/2025\/02\/medipeelcicaessence.png\",\"contentUrl\":\"https:\/\/idakorea.ee\/wp-content\/uploads\/2025\/02\/medipeelcicaessence.png\",\"width\":1000,\"height\":1000},{\"@type\":\"BreadcrumbList\",\"@id\":\"https:\/\/idakorea.ee\/product\/jahutav-hapnikuga-rikastatud-essents-medipeel-peptide-9-volume-white-cica-essence-pro-100ml\/#breadcrumb\",\"itemListElement\":[{\"@type\":\"ListItem\",\"position\":1,\"name\":\"\u0413\u043b\u0430\u0432\u043d\u0430\u044f \u0441\u0442\u0440\u0430\u043d\u0438\u0446\u0430\",\"item\":\"https:\/\/idakorea.ee\/\"},{\"@type\":\"ListItem\",\"position\":2,\"name\":\"Shop\",\"item\":\"https:\/\/idakorea.ee\/shop-2\/\"},{\"@type\":\"ListItem\",\"position\":3,\"name\":\"Jahutav hapnikuga rikastatud essents Medipeel+ Peptide 9 Volume White Cica Essence PRO, 100ml\"}]},{\"@type\":\"WebSite\",\"@id\":\"https:\/\/idakorea.ee\/#website\",\"url\":\"https:\/\/idakorea.ee\/\",\"name\":\"IDA.KOREA\",\"description\":\"Korea kosmeetika e-pood\",\"publisher\":{\"@id\":\"https:\/\/idakorea.ee\/#organization\"},\"alternateName\":\"Beauty Shop\",\"potentialAction\":[{\"@type\":\"SearchAction\",\"target\":{\"@type\":\"EntryPoint\",\"urlTemplate\":\"https:\/\/idakorea.ee\/?s={search_term_string}\"},\"query-input\":{\"@type\":\"PropertyValueSpecification\",\"valueRequired\":true,\"valueName\":\"search_term_string\"}}],\"inLanguage\":\"fi\"},{\"@type\":\"Organization\",\"@id\":\"https:\/\/idakorea.ee\/#organization\",\"name\":\"IDA.KOREA\",\"url\":\"https:\/\/idakorea.ee\/\",\"logo\":{\"@type\":\"ImageObject\",\"inLanguage\":\"fi\",\"@id\":\"https:\/\/idakorea.ee\/#\/schema\/logo\/image\/\",\"url\":\"https:\/\/idakorea.ee\/wp-content\/uploads\/2024\/05\/cropped-korea3.png\",\"contentUrl\":\"https:\/\/idakorea.ee\/wp-content\/uploads\/2024\/05\/cropped-korea3.png\",\"width\":688,\"height\":126,\"caption\":\"IDA.KOREA\"},\"image\":{\"@id\":\"https:\/\/idakorea.ee\/#\/schema\/logo\/image\/\"},\"sameAs\":[\"https:\/\/www.instagram.com\/ida.korea\/\"]}]}<\/script>\n<!-- \/ Yoast SEO plugin. -->","yoast_head_json":{"title":"Medipeel+ Peptide 9 Volume White Cica Essence PRO, 100ml - IDA.KOREA","description":"Kohottava koostumus, joka parantaa ihon s\u00e4vy\u00e4 ja kimmoisuutta, auttaa torjumaan sameaa ihoa ja ei-toivottua pigmenttimuutosta sek\u00e4 tasoittaa ihon s\u00e4vy\u00e4.","robots":{"index":"index","follow":"follow","max-snippet":"max-snippet:-1","max-image-preview":"max-image-preview:large","max-video-preview":"max-video-preview:-1"},"canonical":"https:\/\/idakorea.ee\/fi\/product\/jahutav-hapnikuga-rikastatud-essents-medipeel-peptide-9-volume-white-cica-essence-pro-100ml\/","og_locale":"fi_FI","og_type":"article","og_title":"Medipeel+ Peptide 9 Volume White Cica Essence PRO, 100ml - IDA.KOREA","og_description":"Essents lifting-efektiga, mis parandab naha toonust ja elastsust, aitab v\u00f5idelda tuhmi jume ja soovimatu pigmentatsiooniga ning \u00fchtlustab naha tooni.","og_url":"https:\/\/idakorea.ee\/fi\/product\/jahutav-hapnikuga-rikastatud-essents-medipeel-peptide-9-volume-white-cica-essence-pro-100ml\/","og_site_name":"IDA.KOREA","article_modified_time":"2026-04-03T12:35:34+00:00","og_image":[{"width":1000,"height":1000,"url":"https:\/\/idakorea.ee\/wp-content\/uploads\/2025\/02\/medipeelcicaessence.png","type":"image\/png"}],"twitter_card":"summary_large_image","twitter_misc":{"Arvioitu lukuaika":"2 minuuttia"},"schema":{"@context":"https:\/\/schema.org","@graph":[{"@type":"WebPage","@id":"https:\/\/idakorea.ee\/product\/jahutav-hapnikuga-rikastatud-essents-medipeel-peptide-9-volume-white-cica-essence-pro-100ml\/","url":"https:\/\/idakorea.ee\/product\/jahutav-hapnikuga-rikastatud-essents-medipeel-peptide-9-volume-white-cica-essence-pro-100ml\/","name":"Medipeel+ Peptide 9 Volume White Cica Essence PRO, 100ml - IDA.KOREA","isPartOf":{"@id":"https:\/\/idakorea.ee\/#website"},"primaryImageOfPage":{"@id":"https:\/\/idakorea.ee\/product\/jahutav-hapnikuga-rikastatud-essents-medipeel-peptide-9-volume-white-cica-essence-pro-100ml\/#primaryimage"},"image":{"@id":"https:\/\/idakorea.ee\/product\/jahutav-hapnikuga-rikastatud-essents-medipeel-peptide-9-volume-white-cica-essence-pro-100ml\/#primaryimage"},"thumbnailUrl":"https:\/\/idakorea.ee\/wp-content\/uploads\/2025\/02\/medipeelcicaessence.png","datePublished":"2025-02-25T08:50:20+00:00","dateModified":"2026-04-03T12:35:34+00:00","description":"Kohottava koostumus, joka parantaa ihon s\u00e4vy\u00e4 ja kimmoisuutta, auttaa torjumaan sameaa ihoa ja ei-toivottua pigmenttimuutosta sek\u00e4 tasoittaa ihon s\u00e4vy\u00e4.","breadcrumb":{"@id":"https:\/\/idakorea.ee\/product\/jahutav-hapnikuga-rikastatud-essents-medipeel-peptide-9-volume-white-cica-essence-pro-100ml\/#breadcrumb"},"inLanguage":"fi","potentialAction":[{"@type":"ReadAction","target":["https:\/\/idakorea.ee\/product\/jahutav-hapnikuga-rikastatud-essents-medipeel-peptide-9-volume-white-cica-essence-pro-100ml\/"]}]},{"@type":"ImageObject","inLanguage":"fi","@id":"https:\/\/idakorea.ee\/product\/jahutav-hapnikuga-rikastatud-essents-medipeel-peptide-9-volume-white-cica-essence-pro-100ml\/#primaryimage","url":"https:\/\/idakorea.ee\/wp-content\/uploads\/2025\/02\/medipeelcicaessence.png","contentUrl":"https:\/\/idakorea.ee\/wp-content\/uploads\/2025\/02\/medipeelcicaessence.png","width":1000,"height":1000},{"@type":"BreadcrumbList","@id":"https:\/\/idakorea.ee\/product\/jahutav-hapnikuga-rikastatud-essents-medipeel-peptide-9-volume-white-cica-essence-pro-100ml\/#breadcrumb","itemListElement":[{"@type":"ListItem","position":1,"name":"\u0413\u043b\u0430\u0432\u043d\u0430\u044f \u0441\u0442\u0440\u0430\u043d\u0438\u0446\u0430","item":"https:\/\/idakorea.ee\/"},{"@type":"ListItem","position":2,"name":"Shop","item":"https:\/\/idakorea.ee\/shop-2\/"},{"@type":"ListItem","position":3,"name":"Jahutav hapnikuga rikastatud essents Medipeel+ Peptide 9 Volume White Cica Essence PRO, 100ml"}]},{"@type":"WebSite","@id":"https:\/\/idakorea.ee\/#website","url":"https:\/\/idakorea.ee\/","name":"IDA.KOREA","description":"Korean kosmetiikan verkkokauppa","publisher":{"@id":"https:\/\/idakorea.ee\/#organization"},"alternateName":"Beauty Shop","potentialAction":[{"@type":"SearchAction","target":{"@type":"EntryPoint","urlTemplate":"https:\/\/idakorea.ee\/?s={search_term_string}"},"query-input":{"@type":"PropertyValueSpecification","valueRequired":true,"valueName":"search_term_string"}}],"inLanguage":"fi"},{"@type":"Organization","@id":"https:\/\/idakorea.ee\/#organization","name":"IDA.KOREA","url":"https:\/\/idakorea.ee\/","logo":{"@type":"ImageObject","inLanguage":"fi","@id":"https:\/\/idakorea.ee\/#\/schema\/logo\/image\/","url":"https:\/\/idakorea.ee\/wp-content\/uploads\/2024\/05\/cropped-korea3.png","contentUrl":"https:\/\/idakorea.ee\/wp-content\/uploads\/2024\/05\/cropped-korea3.png","width":688,"height":126,"caption":"IDA.KOREA"},"image":{"@id":"https:\/\/idakorea.ee\/#\/schema\/logo\/image\/"},"sameAs":["https:\/\/www.instagram.com\/ida.korea\/"]}]}},"jetpack_sharing_enabled":true,"brands":[{"id":107,"name":"MEDIPEEL+","slug":"medipeel"}],"_links":{"self":[{"href":"https:\/\/idakorea.ee\/fi\/wp-json\/wp\/v2\/product\/12827","targetHints":{"allow":["GET"]}}],"collection":[{"href":"https:\/\/idakorea.ee\/fi\/wp-json\/wp\/v2\/product"}],"about":[{"href":"https:\/\/idakorea.ee\/fi\/wp-json\/wp\/v2\/types\/product"}],"replies":[{"embeddable":true,"href":"https:\/\/idakorea.ee\/fi\/wp-json\/wp\/v2\/comments?post=12827"}],"version-history":[{"count":1,"href":"https:\/\/idakorea.ee\/fi\/wp-json\/wp\/v2\/product\/12827\/revisions"}],"predecessor-version":[{"id":12830,"href":"https:\/\/idakorea.ee\/fi\/wp-json\/wp\/v2\/product\/12827\/revisions\/12830"}],"wp:featuredmedia":[{"embeddable":true,"href":"https:\/\/idakorea.ee\/fi\/wp-json\/wp\/v2\/media\/12828"}],"wp:attachment":[{"href":"https:\/\/idakorea.ee\/fi\/wp-json\/wp\/v2\/media?parent=12827"}],"wp:term":[{"taxonomy":"pwb-brand","embeddable":true,"href":"https:\/\/idakorea.ee\/fi\/wp-json\/wp\/v2\/pwb-brand?post=12827"},{"taxonomy":"product_brand","embeddable":true,"href":"https:\/\/idakorea.ee\/fi\/wp-json\/wp\/v2\/product_brand?post=12827"},{"taxonomy":"product_cat","embeddable":true,"href":"https:\/\/idakorea.ee\/fi\/wp-json\/wp\/v2\/product_cat?post=12827"},{"taxonomy":"product_tag","embeddable":true,"href":"https:\/\/idakorea.ee\/fi\/wp-json\/wp\/v2\/product_tag?post=12827"}],"curies":[{"name":"wp","href":"https:\/\/api.w.org\/{rel}","templated":true}]}}