{"id":12834,"date":"2025-02-25T13:32:23","date_gmt":"2025-02-25T11:32:23","guid":{"rendered":"https:\/\/idakorea.ee\/?post_type=product&#038;p=12834"},"modified":"2026-03-06T17:12:39","modified_gmt":"2026-03-06T15:12:39","slug":"sugavniisutav-seerum-numbuzin-no-6-deep-sleep-mask-serum-50ml","status":"publish","type":"product","link":"https:\/\/idakorea.ee\/fi\/product\/sugavniisutav-seerum-numbuzin-no-6-deep-sleep-mask-serum-50ml\/","title":{"rendered":"Deep Sleep Mask -seerumi Numbuzin No.6 Deep Sleep Mask -seerumi, 50ml"},"content":{"rendered":"<p>Tehokkaasti kosteuttava seerumi palauttaa kosteustasapainon ja palauttaa kuivan ja samean ihon. Se pehment\u00e4\u00e4 karheita ja s\u00e4\u00e4n vaurioittamia alueita, rauhoittaa \u00e4rsytyst\u00e4 ja v\u00e4hent\u00e4\u00e4 hilseily\u00e4.<\/p>\n<p class=\"translation-block\"><strong>63% j\u00e4\u00e4tikk\u00f6vesi<\/strong> \u2013 mineraaleilla ja hivenaineilla (mukaan lukien kalsium ja magnesium) rikastettu vesi, joka t\u00e4ydent\u00e4\u00e4 ihon kosteusvarastoja, parantaa solujen hapettumista ja palauttaa ihon hydrolipiditasapainon.<\/p>\n<p>Kosteuttava naamiovaikutus \u2013 seerumi luo iholle kosteutta sitovan kerroksen ja suojaa sit\u00e4 kuivumiselta jopa 48 tuntia. Se on kevyt ja mukava vaihtoehto klassiselle kangasnaamiolle. Jo ensimm\u00e4isen k\u00e4ytt\u00f6kerran j\u00e4lkeen: raikastaa ihoa, lievitt\u00e4\u00e4 kireyden tunnetta, parantaa kuivuneen ihon kuntoa.<\/p>\n<p><strong>Muita vaikuttavia aineita:<\/strong><\/p>\n<ul>\n<li><strong>4 erilaista hyaluronihappoa<\/strong> \u2013 kosteuttaa tehokkaasti ja luo suojaavan kerroksen, joka pit\u00e4\u00e4 ihon kosteuden sis\u00e4ll\u00e4.<\/li>\n<li><strong>Pantenoli (B5-vitamiini)<\/strong> \u2013 rauhoittaa, nopeuttaa solujen uudistumista, korjaa mikrovaurioita ja v\u00e4hent\u00e4\u00e4 \u00e4rsytyst\u00e4.<\/li>\n<li><strong>Ksylityyliglukosidi<\/strong> \u2013 luonnollinen kosteusvoide, joka tasoittaa mikroreliefi\u00e4 ja pid\u00e4tt\u00e4\u00e4 vesimolekyylej\u00e4 ihosoluissa est\u00e4en niiden haihtumisen.<\/li>\n<li><strong>Natrium PCA (natrium PCA)<\/strong> \u2013 luonnollinen kosteuttava ainesosa, joka palauttaa ihon kosteustasapainon, kiihdytt\u00e4\u00e4 solujen aineenvaihduntaa, vahvistaa suojakerrosta ja parantaa ihon kimmoisuutta.<\/li>\n<li><strong>Fruktooligosakkaridit<\/strong> \u2013 tukevat ihon mikrobiomin terveytt\u00e4 v\u00e4hent\u00e4en ulkoisen ymp\u00e4rist\u00f6n \u00e4rsytt\u00e4vi\u00e4 vaikutuksia ja tehden ihosta sile\u00e4mm\u00e4n.<\/li>\n<li><strong>Aloe vera -uute<\/strong> \u2013 virkist\u00e4\u00e4, kiinteytt\u00e4\u00e4, v\u00e4hent\u00e4\u00e4 tulehdusta ja parantaa ihon kosteustasapainoa.<\/li>\n<li><strong>Munakoisouute<\/strong> \u2013 toimii voimakkaana antioksidanttina, sill\u00e4 on tulehdusta ja mikrobeja ehk\u00e4isevi\u00e4 vaikutuksia.<\/li>\n<li><strong>Lev\u00e4uute<\/strong> \u2013 neutraloi UV-s\u00e4teilyn haitallisia vaikutuksia ja taistelee vapaita radikaaleja vastaan.<\/li>\n<li><strong>Nimipuun uute<\/strong> \u2013 palauttaa ihon, sill\u00e4 on antiseptisi\u00e4 ja tulehdusta ehk\u00e4isevi\u00e4 vaikutuksia, tasoittaa ja s\u00e4\u00e4telee talintuotantoa.<\/li>\n<li><strong>Kurkuman juuriuute<\/strong> \u2013 tasoittaa ihon s\u00e4vy\u00e4, tarjoaa vahvan antioksidanttisuojan ja auttaa yll\u00e4pit\u00e4m\u00e4\u00e4n nuorekasta ihoa.<\/li>\n<\/ul>\n<h3><\/h3>\n<p>Sopii kaikille ihotyypeille, mukaan lukien herk\u00e4lle ja kuivuneelle iholle.<\/p>\n<p><strong>K\u00e4ytt\u00f6opas: <\/strong><strong>P\u00e4ivitt\u00e4iseen k\u00e4ytt\u00f6\u00f6n:<\/strong> Kasvojen puhdistuksen ja kasvoveden k\u00e4yt\u00f6n j\u00e4lkeen levit\u00e4 seerumia iholle ja levit\u00e4 tasaisesti.<br \/>\n<strong>Y\u00f6naamiona:<\/strong> Levit\u00e4 seerumia iholle useita kerroksia, anna sen imeyty\u00e4 \u00e4l\u00e4k\u00e4 huuhtele. Pese kasvosi aamulla mahdollisten tuotej\u00e4\u00e4mien poistamiseksi.<\/p>","protected":false},"excerpt":{"rendered":"<p>Intensiivisesti kosteuttava seerumi t\u00e4ydent\u00e4\u00e4 kosteutta ja elvytt\u00e4\u00e4 kuivaa ja kuivunutta ihoa. Pehment\u00e4\u00e4 karheita ja s\u00e4\u00e4n vaurioittamia alueita, rauhoittaa \u00e4rsytyst\u00e4 ja v\u00e4hent\u00e4\u00e4 hilseily\u00e4. 63% Glacier Water - Mineraaleilla ja hivenaineilla (mm. kalsium ja magnesium) rikastettu vesi, joka t\u00e4ydent\u00e4\u00e4 ihon kosteusvarastoja, parantaa solujen hapensaantia ja palauttaa ihon hydrolipiditasapainon. Kosteuttava peitt\u00e4v\u00e4 vaikutus - seerumi luo kosteutta lukitsevan esteen, joka...<\/p>","protected":false},"featured_media":12835,"comment_status":"open","ping_status":"closed","template":"","meta":{"_uf_show_specific_survey":0,"_uf_disable_surveys":false,"_bst_post_transparent":"default","_bst_post_title":"","_bst_post_layout":"default","_bst_post_sidebar_id":"","_bst_post_content_style":"default","_bst_post_vertical_padding":"default","_bst_post_feature":"","_bst_post_feature_position":"","_bst_post_header":false,"_bst_post_footer":false},"pwb-brand":[815],"product_brand":[],"product_cat":[92,97],"product_tag":[817,568,816],"class_list":{"0":"post-12834","1":"product","2":"type-product","3":"status-publish","4":"has-post-thumbnail","6":"pwb-brand-numbuzin","7":"product_cat-nagu","8":"product_cat-naoseerumid-ja-olid","9":"product_tag-deep-sleep-mask","10":"product_tag-korea","11":"product_tag-numbuzin","13":"first","14":"instock","15":"sale","16":"shipping-taxable","17":"purchasable","18":"product-type-simple","19":"entry","20":"content-bg","21":"loop-entry"},"supplier_id":null,"supplier_sku":"","barcode":null,"atum_controlled":true,"out_stock_date":null,"out_stock_threshold":null,"inheritable":false,"inbound_stock":0,"stock_on_hold":0,"sold_today":0,"sales_last_days":0,"out_stock_days":0,"lost_sales":0,"has_location":false,"update_date":"2026-04-14T00:05:06","atum_locations":[],"atum_stock_status":"instock","restock_status":false,"low_stock_amount":"","sales_update_date":"2026-04-14T00:05:06","calc_backorders":null,"yoast_head":"<!-- This site is optimized with the Yoast SEO plugin v27.2 - https:\/\/yoast.com\/product\/yoast-seo-wordpress\/ -->\n<title>S\u00fcgavniisutav seerum Numbuzin No.6 Deep Sleep Mask Serum, 50ml - IDA.KOREA<\/title>\n<meta name=\"robots\" content=\"index, follow, max-snippet:-1, max-image-preview:large, max-video-preview:-1\" \/>\n<link rel=\"canonical\" href=\"https:\/\/idakorea.ee\/fi\/product\/sugavniisutav-seerum-numbuzin-no-6-deep-sleep-mask-serum-50ml\/\" \/>\n<meta property=\"og:locale\" content=\"fi_FI\" \/>\n<meta property=\"og:type\" content=\"article\" \/>\n<meta property=\"og:title\" content=\"S\u00fcgavniisutav seerum Numbuzin No.6 Deep Sleep Mask Serum, 50ml - IDA.KOREA\" \/>\n<meta property=\"og:description\" content=\"Intensiivselt niisutav seerum t\u00e4idab naha niiskusega ja taastab kuiva ning tuhmistunud naha. Pehmendab karedaid ja ilmastikust kahjustatud piirkondi, rahustab \u00e4rritust ja v\u00e4hendab ketendust. 63% liustikuvett \u2013 mineraalide ja mikroelementidega (sh kaltsium ja magneesium) rikastatud vesi, mis t\u00e4idab naha niiskusvarusid, parandab rakkude hapnikuga varustatust, taastab naha h\u00fcdrolipiidse tasakaalu. Niisutav maskiefekt \u2013 seerum loob nahale niiskust lukustava...\" \/>\n<meta property=\"og:url\" content=\"https:\/\/idakorea.ee\/fi\/product\/sugavniisutav-seerum-numbuzin-no-6-deep-sleep-mask-serum-50ml\/\" \/>\n<meta property=\"og:site_name\" content=\"IDA.KOREA\" \/>\n<meta property=\"article:modified_time\" content=\"2026-03-06T15:12:39+00:00\" \/>\n<meta property=\"og:image\" content=\"https:\/\/idakorea.ee\/wp-content\/uploads\/2025\/02\/numbuzin-no.6-deep-sleep-mask-serum.jpg\" \/>\n\t<meta property=\"og:image:width\" content=\"1000\" \/>\n\t<meta property=\"og:image:height\" content=\"1000\" \/>\n\t<meta property=\"og:image:type\" content=\"image\/jpeg\" \/>\n<meta name=\"twitter:card\" content=\"summary_large_image\" \/>\n<meta name=\"twitter:label1\" content=\"Arvioitu lukuaika\" \/>\n\t<meta name=\"twitter:data1\" content=\"2 minuuttia\" \/>\n<script type=\"application\/ld+json\" class=\"yoast-schema-graph\">{\"@context\":\"https:\/\/schema.org\",\"@graph\":[{\"@type\":\"WebPage\",\"@id\":\"https:\/\/idakorea.ee\/product\/sugavniisutav-seerum-numbuzin-no-6-deep-sleep-mask-serum-50ml\/\",\"url\":\"https:\/\/idakorea.ee\/product\/sugavniisutav-seerum-numbuzin-no-6-deep-sleep-mask-serum-50ml\/\",\"name\":\"S\u00fcgavniisutav seerum Numbuzin No.6 Deep Sleep Mask Serum, 50ml - IDA.KOREA\",\"isPartOf\":{\"@id\":\"https:\/\/idakorea.ee\/#website\"},\"primaryImageOfPage\":{\"@id\":\"https:\/\/idakorea.ee\/product\/sugavniisutav-seerum-numbuzin-no-6-deep-sleep-mask-serum-50ml\/#primaryimage\"},\"image\":{\"@id\":\"https:\/\/idakorea.ee\/product\/sugavniisutav-seerum-numbuzin-no-6-deep-sleep-mask-serum-50ml\/#primaryimage\"},\"thumbnailUrl\":\"https:\/\/idakorea.ee\/wp-content\/uploads\/2025\/02\/numbuzin-no.6-deep-sleep-mask-serum.jpg\",\"datePublished\":\"2025-02-25T11:32:23+00:00\",\"dateModified\":\"2026-03-06T15:12:39+00:00\",\"breadcrumb\":{\"@id\":\"https:\/\/idakorea.ee\/product\/sugavniisutav-seerum-numbuzin-no-6-deep-sleep-mask-serum-50ml\/#breadcrumb\"},\"inLanguage\":\"fi\",\"potentialAction\":[{\"@type\":\"ReadAction\",\"target\":[\"https:\/\/idakorea.ee\/product\/sugavniisutav-seerum-numbuzin-no-6-deep-sleep-mask-serum-50ml\/\"]}]},{\"@type\":\"ImageObject\",\"inLanguage\":\"fi\",\"@id\":\"https:\/\/idakorea.ee\/product\/sugavniisutav-seerum-numbuzin-no-6-deep-sleep-mask-serum-50ml\/#primaryimage\",\"url\":\"https:\/\/idakorea.ee\/wp-content\/uploads\/2025\/02\/numbuzin-no.6-deep-sleep-mask-serum.jpg\",\"contentUrl\":\"https:\/\/idakorea.ee\/wp-content\/uploads\/2025\/02\/numbuzin-no.6-deep-sleep-mask-serum.jpg\",\"width\":1000,\"height\":1000},{\"@type\":\"BreadcrumbList\",\"@id\":\"https:\/\/idakorea.ee\/product\/sugavniisutav-seerum-numbuzin-no-6-deep-sleep-mask-serum-50ml\/#breadcrumb\",\"itemListElement\":[{\"@type\":\"ListItem\",\"position\":1,\"name\":\"\u0413\u043b\u0430\u0432\u043d\u0430\u044f \u0441\u0442\u0440\u0430\u043d\u0438\u0446\u0430\",\"item\":\"https:\/\/idakorea.ee\/\"},{\"@type\":\"ListItem\",\"position\":2,\"name\":\"Shop\",\"item\":\"https:\/\/idakorea.ee\/shop-2\/\"},{\"@type\":\"ListItem\",\"position\":3,\"name\":\"S\u00fcgavniisutav seerum Numbuzin No.6 Deep Sleep Mask Serum, 50ml\"}]},{\"@type\":\"WebSite\",\"@id\":\"https:\/\/idakorea.ee\/#website\",\"url\":\"https:\/\/idakorea.ee\/\",\"name\":\"IDA.KOREA\",\"description\":\"Korea kosmeetika e-pood\",\"publisher\":{\"@id\":\"https:\/\/idakorea.ee\/#organization\"},\"alternateName\":\"Beauty Shop\",\"potentialAction\":[{\"@type\":\"SearchAction\",\"target\":{\"@type\":\"EntryPoint\",\"urlTemplate\":\"https:\/\/idakorea.ee\/?s={search_term_string}\"},\"query-input\":{\"@type\":\"PropertyValueSpecification\",\"valueRequired\":true,\"valueName\":\"search_term_string\"}}],\"inLanguage\":\"fi\"},{\"@type\":\"Organization\",\"@id\":\"https:\/\/idakorea.ee\/#organization\",\"name\":\"IDA.KOREA\",\"url\":\"https:\/\/idakorea.ee\/\",\"logo\":{\"@type\":\"ImageObject\",\"inLanguage\":\"fi\",\"@id\":\"https:\/\/idakorea.ee\/#\/schema\/logo\/image\/\",\"url\":\"https:\/\/idakorea.ee\/wp-content\/uploads\/2024\/05\/cropped-korea3.png\",\"contentUrl\":\"https:\/\/idakorea.ee\/wp-content\/uploads\/2024\/05\/cropped-korea3.png\",\"width\":688,\"height\":126,\"caption\":\"IDA.KOREA\"},\"image\":{\"@id\":\"https:\/\/idakorea.ee\/#\/schema\/logo\/image\/\"},\"sameAs\":[\"https:\/\/www.instagram.com\/ida.korea\/\"]}]}<\/script>\n<!-- \/ Yoast SEO plugin. -->","yoast_head_json":{"title":"Syv\u00e4kosteuttava seerumi Numbuzin No.6 Deep Sleep Mask Serum, 50ml - IDA.KOREA","robots":{"index":"index","follow":"follow","max-snippet":"max-snippet:-1","max-image-preview":"max-image-preview:large","max-video-preview":"max-video-preview:-1"},"canonical":"https:\/\/idakorea.ee\/fi\/product\/sugavniisutav-seerum-numbuzin-no-6-deep-sleep-mask-serum-50ml\/","og_locale":"fi_FI","og_type":"article","og_title":"S\u00fcgavniisutav seerum Numbuzin No.6 Deep Sleep Mask Serum, 50ml - IDA.KOREA","og_description":"Intensiivselt niisutav seerum t\u00e4idab naha niiskusega ja taastab kuiva ning tuhmistunud naha. Pehmendab karedaid ja ilmastikust kahjustatud piirkondi, rahustab \u00e4rritust ja v\u00e4hendab ketendust. 63% liustikuvett \u2013 mineraalide ja mikroelementidega (sh kaltsium ja magneesium) rikastatud vesi, mis t\u00e4idab naha niiskusvarusid, parandab rakkude hapnikuga varustatust, taastab naha h\u00fcdrolipiidse tasakaalu. Niisutav maskiefekt \u2013 seerum loob nahale niiskust lukustava...","og_url":"https:\/\/idakorea.ee\/fi\/product\/sugavniisutav-seerum-numbuzin-no-6-deep-sleep-mask-serum-50ml\/","og_site_name":"IDA.KOREA","article_modified_time":"2026-03-06T15:12:39+00:00","og_image":[{"width":1000,"height":1000,"url":"https:\/\/idakorea.ee\/wp-content\/uploads\/2025\/02\/numbuzin-no.6-deep-sleep-mask-serum.jpg","type":"image\/jpeg"}],"twitter_card":"summary_large_image","twitter_misc":{"Arvioitu lukuaika":"2 minuuttia"},"schema":{"@context":"https:\/\/schema.org","@graph":[{"@type":"WebPage","@id":"https:\/\/idakorea.ee\/product\/sugavniisutav-seerum-numbuzin-no-6-deep-sleep-mask-serum-50ml\/","url":"https:\/\/idakorea.ee\/product\/sugavniisutav-seerum-numbuzin-no-6-deep-sleep-mask-serum-50ml\/","name":"Syv\u00e4kosteuttava seerumi Numbuzin No.6 Deep Sleep Mask Serum, 50ml - IDA.KOREA","isPartOf":{"@id":"https:\/\/idakorea.ee\/#website"},"primaryImageOfPage":{"@id":"https:\/\/idakorea.ee\/product\/sugavniisutav-seerum-numbuzin-no-6-deep-sleep-mask-serum-50ml\/#primaryimage"},"image":{"@id":"https:\/\/idakorea.ee\/product\/sugavniisutav-seerum-numbuzin-no-6-deep-sleep-mask-serum-50ml\/#primaryimage"},"thumbnailUrl":"https:\/\/idakorea.ee\/wp-content\/uploads\/2025\/02\/numbuzin-no.6-deep-sleep-mask-serum.jpg","datePublished":"2025-02-25T11:32:23+00:00","dateModified":"2026-03-06T15:12:39+00:00","breadcrumb":{"@id":"https:\/\/idakorea.ee\/product\/sugavniisutav-seerum-numbuzin-no-6-deep-sleep-mask-serum-50ml\/#breadcrumb"},"inLanguage":"fi","potentialAction":[{"@type":"ReadAction","target":["https:\/\/idakorea.ee\/product\/sugavniisutav-seerum-numbuzin-no-6-deep-sleep-mask-serum-50ml\/"]}]},{"@type":"ImageObject","inLanguage":"fi","@id":"https:\/\/idakorea.ee\/product\/sugavniisutav-seerum-numbuzin-no-6-deep-sleep-mask-serum-50ml\/#primaryimage","url":"https:\/\/idakorea.ee\/wp-content\/uploads\/2025\/02\/numbuzin-no.6-deep-sleep-mask-serum.jpg","contentUrl":"https:\/\/idakorea.ee\/wp-content\/uploads\/2025\/02\/numbuzin-no.6-deep-sleep-mask-serum.jpg","width":1000,"height":1000},{"@type":"BreadcrumbList","@id":"https:\/\/idakorea.ee\/product\/sugavniisutav-seerum-numbuzin-no-6-deep-sleep-mask-serum-50ml\/#breadcrumb","itemListElement":[{"@type":"ListItem","position":1,"name":"\u0413\u043b\u0430\u0432\u043d\u0430\u044f \u0441\u0442\u0440\u0430\u043d\u0438\u0446\u0430","item":"https:\/\/idakorea.ee\/"},{"@type":"ListItem","position":2,"name":"Shop","item":"https:\/\/idakorea.ee\/shop-2\/"},{"@type":"ListItem","position":3,"name":"S\u00fcgavniisutav seerum Numbuzin No.6 Deep Sleep Mask Serum, 50ml"}]},{"@type":"WebSite","@id":"https:\/\/idakorea.ee\/#website","url":"https:\/\/idakorea.ee\/","name":"IDA.KOREA","description":"Korean kosmetiikan verkkokauppa","publisher":{"@id":"https:\/\/idakorea.ee\/#organization"},"alternateName":"Beauty Shop","potentialAction":[{"@type":"SearchAction","target":{"@type":"EntryPoint","urlTemplate":"https:\/\/idakorea.ee\/?s={search_term_string}"},"query-input":{"@type":"PropertyValueSpecification","valueRequired":true,"valueName":"search_term_string"}}],"inLanguage":"fi"},{"@type":"Organization","@id":"https:\/\/idakorea.ee\/#organization","name":"IDA.KOREA","url":"https:\/\/idakorea.ee\/","logo":{"@type":"ImageObject","inLanguage":"fi","@id":"https:\/\/idakorea.ee\/#\/schema\/logo\/image\/","url":"https:\/\/idakorea.ee\/wp-content\/uploads\/2024\/05\/cropped-korea3.png","contentUrl":"https:\/\/idakorea.ee\/wp-content\/uploads\/2024\/05\/cropped-korea3.png","width":688,"height":126,"caption":"IDA.KOREA"},"image":{"@id":"https:\/\/idakorea.ee\/#\/schema\/logo\/image\/"},"sameAs":["https:\/\/www.instagram.com\/ida.korea\/"]}]}},"jetpack_sharing_enabled":true,"brands":[{"id":815,"name":"NUMBUZIN","slug":"numbuzin"}],"_links":{"self":[{"href":"https:\/\/idakorea.ee\/fi\/wp-json\/wp\/v2\/product\/12834","targetHints":{"allow":["GET"]}}],"collection":[{"href":"https:\/\/idakorea.ee\/fi\/wp-json\/wp\/v2\/product"}],"about":[{"href":"https:\/\/idakorea.ee\/fi\/wp-json\/wp\/v2\/types\/product"}],"replies":[{"embeddable":true,"href":"https:\/\/idakorea.ee\/fi\/wp-json\/wp\/v2\/comments?post=12834"}],"version-history":[{"count":3,"href":"https:\/\/idakorea.ee\/fi\/wp-json\/wp\/v2\/product\/12834\/revisions"}],"predecessor-version":[{"id":12842,"href":"https:\/\/idakorea.ee\/fi\/wp-json\/wp\/v2\/product\/12834\/revisions\/12842"}],"wp:featuredmedia":[{"embeddable":true,"href":"https:\/\/idakorea.ee\/fi\/wp-json\/wp\/v2\/media\/12835"}],"wp:attachment":[{"href":"https:\/\/idakorea.ee\/fi\/wp-json\/wp\/v2\/media?parent=12834"}],"wp:term":[{"taxonomy":"pwb-brand","embeddable":true,"href":"https:\/\/idakorea.ee\/fi\/wp-json\/wp\/v2\/pwb-brand?post=12834"},{"taxonomy":"product_brand","embeddable":true,"href":"https:\/\/idakorea.ee\/fi\/wp-json\/wp\/v2\/product_brand?post=12834"},{"taxonomy":"product_cat","embeddable":true,"href":"https:\/\/idakorea.ee\/fi\/wp-json\/wp\/v2\/product_cat?post=12834"},{"taxonomy":"product_tag","embeddable":true,"href":"https:\/\/idakorea.ee\/fi\/wp-json\/wp\/v2\/product_tag?post=12834"}],"curies":[{"name":"wp","href":"https:\/\/api.w.org\/{rel}","templated":true}]}}