{"id":12848,"date":"2025-02-26T12:07:45","date_gmt":"2025-02-26T10:07:45","guid":{"rendered":"https:\/\/idakorea.ee\/?post_type=product&#038;p=12848"},"modified":"2026-04-03T14:28:52","modified_gmt":"2026-04-03T12:28:52","slug":"medipeel-phyto-exosome-pdrn-lifting-shot-cream","status":"publish","type":"product","link":"https:\/\/idakorea.ee\/fi\/product\/medipeel-phyto-exosome-pdrn-lifting-shot-cream\/","title":{"rendered":"Ik\u00e4\u00e4ntymist\u00e4 ehk\u00e4isev\u00e4 kiinteytt\u00e4v\u00e4 voide MediPeel+ Phyto Exosome PDRN Lifting Shot Cream, 50ml"},"content":{"rendered":"<p><strong>Medi-Peel Phyto Exosome PDRN -kihottava shottivoide<\/strong> on uudistava, kosteuttava ja kiinteytt\u00e4v\u00e4 ik\u00e4\u00e4ntymist\u00e4 est\u00e4v\u00e4 voide, joka yhdist\u00e4\u00e4 innovatiivisia ainesosia syv\u00e4kosteutukseen ja ihon nuorentamiseen.<\/p>\n<p>PDRN:\u00e4\u00e4 sis\u00e4lt\u00e4v\u00e4n kohottavan voiteen t\u00e4ytel\u00e4inen koostumus luo iholle &quot;verkostovaikutuksen&quot;, auttaen aktiivisia ainesosia imeytym\u00e4\u00e4n syv\u00e4lle ja varmistaen pitk\u00e4kestoisen vaikutuksen. Jo ensimm\u00e4isen k\u00e4ytt\u00f6kerran j\u00e4lkeen ihosta tulee kimmoisampi, sile\u00e4mpi ja kosteutettumpi.<\/p>\n<p><strong>Mit\u00e4 iho-ongelmia voide ratkaisee?<\/strong><\/p>\n<p>Kuivuus ja hilseily<br \/>\nJoustavuuden ja kiinteyden menetys<br \/>\nSyv\u00e4t rypyt ja juonteet<br \/>\nEp\u00e4tasainen ihon s\u00e4vy ja rakenne<br \/>\nEnsimm\u00e4iset ik\u00e4\u00e4ntymisen merkit<br \/>\nKadonnut luonnollinen hehku<\/p>\n<p>&nbsp;<\/p>\n<p><strong>Voide toimii nelj\u00e4ll\u00e4 tasolla:<\/strong><\/p>\n<p><strong>Kiinteys ja elastisuus<\/strong> \u2013 kohottaa kasvojen piirteit\u00e4 ja parantaa ihon kimmoisuutta eksomien, peptidien ja polynukleotidien (PDRN) avulla.<\/p>\n<p><strong>Ik\u00e4\u00e4ntymist\u00e4 est\u00e4v\u00e4 vaikutus<\/strong> \u2013 silottaa hienoja ryppyj\u00e4, v\u00e4hent\u00e4\u00e4 syvien ryppyjen n\u00e4kymist\u00e4, stimuloi ihon uusiutumista ja parantaa ihon rakennetta.<\/p>\n<p><strong>Intensiivinen nesteytys<\/strong> \u2013 yll\u00e4pit\u00e4\u00e4 ihon kosteustasapainoa hyaluronihapon ja AQUAXYL:n avulla.<\/p>\n<p><strong>Suojaus ja vahvistaminen<\/strong> \u2013 vahvistaa ihon suojakerrosta, suojaa sit\u00e4 ulkoisen ymp\u00e4rist\u00f6n haitallisilta vaikutuksilta ja hidastaa ik\u00e4\u00e4ntymisprosessia.<\/p>\n<p>&nbsp;<\/p>\n<p>Suositellaan yli 25-vuotiaille sek\u00e4 ensimm\u00e4isten ik\u00e4\u00e4ntymisen merkkien ehk\u00e4isemiseksi ett\u00e4 syvempien ryppyjen ja ihon veltostumisen v\u00e4hent\u00e4miseksi.<\/p>\n<p>Sopii kaikille ihotyypeille \u2013 kuivalle, normaalille, sekaiholle ja herk\u00e4lle iholle. Erityisen hy\u00f6dyllinen kuivalle ja veltostuneelle iholle.<\/p>\n<p>&nbsp;<\/p>\n<p><strong>K\u00e4ytt\u00f6opas:\u00a0<\/strong>Kun kasvot on puhdistettu, kasvovesi ja seerumi on levitetty, levit\u00e4 voide iholle ja levit\u00e4 se varovasti hierontalinjoja pitkin.<\/p>","protected":false},"excerpt":{"rendered":"<p>Medi-Peel Phyto Exosome PDRN Lifting Shot Cream on palauttava, kosteuttava ja kiinteytt\u00e4v\u00e4 anti-ageing-voide, jossa yhdistyv\u00e4t innovatiiviset ainesosat syv\u00e4\u00e4n kosteutukseen ja ihon nuorentamiseen. PDRN:\u00e4\u00e4 sis\u00e4lt\u00e4v\u00e4ss\u00e4 Lifting Cream -voiteessa on t\u00e4ytel\u00e4inen koostumus, joka luo iholle \"verkkovaikutuksen\", joka auttaa aktiivisia ainesosia tunkeutumaan syv\u00e4lle ja varmistaa pitk\u00e4aikaisen vaikutuksen. Ensimm\u00e4isen k\u00e4ytt\u00f6kerran j\u00e4lkeen ihosta tulee joustavampi, sile\u00e4mpi ja kosteutetumpi. Mit\u00e4 iho-ongelmia voide ratkaisee?....<\/p>","protected":false},"featured_media":12849,"comment_status":"open","ping_status":"closed","template":"","meta":{"_uf_show_specific_survey":0,"_uf_disable_surveys":false,"_bst_post_transparent":"default","_bst_post_title":"","_bst_post_layout":"default","_bst_post_sidebar_id":"","_bst_post_content_style":"default","_bst_post_vertical_padding":"default","_bst_post_feature":"","_bst_post_feature_position":"","_bst_post_header":false,"_bst_post_footer":false},"pwb-brand":[107],"product_brand":[],"product_cat":[92,96],"product_tag":[568,381,789],"class_list":{"0":"post-12848","1":"product","2":"type-product","3":"status-publish","4":"has-post-thumbnail","6":"pwb-brand-medipeel","7":"product_cat-nagu","8":"product_cat-naokreemid","9":"product_tag-korea","10":"product_tag-medipeel","11":"product_tag-pdrn","13":"first","14":"outofstock","15":"sale","16":"shipping-taxable","17":"purchasable","18":"product-type-simple","19":"entry","20":"content-bg","21":"loop-entry"},"supplier_id":null,"supplier_sku":"","barcode":null,"atum_controlled":true,"out_stock_date":"2026-03-17 17:55:59","out_stock_threshold":null,"inheritable":false,"inbound_stock":0,"stock_on_hold":0,"sold_today":0,"sales_last_days":1,"out_stock_days":27,"lost_sales":126,"has_location":false,"update_date":"2026-04-14T00:05:10","atum_locations":[],"atum_stock_status":"outofstock","restock_status":false,"low_stock_amount":"","sales_update_date":"2026-04-14T00:05:10","calc_backorders":null,"yoast_head":"<!-- This site is optimized with the Yoast SEO plugin v27.2 - https:\/\/yoast.com\/product\/yoast-seo-wordpress\/ -->\n<title>MediPeel+ Phyto Exosome PDRN Lifting Shot Cream - IDA.KOREA<\/title>\n<meta name=\"description\" content=\"MediPeel+ Phyto Exosome PDRN Lifting Shot Cream on taastav, niisutav ja pinguldav vananemisvastane kreem. Tasuta tarne Eesti piires al. 48 eur!\" \/>\n<meta name=\"robots\" content=\"index, follow, max-snippet:-1, max-image-preview:large, max-video-preview:-1\" \/>\n<link rel=\"canonical\" href=\"https:\/\/idakorea.ee\/fi\/product\/medipeel-phyto-exosome-pdrn-lifting-shot-cream\/\" \/>\n<meta property=\"og:locale\" content=\"fi_FI\" \/>\n<meta property=\"og:type\" content=\"article\" \/>\n<meta property=\"og:title\" content=\"MediPeel+ Phyto Exosome PDRN Lifting Shot Cream - IDA.KOREA\" \/>\n<meta property=\"og:description\" content=\"MediPeel+ Phyto Exosome PDRN Lifting Shot Cream on taastav, niisutav ja pinguldav vananemisvastane kreem. Tasuta tarne Eesti piires al. 48 eur!\" \/>\n<meta property=\"og:url\" content=\"https:\/\/idakorea.ee\/fi\/product\/medipeel-phyto-exosome-pdrn-lifting-shot-cream\/\" \/>\n<meta property=\"og:site_name\" content=\"IDA.KOREA\" \/>\n<meta property=\"article:modified_time\" content=\"2026-04-03T12:28:52+00:00\" \/>\n<meta property=\"og:image\" content=\"https:\/\/idakorea.ee\/wp-content\/uploads\/2025\/02\/medipeel.phyto_.pdrn_.idakorea.png\" \/>\n\t<meta property=\"og:image:width\" content=\"800\" \/>\n\t<meta property=\"og:image:height\" content=\"800\" \/>\n\t<meta property=\"og:image:type\" content=\"image\/png\" \/>\n<meta name=\"twitter:card\" content=\"summary_large_image\" \/>\n<meta name=\"twitter:label1\" content=\"Arvioitu lukuaika\" \/>\n\t<meta name=\"twitter:data1\" content=\"2 minuuttia\" \/>\n<script type=\"application\/ld+json\" class=\"yoast-schema-graph\">{\"@context\":\"https:\/\/schema.org\",\"@graph\":[{\"@type\":\"WebPage\",\"@id\":\"https:\/\/idakorea.ee\/product\/medipeel-phyto-exosome-pdrn-lifting-shot-cream\/\",\"url\":\"https:\/\/idakorea.ee\/product\/medipeel-phyto-exosome-pdrn-lifting-shot-cream\/\",\"name\":\"MediPeel+ Phyto Exosome PDRN Lifting Shot Cream - IDA.KOREA\",\"isPartOf\":{\"@id\":\"https:\/\/idakorea.ee\/#website\"},\"primaryImageOfPage\":{\"@id\":\"https:\/\/idakorea.ee\/product\/medipeel-phyto-exosome-pdrn-lifting-shot-cream\/#primaryimage\"},\"image\":{\"@id\":\"https:\/\/idakorea.ee\/product\/medipeel-phyto-exosome-pdrn-lifting-shot-cream\/#primaryimage\"},\"thumbnailUrl\":\"https:\/\/idakorea.ee\/wp-content\/uploads\/2025\/02\/medipeel.phyto_.pdrn_.idakorea.png\",\"datePublished\":\"2025-02-26T10:07:45+00:00\",\"dateModified\":\"2026-04-03T12:28:52+00:00\",\"description\":\"MediPeel+ Phyto Exosome PDRN Lifting Shot Cream on taastav, niisutav ja pinguldav vananemisvastane kreem. Tasuta tarne Eesti piires al. 48 eur!\",\"breadcrumb\":{\"@id\":\"https:\/\/idakorea.ee\/product\/medipeel-phyto-exosome-pdrn-lifting-shot-cream\/#breadcrumb\"},\"inLanguage\":\"fi\",\"potentialAction\":[{\"@type\":\"ReadAction\",\"target\":[\"https:\/\/idakorea.ee\/product\/medipeel-phyto-exosome-pdrn-lifting-shot-cream\/\"]}]},{\"@type\":\"ImageObject\",\"inLanguage\":\"fi\",\"@id\":\"https:\/\/idakorea.ee\/product\/medipeel-phyto-exosome-pdrn-lifting-shot-cream\/#primaryimage\",\"url\":\"https:\/\/idakorea.ee\/wp-content\/uploads\/2025\/02\/medipeel.phyto_.pdrn_.idakorea.png\",\"contentUrl\":\"https:\/\/idakorea.ee\/wp-content\/uploads\/2025\/02\/medipeel.phyto_.pdrn_.idakorea.png\",\"width\":800,\"height\":800},{\"@type\":\"BreadcrumbList\",\"@id\":\"https:\/\/idakorea.ee\/product\/medipeel-phyto-exosome-pdrn-lifting-shot-cream\/#breadcrumb\",\"itemListElement\":[{\"@type\":\"ListItem\",\"position\":1,\"name\":\"\u0413\u043b\u0430\u0432\u043d\u0430\u044f \u0441\u0442\u0440\u0430\u043d\u0438\u0446\u0430\",\"item\":\"https:\/\/idakorea.ee\/\"},{\"@type\":\"ListItem\",\"position\":2,\"name\":\"Shop\",\"item\":\"https:\/\/idakorea.ee\/shop-2\/\"},{\"@type\":\"ListItem\",\"position\":3,\"name\":\"Vananemisvastane pinguldav kreem MediPeel+ Phyto Exosome PDRN Lifting Shot Cream, 50ml\"}]},{\"@type\":\"WebSite\",\"@id\":\"https:\/\/idakorea.ee\/#website\",\"url\":\"https:\/\/idakorea.ee\/\",\"name\":\"IDA.KOREA\",\"description\":\"Korea kosmeetika e-pood\",\"publisher\":{\"@id\":\"https:\/\/idakorea.ee\/#organization\"},\"alternateName\":\"Beauty Shop\",\"potentialAction\":[{\"@type\":\"SearchAction\",\"target\":{\"@type\":\"EntryPoint\",\"urlTemplate\":\"https:\/\/idakorea.ee\/?s={search_term_string}\"},\"query-input\":{\"@type\":\"PropertyValueSpecification\",\"valueRequired\":true,\"valueName\":\"search_term_string\"}}],\"inLanguage\":\"fi\"},{\"@type\":\"Organization\",\"@id\":\"https:\/\/idakorea.ee\/#organization\",\"name\":\"IDA.KOREA\",\"url\":\"https:\/\/idakorea.ee\/\",\"logo\":{\"@type\":\"ImageObject\",\"inLanguage\":\"fi\",\"@id\":\"https:\/\/idakorea.ee\/#\/schema\/logo\/image\/\",\"url\":\"https:\/\/idakorea.ee\/wp-content\/uploads\/2024\/05\/cropped-korea3.png\",\"contentUrl\":\"https:\/\/idakorea.ee\/wp-content\/uploads\/2024\/05\/cropped-korea3.png\",\"width\":688,\"height\":126,\"caption\":\"IDA.KOREA\"},\"image\":{\"@id\":\"https:\/\/idakorea.ee\/#\/schema\/logo\/image\/\"},\"sameAs\":[\"https:\/\/www.instagram.com\/ida.korea\/\"]}]}<\/script>\n<!-- \/ Yoast SEO plugin. -->","yoast_head_json":{"title":"MediPeel+ Phyto Exosome PDRN -kohottava voide - IDA.KOREA","description":"MediPeel+ Phyto Exosome PDRN Lifting Shot Cream on palauttava, kosteuttava ja kiinteytt\u00e4v\u00e4 ik\u00e4\u00e4ntymisen merkkej\u00e4 vastaanottava voide. Ilmainen toimitus Virossa yli 48 euron tilauksiin!","robots":{"index":"index","follow":"follow","max-snippet":"max-snippet:-1","max-image-preview":"max-image-preview:large","max-video-preview":"max-video-preview:-1"},"canonical":"https:\/\/idakorea.ee\/fi\/product\/medipeel-phyto-exosome-pdrn-lifting-shot-cream\/","og_locale":"fi_FI","og_type":"article","og_title":"MediPeel+ Phyto Exosome PDRN Lifting Shot Cream - IDA.KOREA","og_description":"MediPeel+ Phyto Exosome PDRN Lifting Shot Cream on taastav, niisutav ja pinguldav vananemisvastane kreem. Tasuta tarne Eesti piires al. 48 eur!","og_url":"https:\/\/idakorea.ee\/fi\/product\/medipeel-phyto-exosome-pdrn-lifting-shot-cream\/","og_site_name":"IDA.KOREA","article_modified_time":"2026-04-03T12:28:52+00:00","og_image":[{"width":800,"height":800,"url":"https:\/\/idakorea.ee\/wp-content\/uploads\/2025\/02\/medipeel.phyto_.pdrn_.idakorea.png","type":"image\/png"}],"twitter_card":"summary_large_image","twitter_misc":{"Arvioitu lukuaika":"2 minuuttia"},"schema":{"@context":"https:\/\/schema.org","@graph":[{"@type":"WebPage","@id":"https:\/\/idakorea.ee\/product\/medipeel-phyto-exosome-pdrn-lifting-shot-cream\/","url":"https:\/\/idakorea.ee\/product\/medipeel-phyto-exosome-pdrn-lifting-shot-cream\/","name":"MediPeel+ Phyto Exosome PDRN -kohottava voide - IDA.KOREA","isPartOf":{"@id":"https:\/\/idakorea.ee\/#website"},"primaryImageOfPage":{"@id":"https:\/\/idakorea.ee\/product\/medipeel-phyto-exosome-pdrn-lifting-shot-cream\/#primaryimage"},"image":{"@id":"https:\/\/idakorea.ee\/product\/medipeel-phyto-exosome-pdrn-lifting-shot-cream\/#primaryimage"},"thumbnailUrl":"https:\/\/idakorea.ee\/wp-content\/uploads\/2025\/02\/medipeel.phyto_.pdrn_.idakorea.png","datePublished":"2025-02-26T10:07:45+00:00","dateModified":"2026-04-03T12:28:52+00:00","description":"MediPeel+ Phyto Exosome PDRN Lifting Shot Cream on palauttava, kosteuttava ja kiinteytt\u00e4v\u00e4 ik\u00e4\u00e4ntymisen merkkej\u00e4 vastaanottava voide. Ilmainen toimitus Virossa yli 48 euron tilauksiin!","breadcrumb":{"@id":"https:\/\/idakorea.ee\/product\/medipeel-phyto-exosome-pdrn-lifting-shot-cream\/#breadcrumb"},"inLanguage":"fi","potentialAction":[{"@type":"ReadAction","target":["https:\/\/idakorea.ee\/product\/medipeel-phyto-exosome-pdrn-lifting-shot-cream\/"]}]},{"@type":"ImageObject","inLanguage":"fi","@id":"https:\/\/idakorea.ee\/product\/medipeel-phyto-exosome-pdrn-lifting-shot-cream\/#primaryimage","url":"https:\/\/idakorea.ee\/wp-content\/uploads\/2025\/02\/medipeel.phyto_.pdrn_.idakorea.png","contentUrl":"https:\/\/idakorea.ee\/wp-content\/uploads\/2025\/02\/medipeel.phyto_.pdrn_.idakorea.png","width":800,"height":800},{"@type":"BreadcrumbList","@id":"https:\/\/idakorea.ee\/product\/medipeel-phyto-exosome-pdrn-lifting-shot-cream\/#breadcrumb","itemListElement":[{"@type":"ListItem","position":1,"name":"\u0413\u043b\u0430\u0432\u043d\u0430\u044f \u0441\u0442\u0440\u0430\u043d\u0438\u0446\u0430","item":"https:\/\/idakorea.ee\/"},{"@type":"ListItem","position":2,"name":"Shop","item":"https:\/\/idakorea.ee\/shop-2\/"},{"@type":"ListItem","position":3,"name":"Vananemisvastane pinguldav kreem MediPeel+ Phyto Exosome PDRN Lifting Shot Cream, 50ml"}]},{"@type":"WebSite","@id":"https:\/\/idakorea.ee\/#website","url":"https:\/\/idakorea.ee\/","name":"IDA.KOREA","description":"Korean kosmetiikan verkkokauppa","publisher":{"@id":"https:\/\/idakorea.ee\/#organization"},"alternateName":"Beauty Shop","potentialAction":[{"@type":"SearchAction","target":{"@type":"EntryPoint","urlTemplate":"https:\/\/idakorea.ee\/?s={search_term_string}"},"query-input":{"@type":"PropertyValueSpecification","valueRequired":true,"valueName":"search_term_string"}}],"inLanguage":"fi"},{"@type":"Organization","@id":"https:\/\/idakorea.ee\/#organization","name":"IDA.KOREA","url":"https:\/\/idakorea.ee\/","logo":{"@type":"ImageObject","inLanguage":"fi","@id":"https:\/\/idakorea.ee\/#\/schema\/logo\/image\/","url":"https:\/\/idakorea.ee\/wp-content\/uploads\/2024\/05\/cropped-korea3.png","contentUrl":"https:\/\/idakorea.ee\/wp-content\/uploads\/2024\/05\/cropped-korea3.png","width":688,"height":126,"caption":"IDA.KOREA"},"image":{"@id":"https:\/\/idakorea.ee\/#\/schema\/logo\/image\/"},"sameAs":["https:\/\/www.instagram.com\/ida.korea\/"]}]}},"jetpack_sharing_enabled":true,"brands":[{"id":107,"name":"MEDIPEEL+","slug":"medipeel"}],"_links":{"self":[{"href":"https:\/\/idakorea.ee\/fi\/wp-json\/wp\/v2\/product\/12848","targetHints":{"allow":["GET"]}}],"collection":[{"href":"https:\/\/idakorea.ee\/fi\/wp-json\/wp\/v2\/product"}],"about":[{"href":"https:\/\/idakorea.ee\/fi\/wp-json\/wp\/v2\/types\/product"}],"replies":[{"embeddable":true,"href":"https:\/\/idakorea.ee\/fi\/wp-json\/wp\/v2\/comments?post=12848"}],"version-history":[{"count":5,"href":"https:\/\/idakorea.ee\/fi\/wp-json\/wp\/v2\/product\/12848\/revisions"}],"predecessor-version":[{"id":12855,"href":"https:\/\/idakorea.ee\/fi\/wp-json\/wp\/v2\/product\/12848\/revisions\/12855"}],"wp:featuredmedia":[{"embeddable":true,"href":"https:\/\/idakorea.ee\/fi\/wp-json\/wp\/v2\/media\/12849"}],"wp:attachment":[{"href":"https:\/\/idakorea.ee\/fi\/wp-json\/wp\/v2\/media?parent=12848"}],"wp:term":[{"taxonomy":"pwb-brand","embeddable":true,"href":"https:\/\/idakorea.ee\/fi\/wp-json\/wp\/v2\/pwb-brand?post=12848"},{"taxonomy":"product_brand","embeddable":true,"href":"https:\/\/idakorea.ee\/fi\/wp-json\/wp\/v2\/product_brand?post=12848"},{"taxonomy":"product_cat","embeddable":true,"href":"https:\/\/idakorea.ee\/fi\/wp-json\/wp\/v2\/product_cat?post=12848"},{"taxonomy":"product_tag","embeddable":true,"href":"https:\/\/idakorea.ee\/fi\/wp-json\/wp\/v2\/product_tag?post=12848"}],"curies":[{"name":"wp","href":"https:\/\/api.w.org\/{rel}","templated":true}]}}