{"id":12875,"date":"2025-02-27T12:34:06","date_gmt":"2025-02-27T10:34:06","guid":{"rendered":"https:\/\/idakorea.ee\/?post_type=product&#038;p=12875"},"modified":"2026-01-30T15:03:13","modified_gmt":"2026-01-30T13:03:13","slug":"intensiivselt-niisutav-naoseerum-jmsolution-b5-hya-moisturizing-ampoule-30ml","status":"publish","type":"product","link":"https:\/\/idakorea.ee\/fi\/product\/intensiivselt-niisutav-naoseerum-jmsolution-b5-hya-moisturizing-ampoule-30ml\/","title":{"rendered":"Intensiivisesti kosteuttava kasvoseerumi JMSolution B5 Hya Moisturizing Ampoule, 30ml"},"content":{"rendered":"<p><strong>JMSolution B5 Hya kosteuttava ampulli<\/strong> on erityisesti kehitetty kuivalle ja kuivuneelle iholle. Seerumi sis\u00e4lt\u00e4\u00e4 runsaasti aktiivisia ainesosia, jotka kosteuttavat ihoa syv\u00e4lt\u00e4 ja palauttavat sen terveen ja s\u00e4teilev\u00e4n ulkon\u00e4\u00f6n.<\/p>\n<p><strong>Aktiiviset ainesosat:<\/strong><\/p>\n<ul>\n<li><strong>Hyaluronihappo<\/strong> \u2013 tehokas kosteuttava molekyyli, joka tunkeutuu syv\u00e4lle ihon kerroksiin, s\u00e4ilytt\u00e4\u00e4 kosteuden ja est\u00e4\u00e4 sen menetyst\u00e4. Se my\u00f6s parantaa ihon kimmoisuutta ja kiinteytt\u00e4.<\/li>\n<li><strong>Orapihlajauute<\/strong> \u2013 antioksidanttirikas kasviuute, joka suojaa ihoa vapaiden radikaalien aiheuttamilta vaurioilta. Se my\u00f6s parantaa muiden aktiivisten ainesosien kosteuttavia ominaisuuksia.<\/li>\n<li><strong>Peptidit<\/strong> \u2013 pienimolekyylipainoisia proteiineja, jotka stimuloivat kollageenin ja elastiinin tuotantoa, mik\u00e4 auttaa parantamaan ihon kimmoisuutta ja kiinteytt\u00e4 sek\u00e4 v\u00e4hent\u00e4m\u00e4\u00e4n ryppyjen ja juonteiden n\u00e4kymist\u00e4.<\/li>\n<li><strong>B5-vitamiini (pantenoli)<\/strong> \u2013 parantaa ihon kosteustasapainoa, v\u00e4hent\u00e4\u00e4 kuivuutta ja hilseily\u00e4 sek\u00e4 tukee ihon uudistumista ja uudistumista.<\/li>\n<\/ul>\n<p>&nbsp;<\/p>\n<p>Ihanteellinen kuivalle ja kosteusk\u00f6yh\u00e4lle iholle, sek\u00e4 niille, jotka haluavat kosteuttaa ja virkist\u00e4\u00e4 ihoaan syv\u00e4lt\u00e4.<\/p>\n<p><strong>K\u00e4ytt\u00f6: <\/strong>Puhdista kasvosi ja levit\u00e4 kasvovett\u00e4 valmistaaksesi ihosi seerumin imeytymist\u00e4 varten. Levit\u00e4 pieni m\u00e4\u00e4r\u00e4 seerumia kasvoillesi ja levit\u00e4 tasaisesti. Hiero hell\u00e4varaisesti paremman imeytymisen varmistamiseksi. Levit\u00e4 sen j\u00e4lkeen voide.<\/p>\n<p>Suositellaan k\u00e4ytett\u00e4v\u00e4ksi p\u00e4ivitt\u00e4in aamuin illoin parhaan tuloksen saavuttamiseksi.<\/p>","protected":false},"excerpt":{"rendered":"<p>JMSolution B5 Hya Moisturizing Ampoule on suunniteltu erityisesti kuivalle ja dehydratoituneelle iholle. Seerumi sis\u00e4lt\u00e4\u00e4 korkean pitoisuuden aktiivisia ainesosia, jotka syv\u00e4kosteuttavat ihoa ja palauttavat sen terveen ja s\u00e4teilev\u00e4n ulkon\u00e4\u00f6n. Aktiiviset ainesosat: - Voideltu iho, joka sis\u00e4lt\u00e4\u00e4 kosteusvoidetta, joka on tarkoitettu ihonhoitoon. Se parantaa my\u00f6s ihon kimmoisuutta ja kiinteytt\u00e4. Se auttaa my\u00f6s yll\u00e4pit\u00e4m\u00e4\u00e4n kosteutta ja kiinteytt\u00e4.<\/p>","protected":false},"featured_media":12876,"comment_status":"open","ping_status":"closed","template":"","meta":{"_uf_show_specific_survey":0,"_uf_disable_surveys":false,"_bst_post_transparent":"default","_bst_post_title":"","_bst_post_layout":"default","_bst_post_sidebar_id":"","_bst_post_content_style":"default","_bst_post_vertical_padding":"default","_bst_post_feature":"","_bst_post_feature_position":"","_bst_post_header":false,"_bst_post_footer":false},"pwb-brand":[487],"product_brand":[],"product_cat":[92,97],"product_tag":[819,568],"class_list":{"0":"post-12875","1":"product","2":"type-product","3":"status-publish","4":"has-post-thumbnail","6":"pwb-brand-jm-solution","7":"product_cat-nagu","8":"product_cat-naoseerumid-ja-olid","9":"product_tag-jm-solution","10":"product_tag-korea","12":"first","13":"instock","14":"sale","15":"shipping-taxable","16":"purchasable","17":"product-type-simple","18":"entry","19":"content-bg","20":"loop-entry"},"supplier_id":null,"supplier_sku":"","barcode":null,"atum_controlled":true,"out_stock_date":null,"out_stock_threshold":null,"inheritable":false,"inbound_stock":0,"stock_on_hold":0,"sold_today":0,"sales_last_days":0,"out_stock_days":0,"lost_sales":0,"has_location":false,"update_date":"2026-04-15T00:05:11","atum_locations":[],"atum_stock_status":"instock","restock_status":false,"low_stock_amount":"","sales_update_date":"2026-04-15T00:05:11","calc_backorders":null,"yoast_head":"<!-- This site is optimized with the Yoast SEO plugin v27.2 - https:\/\/yoast.com\/product\/yoast-seo-wordpress\/ -->\n<title>Intensiivselt niisutav n\u00e4oseerum JMSolution B5 Hya Moisturizing Ampoule, 30ml - IDA.KOREA<\/title>\n<meta name=\"robots\" content=\"index, follow, max-snippet:-1, max-image-preview:large, max-video-preview:-1\" \/>\n<link rel=\"canonical\" href=\"https:\/\/idakorea.ee\/fi\/product\/intensiivselt-niisutav-naoseerum-jmsolution-b5-hya-moisturizing-ampoule-30ml\/\" \/>\n<meta property=\"og:locale\" content=\"fi_FI\" \/>\n<meta property=\"og:type\" content=\"article\" \/>\n<meta property=\"og:title\" content=\"Intensiivselt niisutav n\u00e4oseerum JMSolution B5 Hya Moisturizing Ampoule, 30ml - IDA.KOREA\" \/>\n<meta property=\"og:description\" content=\"JMSolution B5 Hya Moisturizing Ampoule on spetsiaalselt loodud kuivale ja veetustunud nahale. Seerum sisaldab suures kontsentratsioonis aktiivseid koostisosi, mis s\u00fcgavalt niisutavad nahka ja taastavad selle terve ning s\u00e4rava v\u00e4ljan\u00e4gemise. Aktiivsed koostisosad: H\u00fcaluroonhape \u2013 v\u00f5imas niisutav molekul, mis tungib s\u00fcgavale naha kihtidesse, s\u00e4ilitades niiskust ja hoides \u00e4ra selle kao. Samuti parandab naha elastsust ja tugevust. Viirpuuekstrakt...\" \/>\n<meta property=\"og:url\" content=\"https:\/\/idakorea.ee\/fi\/product\/intensiivselt-niisutav-naoseerum-jmsolution-b5-hya-moisturizing-ampoule-30ml\/\" \/>\n<meta property=\"og:site_name\" content=\"IDA.KOREA\" \/>\n<meta property=\"article:modified_time\" content=\"2026-01-30T13:03:13+00:00\" \/>\n<meta property=\"og:image\" content=\"https:\/\/idakorea.ee\/wp-content\/uploads\/2025\/02\/jmsolution_500178-650x650-1.jpg\" \/>\n\t<meta property=\"og:image:width\" content=\"650\" \/>\n\t<meta property=\"og:image:height\" content=\"650\" \/>\n\t<meta property=\"og:image:type\" content=\"image\/jpeg\" \/>\n<meta name=\"twitter:card\" content=\"summary_large_image\" \/>\n<meta name=\"twitter:label1\" content=\"Arvioitu lukuaika\" \/>\n\t<meta name=\"twitter:data1\" content=\"2 minuuttia\" \/>\n<script type=\"application\/ld+json\" class=\"yoast-schema-graph\">{\"@context\":\"https:\/\/schema.org\",\"@graph\":[{\"@type\":\"WebPage\",\"@id\":\"https:\/\/idakorea.ee\/product\/intensiivselt-niisutav-naoseerum-jmsolution-b5-hya-moisturizing-ampoule-30ml\/\",\"url\":\"https:\/\/idakorea.ee\/product\/intensiivselt-niisutav-naoseerum-jmsolution-b5-hya-moisturizing-ampoule-30ml\/\",\"name\":\"Intensiivselt niisutav n\u00e4oseerum JMSolution B5 Hya Moisturizing Ampoule, 30ml - IDA.KOREA\",\"isPartOf\":{\"@id\":\"https:\/\/idakorea.ee\/#website\"},\"primaryImageOfPage\":{\"@id\":\"https:\/\/idakorea.ee\/product\/intensiivselt-niisutav-naoseerum-jmsolution-b5-hya-moisturizing-ampoule-30ml\/#primaryimage\"},\"image\":{\"@id\":\"https:\/\/idakorea.ee\/product\/intensiivselt-niisutav-naoseerum-jmsolution-b5-hya-moisturizing-ampoule-30ml\/#primaryimage\"},\"thumbnailUrl\":\"https:\/\/idakorea.ee\/wp-content\/uploads\/2025\/02\/jmsolution_500178-650x650-1.jpg\",\"datePublished\":\"2025-02-27T10:34:06+00:00\",\"dateModified\":\"2026-01-30T13:03:13+00:00\",\"breadcrumb\":{\"@id\":\"https:\/\/idakorea.ee\/product\/intensiivselt-niisutav-naoseerum-jmsolution-b5-hya-moisturizing-ampoule-30ml\/#breadcrumb\"},\"inLanguage\":\"fi\",\"potentialAction\":[{\"@type\":\"ReadAction\",\"target\":[\"https:\/\/idakorea.ee\/product\/intensiivselt-niisutav-naoseerum-jmsolution-b5-hya-moisturizing-ampoule-30ml\/\"]}]},{\"@type\":\"ImageObject\",\"inLanguage\":\"fi\",\"@id\":\"https:\/\/idakorea.ee\/product\/intensiivselt-niisutav-naoseerum-jmsolution-b5-hya-moisturizing-ampoule-30ml\/#primaryimage\",\"url\":\"https:\/\/idakorea.ee\/wp-content\/uploads\/2025\/02\/jmsolution_500178-650x650-1.jpg\",\"contentUrl\":\"https:\/\/idakorea.ee\/wp-content\/uploads\/2025\/02\/jmsolution_500178-650x650-1.jpg\",\"width\":650,\"height\":650},{\"@type\":\"BreadcrumbList\",\"@id\":\"https:\/\/idakorea.ee\/product\/intensiivselt-niisutav-naoseerum-jmsolution-b5-hya-moisturizing-ampoule-30ml\/#breadcrumb\",\"itemListElement\":[{\"@type\":\"ListItem\",\"position\":1,\"name\":\"\u0413\u043b\u0430\u0432\u043d\u0430\u044f \u0441\u0442\u0440\u0430\u043d\u0438\u0446\u0430\",\"item\":\"https:\/\/idakorea.ee\/\"},{\"@type\":\"ListItem\",\"position\":2,\"name\":\"Shop\",\"item\":\"https:\/\/idakorea.ee\/shop-2\/\"},{\"@type\":\"ListItem\",\"position\":3,\"name\":\"Intensiivselt niisutav n\u00e4oseerum JMSolution B5 Hya Moisturizing Ampoule, 30ml\"}]},{\"@type\":\"WebSite\",\"@id\":\"https:\/\/idakorea.ee\/#website\",\"url\":\"https:\/\/idakorea.ee\/\",\"name\":\"IDA.KOREA\",\"description\":\"Korea kosmeetika e-pood\",\"publisher\":{\"@id\":\"https:\/\/idakorea.ee\/#organization\"},\"alternateName\":\"Beauty Shop\",\"potentialAction\":[{\"@type\":\"SearchAction\",\"target\":{\"@type\":\"EntryPoint\",\"urlTemplate\":\"https:\/\/idakorea.ee\/?s={search_term_string}\"},\"query-input\":{\"@type\":\"PropertyValueSpecification\",\"valueRequired\":true,\"valueName\":\"search_term_string\"}}],\"inLanguage\":\"fi\"},{\"@type\":\"Organization\",\"@id\":\"https:\/\/idakorea.ee\/#organization\",\"name\":\"IDA.KOREA\",\"url\":\"https:\/\/idakorea.ee\/\",\"logo\":{\"@type\":\"ImageObject\",\"inLanguage\":\"fi\",\"@id\":\"https:\/\/idakorea.ee\/#\/schema\/logo\/image\/\",\"url\":\"https:\/\/idakorea.ee\/wp-content\/uploads\/2024\/05\/cropped-korea3.png\",\"contentUrl\":\"https:\/\/idakorea.ee\/wp-content\/uploads\/2024\/05\/cropped-korea3.png\",\"width\":688,\"height\":126,\"caption\":\"IDA.KOREA\"},\"image\":{\"@id\":\"https:\/\/idakorea.ee\/#\/schema\/logo\/image\/\"},\"sameAs\":[\"https:\/\/www.instagram.com\/ida.korea\/\"]}]}<\/script>\n<!-- \/ Yoast SEO plugin. -->","yoast_head_json":{"title":"Tehokkaasti kosteuttava kasvoseerumi JMSolution B5 Hya Moisturizing Ampoule, 30ml - IDA.KOREA","robots":{"index":"index","follow":"follow","max-snippet":"max-snippet:-1","max-image-preview":"max-image-preview:large","max-video-preview":"max-video-preview:-1"},"canonical":"https:\/\/idakorea.ee\/fi\/product\/intensiivselt-niisutav-naoseerum-jmsolution-b5-hya-moisturizing-ampoule-30ml\/","og_locale":"fi_FI","og_type":"article","og_title":"Intensiivselt niisutav n\u00e4oseerum JMSolution B5 Hya Moisturizing Ampoule, 30ml - IDA.KOREA","og_description":"JMSolution B5 Hya Moisturizing Ampoule on spetsiaalselt loodud kuivale ja veetustunud nahale. Seerum sisaldab suures kontsentratsioonis aktiivseid koostisosi, mis s\u00fcgavalt niisutavad nahka ja taastavad selle terve ning s\u00e4rava v\u00e4ljan\u00e4gemise. Aktiivsed koostisosad: H\u00fcaluroonhape \u2013 v\u00f5imas niisutav molekul, mis tungib s\u00fcgavale naha kihtidesse, s\u00e4ilitades niiskust ja hoides \u00e4ra selle kao. Samuti parandab naha elastsust ja tugevust. Viirpuuekstrakt...","og_url":"https:\/\/idakorea.ee\/fi\/product\/intensiivselt-niisutav-naoseerum-jmsolution-b5-hya-moisturizing-ampoule-30ml\/","og_site_name":"IDA.KOREA","article_modified_time":"2026-01-30T13:03:13+00:00","og_image":[{"width":650,"height":650,"url":"https:\/\/idakorea.ee\/wp-content\/uploads\/2025\/02\/jmsolution_500178-650x650-1.jpg","type":"image\/jpeg"}],"twitter_card":"summary_large_image","twitter_misc":{"Arvioitu lukuaika":"2 minuuttia"},"schema":{"@context":"https:\/\/schema.org","@graph":[{"@type":"WebPage","@id":"https:\/\/idakorea.ee\/product\/intensiivselt-niisutav-naoseerum-jmsolution-b5-hya-moisturizing-ampoule-30ml\/","url":"https:\/\/idakorea.ee\/product\/intensiivselt-niisutav-naoseerum-jmsolution-b5-hya-moisturizing-ampoule-30ml\/","name":"Tehokkaasti kosteuttava kasvoseerumi JMSolution B5 Hya Moisturizing Ampoule, 30ml - IDA.KOREA","isPartOf":{"@id":"https:\/\/idakorea.ee\/#website"},"primaryImageOfPage":{"@id":"https:\/\/idakorea.ee\/product\/intensiivselt-niisutav-naoseerum-jmsolution-b5-hya-moisturizing-ampoule-30ml\/#primaryimage"},"image":{"@id":"https:\/\/idakorea.ee\/product\/intensiivselt-niisutav-naoseerum-jmsolution-b5-hya-moisturizing-ampoule-30ml\/#primaryimage"},"thumbnailUrl":"https:\/\/idakorea.ee\/wp-content\/uploads\/2025\/02\/jmsolution_500178-650x650-1.jpg","datePublished":"2025-02-27T10:34:06+00:00","dateModified":"2026-01-30T13:03:13+00:00","breadcrumb":{"@id":"https:\/\/idakorea.ee\/product\/intensiivselt-niisutav-naoseerum-jmsolution-b5-hya-moisturizing-ampoule-30ml\/#breadcrumb"},"inLanguage":"fi","potentialAction":[{"@type":"ReadAction","target":["https:\/\/idakorea.ee\/product\/intensiivselt-niisutav-naoseerum-jmsolution-b5-hya-moisturizing-ampoule-30ml\/"]}]},{"@type":"ImageObject","inLanguage":"fi","@id":"https:\/\/idakorea.ee\/product\/intensiivselt-niisutav-naoseerum-jmsolution-b5-hya-moisturizing-ampoule-30ml\/#primaryimage","url":"https:\/\/idakorea.ee\/wp-content\/uploads\/2025\/02\/jmsolution_500178-650x650-1.jpg","contentUrl":"https:\/\/idakorea.ee\/wp-content\/uploads\/2025\/02\/jmsolution_500178-650x650-1.jpg","width":650,"height":650},{"@type":"BreadcrumbList","@id":"https:\/\/idakorea.ee\/product\/intensiivselt-niisutav-naoseerum-jmsolution-b5-hya-moisturizing-ampoule-30ml\/#breadcrumb","itemListElement":[{"@type":"ListItem","position":1,"name":"\u0413\u043b\u0430\u0432\u043d\u0430\u044f \u0441\u0442\u0440\u0430\u043d\u0438\u0446\u0430","item":"https:\/\/idakorea.ee\/"},{"@type":"ListItem","position":2,"name":"Shop","item":"https:\/\/idakorea.ee\/shop-2\/"},{"@type":"ListItem","position":3,"name":"Intensiivselt niisutav n\u00e4oseerum JMSolution B5 Hya Moisturizing Ampoule, 30ml"}]},{"@type":"WebSite","@id":"https:\/\/idakorea.ee\/#website","url":"https:\/\/idakorea.ee\/","name":"IDA.KOREA","description":"Korean kosmetiikan verkkokauppa","publisher":{"@id":"https:\/\/idakorea.ee\/#organization"},"alternateName":"Beauty Shop","potentialAction":[{"@type":"SearchAction","target":{"@type":"EntryPoint","urlTemplate":"https:\/\/idakorea.ee\/?s={search_term_string}"},"query-input":{"@type":"PropertyValueSpecification","valueRequired":true,"valueName":"search_term_string"}}],"inLanguage":"fi"},{"@type":"Organization","@id":"https:\/\/idakorea.ee\/#organization","name":"IDA.KOREA","url":"https:\/\/idakorea.ee\/","logo":{"@type":"ImageObject","inLanguage":"fi","@id":"https:\/\/idakorea.ee\/#\/schema\/logo\/image\/","url":"https:\/\/idakorea.ee\/wp-content\/uploads\/2024\/05\/cropped-korea3.png","contentUrl":"https:\/\/idakorea.ee\/wp-content\/uploads\/2024\/05\/cropped-korea3.png","width":688,"height":126,"caption":"IDA.KOREA"},"image":{"@id":"https:\/\/idakorea.ee\/#\/schema\/logo\/image\/"},"sameAs":["https:\/\/www.instagram.com\/ida.korea\/"]}]}},"jetpack_sharing_enabled":true,"brands":[{"id":487,"name":"JM SOLUTION","slug":"jm-solution"}],"_links":{"self":[{"href":"https:\/\/idakorea.ee\/fi\/wp-json\/wp\/v2\/product\/12875","targetHints":{"allow":["GET"]}}],"collection":[{"href":"https:\/\/idakorea.ee\/fi\/wp-json\/wp\/v2\/product"}],"about":[{"href":"https:\/\/idakorea.ee\/fi\/wp-json\/wp\/v2\/types\/product"}],"replies":[{"embeddable":true,"href":"https:\/\/idakorea.ee\/fi\/wp-json\/wp\/v2\/comments?post=12875"}],"version-history":[{"count":1,"href":"https:\/\/idakorea.ee\/fi\/wp-json\/wp\/v2\/product\/12875\/revisions"}],"predecessor-version":[{"id":12879,"href":"https:\/\/idakorea.ee\/fi\/wp-json\/wp\/v2\/product\/12875\/revisions\/12879"}],"wp:featuredmedia":[{"embeddable":true,"href":"https:\/\/idakorea.ee\/fi\/wp-json\/wp\/v2\/media\/12876"}],"wp:attachment":[{"href":"https:\/\/idakorea.ee\/fi\/wp-json\/wp\/v2\/media?parent=12875"}],"wp:term":[{"taxonomy":"pwb-brand","embeddable":true,"href":"https:\/\/idakorea.ee\/fi\/wp-json\/wp\/v2\/pwb-brand?post=12875"},{"taxonomy":"product_brand","embeddable":true,"href":"https:\/\/idakorea.ee\/fi\/wp-json\/wp\/v2\/product_brand?post=12875"},{"taxonomy":"product_cat","embeddable":true,"href":"https:\/\/idakorea.ee\/fi\/wp-json\/wp\/v2\/product_cat?post=12875"},{"taxonomy":"product_tag","embeddable":true,"href":"https:\/\/idakorea.ee\/fi\/wp-json\/wp\/v2\/product_tag?post=12875"}],"curies":[{"name":"wp","href":"https:\/\/api.w.org\/{rel}","templated":true}]}}