{"id":12880,"date":"2025-02-27T14:49:51","date_gmt":"2025-02-27T12:49:51","guid":{"rendered":"https:\/\/idakorea.ee\/?post_type=product&#038;p=12880"},"modified":"2026-03-12T15:43:24","modified_gmt":"2026-03-12T13:43:24","slug":"naonaha-taastav-essents-vt-reedle-shot-facial-repair-egf-essence","status":"publish","type":"product","link":"https:\/\/idakorea.ee\/fi\/product\/naonaha-taastav-essents-vt-reedle-shot-facial-repair-egf-essence\/","title":{"rendered":"Kasvojen korjaava Essence VT Reedle Shot Facial Repair EGF Essence - kasvojen korjaava essenssi"},"content":{"rendered":"<p><strong>KATSO Reedle Shot Facial Repair EGF Essence<\/strong> Sis\u00e4lt\u00e4\u00e4 6 yksitt\u00e4ist\u00e4 ampullia, jotka on erityisesti suunniteltu palauttamaan ja nuorentamaan ihoa, auttaen saavuttamaan tasaisemman ja kiinte\u00e4mm\u00e4n ihon.<\/p>\n<p><strong>Edut:<\/strong><\/p>\n<p><strong>Ihoa uudistava vaikutus:<\/strong> EGF ja peptidikompleksi stimuloivat kollageenin tuotantoa ja parantavat ihon kimmoisuutta.<br \/>\n<strong>Lis\u00e4\u00e4ntynyt imeytyminen:<\/strong> Erityinen mikroneulateknologia luo mikrokanavia, jotka lis\u00e4\u00e4v\u00e4t aktiivisten ainesosien tunkeutumista ja tehokkuutta.<\/p>\n<p><strong>T\u00e4rkeimm\u00e4t ainesosat:<\/strong><\/p>\n<p><strong>EGF (epidermaalinen kasvutekij\u00e4)<\/strong> \u2013 edist\u00e4\u00e4 solujen uusiutumista ja kollageenisynteesi\u00e4, tehden ihosta sile\u00e4mm\u00e4n ja elinvoimaisemman. <strong>Peptidikompleksi<\/strong> \u2013 vahvistaa ihon rakennetta ja parantaa sen kimmoisuutta. <strong>Hyaluronihappo<\/strong> \u2013 tehokas kosteusvoide, joka vet\u00e4\u00e4 puoleensa ja s\u00e4ilytt\u00e4\u00e4 kosteutta ihossa.<\/p>\n<p>&nbsp;<\/p>\n<p><strong>K\u00e4ytt\u00f6: <\/strong>Ennen k\u00e4ytt\u00f6\u00e4 py\u00f6rittele ampullia varovasti k\u00e4mmenten v\u00e4liss\u00e4 sekoittaaksesi aktiiviset ainesosat. Avaa ampulli ja levit\u00e4 voide puhtaalle iholle (puhdistuksen ja kasvoveden j\u00e4lkeen). Taputtele hell\u00e4varaisesti ihoon, kunnes tuote on imeytynyt kokonaan. Levit\u00e4 sen j\u00e4lkeen seerumi ja kosteusvoide.<\/p>\n<p><strong>Huomio!<\/strong> T\u00e4m\u00e4 tuote on tarkoitettu vain kertak\u00e4ytt\u00f6\u00f6n ja se tulee k\u00e4ytt\u00e4\u00e4 heti avaamisen j\u00e4lkeen.<\/p>\n<p>&nbsp;<\/p>","protected":false},"excerpt":{"rendered":"<p>VT Reedle Shot Facial Repair EGF Essence sis\u00e4lt\u00e4\u00e4 6 yksitt\u00e4ist\u00e4 ampullia, jotka on suunniteltu erityisesti palauttamaan ja nuorentamaan ihoa ja auttamaan saavuttamaan sile\u00e4mm\u00e4n ja t\u00e4ytel\u00e4isemm\u00e4n ihon. Hy\u00f6dyt: EGF ja peptidikompleksi stimuloivat kollageenin tuotantoa ja parantavat ihon kimmoisuutta. Parannettu imeytyminen. Avainainesosat: Hoitava iho, joka sis\u00e4lt\u00e4\u00e4 mm.<\/p>","protected":false},"featured_media":12881,"comment_status":"open","ping_status":"closed","template":"","meta":{"_uf_show_specific_survey":0,"_uf_disable_surveys":false,"_bst_post_transparent":"default","_bst_post_title":"","_bst_post_layout":"default","_bst_post_sidebar_id":"","_bst_post_content_style":"default","_bst_post_vertical_padding":"default","_bst_post_feature":"","_bst_post_feature_position":"","_bst_post_header":false,"_bst_post_footer":false},"pwb-brand":[493],"product_brand":[],"product_cat":[92,97],"product_tag":[568,641,462],"class_list":{"0":"post-12880","1":"product","2":"type-product","3":"status-publish","4":"has-post-thumbnail","6":"pwb-brand-vt","7":"product_cat-nagu","8":"product_cat-naoseerumid-ja-olid","9":"product_tag-korea","10":"product_tag-reedle-shot","11":"product_tag-vt","13":"first","14":"instock","15":"sale","16":"shipping-taxable","17":"purchasable","18":"product-type-variable","19":"has-default-attributes","20":"entry","21":"content-bg","22":"loop-entry"},"supplier_id":null,"supplier_sku":"","barcode":null,"atum_controlled":true,"out_stock_date":null,"out_stock_threshold":null,"inheritable":true,"inbound_stock":0,"stock_on_hold":0,"sold_today":0,"sales_last_days":0,"out_stock_days":0,"lost_sales":0,"has_location":false,"update_date":"2026-04-14T00:05:07","atum_locations":[],"atum_stock_status":"instock","restock_status":false,"low_stock_amount":"","sales_update_date":"2026-04-14T00:05:06","calc_backorders":null,"yoast_head":"<!-- This site is optimized with the Yoast SEO plugin v27.2 - https:\/\/yoast.com\/product\/yoast-seo-wordpress\/ -->\n<title>VT Reedle Shot Facial Repair EGF Essence - IDA.KOREA<\/title>\n<meta name=\"description\" content=\"VT Reedle Shot Facial Repair EGF Essence sisaldab 6 individuaalset ampulli, mis on loodud spetsiaalselt naha taastamiseks ja noorendamiseks.\" \/>\n<meta name=\"robots\" content=\"index, follow, max-snippet:-1, max-image-preview:large, max-video-preview:-1\" \/>\n<link rel=\"canonical\" href=\"https:\/\/idakorea.ee\/fi\/product\/naonaha-taastav-essents-vt-reedle-shot-facial-repair-egf-essence\/\" \/>\n<meta property=\"og:locale\" content=\"fi_FI\" \/>\n<meta property=\"og:type\" content=\"article\" \/>\n<meta property=\"og:title\" content=\"VT Reedle Shot Facial Repair EGF Essence - IDA.KOREA\" \/>\n<meta property=\"og:description\" content=\"VT Reedle Shot Facial Repair EGF Essence sisaldab 6 individuaalset ampulli, mis on loodud spetsiaalselt naha taastamiseks ja noorendamiseks.\" \/>\n<meta property=\"og:url\" content=\"https:\/\/idakorea.ee\/fi\/product\/naonaha-taastav-essents-vt-reedle-shot-facial-repair-egf-essence\/\" \/>\n<meta property=\"og:site_name\" content=\"IDA.KOREA\" \/>\n<meta property=\"article:modified_time\" content=\"2026-03-12T13:43:24+00:00\" \/>\n<meta property=\"og:image\" content=\"https:\/\/idakorea.ee\/wp-content\/uploads\/2025\/02\/reedleshot.egf_.png\" \/>\n\t<meta property=\"og:image:width\" content=\"801\" \/>\n\t<meta property=\"og:image:height\" content=\"800\" \/>\n\t<meta property=\"og:image:type\" content=\"image\/png\" \/>\n<meta name=\"twitter:card\" content=\"summary_large_image\" \/>\n<meta name=\"twitter:label1\" content=\"Arvioitu lukuaika\" \/>\n\t<meta name=\"twitter:data1\" content=\"1 minuutti\" \/>\n<script type=\"application\/ld+json\" class=\"yoast-schema-graph\">{\"@context\":\"https:\/\/schema.org\",\"@graph\":[{\"@type\":\"WebPage\",\"@id\":\"https:\/\/idakorea.ee\/product\/naonaha-taastav-essents-vt-reedle-shot-facial-repair-egf-essence\/\",\"url\":\"https:\/\/idakorea.ee\/product\/naonaha-taastav-essents-vt-reedle-shot-facial-repair-egf-essence\/\",\"name\":\"VT Reedle Shot Facial Repair EGF Essence - IDA.KOREA\",\"isPartOf\":{\"@id\":\"https:\/\/idakorea.ee\/#website\"},\"primaryImageOfPage\":{\"@id\":\"https:\/\/idakorea.ee\/product\/naonaha-taastav-essents-vt-reedle-shot-facial-repair-egf-essence\/#primaryimage\"},\"image\":{\"@id\":\"https:\/\/idakorea.ee\/product\/naonaha-taastav-essents-vt-reedle-shot-facial-repair-egf-essence\/#primaryimage\"},\"thumbnailUrl\":\"https:\/\/idakorea.ee\/wp-content\/uploads\/2025\/02\/reedleshot.egf_.png\",\"datePublished\":\"2025-02-27T12:49:51+00:00\",\"dateModified\":\"2026-03-12T13:43:24+00:00\",\"description\":\"VT Reedle Shot Facial Repair EGF Essence sisaldab 6 individuaalset ampulli, mis on loodud spetsiaalselt naha taastamiseks ja noorendamiseks.\",\"breadcrumb\":{\"@id\":\"https:\/\/idakorea.ee\/product\/naonaha-taastav-essents-vt-reedle-shot-facial-repair-egf-essence\/#breadcrumb\"},\"inLanguage\":\"fi\",\"potentialAction\":[{\"@type\":\"ReadAction\",\"target\":[\"https:\/\/idakorea.ee\/product\/naonaha-taastav-essents-vt-reedle-shot-facial-repair-egf-essence\/\"]}]},{\"@type\":\"ImageObject\",\"inLanguage\":\"fi\",\"@id\":\"https:\/\/idakorea.ee\/product\/naonaha-taastav-essents-vt-reedle-shot-facial-repair-egf-essence\/#primaryimage\",\"url\":\"https:\/\/idakorea.ee\/wp-content\/uploads\/2025\/02\/reedleshot.egf_.png\",\"contentUrl\":\"https:\/\/idakorea.ee\/wp-content\/uploads\/2025\/02\/reedleshot.egf_.png\",\"width\":801,\"height\":800},{\"@type\":\"BreadcrumbList\",\"@id\":\"https:\/\/idakorea.ee\/product\/naonaha-taastav-essents-vt-reedle-shot-facial-repair-egf-essence\/#breadcrumb\",\"itemListElement\":[{\"@type\":\"ListItem\",\"position\":1,\"name\":\"\u0413\u043b\u0430\u0432\u043d\u0430\u044f \u0441\u0442\u0440\u0430\u043d\u0438\u0446\u0430\",\"item\":\"https:\/\/idakorea.ee\/\"},{\"@type\":\"ListItem\",\"position\":2,\"name\":\"Shop\",\"item\":\"https:\/\/idakorea.ee\/shop-2\/\"},{\"@type\":\"ListItem\",\"position\":3,\"name\":\"N\u00e4onaha taastav essents VT Reedle Shot Facial Repair EGF Essence\"}]},{\"@type\":\"WebSite\",\"@id\":\"https:\/\/idakorea.ee\/#website\",\"url\":\"https:\/\/idakorea.ee\/\",\"name\":\"IDA.KOREA\",\"description\":\"Korea kosmeetika e-pood\",\"publisher\":{\"@id\":\"https:\/\/idakorea.ee\/#organization\"},\"alternateName\":\"Beauty Shop\",\"potentialAction\":[{\"@type\":\"SearchAction\",\"target\":{\"@type\":\"EntryPoint\",\"urlTemplate\":\"https:\/\/idakorea.ee\/?s={search_term_string}\"},\"query-input\":{\"@type\":\"PropertyValueSpecification\",\"valueRequired\":true,\"valueName\":\"search_term_string\"}}],\"inLanguage\":\"fi\"},{\"@type\":\"Organization\",\"@id\":\"https:\/\/idakorea.ee\/#organization\",\"name\":\"IDA.KOREA\",\"url\":\"https:\/\/idakorea.ee\/\",\"logo\":{\"@type\":\"ImageObject\",\"inLanguage\":\"fi\",\"@id\":\"https:\/\/idakorea.ee\/#\/schema\/logo\/image\/\",\"url\":\"https:\/\/idakorea.ee\/wp-content\/uploads\/2024\/05\/cropped-korea3.png\",\"contentUrl\":\"https:\/\/idakorea.ee\/wp-content\/uploads\/2024\/05\/cropped-korea3.png\",\"width\":688,\"height\":126,\"caption\":\"IDA.KOREA\"},\"image\":{\"@id\":\"https:\/\/idakorea.ee\/#\/schema\/logo\/image\/\"},\"sameAs\":[\"https:\/\/www.instagram.com\/ida.korea\/\"]}]}<\/script>\n<!-- \/ Yoast SEO plugin. -->","yoast_head_json":{"title":"KATSO Reedle Shot Facial Repair EGF Essence - IDA.KOREA","description":"VT Reedle Shot Facial Repair EGF Essence sis\u00e4lt\u00e4\u00e4 6 yksitt\u00e4ist\u00e4 ampullia, jotka on erityisesti suunniteltu palauttamaan ja nuorentamaan ihoa.","robots":{"index":"index","follow":"follow","max-snippet":"max-snippet:-1","max-image-preview":"max-image-preview:large","max-video-preview":"max-video-preview:-1"},"canonical":"https:\/\/idakorea.ee\/fi\/product\/naonaha-taastav-essents-vt-reedle-shot-facial-repair-egf-essence\/","og_locale":"fi_FI","og_type":"article","og_title":"VT Reedle Shot Facial Repair EGF Essence - IDA.KOREA","og_description":"VT Reedle Shot Facial Repair EGF Essence sisaldab 6 individuaalset ampulli, mis on loodud spetsiaalselt naha taastamiseks ja noorendamiseks.","og_url":"https:\/\/idakorea.ee\/fi\/product\/naonaha-taastav-essents-vt-reedle-shot-facial-repair-egf-essence\/","og_site_name":"IDA.KOREA","article_modified_time":"2026-03-12T13:43:24+00:00","og_image":[{"width":801,"height":800,"url":"https:\/\/idakorea.ee\/wp-content\/uploads\/2025\/02\/reedleshot.egf_.png","type":"image\/png"}],"twitter_card":"summary_large_image","twitter_misc":{"Arvioitu lukuaika":"1 minuutti"},"schema":{"@context":"https:\/\/schema.org","@graph":[{"@type":"WebPage","@id":"https:\/\/idakorea.ee\/product\/naonaha-taastav-essents-vt-reedle-shot-facial-repair-egf-essence\/","url":"https:\/\/idakorea.ee\/product\/naonaha-taastav-essents-vt-reedle-shot-facial-repair-egf-essence\/","name":"KATSO Reedle Shot Facial Repair EGF Essence - IDA.KOREA","isPartOf":{"@id":"https:\/\/idakorea.ee\/#website"},"primaryImageOfPage":{"@id":"https:\/\/idakorea.ee\/product\/naonaha-taastav-essents-vt-reedle-shot-facial-repair-egf-essence\/#primaryimage"},"image":{"@id":"https:\/\/idakorea.ee\/product\/naonaha-taastav-essents-vt-reedle-shot-facial-repair-egf-essence\/#primaryimage"},"thumbnailUrl":"https:\/\/idakorea.ee\/wp-content\/uploads\/2025\/02\/reedleshot.egf_.png","datePublished":"2025-02-27T12:49:51+00:00","dateModified":"2026-03-12T13:43:24+00:00","description":"VT Reedle Shot Facial Repair EGF Essence sis\u00e4lt\u00e4\u00e4 6 yksitt\u00e4ist\u00e4 ampullia, jotka on erityisesti suunniteltu palauttamaan ja nuorentamaan ihoa.","breadcrumb":{"@id":"https:\/\/idakorea.ee\/product\/naonaha-taastav-essents-vt-reedle-shot-facial-repair-egf-essence\/#breadcrumb"},"inLanguage":"fi","potentialAction":[{"@type":"ReadAction","target":["https:\/\/idakorea.ee\/product\/naonaha-taastav-essents-vt-reedle-shot-facial-repair-egf-essence\/"]}]},{"@type":"ImageObject","inLanguage":"fi","@id":"https:\/\/idakorea.ee\/product\/naonaha-taastav-essents-vt-reedle-shot-facial-repair-egf-essence\/#primaryimage","url":"https:\/\/idakorea.ee\/wp-content\/uploads\/2025\/02\/reedleshot.egf_.png","contentUrl":"https:\/\/idakorea.ee\/wp-content\/uploads\/2025\/02\/reedleshot.egf_.png","width":801,"height":800},{"@type":"BreadcrumbList","@id":"https:\/\/idakorea.ee\/product\/naonaha-taastav-essents-vt-reedle-shot-facial-repair-egf-essence\/#breadcrumb","itemListElement":[{"@type":"ListItem","position":1,"name":"\u0413\u043b\u0430\u0432\u043d\u0430\u044f \u0441\u0442\u0440\u0430\u043d\u0438\u0446\u0430","item":"https:\/\/idakorea.ee\/"},{"@type":"ListItem","position":2,"name":"Shop","item":"https:\/\/idakorea.ee\/shop-2\/"},{"@type":"ListItem","position":3,"name":"N\u00e4onaha taastav essents VT Reedle Shot Facial Repair EGF Essence"}]},{"@type":"WebSite","@id":"https:\/\/idakorea.ee\/#website","url":"https:\/\/idakorea.ee\/","name":"IDA.KOREA","description":"Korean kosmetiikan verkkokauppa","publisher":{"@id":"https:\/\/idakorea.ee\/#organization"},"alternateName":"Beauty Shop","potentialAction":[{"@type":"SearchAction","target":{"@type":"EntryPoint","urlTemplate":"https:\/\/idakorea.ee\/?s={search_term_string}"},"query-input":{"@type":"PropertyValueSpecification","valueRequired":true,"valueName":"search_term_string"}}],"inLanguage":"fi"},{"@type":"Organization","@id":"https:\/\/idakorea.ee\/#organization","name":"IDA.KOREA","url":"https:\/\/idakorea.ee\/","logo":{"@type":"ImageObject","inLanguage":"fi","@id":"https:\/\/idakorea.ee\/#\/schema\/logo\/image\/","url":"https:\/\/idakorea.ee\/wp-content\/uploads\/2024\/05\/cropped-korea3.png","contentUrl":"https:\/\/idakorea.ee\/wp-content\/uploads\/2024\/05\/cropped-korea3.png","width":688,"height":126,"caption":"IDA.KOREA"},"image":{"@id":"https:\/\/idakorea.ee\/#\/schema\/logo\/image\/"},"sameAs":["https:\/\/www.instagram.com\/ida.korea\/"]}]}},"jetpack_sharing_enabled":true,"brands":[{"id":493,"name":"VT COSMETICS","slug":"vt"}],"_links":{"self":[{"href":"https:\/\/idakorea.ee\/fi\/wp-json\/wp\/v2\/product\/12880","targetHints":{"allow":["GET"]}}],"collection":[{"href":"https:\/\/idakorea.ee\/fi\/wp-json\/wp\/v2\/product"}],"about":[{"href":"https:\/\/idakorea.ee\/fi\/wp-json\/wp\/v2\/types\/product"}],"replies":[{"embeddable":true,"href":"https:\/\/idakorea.ee\/fi\/wp-json\/wp\/v2\/comments?post=12880"}],"version-history":[{"count":2,"href":"https:\/\/idakorea.ee\/fi\/wp-json\/wp\/v2\/product\/12880\/revisions"}],"predecessor-version":[{"id":16952,"href":"https:\/\/idakorea.ee\/fi\/wp-json\/wp\/v2\/product\/12880\/revisions\/16952"}],"wp:featuredmedia":[{"embeddable":true,"href":"https:\/\/idakorea.ee\/fi\/wp-json\/wp\/v2\/media\/12881"}],"wp:attachment":[{"href":"https:\/\/idakorea.ee\/fi\/wp-json\/wp\/v2\/media?parent=12880"}],"wp:term":[{"taxonomy":"pwb-brand","embeddable":true,"href":"https:\/\/idakorea.ee\/fi\/wp-json\/wp\/v2\/pwb-brand?post=12880"},{"taxonomy":"product_brand","embeddable":true,"href":"https:\/\/idakorea.ee\/fi\/wp-json\/wp\/v2\/product_brand?post=12880"},{"taxonomy":"product_cat","embeddable":true,"href":"https:\/\/idakorea.ee\/fi\/wp-json\/wp\/v2\/product_cat?post=12880"},{"taxonomy":"product_tag","embeddable":true,"href":"https:\/\/idakorea.ee\/fi\/wp-json\/wp\/v2\/product_tag?post=12880"}],"curies":[{"name":"wp","href":"https:\/\/api.w.org\/{rel}","templated":true}]}}