{"id":12904,"date":"2025-02-28T11:34:51","date_gmt":"2025-02-28T09:34:51","guid":{"rendered":"https:\/\/idakorea.ee\/?post_type=product&#038;p=12904"},"modified":"2026-04-03T14:28:02","modified_gmt":"2026-04-03T12:28:02","slug":"intensiivselt-noorendav-lifting-ampull-medipeel-phyto-pdrn-lifting-shot-ampoule","status":"publish","type":"product","link":"https:\/\/idakorea.ee\/fi\/product\/intensiivselt-noorendav-lifting-ampull-medipeel-phyto-pdrn-lifting-shot-ampoule\/","title":{"rendered":"Tehokkaasti nuorentava kohotusampulli Medipeel+ Phyto PDRN Lifting Shot Ampoule, 100ml"},"content":{"rendered":"<p><strong>Medipeel+ Phyto PDRN -kohottava ampulli<\/strong> on tehokas ik\u00e4\u00e4ntymisen merkkej\u00e4 vastaan suunnattu hoito, joka on suunniteltu palauttamaan ihon kimmoisuuden ja kiinteyden. Omenan fytosomien ja lootuspolynukleotidien (PDRN) ansiosta ampullikompleksi nuorentaa ihoa edist\u00e4en solujen uusiutumista ja ihon kiinteytt\u00e4mist\u00e4.<\/p>\n<p>&nbsp;<\/p>\n<p>Hidastaa ihon ik\u00e4\u00e4ntymisprosessia ja stimuloi solujen uusiutumista, auttaen s\u00e4ilytt\u00e4m\u00e4\u00e4n nuorekkaan ulkon\u00e4\u00f6n. Silottaa hienoja ryppyj\u00e4 (silmien ja suun ymp\u00e4rill\u00e4) ja v\u00e4hent\u00e4\u00e4 syvien ilmejuonteiden (nen\u00e4-suujuonteet, otsa- ja kulmakarvojen rypyt) n\u00e4kyvyytt\u00e4. Vahvistaa ihon kimmoisuutta ja kiinteytt\u00e4\u00e4 veltostunutta ihoa t\u00e4ytt\u00e4en sit\u00e4 sis\u00e4lt\u00e4p\u00e4in. Syv\u00e4kosteuttava ja ravitseva vaikutus - ehk\u00e4isee ihon kuivuudesta johtuvaa kimmoisuuden menetyst\u00e4 ja ryppyj\u00e4. Tehokas kohottava vaikutus - kiinteytt\u00e4\u00e4 kasvojen muotoja, parantaa ihon kiinteytt\u00e4 ja v\u00e4hent\u00e4\u00e4 veltostumisen merkkej\u00e4. Antaa iholle hehkua ja palauttaa sen luonnollisen kauneuden vitamiinikompleksin ansiosta.<\/p>\n<p>&nbsp;<\/p>\n<p>Sopii kaikille ihotyypeille, erityisesti ik\u00e4\u00e4ntyv\u00e4lle ja kimmoisuuttaan menett\u00e4neelle iholle.<\/p>\n<p><strong>K\u00e4ytt\u00f6: <\/strong>Puhdistuksen ja kasvoveden j\u00e4lkeen levit\u00e4 tarvittava m\u00e4\u00e4r\u00e4 seerumia kasvoille. Levit\u00e4 tasaisesti ja taputtele kevyesti ihoon imeytymisen edist\u00e4miseksi. Jatka ihonhoitorutiiniasi levitt\u00e4m\u00e4ll\u00e4 kasvovoidetta.<\/p>","protected":false},"excerpt":{"rendered":"<p>Medipeel+ Phyto PDRN Lifting Shot Ampoule on tehokas anti-ageing-hoito, joka on suunniteltu palauttamaan ihon kimmoisuus ja kiinteys. Omenafytosomeja ja lootuksen polynukleotideja (PDRN) sis\u00e4lt\u00e4v\u00e4 ampulli tarjoaa t\u00e4ydellisen ihon nuorentamisen, edist\u00e4\u00e4 solujen uusiutumista ja ihon kiristymist\u00e4.   Hidastaa ihon ik\u00e4\u00e4ntymisprosessia ja stimuloi solujen uusiutumista, mik\u00e4 auttaa yll\u00e4pit\u00e4m\u00e4\u00e4n nuorekasta ulkon\u00e4k\u00f6\u00e4. Silottaa hienoja ryppyj\u00e4 (silmien alla ja...<\/p>","protected":false},"featured_media":12907,"comment_status":"open","ping_status":"closed","template":"","meta":{"_uf_show_specific_survey":0,"_uf_disable_surveys":false,"_bst_post_transparent":"default","_bst_post_title":"","_bst_post_layout":"default","_bst_post_sidebar_id":"","_bst_post_content_style":"default","_bst_post_vertical_padding":"default","_bst_post_feature":"","_bst_post_feature_position":"","_bst_post_header":false,"_bst_post_footer":false},"pwb-brand":[107],"product_brand":[],"product_cat":[92,97],"product_tag":[568,381,789,820],"class_list":{"0":"post-12904","1":"product","2":"type-product","3":"status-publish","4":"has-post-thumbnail","6":"pwb-brand-medipeel","7":"product_cat-nagu","8":"product_cat-naoseerumid-ja-olid","9":"product_tag-korea","10":"product_tag-medipeel","11":"product_tag-pdrn","12":"product_tag-phyto","14":"first","15":"instock","16":"sale","17":"shipping-taxable","18":"purchasable","19":"product-type-simple","20":"entry","21":"content-bg","22":"loop-entry"},"supplier_id":null,"supplier_sku":"","barcode":null,"atum_controlled":true,"out_stock_date":null,"out_stock_threshold":null,"inheritable":false,"inbound_stock":0,"stock_on_hold":0,"sold_today":0,"sales_last_days":1,"out_stock_days":0,"lost_sales":0,"has_location":false,"update_date":"2026-04-14T00:05:12","atum_locations":[],"atum_stock_status":"instock","restock_status":false,"low_stock_amount":"","sales_update_date":"2026-04-14T00:05:12","calc_backorders":null,"yoast_head":"<!-- This site is optimized with the Yoast SEO plugin v27.2 - https:\/\/yoast.com\/product\/yoast-seo-wordpress\/ -->\n<title>Medipeel+ Phyto PDRN Lifting Shot Ampoule - IDA.KOREA<\/title>\n<meta name=\"description\" content=\"Medipeel+\u00a0 Phyto PDRN Lifting Shot Ampoule on t\u00f5hus vananemisvastane hooldus, mis on loodud naha elastsuse ja tugevuse taastamiseks.\" \/>\n<meta name=\"robots\" content=\"index, follow, max-snippet:-1, max-image-preview:large, max-video-preview:-1\" \/>\n<link rel=\"canonical\" href=\"https:\/\/idakorea.ee\/fi\/product\/intensiivselt-noorendav-lifting-ampull-medipeel-phyto-pdrn-lifting-shot-ampoule\/\" \/>\n<meta property=\"og:locale\" content=\"fi_FI\" \/>\n<meta property=\"og:type\" content=\"article\" \/>\n<meta property=\"og:title\" content=\"Medipeel+ Phyto PDRN Lifting Shot Ampoule - IDA.KOREA\" \/>\n<meta property=\"og:description\" content=\"Medipeel+\u00a0 Phyto PDRN Lifting Shot Ampoule on t\u00f5hus vananemisvastane hooldus, mis on loodud naha elastsuse ja tugevuse taastamiseks.\" \/>\n<meta property=\"og:url\" content=\"https:\/\/idakorea.ee\/fi\/product\/intensiivselt-noorendav-lifting-ampull-medipeel-phyto-pdrn-lifting-shot-ampoule\/\" \/>\n<meta property=\"og:site_name\" content=\"IDA.KOREA\" \/>\n<meta property=\"article:modified_time\" content=\"2026-04-03T12:28:02+00:00\" \/>\n<meta property=\"og:image\" content=\"https:\/\/idakorea.ee\/wp-content\/uploads\/2025\/02\/medipeelphytopdrn.jpg\" \/>\n\t<meta property=\"og:image:width\" content=\"639\" \/>\n\t<meta property=\"og:image:height\" content=\"640\" \/>\n\t<meta property=\"og:image:type\" content=\"image\/jpeg\" \/>\n<meta name=\"twitter:card\" content=\"summary_large_image\" \/>\n<meta name=\"twitter:label1\" content=\"Arvioitu lukuaika\" \/>\n\t<meta name=\"twitter:data1\" content=\"2 minuuttia\" \/>\n<script type=\"application\/ld+json\" class=\"yoast-schema-graph\">{\"@context\":\"https:\/\/schema.org\",\"@graph\":[{\"@type\":\"WebPage\",\"@id\":\"https:\/\/idakorea.ee\/product\/intensiivselt-noorendav-lifting-ampull-medipeel-phyto-pdrn-lifting-shot-ampoule\/\",\"url\":\"https:\/\/idakorea.ee\/product\/intensiivselt-noorendav-lifting-ampull-medipeel-phyto-pdrn-lifting-shot-ampoule\/\",\"name\":\"Medipeel+ Phyto PDRN Lifting Shot Ampoule - IDA.KOREA\",\"isPartOf\":{\"@id\":\"https:\/\/idakorea.ee\/#website\"},\"primaryImageOfPage\":{\"@id\":\"https:\/\/idakorea.ee\/product\/intensiivselt-noorendav-lifting-ampull-medipeel-phyto-pdrn-lifting-shot-ampoule\/#primaryimage\"},\"image\":{\"@id\":\"https:\/\/idakorea.ee\/product\/intensiivselt-noorendav-lifting-ampull-medipeel-phyto-pdrn-lifting-shot-ampoule\/#primaryimage\"},\"thumbnailUrl\":\"https:\/\/idakorea.ee\/wp-content\/uploads\/2025\/02\/medipeelphytopdrn.jpg\",\"datePublished\":\"2025-02-28T09:34:51+00:00\",\"dateModified\":\"2026-04-03T12:28:02+00:00\",\"description\":\"Medipeel+\u00a0 Phyto PDRN Lifting Shot Ampoule on t\u00f5hus vananemisvastane hooldus, mis on loodud naha elastsuse ja tugevuse taastamiseks.\",\"breadcrumb\":{\"@id\":\"https:\/\/idakorea.ee\/product\/intensiivselt-noorendav-lifting-ampull-medipeel-phyto-pdrn-lifting-shot-ampoule\/#breadcrumb\"},\"inLanguage\":\"fi\",\"potentialAction\":[{\"@type\":\"ReadAction\",\"target\":[\"https:\/\/idakorea.ee\/product\/intensiivselt-noorendav-lifting-ampull-medipeel-phyto-pdrn-lifting-shot-ampoule\/\"]}]},{\"@type\":\"ImageObject\",\"inLanguage\":\"fi\",\"@id\":\"https:\/\/idakorea.ee\/product\/intensiivselt-noorendav-lifting-ampull-medipeel-phyto-pdrn-lifting-shot-ampoule\/#primaryimage\",\"url\":\"https:\/\/idakorea.ee\/wp-content\/uploads\/2025\/02\/medipeelphytopdrn.jpg\",\"contentUrl\":\"https:\/\/idakorea.ee\/wp-content\/uploads\/2025\/02\/medipeelphytopdrn.jpg\",\"width\":639,\"height\":640},{\"@type\":\"BreadcrumbList\",\"@id\":\"https:\/\/idakorea.ee\/product\/intensiivselt-noorendav-lifting-ampull-medipeel-phyto-pdrn-lifting-shot-ampoule\/#breadcrumb\",\"itemListElement\":[{\"@type\":\"ListItem\",\"position\":1,\"name\":\"\u0413\u043b\u0430\u0432\u043d\u0430\u044f \u0441\u0442\u0440\u0430\u043d\u0438\u0446\u0430\",\"item\":\"https:\/\/idakorea.ee\/\"},{\"@type\":\"ListItem\",\"position\":2,\"name\":\"Shop\",\"item\":\"https:\/\/idakorea.ee\/shop-2\/\"},{\"@type\":\"ListItem\",\"position\":3,\"name\":\"Intensiivselt noorendav lifting-ampull Medipeel+ Phyto PDRN Lifting Shot Ampoule, 100ml\"}]},{\"@type\":\"WebSite\",\"@id\":\"https:\/\/idakorea.ee\/#website\",\"url\":\"https:\/\/idakorea.ee\/\",\"name\":\"IDA.KOREA\",\"description\":\"Korea kosmeetika e-pood\",\"publisher\":{\"@id\":\"https:\/\/idakorea.ee\/#organization\"},\"alternateName\":\"Beauty Shop\",\"potentialAction\":[{\"@type\":\"SearchAction\",\"target\":{\"@type\":\"EntryPoint\",\"urlTemplate\":\"https:\/\/idakorea.ee\/?s={search_term_string}\"},\"query-input\":{\"@type\":\"PropertyValueSpecification\",\"valueRequired\":true,\"valueName\":\"search_term_string\"}}],\"inLanguage\":\"fi\"},{\"@type\":\"Organization\",\"@id\":\"https:\/\/idakorea.ee\/#organization\",\"name\":\"IDA.KOREA\",\"url\":\"https:\/\/idakorea.ee\/\",\"logo\":{\"@type\":\"ImageObject\",\"inLanguage\":\"fi\",\"@id\":\"https:\/\/idakorea.ee\/#\/schema\/logo\/image\/\",\"url\":\"https:\/\/idakorea.ee\/wp-content\/uploads\/2024\/05\/cropped-korea3.png\",\"contentUrl\":\"https:\/\/idakorea.ee\/wp-content\/uploads\/2024\/05\/cropped-korea3.png\",\"width\":688,\"height\":126,\"caption\":\"IDA.KOREA\"},\"image\":{\"@id\":\"https:\/\/idakorea.ee\/#\/schema\/logo\/image\/\"},\"sameAs\":[\"https:\/\/www.instagram.com\/ida.korea\/\"]}]}<\/script>\n<!-- \/ Yoast SEO plugin. -->","yoast_head_json":{"title":"Medipeel+ Phyto PDRN Lifting Shot Ampoule - IDA.KOREA","description":"Medipeel+ Phyto PDRN Lifting Shot Ampoule on tehokas ik\u00e4\u00e4ntymisen merkkej\u00e4 vastaan suunniteltu hoito, joka on suunniteltu palauttamaan ihon kimmoisuuden ja kiinteyden.","robots":{"index":"index","follow":"follow","max-snippet":"max-snippet:-1","max-image-preview":"max-image-preview:large","max-video-preview":"max-video-preview:-1"},"canonical":"https:\/\/idakorea.ee\/fi\/product\/intensiivselt-noorendav-lifting-ampull-medipeel-phyto-pdrn-lifting-shot-ampoule\/","og_locale":"fi_FI","og_type":"article","og_title":"Medipeel+ Phyto PDRN Lifting Shot Ampoule - IDA.KOREA","og_description":"Medipeel+\u00a0 Phyto PDRN Lifting Shot Ampoule on t\u00f5hus vananemisvastane hooldus, mis on loodud naha elastsuse ja tugevuse taastamiseks.","og_url":"https:\/\/idakorea.ee\/fi\/product\/intensiivselt-noorendav-lifting-ampull-medipeel-phyto-pdrn-lifting-shot-ampoule\/","og_site_name":"IDA.KOREA","article_modified_time":"2026-04-03T12:28:02+00:00","og_image":[{"width":639,"height":640,"url":"https:\/\/idakorea.ee\/wp-content\/uploads\/2025\/02\/medipeelphytopdrn.jpg","type":"image\/jpeg"}],"twitter_card":"summary_large_image","twitter_misc":{"Arvioitu lukuaika":"2 minuuttia"},"schema":{"@context":"https:\/\/schema.org","@graph":[{"@type":"WebPage","@id":"https:\/\/idakorea.ee\/product\/intensiivselt-noorendav-lifting-ampull-medipeel-phyto-pdrn-lifting-shot-ampoule\/","url":"https:\/\/idakorea.ee\/product\/intensiivselt-noorendav-lifting-ampull-medipeel-phyto-pdrn-lifting-shot-ampoule\/","name":"Medipeel+ Phyto PDRN Lifting Shot Ampoule - IDA.KOREA","isPartOf":{"@id":"https:\/\/idakorea.ee\/#website"},"primaryImageOfPage":{"@id":"https:\/\/idakorea.ee\/product\/intensiivselt-noorendav-lifting-ampull-medipeel-phyto-pdrn-lifting-shot-ampoule\/#primaryimage"},"image":{"@id":"https:\/\/idakorea.ee\/product\/intensiivselt-noorendav-lifting-ampull-medipeel-phyto-pdrn-lifting-shot-ampoule\/#primaryimage"},"thumbnailUrl":"https:\/\/idakorea.ee\/wp-content\/uploads\/2025\/02\/medipeelphytopdrn.jpg","datePublished":"2025-02-28T09:34:51+00:00","dateModified":"2026-04-03T12:28:02+00:00","description":"Medipeel+ Phyto PDRN Lifting Shot Ampoule on tehokas ik\u00e4\u00e4ntymisen merkkej\u00e4 vastaan suunniteltu hoito, joka on suunniteltu palauttamaan ihon kimmoisuuden ja kiinteyden.","breadcrumb":{"@id":"https:\/\/idakorea.ee\/product\/intensiivselt-noorendav-lifting-ampull-medipeel-phyto-pdrn-lifting-shot-ampoule\/#breadcrumb"},"inLanguage":"fi","potentialAction":[{"@type":"ReadAction","target":["https:\/\/idakorea.ee\/product\/intensiivselt-noorendav-lifting-ampull-medipeel-phyto-pdrn-lifting-shot-ampoule\/"]}]},{"@type":"ImageObject","inLanguage":"fi","@id":"https:\/\/idakorea.ee\/product\/intensiivselt-noorendav-lifting-ampull-medipeel-phyto-pdrn-lifting-shot-ampoule\/#primaryimage","url":"https:\/\/idakorea.ee\/wp-content\/uploads\/2025\/02\/medipeelphytopdrn.jpg","contentUrl":"https:\/\/idakorea.ee\/wp-content\/uploads\/2025\/02\/medipeelphytopdrn.jpg","width":639,"height":640},{"@type":"BreadcrumbList","@id":"https:\/\/idakorea.ee\/product\/intensiivselt-noorendav-lifting-ampull-medipeel-phyto-pdrn-lifting-shot-ampoule\/#breadcrumb","itemListElement":[{"@type":"ListItem","position":1,"name":"\u0413\u043b\u0430\u0432\u043d\u0430\u044f \u0441\u0442\u0440\u0430\u043d\u0438\u0446\u0430","item":"https:\/\/idakorea.ee\/"},{"@type":"ListItem","position":2,"name":"Shop","item":"https:\/\/idakorea.ee\/shop-2\/"},{"@type":"ListItem","position":3,"name":"Intensiivselt noorendav lifting-ampull Medipeel+ Phyto PDRN Lifting Shot Ampoule, 100ml"}]},{"@type":"WebSite","@id":"https:\/\/idakorea.ee\/#website","url":"https:\/\/idakorea.ee\/","name":"IDA.KOREA","description":"Korean kosmetiikan verkkokauppa","publisher":{"@id":"https:\/\/idakorea.ee\/#organization"},"alternateName":"Beauty Shop","potentialAction":[{"@type":"SearchAction","target":{"@type":"EntryPoint","urlTemplate":"https:\/\/idakorea.ee\/?s={search_term_string}"},"query-input":{"@type":"PropertyValueSpecification","valueRequired":true,"valueName":"search_term_string"}}],"inLanguage":"fi"},{"@type":"Organization","@id":"https:\/\/idakorea.ee\/#organization","name":"IDA.KOREA","url":"https:\/\/idakorea.ee\/","logo":{"@type":"ImageObject","inLanguage":"fi","@id":"https:\/\/idakorea.ee\/#\/schema\/logo\/image\/","url":"https:\/\/idakorea.ee\/wp-content\/uploads\/2024\/05\/cropped-korea3.png","contentUrl":"https:\/\/idakorea.ee\/wp-content\/uploads\/2024\/05\/cropped-korea3.png","width":688,"height":126,"caption":"IDA.KOREA"},"image":{"@id":"https:\/\/idakorea.ee\/#\/schema\/logo\/image\/"},"sameAs":["https:\/\/www.instagram.com\/ida.korea\/"]}]}},"jetpack_sharing_enabled":true,"brands":[{"id":107,"name":"MEDIPEEL+","slug":"medipeel"}],"_links":{"self":[{"href":"https:\/\/idakorea.ee\/fi\/wp-json\/wp\/v2\/product\/12904","targetHints":{"allow":["GET"]}}],"collection":[{"href":"https:\/\/idakorea.ee\/fi\/wp-json\/wp\/v2\/product"}],"about":[{"href":"https:\/\/idakorea.ee\/fi\/wp-json\/wp\/v2\/types\/product"}],"replies":[{"embeddable":true,"href":"https:\/\/idakorea.ee\/fi\/wp-json\/wp\/v2\/comments?post=12904"}],"version-history":[{"count":7,"href":"https:\/\/idakorea.ee\/fi\/wp-json\/wp\/v2\/product\/12904\/revisions"}],"predecessor-version":[{"id":17307,"href":"https:\/\/idakorea.ee\/fi\/wp-json\/wp\/v2\/product\/12904\/revisions\/17307"}],"wp:featuredmedia":[{"embeddable":true,"href":"https:\/\/idakorea.ee\/fi\/wp-json\/wp\/v2\/media\/12907"}],"wp:attachment":[{"href":"https:\/\/idakorea.ee\/fi\/wp-json\/wp\/v2\/media?parent=12904"}],"wp:term":[{"taxonomy":"pwb-brand","embeddable":true,"href":"https:\/\/idakorea.ee\/fi\/wp-json\/wp\/v2\/pwb-brand?post=12904"},{"taxonomy":"product_brand","embeddable":true,"href":"https:\/\/idakorea.ee\/fi\/wp-json\/wp\/v2\/product_brand?post=12904"},{"taxonomy":"product_cat","embeddable":true,"href":"https:\/\/idakorea.ee\/fi\/wp-json\/wp\/v2\/product_cat?post=12904"},{"taxonomy":"product_tag","embeddable":true,"href":"https:\/\/idakorea.ee\/fi\/wp-json\/wp\/v2\/product_tag?post=12904"}],"curies":[{"name":"wp","href":"https:\/\/api.w.org\/{rel}","templated":true}]}}