{"id":12931,"date":"2025-03-03T15:19:50","date_gmt":"2025-03-03T13:19:50","guid":{"rendered":"https:\/\/idakorea.ee\/?post_type=product&#038;p=12931"},"modified":"2026-02-25T11:14:42","modified_gmt":"2026-02-25T09:14:42","slug":"rahustav-reisikomplekt-manni-ja-centella-ekstraktidega-round-lab-pine-calming-cica-trial-kit","status":"publish","type":"product","link":"https:\/\/idakorea.ee\/fi\/product\/rahustav-reisikomplekt-manni-ja-centella-ekstraktidega-round-lab-pine-calming-cica-trial-kit\/","title":{"rendered":"Rauhoittava matkapakkaus, jossa on m\u00e4nty- ja centella-uutteita Round Lab Pine Calming Cats Trial Kit -kokeilupakkaus."},"content":{"rendered":"<p data-start=\"102\" data-end=\"328\"><strong>Round Lab Pine Calming Cica -kokeilupakkaus<\/strong> on t\u00e4ydellinen tilaisuus tutustua t\u00e4m\u00e4n sarjan rauhoittaviin ja palauttaviin ominaisuuksiin. Sarja lievitt\u00e4\u00e4 \u00e4rsytyst\u00e4 ja tulehdusta, nopeuttaa aknen paranemista ja tukee ihon terveytt\u00e4 ja uudistumista.<\/p>\n<p data-start=\"330\" data-end=\"449\">Minituotteita on k\u00e4tev\u00e4 ottaa mukaan matkoille tai kuntosalille - ne mahtuvat helposti mihin tahansa kosmetiikkalaukkuun.<\/p>\n<p data-start=\"451\" data-end=\"476\"><strong data-start=\"451\" data-end=\"474\">Pakkaus sis\u00e4lt\u00e4\u00e4:<\/strong><\/p>\n<ul data-start=\"478\" data-end=\"1605\">\n<li data-start=\"478\" data-end=\"767\"><strong data-start=\"480\" data-end=\"518\">M\u00e4nnyn rauhoittava Cica-puhdistusaine (30 ml)<\/strong> \u2013 puhdistusvaahto, jossa on m\u00e4nty- ja centella-uutteita, poistaa lian ja ylim\u00e4\u00e4r\u00e4isen rasvan, kuorii hell\u00e4varaisesti kuolleita ihosoluja ja pehment\u00e4\u00e4 ihoa. Sill\u00e4 on antibakteerisia ominaisuuksia, jotka est\u00e4v\u00e4t haitallisten bakteerien kasvua ja tukevat ihon mikrobiomin tasapainoa.<\/li>\n<li data-start=\"768\" data-end=\"1020\"><strong data-start=\"770\" data-end=\"805\">Rauhoittava Cica-kasvovesi (20 ml)<\/strong> \u2013 m\u00e4nty- ja centellauutetta sis\u00e4lt\u00e4v\u00e4 kasvovesi, joka v\u00e4hent\u00e4\u00e4 tulehdusta ja bakteerien levi\u00e4mist\u00e4, nopeuttaa aknen ja \u00e4rsytysten paranemista. Mieto happokoostumus kuorii hell\u00e4varaisesti, s\u00e4\u00e4telee talin erityst\u00e4 ja tasoittaa ihon rakennetta.<\/li>\n<li data-start=\"1021\" data-end=\"1292\"><strong data-start=\"1023\" data-end=\"1060\">M\u00e4nnyn rauhoittava Cica-ampulli (10 ml)<\/strong> \u2013 tiivistetty ampulli, joka rauhoittaa, kosteuttaa ja vahvistaa ihon luonnollista suojakerrosta. Parantaa ihon kuntoa aknen, ruusufinnin ja tulehduksen yhteydess\u00e4 sek\u00e4 suojaa ymp\u00e4rist\u00f6n vaikutuksilta, kuten UV-s\u00e4teilylt\u00e4 ja l\u00e4mp\u00f6tilan muutoksilta.<\/li>\n<li data-start=\"1293\" data-end=\"1605\"><strong data-start=\"1295\" data-end=\"1330\">M\u00e4nty rauhoittava Cica-voide (20 ml)<\/strong> \u2013 kevyt mutta syv\u00e4kosteuttava voide, joka rauhoittaa ja palauttaa ihoa, nopeuttaa \u00e4rsytysten paranemista ja tukee uudistumista. Hypoallergeeninen ja hieman hapan koostumus ei vahingoita ihon luonnollista suojakerrosta ja ehk\u00e4isee kuivumista ja hilseily\u00e4. Sopii my\u00f6s herk\u00e4lle iholle.<\/li>\n<\/ul>\n<p data-start=\"1607\" data-end=\"1633\"><strong data-start=\"1607\" data-end=\"1631\">T\u00e4rkeimm\u00e4t vaikuttavat aineet:<\/strong><\/p>\n<ul data-start=\"1635\" data-end=\"2486\">\n<li data-start=\"1635\" data-end=\"1896\"><strong data-start=\"1637\" data-end=\"1658\">Pine Cica Activer<\/strong> \u2013 patentoitu kompleksi, joka sis\u00e4lt\u00e4\u00e4 m\u00e4nty- ja centella-uutteita, asiatikosidia, madekassosidia, aasiahappoa, madekassiinihappoa ja glykoproteiineja. V\u00e4hent\u00e4\u00e4 tulehdusta ja punoitusta, vahvistaa verisuonten sein\u00e4mi\u00e4 ja lis\u00e4\u00e4 ihon kimmoisuutta.<\/li>\n<li data-start=\"1897\" data-end=\"2081\"><strong data-start=\"1899\" data-end=\"1933\">Kapryloyylisalisyylihappo (LHA)<\/strong> \u2013 BHA-hapon hell\u00e4varaisempi analogi, jonka suuremmat molekyylit vaikuttavat ihoon hell\u00e4varaisemmin. Puhdistaa ihohuokosia, kirkastaa talirauhasia ja ehk\u00e4isee mustap\u00e4iden muodostumista.<\/li>\n<li data-start=\"2082\" data-end=\"2232\"><strong data-start=\"2084\" data-end=\"2110\">3 erilaista hyaluronihappoa<\/strong>, jotka tunkeutuvat syv\u00e4lle ihokerroksiin, sitovat kosteutta ja muodostavat suojaavan kerroksen, joka est\u00e4\u00e4 kosteuden haihtumisen.<\/li>\n<li data-start=\"2233\" data-end=\"2362\"><strong data-start=\"2235\" data-end=\"2259\">Nimi puunlehtiuute<\/strong> \u2013 parantaa ihoa, lievitt\u00e4\u00e4 tulehdusta ja s\u00e4\u00e4telee talin erityst\u00e4, j\u00e4tt\u00e4en ihon silkkisen pehme\u00e4ksi ja pehme\u00e4ksi.<\/li>\n<li data-start=\"2363\" data-end=\"2486\"><strong data-start=\"2365\" data-end=\"2389\">Kaakaopapujen uute<\/strong> \u2013 kiinteytt\u00e4\u00e4, v\u00e4hent\u00e4\u00e4 turvotusta, tukee ihon paranemista ja sill\u00e4 on voimakas antioksidanttinen vaikutus.<\/li>\n<\/ul>\n<p>Sopii sekaiholle, rasvoittuvalle ja ongelmaiholle.<\/p>\n<p data-start=\"2549\" data-end=\"2704\" data-is-last-node=\"\" data-is-only-node=\"\"><strong data-start=\"2549\" data-end=\"2564\">K\u00e4ytt\u00f6: <\/strong>Puhdista kasvosi puhdistusvaahdolla ja levit\u00e4 sitten kasvovett\u00e4 iholle vanulapulla. Hiero ampullia hell\u00e4varaisesti ihoon ja viimeistele voideella.<\/p>","protected":false},"excerpt":{"rendered":"<p>Round Lab Pine Calming Cats Trial Kit on t\u00e4ydellinen tapa kokeilla t\u00e4m\u00e4n sarjan rauhoittavia ja palauttavia ominaisuuksia. Pakkaus rauhoittaa \u00e4rsytyst\u00e4 ja tulehdusta, nopeuttaa aknen paranemista ja tukee ihon terveytt\u00e4 ja palautumista. Minituotteet on k\u00e4tev\u00e4 ottaa mukaan matkoille tai kuntosalille, ja ne mahtuvat helposti mihin tahansa kosmetiikkalaukkuun. Setti sis\u00e4lt\u00e4\u00e4: Pine Calming Kitty Cleanser (30 ml).....<\/p>","protected":false},"featured_media":12932,"comment_status":"open","ping_status":"closed","template":"","meta":{"_uf_show_specific_survey":0,"_uf_disable_surveys":false,"_bst_post_transparent":"default","_bst_post_title":"","_bst_post_layout":"default","_bst_post_sidebar_id":"","_bst_post_content_style":"default","_bst_post_vertical_padding":"default","_bst_post_feature":"","_bst_post_feature_position":"","_bst_post_header":false,"_bst_post_footer":false},"pwb-brand":[645],"product_brand":[],"product_cat":[95],"product_tag":[],"class_list":{"0":"post-12931","1":"product","2":"type-product","3":"status-publish","4":"has-post-thumbnail","6":"pwb-brand-round-lab","7":"product_cat-komplektid","9":"first","10":"instock","11":"sale","12":"shipping-taxable","13":"purchasable","14":"product-type-simple","15":"entry","16":"content-bg","17":"loop-entry"},"supplier_id":null,"supplier_sku":"","barcode":null,"atum_controlled":true,"out_stock_date":null,"out_stock_threshold":null,"inheritable":false,"inbound_stock":0,"stock_on_hold":0,"sold_today":0,"sales_last_days":0,"out_stock_days":0,"lost_sales":0,"has_location":false,"update_date":"2026-04-14T00:05:07","atum_locations":[],"atum_stock_status":"instock","restock_status":false,"low_stock_amount":"","sales_update_date":"2026-04-14T00:05:07","calc_backorders":null,"yoast_head":"<!-- This site is optimized with the Yoast SEO plugin v27.2 - https:\/\/yoast.com\/product\/yoast-seo-wordpress\/ -->\n<title>Rahustav reisikomplekt m\u00e4nni ja centella ekstraktidega Round Lab Pine Calming Cica Trial Kit - IDA.KOREA<\/title>\n<meta name=\"robots\" content=\"index, follow, max-snippet:-1, max-image-preview:large, max-video-preview:-1\" \/>\n<link rel=\"canonical\" href=\"https:\/\/idakorea.ee\/fi\/product\/rahustav-reisikomplekt-manni-ja-centella-ekstraktidega-round-lab-pine-calming-cica-trial-kit\/\" \/>\n<meta property=\"og:locale\" content=\"fi_FI\" \/>\n<meta property=\"og:type\" content=\"article\" \/>\n<meta property=\"og:title\" content=\"Rahustav reisikomplekt m\u00e4nni ja centella ekstraktidega Round Lab Pine Calming Cica Trial Kit - IDA.KOREA\" \/>\n<meta property=\"og:description\" content=\"Round Lab Pine Calming Cica Trial Kit on ideaalne v\u00f5imalus tutvuda selle sarja rahustavate ja taastavate omadustega. Komplekt leevendab \u00e4rritust ja p\u00f5letikke, kiirendab akne paranemist ning toetab naha tervist ja taastumist. Minitooteid on mugav kaasa v\u00f5tta nii reisidele kui ka spordiklubisse \u2013 need mahuvad h\u00f5lpsasti igasse kosmeetikakotti. Komplekti kuuluvad: Pine Calming Cica Cleanser (30 ml)...\" \/>\n<meta property=\"og:url\" content=\"https:\/\/idakorea.ee\/fi\/product\/rahustav-reisikomplekt-manni-ja-centella-ekstraktidega-round-lab-pine-calming-cica-trial-kit\/\" \/>\n<meta property=\"og:site_name\" content=\"IDA.KOREA\" \/>\n<meta property=\"article:modified_time\" content=\"2026-02-25T09:14:42+00:00\" \/>\n<meta property=\"og:image\" content=\"https:\/\/idakorea.ee\/wp-content\/uploads\/2025\/03\/pine.calming.cica_.round_.lab_.jpg\" \/>\n\t<meta property=\"og:image:width\" content=\"1000\" \/>\n\t<meta property=\"og:image:height\" content=\"1000\" \/>\n\t<meta property=\"og:image:type\" content=\"image\/jpeg\" \/>\n<meta name=\"twitter:card\" content=\"summary_large_image\" \/>\n<meta name=\"twitter:label1\" content=\"Arvioitu lukuaika\" \/>\n\t<meta name=\"twitter:data1\" content=\"2 minuuttia\" \/>\n<script type=\"application\/ld+json\" class=\"yoast-schema-graph\">{\"@context\":\"https:\/\/schema.org\",\"@graph\":[{\"@type\":\"WebPage\",\"@id\":\"https:\/\/idakorea.ee\/product\/rahustav-reisikomplekt-manni-ja-centella-ekstraktidega-round-lab-pine-calming-cica-trial-kit\/\",\"url\":\"https:\/\/idakorea.ee\/product\/rahustav-reisikomplekt-manni-ja-centella-ekstraktidega-round-lab-pine-calming-cica-trial-kit\/\",\"name\":\"Rahustav reisikomplekt m\u00e4nni ja centella ekstraktidega Round Lab Pine Calming Cica Trial Kit - IDA.KOREA\",\"isPartOf\":{\"@id\":\"https:\/\/idakorea.ee\/#website\"},\"primaryImageOfPage\":{\"@id\":\"https:\/\/idakorea.ee\/product\/rahustav-reisikomplekt-manni-ja-centella-ekstraktidega-round-lab-pine-calming-cica-trial-kit\/#primaryimage\"},\"image\":{\"@id\":\"https:\/\/idakorea.ee\/product\/rahustav-reisikomplekt-manni-ja-centella-ekstraktidega-round-lab-pine-calming-cica-trial-kit\/#primaryimage\"},\"thumbnailUrl\":\"https:\/\/idakorea.ee\/wp-content\/uploads\/2025\/03\/pine.calming.cica_.round_.lab_.jpg\",\"datePublished\":\"2025-03-03T13:19:50+00:00\",\"dateModified\":\"2026-02-25T09:14:42+00:00\",\"breadcrumb\":{\"@id\":\"https:\/\/idakorea.ee\/product\/rahustav-reisikomplekt-manni-ja-centella-ekstraktidega-round-lab-pine-calming-cica-trial-kit\/#breadcrumb\"},\"inLanguage\":\"fi\",\"potentialAction\":[{\"@type\":\"ReadAction\",\"target\":[\"https:\/\/idakorea.ee\/product\/rahustav-reisikomplekt-manni-ja-centella-ekstraktidega-round-lab-pine-calming-cica-trial-kit\/\"]}]},{\"@type\":\"ImageObject\",\"inLanguage\":\"fi\",\"@id\":\"https:\/\/idakorea.ee\/product\/rahustav-reisikomplekt-manni-ja-centella-ekstraktidega-round-lab-pine-calming-cica-trial-kit\/#primaryimage\",\"url\":\"https:\/\/idakorea.ee\/wp-content\/uploads\/2025\/03\/pine.calming.cica_.round_.lab_.jpg\",\"contentUrl\":\"https:\/\/idakorea.ee\/wp-content\/uploads\/2025\/03\/pine.calming.cica_.round_.lab_.jpg\",\"width\":1000,\"height\":1000},{\"@type\":\"BreadcrumbList\",\"@id\":\"https:\/\/idakorea.ee\/product\/rahustav-reisikomplekt-manni-ja-centella-ekstraktidega-round-lab-pine-calming-cica-trial-kit\/#breadcrumb\",\"itemListElement\":[{\"@type\":\"ListItem\",\"position\":1,\"name\":\"\u0413\u043b\u0430\u0432\u043d\u0430\u044f \u0441\u0442\u0440\u0430\u043d\u0438\u0446\u0430\",\"item\":\"https:\/\/idakorea.ee\/\"},{\"@type\":\"ListItem\",\"position\":2,\"name\":\"Shop\",\"item\":\"https:\/\/idakorea.ee\/shop-2\/\"},{\"@type\":\"ListItem\",\"position\":3,\"name\":\"Rahustav reisikomplekt m\u00e4nni ja centella ekstraktidega Round Lab Pine Calming Cica Trial Kit\"}]},{\"@type\":\"WebSite\",\"@id\":\"https:\/\/idakorea.ee\/#website\",\"url\":\"https:\/\/idakorea.ee\/\",\"name\":\"IDA.KOREA\",\"description\":\"Korea kosmeetika e-pood\",\"publisher\":{\"@id\":\"https:\/\/idakorea.ee\/#organization\"},\"alternateName\":\"Beauty Shop\",\"potentialAction\":[{\"@type\":\"SearchAction\",\"target\":{\"@type\":\"EntryPoint\",\"urlTemplate\":\"https:\/\/idakorea.ee\/?s={search_term_string}\"},\"query-input\":{\"@type\":\"PropertyValueSpecification\",\"valueRequired\":true,\"valueName\":\"search_term_string\"}}],\"inLanguage\":\"fi\"},{\"@type\":\"Organization\",\"@id\":\"https:\/\/idakorea.ee\/#organization\",\"name\":\"IDA.KOREA\",\"url\":\"https:\/\/idakorea.ee\/\",\"logo\":{\"@type\":\"ImageObject\",\"inLanguage\":\"fi\",\"@id\":\"https:\/\/idakorea.ee\/#\/schema\/logo\/image\/\",\"url\":\"https:\/\/idakorea.ee\/wp-content\/uploads\/2024\/05\/cropped-korea3.png\",\"contentUrl\":\"https:\/\/idakorea.ee\/wp-content\/uploads\/2024\/05\/cropped-korea3.png\",\"width\":688,\"height\":126,\"caption\":\"IDA.KOREA\"},\"image\":{\"@id\":\"https:\/\/idakorea.ee\/#\/schema\/logo\/image\/\"},\"sameAs\":[\"https:\/\/www.instagram.com\/ida.korea\/\"]}]}<\/script>\n<!-- \/ Yoast SEO plugin. -->","yoast_head_json":{"title":"Round Lab Pine Calming Cica -kokeilupakkaus - It\u00e4-Korea","robots":{"index":"index","follow":"follow","max-snippet":"max-snippet:-1","max-image-preview":"max-image-preview:large","max-video-preview":"max-video-preview:-1"},"canonical":"https:\/\/idakorea.ee\/fi\/product\/rahustav-reisikomplekt-manni-ja-centella-ekstraktidega-round-lab-pine-calming-cica-trial-kit\/","og_locale":"fi_FI","og_type":"article","og_title":"Rahustav reisikomplekt m\u00e4nni ja centella ekstraktidega Round Lab Pine Calming Cica Trial Kit - IDA.KOREA","og_description":"Round Lab Pine Calming Cica Trial Kit on ideaalne v\u00f5imalus tutvuda selle sarja rahustavate ja taastavate omadustega. Komplekt leevendab \u00e4rritust ja p\u00f5letikke, kiirendab akne paranemist ning toetab naha tervist ja taastumist. Minitooteid on mugav kaasa v\u00f5tta nii reisidele kui ka spordiklubisse \u2013 need mahuvad h\u00f5lpsasti igasse kosmeetikakotti. Komplekti kuuluvad: Pine Calming Cica Cleanser (30 ml)...","og_url":"https:\/\/idakorea.ee\/fi\/product\/rahustav-reisikomplekt-manni-ja-centella-ekstraktidega-round-lab-pine-calming-cica-trial-kit\/","og_site_name":"IDA.KOREA","article_modified_time":"2026-02-25T09:14:42+00:00","og_image":[{"width":1000,"height":1000,"url":"https:\/\/idakorea.ee\/wp-content\/uploads\/2025\/03\/pine.calming.cica_.round_.lab_.jpg","type":"image\/jpeg"}],"twitter_card":"summary_large_image","twitter_misc":{"Arvioitu lukuaika":"2 minuuttia"},"schema":{"@context":"https:\/\/schema.org","@graph":[{"@type":"WebPage","@id":"https:\/\/idakorea.ee\/product\/rahustav-reisikomplekt-manni-ja-centella-ekstraktidega-round-lab-pine-calming-cica-trial-kit\/","url":"https:\/\/idakorea.ee\/product\/rahustav-reisikomplekt-manni-ja-centella-ekstraktidega-round-lab-pine-calming-cica-trial-kit\/","name":"Round Lab Pine Calming Cica -kokeilupakkaus - It\u00e4-Korea","isPartOf":{"@id":"https:\/\/idakorea.ee\/#website"},"primaryImageOfPage":{"@id":"https:\/\/idakorea.ee\/product\/rahustav-reisikomplekt-manni-ja-centella-ekstraktidega-round-lab-pine-calming-cica-trial-kit\/#primaryimage"},"image":{"@id":"https:\/\/idakorea.ee\/product\/rahustav-reisikomplekt-manni-ja-centella-ekstraktidega-round-lab-pine-calming-cica-trial-kit\/#primaryimage"},"thumbnailUrl":"https:\/\/idakorea.ee\/wp-content\/uploads\/2025\/03\/pine.calming.cica_.round_.lab_.jpg","datePublished":"2025-03-03T13:19:50+00:00","dateModified":"2026-02-25T09:14:42+00:00","breadcrumb":{"@id":"https:\/\/idakorea.ee\/product\/rahustav-reisikomplekt-manni-ja-centella-ekstraktidega-round-lab-pine-calming-cica-trial-kit\/#breadcrumb"},"inLanguage":"fi","potentialAction":[{"@type":"ReadAction","target":["https:\/\/idakorea.ee\/product\/rahustav-reisikomplekt-manni-ja-centella-ekstraktidega-round-lab-pine-calming-cica-trial-kit\/"]}]},{"@type":"ImageObject","inLanguage":"fi","@id":"https:\/\/idakorea.ee\/product\/rahustav-reisikomplekt-manni-ja-centella-ekstraktidega-round-lab-pine-calming-cica-trial-kit\/#primaryimage","url":"https:\/\/idakorea.ee\/wp-content\/uploads\/2025\/03\/pine.calming.cica_.round_.lab_.jpg","contentUrl":"https:\/\/idakorea.ee\/wp-content\/uploads\/2025\/03\/pine.calming.cica_.round_.lab_.jpg","width":1000,"height":1000},{"@type":"BreadcrumbList","@id":"https:\/\/idakorea.ee\/product\/rahustav-reisikomplekt-manni-ja-centella-ekstraktidega-round-lab-pine-calming-cica-trial-kit\/#breadcrumb","itemListElement":[{"@type":"ListItem","position":1,"name":"\u0413\u043b\u0430\u0432\u043d\u0430\u044f \u0441\u0442\u0440\u0430\u043d\u0438\u0446\u0430","item":"https:\/\/idakorea.ee\/"},{"@type":"ListItem","position":2,"name":"Shop","item":"https:\/\/idakorea.ee\/shop-2\/"},{"@type":"ListItem","position":3,"name":"Rahustav reisikomplekt m\u00e4nni ja centella ekstraktidega Round Lab Pine Calming Cica Trial Kit"}]},{"@type":"WebSite","@id":"https:\/\/idakorea.ee\/#website","url":"https:\/\/idakorea.ee\/","name":"IDA.KOREA","description":"Korean kosmetiikan verkkokauppa","publisher":{"@id":"https:\/\/idakorea.ee\/#organization"},"alternateName":"Beauty Shop","potentialAction":[{"@type":"SearchAction","target":{"@type":"EntryPoint","urlTemplate":"https:\/\/idakorea.ee\/?s={search_term_string}"},"query-input":{"@type":"PropertyValueSpecification","valueRequired":true,"valueName":"search_term_string"}}],"inLanguage":"fi"},{"@type":"Organization","@id":"https:\/\/idakorea.ee\/#organization","name":"IDA.KOREA","url":"https:\/\/idakorea.ee\/","logo":{"@type":"ImageObject","inLanguage":"fi","@id":"https:\/\/idakorea.ee\/#\/schema\/logo\/image\/","url":"https:\/\/idakorea.ee\/wp-content\/uploads\/2024\/05\/cropped-korea3.png","contentUrl":"https:\/\/idakorea.ee\/wp-content\/uploads\/2024\/05\/cropped-korea3.png","width":688,"height":126,"caption":"IDA.KOREA"},"image":{"@id":"https:\/\/idakorea.ee\/#\/schema\/logo\/image\/"},"sameAs":["https:\/\/www.instagram.com\/ida.korea\/"]}]}},"jetpack_sharing_enabled":true,"brands":[{"id":645,"name":"ROUND LAB","slug":"round-lab"}],"_links":{"self":[{"href":"https:\/\/idakorea.ee\/fi\/wp-json\/wp\/v2\/product\/12931","targetHints":{"allow":["GET"]}}],"collection":[{"href":"https:\/\/idakorea.ee\/fi\/wp-json\/wp\/v2\/product"}],"about":[{"href":"https:\/\/idakorea.ee\/fi\/wp-json\/wp\/v2\/types\/product"}],"replies":[{"embeddable":true,"href":"https:\/\/idakorea.ee\/fi\/wp-json\/wp\/v2\/comments?post=12931"}],"version-history":[{"count":2,"href":"https:\/\/idakorea.ee\/fi\/wp-json\/wp\/v2\/product\/12931\/revisions"}],"predecessor-version":[{"id":12936,"href":"https:\/\/idakorea.ee\/fi\/wp-json\/wp\/v2\/product\/12931\/revisions\/12936"}],"wp:featuredmedia":[{"embeddable":true,"href":"https:\/\/idakorea.ee\/fi\/wp-json\/wp\/v2\/media\/12932"}],"wp:attachment":[{"href":"https:\/\/idakorea.ee\/fi\/wp-json\/wp\/v2\/media?parent=12931"}],"wp:term":[{"taxonomy":"pwb-brand","embeddable":true,"href":"https:\/\/idakorea.ee\/fi\/wp-json\/wp\/v2\/pwb-brand?post=12931"},{"taxonomy":"product_brand","embeddable":true,"href":"https:\/\/idakorea.ee\/fi\/wp-json\/wp\/v2\/product_brand?post=12931"},{"taxonomy":"product_cat","embeddable":true,"href":"https:\/\/idakorea.ee\/fi\/wp-json\/wp\/v2\/product_cat?post=12931"},{"taxonomy":"product_tag","embeddable":true,"href":"https:\/\/idakorea.ee\/fi\/wp-json\/wp\/v2\/product_tag?post=12931"}],"curies":[{"name":"wp","href":"https:\/\/api.w.org\/{rel}","templated":true}]}}