{"id":12937,"date":"2025-03-03T15:54:19","date_gmt":"2025-03-03T13:54:19","guid":{"rendered":"https:\/\/idakorea.ee\/?post_type=product&#038;p=12937"},"modified":"2026-04-03T14:27:53","modified_gmt":"2026-04-03T12:27:53","slug":"medipeel-phyto-exosome-pdrn-lifting-shot-serum-50ml","status":"publish","type":"product","link":"https:\/\/idakorea.ee\/fi\/product\/medipeel-phyto-exosome-pdrn-lifting-shot-serum-50ml\/","title":{"rendered":"Kiinteytt\u00e4v\u00e4 anti-ageing-seerumi Medipeel+ Phyto Exosome PDRN Lifting Shot Serum, 50ml"},"content":{"rendered":"<p><strong>Medipeel+ Phyto Exosome PDRN -kihottava suihke<\/strong> Seerumi on korealaisen MEDIPEEL-merkin ik\u00e4\u00e4ntymist\u00e4 est\u00e4v\u00e4 ja kiinteytt\u00e4v\u00e4 seerumi, joka sis\u00e4lt\u00e4\u00e4 omenan fytosomeja ja lootuksesta per\u00e4isin olevia polynukleotideja (PDRN). Seerumi palauttaa ihon kimmoisuuden, edist\u00e4\u00e4 ihon uusiutumista ja antaa sille nuorekkaan hehkun.<\/p>\n<p><strong>Seerumin t\u00e4rkeimm\u00e4t ominaisuudet:<\/strong><\/p>\n<ul>\n<li>Stimuloi ihosolujen uusiutumista, hidastaen ik\u00e4\u00e4ntymisprosessia.<\/li>\n<li>Silottaa hienoja ilmejuonteita silmien ja huulten ymp\u00e4rill\u00e4 ja v\u00e4hent\u00e4\u00e4 syvempien ryppyjen n\u00e4kymist\u00e4 (esim. otsalla, kulmakarvojen v\u00e4liss\u00e4 ja nen\u00e4n ja huulien poimuissa).<\/li>\n<li>Palauttaa veltostuneen ihon kimmoisuuden ja kiinteyden, t\u00e4ytt\u00e4en sen kosteudella ja ravinteilla.<\/li>\n<li>Kosteuttaa tehokkaasti, ehk\u00e4isee ryppyj\u00e4 ja ihon kuivuudesta johtuvaa s\u00e4vyn menetyst\u00e4.<\/li>\n<li>Tarjoaa voimakkaan kiinteytt\u00e4v\u00e4n vaikutuksen, muotoilee kasvojen muotoja ja hidastaa ihon veltostumista.<\/li>\n<li>Antaa iholle luonnollisen hehkun ja palauttaa sen terveen ulkon\u00e4\u00f6n vitamiinikompleksin ansiosta.<\/li>\n<\/ul>\n<p class=\"translation-block\">Seerumin <strong>spikulat<\/strong> (biospikulat tai mikroneulat) auttavat aktiivisia ainesosia tunkeutumaan syvemm\u00e4lle ihoon, stimuloiden ihon uusiutumista ja nuorentamista aiheuttamatta \u00e4rsytyst\u00e4.<\/p>\n<p><strong>Syv\u00e4vaikutteinen koostumus ainutlaatuisilla bioaktiivisilla ainesosilla:<\/strong><\/p>\n<ul>\n<li><strong>Omenan fytosomit<\/strong> \u2013 kuljettavat polynukleotideja (PDRN) ihosoluihin edist\u00e4en solujen v\u00e4list\u00e4 kommunikaatiota ja ihon uusiutumista. Ne auttavat toimittamaan aminohappoja ja antioksidantteja suoraan vaurioituneisiin kudoksiin stimuloiden ihon luonnollista uusiutumista.<\/li>\n<li><strong>PDRN Lotuksesta<\/strong> \u2013 luonnollisia polynukleotideja, jotka ovat samanlaisia kuin ihmisen epidermaaliset solut. Ne integroituvat ihosoluihin parantaen niiden rakennetta ja koheesiota, mik\u00e4 vahvistaa ihon kimmoisuutta ja nuorekkuutta.<\/li>\n<li><strong>Peptidikompleksi<\/strong> \u2013 edist\u00e4\u00e4 ihon uudistumista, parantaa ihon tiheytt\u00e4, rentouttaa kasvolihaksia ja auttaa ehk\u00e4isem\u00e4\u00e4n uusien ryppyjen muodostumista.<\/li>\n<li><strong>Lootushydrolaatti<\/strong> \u2013 parantaa ihon s\u00e4vy\u00e4, omaa antioksidanttisia ominaisuuksia ja raikastaa ihoa.<\/li>\n<\/ul>\n<p><strong>Aktiiviset ainesosat syv\u00e4kosteutukseen ja suojaan:<\/strong><\/p>\n<ul>\n<li><strong>7 erilaista hyaluronihappoa<\/strong> \u2013 kosteuttavat syv\u00e4lt\u00e4, sitovat kosteutta ihoon ja luovat kosteutta lukitsevan kerroksen ihon pinnalle.<\/li>\n<li><strong>Adenos<\/strong> \u2013 ik\u00e4\u00e4ntymist\u00e4 ehk\u00e4isev\u00e4 ainesosa, joka stimuloi ihon omaa hyaluronihapon tuotantoa pit\u00e4en ihon kosteutettuna ja t\u00e4ytel\u00e4isen\u00e4.<\/li>\n<li><strong>Niasiiniamidi<\/strong> \u2013 tasoittaa ihon s\u00e4vy\u00e4, v\u00e4hent\u00e4\u00e4 pigmenttimuutoksia ja antaa iholle terveen hehkun.<\/li>\n<li><strong>Lactobacillus-fermentti<\/strong> \u2013 vahvistaa ihon suojakerrosta ja v\u00e4hent\u00e4\u00e4 herkkyytt\u00e4 ulkoisille \u00e4rsykkeille.<\/li>\n<li><strong>Sheawi<\/strong> \u2013 ravitsee, pehment\u00e4\u00e4 ja tekee ihosta silkkisen.<\/li>\n<\/ul>\n<p>&nbsp;<\/p>\n<p>Lis\u00e4ksi seerumi sis\u00e4lt\u00e4\u00e4 E-, B9- ja B2-vitamiineja sek\u00e4 biotiinia, jotka tukevat ihon terveytt\u00e4 ja elinvoimaa.<\/p>\n<p><strong>K\u00e4ytt\u00f6: <\/strong>Levit\u00e4 tarvittava m\u00e4\u00e4r\u00e4 seerumia tasaisesti kasvoille kasvoveden k\u00e4yt\u00f6n j\u00e4lkeen. K\u00e4yt\u00e4 sitten kasvovoidetta kosteuden ja aktiiviaineiden lukitsemiseksi ihoon.<\/p>","protected":false},"excerpt":{"rendered":"<p>Medipeel+ Phyto Exosome PDRN Lifting Shot Serum on korealaisen MEDIPEEL-merkin ik\u00e4\u00e4ntymist\u00e4 ehk\u00e4isev\u00e4 kiinteytt\u00e4v\u00e4 seerumi, joka sis\u00e4lt\u00e4\u00e4 omenan fytosomeja ja lootuksen polynukleotideja (PDRN). Seerumi palauttaa ihon kimmoisuuden, edist\u00e4\u00e4 ihon uusiutumista ja antaa sille nuorekkaan hehkun. Seerumin t\u00e4rkeimm\u00e4t ominaisuudet. Tasoittaa silmien ja huulten ymp\u00e4rill\u00e4 olevia juonteita ja ryppyj\u00e4 sek\u00e4 v\u00e4hent\u00e4\u00e4...<\/p>","protected":false},"featured_media":12938,"comment_status":"open","ping_status":"closed","template":"","meta":{"_uf_show_specific_survey":0,"_uf_disable_surveys":false,"_bst_post_transparent":"default","_bst_post_title":"","_bst_post_layout":"default","_bst_post_sidebar_id":"","_bst_post_content_style":"default","_bst_post_vertical_padding":"default","_bst_post_feature":"","_bst_post_feature_position":"","_bst_post_header":false,"_bst_post_footer":false},"pwb-brand":[107],"product_brand":[],"product_cat":[92,97],"product_tag":[824,789,820],"class_list":{"0":"post-12937","1":"product","2":"type-product","3":"status-publish","4":"has-post-thumbnail","6":"pwb-brand-medipeel","7":"product_cat-nagu","8":"product_cat-naoseerumid-ja-olid","9":"product_tag-medipee","10":"product_tag-pdrn","11":"product_tag-phyto","13":"first","14":"outofstock","15":"sale","16":"shipping-taxable","17":"purchasable","18":"product-type-simple","19":"entry","20":"content-bg","21":"loop-entry"},"supplier_id":null,"supplier_sku":"","barcode":null,"atum_controlled":true,"out_stock_date":"2026-03-31 14:15:17","out_stock_threshold":null,"inheritable":false,"inbound_stock":0,"stock_on_hold":0,"sold_today":0,"sales_last_days":2,"out_stock_days":14,"lost_sales":119,"has_location":false,"update_date":"2026-04-15T00:05:19","atum_locations":[],"atum_stock_status":"outofstock","restock_status":false,"low_stock_amount":"","sales_update_date":"2026-04-15T00:05:19","calc_backorders":null,"yoast_head":"<!-- This site is optimized with the Yoast SEO plugin v27.2 - https:\/\/yoast.com\/product\/yoast-seo-wordpress\/ -->\n<title>Medipeel+ Phyto Exosome PDRN Lifting Shot Serum, 50ml - IDA.KOREA<\/title>\n<meta name=\"description\" content=\"Seerum taastab naha elastsuse, aitab kaasa naha uuenemisele ning annab sellele noorusliku s\u00e4ra. Stimuleerib naha rakkude uuenemist.\" \/>\n<meta name=\"robots\" content=\"index, follow, max-snippet:-1, max-image-preview:large, max-video-preview:-1\" \/>\n<link rel=\"canonical\" href=\"https:\/\/idakorea.ee\/fi\/product\/medipeel-phyto-exosome-pdrn-lifting-shot-serum-50ml\/\" \/>\n<meta property=\"og:locale\" content=\"fi_FI\" \/>\n<meta property=\"og:type\" content=\"article\" \/>\n<meta property=\"og:title\" content=\"Medipeel+ Phyto Exosome PDRN Lifting Shot Serum, 50ml - IDA.KOREA\" \/>\n<meta property=\"og:description\" content=\"Seerum taastab naha elastsuse, aitab kaasa naha uuenemisele ning annab sellele noorusliku s\u00e4ra. Stimuleerib naha rakkude uuenemist.\" \/>\n<meta property=\"og:url\" content=\"https:\/\/idakorea.ee\/fi\/product\/medipeel-phyto-exosome-pdrn-lifting-shot-serum-50ml\/\" \/>\n<meta property=\"og:site_name\" content=\"IDA.KOREA\" \/>\n<meta property=\"article:modified_time\" content=\"2026-04-03T12:27:53+00:00\" \/>\n<meta property=\"og:image\" content=\"https:\/\/idakorea.ee\/wp-content\/uploads\/2025\/03\/medi-peel-phyto-exosome-pdrn-lifting-shot-serum-50ml.jpg\" \/>\n\t<meta property=\"og:image:width\" content=\"800\" \/>\n\t<meta property=\"og:image:height\" content=\"800\" \/>\n\t<meta property=\"og:image:type\" content=\"image\/jpeg\" \/>\n<meta name=\"twitter:card\" content=\"summary_large_image\" \/>\n<meta name=\"twitter:label1\" content=\"Arvioitu lukuaika\" \/>\n\t<meta name=\"twitter:data1\" content=\"2 minuuttia\" \/>\n<script type=\"application\/ld+json\" class=\"yoast-schema-graph\">{\"@context\":\"https:\/\/schema.org\",\"@graph\":[{\"@type\":\"WebPage\",\"@id\":\"https:\/\/idakorea.ee\/product\/medipeel-phyto-exosome-pdrn-lifting-shot-serum-50ml\/\",\"url\":\"https:\/\/idakorea.ee\/product\/medipeel-phyto-exosome-pdrn-lifting-shot-serum-50ml\/\",\"name\":\"Medipeel+ Phyto Exosome PDRN Lifting Shot Serum, 50ml - IDA.KOREA\",\"isPartOf\":{\"@id\":\"https:\/\/idakorea.ee\/#website\"},\"primaryImageOfPage\":{\"@id\":\"https:\/\/idakorea.ee\/product\/medipeel-phyto-exosome-pdrn-lifting-shot-serum-50ml\/#primaryimage\"},\"image\":{\"@id\":\"https:\/\/idakorea.ee\/product\/medipeel-phyto-exosome-pdrn-lifting-shot-serum-50ml\/#primaryimage\"},\"thumbnailUrl\":\"https:\/\/idakorea.ee\/wp-content\/uploads\/2025\/03\/medi-peel-phyto-exosome-pdrn-lifting-shot-serum-50ml.jpg\",\"datePublished\":\"2025-03-03T13:54:19+00:00\",\"dateModified\":\"2026-04-03T12:27:53+00:00\",\"description\":\"Seerum taastab naha elastsuse, aitab kaasa naha uuenemisele ning annab sellele noorusliku s\u00e4ra. Stimuleerib naha rakkude uuenemist.\",\"breadcrumb\":{\"@id\":\"https:\/\/idakorea.ee\/product\/medipeel-phyto-exosome-pdrn-lifting-shot-serum-50ml\/#breadcrumb\"},\"inLanguage\":\"fi\",\"potentialAction\":[{\"@type\":\"ReadAction\",\"target\":[\"https:\/\/idakorea.ee\/product\/medipeel-phyto-exosome-pdrn-lifting-shot-serum-50ml\/\"]}]},{\"@type\":\"ImageObject\",\"inLanguage\":\"fi\",\"@id\":\"https:\/\/idakorea.ee\/product\/medipeel-phyto-exosome-pdrn-lifting-shot-serum-50ml\/#primaryimage\",\"url\":\"https:\/\/idakorea.ee\/wp-content\/uploads\/2025\/03\/medi-peel-phyto-exosome-pdrn-lifting-shot-serum-50ml.jpg\",\"contentUrl\":\"https:\/\/idakorea.ee\/wp-content\/uploads\/2025\/03\/medi-peel-phyto-exosome-pdrn-lifting-shot-serum-50ml.jpg\",\"width\":800,\"height\":800},{\"@type\":\"BreadcrumbList\",\"@id\":\"https:\/\/idakorea.ee\/product\/medipeel-phyto-exosome-pdrn-lifting-shot-serum-50ml\/#breadcrumb\",\"itemListElement\":[{\"@type\":\"ListItem\",\"position\":1,\"name\":\"\u0413\u043b\u0430\u0432\u043d\u0430\u044f \u0441\u0442\u0440\u0430\u043d\u0438\u0446\u0430\",\"item\":\"https:\/\/idakorea.ee\/\"},{\"@type\":\"ListItem\",\"position\":2,\"name\":\"Shop\",\"item\":\"https:\/\/idakorea.ee\/shop-2\/\"},{\"@type\":\"ListItem\",\"position\":3,\"name\":\"Pinguldav vananemisvastane seerum Medipeel+ Phyto Exosome PDRN Lifting Shot Serum, 50ml\"}]},{\"@type\":\"WebSite\",\"@id\":\"https:\/\/idakorea.ee\/#website\",\"url\":\"https:\/\/idakorea.ee\/\",\"name\":\"IDA.KOREA\",\"description\":\"Korea kosmeetika e-pood\",\"publisher\":{\"@id\":\"https:\/\/idakorea.ee\/#organization\"},\"alternateName\":\"Beauty Shop\",\"potentialAction\":[{\"@type\":\"SearchAction\",\"target\":{\"@type\":\"EntryPoint\",\"urlTemplate\":\"https:\/\/idakorea.ee\/?s={search_term_string}\"},\"query-input\":{\"@type\":\"PropertyValueSpecification\",\"valueRequired\":true,\"valueName\":\"search_term_string\"}}],\"inLanguage\":\"fi\"},{\"@type\":\"Organization\",\"@id\":\"https:\/\/idakorea.ee\/#organization\",\"name\":\"IDA.KOREA\",\"url\":\"https:\/\/idakorea.ee\/\",\"logo\":{\"@type\":\"ImageObject\",\"inLanguage\":\"fi\",\"@id\":\"https:\/\/idakorea.ee\/#\/schema\/logo\/image\/\",\"url\":\"https:\/\/idakorea.ee\/wp-content\/uploads\/2024\/05\/cropped-korea3.png\",\"contentUrl\":\"https:\/\/idakorea.ee\/wp-content\/uploads\/2024\/05\/cropped-korea3.png\",\"width\":688,\"height\":126,\"caption\":\"IDA.KOREA\"},\"image\":{\"@id\":\"https:\/\/idakorea.ee\/#\/schema\/logo\/image\/\"},\"sameAs\":[\"https:\/\/www.instagram.com\/ida.korea\/\"]}]}<\/script>\n<!-- \/ Yoast SEO plugin. -->","yoast_head_json":{"title":"Medipeel+ Phyto Exosome PDRN Lifting Shot Serum, 50ml - IDA.KOREA","description":"Seerumi palauttaa ihon kimmoisuuden, edist\u00e4\u00e4 ihon uusiutumista ja antaa sille nuorekkaan hehkun. Stimuloi ihosolujen uusiutumista.","robots":{"index":"index","follow":"follow","max-snippet":"max-snippet:-1","max-image-preview":"max-image-preview:large","max-video-preview":"max-video-preview:-1"},"canonical":"https:\/\/idakorea.ee\/fi\/product\/medipeel-phyto-exosome-pdrn-lifting-shot-serum-50ml\/","og_locale":"fi_FI","og_type":"article","og_title":"Medipeel+ Phyto Exosome PDRN Lifting Shot Serum, 50ml - IDA.KOREA","og_description":"Seerum taastab naha elastsuse, aitab kaasa naha uuenemisele ning annab sellele noorusliku s\u00e4ra. Stimuleerib naha rakkude uuenemist.","og_url":"https:\/\/idakorea.ee\/fi\/product\/medipeel-phyto-exosome-pdrn-lifting-shot-serum-50ml\/","og_site_name":"IDA.KOREA","article_modified_time":"2026-04-03T12:27:53+00:00","og_image":[{"width":800,"height":800,"url":"https:\/\/idakorea.ee\/wp-content\/uploads\/2025\/03\/medi-peel-phyto-exosome-pdrn-lifting-shot-serum-50ml.jpg","type":"image\/jpeg"}],"twitter_card":"summary_large_image","twitter_misc":{"Arvioitu lukuaika":"2 minuuttia"},"schema":{"@context":"https:\/\/schema.org","@graph":[{"@type":"WebPage","@id":"https:\/\/idakorea.ee\/product\/medipeel-phyto-exosome-pdrn-lifting-shot-serum-50ml\/","url":"https:\/\/idakorea.ee\/product\/medipeel-phyto-exosome-pdrn-lifting-shot-serum-50ml\/","name":"Medipeel+ Phyto Exosome PDRN Lifting Shot Serum, 50ml - IDA.KOREA","isPartOf":{"@id":"https:\/\/idakorea.ee\/#website"},"primaryImageOfPage":{"@id":"https:\/\/idakorea.ee\/product\/medipeel-phyto-exosome-pdrn-lifting-shot-serum-50ml\/#primaryimage"},"image":{"@id":"https:\/\/idakorea.ee\/product\/medipeel-phyto-exosome-pdrn-lifting-shot-serum-50ml\/#primaryimage"},"thumbnailUrl":"https:\/\/idakorea.ee\/wp-content\/uploads\/2025\/03\/medi-peel-phyto-exosome-pdrn-lifting-shot-serum-50ml.jpg","datePublished":"2025-03-03T13:54:19+00:00","dateModified":"2026-04-03T12:27:53+00:00","description":"Seerumi palauttaa ihon kimmoisuuden, edist\u00e4\u00e4 ihon uusiutumista ja antaa sille nuorekkaan hehkun. Stimuloi ihosolujen uusiutumista.","breadcrumb":{"@id":"https:\/\/idakorea.ee\/product\/medipeel-phyto-exosome-pdrn-lifting-shot-serum-50ml\/#breadcrumb"},"inLanguage":"fi","potentialAction":[{"@type":"ReadAction","target":["https:\/\/idakorea.ee\/product\/medipeel-phyto-exosome-pdrn-lifting-shot-serum-50ml\/"]}]},{"@type":"ImageObject","inLanguage":"fi","@id":"https:\/\/idakorea.ee\/product\/medipeel-phyto-exosome-pdrn-lifting-shot-serum-50ml\/#primaryimage","url":"https:\/\/idakorea.ee\/wp-content\/uploads\/2025\/03\/medi-peel-phyto-exosome-pdrn-lifting-shot-serum-50ml.jpg","contentUrl":"https:\/\/idakorea.ee\/wp-content\/uploads\/2025\/03\/medi-peel-phyto-exosome-pdrn-lifting-shot-serum-50ml.jpg","width":800,"height":800},{"@type":"BreadcrumbList","@id":"https:\/\/idakorea.ee\/product\/medipeel-phyto-exosome-pdrn-lifting-shot-serum-50ml\/#breadcrumb","itemListElement":[{"@type":"ListItem","position":1,"name":"\u0413\u043b\u0430\u0432\u043d\u0430\u044f \u0441\u0442\u0440\u0430\u043d\u0438\u0446\u0430","item":"https:\/\/idakorea.ee\/"},{"@type":"ListItem","position":2,"name":"Shop","item":"https:\/\/idakorea.ee\/shop-2\/"},{"@type":"ListItem","position":3,"name":"Pinguldav vananemisvastane seerum Medipeel+ Phyto Exosome PDRN Lifting Shot Serum, 50ml"}]},{"@type":"WebSite","@id":"https:\/\/idakorea.ee\/#website","url":"https:\/\/idakorea.ee\/","name":"IDA.KOREA","description":"Korean kosmetiikan verkkokauppa","publisher":{"@id":"https:\/\/idakorea.ee\/#organization"},"alternateName":"Beauty Shop","potentialAction":[{"@type":"SearchAction","target":{"@type":"EntryPoint","urlTemplate":"https:\/\/idakorea.ee\/?s={search_term_string}"},"query-input":{"@type":"PropertyValueSpecification","valueRequired":true,"valueName":"search_term_string"}}],"inLanguage":"fi"},{"@type":"Organization","@id":"https:\/\/idakorea.ee\/#organization","name":"IDA.KOREA","url":"https:\/\/idakorea.ee\/","logo":{"@type":"ImageObject","inLanguage":"fi","@id":"https:\/\/idakorea.ee\/#\/schema\/logo\/image\/","url":"https:\/\/idakorea.ee\/wp-content\/uploads\/2024\/05\/cropped-korea3.png","contentUrl":"https:\/\/idakorea.ee\/wp-content\/uploads\/2024\/05\/cropped-korea3.png","width":688,"height":126,"caption":"IDA.KOREA"},"image":{"@id":"https:\/\/idakorea.ee\/#\/schema\/logo\/image\/"},"sameAs":["https:\/\/www.instagram.com\/ida.korea\/"]}]}},"jetpack_sharing_enabled":true,"brands":[{"id":107,"name":"MEDIPEEL+","slug":"medipeel"}],"_links":{"self":[{"href":"https:\/\/idakorea.ee\/fi\/wp-json\/wp\/v2\/product\/12937","targetHints":{"allow":["GET"]}}],"collection":[{"href":"https:\/\/idakorea.ee\/fi\/wp-json\/wp\/v2\/product"}],"about":[{"href":"https:\/\/idakorea.ee\/fi\/wp-json\/wp\/v2\/types\/product"}],"replies":[{"embeddable":true,"href":"https:\/\/idakorea.ee\/fi\/wp-json\/wp\/v2\/comments?post=12937"}],"version-history":[{"count":3,"href":"https:\/\/idakorea.ee\/fi\/wp-json\/wp\/v2\/product\/12937\/revisions"}],"predecessor-version":[{"id":12942,"href":"https:\/\/idakorea.ee\/fi\/wp-json\/wp\/v2\/product\/12937\/revisions\/12942"}],"wp:featuredmedia":[{"embeddable":true,"href":"https:\/\/idakorea.ee\/fi\/wp-json\/wp\/v2\/media\/12938"}],"wp:attachment":[{"href":"https:\/\/idakorea.ee\/fi\/wp-json\/wp\/v2\/media?parent=12937"}],"wp:term":[{"taxonomy":"pwb-brand","embeddable":true,"href":"https:\/\/idakorea.ee\/fi\/wp-json\/wp\/v2\/pwb-brand?post=12937"},{"taxonomy":"product_brand","embeddable":true,"href":"https:\/\/idakorea.ee\/fi\/wp-json\/wp\/v2\/product_brand?post=12937"},{"taxonomy":"product_cat","embeddable":true,"href":"https:\/\/idakorea.ee\/fi\/wp-json\/wp\/v2\/product_cat?post=12937"},{"taxonomy":"product_tag","embeddable":true,"href":"https:\/\/idakorea.ee\/fi\/wp-json\/wp\/v2\/product_tag?post=12937"}],"curies":[{"name":"wp","href":"https:\/\/api.w.org\/{rel}","templated":true}]}}