{"id":12965,"date":"2025-03-05T10:47:42","date_gmt":"2025-03-05T08:47:42","guid":{"rendered":"https:\/\/idakorea.ee\/?post_type=product&#038;p=12965"},"modified":"2026-03-14T12:09:36","modified_gmt":"2026-03-14T10:09:36","slug":"cosrx-all-about-snail-gift-set","status":"publish","type":"product","link":"https:\/\/idakorea.ee\/fi\/product\/cosrx-all-about-snail-gift-set\/","title":{"rendered":"Cosrx All About Snail -lahjasetti"},"content":{"rendered":"<p data-start=\"0\" data-end=\"82\">Mini kasvojenhoitosetti etanan musiinilla \u2013 syv\u00e4kosteuttava ja palauttava hoito<\/p>\n<p data-start=\"84\" data-end=\"162\">T\u00e4ydellinen matkalle ja loistava tapa tutustua merkin tuotteisiin.<\/p>\n<p data-start=\"201\" data-end=\"225\"><strong data-start=\"201\" data-end=\"223\">Setti sis\u00e4lt\u00e4\u00e4:<\/strong><\/p>\n<ul data-start=\"226\" data-end=\"585\">\n<li data-start=\"226\" data-end=\"306\"><strong data-start=\"228\" data-end=\"260\">Puhdistusgeeli etanan musiinilla<\/strong> Edistynyt etanan limakalvojen puhdistusgeeli (20 ml)<\/li>\n<li data-start=\"307\" data-end=\"400\"><strong data-start=\"309\" data-end=\"350\">Uudistava kasvovesi etanan musiinilla<\/strong> Advanced Snail 96 Musin Power Essence (30 ml)<\/li>\n<li data-start=\"401\" data-end=\"499\"><strong data-start=\"403\" data-end=\"456\">Silottava silm\u00e4nymp\u00e4rysvoide peptideill\u00e4 ja etanan musiinilla<\/strong> Edistyksellinen etanapeptidi-silm\u00e4nymp\u00e4rysvoide (5 g)<\/li>\n<li data-start=\"500\" data-end=\"585\"><strong data-start=\"502\" data-end=\"538\">Uudistava kasvovoide etanan musiinilla<\/strong> Advanced Snail 92 All In One -voide (20 ml)<\/li>\n<\/ul>\n<p data-start=\"587\" data-end=\"775\"><strong data-start=\"587\" data-end=\"599\">Edut:<\/strong><br data-start=\"599\" data-end=\"602\" \/>Syv\u00e4kosteuttava ja ravinteikas koostumus, joka poistaa kuivuutta ja hilseily\u00e4.<br data-start=\"681\" data-end=\"684\" \/>Silottaa ihon rakennetta ja v\u00e4hent\u00e4\u00e4 ryppyjen n\u00e4kymist\u00e4.<br data-start=\"740\" data-end=\"743\" \/>Auttaa tasoittamaan ihon s\u00e4vy\u00e4.<\/p>\n<p data-start=\"777\" data-end=\"935\" data-is-last-node=\"\" data-is-only-node=\"\"><strong data-start=\"777\" data-end=\"800\">P\u00e4\u00e4ainesosa: <\/strong><\/p>\n<p data-start=\"777\" data-end=\"935\" data-is-last-node=\"\" data-is-only-node=\"\"><strong data-start=\"805\" data-end=\"821\">Etanan lima<\/strong> \u2013 stimuloi ihon luonnollista uusiutumista, pehment\u00e4\u00e4 ja nopeuttaa paranemisprosesseja sek\u00e4 hidastaa ik\u00e4\u00e4ntymisen merkkej\u00e4.<\/p>\n<p data-start=\"777\" data-end=\"935\" data-is-last-node=\"\" data-is-only-node=\"\">Kaikille ihotyypeille.<\/p>\n<p><strong>K\u00e4ytt\u00f6<\/strong><\/p>\n<p><strong>Puhdistusvaahto:<\/strong> Levit\u00e4 tarvittava m\u00e4\u00e4r\u00e4 tuotetta k\u00e4mmenillesi tai puhdistusv\u00e4lineelle, vaahdota ja hiero hell\u00e4varaisesti kasvoille. Huuhtele pois l\u00e4mpim\u00e4ll\u00e4 vedell\u00e4.<\/p>\n<p><strong>Essentit:<\/strong> Levit\u00e4 tarvittava m\u00e4\u00e4r\u00e4 tuotetta puhdistetulle ja kasvovedelle kasvojen iholle ja hiero kevyesti, kunnes se on t\u00e4ysin imeytynyt.<\/p>\n<p><strong>Silm\u00e4nymp\u00e4rysvoide:<\/strong> Levit\u00e4 pieni m\u00e4\u00e4r\u00e4 tuotetta puhdistetulle ja kasvovedelle silm\u00e4nymp\u00e4rysiholle ja taputtele kevyesti, kunnes tuote on t\u00e4ysin imeytynyt.<\/p>\n<p><strong>Kasvovoide:<\/strong> Levit\u00e4 tarvittava m\u00e4\u00e4r\u00e4 tuotetta puhdistetulle ja kasvovedelle iholle ihonhoitorutiinisi viimeisen\u00e4 vaiheena. Hiero hell\u00e4varaisesti, kunnes tuote on t\u00e4ysin imeytynyt.<\/p>","protected":false},"excerpt":{"rendered":"<p>Mini kasvojenhoitosetti etananmusiinilla \u2013 syv\u00e4kosteuttava ja palauttava hoito T\u00e4ydellinen matkalle mukaan ja loistava tapa tutustua merkin tuotteisiin. Setti sis\u00e4lt\u00e4\u00e4: Puhdistusgeeli etananmusiinilla Advanced Snail Mucin Gel Cleanser (20 ml) Palauttava kasvovesi etananmusiinilla Advanced Snail 96 Mucin Power Essence (30 ml) Silottava silm\u00e4nymp\u00e4rysvoide peptideill\u00e4 ja etananmusiinilla Advanced Snail Peptide Eye Cream (5 g) Palauttava kasvovoide\u2026<\/p>","protected":false},"featured_media":12966,"comment_status":"open","ping_status":"closed","template":"","meta":{"_uf_show_specific_survey":0,"_uf_disable_surveys":false,"_bst_post_transparent":"default","_bst_post_title":"","_bst_post_layout":"default","_bst_post_sidebar_id":"","_bst_post_content_style":"default","_bst_post_vertical_padding":"default","_bst_post_feature":"","_bst_post_feature_position":"","_bst_post_header":false,"_bst_post_footer":false},"pwb-brand":[111],"product_brand":[],"product_cat":[95],"product_tag":[799,825],"class_list":{"0":"post-12965","1":"product","2":"type-product","3":"status-publish","4":"has-post-thumbnail","6":"pwb-brand-cosrx","7":"product_cat-komplektid","8":"product_tag-cosrx","9":"product_tag-kit","11":"first","12":"outofstock","13":"sale","14":"shipping-taxable","15":"purchasable","16":"product-type-simple","17":"entry","18":"content-bg","19":"loop-entry"},"supplier_id":null,"supplier_sku":"","barcode":null,"atum_controlled":true,"out_stock_date":"2026-03-12 23:33:40","out_stock_threshold":null,"inheritable":false,"inbound_stock":0,"stock_on_hold":0,"sold_today":0,"sales_last_days":0,"out_stock_days":32,"lost_sales":255,"has_location":false,"update_date":"2026-04-14T00:05:08","atum_locations":[],"atum_stock_status":"outofstock","restock_status":false,"low_stock_amount":"","sales_update_date":"2026-04-14T00:05:08","calc_backorders":null,"yoast_head":"<!-- This site is optimized with the Yoast SEO plugin v27.2 - https:\/\/yoast.com\/product\/yoast-seo-wordpress\/ -->\n<title>Cosrx All About Snail Gift Set - IDA.KOREA<\/title>\n<meta name=\"description\" content=\"Sobib ideaalselt reisile ning suurep\u00e4rane viis tutvuda br\u00e4ndi toodetega. - Tasuta tarne Eesti piires al. 48\u20ac, L\u00e4ti ja Leedu al. 55\u20ac, Soome al. 85\u20ac\" \/>\n<meta name=\"robots\" content=\"index, follow, max-snippet:-1, max-image-preview:large, max-video-preview:-1\" \/>\n<link rel=\"canonical\" href=\"https:\/\/idakorea.ee\/fi\/product\/cosrx-all-about-snail-gift-set\/\" \/>\n<meta property=\"og:locale\" content=\"fi_FI\" \/>\n<meta property=\"og:type\" content=\"article\" \/>\n<meta property=\"og:title\" content=\"Cosrx All About Snail Gift Set - IDA.KOREA\" \/>\n<meta property=\"og:description\" content=\"Sobib ideaalselt reisile ning suurep\u00e4rane viis tutvuda br\u00e4ndi toodetega. - Tasuta tarne Eesti piires al. 48\u20ac, L\u00e4ti ja Leedu al. 55\u20ac, Soome al. 85\u20ac\" \/>\n<meta property=\"og:url\" content=\"https:\/\/idakorea.ee\/fi\/product\/cosrx-all-about-snail-gift-set\/\" \/>\n<meta property=\"og:site_name\" content=\"IDA.KOREA\" \/>\n<meta property=\"article:modified_time\" content=\"2026-03-14T10:09:36+00:00\" \/>\n<meta property=\"og:image\" content=\"https:\/\/idakorea.ee\/wp-content\/uploads\/2025\/03\/max_48544.jpg\" \/>\n\t<meta property=\"og:image:width\" content=\"750\" \/>\n\t<meta property=\"og:image:height\" content=\"750\" \/>\n\t<meta property=\"og:image:type\" content=\"image\/jpeg\" \/>\n<meta name=\"twitter:card\" content=\"summary_large_image\" \/>\n<meta name=\"twitter:label1\" content=\"Arvioitu lukuaika\" \/>\n\t<meta name=\"twitter:data1\" content=\"2 minuuttia\" \/>\n<script type=\"application\/ld+json\" class=\"yoast-schema-graph\">{\"@context\":\"https:\/\/schema.org\",\"@graph\":[{\"@type\":\"WebPage\",\"@id\":\"https:\/\/idakorea.ee\/product\/cosrx-all-about-snail-gift-set\/\",\"url\":\"https:\/\/idakorea.ee\/product\/cosrx-all-about-snail-gift-set\/\",\"name\":\"Cosrx All About Snail Gift Set - IDA.KOREA\",\"isPartOf\":{\"@id\":\"https:\/\/idakorea.ee\/#website\"},\"primaryImageOfPage\":{\"@id\":\"https:\/\/idakorea.ee\/product\/cosrx-all-about-snail-gift-set\/#primaryimage\"},\"image\":{\"@id\":\"https:\/\/idakorea.ee\/product\/cosrx-all-about-snail-gift-set\/#primaryimage\"},\"thumbnailUrl\":\"https:\/\/idakorea.ee\/wp-content\/uploads\/2025\/03\/max_48544.jpg\",\"datePublished\":\"2025-03-05T08:47:42+00:00\",\"dateModified\":\"2026-03-14T10:09:36+00:00\",\"description\":\"Sobib ideaalselt reisile ning suurep\u00e4rane viis tutvuda br\u00e4ndi toodetega. - Tasuta tarne Eesti piires al. 48\u20ac, L\u00e4ti ja Leedu al. 55\u20ac, Soome al. 85\u20ac\",\"breadcrumb\":{\"@id\":\"https:\/\/idakorea.ee\/product\/cosrx-all-about-snail-gift-set\/#breadcrumb\"},\"inLanguage\":\"fi\",\"potentialAction\":[{\"@type\":\"ReadAction\",\"target\":[\"https:\/\/idakorea.ee\/product\/cosrx-all-about-snail-gift-set\/\"]}]},{\"@type\":\"ImageObject\",\"inLanguage\":\"fi\",\"@id\":\"https:\/\/idakorea.ee\/product\/cosrx-all-about-snail-gift-set\/#primaryimage\",\"url\":\"https:\/\/idakorea.ee\/wp-content\/uploads\/2025\/03\/max_48544.jpg\",\"contentUrl\":\"https:\/\/idakorea.ee\/wp-content\/uploads\/2025\/03\/max_48544.jpg\",\"width\":750,\"height\":750},{\"@type\":\"BreadcrumbList\",\"@id\":\"https:\/\/idakorea.ee\/product\/cosrx-all-about-snail-gift-set\/#breadcrumb\",\"itemListElement\":[{\"@type\":\"ListItem\",\"position\":1,\"name\":\"\u0413\u043b\u0430\u0432\u043d\u0430\u044f \u0441\u0442\u0440\u0430\u043d\u0438\u0446\u0430\",\"item\":\"https:\/\/idakorea.ee\/\"},{\"@type\":\"ListItem\",\"position\":2,\"name\":\"Shop\",\"item\":\"https:\/\/idakorea.ee\/shop-2\/\"},{\"@type\":\"ListItem\",\"position\":3,\"name\":\"N\u00e4ohoolduse minikomplekt tigu-mutsiiniga Cosrx All About Snail Gift Set\"}]},{\"@type\":\"WebSite\",\"@id\":\"https:\/\/idakorea.ee\/#website\",\"url\":\"https:\/\/idakorea.ee\/\",\"name\":\"IDA.KOREA\",\"description\":\"Korea kosmeetika e-pood\",\"publisher\":{\"@id\":\"https:\/\/idakorea.ee\/#organization\"},\"alternateName\":\"Beauty Shop\",\"potentialAction\":[{\"@type\":\"SearchAction\",\"target\":{\"@type\":\"EntryPoint\",\"urlTemplate\":\"https:\/\/idakorea.ee\/?s={search_term_string}\"},\"query-input\":{\"@type\":\"PropertyValueSpecification\",\"valueRequired\":true,\"valueName\":\"search_term_string\"}}],\"inLanguage\":\"fi\"},{\"@type\":\"Organization\",\"@id\":\"https:\/\/idakorea.ee\/#organization\",\"name\":\"IDA.KOREA\",\"url\":\"https:\/\/idakorea.ee\/\",\"logo\":{\"@type\":\"ImageObject\",\"inLanguage\":\"fi\",\"@id\":\"https:\/\/idakorea.ee\/#\/schema\/logo\/image\/\",\"url\":\"https:\/\/idakorea.ee\/wp-content\/uploads\/2024\/05\/cropped-korea3.png\",\"contentUrl\":\"https:\/\/idakorea.ee\/wp-content\/uploads\/2024\/05\/cropped-korea3.png\",\"width\":688,\"height\":126,\"caption\":\"IDA.KOREA\"},\"image\":{\"@id\":\"https:\/\/idakorea.ee\/#\/schema\/logo\/image\/\"},\"sameAs\":[\"https:\/\/www.instagram.com\/ida.korea\/\"]}]}<\/script>\n<!-- \/ Yoast SEO plugin. -->","yoast_head_json":{"title":"Cosrx All About Snail -lahjasetti - IDA.KOREA","description":"T\u00e4ydellinen matkalle ja loistava tapa tutustua merkin tuotteisiin. - Ilmainen toimitus Virossa alkaen 48 \u20ac, Latviassa ja Liettuassa alkaen 55 \u20ac, Suomessa alkaen 85 \u20ac","robots":{"index":"index","follow":"follow","max-snippet":"max-snippet:-1","max-image-preview":"max-image-preview:large","max-video-preview":"max-video-preview:-1"},"canonical":"https:\/\/idakorea.ee\/fi\/product\/cosrx-all-about-snail-gift-set\/","og_locale":"fi_FI","og_type":"article","og_title":"Cosrx All About Snail Gift Set - IDA.KOREA","og_description":"Sobib ideaalselt reisile ning suurep\u00e4rane viis tutvuda br\u00e4ndi toodetega. - Tasuta tarne Eesti piires al. 48\u20ac, L\u00e4ti ja Leedu al. 55\u20ac, Soome al. 85\u20ac","og_url":"https:\/\/idakorea.ee\/fi\/product\/cosrx-all-about-snail-gift-set\/","og_site_name":"IDA.KOREA","article_modified_time":"2026-03-14T10:09:36+00:00","og_image":[{"width":750,"height":750,"url":"https:\/\/idakorea.ee\/wp-content\/uploads\/2025\/03\/max_48544.jpg","type":"image\/jpeg"}],"twitter_card":"summary_large_image","twitter_misc":{"Arvioitu lukuaika":"2 minuuttia"},"schema":{"@context":"https:\/\/schema.org","@graph":[{"@type":"WebPage","@id":"https:\/\/idakorea.ee\/product\/cosrx-all-about-snail-gift-set\/","url":"https:\/\/idakorea.ee\/product\/cosrx-all-about-snail-gift-set\/","name":"Cosrx All About Snail -lahjasetti - IDA.KOREA","isPartOf":{"@id":"https:\/\/idakorea.ee\/#website"},"primaryImageOfPage":{"@id":"https:\/\/idakorea.ee\/product\/cosrx-all-about-snail-gift-set\/#primaryimage"},"image":{"@id":"https:\/\/idakorea.ee\/product\/cosrx-all-about-snail-gift-set\/#primaryimage"},"thumbnailUrl":"https:\/\/idakorea.ee\/wp-content\/uploads\/2025\/03\/max_48544.jpg","datePublished":"2025-03-05T08:47:42+00:00","dateModified":"2026-03-14T10:09:36+00:00","description":"T\u00e4ydellinen matkalle ja loistava tapa tutustua merkin tuotteisiin. - Ilmainen toimitus Virossa alkaen 48 \u20ac, Latviassa ja Liettuassa alkaen 55 \u20ac, Suomessa alkaen 85 \u20ac","breadcrumb":{"@id":"https:\/\/idakorea.ee\/product\/cosrx-all-about-snail-gift-set\/#breadcrumb"},"inLanguage":"fi","potentialAction":[{"@type":"ReadAction","target":["https:\/\/idakorea.ee\/product\/cosrx-all-about-snail-gift-set\/"]}]},{"@type":"ImageObject","inLanguage":"fi","@id":"https:\/\/idakorea.ee\/product\/cosrx-all-about-snail-gift-set\/#primaryimage","url":"https:\/\/idakorea.ee\/wp-content\/uploads\/2025\/03\/max_48544.jpg","contentUrl":"https:\/\/idakorea.ee\/wp-content\/uploads\/2025\/03\/max_48544.jpg","width":750,"height":750},{"@type":"BreadcrumbList","@id":"https:\/\/idakorea.ee\/product\/cosrx-all-about-snail-gift-set\/#breadcrumb","itemListElement":[{"@type":"ListItem","position":1,"name":"\u0413\u043b\u0430\u0432\u043d\u0430\u044f \u0441\u0442\u0440\u0430\u043d\u0438\u0446\u0430","item":"https:\/\/idakorea.ee\/"},{"@type":"ListItem","position":2,"name":"Shop","item":"https:\/\/idakorea.ee\/shop-2\/"},{"@type":"ListItem","position":3,"name":"N\u00e4ohoolduse minikomplekt tigu-mutsiiniga Cosrx All About Snail Gift Set"}]},{"@type":"WebSite","@id":"https:\/\/idakorea.ee\/#website","url":"https:\/\/idakorea.ee\/","name":"IDA.KOREA","description":"Korean kosmetiikan verkkokauppa","publisher":{"@id":"https:\/\/idakorea.ee\/#organization"},"alternateName":"Beauty Shop","potentialAction":[{"@type":"SearchAction","target":{"@type":"EntryPoint","urlTemplate":"https:\/\/idakorea.ee\/?s={search_term_string}"},"query-input":{"@type":"PropertyValueSpecification","valueRequired":true,"valueName":"search_term_string"}}],"inLanguage":"fi"},{"@type":"Organization","@id":"https:\/\/idakorea.ee\/#organization","name":"IDA.KOREA","url":"https:\/\/idakorea.ee\/","logo":{"@type":"ImageObject","inLanguage":"fi","@id":"https:\/\/idakorea.ee\/#\/schema\/logo\/image\/","url":"https:\/\/idakorea.ee\/wp-content\/uploads\/2024\/05\/cropped-korea3.png","contentUrl":"https:\/\/idakorea.ee\/wp-content\/uploads\/2024\/05\/cropped-korea3.png","width":688,"height":126,"caption":"IDA.KOREA"},"image":{"@id":"https:\/\/idakorea.ee\/#\/schema\/logo\/image\/"},"sameAs":["https:\/\/www.instagram.com\/ida.korea\/"]}]}},"jetpack_sharing_enabled":true,"brands":[{"id":111,"name":"COSRX","slug":"cosrx"}],"_links":{"self":[{"href":"https:\/\/idakorea.ee\/fi\/wp-json\/wp\/v2\/product\/12965","targetHints":{"allow":["GET"]}}],"collection":[{"href":"https:\/\/idakorea.ee\/fi\/wp-json\/wp\/v2\/product"}],"about":[{"href":"https:\/\/idakorea.ee\/fi\/wp-json\/wp\/v2\/types\/product"}],"replies":[{"embeddable":true,"href":"https:\/\/idakorea.ee\/fi\/wp-json\/wp\/v2\/comments?post=12965"}],"version-history":[{"count":4,"href":"https:\/\/idakorea.ee\/fi\/wp-json\/wp\/v2\/product\/12965\/revisions"}],"predecessor-version":[{"id":18068,"href":"https:\/\/idakorea.ee\/fi\/wp-json\/wp\/v2\/product\/12965\/revisions\/18068"}],"wp:featuredmedia":[{"embeddable":true,"href":"https:\/\/idakorea.ee\/fi\/wp-json\/wp\/v2\/media\/12966"}],"wp:attachment":[{"href":"https:\/\/idakorea.ee\/fi\/wp-json\/wp\/v2\/media?parent=12965"}],"wp:term":[{"taxonomy":"pwb-brand","embeddable":true,"href":"https:\/\/idakorea.ee\/fi\/wp-json\/wp\/v2\/pwb-brand?post=12965"},{"taxonomy":"product_brand","embeddable":true,"href":"https:\/\/idakorea.ee\/fi\/wp-json\/wp\/v2\/product_brand?post=12965"},{"taxonomy":"product_cat","embeddable":true,"href":"https:\/\/idakorea.ee\/fi\/wp-json\/wp\/v2\/product_cat?post=12965"},{"taxonomy":"product_tag","embeddable":true,"href":"https:\/\/idakorea.ee\/fi\/wp-json\/wp\/v2\/product_tag?post=12965"}],"curies":[{"name":"wp","href":"https:\/\/api.w.org\/{rel}","templated":true}]}}