{"id":12969,"date":"2025-03-05T11:11:07","date_gmt":"2025-03-05T09:11:07","guid":{"rendered":"https:\/\/idakorea.ee\/?post_type=product&#038;p=12969"},"modified":"2026-03-21T21:42:09","modified_gmt":"2026-03-21T19:42:09","slug":"riisiekstraktiga-puhastusvaht-the-face-shop-rice-water-bright-cleansing-foam-150ml","status":"publish","type":"product","link":"https:\/\/idakorea.ee\/fi\/product\/riisiekstraktiga-puhastusvaht-the-face-shop-rice-water-bright-cleansing-foam-150ml\/","title":{"rendered":"The Face Shop Rice Water Bright puhdistusvaahto, 150ml"},"content":{"rendered":"<p><strong>The Face Shop Rice Water Bright Cleansing Foam -puhdistusvaahto<\/strong> sis\u00e4lt\u00e4\u00e4 riisiuutetta.<\/p>\n<p>Riisiuute tekee ihosta sile\u00e4n, pehme\u00e4n ja silkkisen pehme\u00e4n. Ihanteellinen kuivalle ja ik\u00e4\u00e4ntyv\u00e4lle iholle. Riisiuute kosteuttaa ihoa, aktivoi aineenvaihduntaa ja silottaa ryppyj\u00e4. Riisiuutteeseen perustuvat tuotteet on suunniteltu ehk\u00e4isem\u00e4\u00e4n ennenaikaista ik\u00e4\u00e4ntymist\u00e4, virkist\u00e4m\u00e4\u00e4n ja pehment\u00e4m\u00e4\u00e4n ihoa. Palauttaa ja ravitsee ihoa ja auttaa ehk\u00e4isem\u00e4\u00e4n ryppyj\u00e4. Runsaasti aminohappoja ja mineraaleja sis\u00e4lt\u00e4v\u00e4 riisiuute antaa iholle v\u00e4ltt\u00e4m\u00e4tt\u00f6mi\u00e4 ravintoaineita ja vahvistaa sen suojamuuria.<\/p>\n<p>T\u00e4m\u00e4n sarjan tuotteet poistavat helposti koristekosmetiikassa olevat pigmentit ja v\u00e4riaineet sek\u00e4 hienot likapartikkelit, joita iholle on kertynyt p\u00e4iv\u00e4n aikana, ja valmistelevat ihon jatkohoitoa varten. Auttaa tasoittamaan ihoa, palauttamaan sen kimmoisuuden ja parantamaan ihon s\u00e4vy\u00e4 poistamalla tyls\u00e4\u00e4 ja rasvaista ihons\u00e4vy\u00e4.<\/p>\n<p>Rice Water -puhdistussarja kosteuttaa ja ravitsee ihoa.<\/p>\n<p>Puhdistusvaahto muodostaa mehev\u00e4n vaahdon, joka imee lian ja rasvan h\u00e4iritsem\u00e4tt\u00e4 ihon lipiditasapainoa.<\/p>\n<p>&nbsp;<\/p>\n<p><strong>K\u00e4ytt\u00f6:<\/strong> Ota pieni m\u00e4\u00e4r\u00e4 tuotetta ja sekoita se pieneen m\u00e4\u00e4r\u00e4\u00e4n vett\u00e4. Levit\u00e4 vaahto kostealle iholle ja hiero kevyesti. Huuhtele pois l\u00e4mpim\u00e4ll\u00e4 vedell\u00e4.<\/p>\n<p>&nbsp;<\/p>\n<p>&nbsp;<\/p>","protected":false},"excerpt":{"rendered":"<p>The Face Shop Rice Water Bright Cleansing Foam sis\u00e4lt\u00e4\u00e4 riisiuutetta. Riisiuute tekee ihosta sile\u00e4n, pehme\u00e4n ja silkkisen pehme\u00e4n. Ihanteellinen kuivalle ja ik\u00e4\u00e4ntyv\u00e4lle iholle. Riisiuute kosteuttaa ihoa, aktivoi aineenvaihduntaa ja silottaa ryppyj\u00e4. Riisiuutteeseen perustuvat tuotteet on suunniteltu ehk\u00e4isem\u00e4\u00e4n ennenaikaista ik\u00e4\u00e4ntymist\u00e4, virkist\u00e4m\u00e4\u00e4n ja pehment\u00e4m\u00e4\u00e4n ihoa. Palauttaa ja ravitsee ihoa ja auttaa ehk\u00e4isem\u00e4\u00e4n ryppyj\u00e4. Aminohapot ja mineraalit....<\/p>","protected":false},"featured_media":12970,"comment_status":"open","ping_status":"closed","template":"","meta":{"_uf_show_specific_survey":0,"_uf_disable_surveys":false,"_bst_post_transparent":"default","_bst_post_title":"","_bst_post_layout":"default","_bst_post_sidebar_id":"","_bst_post_content_style":"default","_bst_post_vertical_padding":"default","_bst_post_feature":"","_bst_post_feature_position":"","_bst_post_header":false,"_bst_post_footer":false},"pwb-brand":[826],"product_brand":[],"product_cat":[92,452,100],"product_tag":[828,827],"class_list":{"0":"post-12969","1":"product","2":"type-product","3":"status-publish","4":"has-post-thumbnail","6":"pwb-brand-the-face-shop","7":"product_cat-nagu","8":"product_cat-naopuhastusgeelid","9":"product_cat-puhastusvahendid","10":"product_tag-rice","11":"product_tag-the-face-shop","13":"first","14":"instock","15":"sale","16":"shipping-taxable","17":"purchasable","18":"product-type-simple","19":"entry","20":"content-bg","21":"loop-entry"},"supplier_id":null,"supplier_sku":"","barcode":null,"atum_controlled":true,"out_stock_date":null,"out_stock_threshold":null,"inheritable":false,"inbound_stock":0,"stock_on_hold":0,"sold_today":0,"sales_last_days":1,"out_stock_days":0,"lost_sales":0,"has_location":false,"update_date":"2026-04-14T00:05:10","atum_locations":[],"atum_stock_status":"instock","restock_status":false,"low_stock_amount":"","sales_update_date":"2026-04-14T00:05:10","calc_backorders":null,"yoast_head":"<!-- This site is optimized with the Yoast SEO plugin v27.2 - https:\/\/yoast.com\/product\/yoast-seo-wordpress\/ -->\n<title>Riisiekstraktiga puhastusvaht The Face Shop Rice Water Bright Cleansing Foam, 150ml - IDA.KOREA<\/title>\n<meta name=\"robots\" content=\"index, follow, max-snippet:-1, max-image-preview:large, max-video-preview:-1\" \/>\n<link rel=\"canonical\" href=\"https:\/\/idakorea.ee\/fi\/product\/riisiekstraktiga-puhastusvaht-the-face-shop-rice-water-bright-cleansing-foam-150ml\/\" \/>\n<meta property=\"og:locale\" content=\"fi_FI\" \/>\n<meta property=\"og:type\" content=\"article\" \/>\n<meta property=\"og:title\" content=\"Riisiekstraktiga puhastusvaht The Face Shop Rice Water Bright Cleansing Foam, 150ml - IDA.KOREA\" \/>\n<meta property=\"og:description\" content=\"The Face Shop Rice Water Bright Cleansing Foam sisaldab riisiektrakti. Riisiektrakt muudab naha siledaks, pehmeks ja siidiselt \u00f5rnaks. Ideaalne kuivale ja vananevale nahale. Riisiektrakt niisutab nahka, aktiveerib ainevahetusprotsesse ja silub kortse. Riisiektraktil p\u00f5hinevad tooted on loodud ennetama enneaegset vananemist, v\u00e4rskendama ja pehmendama nahka. Taastab ja toidab nahka ning aitab ennetada kortsude teket. Aminohapete ja mineraalide...\" \/>\n<meta property=\"og:url\" content=\"https:\/\/idakorea.ee\/fi\/product\/riisiekstraktiga-puhastusvaht-the-face-shop-rice-water-bright-cleansing-foam-150ml\/\" \/>\n<meta property=\"og:site_name\" content=\"IDA.KOREA\" \/>\n<meta property=\"article:modified_time\" content=\"2026-03-21T19:42:09+00:00\" \/>\n<meta property=\"og:image\" content=\"https:\/\/idakorea.ee\/wp-content\/uploads\/2025\/03\/max_100429.jpg\" \/>\n\t<meta property=\"og:image:width\" content=\"750\" \/>\n\t<meta property=\"og:image:height\" content=\"750\" \/>\n\t<meta property=\"og:image:type\" content=\"image\/jpeg\" \/>\n<meta name=\"twitter:card\" content=\"summary_large_image\" \/>\n<meta name=\"twitter:label1\" content=\"Arvioitu lukuaika\" \/>\n\t<meta name=\"twitter:data1\" content=\"2 minuuttia\" \/>\n<script type=\"application\/ld+json\" class=\"yoast-schema-graph\">{\"@context\":\"https:\/\/schema.org\",\"@graph\":[{\"@type\":\"WebPage\",\"@id\":\"https:\/\/idakorea.ee\/product\/riisiekstraktiga-puhastusvaht-the-face-shop-rice-water-bright-cleansing-foam-150ml\/\",\"url\":\"https:\/\/idakorea.ee\/product\/riisiekstraktiga-puhastusvaht-the-face-shop-rice-water-bright-cleansing-foam-150ml\/\",\"name\":\"Riisiekstraktiga puhastusvaht The Face Shop Rice Water Bright Cleansing Foam, 150ml - IDA.KOREA\",\"isPartOf\":{\"@id\":\"https:\/\/idakorea.ee\/#website\"},\"primaryImageOfPage\":{\"@id\":\"https:\/\/idakorea.ee\/product\/riisiekstraktiga-puhastusvaht-the-face-shop-rice-water-bright-cleansing-foam-150ml\/#primaryimage\"},\"image\":{\"@id\":\"https:\/\/idakorea.ee\/product\/riisiekstraktiga-puhastusvaht-the-face-shop-rice-water-bright-cleansing-foam-150ml\/#primaryimage\"},\"thumbnailUrl\":\"https:\/\/idakorea.ee\/wp-content\/uploads\/2025\/03\/max_100429.jpg\",\"datePublished\":\"2025-03-05T09:11:07+00:00\",\"dateModified\":\"2026-03-21T19:42:09+00:00\",\"breadcrumb\":{\"@id\":\"https:\/\/idakorea.ee\/product\/riisiekstraktiga-puhastusvaht-the-face-shop-rice-water-bright-cleansing-foam-150ml\/#breadcrumb\"},\"inLanguage\":\"fi\",\"potentialAction\":[{\"@type\":\"ReadAction\",\"target\":[\"https:\/\/idakorea.ee\/product\/riisiekstraktiga-puhastusvaht-the-face-shop-rice-water-bright-cleansing-foam-150ml\/\"]}]},{\"@type\":\"ImageObject\",\"inLanguage\":\"fi\",\"@id\":\"https:\/\/idakorea.ee\/product\/riisiekstraktiga-puhastusvaht-the-face-shop-rice-water-bright-cleansing-foam-150ml\/#primaryimage\",\"url\":\"https:\/\/idakorea.ee\/wp-content\/uploads\/2025\/03\/max_100429.jpg\",\"contentUrl\":\"https:\/\/idakorea.ee\/wp-content\/uploads\/2025\/03\/max_100429.jpg\",\"width\":750,\"height\":750},{\"@type\":\"BreadcrumbList\",\"@id\":\"https:\/\/idakorea.ee\/product\/riisiekstraktiga-puhastusvaht-the-face-shop-rice-water-bright-cleansing-foam-150ml\/#breadcrumb\",\"itemListElement\":[{\"@type\":\"ListItem\",\"position\":1,\"name\":\"\u0413\u043b\u0430\u0432\u043d\u0430\u044f \u0441\u0442\u0440\u0430\u043d\u0438\u0446\u0430\",\"item\":\"https:\/\/idakorea.ee\/\"},{\"@type\":\"ListItem\",\"position\":2,\"name\":\"Shop\",\"item\":\"https:\/\/idakorea.ee\/shop-2\/\"},{\"@type\":\"ListItem\",\"position\":3,\"name\":\"Riisiekstraktiga puhastusvaht The Face Shop Rice Water Bright Cleansing Foam, 150ml\"}]},{\"@type\":\"WebSite\",\"@id\":\"https:\/\/idakorea.ee\/#website\",\"url\":\"https:\/\/idakorea.ee\/\",\"name\":\"IDA.KOREA\",\"description\":\"Korea kosmeetika e-pood\",\"publisher\":{\"@id\":\"https:\/\/idakorea.ee\/#organization\"},\"alternateName\":\"Beauty Shop\",\"potentialAction\":[{\"@type\":\"SearchAction\",\"target\":{\"@type\":\"EntryPoint\",\"urlTemplate\":\"https:\/\/idakorea.ee\/?s={search_term_string}\"},\"query-input\":{\"@type\":\"PropertyValueSpecification\",\"valueRequired\":true,\"valueName\":\"search_term_string\"}}],\"inLanguage\":\"fi\"},{\"@type\":\"Organization\",\"@id\":\"https:\/\/idakorea.ee\/#organization\",\"name\":\"IDA.KOREA\",\"url\":\"https:\/\/idakorea.ee\/\",\"logo\":{\"@type\":\"ImageObject\",\"inLanguage\":\"fi\",\"@id\":\"https:\/\/idakorea.ee\/#\/schema\/logo\/image\/\",\"url\":\"https:\/\/idakorea.ee\/wp-content\/uploads\/2024\/05\/cropped-korea3.png\",\"contentUrl\":\"https:\/\/idakorea.ee\/wp-content\/uploads\/2024\/05\/cropped-korea3.png\",\"width\":688,\"height\":126,\"caption\":\"IDA.KOREA\"},\"image\":{\"@id\":\"https:\/\/idakorea.ee\/#\/schema\/logo\/image\/\"},\"sameAs\":[\"https:\/\/www.instagram.com\/ida.korea\/\"]}]}<\/script>\n<!-- \/ Yoast SEO plugin. -->","yoast_head_json":{"title":"The Face Shop Rice Water Bright puhdistusvaahto, 150ml - IDA.KOREA","robots":{"index":"index","follow":"follow","max-snippet":"max-snippet:-1","max-image-preview":"max-image-preview:large","max-video-preview":"max-video-preview:-1"},"canonical":"https:\/\/idakorea.ee\/fi\/product\/riisiekstraktiga-puhastusvaht-the-face-shop-rice-water-bright-cleansing-foam-150ml\/","og_locale":"fi_FI","og_type":"article","og_title":"Riisiekstraktiga puhastusvaht The Face Shop Rice Water Bright Cleansing Foam, 150ml - IDA.KOREA","og_description":"The Face Shop Rice Water Bright Cleansing Foam sisaldab riisiektrakti. Riisiektrakt muudab naha siledaks, pehmeks ja siidiselt \u00f5rnaks. Ideaalne kuivale ja vananevale nahale. Riisiektrakt niisutab nahka, aktiveerib ainevahetusprotsesse ja silub kortse. Riisiektraktil p\u00f5hinevad tooted on loodud ennetama enneaegset vananemist, v\u00e4rskendama ja pehmendama nahka. Taastab ja toidab nahka ning aitab ennetada kortsude teket. Aminohapete ja mineraalide...","og_url":"https:\/\/idakorea.ee\/fi\/product\/riisiekstraktiga-puhastusvaht-the-face-shop-rice-water-bright-cleansing-foam-150ml\/","og_site_name":"IDA.KOREA","article_modified_time":"2026-03-21T19:42:09+00:00","og_image":[{"width":750,"height":750,"url":"https:\/\/idakorea.ee\/wp-content\/uploads\/2025\/03\/max_100429.jpg","type":"image\/jpeg"}],"twitter_card":"summary_large_image","twitter_misc":{"Arvioitu lukuaika":"2 minuuttia"},"schema":{"@context":"https:\/\/schema.org","@graph":[{"@type":"WebPage","@id":"https:\/\/idakorea.ee\/product\/riisiekstraktiga-puhastusvaht-the-face-shop-rice-water-bright-cleansing-foam-150ml\/","url":"https:\/\/idakorea.ee\/product\/riisiekstraktiga-puhastusvaht-the-face-shop-rice-water-bright-cleansing-foam-150ml\/","name":"The Face Shop Rice Water Bright puhdistusvaahto, 150ml - IDA.KOREA","isPartOf":{"@id":"https:\/\/idakorea.ee\/#website"},"primaryImageOfPage":{"@id":"https:\/\/idakorea.ee\/product\/riisiekstraktiga-puhastusvaht-the-face-shop-rice-water-bright-cleansing-foam-150ml\/#primaryimage"},"image":{"@id":"https:\/\/idakorea.ee\/product\/riisiekstraktiga-puhastusvaht-the-face-shop-rice-water-bright-cleansing-foam-150ml\/#primaryimage"},"thumbnailUrl":"https:\/\/idakorea.ee\/wp-content\/uploads\/2025\/03\/max_100429.jpg","datePublished":"2025-03-05T09:11:07+00:00","dateModified":"2026-03-21T19:42:09+00:00","breadcrumb":{"@id":"https:\/\/idakorea.ee\/product\/riisiekstraktiga-puhastusvaht-the-face-shop-rice-water-bright-cleansing-foam-150ml\/#breadcrumb"},"inLanguage":"fi","potentialAction":[{"@type":"ReadAction","target":["https:\/\/idakorea.ee\/product\/riisiekstraktiga-puhastusvaht-the-face-shop-rice-water-bright-cleansing-foam-150ml\/"]}]},{"@type":"ImageObject","inLanguage":"fi","@id":"https:\/\/idakorea.ee\/product\/riisiekstraktiga-puhastusvaht-the-face-shop-rice-water-bright-cleansing-foam-150ml\/#primaryimage","url":"https:\/\/idakorea.ee\/wp-content\/uploads\/2025\/03\/max_100429.jpg","contentUrl":"https:\/\/idakorea.ee\/wp-content\/uploads\/2025\/03\/max_100429.jpg","width":750,"height":750},{"@type":"BreadcrumbList","@id":"https:\/\/idakorea.ee\/product\/riisiekstraktiga-puhastusvaht-the-face-shop-rice-water-bright-cleansing-foam-150ml\/#breadcrumb","itemListElement":[{"@type":"ListItem","position":1,"name":"\u0413\u043b\u0430\u0432\u043d\u0430\u044f \u0441\u0442\u0440\u0430\u043d\u0438\u0446\u0430","item":"https:\/\/idakorea.ee\/"},{"@type":"ListItem","position":2,"name":"Shop","item":"https:\/\/idakorea.ee\/shop-2\/"},{"@type":"ListItem","position":3,"name":"Riisiekstraktiga puhastusvaht The Face Shop Rice Water Bright Cleansing Foam, 150ml"}]},{"@type":"WebSite","@id":"https:\/\/idakorea.ee\/#website","url":"https:\/\/idakorea.ee\/","name":"IDA.KOREA","description":"Korean kosmetiikan verkkokauppa","publisher":{"@id":"https:\/\/idakorea.ee\/#organization"},"alternateName":"Beauty Shop","potentialAction":[{"@type":"SearchAction","target":{"@type":"EntryPoint","urlTemplate":"https:\/\/idakorea.ee\/?s={search_term_string}"},"query-input":{"@type":"PropertyValueSpecification","valueRequired":true,"valueName":"search_term_string"}}],"inLanguage":"fi"},{"@type":"Organization","@id":"https:\/\/idakorea.ee\/#organization","name":"IDA.KOREA","url":"https:\/\/idakorea.ee\/","logo":{"@type":"ImageObject","inLanguage":"fi","@id":"https:\/\/idakorea.ee\/#\/schema\/logo\/image\/","url":"https:\/\/idakorea.ee\/wp-content\/uploads\/2024\/05\/cropped-korea3.png","contentUrl":"https:\/\/idakorea.ee\/wp-content\/uploads\/2024\/05\/cropped-korea3.png","width":688,"height":126,"caption":"IDA.KOREA"},"image":{"@id":"https:\/\/idakorea.ee\/#\/schema\/logo\/image\/"},"sameAs":["https:\/\/www.instagram.com\/ida.korea\/"]}]}},"jetpack_sharing_enabled":true,"brands":[{"id":826,"name":"THE FACE SHOP","slug":"the-face-shop"}],"_links":{"self":[{"href":"https:\/\/idakorea.ee\/fi\/wp-json\/wp\/v2\/product\/12969","targetHints":{"allow":["GET"]}}],"collection":[{"href":"https:\/\/idakorea.ee\/fi\/wp-json\/wp\/v2\/product"}],"about":[{"href":"https:\/\/idakorea.ee\/fi\/wp-json\/wp\/v2\/types\/product"}],"replies":[{"embeddable":true,"href":"https:\/\/idakorea.ee\/fi\/wp-json\/wp\/v2\/comments?post=12969"}],"version-history":[{"count":2,"href":"https:\/\/idakorea.ee\/fi\/wp-json\/wp\/v2\/product\/12969\/revisions"}],"predecessor-version":[{"id":12974,"href":"https:\/\/idakorea.ee\/fi\/wp-json\/wp\/v2\/product\/12969\/revisions\/12974"}],"wp:featuredmedia":[{"embeddable":true,"href":"https:\/\/idakorea.ee\/fi\/wp-json\/wp\/v2\/media\/12970"}],"wp:attachment":[{"href":"https:\/\/idakorea.ee\/fi\/wp-json\/wp\/v2\/media?parent=12969"}],"wp:term":[{"taxonomy":"pwb-brand","embeddable":true,"href":"https:\/\/idakorea.ee\/fi\/wp-json\/wp\/v2\/pwb-brand?post=12969"},{"taxonomy":"product_brand","embeddable":true,"href":"https:\/\/idakorea.ee\/fi\/wp-json\/wp\/v2\/product_brand?post=12969"},{"taxonomy":"product_cat","embeddable":true,"href":"https:\/\/idakorea.ee\/fi\/wp-json\/wp\/v2\/product_cat?post=12969"},{"taxonomy":"product_tag","embeddable":true,"href":"https:\/\/idakorea.ee\/fi\/wp-json\/wp\/v2\/product_tag?post=12969"}],"curies":[{"name":"wp","href":"https:\/\/api.w.org\/{rel}","templated":true}]}}