{"id":12978,"date":"2025-03-05T12:06:02","date_gmt":"2025-03-05T10:06:02","guid":{"rendered":"https:\/\/idakorea.ee\/?post_type=product&#038;p=12978"},"modified":"2026-03-21T21:42:09","modified_gmt":"2026-03-21T19:42:09","slug":"niisutav-riisikreem-naole-keraamiididega-the-face-shop-rice-ceramide-moisturizing-cream-50ml","status":"publish","type":"product","link":"https:\/\/idakorea.ee\/fi\/product\/niisutav-riisikreem-naole-keraamiididega-the-face-shop-rice-ceramide-moisturizing-cream-50ml\/","title":{"rendered":"The Face Shop Rice Ceramide Moisturizing Cream, 50ml, kosteuttava riisivoide, jossa on keramideja"},"content":{"rendered":"<p><strong>Face Shop Rice Ceramide -kosteusvoide<\/strong> parantaa kuivan, herk\u00e4n, kuivuneen ja ik\u00e4\u00e4ntyv\u00e4n ihon kuntoa:<\/p>\n<ul>\n<li>kosteuttaa ja ravitsee ihoa;<\/li>\n<li>poistaa hilseilyn ja nyppimisen tunteen;<\/li>\n<li>v\u00e4hent\u00e4\u00e4 ryppyjen n\u00e4kyvyytt\u00e4;<\/li>\n<li>vaalentaa pigmenttil\u00e4iski\u00e4;<\/li>\n<li>suojaa ihoa ymp\u00e4rist\u00f6n haitallisilta vaikutuksilta.<\/li>\n<\/ul>\n<p>Voiteella on ravitseva koostumus ja miellytt\u00e4v\u00e4 tuoksu, se imeytyy nopeasti ja levittyy tasaisesti iholle.<\/p>\n<p><strong>T\u00e4rkeimm\u00e4t vaikuttavat aineet:<\/strong><\/p>\n<p class=\"translation-block\"><strong>Betaiini<\/strong> \u2013 kosteuttaa syv\u00e4sti, lievitt\u00e4\u00e4 \u00e4rsytyst\u00e4 ja parantaa ihon ulkon\u00e4k\u00f6\u00e4.<br> <strong>Hyaluronihappo<\/strong> \u2013 varmistaa pitk\u00e4kestoisen kosteutuksen, suojaa kosteuden menetykselt\u00e4 ja ennenaikaisilta ryppyilt\u00e4, stimuloi solujen uusiutumista ja nopeuttaa paranemista.<br> <strong>Riisiuute (1%)<\/strong> \u2013 sis\u00e4lt\u00e4\u00e4 antioksidantteja, kosteuttaa ja pehment\u00e4\u00e4, tasoittaa ihon s\u00e4vy\u00e4, kirkastaa pigmenttil\u00e4iski\u00e4, silottaa ryppyj\u00e4 ja rauhoittaa \u00e4rsytyst\u00e4.<br> <strong>Sheavoi<\/strong> \u2013 voimakkaasti pehment\u00e4v\u00e4, nopeuttaa ihon uudistumista ja haavojen paranemista, rauhoittaa tulehdusta, ei tuki ihohuokosia.<br> <strong>Lesitiini<\/strong> \u2013 parantaa aktiivisten ainesosien imeytymist\u00e4 ihon syvempiin kerroksiin.<br> <strong>Riisi\u00f6ljy<\/strong> \u2013 ravitsee ihoa, nopeuttaa solujen uusiutumista, parantaa ihon kimmoisuutta ja v\u00e4hent\u00e4\u00e4 ryppyjen syvyytt\u00e4.<br> <strong>Keramidi 3<\/strong> \u2013 vahvistaa ihon suojakerrosta, yll\u00e4pit\u00e4\u00e4 ihon kosteustasapainoa ja ehk\u00e4isee ik\u00e4\u00e4ntymisen merkkej\u00e4.<br> <strong>Greipin uute<\/strong> \u2013 virkist\u00e4\u00e4, kosteuttaa, parantaa ihon s\u00e4vy\u00e4 ja mikroreliefi\u00e4.<\/p>\n<p>&nbsp;<\/p>\n<p>Sopii normaalille, kuivalle, herk\u00e4lle ja kosteusk\u00f6yh\u00e4lle iholle.<\/p>\n<p><strong>K\u00e4ytt\u00f6:<\/strong> Levit\u00e4 tarvittava m\u00e4\u00e4r\u00e4 voidetta puhdistetulle iholle ja taputtele sormenp\u00e4ill\u00e4, kunnes se on t\u00e4ysin imeytynyt.<\/p>","protected":false},"excerpt":{"rendered":"<p>The Face Shop Rice Ceramide Moisturizing Cream parantaa kuivan, herk\u00e4n, dehydratoituneen ja kyps\u00e4n ihon kuntoa: kosteuttaa ja ravitsee ihoa; poistaa hilseily\u00e4 ja nyppimisen tunnetta; v\u00e4hent\u00e4\u00e4 ryppyjen n\u00e4kyvyytt\u00e4; vaalentaa pigmentti\u00e4; suojaa ihoa ymp\u00e4rist\u00f6n aiheuttamilta vaurioilta. Voiteessa on ravitseva koostumus ja miellytt\u00e4v\u00e4 tuoksu, se imeytyy nopeasti ja jakautuu tasaisesti iholle. T\u00e4rkeimm\u00e4t aktiiviset ainesosat.<\/p>","protected":false},"featured_media":12979,"comment_status":"open","ping_status":"closed","template":"","meta":{"_uf_show_specific_survey":0,"_uf_disable_surveys":false,"_bst_post_transparent":"default","_bst_post_title":"","_bst_post_layout":"default","_bst_post_sidebar_id":"","_bst_post_content_style":"default","_bst_post_vertical_padding":"default","_bst_post_feature":"","_bst_post_feature_position":"","_bst_post_header":false,"_bst_post_footer":false},"pwb-brand":[826],"product_brand":[],"product_cat":[92,96],"product_tag":[674,734,828],"class_list":{"0":"post-12978","1":"product","2":"type-product","3":"status-publish","4":"has-post-thumbnail","6":"pwb-brand-the-face-shop","7":"product_cat-nagu","8":"product_cat-naokreemid","9":"product_tag-ceramide","10":"product_tag-cream","11":"product_tag-rice","13":"first","14":"instock","15":"sale","16":"shipping-taxable","17":"purchasable","18":"product-type-simple","19":"entry","20":"content-bg","21":"loop-entry"},"supplier_id":null,"supplier_sku":"","barcode":null,"atum_controlled":true,"out_stock_date":null,"out_stock_threshold":null,"inheritable":false,"inbound_stock":0,"stock_on_hold":0,"sold_today":0,"sales_last_days":1,"out_stock_days":0,"lost_sales":0,"has_location":false,"update_date":"2026-04-14T00:05:11","atum_locations":[],"atum_stock_status":"instock","restock_status":false,"low_stock_amount":"","sales_update_date":"2026-04-14T00:05:11","calc_backorders":null,"yoast_head":"<!-- This site is optimized with the Yoast SEO plugin v27.2 - https:\/\/yoast.com\/product\/yoast-seo-wordpress\/ -->\n<title>Niisutav riisikreem n\u00e4ole keraamiididega The Face Shop Rice Ceramide Moisturizing Cream, 50ml - IDA.KOREA<\/title>\n<meta name=\"robots\" content=\"index, follow, max-snippet:-1, max-image-preview:large, max-video-preview:-1\" \/>\n<link rel=\"canonical\" href=\"https:\/\/idakorea.ee\/fi\/product\/niisutav-riisikreem-naole-keraamiididega-the-face-shop-rice-ceramide-moisturizing-cream-50ml\/\" \/>\n<meta property=\"og:locale\" content=\"fi_FI\" \/>\n<meta property=\"og:type\" content=\"article\" \/>\n<meta property=\"og:title\" content=\"Niisutav riisikreem n\u00e4ole keraamiididega The Face Shop Rice Ceramide Moisturizing Cream, 50ml - IDA.KOREA\" \/>\n<meta property=\"og:description\" content=\"The Face Shop Rice Ceramide Moisturizing Cream parandab kuiva, tundliku, niiskusvaese ja k\u00fcpse naha seisundit: niisutab ja toidab nahka; eemaldab ketenduse ja kiskuva tunde; v\u00e4hendab kortsude n\u00e4htavust; helendab pigmendilaike; kaitseb nahka keskkonna kahjulike m\u00f5jude eest. Kreemil on toitev tekstuur ja meeldiv l\u00f5hn, see imendub kiiresti ja jaotub nahale \u00fchtlaselt. Peamised toimeained: Betaiin \u2013 s\u00fcgavniisutab, leevendab...\" \/>\n<meta property=\"og:url\" content=\"https:\/\/idakorea.ee\/fi\/product\/niisutav-riisikreem-naole-keraamiididega-the-face-shop-rice-ceramide-moisturizing-cream-50ml\/\" \/>\n<meta property=\"og:site_name\" content=\"IDA.KOREA\" \/>\n<meta property=\"article:modified_time\" content=\"2026-03-21T19:42:09+00:00\" \/>\n<meta property=\"og:image\" content=\"https:\/\/idakorea.ee\/wp-content\/uploads\/2025\/03\/rice-ceramide-cream.jpg\" \/>\n\t<meta property=\"og:image:width\" content=\"800\" \/>\n\t<meta property=\"og:image:height\" content=\"800\" \/>\n\t<meta property=\"og:image:type\" content=\"image\/jpeg\" \/>\n<meta name=\"twitter:card\" content=\"summary_large_image\" \/>\n<meta name=\"twitter:label1\" content=\"Arvioitu lukuaika\" \/>\n\t<meta name=\"twitter:data1\" content=\"2 minuuttia\" \/>\n<script type=\"application\/ld+json\" class=\"yoast-schema-graph\">{\"@context\":\"https:\/\/schema.org\",\"@graph\":[{\"@type\":\"WebPage\",\"@id\":\"https:\/\/idakorea.ee\/product\/niisutav-riisikreem-naole-keraamiididega-the-face-shop-rice-ceramide-moisturizing-cream-50ml\/\",\"url\":\"https:\/\/idakorea.ee\/product\/niisutav-riisikreem-naole-keraamiididega-the-face-shop-rice-ceramide-moisturizing-cream-50ml\/\",\"name\":\"Niisutav riisikreem n\u00e4ole keraamiididega The Face Shop Rice Ceramide Moisturizing Cream, 50ml - IDA.KOREA\",\"isPartOf\":{\"@id\":\"https:\/\/idakorea.ee\/#website\"},\"primaryImageOfPage\":{\"@id\":\"https:\/\/idakorea.ee\/product\/niisutav-riisikreem-naole-keraamiididega-the-face-shop-rice-ceramide-moisturizing-cream-50ml\/#primaryimage\"},\"image\":{\"@id\":\"https:\/\/idakorea.ee\/product\/niisutav-riisikreem-naole-keraamiididega-the-face-shop-rice-ceramide-moisturizing-cream-50ml\/#primaryimage\"},\"thumbnailUrl\":\"https:\/\/idakorea.ee\/wp-content\/uploads\/2025\/03\/rice-ceramide-cream.jpg\",\"datePublished\":\"2025-03-05T10:06:02+00:00\",\"dateModified\":\"2026-03-21T19:42:09+00:00\",\"breadcrumb\":{\"@id\":\"https:\/\/idakorea.ee\/product\/niisutav-riisikreem-naole-keraamiididega-the-face-shop-rice-ceramide-moisturizing-cream-50ml\/#breadcrumb\"},\"inLanguage\":\"fi\",\"potentialAction\":[{\"@type\":\"ReadAction\",\"target\":[\"https:\/\/idakorea.ee\/product\/niisutav-riisikreem-naole-keraamiididega-the-face-shop-rice-ceramide-moisturizing-cream-50ml\/\"]}]},{\"@type\":\"ImageObject\",\"inLanguage\":\"fi\",\"@id\":\"https:\/\/idakorea.ee\/product\/niisutav-riisikreem-naole-keraamiididega-the-face-shop-rice-ceramide-moisturizing-cream-50ml\/#primaryimage\",\"url\":\"https:\/\/idakorea.ee\/wp-content\/uploads\/2025\/03\/rice-ceramide-cream.jpg\",\"contentUrl\":\"https:\/\/idakorea.ee\/wp-content\/uploads\/2025\/03\/rice-ceramide-cream.jpg\",\"width\":800,\"height\":800,\"caption\":\"Version 1.0.0\"},{\"@type\":\"BreadcrumbList\",\"@id\":\"https:\/\/idakorea.ee\/product\/niisutav-riisikreem-naole-keraamiididega-the-face-shop-rice-ceramide-moisturizing-cream-50ml\/#breadcrumb\",\"itemListElement\":[{\"@type\":\"ListItem\",\"position\":1,\"name\":\"\u0413\u043b\u0430\u0432\u043d\u0430\u044f \u0441\u0442\u0440\u0430\u043d\u0438\u0446\u0430\",\"item\":\"https:\/\/idakorea.ee\/\"},{\"@type\":\"ListItem\",\"position\":2,\"name\":\"Shop\",\"item\":\"https:\/\/idakorea.ee\/shop-2\/\"},{\"@type\":\"ListItem\",\"position\":3,\"name\":\"Niisutav riisikreem n\u00e4ole keraamiididega The Face Shop Rice Ceramide Moisturizing Cream, 50ml\"}]},{\"@type\":\"WebSite\",\"@id\":\"https:\/\/idakorea.ee\/#website\",\"url\":\"https:\/\/idakorea.ee\/\",\"name\":\"IDA.KOREA\",\"description\":\"Korea kosmeetika e-pood\",\"publisher\":{\"@id\":\"https:\/\/idakorea.ee\/#organization\"},\"alternateName\":\"Beauty Shop\",\"potentialAction\":[{\"@type\":\"SearchAction\",\"target\":{\"@type\":\"EntryPoint\",\"urlTemplate\":\"https:\/\/idakorea.ee\/?s={search_term_string}\"},\"query-input\":{\"@type\":\"PropertyValueSpecification\",\"valueRequired\":true,\"valueName\":\"search_term_string\"}}],\"inLanguage\":\"fi\"},{\"@type\":\"Organization\",\"@id\":\"https:\/\/idakorea.ee\/#organization\",\"name\":\"IDA.KOREA\",\"url\":\"https:\/\/idakorea.ee\/\",\"logo\":{\"@type\":\"ImageObject\",\"inLanguage\":\"fi\",\"@id\":\"https:\/\/idakorea.ee\/#\/schema\/logo\/image\/\",\"url\":\"https:\/\/idakorea.ee\/wp-content\/uploads\/2024\/05\/cropped-korea3.png\",\"contentUrl\":\"https:\/\/idakorea.ee\/wp-content\/uploads\/2024\/05\/cropped-korea3.png\",\"width\":688,\"height\":126,\"caption\":\"IDA.KOREA\"},\"image\":{\"@id\":\"https:\/\/idakorea.ee\/#\/schema\/logo\/image\/\"},\"sameAs\":[\"https:\/\/www.instagram.com\/ida.korea\/\"]}]}<\/script>\n<!-- \/ Yoast SEO plugin. -->","yoast_head_json":{"title":"The Face Shop Rice Ceramide -kosteusvoide, 50ml - It\u00e4-Korea","robots":{"index":"index","follow":"follow","max-snippet":"max-snippet:-1","max-image-preview":"max-image-preview:large","max-video-preview":"max-video-preview:-1"},"canonical":"https:\/\/idakorea.ee\/fi\/product\/niisutav-riisikreem-naole-keraamiididega-the-face-shop-rice-ceramide-moisturizing-cream-50ml\/","og_locale":"fi_FI","og_type":"article","og_title":"Niisutav riisikreem n\u00e4ole keraamiididega The Face Shop Rice Ceramide Moisturizing Cream, 50ml - IDA.KOREA","og_description":"The Face Shop Rice Ceramide Moisturizing Cream parandab kuiva, tundliku, niiskusvaese ja k\u00fcpse naha seisundit: niisutab ja toidab nahka; eemaldab ketenduse ja kiskuva tunde; v\u00e4hendab kortsude n\u00e4htavust; helendab pigmendilaike; kaitseb nahka keskkonna kahjulike m\u00f5jude eest. Kreemil on toitev tekstuur ja meeldiv l\u00f5hn, see imendub kiiresti ja jaotub nahale \u00fchtlaselt. Peamised toimeained: Betaiin \u2013 s\u00fcgavniisutab, leevendab...","og_url":"https:\/\/idakorea.ee\/fi\/product\/niisutav-riisikreem-naole-keraamiididega-the-face-shop-rice-ceramide-moisturizing-cream-50ml\/","og_site_name":"IDA.KOREA","article_modified_time":"2026-03-21T19:42:09+00:00","og_image":[{"width":800,"height":800,"url":"https:\/\/idakorea.ee\/wp-content\/uploads\/2025\/03\/rice-ceramide-cream.jpg","type":"image\/jpeg"}],"twitter_card":"summary_large_image","twitter_misc":{"Arvioitu lukuaika":"2 minuuttia"},"schema":{"@context":"https:\/\/schema.org","@graph":[{"@type":"WebPage","@id":"https:\/\/idakorea.ee\/product\/niisutav-riisikreem-naole-keraamiididega-the-face-shop-rice-ceramide-moisturizing-cream-50ml\/","url":"https:\/\/idakorea.ee\/product\/niisutav-riisikreem-naole-keraamiididega-the-face-shop-rice-ceramide-moisturizing-cream-50ml\/","name":"The Face Shop Rice Ceramide -kosteusvoide, 50ml - It\u00e4-Korea","isPartOf":{"@id":"https:\/\/idakorea.ee\/#website"},"primaryImageOfPage":{"@id":"https:\/\/idakorea.ee\/product\/niisutav-riisikreem-naole-keraamiididega-the-face-shop-rice-ceramide-moisturizing-cream-50ml\/#primaryimage"},"image":{"@id":"https:\/\/idakorea.ee\/product\/niisutav-riisikreem-naole-keraamiididega-the-face-shop-rice-ceramide-moisturizing-cream-50ml\/#primaryimage"},"thumbnailUrl":"https:\/\/idakorea.ee\/wp-content\/uploads\/2025\/03\/rice-ceramide-cream.jpg","datePublished":"2025-03-05T10:06:02+00:00","dateModified":"2026-03-21T19:42:09+00:00","breadcrumb":{"@id":"https:\/\/idakorea.ee\/product\/niisutav-riisikreem-naole-keraamiididega-the-face-shop-rice-ceramide-moisturizing-cream-50ml\/#breadcrumb"},"inLanguage":"fi","potentialAction":[{"@type":"ReadAction","target":["https:\/\/idakorea.ee\/product\/niisutav-riisikreem-naole-keraamiididega-the-face-shop-rice-ceramide-moisturizing-cream-50ml\/"]}]},{"@type":"ImageObject","inLanguage":"fi","@id":"https:\/\/idakorea.ee\/product\/niisutav-riisikreem-naole-keraamiididega-the-face-shop-rice-ceramide-moisturizing-cream-50ml\/#primaryimage","url":"https:\/\/idakorea.ee\/wp-content\/uploads\/2025\/03\/rice-ceramide-cream.jpg","contentUrl":"https:\/\/idakorea.ee\/wp-content\/uploads\/2025\/03\/rice-ceramide-cream.jpg","width":800,"height":800,"caption":"Version 1.0.0"},{"@type":"BreadcrumbList","@id":"https:\/\/idakorea.ee\/product\/niisutav-riisikreem-naole-keraamiididega-the-face-shop-rice-ceramide-moisturizing-cream-50ml\/#breadcrumb","itemListElement":[{"@type":"ListItem","position":1,"name":"\u0413\u043b\u0430\u0432\u043d\u0430\u044f \u0441\u0442\u0440\u0430\u043d\u0438\u0446\u0430","item":"https:\/\/idakorea.ee\/"},{"@type":"ListItem","position":2,"name":"Shop","item":"https:\/\/idakorea.ee\/shop-2\/"},{"@type":"ListItem","position":3,"name":"Niisutav riisikreem n\u00e4ole keraamiididega The Face Shop Rice Ceramide Moisturizing Cream, 50ml"}]},{"@type":"WebSite","@id":"https:\/\/idakorea.ee\/#website","url":"https:\/\/idakorea.ee\/","name":"IDA.KOREA","description":"Korean kosmetiikan verkkokauppa","publisher":{"@id":"https:\/\/idakorea.ee\/#organization"},"alternateName":"Beauty Shop","potentialAction":[{"@type":"SearchAction","target":{"@type":"EntryPoint","urlTemplate":"https:\/\/idakorea.ee\/?s={search_term_string}"},"query-input":{"@type":"PropertyValueSpecification","valueRequired":true,"valueName":"search_term_string"}}],"inLanguage":"fi"},{"@type":"Organization","@id":"https:\/\/idakorea.ee\/#organization","name":"IDA.KOREA","url":"https:\/\/idakorea.ee\/","logo":{"@type":"ImageObject","inLanguage":"fi","@id":"https:\/\/idakorea.ee\/#\/schema\/logo\/image\/","url":"https:\/\/idakorea.ee\/wp-content\/uploads\/2024\/05\/cropped-korea3.png","contentUrl":"https:\/\/idakorea.ee\/wp-content\/uploads\/2024\/05\/cropped-korea3.png","width":688,"height":126,"caption":"IDA.KOREA"},"image":{"@id":"https:\/\/idakorea.ee\/#\/schema\/logo\/image\/"},"sameAs":["https:\/\/www.instagram.com\/ida.korea\/"]}]}},"jetpack_sharing_enabled":true,"brands":[{"id":826,"name":"THE FACE SHOP","slug":"the-face-shop"}],"_links":{"self":[{"href":"https:\/\/idakorea.ee\/fi\/wp-json\/wp\/v2\/product\/12978","targetHints":{"allow":["GET"]}}],"collection":[{"href":"https:\/\/idakorea.ee\/fi\/wp-json\/wp\/v2\/product"}],"about":[{"href":"https:\/\/idakorea.ee\/fi\/wp-json\/wp\/v2\/types\/product"}],"replies":[{"embeddable":true,"href":"https:\/\/idakorea.ee\/fi\/wp-json\/wp\/v2\/comments?post=12978"}],"version-history":[{"count":1,"href":"https:\/\/idakorea.ee\/fi\/wp-json\/wp\/v2\/product\/12978\/revisions"}],"predecessor-version":[{"id":12982,"href":"https:\/\/idakorea.ee\/fi\/wp-json\/wp\/v2\/product\/12978\/revisions\/12982"}],"wp:featuredmedia":[{"embeddable":true,"href":"https:\/\/idakorea.ee\/fi\/wp-json\/wp\/v2\/media\/12979"}],"wp:attachment":[{"href":"https:\/\/idakorea.ee\/fi\/wp-json\/wp\/v2\/media?parent=12978"}],"wp:term":[{"taxonomy":"pwb-brand","embeddable":true,"href":"https:\/\/idakorea.ee\/fi\/wp-json\/wp\/v2\/pwb-brand?post=12978"},{"taxonomy":"product_brand","embeddable":true,"href":"https:\/\/idakorea.ee\/fi\/wp-json\/wp\/v2\/product_brand?post=12978"},{"taxonomy":"product_cat","embeddable":true,"href":"https:\/\/idakorea.ee\/fi\/wp-json\/wp\/v2\/product_cat?post=12978"},{"taxonomy":"product_tag","embeddable":true,"href":"https:\/\/idakorea.ee\/fi\/wp-json\/wp\/v2\/product_tag?post=12978"}],"curies":[{"name":"wp","href":"https:\/\/api.w.org\/{rel}","templated":true}]}}