{"id":12990,"date":"2025-03-06T12:27:26","date_gmt":"2025-03-06T10:27:26","guid":{"rendered":"https:\/\/idakorea.ee\/?post_type=product&#038;p=12990"},"modified":"2026-04-09T08:32:04","modified_gmt":"2026-04-09T06:32:04","slug":"bb-kreem-aasia-tsentella-ekstraktiga-purito-seoul-wonder-releaf-centella-bb-cream-30ml","status":"publish","type":"product","link":"https:\/\/idakorea.ee\/fi\/product\/bb-kreem-aasia-tsentella-ekstraktiga-purito-seoul-wonder-releaf-centella-bb-cream-30ml\/","title":{"rendered":"BB-voide aasialaisella Centella-uutteella Purito Seoul Wonder Releaf Centella BB Cream, 30ml"},"content":{"rendered":"<p>BB-voide antaa tasaisen ja luonnollisen peiton jo yhdell\u00e4 kerroksella peitt\u00e4en ihon pienet ep\u00e4tasaisuudet ja punoituksen. Sill\u00e4 on kosteuttava vaikutus, joka ravitsee ihoa. Sis\u00e4lt\u00e4\u00e4 aasialaista lumpeenuutetta, joka rauhoittaa ihoa.<\/p>\n<p>BB-voide on hypoallergeeninen ja sopii kaikille ihotyypeille. Lis\u00e4ksi se tarjoaa UV-suojan SPF 30 PA+++.<\/p>\n<p><strong>Edut:<\/strong><\/p>\n<p>Voidemainen ja kevyt koostumus, joka ei j\u00e4t\u00e4 ihoa tahmean tuntuiseksi eik\u00e4 luo naamiovaikutelmaa.<br \/>\nKirkastaa ihon s\u00e4vy\u00e4 ja tekee siit\u00e4 s\u00e4teilev\u00e4n ja raikkaan.<br \/>\nRauhoittaa herkk\u00e4\u00e4 ihoa.<br \/>\nTasapainottaa \u00f6ljyntuotantoa ja v\u00e4hent\u00e4\u00e4 liiallista kiiltoa.<br \/>\nKosteuttaa ihoa ja vahvistaa sen suojaverkkoa.<br \/>\nJ\u00e4tt\u00e4\u00e4 luonnollisen, terveen kiillon.<\/p>\n<p><strong>Ainesosat ja niiden vaikutukset:<\/strong><\/p>\n<p><strong>Aasian vesikrassiuute<\/strong> \u2013 rauhoittaa ihoa, nopeuttaa ihon uudistumista.<\/p>\n<p><strong>Provitamiini B5 (pantenoli)<\/strong> - sitoo ja sitoo kosteutta, jolloin iho on pehme\u00e4 ja kosteutettu. Auttaa ihoa torjumaan ulkoisen ymp\u00e4rist\u00f6n vaikutuksia, v\u00e4hent\u00e4\u00e4 punoitusta ja rauhoittaa \u00e4rsytyst\u00e4.<\/p>\n<p class=\"translation-block\"><strong>B3-vitamiini (niasiiniamidi)<\/strong> - <strong>selkeytt\u00e4\u00e4 ihon s\u00e4vy\u00e4<\/strong>, auttaa ehk\u00e4isem\u00e4\u00e4n pigmentaatiota ja vahvistaa ihon antioksidanttista puolustuskyky\u00e4. Tukee ihon suojamuuria ja puhdistaa sameaa ihoa.<\/p>\n<p>J\u00e4tt\u00e4\u00e4 luonnollisen hehkun ja on erinomainen meikkipohja.<br \/>\nDermatologisesti testattu.<\/p>\n<p>Sopii kaikille ihotyypeille.<\/p>\n<p><strong>K\u00e4ytt\u00f6opas: <\/strong>Levit\u00e4 BB-voidetta tasaisesti sormenp\u00e4ill\u00e4 tai meikkisiveltimell\u00e4 ihonhoitotuotteiden k\u00e4yt\u00f6n j\u00e4lkeen. Levit\u00e4 huolellisesti, jotta se sulautuu ihoon. Ongelma-alueille voidaan lis\u00e4t\u00e4 toinen kerros peitt\u00e4vyyden parantamiseksi.<\/p>","protected":false},"excerpt":{"rendered":"<p>BB-voide antaa tasaisen ja luonnollisen peiton jo yhdell\u00e4 kerroksella peitt\u00e4en ihon pienet ep\u00e4tasaisuudet ja punoituksen. Sill\u00e4 on kosteuttava vaikutus, joka ravitsee ihoa. Sis\u00e4lt\u00e4\u00e4 aasialaista lumpeen uutetta, joka rauhoittaa ihoa. BB-voide on hypoallergeeninen ja sopii kaikille ihotyypeille. Lis\u00e4ksi se tarjoaa suojan UV-s\u00e4teilylt\u00e4 ja sis\u00e4lt\u00e4\u00e4 SPF 30 PA+++ -kertoimen. Hy\u00f6dyt: Kermainen ja kevyt koostumus, joka ei j\u00e4t\u00e4 ihoa\u2026<\/p>","protected":false},"featured_media":12991,"comment_status":"open","ping_status":"closed","template":"","meta":{"_uf_show_specific_survey":0,"_uf_disable_surveys":false,"_bst_post_transparent":"default","_bst_post_title":"","_bst_post_layout":"default","_bst_post_sidebar_id":"","_bst_post_content_style":"default","_bst_post_vertical_padding":"default","_bst_post_feature":"","_bst_post_feature_position":"","_bst_post_header":false,"_bst_post_footer":false},"pwb-brand":[491],"product_brand":[],"product_cat":[500,499],"product_tag":[794,677],"class_list":{"0":"post-12990","1":"product","2":"type-product","3":"status-publish","4":"has-post-thumbnail","6":"pwb-brand-purito","7":"product_cat-jumestuskreemid","8":"product_cat-meik","9":"product_tag-bb","10":"product_tag-purito","12":"first","13":"instock","14":"sale","15":"shipping-taxable","16":"purchasable","17":"product-type-variable","18":"entry","19":"content-bg","20":"loop-entry"},"supplier_id":null,"supplier_sku":"","barcode":null,"atum_controlled":true,"out_stock_date":null,"out_stock_threshold":null,"inheritable":true,"inbound_stock":0,"stock_on_hold":0,"sold_today":0,"sales_last_days":3,"out_stock_days":0,"lost_sales":0,"has_location":false,"update_date":"2026-04-15T00:05:17","atum_locations":[],"atum_stock_status":"instock","restock_status":false,"low_stock_amount":"","sales_update_date":"2026-04-15T00:05:17","calc_backorders":null,"yoast_head":"<!-- This site is optimized with the Yoast SEO plugin v27.2 - https:\/\/yoast.com\/product\/yoast-seo-wordpress\/ -->\n<title>Purito Seoul Wonder Releaf Centella BB Cream, 30ml - IDA.KOREA<\/title>\n<meta name=\"description\" content=\"BB-kreem tagab \u00fchtlase ja loomuliku katvuse juba \u00fche kihiga, maskeerides v\u00e4iksemaid nahapuudusi ja punetust. Sellel on niisutav toime, mis varustab nahka toitainetega.\" \/>\n<meta name=\"robots\" content=\"index, follow, max-snippet:-1, max-image-preview:large, max-video-preview:-1\" \/>\n<link rel=\"canonical\" href=\"https:\/\/idakorea.ee\/fi\/product\/bb-kreem-aasia-tsentella-ekstraktiga-purito-seoul-wonder-releaf-centella-bb-cream-30ml\/\" \/>\n<meta property=\"og:locale\" content=\"fi_FI\" \/>\n<meta property=\"og:type\" content=\"article\" \/>\n<meta property=\"og:title\" content=\"Purito Seoul Wonder Releaf Centella BB Cream, 30ml - IDA.KOREA\" \/>\n<meta property=\"og:description\" content=\"BB-kreem tagab \u00fchtlase ja loomuliku katvuse juba \u00fche kihiga, maskeerides v\u00e4iksemaid nahapuudusi ja punetust. Sellel on niisutav toime, mis varustab nahka toitainetega.\" \/>\n<meta property=\"og:url\" content=\"https:\/\/idakorea.ee\/fi\/product\/bb-kreem-aasia-tsentella-ekstraktiga-purito-seoul-wonder-releaf-centella-bb-cream-30ml\/\" \/>\n<meta property=\"og:site_name\" content=\"IDA.KOREA\" \/>\n<meta property=\"article:modified_time\" content=\"2026-04-09T06:32:04+00:00\" \/>\n<meta property=\"og:image\" content=\"https:\/\/idakorea.ee\/wp-content\/uploads\/2025\/03\/wonder.bb_.cream_.jpg\" \/>\n\t<meta property=\"og:image:width\" content=\"800\" \/>\n\t<meta property=\"og:image:height\" content=\"800\" \/>\n\t<meta property=\"og:image:type\" content=\"image\/jpeg\" \/>\n<meta name=\"twitter:card\" content=\"summary_large_image\" \/>\n<meta name=\"twitter:label1\" content=\"Arvioitu lukuaika\" \/>\n\t<meta name=\"twitter:data1\" content=\"2 minuuttia\" \/>\n<script type=\"application\/ld+json\" class=\"yoast-schema-graph\">{\"@context\":\"https:\/\/schema.org\",\"@graph\":[{\"@type\":\"WebPage\",\"@id\":\"https:\/\/idakorea.ee\/product\/bb-kreem-aasia-tsentella-ekstraktiga-purito-seoul-wonder-releaf-centella-bb-cream-30ml\/\",\"url\":\"https:\/\/idakorea.ee\/product\/bb-kreem-aasia-tsentella-ekstraktiga-purito-seoul-wonder-releaf-centella-bb-cream-30ml\/\",\"name\":\"Purito Seoul Wonder Releaf Centella BB Cream, 30ml - IDA.KOREA\",\"isPartOf\":{\"@id\":\"https:\/\/idakorea.ee\/#website\"},\"primaryImageOfPage\":{\"@id\":\"https:\/\/idakorea.ee\/product\/bb-kreem-aasia-tsentella-ekstraktiga-purito-seoul-wonder-releaf-centella-bb-cream-30ml\/#primaryimage\"},\"image\":{\"@id\":\"https:\/\/idakorea.ee\/product\/bb-kreem-aasia-tsentella-ekstraktiga-purito-seoul-wonder-releaf-centella-bb-cream-30ml\/#primaryimage\"},\"thumbnailUrl\":\"https:\/\/idakorea.ee\/wp-content\/uploads\/2025\/03\/wonder.bb_.cream_.jpg\",\"datePublished\":\"2025-03-06T10:27:26+00:00\",\"dateModified\":\"2026-04-09T06:32:04+00:00\",\"description\":\"BB-kreem tagab \u00fchtlase ja loomuliku katvuse juba \u00fche kihiga, maskeerides v\u00e4iksemaid nahapuudusi ja punetust. Sellel on niisutav toime, mis varustab nahka toitainetega.\",\"breadcrumb\":{\"@id\":\"https:\/\/idakorea.ee\/product\/bb-kreem-aasia-tsentella-ekstraktiga-purito-seoul-wonder-releaf-centella-bb-cream-30ml\/#breadcrumb\"},\"inLanguage\":\"fi\",\"potentialAction\":[{\"@type\":\"ReadAction\",\"target\":[\"https:\/\/idakorea.ee\/product\/bb-kreem-aasia-tsentella-ekstraktiga-purito-seoul-wonder-releaf-centella-bb-cream-30ml\/\"]}]},{\"@type\":\"ImageObject\",\"inLanguage\":\"fi\",\"@id\":\"https:\/\/idakorea.ee\/product\/bb-kreem-aasia-tsentella-ekstraktiga-purito-seoul-wonder-releaf-centella-bb-cream-30ml\/#primaryimage\",\"url\":\"https:\/\/idakorea.ee\/wp-content\/uploads\/2025\/03\/wonder.bb_.cream_.jpg\",\"contentUrl\":\"https:\/\/idakorea.ee\/wp-content\/uploads\/2025\/03\/wonder.bb_.cream_.jpg\",\"width\":800,\"height\":800},{\"@type\":\"BreadcrumbList\",\"@id\":\"https:\/\/idakorea.ee\/product\/bb-kreem-aasia-tsentella-ekstraktiga-purito-seoul-wonder-releaf-centella-bb-cream-30ml\/#breadcrumb\",\"itemListElement\":[{\"@type\":\"ListItem\",\"position\":1,\"name\":\"\u0413\u043b\u0430\u0432\u043d\u0430\u044f \u0441\u0442\u0440\u0430\u043d\u0438\u0446\u0430\",\"item\":\"https:\/\/idakorea.ee\/\"},{\"@type\":\"ListItem\",\"position\":2,\"name\":\"Shop\",\"item\":\"https:\/\/idakorea.ee\/shop-2\/\"},{\"@type\":\"ListItem\",\"position\":3,\"name\":\"BB-kreem Aasia tsentella ekstraktiga Purito Seoul Wonder Releaf Centella BB Cream, 30ml\"}]},{\"@type\":\"WebSite\",\"@id\":\"https:\/\/idakorea.ee\/#website\",\"url\":\"https:\/\/idakorea.ee\/\",\"name\":\"IDA.KOREA\",\"description\":\"Korea kosmeetika e-pood\",\"publisher\":{\"@id\":\"https:\/\/idakorea.ee\/#organization\"},\"alternateName\":\"Beauty Shop\",\"potentialAction\":[{\"@type\":\"SearchAction\",\"target\":{\"@type\":\"EntryPoint\",\"urlTemplate\":\"https:\/\/idakorea.ee\/?s={search_term_string}\"},\"query-input\":{\"@type\":\"PropertyValueSpecification\",\"valueRequired\":true,\"valueName\":\"search_term_string\"}}],\"inLanguage\":\"fi\"},{\"@type\":\"Organization\",\"@id\":\"https:\/\/idakorea.ee\/#organization\",\"name\":\"IDA.KOREA\",\"url\":\"https:\/\/idakorea.ee\/\",\"logo\":{\"@type\":\"ImageObject\",\"inLanguage\":\"fi\",\"@id\":\"https:\/\/idakorea.ee\/#\/schema\/logo\/image\/\",\"url\":\"https:\/\/idakorea.ee\/wp-content\/uploads\/2024\/05\/cropped-korea3.png\",\"contentUrl\":\"https:\/\/idakorea.ee\/wp-content\/uploads\/2024\/05\/cropped-korea3.png\",\"width\":688,\"height\":126,\"caption\":\"IDA.KOREA\"},\"image\":{\"@id\":\"https:\/\/idakorea.ee\/#\/schema\/logo\/image\/\"},\"sameAs\":[\"https:\/\/www.instagram.com\/ida.korea\/\"]}]}<\/script>\n<!-- \/ Yoast SEO plugin. -->","yoast_head_json":{"title":"Purito Seoul Wonder Releaf Centella BB Cream, 30 ml - IDA.KOREA","description":"BB-voide antaa tasaisen ja luonnollisen peiton jo yhdell\u00e4 kerroksella, peitt\u00e4en ihon pienet ep\u00e4tasaisuudet ja punoituksen. Sill\u00e4 on kosteuttava vaikutus, joka ravitsee ihoa.","robots":{"index":"index","follow":"follow","max-snippet":"max-snippet:-1","max-image-preview":"max-image-preview:large","max-video-preview":"max-video-preview:-1"},"canonical":"https:\/\/idakorea.ee\/fi\/product\/bb-kreem-aasia-tsentella-ekstraktiga-purito-seoul-wonder-releaf-centella-bb-cream-30ml\/","og_locale":"fi_FI","og_type":"article","og_title":"Purito Seoul Wonder Releaf Centella BB Cream, 30ml - IDA.KOREA","og_description":"BB-kreem tagab \u00fchtlase ja loomuliku katvuse juba \u00fche kihiga, maskeerides v\u00e4iksemaid nahapuudusi ja punetust. Sellel on niisutav toime, mis varustab nahka toitainetega.","og_url":"https:\/\/idakorea.ee\/fi\/product\/bb-kreem-aasia-tsentella-ekstraktiga-purito-seoul-wonder-releaf-centella-bb-cream-30ml\/","og_site_name":"IDA.KOREA","article_modified_time":"2026-04-09T06:32:04+00:00","og_image":[{"width":800,"height":800,"url":"https:\/\/idakorea.ee\/wp-content\/uploads\/2025\/03\/wonder.bb_.cream_.jpg","type":"image\/jpeg"}],"twitter_card":"summary_large_image","twitter_misc":{"Arvioitu lukuaika":"2 minuuttia"},"schema":{"@context":"https:\/\/schema.org","@graph":[{"@type":"WebPage","@id":"https:\/\/idakorea.ee\/product\/bb-kreem-aasia-tsentella-ekstraktiga-purito-seoul-wonder-releaf-centella-bb-cream-30ml\/","url":"https:\/\/idakorea.ee\/product\/bb-kreem-aasia-tsentella-ekstraktiga-purito-seoul-wonder-releaf-centella-bb-cream-30ml\/","name":"Purito Seoul Wonder Releaf Centella BB Cream, 30 ml - IDA.KOREA","isPartOf":{"@id":"https:\/\/idakorea.ee\/#website"},"primaryImageOfPage":{"@id":"https:\/\/idakorea.ee\/product\/bb-kreem-aasia-tsentella-ekstraktiga-purito-seoul-wonder-releaf-centella-bb-cream-30ml\/#primaryimage"},"image":{"@id":"https:\/\/idakorea.ee\/product\/bb-kreem-aasia-tsentella-ekstraktiga-purito-seoul-wonder-releaf-centella-bb-cream-30ml\/#primaryimage"},"thumbnailUrl":"https:\/\/idakorea.ee\/wp-content\/uploads\/2025\/03\/wonder.bb_.cream_.jpg","datePublished":"2025-03-06T10:27:26+00:00","dateModified":"2026-04-09T06:32:04+00:00","description":"BB-voide antaa tasaisen ja luonnollisen peiton jo yhdell\u00e4 kerroksella, peitt\u00e4en ihon pienet ep\u00e4tasaisuudet ja punoituksen. Sill\u00e4 on kosteuttava vaikutus, joka ravitsee ihoa.","breadcrumb":{"@id":"https:\/\/idakorea.ee\/product\/bb-kreem-aasia-tsentella-ekstraktiga-purito-seoul-wonder-releaf-centella-bb-cream-30ml\/#breadcrumb"},"inLanguage":"fi","potentialAction":[{"@type":"ReadAction","target":["https:\/\/idakorea.ee\/product\/bb-kreem-aasia-tsentella-ekstraktiga-purito-seoul-wonder-releaf-centella-bb-cream-30ml\/"]}]},{"@type":"ImageObject","inLanguage":"fi","@id":"https:\/\/idakorea.ee\/product\/bb-kreem-aasia-tsentella-ekstraktiga-purito-seoul-wonder-releaf-centella-bb-cream-30ml\/#primaryimage","url":"https:\/\/idakorea.ee\/wp-content\/uploads\/2025\/03\/wonder.bb_.cream_.jpg","contentUrl":"https:\/\/idakorea.ee\/wp-content\/uploads\/2025\/03\/wonder.bb_.cream_.jpg","width":800,"height":800},{"@type":"BreadcrumbList","@id":"https:\/\/idakorea.ee\/product\/bb-kreem-aasia-tsentella-ekstraktiga-purito-seoul-wonder-releaf-centella-bb-cream-30ml\/#breadcrumb","itemListElement":[{"@type":"ListItem","position":1,"name":"\u0413\u043b\u0430\u0432\u043d\u0430\u044f \u0441\u0442\u0440\u0430\u043d\u0438\u0446\u0430","item":"https:\/\/idakorea.ee\/"},{"@type":"ListItem","position":2,"name":"Shop","item":"https:\/\/idakorea.ee\/shop-2\/"},{"@type":"ListItem","position":3,"name":"BB-kreem Aasia tsentella ekstraktiga Purito Seoul Wonder Releaf Centella BB Cream, 30ml"}]},{"@type":"WebSite","@id":"https:\/\/idakorea.ee\/#website","url":"https:\/\/idakorea.ee\/","name":"IDA.KOREA","description":"Korean kosmetiikan verkkokauppa","publisher":{"@id":"https:\/\/idakorea.ee\/#organization"},"alternateName":"Beauty Shop","potentialAction":[{"@type":"SearchAction","target":{"@type":"EntryPoint","urlTemplate":"https:\/\/idakorea.ee\/?s={search_term_string}"},"query-input":{"@type":"PropertyValueSpecification","valueRequired":true,"valueName":"search_term_string"}}],"inLanguage":"fi"},{"@type":"Organization","@id":"https:\/\/idakorea.ee\/#organization","name":"IDA.KOREA","url":"https:\/\/idakorea.ee\/","logo":{"@type":"ImageObject","inLanguage":"fi","@id":"https:\/\/idakorea.ee\/#\/schema\/logo\/image\/","url":"https:\/\/idakorea.ee\/wp-content\/uploads\/2024\/05\/cropped-korea3.png","contentUrl":"https:\/\/idakorea.ee\/wp-content\/uploads\/2024\/05\/cropped-korea3.png","width":688,"height":126,"caption":"IDA.KOREA"},"image":{"@id":"https:\/\/idakorea.ee\/#\/schema\/logo\/image\/"},"sameAs":["https:\/\/www.instagram.com\/ida.korea\/"]}]}},"jetpack_sharing_enabled":true,"brands":[{"id":491,"name":"PURITO","slug":"purito"}],"_links":{"self":[{"href":"https:\/\/idakorea.ee\/fi\/wp-json\/wp\/v2\/product\/12990","targetHints":{"allow":["GET"]}}],"collection":[{"href":"https:\/\/idakorea.ee\/fi\/wp-json\/wp\/v2\/product"}],"about":[{"href":"https:\/\/idakorea.ee\/fi\/wp-json\/wp\/v2\/types\/product"}],"replies":[{"embeddable":true,"href":"https:\/\/idakorea.ee\/fi\/wp-json\/wp\/v2\/comments?post=12990"}],"version-history":[{"count":3,"href":"https:\/\/idakorea.ee\/fi\/wp-json\/wp\/v2\/product\/12990\/revisions"}],"predecessor-version":[{"id":15232,"href":"https:\/\/idakorea.ee\/fi\/wp-json\/wp\/v2\/product\/12990\/revisions\/15232"}],"wp:featuredmedia":[{"embeddable":true,"href":"https:\/\/idakorea.ee\/fi\/wp-json\/wp\/v2\/media\/12991"}],"wp:attachment":[{"href":"https:\/\/idakorea.ee\/fi\/wp-json\/wp\/v2\/media?parent=12990"}],"wp:term":[{"taxonomy":"pwb-brand","embeddable":true,"href":"https:\/\/idakorea.ee\/fi\/wp-json\/wp\/v2\/pwb-brand?post=12990"},{"taxonomy":"product_brand","embeddable":true,"href":"https:\/\/idakorea.ee\/fi\/wp-json\/wp\/v2\/product_brand?post=12990"},{"taxonomy":"product_cat","embeddable":true,"href":"https:\/\/idakorea.ee\/fi\/wp-json\/wp\/v2\/product_cat?post=12990"},{"taxonomy":"product_tag","embeddable":true,"href":"https:\/\/idakorea.ee\/fi\/wp-json\/wp\/v2\/product_tag?post=12990"}],"curies":[{"name":"wp","href":"https:\/\/api.w.org\/{rel}","templated":true}]}}