{"id":13000,"date":"2025-03-06T12:47:44","date_gmt":"2025-03-06T10:47:44","guid":{"rendered":"https:\/\/idakorea.ee\/?post_type=product&#038;p=13000"},"modified":"2026-04-01T12:30:43","modified_gmt":"2026-04-01T10:30:43","slug":"kombuchaga-nahahoolduskomplekt-dr-ceuracle-vegan-kombucha-tea-special-set","status":"publish","type":"product","link":"https:\/\/idakorea.ee\/fi\/product\/kombuchaga-nahahoolduskomplekt-dr-ceuracle-vegan-kombucha-tea-special-set\/","title":{"rendered":"Kombucha Tea Ihonhoitosetti Dr.Ceuracle Vegaaninen Kombucha Tea Special Set (erikoissetti)"},"content":{"rendered":"<p>T\u00e4m\u00e4 t\u00e4ysikokoinen vegaaninen ihonhoitosetti tarjoaa tehokasta kosteutta ja ravintoa auttaen torjumaan kuivumista ja kuivuutta. Tuotteet korjaavat vaurioituneita ihoalueita, vahvistavat ihon suojakerrosta, rauhoittavat \u00e4rsytyst\u00e4 ja tukevat mikrobiomin tasapainoa.<\/p>\n<p><strong>Pakkaukseen sis\u00e4ltyv\u00e4t tuotteet:<\/strong><\/p>\n<p><strong>Vegaaninen kombucha-teeuute (150 ml)<\/strong> \u2013 tehokkaasti kosteuttava ja ravitseva voide, joka poistaa kuivuutta ja hilseily\u00e4 ja palauttaa ihon mukavuuden tunteen. Sis\u00e4lt\u00e4\u00e4 78%-fermentoitua kombucha-teet\u00e4, joka on runsas B3-vitamiinin, probioottien ja antioksidanttien l\u00e4hde. Hidastaa glykaatiota (kollageenin j\u00e4ykistymist\u00e4) ja tarjoaa tehokkaita ik\u00e4\u00e4ntymist\u00e4 ehk\u00e4isevi\u00e4 ominaisuuksia.<\/p>\n<p><strong>Vegaaninen kombucha-teegeelivoide (75 ml)<\/strong> \u2013 kevyt geelivoide, joka rauhoittaa, kosteuttaa ja lievitt\u00e4\u00e4 punoitusta. Kombucha- ja vihre\u00e4n teen uutteet parantavat ihoa, vahvistavat sen luonnollista puolustuskyky\u00e4 ja ehk\u00e4isev\u00e4t kuivumista ja hilseily\u00e4.<\/p>\n<p><strong>Vegaaninen kombucha-teehuulivoide (7,5 ml)<\/strong> \u2013 hoitaa ja kosteuttaa herkk\u00e4\u00e4 huulten ihoa v\u00e4hent\u00e4en kuivuutta ja ep\u00e4mukavuutta. Teeuutteiden ja fermentoitujen hiivojen yhdistelm\u00e4 rauhoittaa ja palauttaa huulet. Skvalaani ja sheavoi kosteuttavat ja silottavat huulten ihoa syv\u00e4lt\u00e4 parantaen sen rakennetta.<\/p>\n<p>&nbsp;<\/p>\n<p><strong>Mit\u00e4 iho-ongelmia pakkaus ratkaisee?<\/strong><\/p>\n<p class=\"translation-block\"><strong>Syv\u00e4kosteutus ja ravitsemus<\/strong> \u2013 palauttaa ihon kosteussuojan ja mikrobiomin.<br> <strong>Taistelee kuivuutta ja hilseily\u00e4 vastaan<\/strong> \u2013 pehment\u00e4\u00e4 ja uudistaa ihoa.<br> <strong>Lievitt\u00e4\u00e4 tulehdusta ja \u00e4rsytyst\u00e4<\/strong> \u2013 sopii herk\u00e4lle ja vaurioituneelle iholle.<\/p>\n<p><strong>Ainesosat ja niiden hy\u00f6dyt:<\/strong><\/p>\n<p><strong>Kombucha-teeuute<\/strong> \u2013 poistaa myrkkyj\u00e4, palauttaa ihon lipidikerroksen ja tukee mikrobiomin tasapainoa.<br \/>\n<strong>Vihre\u00e4n teen uute ja vesi<\/strong> \u2013 tehokkaita antioksidantteja, jotka suojaavat ihoa ennenaikaiselta ik\u00e4\u00e4ntymiselt\u00e4 ja ymp\u00e4rist\u00f6n aiheuttamilta haittavaikutuksilta.<br \/>\n<strong>Rosmariiniuute<\/strong> \u2013 antibakteerinen ja tulehdusta ehk\u00e4isev\u00e4 vaikutus, s\u00e4\u00e4telee talirauhasten erityst\u00e4, kosteuttaa ihoa ja v\u00e4hent\u00e4\u00e4 oksidatiivista stressi\u00e4.<br \/>\n<strong>Laminaria-uute (merilev\u00e4)<\/strong> \u2013 toimittaa ihosoluja hapella ja ravinteilla, v\u00e4hent\u00e4\u00e4 tulehdusta ja bakteerien kasvua.<br \/>\n<strong>Sheawi<\/strong> \u2013 ravitsee ihoa vitamiineilla ja mineraaleilla, suojaa ymp\u00e4rist\u00f6n aiheuttamilta haittavaikutuksilta.<br \/>\n<strong>Auringonkukansiemen\u00f6ljy<\/strong> \u2013 pehment\u00e4\u00e4, silottaa ja ravitsee ihoa.<br \/>\n<strong>Skvala<\/strong> \u2013 palauttaa ja kosteuttaa huulten ihoa, silottaa ja pehment\u00e4\u00e4 sen pintaa.<\/p>\n<h3><\/h3>\n<p>Sopii kaikille ihotyypeille<span style=\"font-family: Jost, sans-serif; font-size: 16px;\">, mutta erityisesti\u00a0<\/span>kuivalle ja vaurioituneelle iholle<span style=\"font-family: Jost, sans-serif; font-size: 16px;\">.<\/span><\/p>\n<p><strong>K\u00e4ytt\u00f6opas: <\/strong>Levit\u00e4 voidetta puhdistetulle iholle hell\u00e4varaisesti taputtelemalla. Levit\u00e4 sitten geelivoide iholle. K\u00e4yt\u00e4 huulirasvaa tarpeen mukaan.<\/p>","protected":false},"excerpt":{"rendered":"<p>T\u00e4m\u00e4 t\u00e4ysikokoinen vegaaninen ihonhoitosetti tarjoaa tehokasta kosteutusta ja ravitsemusta auttaen torjumaan ihon kuivumista ja kuivuutta. Tuotteet korjaavat vaurioituneita ihoalueita, vahvistavat ihon suojakerrosta, rauhoittavat \u00e4rsytyst\u00e4 ja tukevat mikrobiomin tasapainoa. Setin tuotteet: Vegaaninen kombucha-teeuute (150 ml) - tehokkaasti kosteuttava ja ravinteikas uute, joka poistaa kuivuutta ja hilseily\u00e4 ja palauttaa ihon mukavuuden tunteen. Sis\u00e4lt\u00e4\u00e4 78% fermentoitua\u2026<\/p>","protected":false},"featured_media":13001,"comment_status":"open","ping_status":"closed","template":"","meta":{"_uf_show_specific_survey":0,"_uf_disable_surveys":false,"_bst_post_transparent":"default","_bst_post_title":"","_bst_post_layout":"default","_bst_post_sidebar_id":"","_bst_post_content_style":"default","_bst_post_vertical_padding":"default","_bst_post_feature":"","_bst_post_feature_position":"","_bst_post_header":false,"_bst_post_footer":false},"pwb-brand":[481],"product_brand":[],"product_cat":[95],"product_tag":[836,834,835],"class_list":{"0":"post-13000","1":"product","2":"type-product","3":"status-publish","4":"has-post-thumbnail","6":"pwb-brand-dr-ceuracle","7":"product_cat-komplektid","8":"product_tag-dr-ceracle","9":"product_tag-kombucha","10":"product_tag-set","12":"first","13":"outofstock","14":"sale","15":"shipping-taxable","16":"purchasable","17":"product-type-simple","18":"entry","19":"content-bg","20":"loop-entry"},"supplier_id":null,"supplier_sku":"","barcode":null,"atum_controlled":true,"out_stock_date":"2026-04-01 12:30:43","out_stock_threshold":null,"inheritable":false,"inbound_stock":0,"stock_on_hold":0,"sold_today":0,"sales_last_days":1,"out_stock_days":12,"lost_sales":118,"has_location":false,"update_date":"2026-04-14T00:05:14","atum_locations":[],"atum_stock_status":"outofstock","restock_status":false,"low_stock_amount":"","sales_update_date":"2026-04-14T00:05:14","calc_backorders":null,"yoast_head":"<!-- This site is optimized with the Yoast SEO plugin v27.2 - https:\/\/yoast.com\/product\/yoast-seo-wordpress\/ -->\n<title>Kombuchaga nahahoolduskomplekt Dr.Ceuracle Vegan Kombucha Tea Special Set - IDA.KOREA<\/title>\n<meta name=\"robots\" content=\"index, follow, max-snippet:-1, max-image-preview:large, max-video-preview:-1\" \/>\n<link rel=\"canonical\" href=\"https:\/\/idakorea.ee\/fi\/product\/kombuchaga-nahahoolduskomplekt-dr-ceuracle-vegan-kombucha-tea-special-set\/\" \/>\n<meta property=\"og:locale\" content=\"fi_FI\" \/>\n<meta property=\"og:type\" content=\"article\" \/>\n<meta property=\"og:title\" content=\"Kombuchaga nahahoolduskomplekt Dr.Ceuracle Vegan Kombucha Tea Special Set - IDA.KOREA\" \/>\n<meta property=\"og:description\" content=\"See t\u00e4issuuruses toodetega vegan nahahoolduskomplekt pakub intensiivset niisutust ja toitumist, aidates v\u00f5idelda naha deh\u00fcdratsiooni ja kuivusega. Tooted taastavad kahjustatud nahapiirkondi, tugevdavad naha kaitsebarj\u00e4\u00e4ri, rahustavad \u00e4rritusi ning toetavad mikrobioomi tasakaalu. Komplekti kuuluvad tooted: Vegan kombucha tee essents (150 ml) \u2013 intensiivselt niisutav ja toitaineterikas essents, mis k\u00f5rvaldab kuivuse ja ketenduse, taastades naha mugavustunde. Sisaldab 78% fermenteeritud...\" \/>\n<meta property=\"og:url\" content=\"https:\/\/idakorea.ee\/fi\/product\/kombuchaga-nahahoolduskomplekt-dr-ceuracle-vegan-kombucha-tea-special-set\/\" \/>\n<meta property=\"og:site_name\" content=\"IDA.KOREA\" \/>\n<meta property=\"article:modified_time\" content=\"2026-04-01T10:30:43+00:00\" \/>\n<meta property=\"og:image\" content=\"https:\/\/idakorea.ee\/wp-content\/uploads\/2025\/03\/8806133615195-3.webp\" \/>\n\t<meta property=\"og:image:width\" content=\"640\" \/>\n\t<meta property=\"og:image:height\" content=\"640\" \/>\n\t<meta property=\"og:image:type\" content=\"image\/webp\" \/>\n<meta name=\"twitter:card\" content=\"summary_large_image\" \/>\n<meta name=\"twitter:label1\" content=\"Arvioitu lukuaika\" \/>\n\t<meta name=\"twitter:data1\" content=\"2 minuuttia\" \/>\n<script type=\"application\/ld+json\" class=\"yoast-schema-graph\">{\"@context\":\"https:\/\/schema.org\",\"@graph\":[{\"@type\":\"WebPage\",\"@id\":\"https:\/\/idakorea.ee\/product\/kombuchaga-nahahoolduskomplekt-dr-ceuracle-vegan-kombucha-tea-special-set\/\",\"url\":\"https:\/\/idakorea.ee\/product\/kombuchaga-nahahoolduskomplekt-dr-ceuracle-vegan-kombucha-tea-special-set\/\",\"name\":\"Kombuchaga nahahoolduskomplekt Dr.Ceuracle Vegan Kombucha Tea Special Set - IDA.KOREA\",\"isPartOf\":{\"@id\":\"https:\/\/idakorea.ee\/#website\"},\"primaryImageOfPage\":{\"@id\":\"https:\/\/idakorea.ee\/product\/kombuchaga-nahahoolduskomplekt-dr-ceuracle-vegan-kombucha-tea-special-set\/#primaryimage\"},\"image\":{\"@id\":\"https:\/\/idakorea.ee\/product\/kombuchaga-nahahoolduskomplekt-dr-ceuracle-vegan-kombucha-tea-special-set\/#primaryimage\"},\"thumbnailUrl\":\"https:\/\/idakorea.ee\/wp-content\/uploads\/2025\/03\/8806133615195-3.webp\",\"datePublished\":\"2025-03-06T10:47:44+00:00\",\"dateModified\":\"2026-04-01T10:30:43+00:00\",\"breadcrumb\":{\"@id\":\"https:\/\/idakorea.ee\/product\/kombuchaga-nahahoolduskomplekt-dr-ceuracle-vegan-kombucha-tea-special-set\/#breadcrumb\"},\"inLanguage\":\"fi\",\"potentialAction\":[{\"@type\":\"ReadAction\",\"target\":[\"https:\/\/idakorea.ee\/product\/kombuchaga-nahahoolduskomplekt-dr-ceuracle-vegan-kombucha-tea-special-set\/\"]}]},{\"@type\":\"ImageObject\",\"inLanguage\":\"fi\",\"@id\":\"https:\/\/idakorea.ee\/product\/kombuchaga-nahahoolduskomplekt-dr-ceuracle-vegan-kombucha-tea-special-set\/#primaryimage\",\"url\":\"https:\/\/idakorea.ee\/wp-content\/uploads\/2025\/03\/8806133615195-3.webp\",\"contentUrl\":\"https:\/\/idakorea.ee\/wp-content\/uploads\/2025\/03\/8806133615195-3.webp\",\"width\":640,\"height\":640,\"caption\":\"kombucha tea special set\"},{\"@type\":\"BreadcrumbList\",\"@id\":\"https:\/\/idakorea.ee\/product\/kombuchaga-nahahoolduskomplekt-dr-ceuracle-vegan-kombucha-tea-special-set\/#breadcrumb\",\"itemListElement\":[{\"@type\":\"ListItem\",\"position\":1,\"name\":\"\u0413\u043b\u0430\u0432\u043d\u0430\u044f \u0441\u0442\u0440\u0430\u043d\u0438\u0446\u0430\",\"item\":\"https:\/\/idakorea.ee\/\"},{\"@type\":\"ListItem\",\"position\":2,\"name\":\"Shop\",\"item\":\"https:\/\/idakorea.ee\/shop-2\/\"},{\"@type\":\"ListItem\",\"position\":3,\"name\":\"Kombuchaga nahahoolduskomplekt Dr.Ceuracle Vegan Kombucha Tea Special Set\"}]},{\"@type\":\"WebSite\",\"@id\":\"https:\/\/idakorea.ee\/#website\",\"url\":\"https:\/\/idakorea.ee\/\",\"name\":\"IDA.KOREA\",\"description\":\"Korea kosmeetika e-pood\",\"publisher\":{\"@id\":\"https:\/\/idakorea.ee\/#organization\"},\"alternateName\":\"Beauty Shop\",\"potentialAction\":[{\"@type\":\"SearchAction\",\"target\":{\"@type\":\"EntryPoint\",\"urlTemplate\":\"https:\/\/idakorea.ee\/?s={search_term_string}\"},\"query-input\":{\"@type\":\"PropertyValueSpecification\",\"valueRequired\":true,\"valueName\":\"search_term_string\"}}],\"inLanguage\":\"fi\"},{\"@type\":\"Organization\",\"@id\":\"https:\/\/idakorea.ee\/#organization\",\"name\":\"IDA.KOREA\",\"url\":\"https:\/\/idakorea.ee\/\",\"logo\":{\"@type\":\"ImageObject\",\"inLanguage\":\"fi\",\"@id\":\"https:\/\/idakorea.ee\/#\/schema\/logo\/image\/\",\"url\":\"https:\/\/idakorea.ee\/wp-content\/uploads\/2024\/05\/cropped-korea3.png\",\"contentUrl\":\"https:\/\/idakorea.ee\/wp-content\/uploads\/2024\/05\/cropped-korea3.png\",\"width\":688,\"height\":126,\"caption\":\"IDA.KOREA\"},\"image\":{\"@id\":\"https:\/\/idakorea.ee\/#\/schema\/logo\/image\/\"},\"sameAs\":[\"https:\/\/www.instagram.com\/ida.korea\/\"]}]}<\/script>\n<!-- \/ Yoast SEO plugin. -->","yoast_head_json":{"title":"Kombucha-ihonhoitosetti Dr.Ceuracle Vegan Kombucha Tea Special Set - IDA.KOREA","robots":{"index":"index","follow":"follow","max-snippet":"max-snippet:-1","max-image-preview":"max-image-preview:large","max-video-preview":"max-video-preview:-1"},"canonical":"https:\/\/idakorea.ee\/fi\/product\/kombuchaga-nahahoolduskomplekt-dr-ceuracle-vegan-kombucha-tea-special-set\/","og_locale":"fi_FI","og_type":"article","og_title":"Kombuchaga nahahoolduskomplekt Dr.Ceuracle Vegan Kombucha Tea Special Set - IDA.KOREA","og_description":"See t\u00e4issuuruses toodetega vegan nahahoolduskomplekt pakub intensiivset niisutust ja toitumist, aidates v\u00f5idelda naha deh\u00fcdratsiooni ja kuivusega. Tooted taastavad kahjustatud nahapiirkondi, tugevdavad naha kaitsebarj\u00e4\u00e4ri, rahustavad \u00e4rritusi ning toetavad mikrobioomi tasakaalu. Komplekti kuuluvad tooted: Vegan kombucha tee essents (150 ml) \u2013 intensiivselt niisutav ja toitaineterikas essents, mis k\u00f5rvaldab kuivuse ja ketenduse, taastades naha mugavustunde. Sisaldab 78% fermenteeritud...","og_url":"https:\/\/idakorea.ee\/fi\/product\/kombuchaga-nahahoolduskomplekt-dr-ceuracle-vegan-kombucha-tea-special-set\/","og_site_name":"IDA.KOREA","article_modified_time":"2026-04-01T10:30:43+00:00","og_image":[{"width":640,"height":640,"url":"https:\/\/idakorea.ee\/wp-content\/uploads\/2025\/03\/8806133615195-3.webp","type":"image\/webp"}],"twitter_card":"summary_large_image","twitter_misc":{"Arvioitu lukuaika":"2 minuuttia"},"schema":{"@context":"https:\/\/schema.org","@graph":[{"@type":"WebPage","@id":"https:\/\/idakorea.ee\/product\/kombuchaga-nahahoolduskomplekt-dr-ceuracle-vegan-kombucha-tea-special-set\/","url":"https:\/\/idakorea.ee\/product\/kombuchaga-nahahoolduskomplekt-dr-ceuracle-vegan-kombucha-tea-special-set\/","name":"Kombucha-ihonhoitosetti Dr.Ceuracle Vegan Kombucha Tea Special Set - IDA.KOREA","isPartOf":{"@id":"https:\/\/idakorea.ee\/#website"},"primaryImageOfPage":{"@id":"https:\/\/idakorea.ee\/product\/kombuchaga-nahahoolduskomplekt-dr-ceuracle-vegan-kombucha-tea-special-set\/#primaryimage"},"image":{"@id":"https:\/\/idakorea.ee\/product\/kombuchaga-nahahoolduskomplekt-dr-ceuracle-vegan-kombucha-tea-special-set\/#primaryimage"},"thumbnailUrl":"https:\/\/idakorea.ee\/wp-content\/uploads\/2025\/03\/8806133615195-3.webp","datePublished":"2025-03-06T10:47:44+00:00","dateModified":"2026-04-01T10:30:43+00:00","breadcrumb":{"@id":"https:\/\/idakorea.ee\/product\/kombuchaga-nahahoolduskomplekt-dr-ceuracle-vegan-kombucha-tea-special-set\/#breadcrumb"},"inLanguage":"fi","potentialAction":[{"@type":"ReadAction","target":["https:\/\/idakorea.ee\/product\/kombuchaga-nahahoolduskomplekt-dr-ceuracle-vegan-kombucha-tea-special-set\/"]}]},{"@type":"ImageObject","inLanguage":"fi","@id":"https:\/\/idakorea.ee\/product\/kombuchaga-nahahoolduskomplekt-dr-ceuracle-vegan-kombucha-tea-special-set\/#primaryimage","url":"https:\/\/idakorea.ee\/wp-content\/uploads\/2025\/03\/8806133615195-3.webp","contentUrl":"https:\/\/idakorea.ee\/wp-content\/uploads\/2025\/03\/8806133615195-3.webp","width":640,"height":640,"caption":"kombucha tea special set"},{"@type":"BreadcrumbList","@id":"https:\/\/idakorea.ee\/product\/kombuchaga-nahahoolduskomplekt-dr-ceuracle-vegan-kombucha-tea-special-set\/#breadcrumb","itemListElement":[{"@type":"ListItem","position":1,"name":"\u0413\u043b\u0430\u0432\u043d\u0430\u044f \u0441\u0442\u0440\u0430\u043d\u0438\u0446\u0430","item":"https:\/\/idakorea.ee\/"},{"@type":"ListItem","position":2,"name":"Shop","item":"https:\/\/idakorea.ee\/shop-2\/"},{"@type":"ListItem","position":3,"name":"Kombuchaga nahahoolduskomplekt Dr.Ceuracle Vegan Kombucha Tea Special Set"}]},{"@type":"WebSite","@id":"https:\/\/idakorea.ee\/#website","url":"https:\/\/idakorea.ee\/","name":"IDA.KOREA","description":"Korean kosmetiikan verkkokauppa","publisher":{"@id":"https:\/\/idakorea.ee\/#organization"},"alternateName":"Beauty Shop","potentialAction":[{"@type":"SearchAction","target":{"@type":"EntryPoint","urlTemplate":"https:\/\/idakorea.ee\/?s={search_term_string}"},"query-input":{"@type":"PropertyValueSpecification","valueRequired":true,"valueName":"search_term_string"}}],"inLanguage":"fi"},{"@type":"Organization","@id":"https:\/\/idakorea.ee\/#organization","name":"IDA.KOREA","url":"https:\/\/idakorea.ee\/","logo":{"@type":"ImageObject","inLanguage":"fi","@id":"https:\/\/idakorea.ee\/#\/schema\/logo\/image\/","url":"https:\/\/idakorea.ee\/wp-content\/uploads\/2024\/05\/cropped-korea3.png","contentUrl":"https:\/\/idakorea.ee\/wp-content\/uploads\/2024\/05\/cropped-korea3.png","width":688,"height":126,"caption":"IDA.KOREA"},"image":{"@id":"https:\/\/idakorea.ee\/#\/schema\/logo\/image\/"},"sameAs":["https:\/\/www.instagram.com\/ida.korea\/"]}]}},"jetpack_sharing_enabled":true,"brands":[{"id":481,"name":"DR.CEURACLE","slug":"dr-ceuracle"}],"_links":{"self":[{"href":"https:\/\/idakorea.ee\/fi\/wp-json\/wp\/v2\/product\/13000","targetHints":{"allow":["GET"]}}],"collection":[{"href":"https:\/\/idakorea.ee\/fi\/wp-json\/wp\/v2\/product"}],"about":[{"href":"https:\/\/idakorea.ee\/fi\/wp-json\/wp\/v2\/types\/product"}],"replies":[{"embeddable":true,"href":"https:\/\/idakorea.ee\/fi\/wp-json\/wp\/v2\/comments?post=13000"}],"version-history":[{"count":3,"href":"https:\/\/idakorea.ee\/fi\/wp-json\/wp\/v2\/product\/13000\/revisions"}],"predecessor-version":[{"id":13005,"href":"https:\/\/idakorea.ee\/fi\/wp-json\/wp\/v2\/product\/13000\/revisions\/13005"}],"wp:featuredmedia":[{"embeddable":true,"href":"https:\/\/idakorea.ee\/fi\/wp-json\/wp\/v2\/media\/13001"}],"wp:attachment":[{"href":"https:\/\/idakorea.ee\/fi\/wp-json\/wp\/v2\/media?parent=13000"}],"wp:term":[{"taxonomy":"pwb-brand","embeddable":true,"href":"https:\/\/idakorea.ee\/fi\/wp-json\/wp\/v2\/pwb-brand?post=13000"},{"taxonomy":"product_brand","embeddable":true,"href":"https:\/\/idakorea.ee\/fi\/wp-json\/wp\/v2\/product_brand?post=13000"},{"taxonomy":"product_cat","embeddable":true,"href":"https:\/\/idakorea.ee\/fi\/wp-json\/wp\/v2\/product_cat?post=13000"},{"taxonomy":"product_tag","embeddable":true,"href":"https:\/\/idakorea.ee\/fi\/wp-json\/wp\/v2\/product_tag?post=13000"}],"curies":[{"name":"wp","href":"https:\/\/api.w.org\/{rel}","templated":true}]}}