{"id":13061,"date":"2025-03-09T14:01:42","date_gmt":"2025-03-09T12:01:42","guid":{"rendered":"https:\/\/idakorea.ee\/?post_type=product&#038;p=13061"},"modified":"2026-03-21T22:00:59","modified_gmt":"2026-03-21T20:00:59","slug":"minikomplekt-medipeel-red-lacto-collagen-skin-care-trial-kit","status":"publish","type":"product","link":"https:\/\/idakorea.ee\/fi\/product\/minikomplekt-medipeel-red-lacto-collagen-skin-care-trial-kit\/","title":{"rendered":"Mini MediPeel+ Red Lacto Collagen ihonhoitopakkauksen kokeilupakkaus"},"content":{"rendered":"<p>Medi-Peel kollageeni- ja laktobasilli-minipakkaus - hoito, uudistuminen, anti-ageing, tulehdusten ja ihon lis\u00e4\u00e4ntyneen herkkyyden torjunta.<\/p>\n<p>Kosmeettiset tuotteet normalisoivat \u00f6ljynerityst\u00e4, varmistavat ihon kosteuden ja vitamiinitasapainon, parantavat ihon kimmoisuutta ja kiinteytt\u00e4 sek\u00e4 vahvistavat ihon paikallista immuniteettia. Ne sopivat kuivalle, herk\u00e4lle ja hilseilev\u00e4lle iholle sek\u00e4 rasvaiselle, akneen taipuvaiselle iholle ja auttavat lievitt\u00e4m\u00e4\u00e4n \u00e4rsytyst\u00e4, punoitusta ja liiallista rasvoittumista.<\/p>\n<p><strong>Pakkauksen sis\u00e4lt\u00f6<\/strong><\/p>\n<ul>\n<li><strong>Red Lacto Collagen Soothing Essence Toner (30 ml)<\/strong> - rauhoittava kasvovesi, joka v\u00e4hent\u00e4\u00e4 punoitusta ja kutinaa, palauttaa ihon pH-tasapainon pesun j\u00e4lkeen ja poistaa kuivuutta ja kutinaa.<\/li>\n<li><strong>Punainen Lacto Collagen Tightening Ampoule (15 ml)<\/strong> - Intensiivisesti kosteuttava ja nuorentava ampulliseerumi, joka tekee ihohuokosista v\u00e4hemm\u00e4n n\u00e4kyvi\u00e4, parantaa ihon kiinteytt\u00e4 ja antaa pitk\u00e4kestoista kosteutusta.<\/li>\n<li><strong>Punainen Lacto Collagen Barrier Cream (15 ml)<\/strong> - suojaava voide, joka vahvistaa ihon luonnollista suojaverkkoa, ehk\u00e4isee kosteuden menetyst\u00e4, v\u00e4hent\u00e4\u00e4 herkkyytt\u00e4, nopeuttaa haavojen ja mikromurtumien paranemista ja ravitsee ihoa.<\/li>\n<li><strong>Punainen Lacto Collagen Wrapping Mask (15 ml)<\/strong> - anti-ageing-kalvonaamio, joka silottaa ryppyj\u00e4, kosteuttaa, tasoittaa ihon s\u00e4vy\u00e4 ja koostumusta sek\u00e4 puhdistaa huokoset syv\u00e4sti poistaen ylim\u00e4\u00e4r\u00e4isen \u00f6ljyn, lian ja kuolleet ihosolut.<\/li>\n<\/ul>\n<p><strong>Ainesosat ja vaikutukset<\/strong><\/p>\n<ul>\n<li><strong>Kollageeni<\/strong> - auttaa ehk\u00e4isem\u00e4\u00e4n kosteuden menetyst\u00e4, parantaa ihon kimmoisuutta ja antaa raikkaan ihon.<\/li>\n<li><strong>Laktobasillien osalta<\/strong> - vahvistaa ihon vastustuskyky\u00e4, v\u00e4hent\u00e4\u00e4 herkkyytt\u00e4 ja auttaa ongelmaihoa toipumaan.<\/li>\n<li><strong>Hyaluronihappo<\/strong> - syv\u00e4kosteuttava ja ik\u00e4\u00e4ntymist\u00e4 ehk\u00e4isev\u00e4 ainesosa, joka tasoittaa ihoa.<\/li>\n<li><strong>Peptiide<\/strong> - uudistavat ihoa, kirist\u00e4v\u00e4t ja ehk\u00e4isev\u00e4t uusien ik\u00e4\u00e4ntymisen merkkien ilmaantumista.<\/li>\n<li><strong style=\"font-family: var(--global-body-font-family);\">Adenosiini<\/strong><span style=\"font-family: var(--global-body-font-family);\"> - anti-ageing-ainesosa, joka tasoittaa ihon s\u00e4vy\u00e4 ja s\u00e4\u00e4telee \u00f6ljyntuotantoa.<\/span><\/li>\n<li><strong>Skvalaani<\/strong> - pehment\u00e4\u00e4 ja rauhoittaa ihoa, ehk\u00e4isee kosteuden menetyst\u00e4 ja v\u00e4hent\u00e4\u00e4 herkkyytt\u00e4.<\/li>\n<li><strong>Niasiiniamidi<\/strong> - v\u00e4hent\u00e4\u00e4 aknen j\u00e4lkeisi\u00e4 arpia ja pigmenttil\u00e4iski\u00e4, supistaa huokosia, tasoittaa ryppyj\u00e4 ja parantaa ihon s\u00e4teilyn m\u00e4\u00e4r\u00e4\u00e4.<\/li>\n<\/ul>\n<p>&nbsp;<\/p>\n<p>Medi-Peel Kollageeni- ja Laktobasilli-hoitosarjan s\u00e4\u00e4nn\u00f6llisell\u00e4 k\u00e4yt\u00f6ll\u00e4 ihosta tulee puhdas, sile\u00e4 ja joustava. V\u00e4hent\u00e4\u00e4 tulehduksia, pigmentaatiota, laajentuneita huokosia ja ik\u00e4\u00e4ntymisen merkkej\u00e4. Tuotteita voi k\u00e4ytt\u00e4\u00e4 yhdess\u00e4 tai erikseen p\u00e4ivitt\u00e4isess\u00e4 ihonhoitorutiinissa.<\/p>\n<p>&nbsp;<\/p>\n<p><strong>K\u00e4ytt\u00f6: <\/strong>Pese kasvot ja puhdista iho toneriin kastetulla vanulapulla tai levit\u00e4 toneria suoraan kasvoille kevyesti taputtelevin liikkein. Kun se on imeytynyt t\u00e4ysin, annostele muutama tippa ampulliseerumia ja lukitse kosteus Barrier Cream -voiteella. K\u00e4yt\u00e4 Skin Care Trial Kit -tuotteita p\u00e4ivitt\u00e4in aamuin illoin. K\u00e4yt\u00e4 Wrapping Mask -naamiota 1-2 kertaa viikossa: levit\u00e4 tasainen kerros puhtaalle iholle ja anna vaikuttaa 10-20 minuuttia. Kun naamio on kuivunut, poista kalvo yhdell\u00e4 liikkeell\u00e4 ja huuhtele j\u00e4ljell\u00e4 oleva tuote pois l\u00e4mpim\u00e4ll\u00e4 vedell\u00e4.<\/p>","protected":false},"excerpt":{"rendered":"<p>Medi-Peel Collagen and Lactobacilli Mini Kit - hoito, uudistuminen, anti-ageing, tulehdusten ja ihon lis\u00e4\u00e4ntyneen herkkyyden torjunta Kosmetiikkatuotteet normalisoivat \u00f6ljyntuotantoa, varmistavat ihon kosteuden ja vitamiinitasapainon, parantavat ihon kimmoisuutta ja kiinteytt\u00e4 sek\u00e4 vahvistavat ihon paikallista vastustuskyky\u00e4. Ne sopivat kuivalle, herk\u00e4lle ja hilseilev\u00e4lle iholle sek\u00e4 rasvaiselle, akneen taipuvaiselle iholle ja auttavat lievitt\u00e4m\u00e4\u00e4n \u00e4rsytyst\u00e4, punoitusta ja liiallista rasvaisuutta.....<\/p>","protected":false},"featured_media":13062,"comment_status":"open","ping_status":"closed","template":"","meta":{"_uf_show_specific_survey":0,"_uf_disable_surveys":false,"_bst_post_transparent":"default","_bst_post_title":"","_bst_post_layout":"default","_bst_post_sidebar_id":"","_bst_post_content_style":"default","_bst_post_vertical_padding":"default","_bst_post_feature":"","_bst_post_feature_position":"","_bst_post_header":false,"_bst_post_footer":false},"pwb-brand":[107],"product_brand":[],"product_cat":[95],"product_tag":[829,381,839],"class_list":{"0":"post-13061","1":"product","2":"type-product","3":"status-publish","4":"has-post-thumbnail","6":"pwb-brand-medipeel","7":"product_cat-komplektid","8":"product_tag-lacto","9":"product_tag-medipeel","10":"product_tag-red-collagen","12":"first","13":"instock","14":"sale","15":"shipping-taxable","16":"purchasable","17":"product-type-simple","18":"entry","19":"content-bg","20":"loop-entry"},"supplier_id":null,"supplier_sku":"","barcode":null,"atum_controlled":true,"out_stock_date":null,"out_stock_threshold":null,"inheritable":false,"inbound_stock":0,"stock_on_hold":0,"sold_today":0,"sales_last_days":0,"out_stock_days":0,"lost_sales":0,"has_location":false,"update_date":"2026-04-14T00:05:07","atum_locations":[],"atum_stock_status":"instock","restock_status":false,"low_stock_amount":"","sales_update_date":"2026-04-14T00:05:07","calc_backorders":null,"yoast_head":"<!-- This site is optimized with the Yoast SEO plugin v27.2 - https:\/\/yoast.com\/product\/yoast-seo-wordpress\/ -->\n<title>Minikomplekt MediPeel+ Red Lacto Collagen Skin Care Trial Kit - IDA.KOREA<\/title>\n<meta name=\"robots\" content=\"index, follow, max-snippet:-1, max-image-preview:large, max-video-preview:-1\" \/>\n<link rel=\"canonical\" href=\"https:\/\/idakorea.ee\/fi\/product\/minikomplekt-medipeel-red-lacto-collagen-skin-care-trial-kit\/\" \/>\n<meta property=\"og:locale\" content=\"fi_FI\" \/>\n<meta property=\"og:type\" content=\"article\" \/>\n<meta property=\"og:title\" content=\"Minikomplekt MediPeel+ Red Lacto Collagen Skin Care Trial Kit - IDA.KOREA\" \/>\n<meta property=\"og:description\" content=\"Medi-Peel kollageeni ja laktobatsillidega minikomplekt \u2013 hooldus, taastamine, vananemisvastane m\u00f5ju, v\u00f5itlus p\u00f5letike ja naha suurenenud tundlikkusega Kosmeetikatooted normaliseerivad rasueritust, tagavad naha niisutuse ja vitamiinide tasakaalu, parandavad elastsust ja tugevust ning tugevdavad naha kohalikku immuunsust. Need sobivad nii kuivale, tundlikule ja ketendavale nahale kui ka rasusele, aknele kalduvale nahale, aidates leevendada \u00e4rritust, punetust ja liigset rasueritust....\" \/>\n<meta property=\"og:url\" content=\"https:\/\/idakorea.ee\/fi\/product\/minikomplekt-medipeel-red-lacto-collagen-skin-care-trial-kit\/\" \/>\n<meta property=\"og:site_name\" content=\"IDA.KOREA\" \/>\n<meta property=\"article:modified_time\" content=\"2026-03-21T20:00:59+00:00\" \/>\n<meta property=\"og:image\" content=\"https:\/\/idakorea.ee\/wp-content\/uploads\/2025\/03\/2512-01-500x500.jpg.webp\" \/>\n\t<meta property=\"og:image:width\" content=\"500\" \/>\n\t<meta property=\"og:image:height\" content=\"500\" \/>\n\t<meta property=\"og:image:type\" content=\"image\/webp\" \/>\n<meta name=\"twitter:card\" content=\"summary_large_image\" \/>\n<meta name=\"twitter:label1\" content=\"Arvioitu lukuaika\" \/>\n\t<meta name=\"twitter:data1\" content=\"3 minuuttia\" \/>\n<script type=\"application\/ld+json\" class=\"yoast-schema-graph\">{\"@context\":\"https:\/\/schema.org\",\"@graph\":[{\"@type\":\"WebPage\",\"@id\":\"https:\/\/idakorea.ee\/product\/minikomplekt-medipeel-red-lacto-collagen-skin-care-trial-kit\/\",\"url\":\"https:\/\/idakorea.ee\/product\/minikomplekt-medipeel-red-lacto-collagen-skin-care-trial-kit\/\",\"name\":\"Minikomplekt MediPeel+ Red Lacto Collagen Skin Care Trial Kit - IDA.KOREA\",\"isPartOf\":{\"@id\":\"https:\/\/idakorea.ee\/#website\"},\"primaryImageOfPage\":{\"@id\":\"https:\/\/idakorea.ee\/product\/minikomplekt-medipeel-red-lacto-collagen-skin-care-trial-kit\/#primaryimage\"},\"image\":{\"@id\":\"https:\/\/idakorea.ee\/product\/minikomplekt-medipeel-red-lacto-collagen-skin-care-trial-kit\/#primaryimage\"},\"thumbnailUrl\":\"https:\/\/idakorea.ee\/wp-content\/uploads\/2025\/03\/2512-01-500x500.jpg.webp\",\"datePublished\":\"2025-03-09T12:01:42+00:00\",\"dateModified\":\"2026-03-21T20:00:59+00:00\",\"breadcrumb\":{\"@id\":\"https:\/\/idakorea.ee\/product\/minikomplekt-medipeel-red-lacto-collagen-skin-care-trial-kit\/#breadcrumb\"},\"inLanguage\":\"fi\",\"potentialAction\":[{\"@type\":\"ReadAction\",\"target\":[\"https:\/\/idakorea.ee\/product\/minikomplekt-medipeel-red-lacto-collagen-skin-care-trial-kit\/\"]}]},{\"@type\":\"ImageObject\",\"inLanguage\":\"fi\",\"@id\":\"https:\/\/idakorea.ee\/product\/minikomplekt-medipeel-red-lacto-collagen-skin-care-trial-kit\/#primaryimage\",\"url\":\"https:\/\/idakorea.ee\/wp-content\/uploads\/2025\/03\/2512-01-500x500.jpg.webp\",\"contentUrl\":\"https:\/\/idakorea.ee\/wp-content\/uploads\/2025\/03\/2512-01-500x500.jpg.webp\",\"width\":500,\"height\":500},{\"@type\":\"BreadcrumbList\",\"@id\":\"https:\/\/idakorea.ee\/product\/minikomplekt-medipeel-red-lacto-collagen-skin-care-trial-kit\/#breadcrumb\",\"itemListElement\":[{\"@type\":\"ListItem\",\"position\":1,\"name\":\"\u0413\u043b\u0430\u0432\u043d\u0430\u044f \u0441\u0442\u0440\u0430\u043d\u0438\u0446\u0430\",\"item\":\"https:\/\/idakorea.ee\/\"},{\"@type\":\"ListItem\",\"position\":2,\"name\":\"Shop\",\"item\":\"https:\/\/idakorea.ee\/shop-2\/\"},{\"@type\":\"ListItem\",\"position\":3,\"name\":\"Minikomplekt MediPeel+ Red Lacto Collagen Skin Care Trial Kit\"}]},{\"@type\":\"WebSite\",\"@id\":\"https:\/\/idakorea.ee\/#website\",\"url\":\"https:\/\/idakorea.ee\/\",\"name\":\"IDA.KOREA\",\"description\":\"Korea kosmeetika e-pood\",\"publisher\":{\"@id\":\"https:\/\/idakorea.ee\/#organization\"},\"alternateName\":\"Beauty Shop\",\"potentialAction\":[{\"@type\":\"SearchAction\",\"target\":{\"@type\":\"EntryPoint\",\"urlTemplate\":\"https:\/\/idakorea.ee\/?s={search_term_string}\"},\"query-input\":{\"@type\":\"PropertyValueSpecification\",\"valueRequired\":true,\"valueName\":\"search_term_string\"}}],\"inLanguage\":\"fi\"},{\"@type\":\"Organization\",\"@id\":\"https:\/\/idakorea.ee\/#organization\",\"name\":\"IDA.KOREA\",\"url\":\"https:\/\/idakorea.ee\/\",\"logo\":{\"@type\":\"ImageObject\",\"inLanguage\":\"fi\",\"@id\":\"https:\/\/idakorea.ee\/#\/schema\/logo\/image\/\",\"url\":\"https:\/\/idakorea.ee\/wp-content\/uploads\/2024\/05\/cropped-korea3.png\",\"contentUrl\":\"https:\/\/idakorea.ee\/wp-content\/uploads\/2024\/05\/cropped-korea3.png\",\"width\":688,\"height\":126,\"caption\":\"IDA.KOREA\"},\"image\":{\"@id\":\"https:\/\/idakorea.ee\/#\/schema\/logo\/image\/\"},\"sameAs\":[\"https:\/\/www.instagram.com\/ida.korea\/\"]}]}<\/script>\n<!-- \/ Yoast SEO plugin. -->","yoast_head_json":{"title":"MediPeel+ Red Lacto Collagen ihonhoitopakkaus - IDA.KOREA","robots":{"index":"index","follow":"follow","max-snippet":"max-snippet:-1","max-image-preview":"max-image-preview:large","max-video-preview":"max-video-preview:-1"},"canonical":"https:\/\/idakorea.ee\/fi\/product\/minikomplekt-medipeel-red-lacto-collagen-skin-care-trial-kit\/","og_locale":"fi_FI","og_type":"article","og_title":"Minikomplekt MediPeel+ Red Lacto Collagen Skin Care Trial Kit - IDA.KOREA","og_description":"Medi-Peel kollageeni ja laktobatsillidega minikomplekt \u2013 hooldus, taastamine, vananemisvastane m\u00f5ju, v\u00f5itlus p\u00f5letike ja naha suurenenud tundlikkusega Kosmeetikatooted normaliseerivad rasueritust, tagavad naha niisutuse ja vitamiinide tasakaalu, parandavad elastsust ja tugevust ning tugevdavad naha kohalikku immuunsust. Need sobivad nii kuivale, tundlikule ja ketendavale nahale kui ka rasusele, aknele kalduvale nahale, aidates leevendada \u00e4rritust, punetust ja liigset rasueritust....","og_url":"https:\/\/idakorea.ee\/fi\/product\/minikomplekt-medipeel-red-lacto-collagen-skin-care-trial-kit\/","og_site_name":"IDA.KOREA","article_modified_time":"2026-03-21T20:00:59+00:00","og_image":[{"width":500,"height":500,"url":"https:\/\/idakorea.ee\/wp-content\/uploads\/2025\/03\/2512-01-500x500.jpg.webp","type":"image\/webp"}],"twitter_card":"summary_large_image","twitter_misc":{"Arvioitu lukuaika":"3 minuuttia"},"schema":{"@context":"https:\/\/schema.org","@graph":[{"@type":"WebPage","@id":"https:\/\/idakorea.ee\/product\/minikomplekt-medipeel-red-lacto-collagen-skin-care-trial-kit\/","url":"https:\/\/idakorea.ee\/product\/minikomplekt-medipeel-red-lacto-collagen-skin-care-trial-kit\/","name":"MediPeel+ Red Lacto Collagen ihonhoitopakkaus - IDA.KOREA","isPartOf":{"@id":"https:\/\/idakorea.ee\/#website"},"primaryImageOfPage":{"@id":"https:\/\/idakorea.ee\/product\/minikomplekt-medipeel-red-lacto-collagen-skin-care-trial-kit\/#primaryimage"},"image":{"@id":"https:\/\/idakorea.ee\/product\/minikomplekt-medipeel-red-lacto-collagen-skin-care-trial-kit\/#primaryimage"},"thumbnailUrl":"https:\/\/idakorea.ee\/wp-content\/uploads\/2025\/03\/2512-01-500x500.jpg.webp","datePublished":"2025-03-09T12:01:42+00:00","dateModified":"2026-03-21T20:00:59+00:00","breadcrumb":{"@id":"https:\/\/idakorea.ee\/product\/minikomplekt-medipeel-red-lacto-collagen-skin-care-trial-kit\/#breadcrumb"},"inLanguage":"fi","potentialAction":[{"@type":"ReadAction","target":["https:\/\/idakorea.ee\/product\/minikomplekt-medipeel-red-lacto-collagen-skin-care-trial-kit\/"]}]},{"@type":"ImageObject","inLanguage":"fi","@id":"https:\/\/idakorea.ee\/product\/minikomplekt-medipeel-red-lacto-collagen-skin-care-trial-kit\/#primaryimage","url":"https:\/\/idakorea.ee\/wp-content\/uploads\/2025\/03\/2512-01-500x500.jpg.webp","contentUrl":"https:\/\/idakorea.ee\/wp-content\/uploads\/2025\/03\/2512-01-500x500.jpg.webp","width":500,"height":500},{"@type":"BreadcrumbList","@id":"https:\/\/idakorea.ee\/product\/minikomplekt-medipeel-red-lacto-collagen-skin-care-trial-kit\/#breadcrumb","itemListElement":[{"@type":"ListItem","position":1,"name":"\u0413\u043b\u0430\u0432\u043d\u0430\u044f \u0441\u0442\u0440\u0430\u043d\u0438\u0446\u0430","item":"https:\/\/idakorea.ee\/"},{"@type":"ListItem","position":2,"name":"Shop","item":"https:\/\/idakorea.ee\/shop-2\/"},{"@type":"ListItem","position":3,"name":"Minikomplekt MediPeel+ Red Lacto Collagen Skin Care Trial Kit"}]},{"@type":"WebSite","@id":"https:\/\/idakorea.ee\/#website","url":"https:\/\/idakorea.ee\/","name":"IDA.KOREA","description":"Korean kosmetiikan verkkokauppa","publisher":{"@id":"https:\/\/idakorea.ee\/#organization"},"alternateName":"Beauty Shop","potentialAction":[{"@type":"SearchAction","target":{"@type":"EntryPoint","urlTemplate":"https:\/\/idakorea.ee\/?s={search_term_string}"},"query-input":{"@type":"PropertyValueSpecification","valueRequired":true,"valueName":"search_term_string"}}],"inLanguage":"fi"},{"@type":"Organization","@id":"https:\/\/idakorea.ee\/#organization","name":"IDA.KOREA","url":"https:\/\/idakorea.ee\/","logo":{"@type":"ImageObject","inLanguage":"fi","@id":"https:\/\/idakorea.ee\/#\/schema\/logo\/image\/","url":"https:\/\/idakorea.ee\/wp-content\/uploads\/2024\/05\/cropped-korea3.png","contentUrl":"https:\/\/idakorea.ee\/wp-content\/uploads\/2024\/05\/cropped-korea3.png","width":688,"height":126,"caption":"IDA.KOREA"},"image":{"@id":"https:\/\/idakorea.ee\/#\/schema\/logo\/image\/"},"sameAs":["https:\/\/www.instagram.com\/ida.korea\/"]}]}},"jetpack_sharing_enabled":true,"brands":[{"id":107,"name":"MEDIPEEL+","slug":"medipeel"}],"_links":{"self":[{"href":"https:\/\/idakorea.ee\/fi\/wp-json\/wp\/v2\/product\/13061","targetHints":{"allow":["GET"]}}],"collection":[{"href":"https:\/\/idakorea.ee\/fi\/wp-json\/wp\/v2\/product"}],"about":[{"href":"https:\/\/idakorea.ee\/fi\/wp-json\/wp\/v2\/types\/product"}],"replies":[{"embeddable":true,"href":"https:\/\/idakorea.ee\/fi\/wp-json\/wp\/v2\/comments?post=13061"}],"version-history":[{"count":2,"href":"https:\/\/idakorea.ee\/fi\/wp-json\/wp\/v2\/product\/13061\/revisions"}],"predecessor-version":[{"id":17508,"href":"https:\/\/idakorea.ee\/fi\/wp-json\/wp\/v2\/product\/13061\/revisions\/17508"}],"wp:featuredmedia":[{"embeddable":true,"href":"https:\/\/idakorea.ee\/fi\/wp-json\/wp\/v2\/media\/13062"}],"wp:attachment":[{"href":"https:\/\/idakorea.ee\/fi\/wp-json\/wp\/v2\/media?parent=13061"}],"wp:term":[{"taxonomy":"pwb-brand","embeddable":true,"href":"https:\/\/idakorea.ee\/fi\/wp-json\/wp\/v2\/pwb-brand?post=13061"},{"taxonomy":"product_brand","embeddable":true,"href":"https:\/\/idakorea.ee\/fi\/wp-json\/wp\/v2\/product_brand?post=13061"},{"taxonomy":"product_cat","embeddable":true,"href":"https:\/\/idakorea.ee\/fi\/wp-json\/wp\/v2\/product_cat?post=13061"},{"taxonomy":"product_tag","embeddable":true,"href":"https:\/\/idakorea.ee\/fi\/wp-json\/wp\/v2\/product_tag?post=13061"}],"curies":[{"name":"wp","href":"https:\/\/api.w.org\/{rel}","templated":true}]}}