{"id":13105,"date":"2025-03-12T10:51:05","date_gmt":"2025-03-12T08:51:05","guid":{"rendered":"https:\/\/idakorea.ee\/?post_type=product&#038;p=13105"},"modified":"2026-04-03T11:05:25","modified_gmt":"2026-04-03T09:05:25","slug":"unikaalne-mochi-taoline-naopuhastaja-arencia-fresh-rosehip-rice-mochi-cleanser-120g","status":"publish","type":"product","link":"https:\/\/idakorea.ee\/fi\/product\/unikaalne-mochi-taoline-naopuhastaja-arencia-fresh-rosehip-rice-mochi-cleanser-120g\/","title":{"rendered":"Ainutlaatuinen mochi-tyylinen kasvojen puhdistusaine Arencia Fresh Rosehip Rice Mochi Cleanser, 120g"},"content":{"rendered":"<p><strong>Miksi valita Arencia-puhdistusaine?<\/strong><\/p>\n<p><strong>Kosteuttava vaikutus:<\/strong>\u00a0Lis\u00e4\u00e4 ihon kosteustasoja ihon syvemmiss\u00e4 kerroksissa k\u00e4yt\u00f6n j\u00e4lkeen.<br \/>\n<strong>Syv\u00e4puhdistus:<\/strong>\u00a0Poistaa tehokkaasti meikkij\u00e4\u00e4m\u00e4t ja hienot likahiukkaset ihohuokosista, j\u00e4tt\u00e4en ihon raikkaaksi ja tasapainottaen sen luonnollista kosteustasapainoa.<br \/>\n<strong>Kaksitoiminen tuote:<\/strong>\u00a0Toimii sek\u00e4 p\u00e4ivitt\u00e4isen\u00e4 puhdistusaineena ett\u00e4 syv\u00e4puhdistavana savinaamiona, tarjoten monipuolisuutta ihonhoitorutiiniisi.<\/p>\n<p><strong data-start=\"1475\" data-end=\"1511\">Ainutlaatuinen mochimainen koostumus<\/strong>\u00a0\u2013 saavutettu huolellisen 170 tunnin k\u00e4ymisprosessin ja yli 1 000 vaivauskerran ansiosta.<br data-start=\"1614\" data-end=\"1617\" \/><strong data-start=\"1620\" data-end=\"1641\">Luonnollinen koostumus<\/strong>\u00a0\u2013 sis\u00e4lt\u00e4\u00e4 yli 20 ihoa ravitsevaa ja hoitavaa kasviper\u00e4ist\u00e4 ainesosaa.<br data-start=\"1715\" data-end=\"1718\" \/><strong data-start=\"1721\" data-end=\"1744\">Monipuolinen k\u00e4ytt\u00f6<\/strong>\u00a0\u2013 sopii sek\u00e4 p\u00e4ivitt\u00e4iseen puhdistukseen ett\u00e4 syv\u00e4puhdistavaksi savinaamioksi, tarjoten useita hy\u00f6tyj\u00e4 yhdess\u00e4 tuotteessa.<\/p>\n<p data-start=\"25\" data-end=\"206\">Ruusunmarjauutteella, vaaleanpunaisella aloe veralla ja sinisell\u00e4 kamomillalla rikastettu Arencia Fresh Royal Rosehip Cleanser pehment\u00e4\u00e4 ja rauhoittaa ihoa ainutlaatuisella taikinamaisella koostumuksellaan.<\/p>\n<p>&nbsp;<\/p>\n<p>Kaikille ihotyypeille, herk\u00e4lle iholle, kuivalle iholle<\/p>\n<p><strong>K\u00e4ytt\u00f6:\u00a0<\/strong>Levit\u00e4 kostealle iholle, hiero kevyesti sormenp\u00e4ill\u00e4 ja huuhtele sitten haalealla vedell\u00e4. Parhaan tuloksen saavuttamiseksi k\u00e4yt\u00e4 savinaamiona \u2013 hiero kasvoille tai ongelma-alueille yli minuutin ajan ennen huuhtelua.<\/p>","protected":false},"excerpt":{"rendered":"<p>Miksi valita Arencia Cleanser? Kosteuttava vaikutus: Lis\u00e4\u00e4 ihon kosteustasoa syvemmiss\u00e4 kerroksissa 45,87% ja 5,90% k\u00e4yt\u00f6n j\u00e4lkeen. Syv\u00e4puhdistava vaikutus. Kaksitoiminen tuote. Ainutlaatuinen mokkapalojen kaltainen koostumus - saavutettu huolellisen 170 tunnin k\u00e4ymisprosessin ja yli 1000...<\/p>","protected":false},"featured_media":13107,"comment_status":"open","ping_status":"closed","template":"","meta":{"_uf_show_specific_survey":0,"_uf_disable_surveys":false,"_bst_post_transparent":"default","_bst_post_title":"","_bst_post_layout":"default","_bst_post_sidebar_id":"","_bst_post_content_style":"default","_bst_post_vertical_padding":"default","_bst_post_feature":"","_bst_post_feature_position":"","_bst_post_header":false,"_bst_post_footer":false},"pwb-brand":[821],"product_brand":[],"product_cat":[452,100],"product_tag":[822,823],"class_list":{"0":"post-13105","1":"product","2":"type-product","3":"status-publish","4":"has-post-thumbnail","6":"pwb-brand-arencia","7":"product_cat-naopuhastusgeelid","8":"product_cat-puhastusvahendid","9":"product_tag-arencia","10":"product_tag-mochi","12":"first","13":"instock","14":"sale","15":"shipping-taxable","16":"purchasable","17":"product-type-simple","18":"entry","19":"content-bg","20":"loop-entry"},"supplier_id":null,"supplier_sku":"","barcode":null,"atum_controlled":true,"out_stock_date":null,"out_stock_threshold":null,"inheritable":false,"inbound_stock":0,"stock_on_hold":0,"sold_today":0,"sales_last_days":0,"out_stock_days":0,"lost_sales":0,"has_location":false,"update_date":"2026-04-14T00:05:10","atum_locations":[],"atum_stock_status":"instock","restock_status":false,"low_stock_amount":"","sales_update_date":"2026-04-14T00:05:10","calc_backorders":null,"yoast_head":"<!-- This site is optimized with the Yoast SEO plugin v27.2 - https:\/\/yoast.com\/product\/yoast-seo-wordpress\/ -->\n<title>Unikaalne mochi-taoline n\u00e4opuhastaja Arencia Fresh Rosehip Rice Mochi Cleanser, 120g - IDA.KOREA<\/title>\n<meta name=\"robots\" content=\"index, follow, max-snippet:-1, max-image-preview:large, max-video-preview:-1\" \/>\n<link rel=\"canonical\" href=\"https:\/\/idakorea.ee\/fi\/product\/unikaalne-mochi-taoline-naopuhastaja-arencia-fresh-rosehip-rice-mochi-cleanser-120g\/\" \/>\n<meta property=\"og:locale\" content=\"fi_FI\" \/>\n<meta property=\"og:type\" content=\"article\" \/>\n<meta property=\"og:title\" content=\"Unikaalne mochi-taoline n\u00e4opuhastaja Arencia Fresh Rosehip Rice Mochi Cleanser, 120g - IDA.KOREA\" \/>\n<meta property=\"og:description\" content=\"Miks valida Arencia\u00a0 Cleanser? Niisutav toime:\u00a0Suurendab naha niiskustaset 45,87% ja 5,90% s\u00fcgavamates kihtides p\u00e4rast kasutamist. S\u00fcgavpuhastus:\u00a0Eemaldab efektiivselt meigij\u00e4\u00e4gid ja peened mustuseosakesed pooridest, j\u00e4ttes naha v\u00e4rskeks ja tasakaalustades selle loomulikku niiskustasakaalu. Kahefunktsiooniline toode:\u00a0Toimib nii igap\u00e4evase puhastusvahendi kui ka s\u00fcgavpuhastava savimaskina, pakkudes mitmek\u00fclgsust sinu nahahooldusrutiinis. Unikaalne mochi-taoline tekstuur\u00a0\u2013 saavutatud t\u00e4nu hoolikale 170-tunnisele k\u00e4\u00e4ritamisprotsessile ja enam kui 1000...\" \/>\n<meta property=\"og:url\" content=\"https:\/\/idakorea.ee\/fi\/product\/unikaalne-mochi-taoline-naopuhastaja-arencia-fresh-rosehip-rice-mochi-cleanser-120g\/\" \/>\n<meta property=\"og:site_name\" content=\"IDA.KOREA\" \/>\n<meta property=\"article:modified_time\" content=\"2026-04-03T09:05:25+00:00\" \/>\n<meta property=\"og:image\" content=\"https:\/\/idakorea.ee\/wp-content\/uploads\/2025\/03\/arencia-oseship-cleanser-idakorea.webp\" \/>\n\t<meta property=\"og:image:width\" content=\"600\" \/>\n\t<meta property=\"og:image:height\" content=\"750\" \/>\n\t<meta property=\"og:image:type\" content=\"image\/webp\" \/>\n<meta name=\"twitter:card\" content=\"summary_large_image\" \/>\n<meta name=\"twitter:label1\" content=\"Arvioitu lukuaika\" \/>\n\t<meta name=\"twitter:data1\" content=\"1 minuutti\" \/>\n<script type=\"application\/ld+json\" class=\"yoast-schema-graph\">{\"@context\":\"https:\/\/schema.org\",\"@graph\":[{\"@type\":\"WebPage\",\"@id\":\"https:\/\/idakorea.ee\/product\/unikaalne-mochi-taoline-naopuhastaja-arencia-fresh-rosehip-rice-mochi-cleanser-120g\/\",\"url\":\"https:\/\/idakorea.ee\/product\/unikaalne-mochi-taoline-naopuhastaja-arencia-fresh-rosehip-rice-mochi-cleanser-120g\/\",\"name\":\"Unikaalne mochi-taoline n\u00e4opuhastaja Arencia Fresh Rosehip Rice Mochi Cleanser, 120g - IDA.KOREA\",\"isPartOf\":{\"@id\":\"https:\/\/idakorea.ee\/#website\"},\"primaryImageOfPage\":{\"@id\":\"https:\/\/idakorea.ee\/product\/unikaalne-mochi-taoline-naopuhastaja-arencia-fresh-rosehip-rice-mochi-cleanser-120g\/#primaryimage\"},\"image\":{\"@id\":\"https:\/\/idakorea.ee\/product\/unikaalne-mochi-taoline-naopuhastaja-arencia-fresh-rosehip-rice-mochi-cleanser-120g\/#primaryimage\"},\"thumbnailUrl\":\"https:\/\/idakorea.ee\/wp-content\/uploads\/2025\/03\/arencia-oseship-cleanser-idakorea.webp\",\"datePublished\":\"2025-03-12T08:51:05+00:00\",\"dateModified\":\"2026-04-03T09:05:25+00:00\",\"breadcrumb\":{\"@id\":\"https:\/\/idakorea.ee\/product\/unikaalne-mochi-taoline-naopuhastaja-arencia-fresh-rosehip-rice-mochi-cleanser-120g\/#breadcrumb\"},\"inLanguage\":\"fi\",\"potentialAction\":[{\"@type\":\"ReadAction\",\"target\":[\"https:\/\/idakorea.ee\/product\/unikaalne-mochi-taoline-naopuhastaja-arencia-fresh-rosehip-rice-mochi-cleanser-120g\/\"]}]},{\"@type\":\"ImageObject\",\"inLanguage\":\"fi\",\"@id\":\"https:\/\/idakorea.ee\/product\/unikaalne-mochi-taoline-naopuhastaja-arencia-fresh-rosehip-rice-mochi-cleanser-120g\/#primaryimage\",\"url\":\"https:\/\/idakorea.ee\/wp-content\/uploads\/2025\/03\/arencia-oseship-cleanser-idakorea.webp\",\"contentUrl\":\"https:\/\/idakorea.ee\/wp-content\/uploads\/2025\/03\/arencia-oseship-cleanser-idakorea.webp\",\"width\":600,\"height\":750},{\"@type\":\"BreadcrumbList\",\"@id\":\"https:\/\/idakorea.ee\/product\/unikaalne-mochi-taoline-naopuhastaja-arencia-fresh-rosehip-rice-mochi-cleanser-120g\/#breadcrumb\",\"itemListElement\":[{\"@type\":\"ListItem\",\"position\":1,\"name\":\"\u0413\u043b\u0430\u0432\u043d\u0430\u044f \u0441\u0442\u0440\u0430\u043d\u0438\u0446\u0430\",\"item\":\"https:\/\/idakorea.ee\/\"},{\"@type\":\"ListItem\",\"position\":2,\"name\":\"Shop\",\"item\":\"https:\/\/idakorea.ee\/shop-2\/\"},{\"@type\":\"ListItem\",\"position\":3,\"name\":\"Unikaalne mochi-taoline n\u00e4opuhastaja Arencia Fresh Rosehip Rice Mochi Cleanser, 120g\"}]},{\"@type\":\"WebSite\",\"@id\":\"https:\/\/idakorea.ee\/#website\",\"url\":\"https:\/\/idakorea.ee\/\",\"name\":\"IDA.KOREA\",\"description\":\"Korea kosmeetika e-pood\",\"publisher\":{\"@id\":\"https:\/\/idakorea.ee\/#organization\"},\"alternateName\":\"Beauty Shop\",\"potentialAction\":[{\"@type\":\"SearchAction\",\"target\":{\"@type\":\"EntryPoint\",\"urlTemplate\":\"https:\/\/idakorea.ee\/?s={search_term_string}\"},\"query-input\":{\"@type\":\"PropertyValueSpecification\",\"valueRequired\":true,\"valueName\":\"search_term_string\"}}],\"inLanguage\":\"fi\"},{\"@type\":\"Organization\",\"@id\":\"https:\/\/idakorea.ee\/#organization\",\"name\":\"IDA.KOREA\",\"url\":\"https:\/\/idakorea.ee\/\",\"logo\":{\"@type\":\"ImageObject\",\"inLanguage\":\"fi\",\"@id\":\"https:\/\/idakorea.ee\/#\/schema\/logo\/image\/\",\"url\":\"https:\/\/idakorea.ee\/wp-content\/uploads\/2024\/05\/cropped-korea3.png\",\"contentUrl\":\"https:\/\/idakorea.ee\/wp-content\/uploads\/2024\/05\/cropped-korea3.png\",\"width\":688,\"height\":126,\"caption\":\"IDA.KOREA\"},\"image\":{\"@id\":\"https:\/\/idakorea.ee\/#\/schema\/logo\/image\/\"},\"sameAs\":[\"https:\/\/www.instagram.com\/ida.korea\/\"]}]}<\/script>\n<!-- \/ Yoast SEO plugin. -->","yoast_head_json":{"title":"Ainutlaatuinen mochia muistuttava kasvojenpuhdistusaine Arencia Fresh Rosehip Rice Mochi Cleanser, 120g - IT\u00c4-KOREA","robots":{"index":"index","follow":"follow","max-snippet":"max-snippet:-1","max-image-preview":"max-image-preview:large","max-video-preview":"max-video-preview:-1"},"canonical":"https:\/\/idakorea.ee\/fi\/product\/unikaalne-mochi-taoline-naopuhastaja-arencia-fresh-rosehip-rice-mochi-cleanser-120g\/","og_locale":"fi_FI","og_type":"article","og_title":"Unikaalne mochi-taoline n\u00e4opuhastaja Arencia Fresh Rosehip Rice Mochi Cleanser, 120g - IDA.KOREA","og_description":"Miks valida Arencia\u00a0 Cleanser? Niisutav toime:\u00a0Suurendab naha niiskustaset 45,87% ja 5,90% s\u00fcgavamates kihtides p\u00e4rast kasutamist. S\u00fcgavpuhastus:\u00a0Eemaldab efektiivselt meigij\u00e4\u00e4gid ja peened mustuseosakesed pooridest, j\u00e4ttes naha v\u00e4rskeks ja tasakaalustades selle loomulikku niiskustasakaalu. Kahefunktsiooniline toode:\u00a0Toimib nii igap\u00e4evase puhastusvahendi kui ka s\u00fcgavpuhastava savimaskina, pakkudes mitmek\u00fclgsust sinu nahahooldusrutiinis. Unikaalne mochi-taoline tekstuur\u00a0\u2013 saavutatud t\u00e4nu hoolikale 170-tunnisele k\u00e4\u00e4ritamisprotsessile ja enam kui 1000...","og_url":"https:\/\/idakorea.ee\/fi\/product\/unikaalne-mochi-taoline-naopuhastaja-arencia-fresh-rosehip-rice-mochi-cleanser-120g\/","og_site_name":"IDA.KOREA","article_modified_time":"2026-04-03T09:05:25+00:00","og_image":[{"width":600,"height":750,"url":"https:\/\/idakorea.ee\/wp-content\/uploads\/2025\/03\/arencia-oseship-cleanser-idakorea.webp","type":"image\/webp"}],"twitter_card":"summary_large_image","twitter_misc":{"Arvioitu lukuaika":"1 minuutti"},"schema":{"@context":"https:\/\/schema.org","@graph":[{"@type":"WebPage","@id":"https:\/\/idakorea.ee\/product\/unikaalne-mochi-taoline-naopuhastaja-arencia-fresh-rosehip-rice-mochi-cleanser-120g\/","url":"https:\/\/idakorea.ee\/product\/unikaalne-mochi-taoline-naopuhastaja-arencia-fresh-rosehip-rice-mochi-cleanser-120g\/","name":"Ainutlaatuinen mochia muistuttava kasvojenpuhdistusaine Arencia Fresh Rosehip Rice Mochi Cleanser, 120g - IT\u00c4-KOREA","isPartOf":{"@id":"https:\/\/idakorea.ee\/#website"},"primaryImageOfPage":{"@id":"https:\/\/idakorea.ee\/product\/unikaalne-mochi-taoline-naopuhastaja-arencia-fresh-rosehip-rice-mochi-cleanser-120g\/#primaryimage"},"image":{"@id":"https:\/\/idakorea.ee\/product\/unikaalne-mochi-taoline-naopuhastaja-arencia-fresh-rosehip-rice-mochi-cleanser-120g\/#primaryimage"},"thumbnailUrl":"https:\/\/idakorea.ee\/wp-content\/uploads\/2025\/03\/arencia-oseship-cleanser-idakorea.webp","datePublished":"2025-03-12T08:51:05+00:00","dateModified":"2026-04-03T09:05:25+00:00","breadcrumb":{"@id":"https:\/\/idakorea.ee\/product\/unikaalne-mochi-taoline-naopuhastaja-arencia-fresh-rosehip-rice-mochi-cleanser-120g\/#breadcrumb"},"inLanguage":"fi","potentialAction":[{"@type":"ReadAction","target":["https:\/\/idakorea.ee\/product\/unikaalne-mochi-taoline-naopuhastaja-arencia-fresh-rosehip-rice-mochi-cleanser-120g\/"]}]},{"@type":"ImageObject","inLanguage":"fi","@id":"https:\/\/idakorea.ee\/product\/unikaalne-mochi-taoline-naopuhastaja-arencia-fresh-rosehip-rice-mochi-cleanser-120g\/#primaryimage","url":"https:\/\/idakorea.ee\/wp-content\/uploads\/2025\/03\/arencia-oseship-cleanser-idakorea.webp","contentUrl":"https:\/\/idakorea.ee\/wp-content\/uploads\/2025\/03\/arencia-oseship-cleanser-idakorea.webp","width":600,"height":750},{"@type":"BreadcrumbList","@id":"https:\/\/idakorea.ee\/product\/unikaalne-mochi-taoline-naopuhastaja-arencia-fresh-rosehip-rice-mochi-cleanser-120g\/#breadcrumb","itemListElement":[{"@type":"ListItem","position":1,"name":"\u0413\u043b\u0430\u0432\u043d\u0430\u044f \u0441\u0442\u0440\u0430\u043d\u0438\u0446\u0430","item":"https:\/\/idakorea.ee\/"},{"@type":"ListItem","position":2,"name":"Shop","item":"https:\/\/idakorea.ee\/shop-2\/"},{"@type":"ListItem","position":3,"name":"Unikaalne mochi-taoline n\u00e4opuhastaja Arencia Fresh Rosehip Rice Mochi Cleanser, 120g"}]},{"@type":"WebSite","@id":"https:\/\/idakorea.ee\/#website","url":"https:\/\/idakorea.ee\/","name":"IDA.KOREA","description":"Korean kosmetiikan verkkokauppa","publisher":{"@id":"https:\/\/idakorea.ee\/#organization"},"alternateName":"Beauty Shop","potentialAction":[{"@type":"SearchAction","target":{"@type":"EntryPoint","urlTemplate":"https:\/\/idakorea.ee\/?s={search_term_string}"},"query-input":{"@type":"PropertyValueSpecification","valueRequired":true,"valueName":"search_term_string"}}],"inLanguage":"fi"},{"@type":"Organization","@id":"https:\/\/idakorea.ee\/#organization","name":"IDA.KOREA","url":"https:\/\/idakorea.ee\/","logo":{"@type":"ImageObject","inLanguage":"fi","@id":"https:\/\/idakorea.ee\/#\/schema\/logo\/image\/","url":"https:\/\/idakorea.ee\/wp-content\/uploads\/2024\/05\/cropped-korea3.png","contentUrl":"https:\/\/idakorea.ee\/wp-content\/uploads\/2024\/05\/cropped-korea3.png","width":688,"height":126,"caption":"IDA.KOREA"},"image":{"@id":"https:\/\/idakorea.ee\/#\/schema\/logo\/image\/"},"sameAs":["https:\/\/www.instagram.com\/ida.korea\/"]}]}},"jetpack_sharing_enabled":true,"brands":[{"id":821,"name":"ARENCIA","slug":"arencia"}],"_links":{"self":[{"href":"https:\/\/idakorea.ee\/fi\/wp-json\/wp\/v2\/product\/13105","targetHints":{"allow":["GET"]}}],"collection":[{"href":"https:\/\/idakorea.ee\/fi\/wp-json\/wp\/v2\/product"}],"about":[{"href":"https:\/\/idakorea.ee\/fi\/wp-json\/wp\/v2\/types\/product"}],"replies":[{"embeddable":true,"href":"https:\/\/idakorea.ee\/fi\/wp-json\/wp\/v2\/comments?post=13105"}],"version-history":[{"count":1,"href":"https:\/\/idakorea.ee\/fi\/wp-json\/wp\/v2\/product\/13105\/revisions"}],"predecessor-version":[{"id":13110,"href":"https:\/\/idakorea.ee\/fi\/wp-json\/wp\/v2\/product\/13105\/revisions\/13110"}],"wp:featuredmedia":[{"embeddable":true,"href":"https:\/\/idakorea.ee\/fi\/wp-json\/wp\/v2\/media\/13107"}],"wp:attachment":[{"href":"https:\/\/idakorea.ee\/fi\/wp-json\/wp\/v2\/media?parent=13105"}],"wp:term":[{"taxonomy":"pwb-brand","embeddable":true,"href":"https:\/\/idakorea.ee\/fi\/wp-json\/wp\/v2\/pwb-brand?post=13105"},{"taxonomy":"product_brand","embeddable":true,"href":"https:\/\/idakorea.ee\/fi\/wp-json\/wp\/v2\/product_brand?post=13105"},{"taxonomy":"product_cat","embeddable":true,"href":"https:\/\/idakorea.ee\/fi\/wp-json\/wp\/v2\/product_cat?post=13105"},{"taxonomy":"product_tag","embeddable":true,"href":"https:\/\/idakorea.ee\/fi\/wp-json\/wp\/v2\/product_tag?post=13105"}],"curies":[{"name":"wp","href":"https:\/\/api.w.org\/{rel}","templated":true}]}}