{"id":13123,"date":"2025-03-12T13:56:41","date_gmt":"2025-03-12T11:56:41","guid":{"rendered":"https:\/\/idakorea.ee\/?post_type=product&#038;p=13123"},"modified":"2026-01-30T14:38:18","modified_gmt":"2026-01-30T12:38:18","slug":"silmaseerum-the-history-of-whoo-illuminating-regenerating-eye-serum","status":"publish","type":"product","link":"https:\/\/idakorea.ee\/fi\/product\/silmaseerum-the-history-of-whoo-illuminating-regenerating-eye-serum\/","title":{"rendered":"Silmaseerumin historia Whoo Illuminating Regenerating Eye Serum -seerumin historia"},"content":{"rendered":"<p>Silkkinen, ravitseva seerumi, joka on suunniteltu hoitamaan herkk\u00e4\u00e4 silm\u00e4nymp\u00e4rysihoa. Torjuu tehokkaasti ryppyj\u00e4, elvytt\u00e4\u00e4 ja kirkastaa sameaa ihoa. S\u00e4\u00e4nn\u00f6llisen k\u00e4yt\u00f6n j\u00e4lkeen ihosta tulee joustavampi, kiinte\u00e4mpi ja s\u00e4teilev\u00e4mpi. Auttaa poistamaan iho-ongelmia, lievitt\u00e4m\u00e4\u00e4n tulehdusprosesseja ja aknea.<\/p>\n<p>Seerumi on osa Cheongidan Regenerating (Hwa Hyun) \"Radiant Health\" -sarjaa, joka on it\u00e4maisiin yrtteihin perustuva 30 eri kasvia sis\u00e4lt\u00e4v\u00e4 palauttava, nuorentava ja parantava tuotesarja. Sarja perustuu kuningatar Zha-Hin salaiseen reseptiin, sill\u00e4 h\u00e4nell\u00e4 oli erinomainen iho viel\u00e4 80-vuotiaana. S\u00e4\u00e4nn\u00f6llisell\u00e4 k\u00e4yt\u00f6ll\u00e4 iho on silkkinen, s\u00e4teilev\u00e4 ja terve.<\/p>\n<p>Luonnollisilla ainesosilla, kuten: luonnonvarainen ginsengjuuriuute, yrttikurkkujuuriuute, lapamu-juuriuute, luonnonvarainen sitruunauute, hirvensarviuute, l\u00e4\u00e4kinn\u00e4llinen magnoliauute, aprikoosinydin\u00f6ljy, oliivi\u00f6ljy, vadelmauute, poria cocos -uute, helmi\u00e4isjauhe, tuotteella on palauttavia ja nuorentavia ominaisuuksia.<\/p>\n<ul>\n<li>Hwa Hyun -sarjalla on nuorentavia ominaisuuksia, se v\u00e4hent\u00e4\u00e4 ryppyjen syvyytt\u00e4 ja ehk\u00e4isee uusien muodostumista, vahvistaa ihon kimmoisuutta.<\/li>\n<li>Optimoi ihon hydrolipiditasapainon, tasoittaa ihon rakennetta. Palauttaa elinvoimaa, kosteuttaa ja puhdistaa.<\/li>\n<li>Se parantaa ihon ilmett\u00e4 ja auttaa ratkaisemaan ik\u00e4\u00e4ntymisen aiheuttamia iho-ongelmia (kuivuus, pigmentaatio jne.), lis\u00e4\u00e4 ihon kyky\u00e4 s\u00e4ilytt\u00e4\u00e4 kosteutta.<\/li>\n<li>Vahvistaa verisuonten sein\u00e4mi\u00e4, edist\u00e4\u00e4 myrkyllisten aineiden ja ylim\u00e4\u00e4r\u00e4isen nesteen poistumista soluista.<\/li>\n<li>Tuote normalisoi kudosten kosteustasapainoa, edist\u00e4\u00e4 kosteuden pid\u00e4tt\u00e4mist\u00e4 ihossa, poistaa kuivuutta, parantaa ulkon\u00e4k\u00f6\u00e4, lievitt\u00e4\u00e4 v\u00e4symyksen merkkej\u00e4. Palauttaa ihon elinvoimaisuuden.<\/li>\n<\/ul>\n<p>&nbsp;<\/p>\n<p>Kaikille ihotyypeille.<\/p>\n<p><strong>K\u00e4ytt\u00f6:<\/strong> K\u00e4yt\u00e4 aamuin ja illoin, levit\u00e4 pieni m\u00e4\u00e4r\u00e4 erikseen tai ennen Cheongidan Hwa Hyun -silm\u00e4nymp\u00e4rysvoidetta koko silm\u00e4nymp\u00e4rysiholle. Levit\u00e4 kevyesti silm\u00e4n sis\u00e4kulmasta ulkokulmaan.<\/p>","protected":false},"excerpt":{"rendered":"<p>Silkkinen, ravitseva seerumi, joka on suunniteltu hoitamaan herkk\u00e4\u00e4 silm\u00e4nymp\u00e4rysihoa. Torjuu tehokkaasti ryppyj\u00e4, elvytt\u00e4\u00e4 ja kirkastaa sameaa ihoa. S\u00e4\u00e4nn\u00f6llisen k\u00e4yt\u00f6n j\u00e4lkeen ihosta tulee joustavampi, kiinte\u00e4mpi ja s\u00e4teilev\u00e4mpi. Auttaa poistamaan iho-ongelmia, lievitt\u00e4m\u00e4\u00e4n tulehdusprosesseja ja aknea. Seerumi on osa Cheongidan Regenerating (Hwa Hyun) 'Radiant Health' -sarjaa - palauttavaa, nuorentavaa ja parantavaa...<\/p>","protected":false},"featured_media":13124,"comment_status":"open","ping_status":"closed","template":"","meta":{"_uf_show_specific_survey":0,"_uf_disable_surveys":false,"_bst_post_transparent":"default","_bst_post_title":"","_bst_post_layout":"default","_bst_post_sidebar_id":"","_bst_post_content_style":"default","_bst_post_vertical_padding":"default","_bst_post_feature":"","_bst_post_feature_position":"","_bst_post_header":false,"_bst_post_footer":false},"pwb-brand":[494],"product_brand":[],"product_cat":[92,99,201],"product_tag":[554,635,751],"class_list":{"0":"post-13123","1":"product","2":"type-product","3":"status-publish","4":"has-post-thumbnail","6":"pwb-brand-the-history-of-whoo","7":"product_cat-nagu","8":"product_cat-silmad-ja-huuled-2","9":"product_cat-silmakreem","10":"product_tag-lux","11":"product_tag-serum","12":"product_tag-whoo","14":"first","15":"instock","16":"sale","17":"shipping-taxable","18":"purchasable","19":"product-type-variable","20":"has-default-attributes","21":"entry","22":"content-bg","23":"loop-entry"},"supplier_id":null,"supplier_sku":"","barcode":null,"atum_controlled":true,"out_stock_date":null,"out_stock_threshold":null,"inheritable":true,"inbound_stock":0,"stock_on_hold":0,"sold_today":0,"sales_last_days":0,"out_stock_days":0,"lost_sales":0,"has_location":false,"update_date":"2026-04-14T00:05:07","atum_locations":[],"atum_stock_status":"instock","restock_status":false,"low_stock_amount":"","sales_update_date":"2026-04-14T00:05:07","calc_backorders":null,"yoast_head":"<!-- This site is optimized with the Yoast SEO plugin v27.2 - https:\/\/yoast.com\/product\/yoast-seo-wordpress\/ -->\n<title>The History of Whoo Illuminating Regenerating Eye Serum - IDA.KOREA<\/title>\n<meta name=\"description\" content=\"Siidjas toitev seerum, mis on loodud \u00f5rna silma\u00fcmbruse naha hooldamiseks. Efektiivselt v\u00f5itleb kortse, taastab ja heledab tuhmunud nahka.\" \/>\n<meta name=\"robots\" content=\"index, follow, max-snippet:-1, max-image-preview:large, max-video-preview:-1\" \/>\n<link rel=\"canonical\" href=\"https:\/\/idakorea.ee\/fi\/product\/silmaseerum-the-history-of-whoo-illuminating-regenerating-eye-serum\/\" \/>\n<meta property=\"og:locale\" content=\"fi_FI\" \/>\n<meta property=\"og:type\" content=\"article\" \/>\n<meta property=\"og:title\" content=\"The History of Whoo Illuminating Regenerating Eye Serum - IDA.KOREA\" \/>\n<meta property=\"og:description\" content=\"Siidjas toitev seerum, mis on loodud \u00f5rna silma\u00fcmbruse naha hooldamiseks. Efektiivselt v\u00f5itleb kortse, taastab ja heledab tuhmunud nahka.\" \/>\n<meta property=\"og:url\" content=\"https:\/\/idakorea.ee\/fi\/product\/silmaseerum-the-history-of-whoo-illuminating-regenerating-eye-serum\/\" \/>\n<meta property=\"og:site_name\" content=\"IDA.KOREA\" \/>\n<meta property=\"article:modified_time\" content=\"2026-01-30T12:38:18+00:00\" \/>\n<meta property=\"og:image\" content=\"https:\/\/idakorea.ee\/wp-content\/uploads\/2025\/03\/illuminating-regenerating-eye-serum.jpg\" \/>\n\t<meta property=\"og:image:width\" content=\"1000\" \/>\n\t<meta property=\"og:image:height\" content=\"1000\" \/>\n\t<meta property=\"og:image:type\" content=\"image\/jpeg\" \/>\n<meta name=\"twitter:card\" content=\"summary_large_image\" \/>\n<meta name=\"twitter:label1\" content=\"Arvioitu lukuaika\" \/>\n\t<meta name=\"twitter:data1\" content=\"2 minuuttia\" \/>\n<script type=\"application\/ld+json\" class=\"yoast-schema-graph\">{\"@context\":\"https:\/\/schema.org\",\"@graph\":[{\"@type\":\"WebPage\",\"@id\":\"https:\/\/idakorea.ee\/product\/silmaseerum-the-history-of-whoo-illuminating-regenerating-eye-serum\/\",\"url\":\"https:\/\/idakorea.ee\/product\/silmaseerum-the-history-of-whoo-illuminating-regenerating-eye-serum\/\",\"name\":\"The History of Whoo Illuminating Regenerating Eye Serum - IDA.KOREA\",\"isPartOf\":{\"@id\":\"https:\/\/idakorea.ee\/#website\"},\"primaryImageOfPage\":{\"@id\":\"https:\/\/idakorea.ee\/product\/silmaseerum-the-history-of-whoo-illuminating-regenerating-eye-serum\/#primaryimage\"},\"image\":{\"@id\":\"https:\/\/idakorea.ee\/product\/silmaseerum-the-history-of-whoo-illuminating-regenerating-eye-serum\/#primaryimage\"},\"thumbnailUrl\":\"https:\/\/idakorea.ee\/wp-content\/uploads\/2025\/03\/illuminating-regenerating-eye-serum.jpg\",\"datePublished\":\"2025-03-12T11:56:41+00:00\",\"dateModified\":\"2026-01-30T12:38:18+00:00\",\"description\":\"Siidjas toitev seerum, mis on loodud \u00f5rna silma\u00fcmbruse naha hooldamiseks. Efektiivselt v\u00f5itleb kortse, taastab ja heledab tuhmunud nahka.\",\"breadcrumb\":{\"@id\":\"https:\/\/idakorea.ee\/product\/silmaseerum-the-history-of-whoo-illuminating-regenerating-eye-serum\/#breadcrumb\"},\"inLanguage\":\"fi\",\"potentialAction\":[{\"@type\":\"ReadAction\",\"target\":[\"https:\/\/idakorea.ee\/product\/silmaseerum-the-history-of-whoo-illuminating-regenerating-eye-serum\/\"]}]},{\"@type\":\"ImageObject\",\"inLanguage\":\"fi\",\"@id\":\"https:\/\/idakorea.ee\/product\/silmaseerum-the-history-of-whoo-illuminating-regenerating-eye-serum\/#primaryimage\",\"url\":\"https:\/\/idakorea.ee\/wp-content\/uploads\/2025\/03\/illuminating-regenerating-eye-serum.jpg\",\"contentUrl\":\"https:\/\/idakorea.ee\/wp-content\/uploads\/2025\/03\/illuminating-regenerating-eye-serum.jpg\",\"width\":1000,\"height\":1000},{\"@type\":\"BreadcrumbList\",\"@id\":\"https:\/\/idakorea.ee\/product\/silmaseerum-the-history-of-whoo-illuminating-regenerating-eye-serum\/#breadcrumb\",\"itemListElement\":[{\"@type\":\"ListItem\",\"position\":1,\"name\":\"\u0413\u043b\u0430\u0432\u043d\u0430\u044f \u0441\u0442\u0440\u0430\u043d\u0438\u0446\u0430\",\"item\":\"https:\/\/idakorea.ee\/\"},{\"@type\":\"ListItem\",\"position\":2,\"name\":\"Shop\",\"item\":\"https:\/\/idakorea.ee\/shop-2\/\"},{\"@type\":\"ListItem\",\"position\":3,\"name\":\"Silmaseerum The History of Whoo Illuminating Regenerating Eye Serum\"}]},{\"@type\":\"WebSite\",\"@id\":\"https:\/\/idakorea.ee\/#website\",\"url\":\"https:\/\/idakorea.ee\/\",\"name\":\"IDA.KOREA\",\"description\":\"Korea kosmeetika e-pood\",\"publisher\":{\"@id\":\"https:\/\/idakorea.ee\/#organization\"},\"alternateName\":\"Beauty Shop\",\"potentialAction\":[{\"@type\":\"SearchAction\",\"target\":{\"@type\":\"EntryPoint\",\"urlTemplate\":\"https:\/\/idakorea.ee\/?s={search_term_string}\"},\"query-input\":{\"@type\":\"PropertyValueSpecification\",\"valueRequired\":true,\"valueName\":\"search_term_string\"}}],\"inLanguage\":\"fi\"},{\"@type\":\"Organization\",\"@id\":\"https:\/\/idakorea.ee\/#organization\",\"name\":\"IDA.KOREA\",\"url\":\"https:\/\/idakorea.ee\/\",\"logo\":{\"@type\":\"ImageObject\",\"inLanguage\":\"fi\",\"@id\":\"https:\/\/idakorea.ee\/#\/schema\/logo\/image\/\",\"url\":\"https:\/\/idakorea.ee\/wp-content\/uploads\/2024\/05\/cropped-korea3.png\",\"contentUrl\":\"https:\/\/idakorea.ee\/wp-content\/uploads\/2024\/05\/cropped-korea3.png\",\"width\":688,\"height\":126,\"caption\":\"IDA.KOREA\"},\"image\":{\"@id\":\"https:\/\/idakorea.ee\/#\/schema\/logo\/image\/\"},\"sameAs\":[\"https:\/\/www.instagram.com\/ida.korea\/\"]}]}<\/script>\n<!-- \/ Yoast SEO plugin. -->","yoast_head_json":{"title":"Whoo Illuminating Regenerating Eye Serum -silm\u00e4nymp\u00e4rysseerumin historia - IDA.KOREA","description":"Silkkinen, ravitseva seerumi, joka on suunniteltu hoitamaan herkk\u00e4\u00e4 silm\u00e4nymp\u00e4rysihoa. Torjuu tehokkaasti ryppyj\u00e4, elvytt\u00e4\u00e4 ja kirkastaa sameaa ihoa.","robots":{"index":"index","follow":"follow","max-snippet":"max-snippet:-1","max-image-preview":"max-image-preview:large","max-video-preview":"max-video-preview:-1"},"canonical":"https:\/\/idakorea.ee\/fi\/product\/silmaseerum-the-history-of-whoo-illuminating-regenerating-eye-serum\/","og_locale":"fi_FI","og_type":"article","og_title":"The History of Whoo Illuminating Regenerating Eye Serum - IDA.KOREA","og_description":"Siidjas toitev seerum, mis on loodud \u00f5rna silma\u00fcmbruse naha hooldamiseks. Efektiivselt v\u00f5itleb kortse, taastab ja heledab tuhmunud nahka.","og_url":"https:\/\/idakorea.ee\/fi\/product\/silmaseerum-the-history-of-whoo-illuminating-regenerating-eye-serum\/","og_site_name":"IDA.KOREA","article_modified_time":"2026-01-30T12:38:18+00:00","og_image":[{"width":1000,"height":1000,"url":"https:\/\/idakorea.ee\/wp-content\/uploads\/2025\/03\/illuminating-regenerating-eye-serum.jpg","type":"image\/jpeg"}],"twitter_card":"summary_large_image","twitter_misc":{"Arvioitu lukuaika":"2 minuuttia"},"schema":{"@context":"https:\/\/schema.org","@graph":[{"@type":"WebPage","@id":"https:\/\/idakorea.ee\/product\/silmaseerum-the-history-of-whoo-illuminating-regenerating-eye-serum\/","url":"https:\/\/idakorea.ee\/product\/silmaseerum-the-history-of-whoo-illuminating-regenerating-eye-serum\/","name":"Whoo Illuminating Regenerating Eye Serum -silm\u00e4nymp\u00e4rysseerumin historia - IDA.KOREA","isPartOf":{"@id":"https:\/\/idakorea.ee\/#website"},"primaryImageOfPage":{"@id":"https:\/\/idakorea.ee\/product\/silmaseerum-the-history-of-whoo-illuminating-regenerating-eye-serum\/#primaryimage"},"image":{"@id":"https:\/\/idakorea.ee\/product\/silmaseerum-the-history-of-whoo-illuminating-regenerating-eye-serum\/#primaryimage"},"thumbnailUrl":"https:\/\/idakorea.ee\/wp-content\/uploads\/2025\/03\/illuminating-regenerating-eye-serum.jpg","datePublished":"2025-03-12T11:56:41+00:00","dateModified":"2026-01-30T12:38:18+00:00","description":"Silkkinen, ravitseva seerumi, joka on suunniteltu hoitamaan herkk\u00e4\u00e4 silm\u00e4nymp\u00e4rysihoa. Torjuu tehokkaasti ryppyj\u00e4, elvytt\u00e4\u00e4 ja kirkastaa sameaa ihoa.","breadcrumb":{"@id":"https:\/\/idakorea.ee\/product\/silmaseerum-the-history-of-whoo-illuminating-regenerating-eye-serum\/#breadcrumb"},"inLanguage":"fi","potentialAction":[{"@type":"ReadAction","target":["https:\/\/idakorea.ee\/product\/silmaseerum-the-history-of-whoo-illuminating-regenerating-eye-serum\/"]}]},{"@type":"ImageObject","inLanguage":"fi","@id":"https:\/\/idakorea.ee\/product\/silmaseerum-the-history-of-whoo-illuminating-regenerating-eye-serum\/#primaryimage","url":"https:\/\/idakorea.ee\/wp-content\/uploads\/2025\/03\/illuminating-regenerating-eye-serum.jpg","contentUrl":"https:\/\/idakorea.ee\/wp-content\/uploads\/2025\/03\/illuminating-regenerating-eye-serum.jpg","width":1000,"height":1000},{"@type":"BreadcrumbList","@id":"https:\/\/idakorea.ee\/product\/silmaseerum-the-history-of-whoo-illuminating-regenerating-eye-serum\/#breadcrumb","itemListElement":[{"@type":"ListItem","position":1,"name":"\u0413\u043b\u0430\u0432\u043d\u0430\u044f \u0441\u0442\u0440\u0430\u043d\u0438\u0446\u0430","item":"https:\/\/idakorea.ee\/"},{"@type":"ListItem","position":2,"name":"Shop","item":"https:\/\/idakorea.ee\/shop-2\/"},{"@type":"ListItem","position":3,"name":"Silmaseerum The History of Whoo Illuminating Regenerating Eye Serum"}]},{"@type":"WebSite","@id":"https:\/\/idakorea.ee\/#website","url":"https:\/\/idakorea.ee\/","name":"IDA.KOREA","description":"Korean kosmetiikan verkkokauppa","publisher":{"@id":"https:\/\/idakorea.ee\/#organization"},"alternateName":"Beauty Shop","potentialAction":[{"@type":"SearchAction","target":{"@type":"EntryPoint","urlTemplate":"https:\/\/idakorea.ee\/?s={search_term_string}"},"query-input":{"@type":"PropertyValueSpecification","valueRequired":true,"valueName":"search_term_string"}}],"inLanguage":"fi"},{"@type":"Organization","@id":"https:\/\/idakorea.ee\/#organization","name":"IDA.KOREA","url":"https:\/\/idakorea.ee\/","logo":{"@type":"ImageObject","inLanguage":"fi","@id":"https:\/\/idakorea.ee\/#\/schema\/logo\/image\/","url":"https:\/\/idakorea.ee\/wp-content\/uploads\/2024\/05\/cropped-korea3.png","contentUrl":"https:\/\/idakorea.ee\/wp-content\/uploads\/2024\/05\/cropped-korea3.png","width":688,"height":126,"caption":"IDA.KOREA"},"image":{"@id":"https:\/\/idakorea.ee\/#\/schema\/logo\/image\/"},"sameAs":["https:\/\/www.instagram.com\/ida.korea\/"]}]}},"jetpack_sharing_enabled":true,"brands":[{"id":494,"name":"WHOON HISTORIA","slug":"the-history-of-whoo"}],"_links":{"self":[{"href":"https:\/\/idakorea.ee\/fi\/wp-json\/wp\/v2\/product\/13123","targetHints":{"allow":["GET"]}}],"collection":[{"href":"https:\/\/idakorea.ee\/fi\/wp-json\/wp\/v2\/product"}],"about":[{"href":"https:\/\/idakorea.ee\/fi\/wp-json\/wp\/v2\/types\/product"}],"replies":[{"embeddable":true,"href":"https:\/\/idakorea.ee\/fi\/wp-json\/wp\/v2\/comments?post=13123"}],"version-history":[{"count":1,"href":"https:\/\/idakorea.ee\/fi\/wp-json\/wp\/v2\/product\/13123\/revisions"}],"predecessor-version":[{"id":13129,"href":"https:\/\/idakorea.ee\/fi\/wp-json\/wp\/v2\/product\/13123\/revisions\/13129"}],"wp:featuredmedia":[{"embeddable":true,"href":"https:\/\/idakorea.ee\/fi\/wp-json\/wp\/v2\/media\/13124"}],"wp:attachment":[{"href":"https:\/\/idakorea.ee\/fi\/wp-json\/wp\/v2\/media?parent=13123"}],"wp:term":[{"taxonomy":"pwb-brand","embeddable":true,"href":"https:\/\/idakorea.ee\/fi\/wp-json\/wp\/v2\/pwb-brand?post=13123"},{"taxonomy":"product_brand","embeddable":true,"href":"https:\/\/idakorea.ee\/fi\/wp-json\/wp\/v2\/product_brand?post=13123"},{"taxonomy":"product_cat","embeddable":true,"href":"https:\/\/idakorea.ee\/fi\/wp-json\/wp\/v2\/product_cat?post=13123"},{"taxonomy":"product_tag","embeddable":true,"href":"https:\/\/idakorea.ee\/fi\/wp-json\/wp\/v2\/product_tag?post=13123"}],"curies":[{"name":"wp","href":"https:\/\/api.w.org\/{rel}","templated":true}]}}