{"id":13130,"date":"2025-03-12T14:22:20","date_gmt":"2025-03-12T12:22:20","guid":{"rendered":"https:\/\/idakorea.ee\/?post_type=product&#038;p=13130"},"modified":"2026-03-04T16:58:23","modified_gmt":"2026-03-04T14:58:23","slug":"taastav-essents-the-history-of-whoo-cheongidan-illuminating-regenerating-essence","status":"publish","type":"product","link":"https:\/\/idakorea.ee\/fi\/product\/taastav-essents-the-history-of-whoo-cheongidan-illuminating-regenerating-essence\/","title":{"rendered":"Taastav essents Whoo Cheongidan Illuminating Regenerating Essence -esanssin historiaa"},"content":{"rendered":"<p>Uudistava uute antaa iholle hehkua ja lis\u00e4\u00e4 elinvoimaa. Se torjuu tehokkaasti ryppyj\u00e4, palauttaa ja kirkastaa sameaa ihoa. Uute rikastuttaa ihoa hell\u00e4varaisesti aktiivisilla ainesosilla, edist\u00e4\u00e4 syv\u00e4imeytymist\u00e4, t\u00e4ydent\u00e4\u00e4 ravinteiden ja kosteuttajien varastoja sek\u00e4 vahvistaa ihon turgoria.<\/p>\n<p>S\u00e4\u00e4nn\u00f6llisen k\u00e4yt\u00f6n j\u00e4lkeen ihosta tulee kimmoisampi, kiinte\u00e4mpi ja kirkkaampi. Auttaa poistamaan iho-ongelmia ja lievitt\u00e4m\u00e4\u00e4n tulehdusprosesseja.<\/p>\n<p>Voide imeytyy helposti. K\u00e4yt\u00f6n j\u00e4lkeen iho n\u00e4ytt\u00e4\u00e4 raikkaalta ja lev\u00e4nneelt\u00e4, ja siit\u00e4 tulee pehme\u00e4 ja silkkisen sile\u00e4.<\/p>\n<p>Ydin kuuluu <strong>Cheongidan Regenerating (Hwa Hyun) \u201cLoistava terveys\u201d<\/strong> sarja \u2013 t\u00e4m\u00e4 on palauttava, nuorentava ja parantava tuotelinja, joka perustuu 30 it\u00e4maisen rohdoskasvin kompleksiin. T\u00e4m\u00e4n sarjan tuotteet on valmistettu kuningatar Zha-Hin salaisen reseptin mukaan, joka tunnettiin virheett\u00f6m\u00e4st\u00e4 ihostaan jo 80-vuotiaana. S\u00e4\u00e4nn\u00f6llinen k\u00e4ytt\u00f6 johtaa silkkisen pehme\u00e4\u00e4n, s\u00e4teilev\u00e4\u00e4n ja terveeseen ihoon.<\/p>\n<p>Luonnollisten ainesosien \u2013 villin ginsengin juuriuutteen, l\u00e4\u00e4kinn\u00e4llisen kupenan juuriuutteen, lapamu-juuriuutteen, villisitruunauutteen, peuransarviuutteen, l\u00e4\u00e4kinn\u00e4llisen magnolian uutteen, aprikoosinsiemen\u00f6ljyn, oliivi\u00f6ljyn, vadelmauutteen, poria cocos -uutteen ja helmijauheen \u2013 pitoisuus antaa tuotteelle palauttavia ja nuorentavia ominaisuuksia.<\/p>\n<p><strong>Hwa Hyun -sarja:<\/strong><br \/>\nNuorentava vaikutus \u2013 v\u00e4hent\u00e4\u00e4 ryppyjen syvyytt\u00e4 ja est\u00e4\u00e4 uusien muodostumista, vahvistaa ihon kimmoisuutta.<br \/>\nOptimoi hydrolipiditasapainoa, tasoittaa ihon rakennetta. Palauttaa elinvoiman, kosteuttaa ja puhdistaa ihoa.<br \/>\nTasoittaa ihonv\u00e4ri\u00e4 ja auttaa torjumaan ik\u00e4\u00e4ntymisen merkkej\u00e4 (kuivuus, pigmenttimuutokset jne.). Parantaa ihon kyky\u00e4 sitoa kosteutta.<br \/>\nVahvistaa verisuonten sein\u00e4mi\u00e4, edist\u00e4\u00e4 myrkkyjen ja ylim\u00e4\u00e4r\u00e4isen nesteen poistumista soluista.<br \/>\nNormalisoi ihon kosteustasapainon, poistaa kuivuutta, parantaa ihon ulkon\u00e4k\u00f6\u00e4 ja v\u00e4hent\u00e4\u00e4 v\u00e4symyksen merkkej\u00e4.<\/p>\n<p>&nbsp;<\/p>\n<p>Sopii kaikille ihotyypeille.<\/p>\n<p><strong>K\u00e4ytt\u00f6:<\/strong> K\u00e4yt\u00e4 aamuin illoin. Levit\u00e4 pieni m\u00e4\u00e4r\u00e4 tuotetta kasvoveden j\u00e4lkeen.<\/p>","protected":false},"excerpt":{"rendered":"<p>Palauttava uute antaa iholle s\u00e4teilyn ja lis\u00e4\u00e4 elinvoimaa. Se torjuu tehokkaasti ryppyj\u00e4, palauttaa ja kirkastaa sameaa ihoa. Se rikastuttaa ihoa hell\u00e4varaisesti aktiivisilla ainesosilla, edist\u00e4\u00e4 ihon syv\u00e4\u00e4 imeytymist\u00e4, t\u00e4ydent\u00e4\u00e4 ravinne- ja kosteutusvarastoja ja vahvistaa ihon turgoria. S\u00e4\u00e4nn\u00f6llisen k\u00e4yt\u00f6n j\u00e4lkeen ihosta tulee kimmoisampi, t\u00e4ytel\u00e4isempi ja s\u00e4teilev\u00e4mpi. Auttaa poistamaan iho-ongelmia ja lievitt\u00e4m\u00e4\u00e4n tulehdusprosesseja. Eteesi imeytyy...<\/p>","protected":false},"featured_media":13131,"comment_status":"open","ping_status":"closed","template":"","meta":{"_uf_show_specific_survey":0,"_uf_disable_surveys":false,"_bst_post_transparent":"default","_bst_post_title":"","_bst_post_layout":"default","_bst_post_sidebar_id":"","_bst_post_content_style":"default","_bst_post_vertical_padding":"default","_bst_post_feature":"","_bst_post_feature_position":"","_bst_post_header":false,"_bst_post_footer":false},"pwb-brand":[494],"product_brand":[],"product_cat":[92,97],"product_tag":[554,751],"class_list":{"0":"post-13130","1":"product","2":"type-product","3":"status-publish","4":"has-post-thumbnail","6":"pwb-brand-the-history-of-whoo","7":"product_cat-nagu","8":"product_cat-naoseerumid-ja-olid","9":"product_tag-lux","10":"product_tag-whoo","12":"first","13":"instock","14":"sale","15":"shipping-taxable","16":"purchasable","17":"product-type-variable","18":"has-default-attributes","19":"entry","20":"content-bg","21":"loop-entry"},"supplier_id":null,"supplier_sku":"","barcode":null,"atum_controlled":true,"out_stock_date":null,"out_stock_threshold":null,"inheritable":true,"inbound_stock":0,"stock_on_hold":0,"sold_today":0,"sales_last_days":0,"out_stock_days":0,"lost_sales":0,"has_location":false,"update_date":"2026-04-14T00:05:07","atum_locations":[],"atum_stock_status":"instock","restock_status":false,"low_stock_amount":"","sales_update_date":"2026-04-14T00:05:07","calc_backorders":null,"yoast_head":"<!-- This site is optimized with the Yoast SEO plugin v27.2 - https:\/\/yoast.com\/product\/yoast-seo-wordpress\/ -->\n<title>The History of Whoo Cheongidan Illuminating Regenerating Essence - IDA.KOREA<\/title>\n<meta name=\"description\" content=\"Taastav essents annab nahale s\u00e4ra ja suurendab eluj\u00f5udu. See v\u00f5itleb t\u00f5husalt kortsude vastu, taastab ja helendab tuhmi nahka.\" \/>\n<meta name=\"robots\" content=\"index, follow, max-snippet:-1, max-image-preview:large, max-video-preview:-1\" \/>\n<link rel=\"canonical\" href=\"https:\/\/idakorea.ee\/fi\/product\/taastav-essents-the-history-of-whoo-cheongidan-illuminating-regenerating-essence\/\" \/>\n<meta property=\"og:locale\" content=\"fi_FI\" \/>\n<meta property=\"og:type\" content=\"article\" \/>\n<meta property=\"og:title\" content=\"The History of Whoo Cheongidan Illuminating Regenerating Essence - IDA.KOREA\" \/>\n<meta property=\"og:description\" content=\"Taastav essents annab nahale s\u00e4ra ja suurendab eluj\u00f5udu. See v\u00f5itleb t\u00f5husalt kortsude vastu, taastab ja helendab tuhmi nahka.\" \/>\n<meta property=\"og:url\" content=\"https:\/\/idakorea.ee\/fi\/product\/taastav-essents-the-history-of-whoo-cheongidan-illuminating-regenerating-essence\/\" \/>\n<meta property=\"og:site_name\" content=\"IDA.KOREA\" \/>\n<meta property=\"article:modified_time\" content=\"2026-03-04T14:58:23+00:00\" \/>\n<meta property=\"og:image\" content=\"https:\/\/idakorea.ee\/wp-content\/uploads\/2025\/03\/51105194_1.jpg\" \/>\n\t<meta property=\"og:image:width\" content=\"1000\" \/>\n\t<meta property=\"og:image:height\" content=\"1000\" \/>\n\t<meta property=\"og:image:type\" content=\"image\/jpeg\" \/>\n<meta name=\"twitter:card\" content=\"summary_large_image\" \/>\n<meta name=\"twitter:label1\" content=\"Arvioitu lukuaika\" \/>\n\t<meta name=\"twitter:data1\" content=\"2 minuuttia\" \/>\n<script type=\"application\/ld+json\" class=\"yoast-schema-graph\">{\"@context\":\"https:\/\/schema.org\",\"@graph\":[{\"@type\":\"WebPage\",\"@id\":\"https:\/\/idakorea.ee\/product\/taastav-essents-the-history-of-whoo-cheongidan-illuminating-regenerating-essence\/\",\"url\":\"https:\/\/idakorea.ee\/product\/taastav-essents-the-history-of-whoo-cheongidan-illuminating-regenerating-essence\/\",\"name\":\"The History of Whoo Cheongidan Illuminating Regenerating Essence - IDA.KOREA\",\"isPartOf\":{\"@id\":\"https:\/\/idakorea.ee\/#website\"},\"primaryImageOfPage\":{\"@id\":\"https:\/\/idakorea.ee\/product\/taastav-essents-the-history-of-whoo-cheongidan-illuminating-regenerating-essence\/#primaryimage\"},\"image\":{\"@id\":\"https:\/\/idakorea.ee\/product\/taastav-essents-the-history-of-whoo-cheongidan-illuminating-regenerating-essence\/#primaryimage\"},\"thumbnailUrl\":\"https:\/\/idakorea.ee\/wp-content\/uploads\/2025\/03\/51105194_1.jpg\",\"datePublished\":\"2025-03-12T12:22:20+00:00\",\"dateModified\":\"2026-03-04T14:58:23+00:00\",\"description\":\"Taastav essents annab nahale s\u00e4ra ja suurendab eluj\u00f5udu. See v\u00f5itleb t\u00f5husalt kortsude vastu, taastab ja helendab tuhmi nahka.\",\"breadcrumb\":{\"@id\":\"https:\/\/idakorea.ee\/product\/taastav-essents-the-history-of-whoo-cheongidan-illuminating-regenerating-essence\/#breadcrumb\"},\"inLanguage\":\"fi\",\"potentialAction\":[{\"@type\":\"ReadAction\",\"target\":[\"https:\/\/idakorea.ee\/product\/taastav-essents-the-history-of-whoo-cheongidan-illuminating-regenerating-essence\/\"]}]},{\"@type\":\"ImageObject\",\"inLanguage\":\"fi\",\"@id\":\"https:\/\/idakorea.ee\/product\/taastav-essents-the-history-of-whoo-cheongidan-illuminating-regenerating-essence\/#primaryimage\",\"url\":\"https:\/\/idakorea.ee\/wp-content\/uploads\/2025\/03\/51105194_1.jpg\",\"contentUrl\":\"https:\/\/idakorea.ee\/wp-content\/uploads\/2025\/03\/51105194_1.jpg\",\"width\":1000,\"height\":1000},{\"@type\":\"BreadcrumbList\",\"@id\":\"https:\/\/idakorea.ee\/product\/taastav-essents-the-history-of-whoo-cheongidan-illuminating-regenerating-essence\/#breadcrumb\",\"itemListElement\":[{\"@type\":\"ListItem\",\"position\":1,\"name\":\"\u0413\u043b\u0430\u0432\u043d\u0430\u044f \u0441\u0442\u0440\u0430\u043d\u0438\u0446\u0430\",\"item\":\"https:\/\/idakorea.ee\/\"},{\"@type\":\"ListItem\",\"position\":2,\"name\":\"Shop\",\"item\":\"https:\/\/idakorea.ee\/shop-2\/\"},{\"@type\":\"ListItem\",\"position\":3,\"name\":\"Taastav essents The History of Whoo Cheongidan Illuminating Regenerating Essence\"}]},{\"@type\":\"WebSite\",\"@id\":\"https:\/\/idakorea.ee\/#website\",\"url\":\"https:\/\/idakorea.ee\/\",\"name\":\"IDA.KOREA\",\"description\":\"Korea kosmeetika e-pood\",\"publisher\":{\"@id\":\"https:\/\/idakorea.ee\/#organization\"},\"alternateName\":\"Beauty Shop\",\"potentialAction\":[{\"@type\":\"SearchAction\",\"target\":{\"@type\":\"EntryPoint\",\"urlTemplate\":\"https:\/\/idakorea.ee\/?s={search_term_string}\"},\"query-input\":{\"@type\":\"PropertyValueSpecification\",\"valueRequired\":true,\"valueName\":\"search_term_string\"}}],\"inLanguage\":\"fi\"},{\"@type\":\"Organization\",\"@id\":\"https:\/\/idakorea.ee\/#organization\",\"name\":\"IDA.KOREA\",\"url\":\"https:\/\/idakorea.ee\/\",\"logo\":{\"@type\":\"ImageObject\",\"inLanguage\":\"fi\",\"@id\":\"https:\/\/idakorea.ee\/#\/schema\/logo\/image\/\",\"url\":\"https:\/\/idakorea.ee\/wp-content\/uploads\/2024\/05\/cropped-korea3.png\",\"contentUrl\":\"https:\/\/idakorea.ee\/wp-content\/uploads\/2024\/05\/cropped-korea3.png\",\"width\":688,\"height\":126,\"caption\":\"IDA.KOREA\"},\"image\":{\"@id\":\"https:\/\/idakorea.ee\/#\/schema\/logo\/image\/\"},\"sameAs\":[\"https:\/\/www.instagram.com\/ida.korea\/\"]}]}<\/script>\n<!-- \/ Yoast SEO plugin. -->","yoast_head_json":{"title":"Whoo Cheongidan -valaisevan ja uudistavan essenssin historia - IDA.KOREA","description":"Uudistava essenssi antaa iholle hehkua ja lis\u00e4\u00e4 elinvoimaa. Se torjuu tehokkaasti ryppyj\u00e4, palauttaa ja kirkastaa sameaa ihoa.","robots":{"index":"index","follow":"follow","max-snippet":"max-snippet:-1","max-image-preview":"max-image-preview:large","max-video-preview":"max-video-preview:-1"},"canonical":"https:\/\/idakorea.ee\/fi\/product\/taastav-essents-the-history-of-whoo-cheongidan-illuminating-regenerating-essence\/","og_locale":"fi_FI","og_type":"article","og_title":"The History of Whoo Cheongidan Illuminating Regenerating Essence - IDA.KOREA","og_description":"Taastav essents annab nahale s\u00e4ra ja suurendab eluj\u00f5udu. See v\u00f5itleb t\u00f5husalt kortsude vastu, taastab ja helendab tuhmi nahka.","og_url":"https:\/\/idakorea.ee\/fi\/product\/taastav-essents-the-history-of-whoo-cheongidan-illuminating-regenerating-essence\/","og_site_name":"IDA.KOREA","article_modified_time":"2026-03-04T14:58:23+00:00","og_image":[{"width":1000,"height":1000,"url":"https:\/\/idakorea.ee\/wp-content\/uploads\/2025\/03\/51105194_1.jpg","type":"image\/jpeg"}],"twitter_card":"summary_large_image","twitter_misc":{"Arvioitu lukuaika":"2 minuuttia"},"schema":{"@context":"https:\/\/schema.org","@graph":[{"@type":"WebPage","@id":"https:\/\/idakorea.ee\/product\/taastav-essents-the-history-of-whoo-cheongidan-illuminating-regenerating-essence\/","url":"https:\/\/idakorea.ee\/product\/taastav-essents-the-history-of-whoo-cheongidan-illuminating-regenerating-essence\/","name":"Whoo Cheongidan -valaisevan ja uudistavan essenssin historia - IDA.KOREA","isPartOf":{"@id":"https:\/\/idakorea.ee\/#website"},"primaryImageOfPage":{"@id":"https:\/\/idakorea.ee\/product\/taastav-essents-the-history-of-whoo-cheongidan-illuminating-regenerating-essence\/#primaryimage"},"image":{"@id":"https:\/\/idakorea.ee\/product\/taastav-essents-the-history-of-whoo-cheongidan-illuminating-regenerating-essence\/#primaryimage"},"thumbnailUrl":"https:\/\/idakorea.ee\/wp-content\/uploads\/2025\/03\/51105194_1.jpg","datePublished":"2025-03-12T12:22:20+00:00","dateModified":"2026-03-04T14:58:23+00:00","description":"Uudistava essenssi antaa iholle hehkua ja lis\u00e4\u00e4 elinvoimaa. Se torjuu tehokkaasti ryppyj\u00e4, palauttaa ja kirkastaa sameaa ihoa.","breadcrumb":{"@id":"https:\/\/idakorea.ee\/product\/taastav-essents-the-history-of-whoo-cheongidan-illuminating-regenerating-essence\/#breadcrumb"},"inLanguage":"fi","potentialAction":[{"@type":"ReadAction","target":["https:\/\/idakorea.ee\/product\/taastav-essents-the-history-of-whoo-cheongidan-illuminating-regenerating-essence\/"]}]},{"@type":"ImageObject","inLanguage":"fi","@id":"https:\/\/idakorea.ee\/product\/taastav-essents-the-history-of-whoo-cheongidan-illuminating-regenerating-essence\/#primaryimage","url":"https:\/\/idakorea.ee\/wp-content\/uploads\/2025\/03\/51105194_1.jpg","contentUrl":"https:\/\/idakorea.ee\/wp-content\/uploads\/2025\/03\/51105194_1.jpg","width":1000,"height":1000},{"@type":"BreadcrumbList","@id":"https:\/\/idakorea.ee\/product\/taastav-essents-the-history-of-whoo-cheongidan-illuminating-regenerating-essence\/#breadcrumb","itemListElement":[{"@type":"ListItem","position":1,"name":"\u0413\u043b\u0430\u0432\u043d\u0430\u044f \u0441\u0442\u0440\u0430\u043d\u0438\u0446\u0430","item":"https:\/\/idakorea.ee\/"},{"@type":"ListItem","position":2,"name":"Shop","item":"https:\/\/idakorea.ee\/shop-2\/"},{"@type":"ListItem","position":3,"name":"Taastav essents The History of Whoo Cheongidan Illuminating Regenerating Essence"}]},{"@type":"WebSite","@id":"https:\/\/idakorea.ee\/#website","url":"https:\/\/idakorea.ee\/","name":"IDA.KOREA","description":"Korean kosmetiikan verkkokauppa","publisher":{"@id":"https:\/\/idakorea.ee\/#organization"},"alternateName":"Beauty Shop","potentialAction":[{"@type":"SearchAction","target":{"@type":"EntryPoint","urlTemplate":"https:\/\/idakorea.ee\/?s={search_term_string}"},"query-input":{"@type":"PropertyValueSpecification","valueRequired":true,"valueName":"search_term_string"}}],"inLanguage":"fi"},{"@type":"Organization","@id":"https:\/\/idakorea.ee\/#organization","name":"IDA.KOREA","url":"https:\/\/idakorea.ee\/","logo":{"@type":"ImageObject","inLanguage":"fi","@id":"https:\/\/idakorea.ee\/#\/schema\/logo\/image\/","url":"https:\/\/idakorea.ee\/wp-content\/uploads\/2024\/05\/cropped-korea3.png","contentUrl":"https:\/\/idakorea.ee\/wp-content\/uploads\/2024\/05\/cropped-korea3.png","width":688,"height":126,"caption":"IDA.KOREA"},"image":{"@id":"https:\/\/idakorea.ee\/#\/schema\/logo\/image\/"},"sameAs":["https:\/\/www.instagram.com\/ida.korea\/"]}]}},"jetpack_sharing_enabled":true,"brands":[{"id":494,"name":"WHOON HISTORIA","slug":"the-history-of-whoo"}],"_links":{"self":[{"href":"https:\/\/idakorea.ee\/fi\/wp-json\/wp\/v2\/product\/13130","targetHints":{"allow":["GET"]}}],"collection":[{"href":"https:\/\/idakorea.ee\/fi\/wp-json\/wp\/v2\/product"}],"about":[{"href":"https:\/\/idakorea.ee\/fi\/wp-json\/wp\/v2\/types\/product"}],"replies":[{"embeddable":true,"href":"https:\/\/idakorea.ee\/fi\/wp-json\/wp\/v2\/comments?post=13130"}],"version-history":[{"count":3,"href":"https:\/\/idakorea.ee\/fi\/wp-json\/wp\/v2\/product\/13130\/revisions"}],"predecessor-version":[{"id":13137,"href":"https:\/\/idakorea.ee\/fi\/wp-json\/wp\/v2\/product\/13130\/revisions\/13137"}],"wp:featuredmedia":[{"embeddable":true,"href":"https:\/\/idakorea.ee\/fi\/wp-json\/wp\/v2\/media\/13131"}],"wp:attachment":[{"href":"https:\/\/idakorea.ee\/fi\/wp-json\/wp\/v2\/media?parent=13130"}],"wp:term":[{"taxonomy":"pwb-brand","embeddable":true,"href":"https:\/\/idakorea.ee\/fi\/wp-json\/wp\/v2\/pwb-brand?post=13130"},{"taxonomy":"product_brand","embeddable":true,"href":"https:\/\/idakorea.ee\/fi\/wp-json\/wp\/v2\/product_brand?post=13130"},{"taxonomy":"product_cat","embeddable":true,"href":"https:\/\/idakorea.ee\/fi\/wp-json\/wp\/v2\/product_cat?post=13130"},{"taxonomy":"product_tag","embeddable":true,"href":"https:\/\/idakorea.ee\/fi\/wp-json\/wp\/v2\/product_tag?post=13130"}],"curies":[{"name":"wp","href":"https:\/\/api.w.org\/{rel}","templated":true}]}}