{"id":13146,"date":"2025-03-13T09:59:19","date_gmt":"2025-03-13T07:59:19","guid":{"rendered":"https:\/\/idakorea.ee\/?post_type=product&#038;p=13146"},"modified":"2026-04-11T16:22:33","modified_gmt":"2026-04-11T14:22:33","slug":"naokreem-vananemisvastase-toimega-medicube-triple-collagen-cream-50ml","status":"publish","type":"product","link":"https:\/\/idakorea.ee\/fi\/product\/naokreem-vananemisvastase-toimega-medicube-triple-collagen-cream-50ml\/","title":{"rendered":"Medicube Triple Collagen Cream, 50ml, anti-ageing kasvovoide, 50ml"},"content":{"rendered":"<p><strong>Medicube Triple Collagen -voide<\/strong> \u2013 ik\u00e4\u00e4ntymist\u00e4 ehk\u00e4isev\u00e4 kasvovoide. Kosmetiikkatuotteen sis\u00e4lt\u00e4m\u00e4 kollageeni ja elastiini parantavat ihon kimmoisuutta ja kiinteytt\u00e4 sek\u00e4 v\u00e4hent\u00e4v\u00e4t ryppyjen n\u00e4kymist\u00e4. Niasiiniamidi v\u00e4hent\u00e4\u00e4 talintuotantoa ja neutraloi vapaiden radikaalien haitallisia vaikutuksia, jotka kiihdytt\u00e4v\u00e4t ihon ik\u00e4\u00e4ntymist\u00e4. Aasian lumpeen uute rauhoittaa punoitusta ja \u00e4rsytyst\u00e4 sek\u00e4 parantaa ihon kosteustasapainoa.<\/p>\n<p>Voiteen koostumusta t\u00e4ydent\u00e4\u00e4 Pseudoalteromonas-heimon mikro-organismien k\u00e4ymistuotteista saatu uute \u2013 peptidi, joka arvokkaiden komponenttien, kuten aminohappojen, ansiosta lis\u00e4\u00e4 kollageenin ja elastiinin tuotantoa, parantaa ihon rakennetta ja lis\u00e4\u00e4 sen kosteustasoa.<\/p>\n<p><strong>Aktiiviset ainesosat:<\/strong><\/p>\n<ul>\n<li><strong>Kollaasit<\/strong> \u2013 parantaa ihon kimmoisuutta ja vahvuutta, kosteuttaa, ravitsee ja rauhoittaa \u00e4rsytyst\u00e4.<\/li>\n<li><strong>Elastiini<\/strong> \u2013 ik\u00e4\u00e4ntymist\u00e4 ehk\u00e4isev\u00e4 ja kosteuttava vaikutus, palauttaa ihon kimmoisuuden.<\/li>\n<li><strong>Niasiiniamidi<\/strong> \u2013 poistaa vapaiden radikaalien haitalliset vaikutukset, sill\u00e4 on tulehdusta ja bakteereja est\u00e4vi\u00e4 vaikutuksia, v\u00e4hent\u00e4\u00e4 talirauhasten tuotantoa ja supistaa ihohuokosia, ehk\u00e4isee ik\u00e4l\u00e4iskien muodostumista.<\/li>\n<li><strong>Aasian vesikrassiuute<\/strong> \u2013 sill\u00e4 on antibakteerisia, tulehdusta ehk\u00e4isevi\u00e4 ja rauhoittavia vaikutuksia.<\/li>\n<li><strong>Pseudoalteromonas-k\u00e4ymisuute<\/strong> \u2013 lis\u00e4\u00e4 ihon kollageenin ja elastiinin tuotantoa, kosteuttaa, v\u00e4hent\u00e4\u00e4 talin erityst\u00e4 ja supistaa visuaalisesti ihohuokosia.<\/li>\n<\/ul>\n<p>&nbsp;<\/p>\n<p>Sopii kaikille ihotyypeille.<\/p>\n<p><strong>K\u00e4ytt\u00f6ohjeet: <\/strong>Levit\u00e4 sopiva m\u00e4\u00e4r\u00e4 voidetta huolellisesti puhdistetulle ja kasvojen iholle.<\/p>","protected":false},"excerpt":{"rendered":"<p>Medicube Triple Collagen Cream - anti-ageing kasvovoide. Sis\u00e4lt\u00e4\u00e4 kollageenia ja elastiinia, jotka parantavat ihon kimmoisuutta ja kiinteytt\u00e4 sek\u00e4 v\u00e4hent\u00e4v\u00e4t ryppyj\u00e4. Niasiiniamidi v\u00e4hent\u00e4\u00e4 talintuotantoa ja neutraloi vapaiden radikaalien haitallisia vaikutuksia, jotka nopeuttavat ihon ik\u00e4\u00e4ntymist\u00e4. Aasialainen vesikrassi rauhoittaa punoitusta ja \u00e4rsytyst\u00e4 ja parantaa ihon kosteutta. Voiteen koostumusta t\u00e4ydent\u00e4\u00e4 Pseudoalteromonas-mikro-organismiperheen fermentaatiotuotteista saatu uute.....<\/p>","protected":false},"featured_media":13147,"comment_status":"open","ping_status":"closed","template":"","meta":{"_uf_show_specific_survey":0,"_uf_disable_surveys":false,"_bst_post_transparent":"default","_bst_post_title":"","_bst_post_layout":"default","_bst_post_sidebar_id":"","_bst_post_content_style":"default","_bst_post_vertical_padding":"default","_bst_post_feature":"","_bst_post_feature_position":"","_bst_post_header":false,"_bst_post_footer":false},"pwb-brand":[490],"product_brand":[],"product_cat":[92,96],"product_tag":[517,721,842],"class_list":{"0":"post-13146","1":"product","2":"type-product","3":"status-publish","4":"has-post-thumbnail","6":"pwb-brand-medicube","7":"product_cat-nagu","8":"product_cat-naokreemid","9":"product_tag-collagen","10":"product_tag-medicube","11":"product_tag-triple","13":"first","14":"instock","15":"sale","16":"shipping-taxable","17":"purchasable","18":"product-type-simple","19":"entry","20":"content-bg","21":"loop-entry"},"supplier_id":null,"supplier_sku":"","barcode":null,"atum_controlled":true,"out_stock_date":null,"out_stock_threshold":null,"inheritable":false,"inbound_stock":0,"stock_on_hold":0,"sold_today":0,"sales_last_days":0,"out_stock_days":0,"lost_sales":0,"has_location":false,"update_date":"2026-04-15T00:05:18","atum_locations":[],"atum_stock_status":"instock","restock_status":false,"low_stock_amount":"","sales_update_date":"2026-04-15T00:05:18","calc_backorders":null,"yoast_head":"<!-- This site is optimized with the Yoast SEO plugin v27.2 - https:\/\/yoast.com\/product\/yoast-seo-wordpress\/ -->\n<title>N\u00e4okreem vananemisvastase toimega Medicube Triple Collagen Cream, 50ml - IDA.KOREA<\/title>\n<meta name=\"description\" content=\"Medicube Triple Collagen Cream \u2013 n\u00e4okreem vananemisvastase toimega. Kosmeetikatootes sisalduv kollageen ja elastiin parandavad naha elastsust ja tugevust ning v\u00e4hendavad kortsude n\u00e4htavust.\" \/>\n<meta name=\"robots\" content=\"index, follow, max-snippet:-1, max-image-preview:large, max-video-preview:-1\" \/>\n<link rel=\"canonical\" href=\"https:\/\/idakorea.ee\/fi\/product\/naokreem-vananemisvastase-toimega-medicube-triple-collagen-cream-50ml\/\" \/>\n<meta property=\"og:locale\" content=\"fi_FI\" \/>\n<meta property=\"og:type\" content=\"article\" \/>\n<meta property=\"og:title\" content=\"N\u00e4okreem vananemisvastase toimega Medicube Triple Collagen Cream, 50ml - IDA.KOREA\" \/>\n<meta property=\"og:description\" content=\"Medicube Triple Collagen Cream \u2013 n\u00e4okreem vananemisvastase toimega. Kosmeetikatootes sisalduv kollageen ja elastiin parandavad naha elastsust ja tugevust ning v\u00e4hendavad kortsude n\u00e4htavust.\" \/>\n<meta property=\"og:url\" content=\"https:\/\/idakorea.ee\/fi\/product\/naokreem-vananemisvastase-toimega-medicube-triple-collagen-cream-50ml\/\" \/>\n<meta property=\"og:site_name\" content=\"IDA.KOREA\" \/>\n<meta property=\"article:modified_time\" content=\"2026-04-11T14:22:33+00:00\" \/>\n<meta property=\"og:image\" content=\"https:\/\/idakorea.ee\/wp-content\/uploads\/2025\/03\/medicube_triple_collagen_cream_4.0-idakorea.webp\" \/>\n\t<meta property=\"og:image:width\" content=\"950\" \/>\n\t<meta property=\"og:image:height\" content=\"950\" \/>\n\t<meta property=\"og:image:type\" content=\"image\/webp\" \/>\n<meta name=\"twitter:card\" content=\"summary_large_image\" \/>\n<meta name=\"twitter:label1\" content=\"Arvioitu lukuaika\" \/>\n\t<meta name=\"twitter:data1\" content=\"2 minuuttia\" \/>\n<script type=\"application\/ld+json\" class=\"yoast-schema-graph\">{\"@context\":\"https:\/\/schema.org\",\"@graph\":[{\"@type\":\"WebPage\",\"@id\":\"https:\/\/idakorea.ee\/product\/naokreem-vananemisvastase-toimega-medicube-triple-collagen-cream-50ml\/\",\"url\":\"https:\/\/idakorea.ee\/product\/naokreem-vananemisvastase-toimega-medicube-triple-collagen-cream-50ml\/\",\"name\":\"N\u00e4okreem vananemisvastase toimega Medicube Triple Collagen Cream, 50ml - IDA.KOREA\",\"isPartOf\":{\"@id\":\"https:\/\/idakorea.ee\/#website\"},\"primaryImageOfPage\":{\"@id\":\"https:\/\/idakorea.ee\/product\/naokreem-vananemisvastase-toimega-medicube-triple-collagen-cream-50ml\/#primaryimage\"},\"image\":{\"@id\":\"https:\/\/idakorea.ee\/product\/naokreem-vananemisvastase-toimega-medicube-triple-collagen-cream-50ml\/#primaryimage\"},\"thumbnailUrl\":\"https:\/\/idakorea.ee\/wp-content\/uploads\/2025\/03\/medicube_triple_collagen_cream_4.0-idakorea.webp\",\"datePublished\":\"2025-03-13T07:59:19+00:00\",\"dateModified\":\"2026-04-11T14:22:33+00:00\",\"description\":\"Medicube Triple Collagen Cream \u2013 n\u00e4okreem vananemisvastase toimega. Kosmeetikatootes sisalduv kollageen ja elastiin parandavad naha elastsust ja tugevust ning v\u00e4hendavad kortsude n\u00e4htavust.\",\"breadcrumb\":{\"@id\":\"https:\/\/idakorea.ee\/product\/naokreem-vananemisvastase-toimega-medicube-triple-collagen-cream-50ml\/#breadcrumb\"},\"inLanguage\":\"fi\",\"potentialAction\":[{\"@type\":\"ReadAction\",\"target\":[\"https:\/\/idakorea.ee\/product\/naokreem-vananemisvastase-toimega-medicube-triple-collagen-cream-50ml\/\"]}]},{\"@type\":\"ImageObject\",\"inLanguage\":\"fi\",\"@id\":\"https:\/\/idakorea.ee\/product\/naokreem-vananemisvastase-toimega-medicube-triple-collagen-cream-50ml\/#primaryimage\",\"url\":\"https:\/\/idakorea.ee\/wp-content\/uploads\/2025\/03\/medicube_triple_collagen_cream_4.0-idakorea.webp\",\"contentUrl\":\"https:\/\/idakorea.ee\/wp-content\/uploads\/2025\/03\/medicube_triple_collagen_cream_4.0-idakorea.webp\",\"width\":950,\"height\":950},{\"@type\":\"BreadcrumbList\",\"@id\":\"https:\/\/idakorea.ee\/product\/naokreem-vananemisvastase-toimega-medicube-triple-collagen-cream-50ml\/#breadcrumb\",\"itemListElement\":[{\"@type\":\"ListItem\",\"position\":1,\"name\":\"\u0413\u043b\u0430\u0432\u043d\u0430\u044f \u0441\u0442\u0440\u0430\u043d\u0438\u0446\u0430\",\"item\":\"https:\/\/idakorea.ee\/\"},{\"@type\":\"ListItem\",\"position\":2,\"name\":\"Shop\",\"item\":\"https:\/\/idakorea.ee\/shop-2\/\"},{\"@type\":\"ListItem\",\"position\":3,\"name\":\"N\u00e4okreem vananemisvastase toimega Medicube Triple Collagen Cream, 50ml\"}]},{\"@type\":\"WebSite\",\"@id\":\"https:\/\/idakorea.ee\/#website\",\"url\":\"https:\/\/idakorea.ee\/\",\"name\":\"IDA.KOREA\",\"description\":\"Korea kosmeetika e-pood\",\"publisher\":{\"@id\":\"https:\/\/idakorea.ee\/#organization\"},\"alternateName\":\"Beauty Shop\",\"potentialAction\":[{\"@type\":\"SearchAction\",\"target\":{\"@type\":\"EntryPoint\",\"urlTemplate\":\"https:\/\/idakorea.ee\/?s={search_term_string}\"},\"query-input\":{\"@type\":\"PropertyValueSpecification\",\"valueRequired\":true,\"valueName\":\"search_term_string\"}}],\"inLanguage\":\"fi\"},{\"@type\":\"Organization\",\"@id\":\"https:\/\/idakorea.ee\/#organization\",\"name\":\"IDA.KOREA\",\"url\":\"https:\/\/idakorea.ee\/\",\"logo\":{\"@type\":\"ImageObject\",\"inLanguage\":\"fi\",\"@id\":\"https:\/\/idakorea.ee\/#\/schema\/logo\/image\/\",\"url\":\"https:\/\/idakorea.ee\/wp-content\/uploads\/2024\/05\/cropped-korea3.png\",\"contentUrl\":\"https:\/\/idakorea.ee\/wp-content\/uploads\/2024\/05\/cropped-korea3.png\",\"width\":688,\"height\":126,\"caption\":\"IDA.KOREA\"},\"image\":{\"@id\":\"https:\/\/idakorea.ee\/#\/schema\/logo\/image\/\"},\"sameAs\":[\"https:\/\/www.instagram.com\/ida.korea\/\"]}]}<\/script>\n<!-- \/ Yoast SEO plugin. -->","yoast_head_json":{"title":"Ik\u00e4\u00e4ntymist\u00e4 ehk\u00e4isev\u00e4 kasvovoide Medicube Triple Collagen Cream, 50ml - IDA.KOREA","description":"Medicube Triple Collagen Cream \u2013 kasvovoide, jolla on ik\u00e4\u00e4ntymist\u00e4 ehk\u00e4isevi\u00e4 vaikutuksia. Kosmetiikkatuotteen sis\u00e4lt\u00e4m\u00e4 kollageeni ja elastiini parantavat ihon kimmoisuutta ja vahvuutta sek\u00e4 v\u00e4hent\u00e4v\u00e4t ryppyjen n\u00e4kymist\u00e4.","robots":{"index":"index","follow":"follow","max-snippet":"max-snippet:-1","max-image-preview":"max-image-preview:large","max-video-preview":"max-video-preview:-1"},"canonical":"https:\/\/idakorea.ee\/fi\/product\/naokreem-vananemisvastase-toimega-medicube-triple-collagen-cream-50ml\/","og_locale":"fi_FI","og_type":"article","og_title":"N\u00e4okreem vananemisvastase toimega Medicube Triple Collagen Cream, 50ml - IDA.KOREA","og_description":"Medicube Triple Collagen Cream \u2013 n\u00e4okreem vananemisvastase toimega. Kosmeetikatootes sisalduv kollageen ja elastiin parandavad naha elastsust ja tugevust ning v\u00e4hendavad kortsude n\u00e4htavust.","og_url":"https:\/\/idakorea.ee\/fi\/product\/naokreem-vananemisvastase-toimega-medicube-triple-collagen-cream-50ml\/","og_site_name":"IDA.KOREA","article_modified_time":"2026-04-11T14:22:33+00:00","og_image":[{"width":950,"height":950,"url":"https:\/\/idakorea.ee\/wp-content\/uploads\/2025\/03\/medicube_triple_collagen_cream_4.0-idakorea.webp","type":"image\/webp"}],"twitter_card":"summary_large_image","twitter_misc":{"Arvioitu lukuaika":"2 minuuttia"},"schema":{"@context":"https:\/\/schema.org","@graph":[{"@type":"WebPage","@id":"https:\/\/idakorea.ee\/product\/naokreem-vananemisvastase-toimega-medicube-triple-collagen-cream-50ml\/","url":"https:\/\/idakorea.ee\/product\/naokreem-vananemisvastase-toimega-medicube-triple-collagen-cream-50ml\/","name":"Ik\u00e4\u00e4ntymist\u00e4 ehk\u00e4isev\u00e4 kasvovoide Medicube Triple Collagen Cream, 50ml - IDA.KOREA","isPartOf":{"@id":"https:\/\/idakorea.ee\/#website"},"primaryImageOfPage":{"@id":"https:\/\/idakorea.ee\/product\/naokreem-vananemisvastase-toimega-medicube-triple-collagen-cream-50ml\/#primaryimage"},"image":{"@id":"https:\/\/idakorea.ee\/product\/naokreem-vananemisvastase-toimega-medicube-triple-collagen-cream-50ml\/#primaryimage"},"thumbnailUrl":"https:\/\/idakorea.ee\/wp-content\/uploads\/2025\/03\/medicube_triple_collagen_cream_4.0-idakorea.webp","datePublished":"2025-03-13T07:59:19+00:00","dateModified":"2026-04-11T14:22:33+00:00","description":"Medicube Triple Collagen Cream \u2013 kasvovoide, jolla on ik\u00e4\u00e4ntymist\u00e4 ehk\u00e4isevi\u00e4 vaikutuksia. Kosmetiikkatuotteen sis\u00e4lt\u00e4m\u00e4 kollageeni ja elastiini parantavat ihon kimmoisuutta ja vahvuutta sek\u00e4 v\u00e4hent\u00e4v\u00e4t ryppyjen n\u00e4kymist\u00e4.","breadcrumb":{"@id":"https:\/\/idakorea.ee\/product\/naokreem-vananemisvastase-toimega-medicube-triple-collagen-cream-50ml\/#breadcrumb"},"inLanguage":"fi","potentialAction":[{"@type":"ReadAction","target":["https:\/\/idakorea.ee\/product\/naokreem-vananemisvastase-toimega-medicube-triple-collagen-cream-50ml\/"]}]},{"@type":"ImageObject","inLanguage":"fi","@id":"https:\/\/idakorea.ee\/product\/naokreem-vananemisvastase-toimega-medicube-triple-collagen-cream-50ml\/#primaryimage","url":"https:\/\/idakorea.ee\/wp-content\/uploads\/2025\/03\/medicube_triple_collagen_cream_4.0-idakorea.webp","contentUrl":"https:\/\/idakorea.ee\/wp-content\/uploads\/2025\/03\/medicube_triple_collagen_cream_4.0-idakorea.webp","width":950,"height":950},{"@type":"BreadcrumbList","@id":"https:\/\/idakorea.ee\/product\/naokreem-vananemisvastase-toimega-medicube-triple-collagen-cream-50ml\/#breadcrumb","itemListElement":[{"@type":"ListItem","position":1,"name":"\u0413\u043b\u0430\u0432\u043d\u0430\u044f \u0441\u0442\u0440\u0430\u043d\u0438\u0446\u0430","item":"https:\/\/idakorea.ee\/"},{"@type":"ListItem","position":2,"name":"Shop","item":"https:\/\/idakorea.ee\/shop-2\/"},{"@type":"ListItem","position":3,"name":"N\u00e4okreem vananemisvastase toimega Medicube Triple Collagen Cream, 50ml"}]},{"@type":"WebSite","@id":"https:\/\/idakorea.ee\/#website","url":"https:\/\/idakorea.ee\/","name":"IDA.KOREA","description":"Korean kosmetiikan verkkokauppa","publisher":{"@id":"https:\/\/idakorea.ee\/#organization"},"alternateName":"Beauty Shop","potentialAction":[{"@type":"SearchAction","target":{"@type":"EntryPoint","urlTemplate":"https:\/\/idakorea.ee\/?s={search_term_string}"},"query-input":{"@type":"PropertyValueSpecification","valueRequired":true,"valueName":"search_term_string"}}],"inLanguage":"fi"},{"@type":"Organization","@id":"https:\/\/idakorea.ee\/#organization","name":"IDA.KOREA","url":"https:\/\/idakorea.ee\/","logo":{"@type":"ImageObject","inLanguage":"fi","@id":"https:\/\/idakorea.ee\/#\/schema\/logo\/image\/","url":"https:\/\/idakorea.ee\/wp-content\/uploads\/2024\/05\/cropped-korea3.png","contentUrl":"https:\/\/idakorea.ee\/wp-content\/uploads\/2024\/05\/cropped-korea3.png","width":688,"height":126,"caption":"IDA.KOREA"},"image":{"@id":"https:\/\/idakorea.ee\/#\/schema\/logo\/image\/"},"sameAs":["https:\/\/www.instagram.com\/ida.korea\/"]}]}},"jetpack_sharing_enabled":true,"brands":[{"id":490,"name":"MEDICUBE","slug":"medicube"}],"_links":{"self":[{"href":"https:\/\/idakorea.ee\/fi\/wp-json\/wp\/v2\/product\/13146","targetHints":{"allow":["GET"]}}],"collection":[{"href":"https:\/\/idakorea.ee\/fi\/wp-json\/wp\/v2\/product"}],"about":[{"href":"https:\/\/idakorea.ee\/fi\/wp-json\/wp\/v2\/types\/product"}],"replies":[{"embeddable":true,"href":"https:\/\/idakorea.ee\/fi\/wp-json\/wp\/v2\/comments?post=13146"}],"version-history":[{"count":1,"href":"https:\/\/idakorea.ee\/fi\/wp-json\/wp\/v2\/product\/13146\/revisions"}],"predecessor-version":[{"id":13150,"href":"https:\/\/idakorea.ee\/fi\/wp-json\/wp\/v2\/product\/13146\/revisions\/13150"}],"wp:featuredmedia":[{"embeddable":true,"href":"https:\/\/idakorea.ee\/fi\/wp-json\/wp\/v2\/media\/13147"}],"wp:attachment":[{"href":"https:\/\/idakorea.ee\/fi\/wp-json\/wp\/v2\/media?parent=13146"}],"wp:term":[{"taxonomy":"pwb-brand","embeddable":true,"href":"https:\/\/idakorea.ee\/fi\/wp-json\/wp\/v2\/pwb-brand?post=13146"},{"taxonomy":"product_brand","embeddable":true,"href":"https:\/\/idakorea.ee\/fi\/wp-json\/wp\/v2\/product_brand?post=13146"},{"taxonomy":"product_cat","embeddable":true,"href":"https:\/\/idakorea.ee\/fi\/wp-json\/wp\/v2\/product_cat?post=13146"},{"taxonomy":"product_tag","embeddable":true,"href":"https:\/\/idakorea.ee\/fi\/wp-json\/wp\/v2\/product_tag?post=13146"}],"curies":[{"name":"wp","href":"https:\/\/api.w.org\/{rel}","templated":true}]}}