{"id":13151,"date":"2025-03-13T11:11:29","date_gmt":"2025-03-13T09:11:29","guid":{"rendered":"https:\/\/idakorea.ee\/?post_type=product&#038;p=13151"},"modified":"2026-04-04T11:08:08","modified_gmt":"2026-04-04T09:08:08","slug":"ch-three-double-up-lifting-premium-mask","status":"publish","type":"product","link":"https:\/\/idakorea.ee\/fi\/product\/ch-three-double-up-lifting-premium-mask\/","title":{"rendered":"CH.Three Double Up Lifting Premium naamio"},"content":{"rendered":"<p><strong>CH.THREE Double Up -kohottava Premium-naamio<\/strong>\u00a0 Tehokas kasvonaamio, joka auttaa parantamaan kasvojen muotoja, lis\u00e4\u00e4m\u00e4\u00e4n ihon kimmoisuutta ja silottamaan ryppyj\u00e4. Naamio sis\u00e4lt\u00e4\u00e4 runsaasti uutteita ja sill\u00e4 on voimakas kiinteytt\u00e4v\u00e4 vaikutus, joka tarjoaa ammattimaiseen kosmeettiseen toimenpiteeseen verrattavaa ihonhoitoa.<\/p>\n<p><strong>T\u00e4rkeimm\u00e4t ominaisuudet ja edut:<\/strong><\/p>\n<ul>\n<li><strong>Ik\u00e4\u00e4ntymist\u00e4 ehk\u00e4isev\u00e4 hoito:<\/strong> Naamio auttaa tasoittamaan sek\u00e4 hienoja ett\u00e4 syvi\u00e4 ryppyj\u00e4, parantaen ihon rakennetta ja kimmoisuutta.<\/li>\n<li><strong>Kiinteytt\u00e4v\u00e4 vaikutus:<\/strong> Levityksen j\u00e4lkeen iholle muodostuu tukeva kalvo, joka kiinteytt\u00e4\u00e4 ihoa tehden siit\u00e4 kiinte\u00e4mm\u00e4n ja joustavamman.<\/li>\n<\/ul>\n<p><strong>Ravitsevat ainesosat:<\/strong><\/p>\n<ul>\n<li style=\"list-style-type: none;\">\n<ul>\n<li><strong>Niasiiniamidi:<\/strong> Tasoittaa ihon s\u00e4vy\u00e4 ja v\u00e4hent\u00e4\u00e4 pigmenttil\u00e4iski\u00e4.<\/li>\n<li><strong>Adenosiini:<\/strong> Edist\u00e4\u00e4 solujen uusiutumista ja hidastaa ik\u00e4\u00e4ntymisprosessia.<\/li>\n<li><strong>Glyseriini:<\/strong> Tarjoaa syv\u00e4\u00e4 nesteytyst\u00e4.<\/li>\n<\/ul>\n<\/li>\n<\/ul>\n<p>Naamio sopii erinomaisesti niille, jotka haluavat v\u00e4lit\u00f6nt\u00e4 kohottavaa vaikutusta ja raikkautta, sek\u00e4 p\u00e4ivitt\u00e4iseen kasvojenhoitoon. S\u00e4\u00e4nn\u00f6llisess\u00e4 k\u00e4yt\u00f6ss\u00e4 ihon rakenne paranee, sen rakenne vahvistuu ja rypyt v\u00e4henev\u00e4t.<\/p>\n<p>&nbsp;<\/p>\n<p><strong>K\u00e4ytt\u00f6:<\/strong><\/p>\n<ol>\n<li><span style=\"font-family: var(--global-body-font-family);\">Ennen avaamista levit\u00e4 essenssi tasaisesti naamiopakkaukseen.<\/span><\/li>\n<li>Levit\u00e4 naamio kasvoillesi ja anna sen vaikuttaa 20 minuuttia.<\/li>\n<li>Poistamisen j\u00e4lkeen hiero j\u00e4ljelle j\u00e4\u00e4nyt voide kaulallesi ja kasvoillesi.<\/li>\n<li>Saat lis\u00e4\u00e4 kohottavaa vaikutusta antamalla kalvon vaikuttaa iholla 1\u20138 tuntia ja huuhtelemalla sen sitten l\u00e4mpim\u00e4ll\u00e4 vedell\u00e4.<\/li>\n<\/ol>","protected":false},"excerpt":{"rendered":"<p>CH.THREE Double Up Lifting Premium Mask on tehokas kasvonaamio, joka auttaa parantamaan kasvojen \u00e4\u00e4riviivoja, lis\u00e4\u00e4m\u00e4\u00e4n ihon kimmoisuutta ja tasoittamaan ryppyj\u00e4. Naamio sis\u00e4lt\u00e4\u00e4 runsaasti esansseja ja sill\u00e4 on voimakas kirist\u00e4v\u00e4 vaikutus, joka tarjoaa ammattimaiseen kosmeettiseen toimenpiteeseen verrattavan ihonhoidon. T\u00e4rkeimm\u00e4t ominaisuudet ja hy\u00f6dyt.<\/p>","protected":false},"featured_media":13152,"comment_status":"open","ping_status":"closed","template":"","meta":{"_uf_show_specific_survey":0,"_uf_disable_surveys":false,"_bst_post_transparent":"default","_bst_post_title":"","_bst_post_layout":"default","_bst_post_sidebar_id":"","_bst_post_content_style":"default","_bst_post_vertical_padding":"default","_bst_post_feature":"","_bst_post_feature_position":"","_bst_post_header":false,"_bst_post_footer":false},"pwb-brand":[843],"product_brand":[],"product_cat":[92,98],"product_tag":[],"class_list":{"0":"post-13151","1":"product","2":"type-product","3":"status-publish","4":"has-post-thumbnail","6":"pwb-brand-ch-three","7":"product_cat-nagu","8":"product_cat-naomaskid","10":"first","11":"instock","12":"sale","13":"shipping-taxable","14":"purchasable","15":"product-type-simple","16":"entry","17":"content-bg","18":"loop-entry"},"supplier_id":null,"supplier_sku":"","barcode":null,"atum_controlled":true,"out_stock_date":null,"out_stock_threshold":null,"inheritable":false,"inbound_stock":0,"stock_on_hold":0,"sold_today":0,"sales_last_days":1,"out_stock_days":0,"lost_sales":0,"has_location":false,"update_date":"2026-04-14T00:05:05","atum_locations":[],"atum_stock_status":"instock","restock_status":false,"low_stock_amount":"","sales_update_date":"2026-04-14T00:05:05","calc_backorders":null,"yoast_head":"<!-- This site is optimized with the Yoast SEO plugin v27.2 - https:\/\/yoast.com\/product\/yoast-seo-wordpress\/ -->\n<title>CH.Three Double Up Lifting Premium Mask - IDA.KOREA<\/title>\n<meta name=\"robots\" content=\"index, follow, max-snippet:-1, max-image-preview:large, max-video-preview:-1\" \/>\n<link rel=\"canonical\" href=\"https:\/\/idakorea.ee\/fi\/product\/ch-three-double-up-lifting-premium-mask\/\" \/>\n<meta property=\"og:locale\" content=\"fi_FI\" \/>\n<meta property=\"og:type\" content=\"article\" \/>\n<meta property=\"og:title\" content=\"CH.Three Double Up Lifting Premium Mask - IDA.KOREA\" \/>\n<meta property=\"og:description\" content=\"CH.THREE Double Up Lifting Premium Mask\u00a0 efektiivne n\u00e4omask, mis aitab parandada n\u00e4okontuure, suurendada naha elastsust ja siluda kortse. Mask sisaldab suures kontsentratsioonis essentsi ning omab tugevat pinguldavat toimet, pakkudes nahahooldust, mida v\u00f5ib v\u00f5rrelda professionaalse kosmeetilise protseduuriga. Peamised omadused ja eelised: Vananemisvastane hooldus: Mask aitab siluda nii peeneid kui ka s\u00fcgavaid kortse, parandades naha tekstuuri ja...\" \/>\n<meta property=\"og:url\" content=\"https:\/\/idakorea.ee\/fi\/product\/ch-three-double-up-lifting-premium-mask\/\" \/>\n<meta property=\"og:site_name\" content=\"IDA.KOREA\" \/>\n<meta property=\"article:modified_time\" content=\"2026-04-04T09:08:08+00:00\" \/>\n<meta property=\"og:image\" content=\"https:\/\/idakorea.ee\/wp-content\/uploads\/2025\/03\/s-l400.jpg\" \/>\n\t<meta property=\"og:image:width\" content=\"400\" \/>\n\t<meta property=\"og:image:height\" content=\"400\" \/>\n\t<meta property=\"og:image:type\" content=\"image\/jpeg\" \/>\n<meta name=\"twitter:card\" content=\"summary_large_image\" \/>\n<meta name=\"twitter:label1\" content=\"Arvioitu lukuaika\" \/>\n\t<meta name=\"twitter:data1\" content=\"2 minuuttia\" \/>\n<script type=\"application\/ld+json\" class=\"yoast-schema-graph\">{\"@context\":\"https:\/\/schema.org\",\"@graph\":[{\"@type\":\"WebPage\",\"@id\":\"https:\/\/idakorea.ee\/product\/ch-three-double-up-lifting-premium-mask\/\",\"url\":\"https:\/\/idakorea.ee\/product\/ch-three-double-up-lifting-premium-mask\/\",\"name\":\"CH.Three Double Up Lifting Premium Mask - IDA.KOREA\",\"isPartOf\":{\"@id\":\"https:\/\/idakorea.ee\/#website\"},\"primaryImageOfPage\":{\"@id\":\"https:\/\/idakorea.ee\/product\/ch-three-double-up-lifting-premium-mask\/#primaryimage\"},\"image\":{\"@id\":\"https:\/\/idakorea.ee\/product\/ch-three-double-up-lifting-premium-mask\/#primaryimage\"},\"thumbnailUrl\":\"https:\/\/idakorea.ee\/wp-content\/uploads\/2025\/03\/s-l400.jpg\",\"datePublished\":\"2025-03-13T09:11:29+00:00\",\"dateModified\":\"2026-04-04T09:08:08+00:00\",\"breadcrumb\":{\"@id\":\"https:\/\/idakorea.ee\/product\/ch-three-double-up-lifting-premium-mask\/#breadcrumb\"},\"inLanguage\":\"fi\",\"potentialAction\":[{\"@type\":\"ReadAction\",\"target\":[\"https:\/\/idakorea.ee\/product\/ch-three-double-up-lifting-premium-mask\/\"]}]},{\"@type\":\"ImageObject\",\"inLanguage\":\"fi\",\"@id\":\"https:\/\/idakorea.ee\/product\/ch-three-double-up-lifting-premium-mask\/#primaryimage\",\"url\":\"https:\/\/idakorea.ee\/wp-content\/uploads\/2025\/03\/s-l400.jpg\",\"contentUrl\":\"https:\/\/idakorea.ee\/wp-content\/uploads\/2025\/03\/s-l400.jpg\",\"width\":400,\"height\":400},{\"@type\":\"BreadcrumbList\",\"@id\":\"https:\/\/idakorea.ee\/product\/ch-three-double-up-lifting-premium-mask\/#breadcrumb\",\"itemListElement\":[{\"@type\":\"ListItem\",\"position\":1,\"name\":\"\u0413\u043b\u0430\u0432\u043d\u0430\u044f \u0441\u0442\u0440\u0430\u043d\u0438\u0446\u0430\",\"item\":\"https:\/\/idakorea.ee\/\"},{\"@type\":\"ListItem\",\"position\":2,\"name\":\"Shop\",\"item\":\"https:\/\/idakorea.ee\/shop-2\/\"},{\"@type\":\"ListItem\",\"position\":3,\"name\":\"CH.Three Double Up Lifting Premium Mask\"}]},{\"@type\":\"WebSite\",\"@id\":\"https:\/\/idakorea.ee\/#website\",\"url\":\"https:\/\/idakorea.ee\/\",\"name\":\"IDA.KOREA\",\"description\":\"Korea kosmeetika e-pood\",\"publisher\":{\"@id\":\"https:\/\/idakorea.ee\/#organization\"},\"alternateName\":\"Beauty Shop\",\"potentialAction\":[{\"@type\":\"SearchAction\",\"target\":{\"@type\":\"EntryPoint\",\"urlTemplate\":\"https:\/\/idakorea.ee\/?s={search_term_string}\"},\"query-input\":{\"@type\":\"PropertyValueSpecification\",\"valueRequired\":true,\"valueName\":\"search_term_string\"}}],\"inLanguage\":\"fi\"},{\"@type\":\"Organization\",\"@id\":\"https:\/\/idakorea.ee\/#organization\",\"name\":\"IDA.KOREA\",\"url\":\"https:\/\/idakorea.ee\/\",\"logo\":{\"@type\":\"ImageObject\",\"inLanguage\":\"fi\",\"@id\":\"https:\/\/idakorea.ee\/#\/schema\/logo\/image\/\",\"url\":\"https:\/\/idakorea.ee\/wp-content\/uploads\/2024\/05\/cropped-korea3.png\",\"contentUrl\":\"https:\/\/idakorea.ee\/wp-content\/uploads\/2024\/05\/cropped-korea3.png\",\"width\":688,\"height\":126,\"caption\":\"IDA.KOREA\"},\"image\":{\"@id\":\"https:\/\/idakorea.ee\/#\/schema\/logo\/image\/\"},\"sameAs\":[\"https:\/\/www.instagram.com\/ida.korea\/\"]}]}<\/script>\n<!-- \/ Yoast SEO plugin. -->","yoast_head_json":{"title":"CH.Three Double Up -kohottava Premium-naamio - IDA.KOREA","robots":{"index":"index","follow":"follow","max-snippet":"max-snippet:-1","max-image-preview":"max-image-preview:large","max-video-preview":"max-video-preview:-1"},"canonical":"https:\/\/idakorea.ee\/fi\/product\/ch-three-double-up-lifting-premium-mask\/","og_locale":"fi_FI","og_type":"article","og_title":"CH.Three Double Up Lifting Premium Mask - IDA.KOREA","og_description":"CH.THREE Double Up Lifting Premium Mask\u00a0 efektiivne n\u00e4omask, mis aitab parandada n\u00e4okontuure, suurendada naha elastsust ja siluda kortse. Mask sisaldab suures kontsentratsioonis essentsi ning omab tugevat pinguldavat toimet, pakkudes nahahooldust, mida v\u00f5ib v\u00f5rrelda professionaalse kosmeetilise protseduuriga. Peamised omadused ja eelised: Vananemisvastane hooldus: Mask aitab siluda nii peeneid kui ka s\u00fcgavaid kortse, parandades naha tekstuuri ja...","og_url":"https:\/\/idakorea.ee\/fi\/product\/ch-three-double-up-lifting-premium-mask\/","og_site_name":"IDA.KOREA","article_modified_time":"2026-04-04T09:08:08+00:00","og_image":[{"width":400,"height":400,"url":"https:\/\/idakorea.ee\/wp-content\/uploads\/2025\/03\/s-l400.jpg","type":"image\/jpeg"}],"twitter_card":"summary_large_image","twitter_misc":{"Arvioitu lukuaika":"2 minuuttia"},"schema":{"@context":"https:\/\/schema.org","@graph":[{"@type":"WebPage","@id":"https:\/\/idakorea.ee\/product\/ch-three-double-up-lifting-premium-mask\/","url":"https:\/\/idakorea.ee\/product\/ch-three-double-up-lifting-premium-mask\/","name":"CH.Three Double Up -kohottava Premium-naamio - IDA.KOREA","isPartOf":{"@id":"https:\/\/idakorea.ee\/#website"},"primaryImageOfPage":{"@id":"https:\/\/idakorea.ee\/product\/ch-three-double-up-lifting-premium-mask\/#primaryimage"},"image":{"@id":"https:\/\/idakorea.ee\/product\/ch-three-double-up-lifting-premium-mask\/#primaryimage"},"thumbnailUrl":"https:\/\/idakorea.ee\/wp-content\/uploads\/2025\/03\/s-l400.jpg","datePublished":"2025-03-13T09:11:29+00:00","dateModified":"2026-04-04T09:08:08+00:00","breadcrumb":{"@id":"https:\/\/idakorea.ee\/product\/ch-three-double-up-lifting-premium-mask\/#breadcrumb"},"inLanguage":"fi","potentialAction":[{"@type":"ReadAction","target":["https:\/\/idakorea.ee\/product\/ch-three-double-up-lifting-premium-mask\/"]}]},{"@type":"ImageObject","inLanguage":"fi","@id":"https:\/\/idakorea.ee\/product\/ch-three-double-up-lifting-premium-mask\/#primaryimage","url":"https:\/\/idakorea.ee\/wp-content\/uploads\/2025\/03\/s-l400.jpg","contentUrl":"https:\/\/idakorea.ee\/wp-content\/uploads\/2025\/03\/s-l400.jpg","width":400,"height":400},{"@type":"BreadcrumbList","@id":"https:\/\/idakorea.ee\/product\/ch-three-double-up-lifting-premium-mask\/#breadcrumb","itemListElement":[{"@type":"ListItem","position":1,"name":"\u0413\u043b\u0430\u0432\u043d\u0430\u044f \u0441\u0442\u0440\u0430\u043d\u0438\u0446\u0430","item":"https:\/\/idakorea.ee\/"},{"@type":"ListItem","position":2,"name":"Shop","item":"https:\/\/idakorea.ee\/shop-2\/"},{"@type":"ListItem","position":3,"name":"CH.Three Double Up Lifting Premium Mask"}]},{"@type":"WebSite","@id":"https:\/\/idakorea.ee\/#website","url":"https:\/\/idakorea.ee\/","name":"IDA.KOREA","description":"Korean kosmetiikan verkkokauppa","publisher":{"@id":"https:\/\/idakorea.ee\/#organization"},"alternateName":"Beauty Shop","potentialAction":[{"@type":"SearchAction","target":{"@type":"EntryPoint","urlTemplate":"https:\/\/idakorea.ee\/?s={search_term_string}"},"query-input":{"@type":"PropertyValueSpecification","valueRequired":true,"valueName":"search_term_string"}}],"inLanguage":"fi"},{"@type":"Organization","@id":"https:\/\/idakorea.ee\/#organization","name":"IDA.KOREA","url":"https:\/\/idakorea.ee\/","logo":{"@type":"ImageObject","inLanguage":"fi","@id":"https:\/\/idakorea.ee\/#\/schema\/logo\/image\/","url":"https:\/\/idakorea.ee\/wp-content\/uploads\/2024\/05\/cropped-korea3.png","contentUrl":"https:\/\/idakorea.ee\/wp-content\/uploads\/2024\/05\/cropped-korea3.png","width":688,"height":126,"caption":"IDA.KOREA"},"image":{"@id":"https:\/\/idakorea.ee\/#\/schema\/logo\/image\/"},"sameAs":["https:\/\/www.instagram.com\/ida.korea\/"]}]}},"jetpack_sharing_enabled":true,"brands":[{"id":843,"name":"LUKU KOLMAS","slug":"ch-three"}],"_links":{"self":[{"href":"https:\/\/idakorea.ee\/fi\/wp-json\/wp\/v2\/product\/13151","targetHints":{"allow":["GET"]}}],"collection":[{"href":"https:\/\/idakorea.ee\/fi\/wp-json\/wp\/v2\/product"}],"about":[{"href":"https:\/\/idakorea.ee\/fi\/wp-json\/wp\/v2\/types\/product"}],"replies":[{"embeddable":true,"href":"https:\/\/idakorea.ee\/fi\/wp-json\/wp\/v2\/comments?post=13151"}],"version-history":[{"count":2,"href":"https:\/\/idakorea.ee\/fi\/wp-json\/wp\/v2\/product\/13151\/revisions"}],"predecessor-version":[{"id":17507,"href":"https:\/\/idakorea.ee\/fi\/wp-json\/wp\/v2\/product\/13151\/revisions\/17507"}],"wp:featuredmedia":[{"embeddable":true,"href":"https:\/\/idakorea.ee\/fi\/wp-json\/wp\/v2\/media\/13152"}],"wp:attachment":[{"href":"https:\/\/idakorea.ee\/fi\/wp-json\/wp\/v2\/media?parent=13151"}],"wp:term":[{"taxonomy":"pwb-brand","embeddable":true,"href":"https:\/\/idakorea.ee\/fi\/wp-json\/wp\/v2\/pwb-brand?post=13151"},{"taxonomy":"product_brand","embeddable":true,"href":"https:\/\/idakorea.ee\/fi\/wp-json\/wp\/v2\/product_brand?post=13151"},{"taxonomy":"product_cat","embeddable":true,"href":"https:\/\/idakorea.ee\/fi\/wp-json\/wp\/v2\/product_cat?post=13151"},{"taxonomy":"product_tag","embeddable":true,"href":"https:\/\/idakorea.ee\/fi\/wp-json\/wp\/v2\/product_tag?post=13151"}],"curies":[{"name":"wp","href":"https:\/\/api.w.org\/{rel}","templated":true}]}}