{"id":13161,"date":"2025-03-14T10:10:26","date_gmt":"2025-03-14T08:10:26","guid":{"rendered":"https:\/\/idakorea.ee\/?post_type=product&#038;p=13161"},"modified":"2026-04-03T14:26:52","modified_gmt":"2026-04-03T12:26:52","slug":"silmaumbruskreem-medipeel-phyto-exosome-pdrn-lifting-shot-eye-cream","status":"publish","type":"product","link":"https:\/\/idakorea.ee\/fi\/product\/silmaumbruskreem-medipeel-phyto-exosome-pdrn-lifting-shot-eye-cream\/","title":{"rendered":"Medipeel+ Phyto Exosome PDRN Lifting Shot -silm\u00e4nymp\u00e4rysvoide, 40ml"},"content":{"rendered":"<p><strong>Medipeel+ Phyto Exosome PDRN Lifting Shot -silm\u00e4nymp\u00e4rysvoide<\/strong> on silm\u00e4nymp\u00e4rysvoide, joka hidastaa ik\u00e4\u00e4ntymisprosessia, v\u00e4hent\u00e4\u00e4 ik\u00e4\u00e4ntymiseen liittyvi\u00e4 muutoksia silm\u00e4nymp\u00e4rysiholla ja antaa raikkaan ja lev\u00e4nneen ilmeen.<\/p>\n<p>Voide silottaa ihoa, lis\u00e4\u00e4 sen kimmoisuutta ja kiinteytt\u00e4, v\u00e4hent\u00e4\u00e4 ryppyjen syvyytt\u00e4. Kiinteytt\u00e4\u00e4, kosteuttaa ja ravitsee ihoa, aktivoi uudistumista ja ehk\u00e4isee kuivumista ja hilseily\u00e4. Ei aiheuta \u00e4rsytyst\u00e4.<\/p>\n<p>Ehk\u00e4isee tummien silm\u00e4nalusten ja variksenjalkojen muodostumista. Fytoeksosomien ansiosta aktiiviset ainesosat imeytyv\u00e4t syv\u00e4lle ihoon. Voiteella on vegaaninen V-Label\u00ae-sertifikaatti.<\/p>\n<p><strong>T\u00e4rkeimm\u00e4t vaikuttavat aineet:<\/strong><\/p>\n<ul>\n<li><strong>13 peptidi\u00e4<\/strong> \u2013 niill\u00e4 on ik\u00e4\u00e4ntymist\u00e4 ehk\u00e4isev\u00e4 vaikutus: ne stimuloivat solujen uusiutumista, v\u00e4hent\u00e4v\u00e4t ryppyjen syvyytt\u00e4, silottavat ja kiinteytt\u00e4v\u00e4t ihoa.<\/li>\n<li><strong>Argireliini (botuliinin kaltainen peptidi)<\/strong> \u2013 rentouttaa kasvolihaksia, mik\u00e4 auttaa ehk\u00e4isem\u00e4\u00e4n ryppyjen muodostumista.<\/li>\n<li><strong>PDRN (natrium-DNA)<\/strong> \u2013 stimuloi solujen uudistumista, nopeuttaa ihon uusiutumista, ehk\u00e4isee ryppyj\u00e4 ja tukee ihon vahvuutta ja tiheytt\u00e4.<\/li>\n<li><strong>Omenan kantasolut<\/strong> \u2013 hidastaa ik\u00e4\u00e4ntymisprosessia, silottaa silm\u00e4nymp\u00e4rysihoa ja tukee solujen elinkaarta.<\/li>\n<li><strong>8 erilaista hyaluronihappoa<\/strong> \u2013 sitovat kosteutta ja muodostavat suojaavan kerroksen, joka ehk\u00e4isee kuivuutta ja kirist\u00e4v\u00e4n tunteen syntymist\u00e4.<\/li>\n<li><strong>C-vitamiini (natriumaskorbyylifosfaatti ja askorbiinihappopolypeptidi)<\/strong> \u2013 hell\u00e4varaisessa ja vakaassa muodossa se vaalentaa pigmenttimuutoksia, stimuloi kollageenisynteesi\u00e4 ja suojaa ihoa oksidatiiviselta stressilt\u00e4.<\/li>\n<li><strong>B-vitamiinit (B1 \u2013 tiamiini; B3 \u2013 niasiiniamidi; B6 \u2013 pyridoksiini; B7 \u2013 biotiini; B9 \u2013 foolihappo; B12 \u2013 syanokobalamiini)<\/strong> \u2013 v\u00e4hent\u00e4\u00e4 tulehdusta, lievitt\u00e4\u00e4 \u00e4rsytyst\u00e4 ja punoitusta, vahvistaa ihon suojakerrosta ja silottaa ihon pintaa.<\/li>\n<li><strong>Auringonkukka-, jojoba- ja riisilese\u00f6ljyt<\/strong> \u2013 ravitsevat ja pehment\u00e4v\u00e4t ihoa, vahvistavat kosteussuojaa ja tarjoavat antioksidanttisuojan.<\/li>\n<\/ul>\n<p>&nbsp;<\/p>\n<p><strong>K\u00e4ytt\u00f6: <\/strong>Puhdistuksen, kasvoveden ja seerumin levitt\u00e4misen j\u00e4lkeen levit\u00e4 pieni m\u00e4\u00e4r\u00e4 voidetta silm\u00e4nymp\u00e4rysiholle v\u00e4ltt\u00e4en kosketusta limakalvoihin. Levit\u00e4 hell\u00e4varaisesti taputtelevin liikkein.<\/p>","protected":false},"excerpt":{"rendered":"<p>Medipeel+ Phyto Exosome PDRN Lifting Shot -silm\u00e4nymp\u00e4rysvoide on silm\u00e4nymp\u00e4rysvoide, joka hidastaa ik\u00e4\u00e4ntymisprosessia, v\u00e4hent\u00e4\u00e4 ik\u00e4\u00e4n liittyvi\u00e4 muutoksia silmien ymp\u00e4rill\u00e4 ja antaa raikkaan ja lev\u00e4nneen ilmeen. Voide tasoittaa ihoa, lis\u00e4\u00e4 sen kimmoisuutta ja s\u00e4teilyn m\u00e4\u00e4r\u00e4\u00e4 sek\u00e4 v\u00e4hent\u00e4\u00e4 ryppyjen syvyytt\u00e4. Kiinteytt\u00e4\u00e4, kosteuttaa ja ravitsee ihoa, aktivoi uudistumista ja ehk\u00e4isee ihon kuivumista ja hilseily\u00e4. Ei aiheuta \u00e4rsytyst\u00e4. Ehk\u00e4isee tummien silm\u00e4nalusien muodostumista ja...<\/p>","protected":false},"featured_media":13162,"comment_status":"open","ping_status":"closed","template":"","meta":{"_uf_show_specific_survey":0,"_uf_disable_surveys":false,"_bst_post_transparent":"default","_bst_post_title":"","_bst_post_layout":"default","_bst_post_sidebar_id":"","_bst_post_content_style":"default","_bst_post_vertical_padding":"default","_bst_post_feature":"","_bst_post_feature_position":"","_bst_post_header":false,"_bst_post_footer":false},"pwb-brand":[107],"product_brand":[],"product_cat":[92,99,201],"product_tag":[381,789],"class_list":{"0":"post-13161","1":"product","2":"type-product","3":"status-publish","4":"has-post-thumbnail","6":"pwb-brand-medipeel","7":"product_cat-nagu","8":"product_cat-silmad-ja-huuled-2","9":"product_cat-silmakreem","10":"product_tag-medipeel","11":"product_tag-pdrn","13":"first","14":"instock","15":"sale","16":"shipping-taxable","17":"purchasable","18":"product-type-simple","19":"entry","20":"content-bg","21":"loop-entry"},"supplier_id":null,"supplier_sku":"","barcode":null,"atum_controlled":true,"out_stock_date":null,"out_stock_threshold":null,"inheritable":false,"inbound_stock":0,"stock_on_hold":0,"sold_today":0,"sales_last_days":2,"out_stock_days":0,"lost_sales":0,"has_location":false,"update_date":"2026-04-14T00:05:11","atum_locations":[],"atum_stock_status":"instock","restock_status":false,"low_stock_amount":"","sales_update_date":"2026-04-14T00:05:11","calc_backorders":null,"yoast_head":"<!-- This site is optimized with the Yoast SEO plugin v27.2 - https:\/\/yoast.com\/product\/yoast-seo-wordpress\/ -->\n<title>Medipeel+ Phyto Exosome PDRN Lifting Shot Eye Cream - IDA.KOREA<\/title>\n<meta name=\"description\" content=\"Medipeel+ Phyto Exosome PDRN Lifting Shot Eye Cream on silma\u00fcmbruskreem, mis aeglustab vananemisprotsessi, v\u00e4hendab vanusega seotud muutusi silma\u00fcmbruses ning annab v\u00e4rske ja puhanud ilme.\" \/>\n<meta name=\"robots\" content=\"index, follow, max-snippet:-1, max-image-preview:large, max-video-preview:-1\" \/>\n<link rel=\"canonical\" href=\"https:\/\/idakorea.ee\/fi\/product\/silmaumbruskreem-medipeel-phyto-exosome-pdrn-lifting-shot-eye-cream\/\" \/>\n<meta property=\"og:locale\" content=\"fi_FI\" \/>\n<meta property=\"og:type\" content=\"article\" \/>\n<meta property=\"og:title\" content=\"Medipeel+ Phyto Exosome PDRN Lifting Shot Eye Cream - IDA.KOREA\" \/>\n<meta property=\"og:description\" content=\"Medipeel+ Phyto Exosome PDRN Lifting Shot Eye Cream on silma\u00fcmbruskreem, mis aeglustab vananemisprotsessi, v\u00e4hendab vanusega seotud muutusi silma\u00fcmbruses ning annab v\u00e4rske ja puhanud ilme.\" \/>\n<meta property=\"og:url\" content=\"https:\/\/idakorea.ee\/fi\/product\/silmaumbruskreem-medipeel-phyto-exosome-pdrn-lifting-shot-eye-cream\/\" \/>\n<meta property=\"og:site_name\" content=\"IDA.KOREA\" \/>\n<meta property=\"article:modified_time\" content=\"2026-04-03T12:26:52+00:00\" \/>\n<meta property=\"og:image\" content=\"https:\/\/idakorea.ee\/wp-content\/uploads\/2025\/03\/medipeel_-phyto-exosome-pdr-lifting-shot-eye-cream-idakorea.jpg\" \/>\n\t<meta property=\"og:image:width\" content=\"1000\" \/>\n\t<meta property=\"og:image:height\" content=\"1000\" \/>\n\t<meta property=\"og:image:type\" content=\"image\/jpeg\" \/>\n<meta name=\"twitter:card\" content=\"summary_large_image\" \/>\n<meta name=\"twitter:label1\" content=\"Arvioitu lukuaika\" \/>\n\t<meta name=\"twitter:data1\" content=\"2 minuuttia\" \/>\n<script type=\"application\/ld+json\" class=\"yoast-schema-graph\">{\"@context\":\"https:\/\/schema.org\",\"@graph\":[{\"@type\":\"WebPage\",\"@id\":\"https:\/\/idakorea.ee\/product\/silmaumbruskreem-medipeel-phyto-exosome-pdrn-lifting-shot-eye-cream\/\",\"url\":\"https:\/\/idakorea.ee\/product\/silmaumbruskreem-medipeel-phyto-exosome-pdrn-lifting-shot-eye-cream\/\",\"name\":\"Medipeel+ Phyto Exosome PDRN Lifting Shot Eye Cream - IDA.KOREA\",\"isPartOf\":{\"@id\":\"https:\/\/idakorea.ee\/#website\"},\"primaryImageOfPage\":{\"@id\":\"https:\/\/idakorea.ee\/product\/silmaumbruskreem-medipeel-phyto-exosome-pdrn-lifting-shot-eye-cream\/#primaryimage\"},\"image\":{\"@id\":\"https:\/\/idakorea.ee\/product\/silmaumbruskreem-medipeel-phyto-exosome-pdrn-lifting-shot-eye-cream\/#primaryimage\"},\"thumbnailUrl\":\"https:\/\/idakorea.ee\/wp-content\/uploads\/2025\/03\/medipeel_-phyto-exosome-pdr-lifting-shot-eye-cream-idakorea.jpg\",\"datePublished\":\"2025-03-14T08:10:26+00:00\",\"dateModified\":\"2026-04-03T12:26:52+00:00\",\"description\":\"Medipeel+ Phyto Exosome PDRN Lifting Shot Eye Cream on silma\u00fcmbruskreem, mis aeglustab vananemisprotsessi, v\u00e4hendab vanusega seotud muutusi silma\u00fcmbruses ning annab v\u00e4rske ja puhanud ilme.\",\"breadcrumb\":{\"@id\":\"https:\/\/idakorea.ee\/product\/silmaumbruskreem-medipeel-phyto-exosome-pdrn-lifting-shot-eye-cream\/#breadcrumb\"},\"inLanguage\":\"fi\",\"potentialAction\":[{\"@type\":\"ReadAction\",\"target\":[\"https:\/\/idakorea.ee\/product\/silmaumbruskreem-medipeel-phyto-exosome-pdrn-lifting-shot-eye-cream\/\"]}]},{\"@type\":\"ImageObject\",\"inLanguage\":\"fi\",\"@id\":\"https:\/\/idakorea.ee\/product\/silmaumbruskreem-medipeel-phyto-exosome-pdrn-lifting-shot-eye-cream\/#primaryimage\",\"url\":\"https:\/\/idakorea.ee\/wp-content\/uploads\/2025\/03\/medipeel_-phyto-exosome-pdr-lifting-shot-eye-cream-idakorea.jpg\",\"contentUrl\":\"https:\/\/idakorea.ee\/wp-content\/uploads\/2025\/03\/medipeel_-phyto-exosome-pdr-lifting-shot-eye-cream-idakorea.jpg\",\"width\":1000,\"height\":1000},{\"@type\":\"BreadcrumbList\",\"@id\":\"https:\/\/idakorea.ee\/product\/silmaumbruskreem-medipeel-phyto-exosome-pdrn-lifting-shot-eye-cream\/#breadcrumb\",\"itemListElement\":[{\"@type\":\"ListItem\",\"position\":1,\"name\":\"\u0413\u043b\u0430\u0432\u043d\u0430\u044f \u0441\u0442\u0440\u0430\u043d\u0438\u0446\u0430\",\"item\":\"https:\/\/idakorea.ee\/\"},{\"@type\":\"ListItem\",\"position\":2,\"name\":\"Shop\",\"item\":\"https:\/\/idakorea.ee\/shop-2\/\"},{\"@type\":\"ListItem\",\"position\":3,\"name\":\"Silma\u00fcmbruskreem Medipeel+ Phyto Exosome PDRN Lifting Shot Eye Cream, 40ml\"}]},{\"@type\":\"WebSite\",\"@id\":\"https:\/\/idakorea.ee\/#website\",\"url\":\"https:\/\/idakorea.ee\/\",\"name\":\"IDA.KOREA\",\"description\":\"Korea kosmeetika e-pood\",\"publisher\":{\"@id\":\"https:\/\/idakorea.ee\/#organization\"},\"alternateName\":\"Beauty Shop\",\"potentialAction\":[{\"@type\":\"SearchAction\",\"target\":{\"@type\":\"EntryPoint\",\"urlTemplate\":\"https:\/\/idakorea.ee\/?s={search_term_string}\"},\"query-input\":{\"@type\":\"PropertyValueSpecification\",\"valueRequired\":true,\"valueName\":\"search_term_string\"}}],\"inLanguage\":\"fi\"},{\"@type\":\"Organization\",\"@id\":\"https:\/\/idakorea.ee\/#organization\",\"name\":\"IDA.KOREA\",\"url\":\"https:\/\/idakorea.ee\/\",\"logo\":{\"@type\":\"ImageObject\",\"inLanguage\":\"fi\",\"@id\":\"https:\/\/idakorea.ee\/#\/schema\/logo\/image\/\",\"url\":\"https:\/\/idakorea.ee\/wp-content\/uploads\/2024\/05\/cropped-korea3.png\",\"contentUrl\":\"https:\/\/idakorea.ee\/wp-content\/uploads\/2024\/05\/cropped-korea3.png\",\"width\":688,\"height\":126,\"caption\":\"IDA.KOREA\"},\"image\":{\"@id\":\"https:\/\/idakorea.ee\/#\/schema\/logo\/image\/\"},\"sameAs\":[\"https:\/\/www.instagram.com\/ida.korea\/\"]}]}<\/script>\n<!-- \/ Yoast SEO plugin. -->","yoast_head_json":{"title":"Medipeel+ Phyto Exosome PDRN Lifting Shot -silm\u00e4nymp\u00e4rysvoide - IDA.KOREA","description":"Medipeel+ Phyto Exosome PDRN Lifting Shot Eye Cream on silm\u00e4nymp\u00e4rysvoide, joka hidastaa ik\u00e4\u00e4ntymisprosessia, v\u00e4hent\u00e4\u00e4 ik\u00e4\u00e4ntymiseen liittyvi\u00e4 muutoksia silm\u00e4nymp\u00e4rysiholla ja antaa raikkaan ja lev\u00e4nneen ilmeen.","robots":{"index":"index","follow":"follow","max-snippet":"max-snippet:-1","max-image-preview":"max-image-preview:large","max-video-preview":"max-video-preview:-1"},"canonical":"https:\/\/idakorea.ee\/fi\/product\/silmaumbruskreem-medipeel-phyto-exosome-pdrn-lifting-shot-eye-cream\/","og_locale":"fi_FI","og_type":"article","og_title":"Medipeel+ Phyto Exosome PDRN Lifting Shot Eye Cream - IDA.KOREA","og_description":"Medipeel+ Phyto Exosome PDRN Lifting Shot Eye Cream on silma\u00fcmbruskreem, mis aeglustab vananemisprotsessi, v\u00e4hendab vanusega seotud muutusi silma\u00fcmbruses ning annab v\u00e4rske ja puhanud ilme.","og_url":"https:\/\/idakorea.ee\/fi\/product\/silmaumbruskreem-medipeel-phyto-exosome-pdrn-lifting-shot-eye-cream\/","og_site_name":"IDA.KOREA","article_modified_time":"2026-04-03T12:26:52+00:00","og_image":[{"width":1000,"height":1000,"url":"https:\/\/idakorea.ee\/wp-content\/uploads\/2025\/03\/medipeel_-phyto-exosome-pdr-lifting-shot-eye-cream-idakorea.jpg","type":"image\/jpeg"}],"twitter_card":"summary_large_image","twitter_misc":{"Arvioitu lukuaika":"2 minuuttia"},"schema":{"@context":"https:\/\/schema.org","@graph":[{"@type":"WebPage","@id":"https:\/\/idakorea.ee\/product\/silmaumbruskreem-medipeel-phyto-exosome-pdrn-lifting-shot-eye-cream\/","url":"https:\/\/idakorea.ee\/product\/silmaumbruskreem-medipeel-phyto-exosome-pdrn-lifting-shot-eye-cream\/","name":"Medipeel+ Phyto Exosome PDRN Lifting Shot -silm\u00e4nymp\u00e4rysvoide - IDA.KOREA","isPartOf":{"@id":"https:\/\/idakorea.ee\/#website"},"primaryImageOfPage":{"@id":"https:\/\/idakorea.ee\/product\/silmaumbruskreem-medipeel-phyto-exosome-pdrn-lifting-shot-eye-cream\/#primaryimage"},"image":{"@id":"https:\/\/idakorea.ee\/product\/silmaumbruskreem-medipeel-phyto-exosome-pdrn-lifting-shot-eye-cream\/#primaryimage"},"thumbnailUrl":"https:\/\/idakorea.ee\/wp-content\/uploads\/2025\/03\/medipeel_-phyto-exosome-pdr-lifting-shot-eye-cream-idakorea.jpg","datePublished":"2025-03-14T08:10:26+00:00","dateModified":"2026-04-03T12:26:52+00:00","description":"Medipeel+ Phyto Exosome PDRN Lifting Shot Eye Cream on silm\u00e4nymp\u00e4rysvoide, joka hidastaa ik\u00e4\u00e4ntymisprosessia, v\u00e4hent\u00e4\u00e4 ik\u00e4\u00e4ntymiseen liittyvi\u00e4 muutoksia silm\u00e4nymp\u00e4rysiholla ja antaa raikkaan ja lev\u00e4nneen ilmeen.","breadcrumb":{"@id":"https:\/\/idakorea.ee\/product\/silmaumbruskreem-medipeel-phyto-exosome-pdrn-lifting-shot-eye-cream\/#breadcrumb"},"inLanguage":"fi","potentialAction":[{"@type":"ReadAction","target":["https:\/\/idakorea.ee\/product\/silmaumbruskreem-medipeel-phyto-exosome-pdrn-lifting-shot-eye-cream\/"]}]},{"@type":"ImageObject","inLanguage":"fi","@id":"https:\/\/idakorea.ee\/product\/silmaumbruskreem-medipeel-phyto-exosome-pdrn-lifting-shot-eye-cream\/#primaryimage","url":"https:\/\/idakorea.ee\/wp-content\/uploads\/2025\/03\/medipeel_-phyto-exosome-pdr-lifting-shot-eye-cream-idakorea.jpg","contentUrl":"https:\/\/idakorea.ee\/wp-content\/uploads\/2025\/03\/medipeel_-phyto-exosome-pdr-lifting-shot-eye-cream-idakorea.jpg","width":1000,"height":1000},{"@type":"BreadcrumbList","@id":"https:\/\/idakorea.ee\/product\/silmaumbruskreem-medipeel-phyto-exosome-pdrn-lifting-shot-eye-cream\/#breadcrumb","itemListElement":[{"@type":"ListItem","position":1,"name":"\u0413\u043b\u0430\u0432\u043d\u0430\u044f \u0441\u0442\u0440\u0430\u043d\u0438\u0446\u0430","item":"https:\/\/idakorea.ee\/"},{"@type":"ListItem","position":2,"name":"Shop","item":"https:\/\/idakorea.ee\/shop-2\/"},{"@type":"ListItem","position":3,"name":"Silma\u00fcmbruskreem Medipeel+ Phyto Exosome PDRN Lifting Shot Eye Cream, 40ml"}]},{"@type":"WebSite","@id":"https:\/\/idakorea.ee\/#website","url":"https:\/\/idakorea.ee\/","name":"IDA.KOREA","description":"Korean kosmetiikan verkkokauppa","publisher":{"@id":"https:\/\/idakorea.ee\/#organization"},"alternateName":"Beauty Shop","potentialAction":[{"@type":"SearchAction","target":{"@type":"EntryPoint","urlTemplate":"https:\/\/idakorea.ee\/?s={search_term_string}"},"query-input":{"@type":"PropertyValueSpecification","valueRequired":true,"valueName":"search_term_string"}}],"inLanguage":"fi"},{"@type":"Organization","@id":"https:\/\/idakorea.ee\/#organization","name":"IDA.KOREA","url":"https:\/\/idakorea.ee\/","logo":{"@type":"ImageObject","inLanguage":"fi","@id":"https:\/\/idakorea.ee\/#\/schema\/logo\/image\/","url":"https:\/\/idakorea.ee\/wp-content\/uploads\/2024\/05\/cropped-korea3.png","contentUrl":"https:\/\/idakorea.ee\/wp-content\/uploads\/2024\/05\/cropped-korea3.png","width":688,"height":126,"caption":"IDA.KOREA"},"image":{"@id":"https:\/\/idakorea.ee\/#\/schema\/logo\/image\/"},"sameAs":["https:\/\/www.instagram.com\/ida.korea\/"]}]}},"jetpack_sharing_enabled":true,"brands":[{"id":107,"name":"MEDIPEEL+","slug":"medipeel"}],"_links":{"self":[{"href":"https:\/\/idakorea.ee\/fi\/wp-json\/wp\/v2\/product\/13161","targetHints":{"allow":["GET"]}}],"collection":[{"href":"https:\/\/idakorea.ee\/fi\/wp-json\/wp\/v2\/product"}],"about":[{"href":"https:\/\/idakorea.ee\/fi\/wp-json\/wp\/v2\/types\/product"}],"replies":[{"embeddable":true,"href":"https:\/\/idakorea.ee\/fi\/wp-json\/wp\/v2\/comments?post=13161"}],"version-history":[{"count":2,"href":"https:\/\/idakorea.ee\/fi\/wp-json\/wp\/v2\/product\/13161\/revisions"}],"predecessor-version":[{"id":17412,"href":"https:\/\/idakorea.ee\/fi\/wp-json\/wp\/v2\/product\/13161\/revisions\/17412"}],"wp:featuredmedia":[{"embeddable":true,"href":"https:\/\/idakorea.ee\/fi\/wp-json\/wp\/v2\/media\/13162"}],"wp:attachment":[{"href":"https:\/\/idakorea.ee\/fi\/wp-json\/wp\/v2\/media?parent=13161"}],"wp:term":[{"taxonomy":"pwb-brand","embeddable":true,"href":"https:\/\/idakorea.ee\/fi\/wp-json\/wp\/v2\/pwb-brand?post=13161"},{"taxonomy":"product_brand","embeddable":true,"href":"https:\/\/idakorea.ee\/fi\/wp-json\/wp\/v2\/product_brand?post=13161"},{"taxonomy":"product_cat","embeddable":true,"href":"https:\/\/idakorea.ee\/fi\/wp-json\/wp\/v2\/product_cat?post=13161"},{"taxonomy":"product_tag","embeddable":true,"href":"https:\/\/idakorea.ee\/fi\/wp-json\/wp\/v2\/product_tag?post=13161"}],"curies":[{"name":"wp","href":"https:\/\/api.w.org\/{rel}","templated":true}]}}