{"id":13185,"date":"2025-03-17T11:08:42","date_gmt":"2025-03-17T09:08:42","guid":{"rendered":"https:\/\/idakorea.ee\/?post_type=product&#038;p=13185"},"modified":"2026-01-30T14:33:46","modified_gmt":"2026-01-30T12:33:46","slug":"rahustav-kreem-cnp-bye-od-td-hydra-calming-cream-50-ml","status":"publish","type":"product","link":"https:\/\/idakorea.ee\/fi\/product\/rahustav-kreem-cnp-bye-od-td-hydra-calming-cream-50-ml\/","title":{"rendered":"CNP Bye Od-Td Hydra Calming Cream, 50 ml"},"content":{"rendered":"<p>CNP Bye Od-Td Hydra Calming Cream on syv\u00e4kosteuttava ja rauhoittava voide, joka on suunniteltu rauhoittamaan \u00e4rtynytt\u00e4 ja herkk\u00e4\u00e4 ihoa. Voide tarjoaa pitk\u00e4kestoista kosteutta, v\u00e4hent\u00e4\u00e4 punoitusta ja tulehdusta sek\u00e4 palauttaa ihon tasapainon.<\/p>\n<p>Sen kevyt mutta ravitseva koostumus imeytyy nopeasti, joten se sopii erinomaisesti sek\u00e4 p\u00e4iv\u00e4- ett\u00e4 y\u00f6k\u00e4ytt\u00f6\u00f6n j\u00e4tt\u00e4m\u00e4tt\u00e4 rasvaista tunnetta.<\/p>\n<ul>\n<li>Rauhoittaa ja lievitt\u00e4\u00e4 \u00e4rsytyst\u00e4 \u2013 v\u00e4hent\u00e4\u00e4 punoitusta ja tulehdusta, sopii herk\u00e4lle tai stressaantuneelle iholle.<\/li>\n<li>Syv\u00e4kosteutus \u2013 palauttaa ihon kosteussuojan, ehk\u00e4isee kuivuutta ja kirist\u00e4v\u00e4n tunteen syntymist\u00e4.<\/li>\n<li>Kevyt koostumus \u2013 imeytyy nopeasti ja j\u00e4tt\u00e4\u00e4 ihon pehme\u00e4ksi, sile\u00e4ksi ja miellytt\u00e4v\u00e4n tuntuiseksi ilman rasvaista tunnetta.<\/li>\n<\/ul>\n<h3><\/h3>\n<p>Sopii kaikille ihotyypeille, erityisesti herk\u00e4lle, kuivalle ja \u00e4rtyneelle iholle.<\/p>\n<p><strong>K\u00e4ytt\u00f6:\u00a0<\/strong>levit\u00e4 tarvittava m\u00e4\u00e4r\u00e4 voidetta kasvoille<\/p>","protected":false},"excerpt":{"rendered":"<p>CNP Bye Od-Td Hydra Calming Cream on syv\u00e4sti rauhoittava ja rauhoittava voide, joka on suunniteltu rauhoittamaan \u00e4rtynytt\u00e4 ja herkk\u00e4\u00e4 ihoa. Se antaa pitk\u00e4kestoista kosteutusta, v\u00e4hent\u00e4\u00e4 punoitusta ja tulehdusta ja palauttaa ihon tasapainon. Sen kevyt mutta ravinteikas koostumus imeytyy nopeasti, joten se sopii erinomaisesti p\u00e4iv\u00e4- tai y\u00f6k\u00e4ytt\u00f6\u00f6n j\u00e4tt\u00e4m\u00e4tt\u00e4 rasvaista kerrosta. Rauhoittaa ja lievitt\u00e4\u00e4 \u00e4rsytyst\u00e4.....<\/p>","protected":false},"featured_media":13186,"comment_status":"open","ping_status":"closed","template":"","meta":{"_uf_show_specific_survey":0,"_uf_disable_surveys":false,"_bst_post_transparent":"default","_bst_post_title":"","_bst_post_layout":"default","_bst_post_sidebar_id":"","_bst_post_content_style":"default","_bst_post_vertical_padding":"default","_bst_post_feature":"","_bst_post_feature_position":"","_bst_post_header":false,"_bst_post_footer":false},"pwb-brand":[629],"product_brand":[],"product_cat":[92,96],"product_tag":[847,846],"class_list":{"0":"post-13185","1":"product","2":"type-product","3":"status-publish","4":"has-post-thumbnail","6":"pwb-brand-cnp-laboratory","7":"product_cat-nagu","8":"product_cat-naokreemid","9":"product_tag-acne","10":"product_tag-cnp","12":"first","13":"outofstock","14":"shipping-taxable","15":"purchasable","16":"product-type-simple","17":"entry","18":"content-bg","19":"loop-entry"},"supplier_id":null,"supplier_sku":"","barcode":null,"atum_controlled":true,"out_stock_date":"2026-01-12 15:21:15","out_stock_threshold":null,"inheritable":false,"inbound_stock":0,"stock_on_hold":0,"sold_today":0,"sales_last_days":0,"out_stock_days":124,"lost_sales":228,"has_location":false,"update_date":"2026-05-17T00:04:04","atum_locations":[],"atum_stock_status":"outofstock","restock_status":false,"low_stock_amount":"","sales_update_date":"2026-05-17T00:04:04","calc_backorders":null,"yoast_head":"<!-- This site is optimized with the Yoast SEO plugin v27.2 - https:\/\/yoast.com\/product\/yoast-seo-wordpress\/ -->\n<title>Rahustav kreem CNP Bye Od-Td Hydra Calming Cream, 50 ml - IDA.KOREA<\/title>\n<meta name=\"robots\" content=\"index, follow, max-snippet:-1, max-image-preview:large, max-video-preview:-1\" \/>\n<link rel=\"canonical\" href=\"https:\/\/idakorea.ee\/fi\/product\/rahustav-kreem-cnp-bye-od-td-hydra-calming-cream-50-ml\/\" \/>\n<meta property=\"og:locale\" content=\"fi_FI\" \/>\n<meta property=\"og:type\" content=\"article\" \/>\n<meta property=\"og:title\" content=\"Rahustav kreem CNP Bye Od-Td Hydra Calming Cream, 50 ml - IDA.KOREA\" \/>\n<meta property=\"og:description\" content=\"CNP Bye Od-Td Hydra Calming Cream on s\u00fcgavniisutav ja rahustav kreem, mis on loodud \u00e4rritunud ja tundliku naha leevendamiseks. Kreem tagab pikaajalise niisutuse, v\u00e4hendab punetust ja p\u00f5letikku ning taastab naha tasakaalu. Selle kerge, kuid toitainerikas koostis imendub kiiresti, muutes selle ideaalseks nii p\u00e4evaseks kui ka \u00f6iseks kasutamiseks ilma rasvast kihti j\u00e4tmata. Rahustab ja leevendab \u00e4rritust...\" \/>\n<meta property=\"og:url\" content=\"https:\/\/idakorea.ee\/fi\/product\/rahustav-kreem-cnp-bye-od-td-hydra-calming-cream-50-ml\/\" \/>\n<meta property=\"og:site_name\" content=\"IDA.KOREA\" \/>\n<meta property=\"article:modified_time\" content=\"2026-01-30T12:33:46+00:00\" \/>\n<meta property=\"og:image\" content=\"https:\/\/idakorea.ee\/wp-content\/uploads\/2025\/03\/2_6d915952-eace-4c89-b562-c7533ee15234.webp\" \/>\n\t<meta property=\"og:image:width\" content=\"1080\" \/>\n\t<meta property=\"og:image:height\" content=\"1080\" \/>\n\t<meta property=\"og:image:type\" content=\"image\/webp\" \/>\n<meta name=\"twitter:card\" content=\"summary_large_image\" \/>\n<meta name=\"twitter:label1\" content=\"Arvioitu lukuaika\" \/>\n\t<meta name=\"twitter:data1\" content=\"1 minuutti\" \/>\n<script type=\"application\/ld+json\" class=\"yoast-schema-graph\">{\"@context\":\"https:\/\/schema.org\",\"@graph\":[{\"@type\":\"WebPage\",\"@id\":\"https:\/\/idakorea.ee\/product\/rahustav-kreem-cnp-bye-od-td-hydra-calming-cream-50-ml\/\",\"url\":\"https:\/\/idakorea.ee\/product\/rahustav-kreem-cnp-bye-od-td-hydra-calming-cream-50-ml\/\",\"name\":\"Rahustav kreem CNP Bye Od-Td Hydra Calming Cream, 50 ml - IDA.KOREA\",\"isPartOf\":{\"@id\":\"https:\/\/idakorea.ee\/#website\"},\"primaryImageOfPage\":{\"@id\":\"https:\/\/idakorea.ee\/product\/rahustav-kreem-cnp-bye-od-td-hydra-calming-cream-50-ml\/#primaryimage\"},\"image\":{\"@id\":\"https:\/\/idakorea.ee\/product\/rahustav-kreem-cnp-bye-od-td-hydra-calming-cream-50-ml\/#primaryimage\"},\"thumbnailUrl\":\"https:\/\/idakorea.ee\/wp-content\/uploads\/2025\/03\/2_6d915952-eace-4c89-b562-c7533ee15234.webp\",\"datePublished\":\"2025-03-17T09:08:42+00:00\",\"dateModified\":\"2026-01-30T12:33:46+00:00\",\"breadcrumb\":{\"@id\":\"https:\/\/idakorea.ee\/product\/rahustav-kreem-cnp-bye-od-td-hydra-calming-cream-50-ml\/#breadcrumb\"},\"inLanguage\":\"fi\",\"potentialAction\":[{\"@type\":\"ReadAction\",\"target\":[\"https:\/\/idakorea.ee\/product\/rahustav-kreem-cnp-bye-od-td-hydra-calming-cream-50-ml\/\"]}]},{\"@type\":\"ImageObject\",\"inLanguage\":\"fi\",\"@id\":\"https:\/\/idakorea.ee\/product\/rahustav-kreem-cnp-bye-od-td-hydra-calming-cream-50-ml\/#primaryimage\",\"url\":\"https:\/\/idakorea.ee\/wp-content\/uploads\/2025\/03\/2_6d915952-eace-4c89-b562-c7533ee15234.webp\",\"contentUrl\":\"https:\/\/idakorea.ee\/wp-content\/uploads\/2025\/03\/2_6d915952-eace-4c89-b562-c7533ee15234.webp\",\"width\":1080,\"height\":1080},{\"@type\":\"BreadcrumbList\",\"@id\":\"https:\/\/idakorea.ee\/product\/rahustav-kreem-cnp-bye-od-td-hydra-calming-cream-50-ml\/#breadcrumb\",\"itemListElement\":[{\"@type\":\"ListItem\",\"position\":1,\"name\":\"\u0413\u043b\u0430\u0432\u043d\u0430\u044f \u0441\u0442\u0440\u0430\u043d\u0438\u0446\u0430\",\"item\":\"https:\/\/idakorea.ee\/\"},{\"@type\":\"ListItem\",\"position\":2,\"name\":\"Shop\",\"item\":\"https:\/\/idakorea.ee\/shop-2\/\"},{\"@type\":\"ListItem\",\"position\":3,\"name\":\"Rahustav kreem CNP Bye Od-Td Hydra Calming Cream, 50 ml\"}]},{\"@type\":\"WebSite\",\"@id\":\"https:\/\/idakorea.ee\/#website\",\"url\":\"https:\/\/idakorea.ee\/\",\"name\":\"IDA.KOREA\",\"description\":\"Korea kosmeetika e-pood\",\"publisher\":{\"@id\":\"https:\/\/idakorea.ee\/#organization\"},\"alternateName\":\"Beauty Shop\",\"potentialAction\":[{\"@type\":\"SearchAction\",\"target\":{\"@type\":\"EntryPoint\",\"urlTemplate\":\"https:\/\/idakorea.ee\/?s={search_term_string}\"},\"query-input\":{\"@type\":\"PropertyValueSpecification\",\"valueRequired\":true,\"valueName\":\"search_term_string\"}}],\"inLanguage\":\"fi\"},{\"@type\":\"Organization\",\"@id\":\"https:\/\/idakorea.ee\/#organization\",\"name\":\"IDA.KOREA\",\"url\":\"https:\/\/idakorea.ee\/\",\"logo\":{\"@type\":\"ImageObject\",\"inLanguage\":\"fi\",\"@id\":\"https:\/\/idakorea.ee\/#\/schema\/logo\/image\/\",\"url\":\"https:\/\/idakorea.ee\/wp-content\/uploads\/2024\/05\/cropped-korea3.png\",\"contentUrl\":\"https:\/\/idakorea.ee\/wp-content\/uploads\/2024\/05\/cropped-korea3.png\",\"width\":688,\"height\":126,\"caption\":\"IDA.KOREA\"},\"image\":{\"@id\":\"https:\/\/idakorea.ee\/#\/schema\/logo\/image\/\"},\"sameAs\":[\"https:\/\/www.instagram.com\/ida.korea\/\"]}]}<\/script>\n<!-- \/ Yoast SEO plugin. -->","yoast_head_json":{"title":"CNP Bye Od-Td Hydra Calming Cream, 50 ml - It\u00e4-Korea","robots":{"index":"index","follow":"follow","max-snippet":"max-snippet:-1","max-image-preview":"max-image-preview:large","max-video-preview":"max-video-preview:-1"},"canonical":"https:\/\/idakorea.ee\/fi\/product\/rahustav-kreem-cnp-bye-od-td-hydra-calming-cream-50-ml\/","og_locale":"fi_FI","og_type":"article","og_title":"Rahustav kreem CNP Bye Od-Td Hydra Calming Cream, 50 ml - IDA.KOREA","og_description":"CNP Bye Od-Td Hydra Calming Cream on s\u00fcgavniisutav ja rahustav kreem, mis on loodud \u00e4rritunud ja tundliku naha leevendamiseks. Kreem tagab pikaajalise niisutuse, v\u00e4hendab punetust ja p\u00f5letikku ning taastab naha tasakaalu. Selle kerge, kuid toitainerikas koostis imendub kiiresti, muutes selle ideaalseks nii p\u00e4evaseks kui ka \u00f6iseks kasutamiseks ilma rasvast kihti j\u00e4tmata. Rahustab ja leevendab \u00e4rritust...","og_url":"https:\/\/idakorea.ee\/fi\/product\/rahustav-kreem-cnp-bye-od-td-hydra-calming-cream-50-ml\/","og_site_name":"IDA.KOREA","article_modified_time":"2026-01-30T12:33:46+00:00","og_image":[{"width":1080,"height":1080,"url":"https:\/\/idakorea.ee\/wp-content\/uploads\/2025\/03\/2_6d915952-eace-4c89-b562-c7533ee15234.webp","type":"image\/webp"}],"twitter_card":"summary_large_image","twitter_misc":{"Arvioitu lukuaika":"1 minuutti"},"schema":{"@context":"https:\/\/schema.org","@graph":[{"@type":"WebPage","@id":"https:\/\/idakorea.ee\/product\/rahustav-kreem-cnp-bye-od-td-hydra-calming-cream-50-ml\/","url":"https:\/\/idakorea.ee\/product\/rahustav-kreem-cnp-bye-od-td-hydra-calming-cream-50-ml\/","name":"CNP Bye Od-Td Hydra Calming Cream, 50 ml - It\u00e4-Korea","isPartOf":{"@id":"https:\/\/idakorea.ee\/#website"},"primaryImageOfPage":{"@id":"https:\/\/idakorea.ee\/product\/rahustav-kreem-cnp-bye-od-td-hydra-calming-cream-50-ml\/#primaryimage"},"image":{"@id":"https:\/\/idakorea.ee\/product\/rahustav-kreem-cnp-bye-od-td-hydra-calming-cream-50-ml\/#primaryimage"},"thumbnailUrl":"https:\/\/idakorea.ee\/wp-content\/uploads\/2025\/03\/2_6d915952-eace-4c89-b562-c7533ee15234.webp","datePublished":"2025-03-17T09:08:42+00:00","dateModified":"2026-01-30T12:33:46+00:00","breadcrumb":{"@id":"https:\/\/idakorea.ee\/product\/rahustav-kreem-cnp-bye-od-td-hydra-calming-cream-50-ml\/#breadcrumb"},"inLanguage":"fi","potentialAction":[{"@type":"ReadAction","target":["https:\/\/idakorea.ee\/product\/rahustav-kreem-cnp-bye-od-td-hydra-calming-cream-50-ml\/"]}]},{"@type":"ImageObject","inLanguage":"fi","@id":"https:\/\/idakorea.ee\/product\/rahustav-kreem-cnp-bye-od-td-hydra-calming-cream-50-ml\/#primaryimage","url":"https:\/\/idakorea.ee\/wp-content\/uploads\/2025\/03\/2_6d915952-eace-4c89-b562-c7533ee15234.webp","contentUrl":"https:\/\/idakorea.ee\/wp-content\/uploads\/2025\/03\/2_6d915952-eace-4c89-b562-c7533ee15234.webp","width":1080,"height":1080},{"@type":"BreadcrumbList","@id":"https:\/\/idakorea.ee\/product\/rahustav-kreem-cnp-bye-od-td-hydra-calming-cream-50-ml\/#breadcrumb","itemListElement":[{"@type":"ListItem","position":1,"name":"\u0413\u043b\u0430\u0432\u043d\u0430\u044f \u0441\u0442\u0440\u0430\u043d\u0438\u0446\u0430","item":"https:\/\/idakorea.ee\/"},{"@type":"ListItem","position":2,"name":"Shop","item":"https:\/\/idakorea.ee\/shop-2\/"},{"@type":"ListItem","position":3,"name":"Rahustav kreem CNP Bye Od-Td Hydra Calming Cream, 50 ml"}]},{"@type":"WebSite","@id":"https:\/\/idakorea.ee\/#website","url":"https:\/\/idakorea.ee\/","name":"IDA.KOREA","description":"Korean kosmetiikan verkkokauppa","publisher":{"@id":"https:\/\/idakorea.ee\/#organization"},"alternateName":"Beauty Shop","potentialAction":[{"@type":"SearchAction","target":{"@type":"EntryPoint","urlTemplate":"https:\/\/idakorea.ee\/?s={search_term_string}"},"query-input":{"@type":"PropertyValueSpecification","valueRequired":true,"valueName":"search_term_string"}}],"inLanguage":"fi"},{"@type":"Organization","@id":"https:\/\/idakorea.ee\/#organization","name":"IDA.KOREA","url":"https:\/\/idakorea.ee\/","logo":{"@type":"ImageObject","inLanguage":"fi","@id":"https:\/\/idakorea.ee\/#\/schema\/logo\/image\/","url":"https:\/\/idakorea.ee\/wp-content\/uploads\/2024\/05\/cropped-korea3.png","contentUrl":"https:\/\/idakorea.ee\/wp-content\/uploads\/2024\/05\/cropped-korea3.png","width":688,"height":126,"caption":"IDA.KOREA"},"image":{"@id":"https:\/\/idakorea.ee\/#\/schema\/logo\/image\/"},"sameAs":["https:\/\/www.instagram.com\/ida.korea\/"]}]}},"jetpack_sharing_enabled":true,"brands":[{"id":629,"name":"CNP-LABORATORIO","slug":"cnp-laboratory"}],"_links":{"self":[{"href":"https:\/\/idakorea.ee\/fi\/wp-json\/wp\/v2\/product\/13185","targetHints":{"allow":["GET"]}}],"collection":[{"href":"https:\/\/idakorea.ee\/fi\/wp-json\/wp\/v2\/product"}],"about":[{"href":"https:\/\/idakorea.ee\/fi\/wp-json\/wp\/v2\/types\/product"}],"replies":[{"embeddable":true,"href":"https:\/\/idakorea.ee\/fi\/wp-json\/wp\/v2\/comments?post=13185"}],"version-history":[{"count":1,"href":"https:\/\/idakorea.ee\/fi\/wp-json\/wp\/v2\/product\/13185\/revisions"}],"predecessor-version":[{"id":13188,"href":"https:\/\/idakorea.ee\/fi\/wp-json\/wp\/v2\/product\/13185\/revisions\/13188"}],"wp:featuredmedia":[{"embeddable":true,"href":"https:\/\/idakorea.ee\/fi\/wp-json\/wp\/v2\/media\/13186"}],"wp:attachment":[{"href":"https:\/\/idakorea.ee\/fi\/wp-json\/wp\/v2\/media?parent=13185"}],"wp:term":[{"taxonomy":"pwb-brand","embeddable":true,"href":"https:\/\/idakorea.ee\/fi\/wp-json\/wp\/v2\/pwb-brand?post=13185"},{"taxonomy":"product_brand","embeddable":true,"href":"https:\/\/idakorea.ee\/fi\/wp-json\/wp\/v2\/product_brand?post=13185"},{"taxonomy":"product_cat","embeddable":true,"href":"https:\/\/idakorea.ee\/fi\/wp-json\/wp\/v2\/product_cat?post=13185"},{"taxonomy":"product_tag","embeddable":true,"href":"https:\/\/idakorea.ee\/fi\/wp-json\/wp\/v2\/product_tag?post=13185"}],"curies":[{"name":"wp","href":"https:\/\/api.w.org\/{rel}","templated":true}]}}