{"id":13190,"date":"2025-03-17T11:21:15","date_gmt":"2025-03-17T09:21:15","guid":{"rendered":"https:\/\/idakorea.ee\/?post_type=product&#038;p=13190"},"modified":"2026-04-01T14:22:58","modified_gmt":"2026-04-01T12:22:58","slug":"rahustav-ja-toitaineterikas-seerum-cnp-bye-od-td-vita-calming-serum-2ml","status":"publish","type":"product","link":"https:\/\/idakorea.ee\/fi\/product\/rahustav-ja-toitaineterikas-seerum-cnp-bye-od-td-vita-calming-serum-2ml\/","title":{"rendered":"CNP Bye Od-TD Vita Calming Serum, 2ml"},"content":{"rendered":"<p>CNP Bye Od-TD Vita Calming Serum on tiivistetty, vitamiineilla rikastettu rauhoittava seerumi, joka rauhoittaa ja ravitsee herkk\u00e4\u00e4 ihoa. Se auttaa v\u00e4hent\u00e4m\u00e4\u00e4n punoitusta, \u00e4rsytyst\u00e4 ja tulehdusta samalla tarjoten iholle v\u00e4ltt\u00e4m\u00e4tt\u00f6mi\u00e4 ravintoaineita, jotka parantavat ihon yleist\u00e4 terveytt\u00e4. Kevyt seerumi imeytyy nopeasti ja tarjoaa v\u00e4lit\u00f6nt\u00e4 kosteutusta ja mukavuutta stressaantuneelle iholle.<\/p>\n<ul>\n<li>Rauhoittaa ja v\u00e4hent\u00e4\u00e4 punoitusta \u2013 rauhoittaa \u00e4rtynytt\u00e4 ihoa ja v\u00e4hent\u00e4\u00e4 punoitusta, tarjoten v\u00e4lit\u00f6nt\u00e4 helpotusta herk\u00e4lle iholle.<\/li>\n<li>Ravitsee v\u00e4ltt\u00e4m\u00e4tt\u00f6mill\u00e4 vitamiineilla \u2013 sis\u00e4lt\u00e4\u00e4 iholle hy\u00f6dyllisi\u00e4 vitamiineja, jotka auttavat vahvistamaan ihon luonnollista puolustuskyky\u00e4.<\/li>\n<li>Kevyt ja nopeasti imeytyv\u00e4 \u2013 tunkeutuu syv\u00e4lle ihoon j\u00e4tt\u00e4m\u00e4tt\u00e4 tahmeaa j\u00e4\u00e4m\u00e4\u00e4, j\u00e4tt\u00e4en ihon pehme\u00e4ksi ja kosteutetuksi.<\/li>\n<\/ul>\n<h3><\/h3>\n<p>Sopii kaikille ihotyypeille, erityisesti herk\u00e4lle ja \u00e4rtyneelle iholle.<\/p>\n<p><strong>K\u00e4ytt\u00f6: <\/strong>Levit\u00e4 tarvittava m\u00e4\u00e4r\u00e4 seerumia puhtaalle iholle ja viimeistele hoito voiteella.<\/p>","protected":false},"excerpt":{"rendered":"<p>CNP Bye Od-TD Vita Calming Serum on vitamiineilla rikastettu rauhoittava seerumi, joka rauhoittaa ja ravitsee herkk\u00e4\u00e4 ihoa. Se auttaa v\u00e4hent\u00e4m\u00e4\u00e4n punoitusta, \u00e4rsytyst\u00e4 ja tulehdusta samalla kun se antaa iholle v\u00e4ltt\u00e4m\u00e4tt\u00f6mi\u00e4 ravintoaineita ihon yleisen terveyden parantamiseksi. Kevyen koostumuksensa ansiosta seerumi imeytyy nopeasti ja tarjoaa v\u00e4lit\u00f6nt\u00e4 kosteutusta ja mukavuutta stressaantuneelle iholle. Rauhoittaa ja v\u00e4hent\u00e4\u00e4 punoitusta - rauhoittaa ja...<\/p>","protected":false},"featured_media":13191,"comment_status":"open","ping_status":"closed","template":"","meta":{"_uf_show_specific_survey":0,"_uf_disable_surveys":false,"_bst_post_transparent":"default","_bst_post_title":"","_bst_post_layout":"default","_bst_post_sidebar_id":"","_bst_post_content_style":"default","_bst_post_vertical_padding":"default","_bst_post_feature":"","_bst_post_feature_position":"","_bst_post_header":false,"_bst_post_footer":false},"pwb-brand":[629],"product_brand":[],"product_cat":[92,97],"product_tag":[846],"class_list":{"0":"post-13190","1":"product","2":"type-product","3":"status-publish","4":"has-post-thumbnail","6":"pwb-brand-cnp-laboratory","7":"product_cat-nagu","8":"product_cat-naoseerumid-ja-olid","9":"product_tag-cnp","11":"first","12":"instock","13":"sale","14":"shipping-taxable","15":"purchasable","16":"product-type-simple","17":"entry","18":"content-bg","19":"loop-entry"},"supplier_id":null,"supplier_sku":"","barcode":null,"atum_controlled":true,"out_stock_date":null,"out_stock_threshold":null,"inheritable":false,"inbound_stock":0,"stock_on_hold":0,"sold_today":0,"sales_last_days":0,"out_stock_days":0,"lost_sales":0,"has_location":false,"update_date":"2026-04-14T00:05:11","atum_locations":[],"atum_stock_status":"instock","restock_status":false,"low_stock_amount":"","sales_update_date":"2026-04-14T00:05:11","calc_backorders":null,"yoast_head":"<!-- This site is optimized with the Yoast SEO plugin v27.2 - https:\/\/yoast.com\/product\/yoast-seo-wordpress\/ -->\n<title>Rahustav ja toitaineterikas seerum CNP Bye Od-TD Vita Calming Serum, 2ml - IDA.KOREA<\/title>\n<meta name=\"robots\" content=\"index, follow, max-snippet:-1, max-image-preview:large, max-video-preview:-1\" \/>\n<link rel=\"canonical\" href=\"https:\/\/idakorea.ee\/fi\/product\/rahustav-ja-toitaineterikas-seerum-cnp-bye-od-td-vita-calming-serum-2ml\/\" \/>\n<meta property=\"og:locale\" content=\"fi_FI\" \/>\n<meta property=\"og:type\" content=\"article\" \/>\n<meta property=\"og:title\" content=\"Rahustav ja toitaineterikas seerum CNP Bye Od-TD Vita Calming Serum, 2ml - IDA.KOREA\" \/>\n<meta property=\"og:description\" content=\"CNP Bye Od-TD Vita Calming Serum on kontsentreeritud rahustav seerum, mis on rikastatud vitamiinidega tundliku naha rahustamiseks ja toitmiseks. See aitab v\u00e4hendada punetust, \u00e4rritust ja p\u00f5letikku, pakkudes samal ajal nahale vajalikke toitaineid, et parandada \u00fcldist naha tervist. Kerge tekstuuriga seerum imendub kiiresti, pakkudes kohest niisutust ja mugavust stressis nahale. Rahustab ja v\u00e4hendab punetust \u2013 leevendab...\" \/>\n<meta property=\"og:url\" content=\"https:\/\/idakorea.ee\/fi\/product\/rahustav-ja-toitaineterikas-seerum-cnp-bye-od-td-vita-calming-serum-2ml\/\" \/>\n<meta property=\"og:site_name\" content=\"IDA.KOREA\" \/>\n<meta property=\"article:modified_time\" content=\"2026-04-01T12:22:58+00:00\" \/>\n<meta property=\"og:image\" content=\"https:\/\/idakorea.ee\/wp-content\/uploads\/2025\/03\/sg-11134207-7rdvt-lzsql0wen3u416.jpg\" \/>\n\t<meta property=\"og:image:width\" content=\"1024\" \/>\n\t<meta property=\"og:image:height\" content=\"1024\" \/>\n\t<meta property=\"og:image:type\" content=\"image\/jpeg\" \/>\n<meta name=\"twitter:card\" content=\"summary_large_image\" \/>\n<meta name=\"twitter:label1\" content=\"Arvioitu lukuaika\" \/>\n\t<meta name=\"twitter:data1\" content=\"1 minuutti\" \/>\n<script type=\"application\/ld+json\" class=\"yoast-schema-graph\">{\"@context\":\"https:\/\/schema.org\",\"@graph\":[{\"@type\":\"WebPage\",\"@id\":\"https:\/\/idakorea.ee\/product\/rahustav-ja-toitaineterikas-seerum-cnp-bye-od-td-vita-calming-serum-2ml\/\",\"url\":\"https:\/\/idakorea.ee\/product\/rahustav-ja-toitaineterikas-seerum-cnp-bye-od-td-vita-calming-serum-2ml\/\",\"name\":\"Rahustav ja toitaineterikas seerum CNP Bye Od-TD Vita Calming Serum, 2ml - IDA.KOREA\",\"isPartOf\":{\"@id\":\"https:\/\/idakorea.ee\/#website\"},\"primaryImageOfPage\":{\"@id\":\"https:\/\/idakorea.ee\/product\/rahustav-ja-toitaineterikas-seerum-cnp-bye-od-td-vita-calming-serum-2ml\/#primaryimage\"},\"image\":{\"@id\":\"https:\/\/idakorea.ee\/product\/rahustav-ja-toitaineterikas-seerum-cnp-bye-od-td-vita-calming-serum-2ml\/#primaryimage\"},\"thumbnailUrl\":\"https:\/\/idakorea.ee\/wp-content\/uploads\/2025\/03\/sg-11134207-7rdvt-lzsql0wen3u416.jpg\",\"datePublished\":\"2025-03-17T09:21:15+00:00\",\"dateModified\":\"2026-04-01T12:22:58+00:00\",\"breadcrumb\":{\"@id\":\"https:\/\/idakorea.ee\/product\/rahustav-ja-toitaineterikas-seerum-cnp-bye-od-td-vita-calming-serum-2ml\/#breadcrumb\"},\"inLanguage\":\"fi\",\"potentialAction\":[{\"@type\":\"ReadAction\",\"target\":[\"https:\/\/idakorea.ee\/product\/rahustav-ja-toitaineterikas-seerum-cnp-bye-od-td-vita-calming-serum-2ml\/\"]}]},{\"@type\":\"ImageObject\",\"inLanguage\":\"fi\",\"@id\":\"https:\/\/idakorea.ee\/product\/rahustav-ja-toitaineterikas-seerum-cnp-bye-od-td-vita-calming-serum-2ml\/#primaryimage\",\"url\":\"https:\/\/idakorea.ee\/wp-content\/uploads\/2025\/03\/sg-11134207-7rdvt-lzsql0wen3u416.jpg\",\"contentUrl\":\"https:\/\/idakorea.ee\/wp-content\/uploads\/2025\/03\/sg-11134207-7rdvt-lzsql0wen3u416.jpg\",\"width\":1024,\"height\":1024},{\"@type\":\"BreadcrumbList\",\"@id\":\"https:\/\/idakorea.ee\/product\/rahustav-ja-toitaineterikas-seerum-cnp-bye-od-td-vita-calming-serum-2ml\/#breadcrumb\",\"itemListElement\":[{\"@type\":\"ListItem\",\"position\":1,\"name\":\"\u0413\u043b\u0430\u0432\u043d\u0430\u044f \u0441\u0442\u0440\u0430\u043d\u0438\u0446\u0430\",\"item\":\"https:\/\/idakorea.ee\/\"},{\"@type\":\"ListItem\",\"position\":2,\"name\":\"Shop\",\"item\":\"https:\/\/idakorea.ee\/shop-2\/\"},{\"@type\":\"ListItem\",\"position\":3,\"name\":\"Rahustav ja toitaineterikas seerum CNP Bye Od-TD Vita Calming Serum, 2ml\"}]},{\"@type\":\"WebSite\",\"@id\":\"https:\/\/idakorea.ee\/#website\",\"url\":\"https:\/\/idakorea.ee\/\",\"name\":\"IDA.KOREA\",\"description\":\"Korea kosmeetika e-pood\",\"publisher\":{\"@id\":\"https:\/\/idakorea.ee\/#organization\"},\"alternateName\":\"Beauty Shop\",\"potentialAction\":[{\"@type\":\"SearchAction\",\"target\":{\"@type\":\"EntryPoint\",\"urlTemplate\":\"https:\/\/idakorea.ee\/?s={search_term_string}\"},\"query-input\":{\"@type\":\"PropertyValueSpecification\",\"valueRequired\":true,\"valueName\":\"search_term_string\"}}],\"inLanguage\":\"fi\"},{\"@type\":\"Organization\",\"@id\":\"https:\/\/idakorea.ee\/#organization\",\"name\":\"IDA.KOREA\",\"url\":\"https:\/\/idakorea.ee\/\",\"logo\":{\"@type\":\"ImageObject\",\"inLanguage\":\"fi\",\"@id\":\"https:\/\/idakorea.ee\/#\/schema\/logo\/image\/\",\"url\":\"https:\/\/idakorea.ee\/wp-content\/uploads\/2024\/05\/cropped-korea3.png\",\"contentUrl\":\"https:\/\/idakorea.ee\/wp-content\/uploads\/2024\/05\/cropped-korea3.png\",\"width\":688,\"height\":126,\"caption\":\"IDA.KOREA\"},\"image\":{\"@id\":\"https:\/\/idakorea.ee\/#\/schema\/logo\/image\/\"},\"sameAs\":[\"https:\/\/www.instagram.com\/ida.korea\/\"]}]}<\/script>\n<!-- \/ Yoast SEO plugin. -->","yoast_head_json":{"title":"Rauhoittava ja ravinteikas seerumi CNP Bye Od-TD Vita Calming Serum, 2ml - IDA.KOREA","robots":{"index":"index","follow":"follow","max-snippet":"max-snippet:-1","max-image-preview":"max-image-preview:large","max-video-preview":"max-video-preview:-1"},"canonical":"https:\/\/idakorea.ee\/fi\/product\/rahustav-ja-toitaineterikas-seerum-cnp-bye-od-td-vita-calming-serum-2ml\/","og_locale":"fi_FI","og_type":"article","og_title":"Rahustav ja toitaineterikas seerum CNP Bye Od-TD Vita Calming Serum, 2ml - IDA.KOREA","og_description":"CNP Bye Od-TD Vita Calming Serum on kontsentreeritud rahustav seerum, mis on rikastatud vitamiinidega tundliku naha rahustamiseks ja toitmiseks. See aitab v\u00e4hendada punetust, \u00e4rritust ja p\u00f5letikku, pakkudes samal ajal nahale vajalikke toitaineid, et parandada \u00fcldist naha tervist. Kerge tekstuuriga seerum imendub kiiresti, pakkudes kohest niisutust ja mugavust stressis nahale. Rahustab ja v\u00e4hendab punetust \u2013 leevendab...","og_url":"https:\/\/idakorea.ee\/fi\/product\/rahustav-ja-toitaineterikas-seerum-cnp-bye-od-td-vita-calming-serum-2ml\/","og_site_name":"IDA.KOREA","article_modified_time":"2026-04-01T12:22:58+00:00","og_image":[{"width":1024,"height":1024,"url":"https:\/\/idakorea.ee\/wp-content\/uploads\/2025\/03\/sg-11134207-7rdvt-lzsql0wen3u416.jpg","type":"image\/jpeg"}],"twitter_card":"summary_large_image","twitter_misc":{"Arvioitu lukuaika":"1 minuutti"},"schema":{"@context":"https:\/\/schema.org","@graph":[{"@type":"WebPage","@id":"https:\/\/idakorea.ee\/product\/rahustav-ja-toitaineterikas-seerum-cnp-bye-od-td-vita-calming-serum-2ml\/","url":"https:\/\/idakorea.ee\/product\/rahustav-ja-toitaineterikas-seerum-cnp-bye-od-td-vita-calming-serum-2ml\/","name":"Rauhoittava ja ravinteikas seerumi CNP Bye Od-TD Vita Calming Serum, 2ml - IDA.KOREA","isPartOf":{"@id":"https:\/\/idakorea.ee\/#website"},"primaryImageOfPage":{"@id":"https:\/\/idakorea.ee\/product\/rahustav-ja-toitaineterikas-seerum-cnp-bye-od-td-vita-calming-serum-2ml\/#primaryimage"},"image":{"@id":"https:\/\/idakorea.ee\/product\/rahustav-ja-toitaineterikas-seerum-cnp-bye-od-td-vita-calming-serum-2ml\/#primaryimage"},"thumbnailUrl":"https:\/\/idakorea.ee\/wp-content\/uploads\/2025\/03\/sg-11134207-7rdvt-lzsql0wen3u416.jpg","datePublished":"2025-03-17T09:21:15+00:00","dateModified":"2026-04-01T12:22:58+00:00","breadcrumb":{"@id":"https:\/\/idakorea.ee\/product\/rahustav-ja-toitaineterikas-seerum-cnp-bye-od-td-vita-calming-serum-2ml\/#breadcrumb"},"inLanguage":"fi","potentialAction":[{"@type":"ReadAction","target":["https:\/\/idakorea.ee\/product\/rahustav-ja-toitaineterikas-seerum-cnp-bye-od-td-vita-calming-serum-2ml\/"]}]},{"@type":"ImageObject","inLanguage":"fi","@id":"https:\/\/idakorea.ee\/product\/rahustav-ja-toitaineterikas-seerum-cnp-bye-od-td-vita-calming-serum-2ml\/#primaryimage","url":"https:\/\/idakorea.ee\/wp-content\/uploads\/2025\/03\/sg-11134207-7rdvt-lzsql0wen3u416.jpg","contentUrl":"https:\/\/idakorea.ee\/wp-content\/uploads\/2025\/03\/sg-11134207-7rdvt-lzsql0wen3u416.jpg","width":1024,"height":1024},{"@type":"BreadcrumbList","@id":"https:\/\/idakorea.ee\/product\/rahustav-ja-toitaineterikas-seerum-cnp-bye-od-td-vita-calming-serum-2ml\/#breadcrumb","itemListElement":[{"@type":"ListItem","position":1,"name":"\u0413\u043b\u0430\u0432\u043d\u0430\u044f \u0441\u0442\u0440\u0430\u043d\u0438\u0446\u0430","item":"https:\/\/idakorea.ee\/"},{"@type":"ListItem","position":2,"name":"Shop","item":"https:\/\/idakorea.ee\/shop-2\/"},{"@type":"ListItem","position":3,"name":"Rahustav ja toitaineterikas seerum CNP Bye Od-TD Vita Calming Serum, 2ml"}]},{"@type":"WebSite","@id":"https:\/\/idakorea.ee\/#website","url":"https:\/\/idakorea.ee\/","name":"IDA.KOREA","description":"Korean kosmetiikan verkkokauppa","publisher":{"@id":"https:\/\/idakorea.ee\/#organization"},"alternateName":"Beauty Shop","potentialAction":[{"@type":"SearchAction","target":{"@type":"EntryPoint","urlTemplate":"https:\/\/idakorea.ee\/?s={search_term_string}"},"query-input":{"@type":"PropertyValueSpecification","valueRequired":true,"valueName":"search_term_string"}}],"inLanguage":"fi"},{"@type":"Organization","@id":"https:\/\/idakorea.ee\/#organization","name":"IDA.KOREA","url":"https:\/\/idakorea.ee\/","logo":{"@type":"ImageObject","inLanguage":"fi","@id":"https:\/\/idakorea.ee\/#\/schema\/logo\/image\/","url":"https:\/\/idakorea.ee\/wp-content\/uploads\/2024\/05\/cropped-korea3.png","contentUrl":"https:\/\/idakorea.ee\/wp-content\/uploads\/2024\/05\/cropped-korea3.png","width":688,"height":126,"caption":"IDA.KOREA"},"image":{"@id":"https:\/\/idakorea.ee\/#\/schema\/logo\/image\/"},"sameAs":["https:\/\/www.instagram.com\/ida.korea\/"]}]}},"jetpack_sharing_enabled":true,"brands":[{"id":629,"name":"CNP-LABORATORIO","slug":"cnp-laboratory"}],"_links":{"self":[{"href":"https:\/\/idakorea.ee\/fi\/wp-json\/wp\/v2\/product\/13190","targetHints":{"allow":["GET"]}}],"collection":[{"href":"https:\/\/idakorea.ee\/fi\/wp-json\/wp\/v2\/product"}],"about":[{"href":"https:\/\/idakorea.ee\/fi\/wp-json\/wp\/v2\/types\/product"}],"replies":[{"embeddable":true,"href":"https:\/\/idakorea.ee\/fi\/wp-json\/wp\/v2\/comments?post=13190"}],"version-history":[{"count":1,"href":"https:\/\/idakorea.ee\/fi\/wp-json\/wp\/v2\/product\/13190\/revisions"}],"predecessor-version":[{"id":13193,"href":"https:\/\/idakorea.ee\/fi\/wp-json\/wp\/v2\/product\/13190\/revisions\/13193"}],"wp:featuredmedia":[{"embeddable":true,"href":"https:\/\/idakorea.ee\/fi\/wp-json\/wp\/v2\/media\/13191"}],"wp:attachment":[{"href":"https:\/\/idakorea.ee\/fi\/wp-json\/wp\/v2\/media?parent=13190"}],"wp:term":[{"taxonomy":"pwb-brand","embeddable":true,"href":"https:\/\/idakorea.ee\/fi\/wp-json\/wp\/v2\/pwb-brand?post=13190"},{"taxonomy":"product_brand","embeddable":true,"href":"https:\/\/idakorea.ee\/fi\/wp-json\/wp\/v2\/product_brand?post=13190"},{"taxonomy":"product_cat","embeddable":true,"href":"https:\/\/idakorea.ee\/fi\/wp-json\/wp\/v2\/product_cat?post=13190"},{"taxonomy":"product_tag","embeddable":true,"href":"https:\/\/idakorea.ee\/fi\/wp-json\/wp\/v2\/product_tag?post=13190"}],"curies":[{"name":"wp","href":"https:\/\/api.w.org\/{rel}","templated":true}]}}