{"id":13213,"date":"2025-03-18T09:22:02","date_gmt":"2025-03-18T07:22:02","guid":{"rendered":"https:\/\/idakorea.ee\/?post_type=product&#038;p=13213"},"modified":"2026-01-30T14:33:18","modified_gmt":"2026-01-30T12:33:18","slug":"rahustav-ja-niisutav-puhastusgeel-cnp-bye-od-td-hydra-calming-gel-cleanser-100ml","status":"publish","type":"product","link":"https:\/\/idakorea.ee\/fi\/product\/rahustav-ja-niisutav-puhastusgeel-cnp-bye-od-td-hydra-calming-gel-cleanser-100ml\/","title":{"rendered":"Rauhoittava ja kosteuttava puhdistusgeeli CNP Bye Od-TD Hydra Calming Gel Cleanser, 100ml"},"content":{"rendered":"<p><strong>CNP Bye Od-TD Hydra Calming -puhdistusgeeli<\/strong> on hell\u00e4varainen puhdistusgeeli, joka poistaa tehokkaasti lian, ylim\u00e4\u00e4r\u00e4isen \u00f6ljyn ja meikkij\u00e4\u00e4m\u00e4t kuivattamatta ihoa. Kosteuttavien ja rauhoittavien ainesosien ansiosta se auttaa yll\u00e4pit\u00e4m\u00e4\u00e4n optimaalista kosteustasapainoa, v\u00e4hent\u00e4\u00e4 kireytt\u00e4 ja \u00e4rsytyst\u00e4.<\/p>\n<p><strong>T\u00e4rkeimm\u00e4t edut:<\/strong><\/p>\n<p>Syv\u00e4puhdistaa mutta tekee ihosta hell\u00e4varaisen \u2013 poistaa ep\u00e4puhtauksia vahingoittamatta ihon luonnollista suojakerrosta.<br \/>\nRauhoittava vaikutus \u2013 lievitt\u00e4\u00e4 punoitusta ja \u00e4rsytyst\u00e4.<br \/>\nTehokas kosteutus \u2013 ehk\u00e4isee ihon kuivumista ja tukee kosteustasapainoa.<br \/>\nVirkist\u00e4v\u00e4 geelim\u00e4inen koostumus \u2013 j\u00e4tt\u00e4\u00e4 ihon puhtaaksi ja raikkaaksi ilman tahmeaa tunnetta.<\/p>\n<p>&nbsp;<\/p>\n<p>Sopii kaikille ihotyypeille, erityisesti herk\u00e4lle, sekaiholle ja akneen taipuvaiselle iholle.<\/p>\n<p><strong>K\u00e4ytt\u00f6opas: <\/strong>Levit\u00e4 pieni m\u00e4\u00e4r\u00e4 puhdistusgeeli\u00e4 kostealle iholle, vaahdota ja hiero kevyesti, huuhtele sitten huolellisesti l\u00e4mpim\u00e4ll\u00e4 vedell\u00e4. Sopii k\u00e4ytett\u00e4v\u00e4ksi aamuin illoin.<\/p>","protected":false},"excerpt":{"rendered":"<p>CNP Bye Od-TD Hydra Calming Gel Cleanser on hell\u00e4varainen puhdistusgeeli, joka poistaa tehokkaasti lian, ylim\u00e4\u00e4r\u00e4isen \u00f6ljyn ja meikkij\u00e4\u00e4m\u00e4t kuivattamatta ihoa. Kosteuttavien ja rauhoittavien ainesosiensa ansiosta se auttaa yll\u00e4pit\u00e4m\u00e4\u00e4n optimaalista kosteustasapainoa ja v\u00e4hent\u00e4\u00e4 kiristyst\u00e4 ja \u00e4rsytyst\u00e4. Keskeiset edut. Rauhoittava vaikutus - lievitt\u00e4\u00e4 punoitusta ja...<\/p>","protected":false},"featured_media":13214,"comment_status":"open","ping_status":"closed","template":"","meta":{"_uf_show_specific_survey":0,"_uf_disable_surveys":false,"_bst_post_transparent":"default","_bst_post_title":"","_bst_post_layout":"default","_bst_post_sidebar_id":"","_bst_post_content_style":"default","_bst_post_vertical_padding":"default","_bst_post_feature":"","_bst_post_feature_position":"","_bst_post_header":false,"_bst_post_footer":false},"pwb-brand":[629],"product_brand":[],"product_cat":[92,452,100],"product_tag":[785,846,854],"class_list":{"0":"post-13213","1":"product","2":"type-product","3":"status-publish","4":"has-post-thumbnail","6":"pwb-brand-cnp-laboratory","7":"product_cat-nagu","8":"product_cat-naopuhastusgeelid","9":"product_cat-puhastusvahendid","10":"product_tag-cleanser","11":"product_tag-cnp","12":"product_tag-gel","14":"first","15":"instock","16":"sale","17":"shipping-taxable","18":"purchasable","19":"product-type-simple","20":"entry","21":"content-bg","22":"loop-entry"},"supplier_id":null,"supplier_sku":"","barcode":null,"atum_controlled":true,"out_stock_date":null,"out_stock_threshold":null,"inheritable":false,"inbound_stock":0,"stock_on_hold":0,"sold_today":0,"sales_last_days":0,"out_stock_days":0,"lost_sales":0,"has_location":false,"update_date":"2026-04-14T00:05:07","atum_locations":[],"atum_stock_status":"instock","restock_status":false,"low_stock_amount":"","sales_update_date":"2026-04-14T00:05:07","calc_backorders":null,"yoast_head":"<!-- This site is optimized with the Yoast SEO plugin v27.2 - https:\/\/yoast.com\/product\/yoast-seo-wordpress\/ -->\n<title>Rahustav ja niisutav puhastusgeel CNP Bye Od-TD Hydra Calming Gel Cleanser, 100ml - IDA.KOREA<\/title>\n<meta name=\"robots\" content=\"index, follow, max-snippet:-1, max-image-preview:large, max-video-preview:-1\" \/>\n<link rel=\"canonical\" href=\"https:\/\/idakorea.ee\/fi\/product\/rahustav-ja-niisutav-puhastusgeel-cnp-bye-od-td-hydra-calming-gel-cleanser-100ml\/\" \/>\n<meta property=\"og:locale\" content=\"fi_FI\" \/>\n<meta property=\"og:type\" content=\"article\" \/>\n<meta property=\"og:title\" content=\"Rahustav ja niisutav puhastusgeel CNP Bye Od-TD Hydra Calming Gel Cleanser, 100ml - IDA.KOREA\" \/>\n<meta property=\"og:description\" content=\"CNP Bye Od-TD Hydra Calming Gel Cleanser on \u00f5rn puhastusgeel, mis eemaldab t\u00f5husalt mustuse, liigse rasu ja meigij\u00e4\u00e4gid, ilma nahka kuivatamata. T\u00e4nu niisutavatele ja rahustavatele koostisosadele aitab see s\u00e4ilitada optimaalse niiskustasakaalu, v\u00e4hendab pingulolekut ja \u00e4rritust. Peamised eelised: S\u00fcgav, kuid \u00f5rn puhastus \u2013 eemaldab mustuse ilma naha loomulikku kaitsebarj\u00e4\u00e4ri kahjustamata. Rahustav toime \u2013 leevendab punetust ja...\" \/>\n<meta property=\"og:url\" content=\"https:\/\/idakorea.ee\/fi\/product\/rahustav-ja-niisutav-puhastusgeel-cnp-bye-od-td-hydra-calming-gel-cleanser-100ml\/\" \/>\n<meta property=\"og:site_name\" content=\"IDA.KOREA\" \/>\n<meta property=\"article:modified_time\" content=\"2026-01-30T12:33:18+00:00\" \/>\n<meta property=\"og:image\" content=\"https:\/\/idakorea.ee\/wp-content\/uploads\/2025\/03\/dso078_p-550x550-1.png\" \/>\n\t<meta property=\"og:image:width\" content=\"550\" \/>\n\t<meta property=\"og:image:height\" content=\"550\" \/>\n\t<meta property=\"og:image:type\" content=\"image\/png\" \/>\n<meta name=\"twitter:card\" content=\"summary_large_image\" \/>\n<meta name=\"twitter:label1\" content=\"Arvioitu lukuaika\" \/>\n\t<meta name=\"twitter:data1\" content=\"1 minuutti\" \/>\n<script type=\"application\/ld+json\" class=\"yoast-schema-graph\">{\"@context\":\"https:\/\/schema.org\",\"@graph\":[{\"@type\":\"WebPage\",\"@id\":\"https:\/\/idakorea.ee\/product\/rahustav-ja-niisutav-puhastusgeel-cnp-bye-od-td-hydra-calming-gel-cleanser-100ml\/\",\"url\":\"https:\/\/idakorea.ee\/product\/rahustav-ja-niisutav-puhastusgeel-cnp-bye-od-td-hydra-calming-gel-cleanser-100ml\/\",\"name\":\"Rahustav ja niisutav puhastusgeel CNP Bye Od-TD Hydra Calming Gel Cleanser, 100ml - IDA.KOREA\",\"isPartOf\":{\"@id\":\"https:\/\/idakorea.ee\/#website\"},\"primaryImageOfPage\":{\"@id\":\"https:\/\/idakorea.ee\/product\/rahustav-ja-niisutav-puhastusgeel-cnp-bye-od-td-hydra-calming-gel-cleanser-100ml\/#primaryimage\"},\"image\":{\"@id\":\"https:\/\/idakorea.ee\/product\/rahustav-ja-niisutav-puhastusgeel-cnp-bye-od-td-hydra-calming-gel-cleanser-100ml\/#primaryimage\"},\"thumbnailUrl\":\"https:\/\/idakorea.ee\/wp-content\/uploads\/2025\/03\/dso078_p-550x550-1.png\",\"datePublished\":\"2025-03-18T07:22:02+00:00\",\"dateModified\":\"2026-01-30T12:33:18+00:00\",\"breadcrumb\":{\"@id\":\"https:\/\/idakorea.ee\/product\/rahustav-ja-niisutav-puhastusgeel-cnp-bye-od-td-hydra-calming-gel-cleanser-100ml\/#breadcrumb\"},\"inLanguage\":\"fi\",\"potentialAction\":[{\"@type\":\"ReadAction\",\"target\":[\"https:\/\/idakorea.ee\/product\/rahustav-ja-niisutav-puhastusgeel-cnp-bye-od-td-hydra-calming-gel-cleanser-100ml\/\"]}]},{\"@type\":\"ImageObject\",\"inLanguage\":\"fi\",\"@id\":\"https:\/\/idakorea.ee\/product\/rahustav-ja-niisutav-puhastusgeel-cnp-bye-od-td-hydra-calming-gel-cleanser-100ml\/#primaryimage\",\"url\":\"https:\/\/idakorea.ee\/wp-content\/uploads\/2025\/03\/dso078_p-550x550-1.png\",\"contentUrl\":\"https:\/\/idakorea.ee\/wp-content\/uploads\/2025\/03\/dso078_p-550x550-1.png\",\"width\":550,\"height\":550},{\"@type\":\"BreadcrumbList\",\"@id\":\"https:\/\/idakorea.ee\/product\/rahustav-ja-niisutav-puhastusgeel-cnp-bye-od-td-hydra-calming-gel-cleanser-100ml\/#breadcrumb\",\"itemListElement\":[{\"@type\":\"ListItem\",\"position\":1,\"name\":\"\u0413\u043b\u0430\u0432\u043d\u0430\u044f \u0441\u0442\u0440\u0430\u043d\u0438\u0446\u0430\",\"item\":\"https:\/\/idakorea.ee\/\"},{\"@type\":\"ListItem\",\"position\":2,\"name\":\"Shop\",\"item\":\"https:\/\/idakorea.ee\/shop-2\/\"},{\"@type\":\"ListItem\",\"position\":3,\"name\":\"Rahustav ja niisutav puhastusgeel CNP Bye Od-TD Hydra Calming Gel Cleanser, 100ml\"}]},{\"@type\":\"WebSite\",\"@id\":\"https:\/\/idakorea.ee\/#website\",\"url\":\"https:\/\/idakorea.ee\/\",\"name\":\"IDA.KOREA\",\"description\":\"Korea kosmeetika e-pood\",\"publisher\":{\"@id\":\"https:\/\/idakorea.ee\/#organization\"},\"alternateName\":\"Beauty Shop\",\"potentialAction\":[{\"@type\":\"SearchAction\",\"target\":{\"@type\":\"EntryPoint\",\"urlTemplate\":\"https:\/\/idakorea.ee\/?s={search_term_string}\"},\"query-input\":{\"@type\":\"PropertyValueSpecification\",\"valueRequired\":true,\"valueName\":\"search_term_string\"}}],\"inLanguage\":\"fi\"},{\"@type\":\"Organization\",\"@id\":\"https:\/\/idakorea.ee\/#organization\",\"name\":\"IDA.KOREA\",\"url\":\"https:\/\/idakorea.ee\/\",\"logo\":{\"@type\":\"ImageObject\",\"inLanguage\":\"fi\",\"@id\":\"https:\/\/idakorea.ee\/#\/schema\/logo\/image\/\",\"url\":\"https:\/\/idakorea.ee\/wp-content\/uploads\/2024\/05\/cropped-korea3.png\",\"contentUrl\":\"https:\/\/idakorea.ee\/wp-content\/uploads\/2024\/05\/cropped-korea3.png\",\"width\":688,\"height\":126,\"caption\":\"IDA.KOREA\"},\"image\":{\"@id\":\"https:\/\/idakorea.ee\/#\/schema\/logo\/image\/\"},\"sameAs\":[\"https:\/\/www.instagram.com\/ida.korea\/\"]}]}<\/script>\n<!-- \/ Yoast SEO plugin. -->","yoast_head_json":{"title":"Rauhoittava ja kosteuttava puhdistusgeeli CNP Bye Od-TD Hydra Calming Gel Cleanser, 100ml - IDA.KOREA","robots":{"index":"index","follow":"follow","max-snippet":"max-snippet:-1","max-image-preview":"max-image-preview:large","max-video-preview":"max-video-preview:-1"},"canonical":"https:\/\/idakorea.ee\/fi\/product\/rahustav-ja-niisutav-puhastusgeel-cnp-bye-od-td-hydra-calming-gel-cleanser-100ml\/","og_locale":"fi_FI","og_type":"article","og_title":"Rahustav ja niisutav puhastusgeel CNP Bye Od-TD Hydra Calming Gel Cleanser, 100ml - IDA.KOREA","og_description":"CNP Bye Od-TD Hydra Calming Gel Cleanser on \u00f5rn puhastusgeel, mis eemaldab t\u00f5husalt mustuse, liigse rasu ja meigij\u00e4\u00e4gid, ilma nahka kuivatamata. T\u00e4nu niisutavatele ja rahustavatele koostisosadele aitab see s\u00e4ilitada optimaalse niiskustasakaalu, v\u00e4hendab pingulolekut ja \u00e4rritust. Peamised eelised: S\u00fcgav, kuid \u00f5rn puhastus \u2013 eemaldab mustuse ilma naha loomulikku kaitsebarj\u00e4\u00e4ri kahjustamata. Rahustav toime \u2013 leevendab punetust ja...","og_url":"https:\/\/idakorea.ee\/fi\/product\/rahustav-ja-niisutav-puhastusgeel-cnp-bye-od-td-hydra-calming-gel-cleanser-100ml\/","og_site_name":"IDA.KOREA","article_modified_time":"2026-01-30T12:33:18+00:00","og_image":[{"width":550,"height":550,"url":"https:\/\/idakorea.ee\/wp-content\/uploads\/2025\/03\/dso078_p-550x550-1.png","type":"image\/png"}],"twitter_card":"summary_large_image","twitter_misc":{"Arvioitu lukuaika":"1 minuutti"},"schema":{"@context":"https:\/\/schema.org","@graph":[{"@type":"WebPage","@id":"https:\/\/idakorea.ee\/product\/rahustav-ja-niisutav-puhastusgeel-cnp-bye-od-td-hydra-calming-gel-cleanser-100ml\/","url":"https:\/\/idakorea.ee\/product\/rahustav-ja-niisutav-puhastusgeel-cnp-bye-od-td-hydra-calming-gel-cleanser-100ml\/","name":"Rauhoittava ja kosteuttava puhdistusgeeli CNP Bye Od-TD Hydra Calming Gel Cleanser, 100ml - IDA.KOREA","isPartOf":{"@id":"https:\/\/idakorea.ee\/#website"},"primaryImageOfPage":{"@id":"https:\/\/idakorea.ee\/product\/rahustav-ja-niisutav-puhastusgeel-cnp-bye-od-td-hydra-calming-gel-cleanser-100ml\/#primaryimage"},"image":{"@id":"https:\/\/idakorea.ee\/product\/rahustav-ja-niisutav-puhastusgeel-cnp-bye-od-td-hydra-calming-gel-cleanser-100ml\/#primaryimage"},"thumbnailUrl":"https:\/\/idakorea.ee\/wp-content\/uploads\/2025\/03\/dso078_p-550x550-1.png","datePublished":"2025-03-18T07:22:02+00:00","dateModified":"2026-01-30T12:33:18+00:00","breadcrumb":{"@id":"https:\/\/idakorea.ee\/product\/rahustav-ja-niisutav-puhastusgeel-cnp-bye-od-td-hydra-calming-gel-cleanser-100ml\/#breadcrumb"},"inLanguage":"fi","potentialAction":[{"@type":"ReadAction","target":["https:\/\/idakorea.ee\/product\/rahustav-ja-niisutav-puhastusgeel-cnp-bye-od-td-hydra-calming-gel-cleanser-100ml\/"]}]},{"@type":"ImageObject","inLanguage":"fi","@id":"https:\/\/idakorea.ee\/product\/rahustav-ja-niisutav-puhastusgeel-cnp-bye-od-td-hydra-calming-gel-cleanser-100ml\/#primaryimage","url":"https:\/\/idakorea.ee\/wp-content\/uploads\/2025\/03\/dso078_p-550x550-1.png","contentUrl":"https:\/\/idakorea.ee\/wp-content\/uploads\/2025\/03\/dso078_p-550x550-1.png","width":550,"height":550},{"@type":"BreadcrumbList","@id":"https:\/\/idakorea.ee\/product\/rahustav-ja-niisutav-puhastusgeel-cnp-bye-od-td-hydra-calming-gel-cleanser-100ml\/#breadcrumb","itemListElement":[{"@type":"ListItem","position":1,"name":"\u0413\u043b\u0430\u0432\u043d\u0430\u044f \u0441\u0442\u0440\u0430\u043d\u0438\u0446\u0430","item":"https:\/\/idakorea.ee\/"},{"@type":"ListItem","position":2,"name":"Shop","item":"https:\/\/idakorea.ee\/shop-2\/"},{"@type":"ListItem","position":3,"name":"Rahustav ja niisutav puhastusgeel CNP Bye Od-TD Hydra Calming Gel Cleanser, 100ml"}]},{"@type":"WebSite","@id":"https:\/\/idakorea.ee\/#website","url":"https:\/\/idakorea.ee\/","name":"IDA.KOREA","description":"Korean kosmetiikan verkkokauppa","publisher":{"@id":"https:\/\/idakorea.ee\/#organization"},"alternateName":"Beauty Shop","potentialAction":[{"@type":"SearchAction","target":{"@type":"EntryPoint","urlTemplate":"https:\/\/idakorea.ee\/?s={search_term_string}"},"query-input":{"@type":"PropertyValueSpecification","valueRequired":true,"valueName":"search_term_string"}}],"inLanguage":"fi"},{"@type":"Organization","@id":"https:\/\/idakorea.ee\/#organization","name":"IDA.KOREA","url":"https:\/\/idakorea.ee\/","logo":{"@type":"ImageObject","inLanguage":"fi","@id":"https:\/\/idakorea.ee\/#\/schema\/logo\/image\/","url":"https:\/\/idakorea.ee\/wp-content\/uploads\/2024\/05\/cropped-korea3.png","contentUrl":"https:\/\/idakorea.ee\/wp-content\/uploads\/2024\/05\/cropped-korea3.png","width":688,"height":126,"caption":"IDA.KOREA"},"image":{"@id":"https:\/\/idakorea.ee\/#\/schema\/logo\/image\/"},"sameAs":["https:\/\/www.instagram.com\/ida.korea\/"]}]}},"jetpack_sharing_enabled":true,"brands":[{"id":629,"name":"CNP-LABORATORIO","slug":"cnp-laboratory"}],"_links":{"self":[{"href":"https:\/\/idakorea.ee\/fi\/wp-json\/wp\/v2\/product\/13213","targetHints":{"allow":["GET"]}}],"collection":[{"href":"https:\/\/idakorea.ee\/fi\/wp-json\/wp\/v2\/product"}],"about":[{"href":"https:\/\/idakorea.ee\/fi\/wp-json\/wp\/v2\/types\/product"}],"replies":[{"embeddable":true,"href":"https:\/\/idakorea.ee\/fi\/wp-json\/wp\/v2\/comments?post=13213"}],"version-history":[{"count":1,"href":"https:\/\/idakorea.ee\/fi\/wp-json\/wp\/v2\/product\/13213\/revisions"}],"predecessor-version":[{"id":13215,"href":"https:\/\/idakorea.ee\/fi\/wp-json\/wp\/v2\/product\/13213\/revisions\/13215"}],"wp:featuredmedia":[{"embeddable":true,"href":"https:\/\/idakorea.ee\/fi\/wp-json\/wp\/v2\/media\/13214"}],"wp:attachment":[{"href":"https:\/\/idakorea.ee\/fi\/wp-json\/wp\/v2\/media?parent=13213"}],"wp:term":[{"taxonomy":"pwb-brand","embeddable":true,"href":"https:\/\/idakorea.ee\/fi\/wp-json\/wp\/v2\/pwb-brand?post=13213"},{"taxonomy":"product_brand","embeddable":true,"href":"https:\/\/idakorea.ee\/fi\/wp-json\/wp\/v2\/product_brand?post=13213"},{"taxonomy":"product_cat","embeddable":true,"href":"https:\/\/idakorea.ee\/fi\/wp-json\/wp\/v2\/product_cat?post=13213"},{"taxonomy":"product_tag","embeddable":true,"href":"https:\/\/idakorea.ee\/fi\/wp-json\/wp\/v2\/product_tag?post=13213"}],"curies":[{"name":"wp","href":"https:\/\/api.w.org\/{rel}","templated":true}]}}