{"id":13224,"date":"2025-03-20T11:08:32","date_gmt":"2025-03-20T09:08:32","guid":{"rendered":"https:\/\/idakorea.ee\/?post_type=product&#038;p=13224"},"modified":"2026-04-11T16:22:19","modified_gmt":"2026-04-11T14:22:19","slug":"puhastav-savimask-medicube-zero-pore-blackhead-mud-mask-100g","status":"publish","type":"product","link":"https:\/\/idakorea.ee\/fi\/product\/puhastav-savimask-medicube-zero-pore-blackhead-mud-mask-100g\/","title":{"rendered":"Puhdistava savinaamio Medicube Zero Pore Blackhead Mud Naamio, 100g"},"content":{"rendered":"<p><strong>Medicube Zero Pore Mustap\u00e4iden mutanaamio <\/strong>on syv\u00e4puhdistava naamio, joka auttaa poistamaan huokosten tukkeutumista ja tasapainottamaan talintuotantoa. Naamio sis\u00e4lt\u00e4\u00e4 AHA-, BHA- ja PHA-happoja, jotka kuorivat ihoa hell\u00e4varaisesti ja auttavat v\u00e4hent\u00e4m\u00e4\u00e4n ihon ep\u00e4tasaista s\u00e4vy\u00e4 ja huokosia tukkivia ep\u00e4puhtauksia.<\/p>\n<p>Naamion t\u00e4rkein ainesosa on savi, jolla on puhdistavia ja huokosia kirist\u00e4vi\u00e4 ominaisuuksia. Se sis\u00e4lt\u00e4\u00e4 my\u00f6s allantoiinia, joka rauhoittaa tulehdusta ja v\u00e4hent\u00e4\u00e4 aktiivisten ainesosien mahdollisesti \u00e4rsytt\u00e4vi\u00e4 vaikutuksia. Vihre\u00e4n teen uute auttaa rauhoittamaan iho\u00e4rsytyst\u00e4 ja antaa iholle antioksidantteja.<\/p>\n<p>Naamion k\u00e4yt\u00f6n j\u00e4lkeen ihohuokoset puhdistuvat, iho on mattapintainen ja sile\u00e4mpi. Naamiossa on ainutlaatuinen sinert\u00e4v\u00e4 s\u00e4vy ja paksu koostumus.<\/p>\n<p><strong>Ainesosat ja niiden vaikutukset:<\/strong><\/p>\n<p><strong>Savi <\/strong>- puhdistaa lian, v\u00e4hent\u00e4\u00e4 rasvaisuutta ja imee ylim\u00e4\u00e4r\u00e4isen \u00f6ljyn.<br \/>\n<strong>Salisyylihappo (BHA-happo)<\/strong> - antibakteerinen vaikutus, kuorii ihoa, poistaa kuolleita soluja ja auttaa poistamaan huokosia.<br \/>\n<strong>Glykolihappo (AHA-happo)<\/strong> - hyvin pienimolekyylinen happo, joka tasoittaa, tasoittaa ja v\u00e4hent\u00e4\u00e4 rasvaisuutta.<br \/>\n<strong>Glukonolaktoni (PHA-happo) <\/strong>- vahvistaa ihon suojakerrosta, kiinteytt\u00e4\u00e4 ihoa ja toimii antioksidanttina.<br \/>\n<strong>Allantoiin<\/strong> - nopeuttaa ihon paranemista, lievitt\u00e4\u00e4 tulehduksia ja hoitaa ihoa.<br \/>\n<strong>Vihre\u00e4n teen uute<\/strong> - rauhoittaa \u00e4rsytyst\u00e4 ja suojaa ihoa hapettumisstressilt\u00e4 sek\u00e4 antaa antioksidanttisuojaa.<\/p>\n<p>Puhdistaa tukkeutuneet huokoset ja karvatupen aukot.<br \/>\nImeytt\u00e4\u00e4 ylim\u00e4\u00e4r\u00e4isen \u00f6ljyn ja pit\u00e4\u00e4 ihon mattapintaisena pidemp\u00e4\u00e4n.<br \/>\nAuttaa v\u00e4hent\u00e4m\u00e4\u00e4n virheit\u00e4 ja iho-ongelmia.<br \/>\nKuorii hell\u00e4varaisesti ja auttaa silottamaan ihoa.<br \/>\nSulkee laajentuneet ihohuokoset ja tasoittaa ihon rakennetta.<\/p>\n<p>&nbsp;<\/p>\n<p>Rasvaiselle ja akneen taipuvaiselle iholle.<\/p>\n<p><strong>K\u00e4ytt\u00f6opas: <\/strong>Levit\u00e4 sopiva m\u00e4\u00e4r\u00e4 naamiota puhtaille, kuiville kasvoille.  Anna vaikuttaa 3-5 minuuttia. Huuhtele huolellisesti haalealla vedell\u00e4. Kuivaa iho ja jatka normaalia ihonhoitoa.<\/p>\n<p>&nbsp;<\/p>","protected":false},"excerpt":{"rendered":"<p>Medicube Zero Pore Blackhead Mud Mask on syv\u00e4puhdistava naamio, joka auttaa poistamaan tukkeutuneita huokosia ja tasapainottamaan \u00f6ljyntuotantoa. Naamio sis\u00e4lt\u00e4\u00e4 AHA-, BHA- ja PHA-happoja, jotka kuorivat ihoa hell\u00e4varaisesti ja auttavat v\u00e4hent\u00e4m\u00e4\u00e4n ihon ep\u00e4tasaista s\u00e4vy\u00e4 ja huokosia tukkivia ep\u00e4puhtauksia. Naamion t\u00e4rkein ainesosa on savi, jolla on puhdistavia ja huokosia kirist\u00e4vi\u00e4 ominaisuuksia. Se sis\u00e4lt\u00e4\u00e4 my\u00f6s allantoiinia, joka rauhoittaa tulehdusta ja v\u00e4hent\u00e4\u00e4...<\/p>","protected":false},"featured_media":13225,"comment_status":"open","ping_status":"closed","template":"","meta":{"_uf_show_specific_survey":0,"_uf_disable_surveys":false,"_bst_post_transparent":"default","_bst_post_title":"","_bst_post_layout":"default","_bst_post_sidebar_id":"","_bst_post_content_style":"default","_bst_post_vertical_padding":"default","_bst_post_feature":"","_bst_post_feature_position":"","_bst_post_header":false,"_bst_post_footer":false},"pwb-brand":[490],"product_brand":[],"product_cat":[92,98],"product_tag":[614,721,449],"class_list":{"0":"post-13224","1":"product","2":"type-product","3":"status-publish","4":"has-post-thumbnail","6":"pwb-brand-medicube","7":"product_cat-nagu","8":"product_cat-naomaskid","9":"product_tag-mask","10":"product_tag-medicube","11":"product_tag-pore","13":"first","14":"instock","15":"sale","16":"shipping-taxable","17":"purchasable","18":"product-type-simple","19":"entry","20":"content-bg","21":"loop-entry"},"supplier_id":null,"supplier_sku":"","barcode":null,"atum_controlled":true,"out_stock_date":null,"out_stock_threshold":null,"inheritable":false,"inbound_stock":0,"stock_on_hold":0,"sold_today":0,"sales_last_days":0,"out_stock_days":0,"lost_sales":0,"has_location":false,"update_date":"2026-04-14T00:05:12","atum_locations":[],"atum_stock_status":"instock","restock_status":false,"low_stock_amount":"","sales_update_date":"2026-04-14T00:05:12","calc_backorders":null,"yoast_head":"<!-- This site is optimized with the Yoast SEO plugin v27.2 - https:\/\/yoast.com\/product\/yoast-seo-wordpress\/ -->\n<title>Puhastav savimask Medicube Zero Pore Blackhead Mud Mask, 100g - IDA.KOREA<\/title>\n<meta name=\"robots\" content=\"index, follow, max-snippet:-1, max-image-preview:large, max-video-preview:-1\" \/>\n<link rel=\"canonical\" href=\"https:\/\/idakorea.ee\/fi\/product\/puhastav-savimask-medicube-zero-pore-blackhead-mud-mask-100g\/\" \/>\n<meta property=\"og:locale\" content=\"fi_FI\" \/>\n<meta property=\"og:type\" content=\"article\" \/>\n<meta property=\"og:title\" content=\"Puhastav savimask Medicube Zero Pore Blackhead Mud Mask, 100g - IDA.KOREA\" \/>\n<meta property=\"og:description\" content=\"Medicube Zero Pore Blackhead Mud Mask on s\u00fcgavpuhastav mask, mis aitab avada ummistunud poorid ja tasakaalustada rasueritust. Mask sisaldab AHA-, BHA- ja PHA-happeid, mis \u00f5rnalt koorivad nahka, aidates v\u00e4hendada ebatasasusi ja poore ummistavaid mustuseid. Maski p\u00f5hikomponent on savi, millel on puhastavad ja poore ahendavad omadused. Samuti sisaldab see allantoiini, mis rahustab p\u00f5letikke ja v\u00e4hendab aktiivsete...\" \/>\n<meta property=\"og:url\" content=\"https:\/\/idakorea.ee\/fi\/product\/puhastav-savimask-medicube-zero-pore-blackhead-mud-mask-100g\/\" \/>\n<meta property=\"og:site_name\" content=\"IDA.KOREA\" \/>\n<meta property=\"article:modified_time\" content=\"2026-04-11T14:22:19+00:00\" \/>\n<meta property=\"og:image\" content=\"https:\/\/idakorea.ee\/wp-content\/uploads\/2025\/03\/medicube_zero_pore_blackhead_mud_mask_idakorea.jpg\" \/>\n\t<meta property=\"og:image:width\" content=\"1280\" \/>\n\t<meta property=\"og:image:height\" content=\"1280\" \/>\n\t<meta property=\"og:image:type\" content=\"image\/jpeg\" \/>\n<meta name=\"twitter:card\" content=\"summary_large_image\" \/>\n<meta name=\"twitter:label1\" content=\"Arvioitu lukuaika\" \/>\n\t<meta name=\"twitter:data1\" content=\"2 minuuttia\" \/>\n<script type=\"application\/ld+json\" class=\"yoast-schema-graph\">{\"@context\":\"https:\/\/schema.org\",\"@graph\":[{\"@type\":\"WebPage\",\"@id\":\"https:\/\/idakorea.ee\/product\/puhastav-savimask-medicube-zero-pore-blackhead-mud-mask-100g\/\",\"url\":\"https:\/\/idakorea.ee\/product\/puhastav-savimask-medicube-zero-pore-blackhead-mud-mask-100g\/\",\"name\":\"Puhastav savimask Medicube Zero Pore Blackhead Mud Mask, 100g - IDA.KOREA\",\"isPartOf\":{\"@id\":\"https:\/\/idakorea.ee\/#website\"},\"primaryImageOfPage\":{\"@id\":\"https:\/\/idakorea.ee\/product\/puhastav-savimask-medicube-zero-pore-blackhead-mud-mask-100g\/#primaryimage\"},\"image\":{\"@id\":\"https:\/\/idakorea.ee\/product\/puhastav-savimask-medicube-zero-pore-blackhead-mud-mask-100g\/#primaryimage\"},\"thumbnailUrl\":\"https:\/\/idakorea.ee\/wp-content\/uploads\/2025\/03\/medicube_zero_pore_blackhead_mud_mask_idakorea.jpg\",\"datePublished\":\"2025-03-20T09:08:32+00:00\",\"dateModified\":\"2026-04-11T14:22:19+00:00\",\"breadcrumb\":{\"@id\":\"https:\/\/idakorea.ee\/product\/puhastav-savimask-medicube-zero-pore-blackhead-mud-mask-100g\/#breadcrumb\"},\"inLanguage\":\"fi\",\"potentialAction\":[{\"@type\":\"ReadAction\",\"target\":[\"https:\/\/idakorea.ee\/product\/puhastav-savimask-medicube-zero-pore-blackhead-mud-mask-100g\/\"]}]},{\"@type\":\"ImageObject\",\"inLanguage\":\"fi\",\"@id\":\"https:\/\/idakorea.ee\/product\/puhastav-savimask-medicube-zero-pore-blackhead-mud-mask-100g\/#primaryimage\",\"url\":\"https:\/\/idakorea.ee\/wp-content\/uploads\/2025\/03\/medicube_zero_pore_blackhead_mud_mask_idakorea.jpg\",\"contentUrl\":\"https:\/\/idakorea.ee\/wp-content\/uploads\/2025\/03\/medicube_zero_pore_blackhead_mud_mask_idakorea.jpg\",\"width\":1280,\"height\":1280},{\"@type\":\"BreadcrumbList\",\"@id\":\"https:\/\/idakorea.ee\/product\/puhastav-savimask-medicube-zero-pore-blackhead-mud-mask-100g\/#breadcrumb\",\"itemListElement\":[{\"@type\":\"ListItem\",\"position\":1,\"name\":\"\u0413\u043b\u0430\u0432\u043d\u0430\u044f \u0441\u0442\u0440\u0430\u043d\u0438\u0446\u0430\",\"item\":\"https:\/\/idakorea.ee\/\"},{\"@type\":\"ListItem\",\"position\":2,\"name\":\"Shop\",\"item\":\"https:\/\/idakorea.ee\/shop-2\/\"},{\"@type\":\"ListItem\",\"position\":3,\"name\":\"Puhastav savimask Medicube Zero Pore Blackhead Mud Mask, 100g\"}]},{\"@type\":\"WebSite\",\"@id\":\"https:\/\/idakorea.ee\/#website\",\"url\":\"https:\/\/idakorea.ee\/\",\"name\":\"IDA.KOREA\",\"description\":\"Korea kosmeetika e-pood\",\"publisher\":{\"@id\":\"https:\/\/idakorea.ee\/#organization\"},\"alternateName\":\"Beauty Shop\",\"potentialAction\":[{\"@type\":\"SearchAction\",\"target\":{\"@type\":\"EntryPoint\",\"urlTemplate\":\"https:\/\/idakorea.ee\/?s={search_term_string}\"},\"query-input\":{\"@type\":\"PropertyValueSpecification\",\"valueRequired\":true,\"valueName\":\"search_term_string\"}}],\"inLanguage\":\"fi\"},{\"@type\":\"Organization\",\"@id\":\"https:\/\/idakorea.ee\/#organization\",\"name\":\"IDA.KOREA\",\"url\":\"https:\/\/idakorea.ee\/\",\"logo\":{\"@type\":\"ImageObject\",\"inLanguage\":\"fi\",\"@id\":\"https:\/\/idakorea.ee\/#\/schema\/logo\/image\/\",\"url\":\"https:\/\/idakorea.ee\/wp-content\/uploads\/2024\/05\/cropped-korea3.png\",\"contentUrl\":\"https:\/\/idakorea.ee\/wp-content\/uploads\/2024\/05\/cropped-korea3.png\",\"width\":688,\"height\":126,\"caption\":\"IDA.KOREA\"},\"image\":{\"@id\":\"https:\/\/idakorea.ee\/#\/schema\/logo\/image\/\"},\"sameAs\":[\"https:\/\/www.instagram.com\/ida.korea\/\"]}]}<\/script>\n<!-- \/ Yoast SEO plugin. -->","yoast_head_json":{"title":"Medicube Zero Pore Mustap\u00e4iden mutanaamio, 100g - IDA.KOREA","robots":{"index":"index","follow":"follow","max-snippet":"max-snippet:-1","max-image-preview":"max-image-preview:large","max-video-preview":"max-video-preview:-1"},"canonical":"https:\/\/idakorea.ee\/fi\/product\/puhastav-savimask-medicube-zero-pore-blackhead-mud-mask-100g\/","og_locale":"fi_FI","og_type":"article","og_title":"Puhastav savimask Medicube Zero Pore Blackhead Mud Mask, 100g - IDA.KOREA","og_description":"Medicube Zero Pore Blackhead Mud Mask on s\u00fcgavpuhastav mask, mis aitab avada ummistunud poorid ja tasakaalustada rasueritust. Mask sisaldab AHA-, BHA- ja PHA-happeid, mis \u00f5rnalt koorivad nahka, aidates v\u00e4hendada ebatasasusi ja poore ummistavaid mustuseid. Maski p\u00f5hikomponent on savi, millel on puhastavad ja poore ahendavad omadused. Samuti sisaldab see allantoiini, mis rahustab p\u00f5letikke ja v\u00e4hendab aktiivsete...","og_url":"https:\/\/idakorea.ee\/fi\/product\/puhastav-savimask-medicube-zero-pore-blackhead-mud-mask-100g\/","og_site_name":"IDA.KOREA","article_modified_time":"2026-04-11T14:22:19+00:00","og_image":[{"width":1280,"height":1280,"url":"https:\/\/idakorea.ee\/wp-content\/uploads\/2025\/03\/medicube_zero_pore_blackhead_mud_mask_idakorea.jpg","type":"image\/jpeg"}],"twitter_card":"summary_large_image","twitter_misc":{"Arvioitu lukuaika":"2 minuuttia"},"schema":{"@context":"https:\/\/schema.org","@graph":[{"@type":"WebPage","@id":"https:\/\/idakorea.ee\/product\/puhastav-savimask-medicube-zero-pore-blackhead-mud-mask-100g\/","url":"https:\/\/idakorea.ee\/product\/puhastav-savimask-medicube-zero-pore-blackhead-mud-mask-100g\/","name":"Medicube Zero Pore Mustap\u00e4iden mutanaamio, 100g - IDA.KOREA","isPartOf":{"@id":"https:\/\/idakorea.ee\/#website"},"primaryImageOfPage":{"@id":"https:\/\/idakorea.ee\/product\/puhastav-savimask-medicube-zero-pore-blackhead-mud-mask-100g\/#primaryimage"},"image":{"@id":"https:\/\/idakorea.ee\/product\/puhastav-savimask-medicube-zero-pore-blackhead-mud-mask-100g\/#primaryimage"},"thumbnailUrl":"https:\/\/idakorea.ee\/wp-content\/uploads\/2025\/03\/medicube_zero_pore_blackhead_mud_mask_idakorea.jpg","datePublished":"2025-03-20T09:08:32+00:00","dateModified":"2026-04-11T14:22:19+00:00","breadcrumb":{"@id":"https:\/\/idakorea.ee\/product\/puhastav-savimask-medicube-zero-pore-blackhead-mud-mask-100g\/#breadcrumb"},"inLanguage":"fi","potentialAction":[{"@type":"ReadAction","target":["https:\/\/idakorea.ee\/product\/puhastav-savimask-medicube-zero-pore-blackhead-mud-mask-100g\/"]}]},{"@type":"ImageObject","inLanguage":"fi","@id":"https:\/\/idakorea.ee\/product\/puhastav-savimask-medicube-zero-pore-blackhead-mud-mask-100g\/#primaryimage","url":"https:\/\/idakorea.ee\/wp-content\/uploads\/2025\/03\/medicube_zero_pore_blackhead_mud_mask_idakorea.jpg","contentUrl":"https:\/\/idakorea.ee\/wp-content\/uploads\/2025\/03\/medicube_zero_pore_blackhead_mud_mask_idakorea.jpg","width":1280,"height":1280},{"@type":"BreadcrumbList","@id":"https:\/\/idakorea.ee\/product\/puhastav-savimask-medicube-zero-pore-blackhead-mud-mask-100g\/#breadcrumb","itemListElement":[{"@type":"ListItem","position":1,"name":"\u0413\u043b\u0430\u0432\u043d\u0430\u044f \u0441\u0442\u0440\u0430\u043d\u0438\u0446\u0430","item":"https:\/\/idakorea.ee\/"},{"@type":"ListItem","position":2,"name":"Shop","item":"https:\/\/idakorea.ee\/shop-2\/"},{"@type":"ListItem","position":3,"name":"Puhastav savimask Medicube Zero Pore Blackhead Mud Mask, 100g"}]},{"@type":"WebSite","@id":"https:\/\/idakorea.ee\/#website","url":"https:\/\/idakorea.ee\/","name":"IDA.KOREA","description":"Korean kosmetiikan verkkokauppa","publisher":{"@id":"https:\/\/idakorea.ee\/#organization"},"alternateName":"Beauty Shop","potentialAction":[{"@type":"SearchAction","target":{"@type":"EntryPoint","urlTemplate":"https:\/\/idakorea.ee\/?s={search_term_string}"},"query-input":{"@type":"PropertyValueSpecification","valueRequired":true,"valueName":"search_term_string"}}],"inLanguage":"fi"},{"@type":"Organization","@id":"https:\/\/idakorea.ee\/#organization","name":"IDA.KOREA","url":"https:\/\/idakorea.ee\/","logo":{"@type":"ImageObject","inLanguage":"fi","@id":"https:\/\/idakorea.ee\/#\/schema\/logo\/image\/","url":"https:\/\/idakorea.ee\/wp-content\/uploads\/2024\/05\/cropped-korea3.png","contentUrl":"https:\/\/idakorea.ee\/wp-content\/uploads\/2024\/05\/cropped-korea3.png","width":688,"height":126,"caption":"IDA.KOREA"},"image":{"@id":"https:\/\/idakorea.ee\/#\/schema\/logo\/image\/"},"sameAs":["https:\/\/www.instagram.com\/ida.korea\/"]}]}},"jetpack_sharing_enabled":true,"brands":[{"id":490,"name":"MEDICUBE","slug":"medicube"}],"_links":{"self":[{"href":"https:\/\/idakorea.ee\/fi\/wp-json\/wp\/v2\/product\/13224","targetHints":{"allow":["GET"]}}],"collection":[{"href":"https:\/\/idakorea.ee\/fi\/wp-json\/wp\/v2\/product"}],"about":[{"href":"https:\/\/idakorea.ee\/fi\/wp-json\/wp\/v2\/types\/product"}],"replies":[{"embeddable":true,"href":"https:\/\/idakorea.ee\/fi\/wp-json\/wp\/v2\/comments?post=13224"}],"version-history":[{"count":1,"href":"https:\/\/idakorea.ee\/fi\/wp-json\/wp\/v2\/product\/13224\/revisions"}],"predecessor-version":[{"id":13229,"href":"https:\/\/idakorea.ee\/fi\/wp-json\/wp\/v2\/product\/13224\/revisions\/13229"}],"wp:featuredmedia":[{"embeddable":true,"href":"https:\/\/idakorea.ee\/fi\/wp-json\/wp\/v2\/media\/13225"}],"wp:attachment":[{"href":"https:\/\/idakorea.ee\/fi\/wp-json\/wp\/v2\/media?parent=13224"}],"wp:term":[{"taxonomy":"pwb-brand","embeddable":true,"href":"https:\/\/idakorea.ee\/fi\/wp-json\/wp\/v2\/pwb-brand?post=13224"},{"taxonomy":"product_brand","embeddable":true,"href":"https:\/\/idakorea.ee\/fi\/wp-json\/wp\/v2\/product_brand?post=13224"},{"taxonomy":"product_cat","embeddable":true,"href":"https:\/\/idakorea.ee\/fi\/wp-json\/wp\/v2\/product_cat?post=13224"},{"taxonomy":"product_tag","embeddable":true,"href":"https:\/\/idakorea.ee\/fi\/wp-json\/wp\/v2\/product_tag?post=13224"}],"curies":[{"name":"wp","href":"https:\/\/api.w.org\/{rel}","templated":true}]}}